{"id":38228,"date":"2017-06-13T17:18:08","date_gmt":"2017-06-13T14:18:08","guid":{"rendered":"https:\/\/sanatate.md\/?page_id=38228\/"},"modified":"2018-10-18T15:43:28","modified_gmt":"2018-10-18T12:43:28","slug":"boli-alergice","status":"publish","type":"page","link":"https:\/\/sanatate.md\/ro\/boli-si-tratament\/boli-alergice\/","title":{"rendered":"Boli alergice"},"content":{"rendered":"<p><a href=\"https:\/\/sanatate.md\/ro\/boli-si-tratament\/boli-alergice\/alergia-alimentara\/\">Alergia alimentar\u0103<\/a><br \/>\n<a href=\"https:\/\/sanatate.md\/ro\/boli-si-tratament\/boli-alergice\/alergia-respiratorie\/\">Alergia respiratorie<\/a><br \/>\nAlergoza respiratorie<br \/>\nAlimentele alergice<br \/>\n<a href=\"https:\/\/sanatate.md\/ro\/boli-si-tratament\/boli-alergice\/alveolita-alergica\/\">Alveolita alergic\u0103<\/a><br \/>\nAstm bron\u0219ic<br \/>\nBoala polen<br \/>\nCataracta de prim\u0103var\u0103 (conjunctivita de prim\u0103var\u0103)<br \/>\nConjunctivita alergic\u0103<br \/>\nDermatita<br \/>\nDermatita alergic\u0103<br \/>\n<a href=\"https:\/\/sanatate.md\/ro\/boli-si-tratament\/boli-alergice\/conjunctivita-alergica\/\">Dermatita atopica<\/a><br \/>\nEdema Quincke<br \/>\n<a href=\"https:\/\/sanatate.md\/ro\/boli-si-tratament\/boli-alergice\/polinoza\/\">Polinoza<\/a><br \/>\nRinita alergic\u0103<br \/>\n<a href=\"https:\/\/sanatate.md\/ro\/boli-si-tratament\/boli-alergice\/socul-anafilactic\/\">\u0218ocul anafilactic<\/a><br \/>\nUrticarie<\/p>\n","protected":false},"excerpt":{"rendered":"<p>Alergia alimentar\u0103 Alergia respiratorie Alergoza respiratorie Alimentele alergice Alveolita alergic\u0103 Astm bron\u0219ic Boala polen Cataracta de prim\u0103var\u0103 (conjunctivita de prim\u0103var\u0103) Conjunctivita alergic\u0103 Dermatita Dermatita alergic\u0103 Dermatita atopica Edema Quincke Polinoza Rinita alergic\u0103 \u0218ocul anafilactic Urticarie<\/p>\n","protected":false},"author":1,"featured_media":0,"parent":38214,"menu_order":1,"comment_status":"closed","ping_status":"closed","template":"","meta":{"inline_featured_image":false,"footnotes":""},"class_list":["post-38228","page","type-page","status-publish"],"yoast_head":"<!-- This site is optimized with the Yoast SEO plugin v27.3 - https:\/\/yoast.com\/product\/yoast-seo-wordpress\/ -->\n<title>Boli alergice | Sanatate.md<\/title>\n<meta name=\"robots\" content=\"index, follow, max-snippet:-1, max-image-preview:large, max-video-preview:-1\" \/>\n<link rel=\"canonical\" href=\"https:\/\/sanatate.md\/ro\/boli-si-tratament\/boli-alergice\/\" \/>\n<meta property=\"og:locale\" content=\"ro_RO\" \/>\n<meta property=\"og:type\" content=\"article\" \/>\n<meta property=\"og:title\" content=\"Boli alergice | Sanatate.md\" \/>\n<meta property=\"og:description\" content=\"Alergia alimentar\u0103 Alergia respiratorie Alergoza respiratorie Alimentele alergice Alveolita alergic\u0103 Astm bron\u0219ic Boala polen Cataracta de prim\u0103var\u0103 (conjunctivita de prim\u0103var\u0103) Conjunctivita alergic\u0103 Dermatita Dermatita alergic\u0103 Dermatita atopica Edema Quincke Polinoza Rinita alergic\u0103 \u0218ocul anafilactic Urticarie\" \/>\n<meta property=\"og:url\" content=\"https:\/\/sanatate.md\/ro\/boli-si-tratament\/boli-alergice\/\" \/>\n<meta property=\"og:site_name\" content=\"Sanatate.md\" \/>\n<meta property=\"article:modified_time\" content=\"2018-10-18T12:43:28+00:00\" \/>\n<meta name=\"twitter:card\" content=\"summary_large_image\" \/>\n<script type=\"application\/ld+json\" class=\"yoast-schema-graph\">{\"@context\":\"https:\\\/\\\/schema.org\",\"@graph\":[{\"@type\":\"WebPage\",\"@id\":\"https:\\\/\\\/sanatate.md\\\/ro\\\/boli-si-tratament\\\/boli-alergice\\\/\",\"url\":\"https:\\\/\\\/sanatate.md\\\/ro\\\/boli-si-tratament\\\/boli-alergice\\\/\",\"name\":\"Boli alergice | Sanatate.md\",\"isPartOf\":{\"@id\":\"https:\\\/\\\/sanatate.md\\\/ro\\\/#website\"},\"datePublished\":\"2017-06-13T14:18:08+00:00\",\"dateModified\":\"2018-10-18T12:43:28+00:00\",\"breadcrumb\":{\"@id\":\"https:\\\/\\\/sanatate.md\\\/ro\\\/boli-si-tratament\\\/boli-alergice\\\/#breadcrumb\"},\"inLanguage\":\"ro-RO\",\"potentialAction\":[{\"@type\":\"ReadAction\",\"target\":[\"https:\\\/\\\/sanatate.md\\\/ro\\\/boli-si-tratament\\\/boli-alergice\\\/\"]}]},{\"@type\":\"BreadcrumbList\",\"@id\":\"https:\\\/\\\/sanatate.md\\\/ro\\\/boli-si-tratament\\\/boli-alergice\\\/#breadcrumb\",\"itemListElement\":[{\"@type\":\"ListItem\",\"position\":1,\"name\":\"\u0413\u043b\u0430\u0432\u043d\u0430\u044f \u0441\u0442\u0440\u0430\u043d\u0438\u0446\u0430\",\"item\":\"https:\\\/\\\/sanatate.md\\\/ro\\\/\"},{\"@type\":\"ListItem\",\"position\":2,\"name\":\"Boli si tratament\",\"item\":\"https:\\\/\\\/sanatate.md\\\/ro\\\/boli-si-tratament\\\/\"},{\"@type\":\"ListItem\",\"position\":3,\"name\":\"Boli alergice\"}]},{\"@type\":\"WebSite\",\"@id\":\"https:\\\/\\\/sanatate.md\\\/ro\\\/#website\",\"url\":\"https:\\\/\\\/sanatate.md\\\/ro\\\/\",\"name\":\"Sanatate.md\",\"description\":\"\u0416\u0443\u0440\u043d\u0430\u043b \u0434\u043b\u044f \u0432\u0441\u0435\u0439 \u0441\u0435\u043c\u044c\u0438 \u0432 \u041c\u043e\u043b\u0434\u043e\u0432\u0435\",\"publisher\":{\"@id\":\"https:\\\/\\\/sanatate.md\\\/ro\\\/#organization\"},\"potentialAction\":[{\"@type\":\"SearchAction\",\"target\":{\"@type\":\"EntryPoint\",\"urlTemplate\":\"https:\\\/\\\/sanatate.md\\\/ro\\\/?s={search_term_string}\"},\"query-input\":{\"@type\":\"PropertyValueSpecification\",\"valueRequired\":true,\"valueName\":\"search_term_string\"}}],\"inLanguage\":\"ro-RO\"},{\"@type\":\"Organization\",\"@id\":\"https:\\\/\\\/sanatate.md\\\/ro\\\/#organization\",\"name\":\"SANATATE\",\"url\":\"https:\\\/\\\/sanatate.md\\\/ro\\\/\",\"logo\":{\"@type\":\"ImageObject\",\"inLanguage\":\"ro-RO\",\"@id\":\"https:\\\/\\\/sanatate.md\\\/ro\\\/#\\\/schema\\\/logo\\\/image\\\/\",\"url\":\"https:\\\/\\\/sanatate.md\\\/wp-content\\\/uploads\\\/2022\\\/01\\\/sanatate-logo.svg\",\"contentUrl\":\"https:\\\/\\\/sanatate.md\\\/wp-content\\\/uploads\\\/2022\\\/01\\\/sanatate-logo.svg\",\"width\":\"1024\",\"height\":\"1024\",\"caption\":\"SANATATE\"},\"image\":{\"@id\":\"https:\\\/\\\/sanatate.md\\\/ro\\\/#\\\/schema\\\/logo\\\/image\\\/\"}}]}<\/script>\n<!-- \/ Yoast SEO plugin. -->","yoast_head_json":{"title":"Boli alergice | Sanatate.md","robots":{"index":"index","follow":"follow","max-snippet":"max-snippet:-1","max-image-preview":"max-image-preview:large","max-video-preview":"max-video-preview:-1"},"canonical":"https:\/\/sanatate.md\/ro\/boli-si-tratament\/boli-alergice\/","og_locale":"ro_RO","og_type":"article","og_title":"Boli alergice | Sanatate.md","og_description":"Alergia alimentar\u0103 Alergia respiratorie Alergoza respiratorie Alimentele alergice Alveolita alergic\u0103 Astm bron\u0219ic Boala polen Cataracta de prim\u0103var\u0103 (conjunctivita de prim\u0103var\u0103) Conjunctivita alergic\u0103 Dermatita Dermatita alergic\u0103 Dermatita atopica Edema Quincke Polinoza Rinita alergic\u0103 \u0218ocul anafilactic Urticarie","og_url":"https:\/\/sanatate.md\/ro\/boli-si-tratament\/boli-alergice\/","og_site_name":"Sanatate.md","article_modified_time":"2018-10-18T12:43:28+00:00","twitter_card":"summary_large_image","schema":{"@context":"https:\/\/schema.org","@graph":[{"@type":"WebPage","@id":"https:\/\/sanatate.md\/ro\/boli-si-tratament\/boli-alergice\/","url":"https:\/\/sanatate.md\/ro\/boli-si-tratament\/boli-alergice\/","name":"Boli alergice | Sanatate.md","isPartOf":{"@id":"https:\/\/sanatate.md\/ro\/#website"},"datePublished":"2017-06-13T14:18:08+00:00","dateModified":"2018-10-18T12:43:28+00:00","breadcrumb":{"@id":"https:\/\/sanatate.md\/ro\/boli-si-tratament\/boli-alergice\/#breadcrumb"},"inLanguage":"ro-RO","potentialAction":[{"@type":"ReadAction","target":["https:\/\/sanatate.md\/ro\/boli-si-tratament\/boli-alergice\/"]}]},{"@type":"BreadcrumbList","@id":"https:\/\/sanatate.md\/ro\/boli-si-tratament\/boli-alergice\/#breadcrumb","itemListElement":[{"@type":"ListItem","position":1,"name":"\u0413\u043b\u0430\u0432\u043d\u0430\u044f \u0441\u0442\u0440\u0430\u043d\u0438\u0446\u0430","item":"https:\/\/sanatate.md\/ro\/"},{"@type":"ListItem","position":2,"name":"Boli si tratament","item":"https:\/\/sanatate.md\/ro\/boli-si-tratament\/"},{"@type":"ListItem","position":3,"name":"Boli alergice"}]},{"@type":"WebSite","@id":"https:\/\/sanatate.md\/ro\/#website","url":"https:\/\/sanatate.md\/ro\/","name":"Sanatate.md","description":"\u0416\u0443\u0440\u043d\u0430\u043b \u0434\u043b\u044f \u0432\u0441\u0435\u0439 \u0441\u0435\u043c\u044c\u0438 \u0432 \u041c\u043e\u043b\u0434\u043e\u0432\u0435","publisher":{"@id":"https:\/\/sanatate.md\/ro\/#organization"},"potentialAction":[{"@type":"SearchAction","target":{"@type":"EntryPoint","urlTemplate":"https:\/\/sanatate.md\/ro\/?s={search_term_string}"},"query-input":{"@type":"PropertyValueSpecification","valueRequired":true,"valueName":"search_term_string"}}],"inLanguage":"ro-RO"},{"@type":"Organization","@id":"https:\/\/sanatate.md\/ro\/#organization","name":"SANATATE","url":"https:\/\/sanatate.md\/ro\/","logo":{"@type":"ImageObject","inLanguage":"ro-RO","@id":"https:\/\/sanatate.md\/ro\/#\/schema\/logo\/image\/","url":"https:\/\/sanatate.md\/wp-content\/uploads\/2022\/01\/sanatate-logo.svg","contentUrl":"https:\/\/sanatate.md\/wp-content\/uploads\/2022\/01\/sanatate-logo.svg","width":"1024","height":"1024","caption":"SANATATE"},"image":{"@id":"https:\/\/sanatate.md\/ro\/#\/schema\/logo\/image\/"}}]}},"_links":{"self":[{"href":"https:\/\/sanatate.md\/ro\/wp-json\/wp\/v2\/pages\/38228","targetHints":{"allow":["GET"]}}],"collection":[{"href":"https:\/\/sanatate.md\/ro\/wp-json\/wp\/v2\/pages"}],"about":[{"href":"https:\/\/sanatate.md\/ro\/wp-json\/wp\/v2\/types\/page"}],"author":[{"embeddable":true,"href":"https:\/\/sanatate.md\/ro\/wp-json\/wp\/v2\/users\/1"}],"replies":[{"embeddable":true,"href":"https:\/\/sanatate.md\/ro\/wp-json\/wp\/v2\/comments?post=38228"}],"version-history":[{"count":0,"href":"https:\/\/sanatate.md\/ro\/wp-json\/wp\/v2\/pages\/38228\/revisions"}],"up":[{"embeddable":true,"href":"https:\/\/sanatate.md\/ro\/wp-json\/wp\/v2\/pages\/38214"}],"wp:attachment":[{"href":"https:\/\/sanatate.md\/ro\/wp-json\/wp\/v2\/media?parent=38228"}],"curies":[{"name":"wp","href":"https:\/\/api.w.org\/{rel}","templated":true}]}}