{"id":38235,"date":"2017-06-13T17:23:28","date_gmt":"2017-06-13T14:23:28","guid":{"rendered":"https:\/\/sanatate.md\/?page_id=38235\/"},"modified":"2020-03-25T12:19:39","modified_gmt":"2020-03-25T09:19:39","slug":"boli-ale-femeilor","status":"publish","type":"page","link":"https:\/\/sanatate.md\/ro\/boli-si-tratament\/boli-ale-femeilor\/","title":{"rendered":"Boli ale femeilor"},"content":{"rendered":"<p>Activitatea excesiv\u0103 \u00een timpul na\u015fterii<br \/>\nAderen\u021be \u00een trompele uterine<br \/>\nAfec\u021biune tirofoblastic\u0103<br \/>\nAlgodismenoreea<br \/>\nAmenoreea (absen\u021ba menstrua\u021biei)<br \/>\n<a href=\"https:\/\/sanatate.md\/ro\/boli-si-tratament\/boli-ale-femeilor\/anomalii-ale-sistemului-reproductiv\/\">Anomalii ale sistemului reproductiv<\/a><br \/>\nAnovula\u0163ia<br \/>\nApoplexia ovarian\u0103<br \/>\nAnexita (boala inflamatorie pelvian\u0103)<br \/>\n<a href=\"https:\/\/sanatate.md\/ro\/boli-si-tratament\/boli-ale-femeilor\/avortul-intreruperea-sarcinii\/\">Avortul (\u00eentreruperea sarcinii)<\/a><br \/>\nAvortul infectat<br \/>\nAvortul spontan<br \/>\nBartolinita<br \/>\nBartolinita gonoreei<br \/>\nCandidoza<br \/>\n<a href=\"https:\/\/sanatate.md\/ro\/boli-si-tratament\/boli-ale-femeilor\/uterul-cub-forma-de-sa\/\">Uterul cub form\u0103 de \u0219a<\/a><br \/>\nCervicita<br \/>\nChistul dermoid<br \/>\nChistul ovarian<br \/>\nChistul vaginului<br \/>\nChorioangiomul placentei<br \/>\nClaurisul (boala precanceroas\u0103 ) a vulvei<br \/>\nColpit\u0103, vaginit\u0103, vaginoz\u0103<br \/>\nDepresia postpartum<br \/>\nDisbacterioza vaginului (vaginita bacterian\u0103)<br \/>\nDismenoree<br \/>\nDisplazia colului uterin, a vaginului<br \/>\nEclampsie<br \/>\nEctopia cervical\u0103<br \/>\nElimin\u0103ri<br \/>\nEndocervicita<br \/>\nEndometrita<br \/>\nEndometrioza<br \/>\nEroziunea cervical\u0103<br \/>\nFebra puerperal\u0103<br \/>\nFibromul (leiomiom)<br \/>\nHidrosalpinx<br \/>\nHidropizia gravidelor<br \/>\nHiperplazia endometrial\u0103<br \/>\nHipertensiunea uterului<br \/>\nInfertilitate<br \/>\nInfertilitatea feminin\u0103<br \/>\nLeucoplazia vulvei, colului uterin<br \/>\nLeziuni la organele genitale feminine<br \/>\nMastopatia<br \/>\n<a href=\"https:\/\/sanatate.md\/ro\/boli-si-tratament\/boli-ale-femeilor\/menopauza\/\">Menopauza<\/a><br \/>\nMenstrua\u021bia abundent\u0103 (menoragia)<br \/>\nMetrita<br \/>\nMiomul uterului<br \/>\nNa\u015ftere discoordinat\u0103<br \/>\nNa\u0219terea prematur\u0103<br \/>\nNefropatia gravidelor<br \/>\nNegii (papile) vaginului<br \/>\nObstruc\u021bia tuburilor uterine<br \/>\nOmisiunea organelor pelvine<br \/>\nOmisiunea uterului \u0219i a vaginului<br \/>\nOmisiunea vaginului<br \/>\nOoforita<br \/>\nOvarianul polichistic<br \/>\n<a href=\"https:\/\/sanatate.md\/ro\/boli-si-tratament\/boli-ale-femeilor\/ovaricovaricocela\/\">Ovaricovaricocela<\/a><br \/>\nParametrita<br \/>\nPatologia perioadei preliminare<br \/>\nParti\u021bia intrauterin\u0103<br \/>\nPiosalpinx<br \/>\nPolihidramnios<br \/>\nPolipi ai canalului cervical<br \/>\nPolipi de col uterin<br \/>\nPolipi endometriali<br \/>\nPreeclampsie<br \/>\nPsihoz\u0103 postpartum<br \/>\nRuptura uterin\u0103<br \/>\nSadie uter<br \/>\nSalpingita<br \/>\nSarcina cervical\u0103<br \/>\nSarcina fals\u0103 (imaginar\u0103)<br \/>\nSarcina ectopic\u0103 (extrauterina)<br \/>\nSarcina trecut\u0103 de termen<br \/>\nS\u00e2ngerarea uterin\u0103 (metroragia)<br \/>\nSl\u0103biciunea<br \/>\nSindrom viral<br \/>\nSindromul premenstrual (PMS)<br \/>\nSindromul Shihan<br \/>\nSindromul \u0219ocului toxic (TSS)<br \/>\nSinechia uterin\u0103<br \/>\nSinechiile intrauterine<br \/>\nToxicoza femeilor \u00eens\u0103rcinate<br \/>\nTuberculoza organelor genitale feminine \u00een timpul na\u015fterii<br \/>\nTulbur\u0103ri ale func\u021biei menstruale<br \/>\nTumorile anexelor uterine<br \/>\n<a href=\"https:\/\/sanatate.md\/ro\/boli-si-tratament\/boli-ale-femeilor\/uterul-cub-forma-de-sa\/\">Uterul cub form\u0103 de \u0219a<\/a><br \/>\nUterul dublu<br \/>\nVaginita<br \/>\nVirilizare<br \/>\nVoma \u0219i grea\u021ba \u00een timpul sarcinii<br \/>\nVulvita<br \/>\nVulvovaginita candidomicotic\u0103<br \/>\nVulvovaginitis<\/p>\n","protected":false},"excerpt":{"rendered":"<p>Activitatea excesiv\u0103 \u00een timpul na\u015fterii Aderen\u021be \u00een trompele uterine Afec\u021biune tirofoblastic\u0103 Algodismenoreea Amenoreea (absen\u021ba menstrua\u021biei) Anomalii ale sistemului reproductiv Anovula\u0163ia Apoplexia ovarian\u0103 Anexita (boala inflamatorie pelvian\u0103) Avortul (\u00eentreruperea sarcinii) Avortul infectat Avortul spontan Bartolinita Bartolinita gonoreei Candidoza Uterul cub form\u0103 de \u0219a Cervicita Chistul dermoid Chistul ovarian Chistul vaginului Chorioangiomul placentei Claurisul (boala precanceroas\u0103 ) [&hellip;]<\/p>\n","protected":false},"author":1,"featured_media":0,"parent":38214,"menu_order":2,"comment_status":"closed","ping_status":"closed","template":"","meta":{"inline_featured_image":false,"footnotes":""},"class_list":["post-38235","page","type-page","status-publish"],"yoast_head":"<!-- This site is optimized with the Yoast SEO plugin v27.3 - https:\/\/yoast.com\/product\/yoast-seo-wordpress\/ -->\n<title>Boli ale femeilor | Sanatate.md<\/title>\n<meta name=\"robots\" content=\"index, follow, max-snippet:-1, max-image-preview:large, max-video-preview:-1\" \/>\n<link rel=\"canonical\" href=\"https:\/\/sanatate.md\/ro\/boli-si-tratament\/boli-ale-femeilor\/\" \/>\n<meta property=\"og:locale\" content=\"ro_RO\" \/>\n<meta property=\"og:type\" content=\"article\" \/>\n<meta property=\"og:title\" content=\"Boli ale femeilor | Sanatate.md\" \/>\n<meta property=\"og:description\" content=\"Activitatea excesiv\u0103 \u00een timpul na\u015fterii Aderen\u021be \u00een trompele uterine Afec\u021biune tirofoblastic\u0103 Algodismenoreea Amenoreea (absen\u021ba menstrua\u021biei) Anomalii ale sistemului reproductiv Anovula\u0163ia Apoplexia ovarian\u0103 Anexita (boala inflamatorie pelvian\u0103) Avortul (\u00eentreruperea sarcinii) Avortul infectat Avortul spontan Bartolinita Bartolinita gonoreei Candidoza Uterul cub form\u0103 de \u0219a Cervicita Chistul dermoid Chistul ovarian Chistul vaginului Chorioangiomul placentei Claurisul (boala precanceroas\u0103 ) [&hellip;]\" \/>\n<meta property=\"og:url\" content=\"https:\/\/sanatate.md\/ro\/boli-si-tratament\/boli-ale-femeilor\/\" \/>\n<meta property=\"og:site_name\" content=\"Sanatate.md\" \/>\n<meta property=\"article:modified_time\" content=\"2020-03-25T09:19:39+00:00\" \/>\n<meta name=\"twitter:card\" content=\"summary_large_image\" \/>\n<meta name=\"twitter:label1\" content=\"Timp estimat pentru citire\" \/>\n\t<meta name=\"twitter:data1\" content=\"1 minut\" \/>\n<script type=\"application\/ld+json\" class=\"yoast-schema-graph\">{\"@context\":\"https:\\\/\\\/schema.org\",\"@graph\":[{\"@type\":\"WebPage\",\"@id\":\"https:\\\/\\\/sanatate.md\\\/ro\\\/boli-si-tratament\\\/boli-ale-femeilor\\\/\",\"url\":\"https:\\\/\\\/sanatate.md\\\/ro\\\/boli-si-tratament\\\/boli-ale-femeilor\\\/\",\"name\":\"Boli ale femeilor | Sanatate.md\",\"isPartOf\":{\"@id\":\"https:\\\/\\\/sanatate.md\\\/ro\\\/#website\"},\"datePublished\":\"2017-06-13T14:23:28+00:00\",\"dateModified\":\"2020-03-25T09:19:39+00:00\",\"breadcrumb\":{\"@id\":\"https:\\\/\\\/sanatate.md\\\/ro\\\/boli-si-tratament\\\/boli-ale-femeilor\\\/#breadcrumb\"},\"inLanguage\":\"ro-RO\",\"potentialAction\":[{\"@type\":\"ReadAction\",\"target\":[\"https:\\\/\\\/sanatate.md\\\/ro\\\/boli-si-tratament\\\/boli-ale-femeilor\\\/\"]}]},{\"@type\":\"BreadcrumbList\",\"@id\":\"https:\\\/\\\/sanatate.md\\\/ro\\\/boli-si-tratament\\\/boli-ale-femeilor\\\/#breadcrumb\",\"itemListElement\":[{\"@type\":\"ListItem\",\"position\":1,\"name\":\"\u0413\u043b\u0430\u0432\u043d\u0430\u044f \u0441\u0442\u0440\u0430\u043d\u0438\u0446\u0430\",\"item\":\"https:\\\/\\\/sanatate.md\\\/ro\\\/\"},{\"@type\":\"ListItem\",\"position\":2,\"name\":\"Boli si tratament\",\"item\":\"https:\\\/\\\/sanatate.md\\\/ro\\\/boli-si-tratament\\\/\"},{\"@type\":\"ListItem\",\"position\":3,\"name\":\"Boli ale femeilor\"}]},{\"@type\":\"WebSite\",\"@id\":\"https:\\\/\\\/sanatate.md\\\/ro\\\/#website\",\"url\":\"https:\\\/\\\/sanatate.md\\\/ro\\\/\",\"name\":\"Sanatate.md\",\"description\":\"\u0416\u0443\u0440\u043d\u0430\u043b \u0434\u043b\u044f \u0432\u0441\u0435\u0439 \u0441\u0435\u043c\u044c\u0438 \u0432 \u041c\u043e\u043b\u0434\u043e\u0432\u0435\",\"publisher\":{\"@id\":\"https:\\\/\\\/sanatate.md\\\/ro\\\/#organization\"},\"potentialAction\":[{\"@type\":\"SearchAction\",\"target\":{\"@type\":\"EntryPoint\",\"urlTemplate\":\"https:\\\/\\\/sanatate.md\\\/ro\\\/?s={search_term_string}\"},\"query-input\":{\"@type\":\"PropertyValueSpecification\",\"valueRequired\":true,\"valueName\":\"search_term_string\"}}],\"inLanguage\":\"ro-RO\"},{\"@type\":\"Organization\",\"@id\":\"https:\\\/\\\/sanatate.md\\\/ro\\\/#organization\",\"name\":\"SANATATE\",\"url\":\"https:\\\/\\\/sanatate.md\\\/ro\\\/\",\"logo\":{\"@type\":\"ImageObject\",\"inLanguage\":\"ro-RO\",\"@id\":\"https:\\\/\\\/sanatate.md\\\/ro\\\/#\\\/schema\\\/logo\\\/image\\\/\",\"url\":\"https:\\\/\\\/sanatate.md\\\/wp-content\\\/uploads\\\/2022\\\/01\\\/sanatate-logo.svg\",\"contentUrl\":\"https:\\\/\\\/sanatate.md\\\/wp-content\\\/uploads\\\/2022\\\/01\\\/sanatate-logo.svg\",\"width\":\"1024\",\"height\":\"1024\",\"caption\":\"SANATATE\"},\"image\":{\"@id\":\"https:\\\/\\\/sanatate.md\\\/ro\\\/#\\\/schema\\\/logo\\\/image\\\/\"}}]}<\/script>\n<!-- \/ Yoast SEO plugin. -->","yoast_head_json":{"title":"Boli ale femeilor | Sanatate.md","robots":{"index":"index","follow":"follow","max-snippet":"max-snippet:-1","max-image-preview":"max-image-preview:large","max-video-preview":"max-video-preview:-1"},"canonical":"https:\/\/sanatate.md\/ro\/boli-si-tratament\/boli-ale-femeilor\/","og_locale":"ro_RO","og_type":"article","og_title":"Boli ale femeilor | Sanatate.md","og_description":"Activitatea excesiv\u0103 \u00een timpul na\u015fterii Aderen\u021be \u00een trompele uterine Afec\u021biune tirofoblastic\u0103 Algodismenoreea Amenoreea (absen\u021ba menstrua\u021biei) Anomalii ale sistemului reproductiv Anovula\u0163ia Apoplexia ovarian\u0103 Anexita (boala inflamatorie pelvian\u0103) Avortul (\u00eentreruperea sarcinii) Avortul infectat Avortul spontan Bartolinita Bartolinita gonoreei Candidoza Uterul cub form\u0103 de \u0219a Cervicita Chistul dermoid Chistul ovarian Chistul vaginului Chorioangiomul placentei Claurisul (boala precanceroas\u0103 ) [&hellip;]","og_url":"https:\/\/sanatate.md\/ro\/boli-si-tratament\/boli-ale-femeilor\/","og_site_name":"Sanatate.md","article_modified_time":"2020-03-25T09:19:39+00:00","twitter_card":"summary_large_image","twitter_misc":{"Timp estimat pentru citire":"1 minut"},"schema":{"@context":"https:\/\/schema.org","@graph":[{"@type":"WebPage","@id":"https:\/\/sanatate.md\/ro\/boli-si-tratament\/boli-ale-femeilor\/","url":"https:\/\/sanatate.md\/ro\/boli-si-tratament\/boli-ale-femeilor\/","name":"Boli ale femeilor | Sanatate.md","isPartOf":{"@id":"https:\/\/sanatate.md\/ro\/#website"},"datePublished":"2017-06-13T14:23:28+00:00","dateModified":"2020-03-25T09:19:39+00:00","breadcrumb":{"@id":"https:\/\/sanatate.md\/ro\/boli-si-tratament\/boli-ale-femeilor\/#breadcrumb"},"inLanguage":"ro-RO","potentialAction":[{"@type":"ReadAction","target":["https:\/\/sanatate.md\/ro\/boli-si-tratament\/boli-ale-femeilor\/"]}]},{"@type":"BreadcrumbList","@id":"https:\/\/sanatate.md\/ro\/boli-si-tratament\/boli-ale-femeilor\/#breadcrumb","itemListElement":[{"@type":"ListItem","position":1,"name":"\u0413\u043b\u0430\u0432\u043d\u0430\u044f \u0441\u0442\u0440\u0430\u043d\u0438\u0446\u0430","item":"https:\/\/sanatate.md\/ro\/"},{"@type":"ListItem","position":2,"name":"Boli si tratament","item":"https:\/\/sanatate.md\/ro\/boli-si-tratament\/"},{"@type":"ListItem","position":3,"name":"Boli ale femeilor"}]},{"@type":"WebSite","@id":"https:\/\/sanatate.md\/ro\/#website","url":"https:\/\/sanatate.md\/ro\/","name":"Sanatate.md","description":"\u0416\u0443\u0440\u043d\u0430\u043b \u0434\u043b\u044f \u0432\u0441\u0435\u0439 \u0441\u0435\u043c\u044c\u0438 \u0432 \u041c\u043e\u043b\u0434\u043e\u0432\u0435","publisher":{"@id":"https:\/\/sanatate.md\/ro\/#organization"},"potentialAction":[{"@type":"SearchAction","target":{"@type":"EntryPoint","urlTemplate":"https:\/\/sanatate.md\/ro\/?s={search_term_string}"},"query-input":{"@type":"PropertyValueSpecification","valueRequired":true,"valueName":"search_term_string"}}],"inLanguage":"ro-RO"},{"@type":"Organization","@id":"https:\/\/sanatate.md\/ro\/#organization","name":"SANATATE","url":"https:\/\/sanatate.md\/ro\/","logo":{"@type":"ImageObject","inLanguage":"ro-RO","@id":"https:\/\/sanatate.md\/ro\/#\/schema\/logo\/image\/","url":"https:\/\/sanatate.md\/wp-content\/uploads\/2022\/01\/sanatate-logo.svg","contentUrl":"https:\/\/sanatate.md\/wp-content\/uploads\/2022\/01\/sanatate-logo.svg","width":"1024","height":"1024","caption":"SANATATE"},"image":{"@id":"https:\/\/sanatate.md\/ro\/#\/schema\/logo\/image\/"}}]}},"_links":{"self":[{"href":"https:\/\/sanatate.md\/ro\/wp-json\/wp\/v2\/pages\/38235","targetHints":{"allow":["GET"]}}],"collection":[{"href":"https:\/\/sanatate.md\/ro\/wp-json\/wp\/v2\/pages"}],"about":[{"href":"https:\/\/sanatate.md\/ro\/wp-json\/wp\/v2\/types\/page"}],"author":[{"embeddable":true,"href":"https:\/\/sanatate.md\/ro\/wp-json\/wp\/v2\/users\/1"}],"replies":[{"embeddable":true,"href":"https:\/\/sanatate.md\/ro\/wp-json\/wp\/v2\/comments?post=38235"}],"version-history":[{"count":0,"href":"https:\/\/sanatate.md\/ro\/wp-json\/wp\/v2\/pages\/38235\/revisions"}],"up":[{"embeddable":true,"href":"https:\/\/sanatate.md\/ro\/wp-json\/wp\/v2\/pages\/38214"}],"wp:attachment":[{"href":"https:\/\/sanatate.md\/ro\/wp-json\/wp\/v2\/media?parent=38235"}],"curies":[{"name":"wp","href":"https:\/\/api.w.org\/{rel}","templated":true}]}}