{"id":38239,"date":"2017-06-13T17:48:36","date_gmt":"2017-06-13T14:48:36","guid":{"rendered":"https:\/\/sanatate.md\/?page_id=38239\/"},"modified":"2018-10-18T16:53:03","modified_gmt":"2018-10-18T13:53:03","slug":"boli-de-piele","status":"publish","type":"page","link":"https:\/\/sanatate.md\/ro\/boli-si-tratament\/boli-de-piele\/","title":{"rendered":"Boli de piele"},"content":{"rendered":"<p>Acneea<br \/>\nAfec\u021biuni fungice (infec\u021bii fungice)<br \/>\nAlopecia (chelia)<br \/>\nAluni\u0163ele (nevii nevocelulari)<br \/>\nAngeita dermic\u0103 angioedem\u0103<br \/>\n<a href=\"https:\/\/sanatate.md\/ro\/boli-si-tratament\/boli-de-piele\/angeita-pielii\/\">Angeita pielii<\/a><br \/>\nAsteriscuri vasculare (couperoza, telangiectasia)<br \/>\nBasalioma<br \/>\nBoala lui Lyell (sindromul Lui)<br \/>\nBoala lui Recklinghausen<br \/>\nBuboi<br \/>\nCelulita<br \/>\nDermatita seboreic\u0103<br \/>\nDermatoza atopic\u0103 (neurodermatita)<br \/>\nDemodex<br \/>\nEritema<br \/>\nFotodermatita<br \/>\nFurunculul<br \/>\nHemangiom<br \/>\nHiperhidroza<br \/>\nIhtioza<br \/>\nImpetigo<br \/>\nIntertrigo<br \/>\nlupus<br \/>\nKeratoma<br \/>\nLichenul plan<br \/>\nLupus eritematos<br \/>\nM\u0103trea\u021ba<br \/>\nMicoza picioarelor<br \/>\nMicozele<br \/>\nMicrosporia<br \/>\nMolluscum contagiosum<br \/>\nNegii<br \/>\n<a href=\"https:\/\/sanatate.md\/ro\/boli-si-tratament\/boli-de-piele\/nevus-flaming-pete-de-vin\/\">Nevus flaming (pete de vin)<\/a><br \/>\nOnicomicoza<br \/>\nPapiloma<br \/>\nPediculoza (p\u0103duchi)<br \/>\nPediculoza pubian\u0103 (p\u0103duchi pubiani)<br \/>\nPete de vin (nevus flaming)<br \/>\nPete pigmentate<br \/>\nPistruiii<br \/>\nPiodermite<br \/>\nPsoriazisul<br \/>\nRubrofiatia (rubomicoza)<br \/>\nScabia<br \/>\nSeboreea<br \/>\nStrawberry Nevus<br \/>\n<a href=\"https:\/\/sanatate.md\/ro\/boli-si-tratament\/boli-de-piele\/streptodermia\/\">Streptodermia<\/a><br \/>\nToxidermia<br \/>\nTricofi\u021bia (pecingine)<br \/>\n<a href=\"https:\/\/sanatate.md\/ro\/boli-si-tratament\/boli-de-piele\/vitiligo\/\">Vitiligo<\/a><br \/>\nZona zoster (herpes zoster)<\/p>\n","protected":false},"excerpt":{"rendered":"<p>Acneea Afec\u021biuni fungice (infec\u021bii fungice) Alopecia (chelia) Aluni\u0163ele (nevii nevocelulari) Angeita dermic\u0103 angioedem\u0103 Angeita pielii Asteriscuri vasculare (couperoza, telangiectasia) Basalioma Boala lui Lyell (sindromul Lui) Boala lui Recklinghausen Buboi Celulita Dermatita seboreic\u0103 Dermatoza atopic\u0103 (neurodermatita) Demodex Eritema Fotodermatita Furunculul Hemangiom Hiperhidroza Ihtioza Impetigo Intertrigo lupus Keratoma Lichenul plan Lupus eritematos M\u0103trea\u021ba Micoza picioarelor Micozele Microsporia [&hellip;]<\/p>\n","protected":false},"author":1,"featured_media":0,"parent":38214,"menu_order":3,"comment_status":"closed","ping_status":"closed","template":"","meta":{"inline_featured_image":false,"footnotes":""},"class_list":["post-38239","page","type-page","status-publish"],"yoast_head":"<!-- This site is optimized with the Yoast SEO plugin v27.3 - https:\/\/yoast.com\/product\/yoast-seo-wordpress\/ -->\n<title>Boli de piele | Sanatate.md<\/title>\n<meta name=\"robots\" content=\"index, follow, max-snippet:-1, max-image-preview:large, max-video-preview:-1\" \/>\n<link rel=\"canonical\" href=\"https:\/\/sanatate.md\/ro\/boli-si-tratament\/boli-de-piele\/\" \/>\n<meta property=\"og:locale\" content=\"ro_RO\" \/>\n<meta property=\"og:type\" content=\"article\" \/>\n<meta property=\"og:title\" content=\"Boli de piele | Sanatate.md\" \/>\n<meta property=\"og:description\" content=\"Acneea Afec\u021biuni fungice (infec\u021bii fungice) Alopecia (chelia) Aluni\u0163ele (nevii nevocelulari) Angeita dermic\u0103 angioedem\u0103 Angeita pielii Asteriscuri vasculare (couperoza, telangiectasia) Basalioma Boala lui Lyell (sindromul Lui) Boala lui Recklinghausen Buboi Celulita Dermatita seboreic\u0103 Dermatoza atopic\u0103 (neurodermatita) Demodex Eritema Fotodermatita Furunculul Hemangiom Hiperhidroza Ihtioza Impetigo Intertrigo lupus Keratoma Lichenul plan Lupus eritematos M\u0103trea\u021ba Micoza picioarelor Micozele Microsporia [&hellip;]\" \/>\n<meta property=\"og:url\" content=\"https:\/\/sanatate.md\/ro\/boli-si-tratament\/boli-de-piele\/\" \/>\n<meta property=\"og:site_name\" content=\"Sanatate.md\" \/>\n<meta property=\"article:modified_time\" content=\"2018-10-18T13:53:03+00:00\" \/>\n<meta name=\"twitter:card\" content=\"summary_large_image\" \/>\n<meta name=\"twitter:label1\" content=\"Timp estimat pentru citire\" \/>\n\t<meta name=\"twitter:data1\" content=\"1 minut\" \/>\n<script type=\"application\/ld+json\" class=\"yoast-schema-graph\">{\"@context\":\"https:\\\/\\\/schema.org\",\"@graph\":[{\"@type\":\"WebPage\",\"@id\":\"https:\\\/\\\/sanatate.md\\\/ro\\\/boli-si-tratament\\\/boli-de-piele\\\/\",\"url\":\"https:\\\/\\\/sanatate.md\\\/ro\\\/boli-si-tratament\\\/boli-de-piele\\\/\",\"name\":\"Boli de piele | Sanatate.md\",\"isPartOf\":{\"@id\":\"https:\\\/\\\/sanatate.md\\\/ro\\\/#website\"},\"datePublished\":\"2017-06-13T14:48:36+00:00\",\"dateModified\":\"2018-10-18T13:53:03+00:00\",\"breadcrumb\":{\"@id\":\"https:\\\/\\\/sanatate.md\\\/ro\\\/boli-si-tratament\\\/boli-de-piele\\\/#breadcrumb\"},\"inLanguage\":\"ro-RO\",\"potentialAction\":[{\"@type\":\"ReadAction\",\"target\":[\"https:\\\/\\\/sanatate.md\\\/ro\\\/boli-si-tratament\\\/boli-de-piele\\\/\"]}]},{\"@type\":\"BreadcrumbList\",\"@id\":\"https:\\\/\\\/sanatate.md\\\/ro\\\/boli-si-tratament\\\/boli-de-piele\\\/#breadcrumb\",\"itemListElement\":[{\"@type\":\"ListItem\",\"position\":1,\"name\":\"\u0413\u043b\u0430\u0432\u043d\u0430\u044f \u0441\u0442\u0440\u0430\u043d\u0438\u0446\u0430\",\"item\":\"https:\\\/\\\/sanatate.md\\\/ro\\\/\"},{\"@type\":\"ListItem\",\"position\":2,\"name\":\"Boli si tratament\",\"item\":\"https:\\\/\\\/sanatate.md\\\/ro\\\/boli-si-tratament\\\/\"},{\"@type\":\"ListItem\",\"position\":3,\"name\":\"Boli de piele\"}]},{\"@type\":\"WebSite\",\"@id\":\"https:\\\/\\\/sanatate.md\\\/ro\\\/#website\",\"url\":\"https:\\\/\\\/sanatate.md\\\/ro\\\/\",\"name\":\"Sanatate.md\",\"description\":\"\u0416\u0443\u0440\u043d\u0430\u043b \u0434\u043b\u044f \u0432\u0441\u0435\u0439 \u0441\u0435\u043c\u044c\u0438 \u0432 \u041c\u043e\u043b\u0434\u043e\u0432\u0435\",\"publisher\":{\"@id\":\"https:\\\/\\\/sanatate.md\\\/ro\\\/#organization\"},\"potentialAction\":[{\"@type\":\"SearchAction\",\"target\":{\"@type\":\"EntryPoint\",\"urlTemplate\":\"https:\\\/\\\/sanatate.md\\\/ro\\\/?s={search_term_string}\"},\"query-input\":{\"@type\":\"PropertyValueSpecification\",\"valueRequired\":true,\"valueName\":\"search_term_string\"}}],\"inLanguage\":\"ro-RO\"},{\"@type\":\"Organization\",\"@id\":\"https:\\\/\\\/sanatate.md\\\/ro\\\/#organization\",\"name\":\"SANATATE\",\"url\":\"https:\\\/\\\/sanatate.md\\\/ro\\\/\",\"logo\":{\"@type\":\"ImageObject\",\"inLanguage\":\"ro-RO\",\"@id\":\"https:\\\/\\\/sanatate.md\\\/ro\\\/#\\\/schema\\\/logo\\\/image\\\/\",\"url\":\"https:\\\/\\\/sanatate.md\\\/wp-content\\\/uploads\\\/2022\\\/01\\\/sanatate-logo.svg\",\"contentUrl\":\"https:\\\/\\\/sanatate.md\\\/wp-content\\\/uploads\\\/2022\\\/01\\\/sanatate-logo.svg\",\"width\":\"1024\",\"height\":\"1024\",\"caption\":\"SANATATE\"},\"image\":{\"@id\":\"https:\\\/\\\/sanatate.md\\\/ro\\\/#\\\/schema\\\/logo\\\/image\\\/\"}}]}<\/script>\n<!-- \/ Yoast SEO plugin. -->","yoast_head_json":{"title":"Boli de piele | Sanatate.md","robots":{"index":"index","follow":"follow","max-snippet":"max-snippet:-1","max-image-preview":"max-image-preview:large","max-video-preview":"max-video-preview:-1"},"canonical":"https:\/\/sanatate.md\/ro\/boli-si-tratament\/boli-de-piele\/","og_locale":"ro_RO","og_type":"article","og_title":"Boli de piele | Sanatate.md","og_description":"Acneea Afec\u021biuni fungice (infec\u021bii fungice) Alopecia (chelia) Aluni\u0163ele (nevii nevocelulari) Angeita dermic\u0103 angioedem\u0103 Angeita pielii Asteriscuri vasculare (couperoza, telangiectasia) Basalioma Boala lui Lyell (sindromul Lui) Boala lui Recklinghausen Buboi Celulita Dermatita seboreic\u0103 Dermatoza atopic\u0103 (neurodermatita) Demodex Eritema Fotodermatita Furunculul Hemangiom Hiperhidroza Ihtioza Impetigo Intertrigo lupus Keratoma Lichenul plan Lupus eritematos M\u0103trea\u021ba Micoza picioarelor Micozele Microsporia [&hellip;]","og_url":"https:\/\/sanatate.md\/ro\/boli-si-tratament\/boli-de-piele\/","og_site_name":"Sanatate.md","article_modified_time":"2018-10-18T13:53:03+00:00","twitter_card":"summary_large_image","twitter_misc":{"Timp estimat pentru citire":"1 minut"},"schema":{"@context":"https:\/\/schema.org","@graph":[{"@type":"WebPage","@id":"https:\/\/sanatate.md\/ro\/boli-si-tratament\/boli-de-piele\/","url":"https:\/\/sanatate.md\/ro\/boli-si-tratament\/boli-de-piele\/","name":"Boli de piele | Sanatate.md","isPartOf":{"@id":"https:\/\/sanatate.md\/ro\/#website"},"datePublished":"2017-06-13T14:48:36+00:00","dateModified":"2018-10-18T13:53:03+00:00","breadcrumb":{"@id":"https:\/\/sanatate.md\/ro\/boli-si-tratament\/boli-de-piele\/#breadcrumb"},"inLanguage":"ro-RO","potentialAction":[{"@type":"ReadAction","target":["https:\/\/sanatate.md\/ro\/boli-si-tratament\/boli-de-piele\/"]}]},{"@type":"BreadcrumbList","@id":"https:\/\/sanatate.md\/ro\/boli-si-tratament\/boli-de-piele\/#breadcrumb","itemListElement":[{"@type":"ListItem","position":1,"name":"\u0413\u043b\u0430\u0432\u043d\u0430\u044f \u0441\u0442\u0440\u0430\u043d\u0438\u0446\u0430","item":"https:\/\/sanatate.md\/ro\/"},{"@type":"ListItem","position":2,"name":"Boli si tratament","item":"https:\/\/sanatate.md\/ro\/boli-si-tratament\/"},{"@type":"ListItem","position":3,"name":"Boli de piele"}]},{"@type":"WebSite","@id":"https:\/\/sanatate.md\/ro\/#website","url":"https:\/\/sanatate.md\/ro\/","name":"Sanatate.md","description":"\u0416\u0443\u0440\u043d\u0430\u043b \u0434\u043b\u044f \u0432\u0441\u0435\u0439 \u0441\u0435\u043c\u044c\u0438 \u0432 \u041c\u043e\u043b\u0434\u043e\u0432\u0435","publisher":{"@id":"https:\/\/sanatate.md\/ro\/#organization"},"potentialAction":[{"@type":"SearchAction","target":{"@type":"EntryPoint","urlTemplate":"https:\/\/sanatate.md\/ro\/?s={search_term_string}"},"query-input":{"@type":"PropertyValueSpecification","valueRequired":true,"valueName":"search_term_string"}}],"inLanguage":"ro-RO"},{"@type":"Organization","@id":"https:\/\/sanatate.md\/ro\/#organization","name":"SANATATE","url":"https:\/\/sanatate.md\/ro\/","logo":{"@type":"ImageObject","inLanguage":"ro-RO","@id":"https:\/\/sanatate.md\/ro\/#\/schema\/logo\/image\/","url":"https:\/\/sanatate.md\/wp-content\/uploads\/2022\/01\/sanatate-logo.svg","contentUrl":"https:\/\/sanatate.md\/wp-content\/uploads\/2022\/01\/sanatate-logo.svg","width":"1024","height":"1024","caption":"SANATATE"},"image":{"@id":"https:\/\/sanatate.md\/ro\/#\/schema\/logo\/image\/"}}]}},"_links":{"self":[{"href":"https:\/\/sanatate.md\/ro\/wp-json\/wp\/v2\/pages\/38239","targetHints":{"allow":["GET"]}}],"collection":[{"href":"https:\/\/sanatate.md\/ro\/wp-json\/wp\/v2\/pages"}],"about":[{"href":"https:\/\/sanatate.md\/ro\/wp-json\/wp\/v2\/types\/page"}],"author":[{"embeddable":true,"href":"https:\/\/sanatate.md\/ro\/wp-json\/wp\/v2\/users\/1"}],"replies":[{"embeddable":true,"href":"https:\/\/sanatate.md\/ro\/wp-json\/wp\/v2\/comments?post=38239"}],"version-history":[{"count":0,"href":"https:\/\/sanatate.md\/ro\/wp-json\/wp\/v2\/pages\/38239\/revisions"}],"up":[{"embeddable":true,"href":"https:\/\/sanatate.md\/ro\/wp-json\/wp\/v2\/pages\/38214"}],"wp:attachment":[{"href":"https:\/\/sanatate.md\/ro\/wp-json\/wp\/v2\/media?parent=38239"}],"curies":[{"name":"wp","href":"https:\/\/api.w.org\/{rel}","templated":true}]}}