{"id":43634,"date":"2017-11-03T19:43:00","date_gmt":"2017-11-03T16:43:00","guid":{"rendered":"https:\/\/sanatate.md\/?page_id=43634"},"modified":"2022-02-25T19:02:11","modified_gmt":"2022-02-25T16:02:11","slug":"migrena-abdominala","status":"publish","type":"page","link":"https:\/\/sanatate.md\/ro\/boli-si-tratament\/bolile-copiilor\/migrena-abdominala\/","title":{"rendered":"Migren\u0103 abdominal\u0103"},"content":{"rendered":"<p>Migren\u0103 abdominal\u0103 este o boal\u0103 \u00eenso\u021bit\u0103 de un atac de durere f\u0103r\u0103 localizare clar\u0103. Adesea e \u00eenso\u021bit\u0103 de crampe clonice \u00een mu\u0219chii peretelui abdominal anterior. Gastricul gastric este adesea observat la copii \u0219i b\u0103ie\u021bi adolescen\u021bi \/b\u0103ie\u021bi\/, dar se depisteaz\u0103 \u00a0\u0219i la persoanele de v\u00e2rst\u0103 mijlocie.<\/p>\n<h3>Migren\u0103 abdominal\u0103 la copii<\/h3>\n<p>Boal\u0103 afecteaz\u0103 adesea copiii mici. Maladia e considerat\u0103 periculoas\u0103 la v\u00e2rsta cuprins\u0103 \u00eentre 5 \u0219i 10 ani. La 14 ani convulsiile se\u00a0 diminuaz\u0103 sau\u00a0 disp\u0103r cu totul. Boala se\u00a0 manifest\u0103 nu numai cu dureri de cap, ci \u0219i cu dureri \u00een abdomen.<\/p>\n<h3>Ce simt copiii care au avut un atac de migren\u0103 abdominal\u0103?<\/h3>\n<p>F\u0103r\u0103 motive apar\u00a0 de t\u0103ieturi, copilul simte grea\u021b\u0103, pot ap\u0103rea vomit\u0103rile. P\u0103rin\u021bii trebuie s\u0103 poat\u0103 recunoa\u0219te simptomele bolii. Cauza bolii uneori e deficil de determinat.<\/p>\n<p>Printre pricinele principale ale migrenei abdominale la copii e considerat\u0103 cea a alimenta\u021biei dezechilibrate, metabolismului necorespunz\u0103tor, suprasolicit\u0103rii copilului sau a unei circula\u021bii sanguinice slab\u0103.<\/p>\n<h3>Migren\u0103 abdominal\u0103 la adul\u021bi<\/h3>\n<p>La adul\u021bi, migrena dat\u0103 se diagnosticiaz\u0103 extrem de rar, \u00eens\u0103, conform rezultatelor studiului, femeile sufer\u0103 de aceasta mai des dec\u00e2t b\u0103rba\u021bii. De asemenea, este posibil\u0103 predispozi\u021bia genetic\u0103 fa\u021b\u0103 de \u00a0aceast\u0103 boal\u0103.<\/p>\n<h3>Migren\u0103 abdominal\u0103 la adolescen\u021bi<\/h3>\n<p>E bine \u0219tiut, c\u0103 toate sistemele corpului \u0219i organele corpului\u00a0 se dezvolt\u0103 \u00een copil\u0103rie \u0219i adolescen\u021b\u0103. Anume \u00een acea perioad\u0103 corpul uman se adapteaz\u0103 la\u00a0 diferi\u021bi factori externi .Aceste procese nu totdeauna decurg u\u0219or. Adolescen\u021bii se pot pl\u00e2nge de atacurile de migren\u0103 abdominal\u0103. Unul dintre cei mai importan\u021bi factori , care provoac\u0103 disconfort, este maturizarea sexual\u0103. Fiecare \u00a0organismreac\u021bioneaz\u0103 la aceste schimb\u0103ri \u00een mod diferit, dar dup\u0103traversarea perioadei de pubertate, criza afec\u021biunii poate disp\u0103rea.<\/p>\n<h3>Simptomele migrenei abdominale<\/h3>\n<p>Unul dintre simptomele acestei boli este durerea , care se concentreaz\u0103 \u00a0\u00een zona ombilicului. Pacientul simte grea\u021b\u0103, are\u00a0 vom\u0103 sau diaree, devine palid. de\u00a0 Durata accesuluif e de la treizeci\u00a0 minute p\u00een\u0103 la c\u00eeteva \u00a0ore, \u00een unele cazuri durerile persist\u0103\u00a0 chiar \u0219i mai multe zile.<\/p>\n<p>Exist\u0103, de asemenea, combina\u021bii ale maladiei date cu cefalgia migren\u0103. Spre exemplu, apari\u021bia, \u00een acela\u0219i timp, a durerii abdominale \u0219i a celei cefalalgice.<\/p>\n<h3>Cauzele apari\u021biei migrenei abdominale<\/h3>\n<p>Potrivit statisticii, aceast\u0103 boal\u0103 o pot face persoanele predispuse la ea\u00a0 la nivel genetic. Acest lucru se depisteaz\u0103 atunci, c\u00e2nd apar condi\u021bii favorabile pentru declan\u0219area\u00a0 maladiei. Printre acestea &#8211; stresul constant, anumite modific\u0103ri hormonale, consecin\u021b\u0103 administr\u0103rii unora medicamente hormonale.<\/p>\n<p>Se men\u021bioneaz\u0103 \u0219i influen\u021ba factorilor externi &#8211; schimbarea brusc\u0103 a zonele climaterice, lipsa somnului, perturbarea sistemului nervos central \u0219i endocrin.<\/p>\n<h3>Diagnosticul migrenei abdominale<\/h3>\n<p>Pentru a depista aceast\u0103 boal\u0103, trebuie s\u0103 \u021bine\u021bi cont de \u00a0urm\u0103torii factori:<\/p>\n<ul>\n<li>leg\u0103tura durerii abdominale cu a celei de cap, caracteristic\u0103 unei migrene,<\/li>\n<li>v\u00e2rst\u0103 t\u00e2n\u0103r\u0103,<\/li>\n<li>efectul terapeutic al medicamentelor anti-migrena,<\/li>\n<li>o cre\u0219tere a ratei fluxului sanguin liniar \u00een aorta abdominal\u0103 constatat prin dopplerografie.<\/li>\n<\/ul>\n<h3>Profilaxia (medicamental\u0103, nu medicamental\u0103)<\/h3>\n<p>Medicamentul trebuie s\u0103 fie prescris de un medic pentru prevenirea migrenelor abdominale, care va \u021bine cont de factorii care provoac\u0103 boala. De asemenea, trebuie\u00a0 de cunoscut caracteristicile personale \u0219i emo\u021bionale ale organismului \u0219i acele\u00a0 boli, care \u00eenso\u021besc migrenele abdominale.<\/p>\n<p>De regul\u0103,\u00a0 pentru\u00a0 tratarea migrenelor abdominale se prescriu blocan\u021bi ai canalelor de calciu, antidepresive \u0219i sedative.<\/p>\n<p>E important ca metod\u0103 de profilaxie s\u0103 nu se creeze situa\u0219ii, care predispun la\u00a0 provocarea maladiei date. Pacien\u0219ilor li se recomand\u0103:<\/p>\n<ul>\n<li>s\u0103-\u0219i normalizeze\u00a0 ritmil de somn \u0219i veghere;<\/li>\n<li>s\u0103 renun\u021be la citri\u0219i \u0219i ciocolat\u0103,<\/li>\n<li>e necesar s\u0103 -\u0219i schimbe modul de via\u021b\u0103: s\u0103\u00a0 exclud\u0103 eforturile fizice \u0219i starea emo\u021bional\u0103 excitant\u0103, s\u0103 resperte un regim alimentar adecvat \u00a0( e obligatoriu de a mic\u0219ora\u00a0 cantitatea sau a\u00a0 renun\u021ba \u00een totalitate\u00a0 la ciocolat\u0103, cacao, condimente alimentare.<\/li>\n<\/ul>\n<h3>Tratamentul migrenei abdominale<\/h3>\n<p>Pentru a vindeca aceast\u0103 boal\u0103 e necesar de respetat un regim leger fizic. \u00cen practica medical\u0103 se utilizeaz\u0103 \u0219i preparate medicamentoase: sedative, analgezice, antimigraine. Dac\u0103 a existat un atac de migren\u0103 abdominal\u0103, pacientului ar trebui s\u0103 i se creeze o atmoser\u0103 de confort \u00eentr-o camer\u0103 \u00eentunecat\u0103 \u0219i bine ventilat\u0103. Pacientului i se recomand\u0103\u00a0 un masaj\u00a0 usor la cap, precum si \u00a0pansamentel calde sau reci.<\/p>\n","protected":false},"excerpt":{"rendered":"<p>Migren\u0103 abdominal\u0103 este o boal\u0103 \u00eenso\u021bit\u0103 de un atac de durere f\u0103r\u0103 localizare clar\u0103. Adesea e \u00eenso\u021bit\u0103 de crampe clonice \u00een mu\u0219chii peretelui abdominal anterior. Gastricul gastric este adesea observat la copii \u0219i b\u0103ie\u021bi adolescen\u021bi \/b\u0103ie\u021bi\/, dar se depisteaz\u0103 \u00a0\u0219i la persoanele de v\u00e2rst\u0103 mijlocie. Migren\u0103 abdominal\u0103 la copii Boal\u0103 afecteaz\u0103 adesea copiii mici. Maladia [&hellip;]<\/p>\n","protected":false},"author":28,"featured_media":0,"parent":43635,"menu_order":0,"comment_status":"closed","ping_status":"closed","template":"","meta":{"inline_featured_image":false,"footnotes":""},"class_list":["post-43634","page","type-page","status-publish"],"yoast_head":"<!-- This site is optimized with the Yoast SEO plugin v27.3 - https:\/\/yoast.com\/product\/yoast-seo-wordpress\/ -->\n<title>Migren\u0103 abdominal\u0103<\/title>\n<meta name=\"description\" content=\"Migren\u0103 abdominal\u0103: simptomele boalei, diagnostica, profilaxia si Tratamentul migrenei abdominale.\" \/>\n<meta name=\"robots\" content=\"index, follow, max-snippet:-1, max-image-preview:large, max-video-preview:-1\" \/>\n<link rel=\"canonical\" href=\"https:\/\/sanatate.md\/ro\/boli-si-tratament\/bolile-copiilor\/migrena-abdominala\/\" \/>\n<meta property=\"og:locale\" content=\"ro_RO\" \/>\n<meta property=\"og:type\" content=\"article\" \/>\n<meta property=\"og:title\" content=\"Migren\u0103 abdominal\u0103\" \/>\n<meta property=\"og:description\" content=\"Migren\u0103 abdominal\u0103: simptomele boalei, diagnostica, profilaxia si Tratamentul migrenei abdominale.\" \/>\n<meta property=\"og:url\" content=\"https:\/\/sanatate.md\/ro\/boli-si-tratament\/bolile-copiilor\/migrena-abdominala\/\" \/>\n<meta property=\"og:site_name\" content=\"Sanatate.md\" \/>\n<meta property=\"article:modified_time\" content=\"2022-02-25T16:02:11+00:00\" \/>\n<meta name=\"twitter:card\" content=\"summary_large_image\" \/>\n<meta name=\"twitter:label1\" content=\"Timp estimat pentru citire\" \/>\n\t<meta name=\"twitter:data1\" content=\"4 minute\" \/>\n<script type=\"application\/ld+json\" class=\"yoast-schema-graph\">{\"@context\":\"https:\\\/\\\/schema.org\",\"@graph\":[{\"@type\":\"WebPage\",\"@id\":\"https:\\\/\\\/sanatate.md\\\/ro\\\/boli-si-tratament\\\/bolile-copiilor\\\/migrena-abdominala\\\/\",\"url\":\"https:\\\/\\\/sanatate.md\\\/ro\\\/boli-si-tratament\\\/bolile-copiilor\\\/migrena-abdominala\\\/\",\"name\":\"Migren\u0103 abdominal\u0103\",\"isPartOf\":{\"@id\":\"https:\\\/\\\/sanatate.md\\\/ro\\\/#website\"},\"datePublished\":\"2017-11-03T16:43:00+00:00\",\"dateModified\":\"2022-02-25T16:02:11+00:00\",\"description\":\"Migren\u0103 abdominal\u0103: simptomele boalei, diagnostica, profilaxia si Tratamentul migrenei abdominale.\",\"breadcrumb\":{\"@id\":\"https:\\\/\\\/sanatate.md\\\/ro\\\/boli-si-tratament\\\/bolile-copiilor\\\/migrena-abdominala\\\/#breadcrumb\"},\"inLanguage\":\"ro-RO\",\"potentialAction\":[{\"@type\":\"ReadAction\",\"target\":[\"https:\\\/\\\/sanatate.md\\\/ro\\\/boli-si-tratament\\\/bolile-copiilor\\\/migrena-abdominala\\\/\"]}]},{\"@type\":\"BreadcrumbList\",\"@id\":\"https:\\\/\\\/sanatate.md\\\/ro\\\/boli-si-tratament\\\/bolile-copiilor\\\/migrena-abdominala\\\/#breadcrumb\",\"itemListElement\":[{\"@type\":\"ListItem\",\"position\":1,\"name\":\"\u0413\u043b\u0430\u0432\u043d\u0430\u044f \u0441\u0442\u0440\u0430\u043d\u0438\u0446\u0430\",\"item\":\"https:\\\/\\\/sanatate.md\\\/ro\\\/\"},{\"@type\":\"ListItem\",\"position\":2,\"name\":\"Boli si tratament\",\"item\":\"https:\\\/\\\/sanatate.md\\\/ro\\\/boli-si-tratament\\\/\"},{\"@type\":\"ListItem\",\"position\":3,\"name\":\"Bolile copiilor\",\"item\":\"https:\\\/\\\/sanatate.md\\\/ro\\\/boli-si-tratament\\\/bolile-copiilor\\\/\"},{\"@type\":\"ListItem\",\"position\":4,\"name\":\"Migren\u0103 abdominal\u0103\"}]},{\"@type\":\"WebSite\",\"@id\":\"https:\\\/\\\/sanatate.md\\\/ro\\\/#website\",\"url\":\"https:\\\/\\\/sanatate.md\\\/ro\\\/\",\"name\":\"Sanatate.md\",\"description\":\"\u0416\u0443\u0440\u043d\u0430\u043b \u0434\u043b\u044f \u0432\u0441\u0435\u0439 \u0441\u0435\u043c\u044c\u0438 \u0432 \u041c\u043e\u043b\u0434\u043e\u0432\u0435\",\"publisher\":{\"@id\":\"https:\\\/\\\/sanatate.md\\\/ro\\\/#organization\"},\"potentialAction\":[{\"@type\":\"SearchAction\",\"target\":{\"@type\":\"EntryPoint\",\"urlTemplate\":\"https:\\\/\\\/sanatate.md\\\/ro\\\/?s={search_term_string}\"},\"query-input\":{\"@type\":\"PropertyValueSpecification\",\"valueRequired\":true,\"valueName\":\"search_term_string\"}}],\"inLanguage\":\"ro-RO\"},{\"@type\":\"Organization\",\"@id\":\"https:\\\/\\\/sanatate.md\\\/ro\\\/#organization\",\"name\":\"SANATATE\",\"url\":\"https:\\\/\\\/sanatate.md\\\/ro\\\/\",\"logo\":{\"@type\":\"ImageObject\",\"inLanguage\":\"ro-RO\",\"@id\":\"https:\\\/\\\/sanatate.md\\\/ro\\\/#\\\/schema\\\/logo\\\/image\\\/\",\"url\":\"https:\\\/\\\/sanatate.md\\\/wp-content\\\/uploads\\\/2022\\\/01\\\/sanatate-logo.svg\",\"contentUrl\":\"https:\\\/\\\/sanatate.md\\\/wp-content\\\/uploads\\\/2022\\\/01\\\/sanatate-logo.svg\",\"width\":\"1024\",\"height\":\"1024\",\"caption\":\"SANATATE\"},\"image\":{\"@id\":\"https:\\\/\\\/sanatate.md\\\/ro\\\/#\\\/schema\\\/logo\\\/image\\\/\"}}]}<\/script>\n<!-- \/ Yoast SEO plugin. -->","yoast_head_json":{"title":"Migren\u0103 abdominal\u0103","description":"Migren\u0103 abdominal\u0103: simptomele boalei, diagnostica, profilaxia si Tratamentul migrenei abdominale.","robots":{"index":"index","follow":"follow","max-snippet":"max-snippet:-1","max-image-preview":"max-image-preview:large","max-video-preview":"max-video-preview:-1"},"canonical":"https:\/\/sanatate.md\/ro\/boli-si-tratament\/bolile-copiilor\/migrena-abdominala\/","og_locale":"ro_RO","og_type":"article","og_title":"Migren\u0103 abdominal\u0103","og_description":"Migren\u0103 abdominal\u0103: simptomele boalei, diagnostica, profilaxia si Tratamentul migrenei abdominale.","og_url":"https:\/\/sanatate.md\/ro\/boli-si-tratament\/bolile-copiilor\/migrena-abdominala\/","og_site_name":"Sanatate.md","article_modified_time":"2022-02-25T16:02:11+00:00","twitter_card":"summary_large_image","twitter_misc":{"Timp estimat pentru citire":"4 minute"},"schema":{"@context":"https:\/\/schema.org","@graph":[{"@type":"WebPage","@id":"https:\/\/sanatate.md\/ro\/boli-si-tratament\/bolile-copiilor\/migrena-abdominala\/","url":"https:\/\/sanatate.md\/ro\/boli-si-tratament\/bolile-copiilor\/migrena-abdominala\/","name":"Migren\u0103 abdominal\u0103","isPartOf":{"@id":"https:\/\/sanatate.md\/ro\/#website"},"datePublished":"2017-11-03T16:43:00+00:00","dateModified":"2022-02-25T16:02:11+00:00","description":"Migren\u0103 abdominal\u0103: simptomele boalei, diagnostica, profilaxia si Tratamentul migrenei abdominale.","breadcrumb":{"@id":"https:\/\/sanatate.md\/ro\/boli-si-tratament\/bolile-copiilor\/migrena-abdominala\/#breadcrumb"},"inLanguage":"ro-RO","potentialAction":[{"@type":"ReadAction","target":["https:\/\/sanatate.md\/ro\/boli-si-tratament\/bolile-copiilor\/migrena-abdominala\/"]}]},{"@type":"BreadcrumbList","@id":"https:\/\/sanatate.md\/ro\/boli-si-tratament\/bolile-copiilor\/migrena-abdominala\/#breadcrumb","itemListElement":[{"@type":"ListItem","position":1,"name":"\u0413\u043b\u0430\u0432\u043d\u0430\u044f \u0441\u0442\u0440\u0430\u043d\u0438\u0446\u0430","item":"https:\/\/sanatate.md\/ro\/"},{"@type":"ListItem","position":2,"name":"Boli si tratament","item":"https:\/\/sanatate.md\/ro\/boli-si-tratament\/"},{"@type":"ListItem","position":3,"name":"Bolile copiilor","item":"https:\/\/sanatate.md\/ro\/boli-si-tratament\/bolile-copiilor\/"},{"@type":"ListItem","position":4,"name":"Migren\u0103 abdominal\u0103"}]},{"@type":"WebSite","@id":"https:\/\/sanatate.md\/ro\/#website","url":"https:\/\/sanatate.md\/ro\/","name":"Sanatate.md","description":"\u0416\u0443\u0440\u043d\u0430\u043b \u0434\u043b\u044f \u0432\u0441\u0435\u0439 \u0441\u0435\u043c\u044c\u0438 \u0432 \u041c\u043e\u043b\u0434\u043e\u0432\u0435","publisher":{"@id":"https:\/\/sanatate.md\/ro\/#organization"},"potentialAction":[{"@type":"SearchAction","target":{"@type":"EntryPoint","urlTemplate":"https:\/\/sanatate.md\/ro\/?s={search_term_string}"},"query-input":{"@type":"PropertyValueSpecification","valueRequired":true,"valueName":"search_term_string"}}],"inLanguage":"ro-RO"},{"@type":"Organization","@id":"https:\/\/sanatate.md\/ro\/#organization","name":"SANATATE","url":"https:\/\/sanatate.md\/ro\/","logo":{"@type":"ImageObject","inLanguage":"ro-RO","@id":"https:\/\/sanatate.md\/ro\/#\/schema\/logo\/image\/","url":"https:\/\/sanatate.md\/wp-content\/uploads\/2022\/01\/sanatate-logo.svg","contentUrl":"https:\/\/sanatate.md\/wp-content\/uploads\/2022\/01\/sanatate-logo.svg","width":"1024","height":"1024","caption":"SANATATE"},"image":{"@id":"https:\/\/sanatate.md\/ro\/#\/schema\/logo\/image\/"}}]}},"_links":{"self":[{"href":"https:\/\/sanatate.md\/ro\/wp-json\/wp\/v2\/pages\/43634","targetHints":{"allow":["GET"]}}],"collection":[{"href":"https:\/\/sanatate.md\/ro\/wp-json\/wp\/v2\/pages"}],"about":[{"href":"https:\/\/sanatate.md\/ro\/wp-json\/wp\/v2\/types\/page"}],"author":[{"embeddable":true,"href":"https:\/\/sanatate.md\/ro\/wp-json\/wp\/v2\/users\/28"}],"replies":[{"embeddable":true,"href":"https:\/\/sanatate.md\/ro\/wp-json\/wp\/v2\/comments?post=43634"}],"version-history":[{"count":0,"href":"https:\/\/sanatate.md\/ro\/wp-json\/wp\/v2\/pages\/43634\/revisions"}],"up":[{"embeddable":true,"href":"https:\/\/sanatate.md\/ro\/wp-json\/wp\/v2\/pages\/43635"}],"wp:attachment":[{"href":"https:\/\/sanatate.md\/ro\/wp-json\/wp\/v2\/media?parent=43634"}],"curies":[{"name":"wp","href":"https:\/\/api.w.org\/{rel}","templated":true}]}}