{"id":43635,"date":"2017-11-03T19:38:34","date_gmt":"2017-11-03T16:38:34","guid":{"rendered":"https:\/\/sanatate.md\/?page_id=43635"},"modified":"2018-10-02T17:43:29","modified_gmt":"2018-10-02T14:43:29","slug":"bolile-copiilor","status":"publish","type":"page","link":"https:\/\/sanatate.md\/ro\/boli-si-tratament\/bolile-copiilor\/","title":{"rendered":"Bolile copiilor"},"content":{"rendered":"<p>Abscesul abdominal<br \/>\nAcerodermatita enteropatic\u0103<br \/>\nAfec\u0163iunile cerului gurii (ruperea cerului)<br \/>\nAgrafia<br \/>\nAmiotrofia spinal\u0103 la lcopii<br \/>\n<a href=\"https:\/\/sanatate.md\/ro\/boli-si-tratament\/bolile-copiilor\/anemia-fanconi\/\">Anemia Fanconi<\/a><br \/>\nAnemia la copii<br \/>\nAnchiloza articula\u021biei temporomandibulare<br \/>\nAnorexia nervoas\u0103<br \/>\nAnthrita (otoantrita)<br \/>\nAsfixia f\u0103tului \u0219i a nou-n\u0103scutului<br \/>\nAstmul bron\u0219ic la copii<br \/>\nAtrezia anusului<br \/>\nBoala Abta-Letterera-Sive<br \/>\nBoala hemoragic\u0103 a nou-n\u0103scu\u021bilor<br \/>\nBoala hemolitic\u0103 a nou-n\u0103scu\u021bilor<br \/>\nBoala Hend-Schuiller-Crischen<br \/>\nBoala Kawasaki<br \/>\nBoala lui Canavan<br \/>\n<a href=\"https:\/\/sanatate.md\/ro\/boli-si-tratament\/bolile-copiilor\/boala-lui-reiter\/\">Boala lui Reiter<\/a><br \/>\nBoala urinei cu miros de strop de ar\u021bar<br \/>\nBron\u0219ita acut\u0103 la copii<br \/>\nCryptorchidismul (testicul nedescendent)<br \/>\nDermatita dermatal\u0103<br \/>\nDezvoltarea sexual\u0103 \u00eent\u00e2rziat\u0103<br \/>\nDifteria<br \/>\nDisbacterioza intestinului<br \/>\nDislocarea patologic\u0103<br \/>\nDisplazia<br \/>\nDisplazia de \u015fold<br \/>\nDropsy of shells de testicul \u0219i cordon spermatic<br \/>\nDysgenesisul gonadal<br \/>\nFenilcetonurie<br \/>\nFlegmonul necrotic al nou-n\u0103scu\u021bilor<br \/>\nGalactozemia<br \/>\nHernia cordonului ombilica<br \/>\nHerniated fetal<br \/>\nHernia ombilical\u0103<br \/>\nImbecilitatea<br \/>\nLeucodistrofia<br \/>\nMigrena abdominal\u0103<br \/>\nNeurovrematizmul<br \/>\nOreion (parotidita epidemic\u0103)<br \/>\nPojarul<br \/>\nPoliomielita<br \/>\nRabdomiosarcom<br \/>\nRahitism<br \/>\nRubeola<br \/>\nRujeola<br \/>\nScarlatina<br \/>\nSepsis ombilical<br \/>\nSifilisul congenital<br \/>\nSindromul adrenogenic<br \/>\nSindromul agnatiei<br \/>\nSindromul alcoolic fetal<br \/>\nSindromul de deces brusc al nou-n\u0103scu\u021bilor (SIDS)<br \/>\nSindromul fracturii de \u0219old congenital<br \/>\nSindromul Sturge-Weber-Krabbe<br \/>\nSindromul Tourette<br \/>\nSinechia<br \/>\nSpina bifida<br \/>\nStomatita (candidozic\u0103) ciuperc\u0103<br \/>\nStomatita de drojdie (afte)<br \/>\nStridorul congenital<br \/>\nSubnutri\u021bie<br \/>\nSudamen<br \/>\nTrichophytosis<br \/>\nTusea convulsiv\u0103<br \/>\nVaricela<\/p>\n","protected":false},"excerpt":{"rendered":"<p>Abscesul abdominal Acerodermatita enteropatic\u0103 Afec\u0163iunile cerului gurii (ruperea cerului) Agrafia Amiotrofia spinal\u0103 la lcopii Anemia Fanconi Anemia la copii Anchiloza articula\u021biei temporomandibulare Anorexia nervoas\u0103 Anthrita (otoantrita) Asfixia f\u0103tului \u0219i a nou-n\u0103scutului Astmul bron\u0219ic la copii Atrezia anusului Boala Abta-Letterera-Sive Boala hemoragic\u0103 a nou-n\u0103scu\u021bilor Boala hemolitic\u0103 a nou-n\u0103scu\u021bilor Boala Hend-Schuiller-Crischen Boala Kawasaki Boala lui Canavan Boala [&hellip;]<\/p>\n","protected":false},"author":28,"featured_media":0,"parent":38214,"menu_order":19,"comment_status":"closed","ping_status":"closed","template":"","meta":{"inline_featured_image":false,"footnotes":""},"class_list":["post-43635","page","type-page","status-publish"],"yoast_head":"<!-- This site is optimized with the Yoast SEO plugin v27.3 - https:\/\/yoast.com\/product\/yoast-seo-wordpress\/ -->\n<title>Bolile copiilor | Sanatate.md<\/title>\n<meta name=\"robots\" content=\"index, follow, max-snippet:-1, max-image-preview:large, max-video-preview:-1\" \/>\n<link rel=\"canonical\" href=\"https:\/\/sanatate.md\/ro\/boli-si-tratament\/bolile-copiilor\/\" \/>\n<meta property=\"og:locale\" content=\"ro_RO\" \/>\n<meta property=\"og:type\" content=\"article\" \/>\n<meta property=\"og:title\" content=\"Bolile copiilor | Sanatate.md\" \/>\n<meta property=\"og:description\" content=\"Abscesul abdominal Acerodermatita enteropatic\u0103 Afec\u0163iunile cerului gurii (ruperea cerului) Agrafia Amiotrofia spinal\u0103 la lcopii Anemia Fanconi Anemia la copii Anchiloza articula\u021biei temporomandibulare Anorexia nervoas\u0103 Anthrita (otoantrita) Asfixia f\u0103tului \u0219i a nou-n\u0103scutului Astmul bron\u0219ic la copii Atrezia anusului Boala Abta-Letterera-Sive Boala hemoragic\u0103 a nou-n\u0103scu\u021bilor Boala hemolitic\u0103 a nou-n\u0103scu\u021bilor Boala Hend-Schuiller-Crischen Boala Kawasaki Boala lui Canavan Boala [&hellip;]\" \/>\n<meta property=\"og:url\" content=\"https:\/\/sanatate.md\/ro\/boli-si-tratament\/bolile-copiilor\/\" \/>\n<meta property=\"og:site_name\" content=\"Sanatate.md\" \/>\n<meta property=\"article:modified_time\" content=\"2018-10-02T14:43:29+00:00\" \/>\n<meta name=\"twitter:card\" content=\"summary_large_image\" \/>\n<meta name=\"twitter:label1\" content=\"Timp estimat pentru citire\" \/>\n\t<meta name=\"twitter:data1\" content=\"1 minut\" \/>\n<script type=\"application\/ld+json\" class=\"yoast-schema-graph\">{\"@context\":\"https:\\\/\\\/schema.org\",\"@graph\":[{\"@type\":\"WebPage\",\"@id\":\"https:\\\/\\\/sanatate.md\\\/ro\\\/boli-si-tratament\\\/bolile-copiilor\\\/\",\"url\":\"https:\\\/\\\/sanatate.md\\\/ro\\\/boli-si-tratament\\\/bolile-copiilor\\\/\",\"name\":\"Bolile copiilor | Sanatate.md\",\"isPartOf\":{\"@id\":\"https:\\\/\\\/sanatate.md\\\/ro\\\/#website\"},\"datePublished\":\"2017-11-03T16:38:34+00:00\",\"dateModified\":\"2018-10-02T14:43:29+00:00\",\"breadcrumb\":{\"@id\":\"https:\\\/\\\/sanatate.md\\\/ro\\\/boli-si-tratament\\\/bolile-copiilor\\\/#breadcrumb\"},\"inLanguage\":\"ro-RO\",\"potentialAction\":[{\"@type\":\"ReadAction\",\"target\":[\"https:\\\/\\\/sanatate.md\\\/ro\\\/boli-si-tratament\\\/bolile-copiilor\\\/\"]}]},{\"@type\":\"BreadcrumbList\",\"@id\":\"https:\\\/\\\/sanatate.md\\\/ro\\\/boli-si-tratament\\\/bolile-copiilor\\\/#breadcrumb\",\"itemListElement\":[{\"@type\":\"ListItem\",\"position\":1,\"name\":\"\u0413\u043b\u0430\u0432\u043d\u0430\u044f \u0441\u0442\u0440\u0430\u043d\u0438\u0446\u0430\",\"item\":\"https:\\\/\\\/sanatate.md\\\/ro\\\/\"},{\"@type\":\"ListItem\",\"position\":2,\"name\":\"Boli si tratament\",\"item\":\"https:\\\/\\\/sanatate.md\\\/ro\\\/boli-si-tratament\\\/\"},{\"@type\":\"ListItem\",\"position\":3,\"name\":\"Bolile copiilor\"}]},{\"@type\":\"WebSite\",\"@id\":\"https:\\\/\\\/sanatate.md\\\/ro\\\/#website\",\"url\":\"https:\\\/\\\/sanatate.md\\\/ro\\\/\",\"name\":\"Sanatate.md\",\"description\":\"\u0416\u0443\u0440\u043d\u0430\u043b \u0434\u043b\u044f \u0432\u0441\u0435\u0439 \u0441\u0435\u043c\u044c\u0438 \u0432 \u041c\u043e\u043b\u0434\u043e\u0432\u0435\",\"publisher\":{\"@id\":\"https:\\\/\\\/sanatate.md\\\/ro\\\/#organization\"},\"potentialAction\":[{\"@type\":\"SearchAction\",\"target\":{\"@type\":\"EntryPoint\",\"urlTemplate\":\"https:\\\/\\\/sanatate.md\\\/ro\\\/?s={search_term_string}\"},\"query-input\":{\"@type\":\"PropertyValueSpecification\",\"valueRequired\":true,\"valueName\":\"search_term_string\"}}],\"inLanguage\":\"ro-RO\"},{\"@type\":\"Organization\",\"@id\":\"https:\\\/\\\/sanatate.md\\\/ro\\\/#organization\",\"name\":\"SANATATE\",\"url\":\"https:\\\/\\\/sanatate.md\\\/ro\\\/\",\"logo\":{\"@type\":\"ImageObject\",\"inLanguage\":\"ro-RO\",\"@id\":\"https:\\\/\\\/sanatate.md\\\/ro\\\/#\\\/schema\\\/logo\\\/image\\\/\",\"url\":\"https:\\\/\\\/sanatate.md\\\/wp-content\\\/uploads\\\/2022\\\/01\\\/sanatate-logo.svg\",\"contentUrl\":\"https:\\\/\\\/sanatate.md\\\/wp-content\\\/uploads\\\/2022\\\/01\\\/sanatate-logo.svg\",\"width\":\"1024\",\"height\":\"1024\",\"caption\":\"SANATATE\"},\"image\":{\"@id\":\"https:\\\/\\\/sanatate.md\\\/ro\\\/#\\\/schema\\\/logo\\\/image\\\/\"}}]}<\/script>\n<!-- \/ Yoast SEO plugin. -->","yoast_head_json":{"title":"Bolile copiilor | Sanatate.md","robots":{"index":"index","follow":"follow","max-snippet":"max-snippet:-1","max-image-preview":"max-image-preview:large","max-video-preview":"max-video-preview:-1"},"canonical":"https:\/\/sanatate.md\/ro\/boli-si-tratament\/bolile-copiilor\/","og_locale":"ro_RO","og_type":"article","og_title":"Bolile copiilor | Sanatate.md","og_description":"Abscesul abdominal Acerodermatita enteropatic\u0103 Afec\u0163iunile cerului gurii (ruperea cerului) Agrafia Amiotrofia spinal\u0103 la lcopii Anemia Fanconi Anemia la copii Anchiloza articula\u021biei temporomandibulare Anorexia nervoas\u0103 Anthrita (otoantrita) Asfixia f\u0103tului \u0219i a nou-n\u0103scutului Astmul bron\u0219ic la copii Atrezia anusului Boala Abta-Letterera-Sive Boala hemoragic\u0103 a nou-n\u0103scu\u021bilor Boala hemolitic\u0103 a nou-n\u0103scu\u021bilor Boala Hend-Schuiller-Crischen Boala Kawasaki Boala lui Canavan Boala [&hellip;]","og_url":"https:\/\/sanatate.md\/ro\/boli-si-tratament\/bolile-copiilor\/","og_site_name":"Sanatate.md","article_modified_time":"2018-10-02T14:43:29+00:00","twitter_card":"summary_large_image","twitter_misc":{"Timp estimat pentru citire":"1 minut"},"schema":{"@context":"https:\/\/schema.org","@graph":[{"@type":"WebPage","@id":"https:\/\/sanatate.md\/ro\/boli-si-tratament\/bolile-copiilor\/","url":"https:\/\/sanatate.md\/ro\/boli-si-tratament\/bolile-copiilor\/","name":"Bolile copiilor | Sanatate.md","isPartOf":{"@id":"https:\/\/sanatate.md\/ro\/#website"},"datePublished":"2017-11-03T16:38:34+00:00","dateModified":"2018-10-02T14:43:29+00:00","breadcrumb":{"@id":"https:\/\/sanatate.md\/ro\/boli-si-tratament\/bolile-copiilor\/#breadcrumb"},"inLanguage":"ro-RO","potentialAction":[{"@type":"ReadAction","target":["https:\/\/sanatate.md\/ro\/boli-si-tratament\/bolile-copiilor\/"]}]},{"@type":"BreadcrumbList","@id":"https:\/\/sanatate.md\/ro\/boli-si-tratament\/bolile-copiilor\/#breadcrumb","itemListElement":[{"@type":"ListItem","position":1,"name":"\u0413\u043b\u0430\u0432\u043d\u0430\u044f \u0441\u0442\u0440\u0430\u043d\u0438\u0446\u0430","item":"https:\/\/sanatate.md\/ro\/"},{"@type":"ListItem","position":2,"name":"Boli si tratament","item":"https:\/\/sanatate.md\/ro\/boli-si-tratament\/"},{"@type":"ListItem","position":3,"name":"Bolile copiilor"}]},{"@type":"WebSite","@id":"https:\/\/sanatate.md\/ro\/#website","url":"https:\/\/sanatate.md\/ro\/","name":"Sanatate.md","description":"\u0416\u0443\u0440\u043d\u0430\u043b \u0434\u043b\u044f \u0432\u0441\u0435\u0439 \u0441\u0435\u043c\u044c\u0438 \u0432 \u041c\u043e\u043b\u0434\u043e\u0432\u0435","publisher":{"@id":"https:\/\/sanatate.md\/ro\/#organization"},"potentialAction":[{"@type":"SearchAction","target":{"@type":"EntryPoint","urlTemplate":"https:\/\/sanatate.md\/ro\/?s={search_term_string}"},"query-input":{"@type":"PropertyValueSpecification","valueRequired":true,"valueName":"search_term_string"}}],"inLanguage":"ro-RO"},{"@type":"Organization","@id":"https:\/\/sanatate.md\/ro\/#organization","name":"SANATATE","url":"https:\/\/sanatate.md\/ro\/","logo":{"@type":"ImageObject","inLanguage":"ro-RO","@id":"https:\/\/sanatate.md\/ro\/#\/schema\/logo\/image\/","url":"https:\/\/sanatate.md\/wp-content\/uploads\/2022\/01\/sanatate-logo.svg","contentUrl":"https:\/\/sanatate.md\/wp-content\/uploads\/2022\/01\/sanatate-logo.svg","width":"1024","height":"1024","caption":"SANATATE"},"image":{"@id":"https:\/\/sanatate.md\/ro\/#\/schema\/logo\/image\/"}}]}},"_links":{"self":[{"href":"https:\/\/sanatate.md\/ro\/wp-json\/wp\/v2\/pages\/43635","targetHints":{"allow":["GET"]}}],"collection":[{"href":"https:\/\/sanatate.md\/ro\/wp-json\/wp\/v2\/pages"}],"about":[{"href":"https:\/\/sanatate.md\/ro\/wp-json\/wp\/v2\/types\/page"}],"author":[{"embeddable":true,"href":"https:\/\/sanatate.md\/ro\/wp-json\/wp\/v2\/users\/28"}],"replies":[{"embeddable":true,"href":"https:\/\/sanatate.md\/ro\/wp-json\/wp\/v2\/comments?post=43635"}],"version-history":[{"count":0,"href":"https:\/\/sanatate.md\/ro\/wp-json\/wp\/v2\/pages\/43635\/revisions"}],"up":[{"embeddable":true,"href":"https:\/\/sanatate.md\/ro\/wp-json\/wp\/v2\/pages\/38214"}],"wp:attachment":[{"href":"https:\/\/sanatate.md\/ro\/wp-json\/wp\/v2\/media?parent=43635"}],"curies":[{"name":"wp","href":"https:\/\/api.w.org\/{rel}","templated":true}]}}