{"id":43641,"date":"2017-11-03T19:50:49","date_gmt":"2017-11-03T16:50:49","guid":{"rendered":"https:\/\/sanatate.md\/?page_id=43641"},"modified":"2018-09-25T16:49:06","modified_gmt":"2018-09-25T13:49:06","slug":"sifilisul","status":"publish","type":"page","link":"https:\/\/sanatate.md\/ro\/boli-si-tratament\/boli-venerice\/sifilisul\/","title":{"rendered":"Sifilisul"},"content":{"rendered":"<p>Sifilisul este o boal\u0103 cronic\u0103 infec\u0163ioas\u0103, care afecteaz\u0103 stratul cutanat, mucoasele,sistemul imunitar, nervos \u015fi locomotor. Agentul provocator al maladiei \u00een cauz\u0103 \u00eel \u00a0constituie treponema pallidum.<\/p>\n<h3>Cum se transmite sifilisul<\/h3>\n<p>Boala de orice tip se transmite pe cale sexual\u0103 . Infectarea are loc prin intermediul unei deterior\u0103ri nesemnificative a stratului cutanat sau a mucoasei \u00een urma contactului cu sancrul dur sau cu papulele erozive, \u00een carese con\u0163ine o cantitate mare de treponeme pallidum.<\/p>\n<p>Agentul provocator apare \u00een saliv\u0103 numai \u00een cazul dac\u0103 survin tulbur\u0103ri \u00een integritatea mucoasei cavit\u0103\u0163ii bucale.<\/p>\n<p>De aceast\u0103 boal\u0103 se transmite \u015fi prin intermediul spermei. \u00cen cazul \u00een care a fost un contact cu sperma nu sunt obligatorii patologiile vizibile sau deterior\u0103rile pe stratul cutanat al organelor genitale.<\/p>\n<p>E posibil\u0103 \u015fi o contaminare de uz casnic, dar pentru acest tip sunt necesare anumite condi\u0163ii de infectare.Sifilisul \u00eenn\u0103scut apare la bebelu\u015fii\u00a0 n\u0103scu\u0163i de mame infectate.<\/p>\n<p>La fel contaminarea mai poate avea loc \u015fi prin laptele de la mamele\u00a0 bolnave .<\/p>\n<h3>Simptomele sifilisului<\/h3>\n<p>Maladia se poate dezvolta f\u0103r\u0103 simptome acute destul de lung \u00een cazul \u00een care nu se efectuiaz\u0103 \u00a0nici un tratament .Simptomele\u00a0 sunt periodice. Perioada acut\u0103 poate trece rapid \u00een perioad\u0103 latent\u0103. \u00cen timpul acutiz\u0103rii simptomele se manifest\u0103\u00a0 prin erup\u0163ii cutanate specifice pe mucoase , stratul cutanat\u00a0 \u015fi pe organele interne.<\/p>\n<h3>Cum arat\u0103 sifilisul<\/h3>\n<p>\u00cen stadiul incipient al maladiei\u00a0 prin locul unde a p\u0103truns infec\u0163ia se formraz\u0103\u00a0 un sancru dur (o pat\u0103 de culoare ro\u015fie care cu timpul se transform\u0103 \u00een papul\u0103, iar apoi \u00een\u00a0 erozie sau ran\u0103).<\/p>\n<h3>Stadiile dezvoltare a sifilisului<\/h3>\n<p>Sancrul dur afecteaz\u0103 organele sistemului genital. Cea mai favorabil\u0103 regiune de localizare a lui la femei este colul uterin. Aceast\u0103 localizare este dovada unei infect\u0103ri pe cale sexual\u0103 .Uneori\u00a0 sancrul se poate localiza pe buze, mucoasa cavit\u0103\u0163ii bucale, stratul cutanat al pubisului, organele genitale masculine, coapse, abdomen.<\/p>\n<p>Peste o perioad\u0103 sancrul dispare, aceasta\u00a0 indic\u0103 despre faptul, c\u0103 boala a trecut \u00een stadiul latent. Anume \u00een aceast\u0103 perioad\u0103 \u00een organism \u00eencepe s\u0103 se dezvolte agentul provocator.<\/p>\n<p>Sifilisul secundar se manifest\u0103 peste 5-9 s\u0103pt\u0103m\u00eeni dup\u0103 apari\u0163ia sancrului pe stratul cutanat\u00a0 \u015fi dureaz\u0103 p\u00een\u0103 la cinci ani. Boala ba se acutizeaz\u0103, ba se estompeaz\u0103 ,trec\u00eend \u00een form\u0103 latent\u0103. Sifilisul ter\u0163ial prezint\u0103 cel mai periculos stadiu. El practic decurgere\u00a0 f\u0103r\u0103 anumite simptome mul\u021bi ani..<\/p>\n<h3>Diagnosticarea<\/h3>\n<p>Diagnoza se pune \u00een baza simptomelor vizibile \u015fi a cercet\u0103rilor\u00a0 repetate de laborator,deoarece maladiaeste foarte periculoas\u0103 pentru societate.<\/p>\n<h3>Sifilisul de uz casnic<\/h3>\n<p>Mul\u0163i consider\u0103, c\u0103 sifilisul este o boal\u0103 a secolului trecut. Statistica ne demonstreaz\u0103 , c\u0103 \u00een ultimul timp e \u00een cre\u0219tere num\u0103rul de persoane infectate de maladia \u00een cauz\u0103 \u015fi acest fapt este\u00a0 alarmant.<\/p>\n<h3>Din ce cauz\u0103 se petrece acest lucru?<\/h3>\n<p>\u00cen primul r\u00eend &#8211; statul nu a elaborat un program de profilactic\u0103 a maladiei \u00een cauz\u0103. \u00cen al doilea &#8211; sifilisul \u015fi infec\u0163ia HIV\u0412 merg m\u00een\u0103 \u00een m\u00een\u0103. \u00cen al treilea &#8211; cre\u015fterea alcoolismului favorizeaz\u0103 r\u0103sp\u00eendirea infec\u0163iei deoarece o persoan\u0103 \u00een stare de ebrietate devine neadecvat\u0103 \u015fi nu con\u0219tientizeaz\u0103 ac\u021biunile sale. \u00cen al patrulea &#8211; un nivel sc\u0103zut de via\u0163\u0103 duce la \u00eenc\u0103lcarea normelor sanitare \u015fi de igien\u0103.<\/p>\n<p>Sifilisul de uz casnic \u015fi cel transmis pe cale sexual\u0103 nu sunt ni\u015fte boli aparte.E\u00a0\u00a0 aceea\u015fi boal\u0103, care se deosebe\u015fte doar prin modul de infectare. \u00cen condi\u0163iile de uz casnic se poate infecta prin utilizarea \u00een comun cu bolavul a aceluiasi prosop,vesel\u0103 sau perie de din\u0163i.<\/p>\n<p>Tabloul clinic al sifilisului de uz casnic este identic cu cel transmis pe cale sexual\u0103.<\/p>\n<h3>Tratarea sifilisului<\/h3>\n<p>Tratarea seste ndividual\u0103. \u00cen timpul tratamentului se folose\u015fte o doz\u0103 maximal\u0103 de antibiotice. La fel se recomand\u0103 \u015fi o terapie de ridicare a imunit\u0103\u0163ii, remedii de recuperare a organismului \u015fi\u00a0 fizioterapia.<\/p>\n","protected":false},"excerpt":{"rendered":"<p>Sifilisul este o boal\u0103 cronic\u0103 infec\u0163ioas\u0103, care afecteaz\u0103 stratul cutanat, mucoasele,sistemul imunitar, nervos \u015fi locomotor. Agentul provocator al maladiei \u00een cauz\u0103 \u00eel \u00a0constituie treponema pallidum. Cum se transmite sifilisul Boala de orice tip se transmite pe cale sexual\u0103 . Infectarea are loc prin intermediul unei deterior\u0103ri nesemnificative a stratului cutanat sau a mucoasei \u00een urma [&hellip;]<\/p>\n","protected":false},"author":28,"featured_media":0,"parent":43639,"menu_order":0,"comment_status":"closed","ping_status":"closed","template":"","meta":{"inline_featured_image":false,"footnotes":""},"class_list":["post-43641","page","type-page","status-publish"],"yoast_head":"<!-- This site is optimized with the Yoast SEO plugin v27.3 - https:\/\/yoast.com\/product\/yoast-seo-wordpress\/ -->\n<title>Sifilisul: din ce cauz\u0103 se petrece acest lucru?<\/title>\n<meta name=\"description\" content=\"Sifilisul este o boal\u0103 cronic\u0103 infec\u0163ioas\u0103, care afecteaz\u0103 stratul cutanat, mucoasele,sistemul imunitar, nervos \u015fi locomotor.\" \/>\n<meta name=\"robots\" content=\"index, follow, max-snippet:-1, max-image-preview:large, max-video-preview:-1\" \/>\n<link rel=\"canonical\" href=\"https:\/\/sanatate.md\/ro\/boli-si-tratament\/boli-venerice\/sifilisul\/\" \/>\n<meta property=\"og:locale\" content=\"ro_RO\" \/>\n<meta property=\"og:type\" content=\"article\" \/>\n<meta property=\"og:title\" content=\"Sifilisul: din ce cauz\u0103 se petrece acest lucru?\" \/>\n<meta property=\"og:description\" content=\"Sifilisul este o boal\u0103 cronic\u0103 infec\u0163ioas\u0103, care afecteaz\u0103 stratul cutanat, mucoasele,sistemul imunitar, nervos \u015fi locomotor.\" \/>\n<meta property=\"og:url\" content=\"https:\/\/sanatate.md\/ro\/boli-si-tratament\/boli-venerice\/sifilisul\/\" \/>\n<meta property=\"og:site_name\" content=\"Sanatate.md\" \/>\n<meta property=\"article:modified_time\" content=\"2018-09-25T13:49:06+00:00\" \/>\n<meta name=\"twitter:card\" content=\"summary_large_image\" \/>\n<meta name=\"twitter:label1\" content=\"Timp estimat pentru citire\" \/>\n\t<meta name=\"twitter:data1\" content=\"3 minute\" \/>\n<script type=\"application\/ld+json\" class=\"yoast-schema-graph\">{\"@context\":\"https:\\\/\\\/schema.org\",\"@graph\":[{\"@type\":\"WebPage\",\"@id\":\"https:\\\/\\\/sanatate.md\\\/ro\\\/boli-si-tratament\\\/boli-venerice\\\/sifilisul\\\/\",\"url\":\"https:\\\/\\\/sanatate.md\\\/ro\\\/boli-si-tratament\\\/boli-venerice\\\/sifilisul\\\/\",\"name\":\"Sifilisul: din ce cauz\u0103 se petrece acest lucru?\",\"isPartOf\":{\"@id\":\"https:\\\/\\\/sanatate.md\\\/ro\\\/#website\"},\"datePublished\":\"2017-11-03T16:50:49+00:00\",\"dateModified\":\"2018-09-25T13:49:06+00:00\",\"description\":\"Sifilisul este o boal\u0103 cronic\u0103 infec\u0163ioas\u0103, care afecteaz\u0103 stratul cutanat, mucoasele,sistemul imunitar, nervos \u015fi locomotor.\",\"breadcrumb\":{\"@id\":\"https:\\\/\\\/sanatate.md\\\/ro\\\/boli-si-tratament\\\/boli-venerice\\\/sifilisul\\\/#breadcrumb\"},\"inLanguage\":\"ro-RO\",\"potentialAction\":[{\"@type\":\"ReadAction\",\"target\":[\"https:\\\/\\\/sanatate.md\\\/ro\\\/boli-si-tratament\\\/boli-venerice\\\/sifilisul\\\/\"]}]},{\"@type\":\"BreadcrumbList\",\"@id\":\"https:\\\/\\\/sanatate.md\\\/ro\\\/boli-si-tratament\\\/boli-venerice\\\/sifilisul\\\/#breadcrumb\",\"itemListElement\":[{\"@type\":\"ListItem\",\"position\":1,\"name\":\"\u0413\u043b\u0430\u0432\u043d\u0430\u044f \u0441\u0442\u0440\u0430\u043d\u0438\u0446\u0430\",\"item\":\"https:\\\/\\\/sanatate.md\\\/ro\\\/\"},{\"@type\":\"ListItem\",\"position\":2,\"name\":\"Boli si tratament\",\"item\":\"https:\\\/\\\/sanatate.md\\\/ro\\\/boli-si-tratament\\\/\"},{\"@type\":\"ListItem\",\"position\":3,\"name\":\"Boli venerice\",\"item\":\"https:\\\/\\\/sanatate.md\\\/ro\\\/boli-si-tratament\\\/boli-venerice\\\/\"},{\"@type\":\"ListItem\",\"position\":4,\"name\":\"Sifilisul\"}]},{\"@type\":\"WebSite\",\"@id\":\"https:\\\/\\\/sanatate.md\\\/ro\\\/#website\",\"url\":\"https:\\\/\\\/sanatate.md\\\/ro\\\/\",\"name\":\"Sanatate.md\",\"description\":\"\u0416\u0443\u0440\u043d\u0430\u043b \u0434\u043b\u044f \u0432\u0441\u0435\u0439 \u0441\u0435\u043c\u044c\u0438 \u0432 \u041c\u043e\u043b\u0434\u043e\u0432\u0435\",\"publisher\":{\"@id\":\"https:\\\/\\\/sanatate.md\\\/ro\\\/#organization\"},\"potentialAction\":[{\"@type\":\"SearchAction\",\"target\":{\"@type\":\"EntryPoint\",\"urlTemplate\":\"https:\\\/\\\/sanatate.md\\\/ro\\\/?s={search_term_string}\"},\"query-input\":{\"@type\":\"PropertyValueSpecification\",\"valueRequired\":true,\"valueName\":\"search_term_string\"}}],\"inLanguage\":\"ro-RO\"},{\"@type\":\"Organization\",\"@id\":\"https:\\\/\\\/sanatate.md\\\/ro\\\/#organization\",\"name\":\"SANATATE\",\"url\":\"https:\\\/\\\/sanatate.md\\\/ro\\\/\",\"logo\":{\"@type\":\"ImageObject\",\"inLanguage\":\"ro-RO\",\"@id\":\"https:\\\/\\\/sanatate.md\\\/ro\\\/#\\\/schema\\\/logo\\\/image\\\/\",\"url\":\"https:\\\/\\\/sanatate.md\\\/wp-content\\\/uploads\\\/2022\\\/01\\\/sanatate-logo.svg\",\"contentUrl\":\"https:\\\/\\\/sanatate.md\\\/wp-content\\\/uploads\\\/2022\\\/01\\\/sanatate-logo.svg\",\"width\":\"1024\",\"height\":\"1024\",\"caption\":\"SANATATE\"},\"image\":{\"@id\":\"https:\\\/\\\/sanatate.md\\\/ro\\\/#\\\/schema\\\/logo\\\/image\\\/\"}}]}<\/script>\n<!-- \/ Yoast SEO plugin. -->","yoast_head_json":{"title":"Sifilisul: din ce cauz\u0103 se petrece acest lucru?","description":"Sifilisul este o boal\u0103 cronic\u0103 infec\u0163ioas\u0103, care afecteaz\u0103 stratul cutanat, mucoasele,sistemul imunitar, nervos \u015fi locomotor.","robots":{"index":"index","follow":"follow","max-snippet":"max-snippet:-1","max-image-preview":"max-image-preview:large","max-video-preview":"max-video-preview:-1"},"canonical":"https:\/\/sanatate.md\/ro\/boli-si-tratament\/boli-venerice\/sifilisul\/","og_locale":"ro_RO","og_type":"article","og_title":"Sifilisul: din ce cauz\u0103 se petrece acest lucru?","og_description":"Sifilisul este o boal\u0103 cronic\u0103 infec\u0163ioas\u0103, care afecteaz\u0103 stratul cutanat, mucoasele,sistemul imunitar, nervos \u015fi locomotor.","og_url":"https:\/\/sanatate.md\/ro\/boli-si-tratament\/boli-venerice\/sifilisul\/","og_site_name":"Sanatate.md","article_modified_time":"2018-09-25T13:49:06+00:00","twitter_card":"summary_large_image","twitter_misc":{"Timp estimat pentru citire":"3 minute"},"schema":{"@context":"https:\/\/schema.org","@graph":[{"@type":"WebPage","@id":"https:\/\/sanatate.md\/ro\/boli-si-tratament\/boli-venerice\/sifilisul\/","url":"https:\/\/sanatate.md\/ro\/boli-si-tratament\/boli-venerice\/sifilisul\/","name":"Sifilisul: din ce cauz\u0103 se petrece acest lucru?","isPartOf":{"@id":"https:\/\/sanatate.md\/ro\/#website"},"datePublished":"2017-11-03T16:50:49+00:00","dateModified":"2018-09-25T13:49:06+00:00","description":"Sifilisul este o boal\u0103 cronic\u0103 infec\u0163ioas\u0103, care afecteaz\u0103 stratul cutanat, mucoasele,sistemul imunitar, nervos \u015fi locomotor.","breadcrumb":{"@id":"https:\/\/sanatate.md\/ro\/boli-si-tratament\/boli-venerice\/sifilisul\/#breadcrumb"},"inLanguage":"ro-RO","potentialAction":[{"@type":"ReadAction","target":["https:\/\/sanatate.md\/ro\/boli-si-tratament\/boli-venerice\/sifilisul\/"]}]},{"@type":"BreadcrumbList","@id":"https:\/\/sanatate.md\/ro\/boli-si-tratament\/boli-venerice\/sifilisul\/#breadcrumb","itemListElement":[{"@type":"ListItem","position":1,"name":"\u0413\u043b\u0430\u0432\u043d\u0430\u044f \u0441\u0442\u0440\u0430\u043d\u0438\u0446\u0430","item":"https:\/\/sanatate.md\/ro\/"},{"@type":"ListItem","position":2,"name":"Boli si tratament","item":"https:\/\/sanatate.md\/ro\/boli-si-tratament\/"},{"@type":"ListItem","position":3,"name":"Boli venerice","item":"https:\/\/sanatate.md\/ro\/boli-si-tratament\/boli-venerice\/"},{"@type":"ListItem","position":4,"name":"Sifilisul"}]},{"@type":"WebSite","@id":"https:\/\/sanatate.md\/ro\/#website","url":"https:\/\/sanatate.md\/ro\/","name":"Sanatate.md","description":"\u0416\u0443\u0440\u043d\u0430\u043b \u0434\u043b\u044f \u0432\u0441\u0435\u0439 \u0441\u0435\u043c\u044c\u0438 \u0432 \u041c\u043e\u043b\u0434\u043e\u0432\u0435","publisher":{"@id":"https:\/\/sanatate.md\/ro\/#organization"},"potentialAction":[{"@type":"SearchAction","target":{"@type":"EntryPoint","urlTemplate":"https:\/\/sanatate.md\/ro\/?s={search_term_string}"},"query-input":{"@type":"PropertyValueSpecification","valueRequired":true,"valueName":"search_term_string"}}],"inLanguage":"ro-RO"},{"@type":"Organization","@id":"https:\/\/sanatate.md\/ro\/#organization","name":"SANATATE","url":"https:\/\/sanatate.md\/ro\/","logo":{"@type":"ImageObject","inLanguage":"ro-RO","@id":"https:\/\/sanatate.md\/ro\/#\/schema\/logo\/image\/","url":"https:\/\/sanatate.md\/wp-content\/uploads\/2022\/01\/sanatate-logo.svg","contentUrl":"https:\/\/sanatate.md\/wp-content\/uploads\/2022\/01\/sanatate-logo.svg","width":"1024","height":"1024","caption":"SANATATE"},"image":{"@id":"https:\/\/sanatate.md\/ro\/#\/schema\/logo\/image\/"}}]}},"_links":{"self":[{"href":"https:\/\/sanatate.md\/ro\/wp-json\/wp\/v2\/pages\/43641","targetHints":{"allow":["GET"]}}],"collection":[{"href":"https:\/\/sanatate.md\/ro\/wp-json\/wp\/v2\/pages"}],"about":[{"href":"https:\/\/sanatate.md\/ro\/wp-json\/wp\/v2\/types\/page"}],"author":[{"embeddable":true,"href":"https:\/\/sanatate.md\/ro\/wp-json\/wp\/v2\/users\/28"}],"replies":[{"embeddable":true,"href":"https:\/\/sanatate.md\/ro\/wp-json\/wp\/v2\/comments?post=43641"}],"version-history":[{"count":0,"href":"https:\/\/sanatate.md\/ro\/wp-json\/wp\/v2\/pages\/43641\/revisions"}],"up":[{"embeddable":true,"href":"https:\/\/sanatate.md\/ro\/wp-json\/wp\/v2\/pages\/43639"}],"wp:attachment":[{"href":"https:\/\/sanatate.md\/ro\/wp-json\/wp\/v2\/media?parent=43641"}],"curies":[{"name":"wp","href":"https:\/\/api.w.org\/{rel}","templated":true}]}}