{"id":43667,"date":"2017-11-06T20:34:00","date_gmt":"2017-11-06T17:34:00","guid":{"rendered":"https:\/\/sanatate.md\/?page_id=43667"},"modified":"2017-11-06T20:49:34","modified_gmt":"2017-11-06T17:49:34","slug":"zgarieturile-de-pisica","status":"publish","type":"page","link":"https:\/\/sanatate.md\/ro\/boli-si-tratament\/boli-infectioase\/zgarieturile-de-pisica\/","title":{"rendered":"Zgarieturile de pisic\u0103"},"content":{"rendered":"<p>C\u00eend apare o starea boln\u0103vicioas\u0103 \u00een urma unei zg\u00eer\u00eeieturi, mu\u015fc\u0103turi sau dup\u0103 un contact apropiat cu pisicile e vorba de o boal\u0103 infec\u0163ioas\u0103. Speciali\u0219tii numesc aceast\u0103 infec\u0163ie limfocita benign\u0103. Boala se manifest\u0103 printro intoxica\u0163ie general\u0103 a organismului de un nivel nu prea ridicat \u015fi prin m\u0103rirea nodulilor limfatici, care se afl\u0103 \u00een apropierea locului infectat. Uneori se mai observ\u0103 \u015fi tulbur\u0103ri ale sistemului nervos.<\/p>\n<h3>Cauzele apari\u021biei maladiei<\/h3>\n<p>Agentul provocator al bolii este bartonella. Ea constituie o parte indispensabil\u0103 a microflorei salivei animalelor din familia felidae \u015fi din aceast\u0103 cauz\u0103 pisicile sunt sursele \u015fi purt\u0103toarele maladiei \u00een cauz\u0103. Omul se poate infecta de la saliva,zg\u00eer\u00eeietura sau mu\u015fc\u0103tura unei pisici. \u00cen grupa de risc intr\u0103 copiii \u015fi tineretul. Oamenii de o v\u00eerst\u0103 \u00eenaintat\u0103 reacioneaz\u0103 mai rar.<\/p>\n<p>Perioada favorabil\u0103 pentru dezvoltarea bolii \u00een cauz\u0103 este vara \u015fi toamna. Sunt cunoscute \u015fi cazuri, c\u00eend boala a afectat to\u0163i membrii familiei pe r\u00eend, cu toate c\u0103 omul nici \u00eentr-un caz nu poate fi transmi\u0163\u0103torul maladiei date.<\/p>\n<h3>Simptomele<\/h3>\n<p>Perioada pasiv\u0103, de regul\u0103, dureaz\u0103 de la dou\u0103 zile p\u00een\u0103 la o lun\u0103. Locul unde a fost zg\u00eer\u00eeietura sau mu\u015fc\u0103tura se \u00eenro\u0219e\u0219te \u0219i se umfl\u0103 pu\u021bin. Atunci c\u00eend se apas\u0103 &#8211; se simte durere. Peste dou\u0103-trei zile se formeaz\u0103 un abces nu prea mare, care con\u0163ine un lichid de o culoare \u00eentunecat\u0103. Vezicula se sparge \u015fi se formeaz\u0103 o ran\u0103 micu\u0163\u0103 sau o scoar\u0163\u0103. Are loc inflamarea nodulilor limfatici ,care se afl\u0103 prin apropierea r\u0103nii \u00een cauz\u0103. Bolnavul simte o sl\u0103bire general\u0103 a organismului, dureri de cap \u015fi foarte brusc se ridic\u0103 temperatura. Aceste simptome dureaz\u0103 circa o s\u0103pt\u0103m\u00een\u0103, apoi survine \u00eens\u0103n\u0103to\u015firea. \u00cen cazuri rare febra poate persista pe parcursul mai multor luni. Nodulii limfatici inflama\u0163i se disipeaz\u0103, uneori se supureaz\u0103 \u015fi se deschid de sinest\u0103t\u0103tor sau prin interven\u0163ie chirurgical\u0103.<\/p>\n<h3>Diagnosticarea<\/h3>\n<p>Boala este diagnosticat\u0103 foarte u\u015for datorit\u0103 simptomelor mai sus enumerate sau prin existen\u0163a situa\u0163iei epideomologice. Diagnoza este confirmat\u0103 dup\u0103 ce s-a examinat frotiul cutanat, care denot\u0103 existen\u0163a bacilei Bartonella.<\/p>\n<h3>Tratamentul<\/h3>\n<p>Pentru tratarea bolii \u00een cauz\u0103 se folose\u015fte Ghentamicina. Alte antibiotice pentru maladia \u00een cauz\u0103 sunt neeficiente. Nodul limfatic inflamat este deschis prin interven\u0163ie chirurgical\u0103 cu scopul de a diminua durerile \u015fi de a gr\u0103bi procesul de \u00eens\u0103n\u0103to\u015fire. Aceast\u0103 boal\u0103 poate fi u\u015for evitatat\u0103 \u00een cazul \u00een care prelucr\u0103m rana la timp, pentru ca ea s\u0103 nu se infecteze.<\/p>\n","protected":false},"excerpt":{"rendered":"<p>C\u00eend apare o starea boln\u0103vicioas\u0103 \u00een urma unei zg\u00eer\u00eeieturi, mu\u015fc\u0103turi sau dup\u0103 un contact apropiat cu pisicile e vorba de o boal\u0103 infec\u0163ioas\u0103. Speciali\u0219tii numesc aceast\u0103 infec\u0163ie limfocita benign\u0103. Boala se manifest\u0103 printro intoxica\u0163ie general\u0103 a organismului de un nivel nu prea ridicat \u015fi prin m\u0103rirea nodulilor limfatici, care se afl\u0103 \u00een apropierea locului infectat. [&hellip;]<\/p>\n","protected":false},"author":28,"featured_media":0,"parent":43668,"menu_order":0,"comment_status":"closed","ping_status":"closed","template":"","meta":{"inline_featured_image":false,"footnotes":""},"class_list":["post-43667","page","type-page","status-publish"],"yoast_head":"<!-- This site is optimized with the Yoast SEO plugin v27.3 - https:\/\/yoast.com\/product\/yoast-seo-wordpress\/ -->\n<title>Zgarieturile de pisic\u0103: cauzele apari\u021biei maladiei, tratamentul<\/title>\n<meta name=\"description\" content=\"C\u00eend apare o starea boln\u0103vicioas\u0103 \u00een urma unei zgarieturi, dup\u0103 un contact apropiat cu pisicile e vorba de o boal\u0103 infec\u0163ioas\u0103.\" \/>\n<meta name=\"robots\" content=\"index, follow, max-snippet:-1, max-image-preview:large, max-video-preview:-1\" \/>\n<link rel=\"canonical\" href=\"https:\/\/sanatate.md\/ro\/boli-si-tratament\/boli-infectioase\/zgarieturile-de-pisica\/\" \/>\n<meta property=\"og:locale\" content=\"ro_RO\" \/>\n<meta property=\"og:type\" content=\"article\" \/>\n<meta property=\"og:title\" content=\"Zgarieturile de pisic\u0103: cauzele apari\u021biei maladiei, tratamentul\" \/>\n<meta property=\"og:description\" content=\"C\u00eend apare o starea boln\u0103vicioas\u0103 \u00een urma unei zgarieturi, dup\u0103 un contact apropiat cu pisicile e vorba de o boal\u0103 infec\u0163ioas\u0103.\" \/>\n<meta property=\"og:url\" content=\"https:\/\/sanatate.md\/ro\/boli-si-tratament\/boli-infectioase\/zgarieturile-de-pisica\/\" \/>\n<meta property=\"og:site_name\" content=\"Sanatate.md\" \/>\n<meta property=\"article:modified_time\" content=\"2017-11-06T17:49:34+00:00\" \/>\n<meta name=\"twitter:card\" content=\"summary_large_image\" \/>\n<meta name=\"twitter:label1\" content=\"Timp estimat pentru citire\" \/>\n\t<meta name=\"twitter:data1\" content=\"2 minute\" \/>\n<script type=\"application\/ld+json\" class=\"yoast-schema-graph\">{\"@context\":\"https:\\\/\\\/schema.org\",\"@graph\":[{\"@type\":\"WebPage\",\"@id\":\"https:\\\/\\\/sanatate.md\\\/ro\\\/boli-si-tratament\\\/boli-infectioase\\\/zgarieturile-de-pisica\\\/\",\"url\":\"https:\\\/\\\/sanatate.md\\\/ro\\\/boli-si-tratament\\\/boli-infectioase\\\/zgarieturile-de-pisica\\\/\",\"name\":\"Zgarieturile de pisic\u0103: cauzele apari\u021biei maladiei, tratamentul\",\"isPartOf\":{\"@id\":\"https:\\\/\\\/sanatate.md\\\/ro\\\/#website\"},\"datePublished\":\"2017-11-06T17:34:00+00:00\",\"dateModified\":\"2017-11-06T17:49:34+00:00\",\"description\":\"C\u00eend apare o starea boln\u0103vicioas\u0103 \u00een urma unei zgarieturi, dup\u0103 un contact apropiat cu pisicile e vorba de o boal\u0103 infec\u0163ioas\u0103.\",\"breadcrumb\":{\"@id\":\"https:\\\/\\\/sanatate.md\\\/ro\\\/boli-si-tratament\\\/boli-infectioase\\\/zgarieturile-de-pisica\\\/#breadcrumb\"},\"inLanguage\":\"ro-RO\",\"potentialAction\":[{\"@type\":\"ReadAction\",\"target\":[\"https:\\\/\\\/sanatate.md\\\/ro\\\/boli-si-tratament\\\/boli-infectioase\\\/zgarieturile-de-pisica\\\/\"]}]},{\"@type\":\"BreadcrumbList\",\"@id\":\"https:\\\/\\\/sanatate.md\\\/ro\\\/boli-si-tratament\\\/boli-infectioase\\\/zgarieturile-de-pisica\\\/#breadcrumb\",\"itemListElement\":[{\"@type\":\"ListItem\",\"position\":1,\"name\":\"\u0413\u043b\u0430\u0432\u043d\u0430\u044f \u0441\u0442\u0440\u0430\u043d\u0438\u0446\u0430\",\"item\":\"https:\\\/\\\/sanatate.md\\\/ro\\\/\"},{\"@type\":\"ListItem\",\"position\":2,\"name\":\"Boli si tratament\",\"item\":\"https:\\\/\\\/sanatate.md\\\/ro\\\/boli-si-tratament\\\/\"},{\"@type\":\"ListItem\",\"position\":3,\"name\":\"Boli infec\u021bioase\",\"item\":\"https:\\\/\\\/sanatate.md\\\/ro\\\/boli-si-tratament\\\/boli-infectioase\\\/\"},{\"@type\":\"ListItem\",\"position\":4,\"name\":\"Zgarieturile de pisic\u0103\"}]},{\"@type\":\"WebSite\",\"@id\":\"https:\\\/\\\/sanatate.md\\\/ro\\\/#website\",\"url\":\"https:\\\/\\\/sanatate.md\\\/ro\\\/\",\"name\":\"Sanatate.md\",\"description\":\"\u0416\u0443\u0440\u043d\u0430\u043b \u0434\u043b\u044f \u0432\u0441\u0435\u0439 \u0441\u0435\u043c\u044c\u0438 \u0432 \u041c\u043e\u043b\u0434\u043e\u0432\u0435\",\"publisher\":{\"@id\":\"https:\\\/\\\/sanatate.md\\\/ro\\\/#organization\"},\"potentialAction\":[{\"@type\":\"SearchAction\",\"target\":{\"@type\":\"EntryPoint\",\"urlTemplate\":\"https:\\\/\\\/sanatate.md\\\/ro\\\/?s={search_term_string}\"},\"query-input\":{\"@type\":\"PropertyValueSpecification\",\"valueRequired\":true,\"valueName\":\"search_term_string\"}}],\"inLanguage\":\"ro-RO\"},{\"@type\":\"Organization\",\"@id\":\"https:\\\/\\\/sanatate.md\\\/ro\\\/#organization\",\"name\":\"SANATATE\",\"url\":\"https:\\\/\\\/sanatate.md\\\/ro\\\/\",\"logo\":{\"@type\":\"ImageObject\",\"inLanguage\":\"ro-RO\",\"@id\":\"https:\\\/\\\/sanatate.md\\\/ro\\\/#\\\/schema\\\/logo\\\/image\\\/\",\"url\":\"https:\\\/\\\/sanatate.md\\\/wp-content\\\/uploads\\\/2022\\\/01\\\/sanatate-logo.svg\",\"contentUrl\":\"https:\\\/\\\/sanatate.md\\\/wp-content\\\/uploads\\\/2022\\\/01\\\/sanatate-logo.svg\",\"width\":\"1024\",\"height\":\"1024\",\"caption\":\"SANATATE\"},\"image\":{\"@id\":\"https:\\\/\\\/sanatate.md\\\/ro\\\/#\\\/schema\\\/logo\\\/image\\\/\"}}]}<\/script>\n<!-- \/ Yoast SEO plugin. -->","yoast_head_json":{"title":"Zgarieturile de pisic\u0103: cauzele apari\u021biei maladiei, tratamentul","description":"C\u00eend apare o starea boln\u0103vicioas\u0103 \u00een urma unei zgarieturi, dup\u0103 un contact apropiat cu pisicile e vorba de o boal\u0103 infec\u0163ioas\u0103.","robots":{"index":"index","follow":"follow","max-snippet":"max-snippet:-1","max-image-preview":"max-image-preview:large","max-video-preview":"max-video-preview:-1"},"canonical":"https:\/\/sanatate.md\/ro\/boli-si-tratament\/boli-infectioase\/zgarieturile-de-pisica\/","og_locale":"ro_RO","og_type":"article","og_title":"Zgarieturile de pisic\u0103: cauzele apari\u021biei maladiei, tratamentul","og_description":"C\u00eend apare o starea boln\u0103vicioas\u0103 \u00een urma unei zgarieturi, dup\u0103 un contact apropiat cu pisicile e vorba de o boal\u0103 infec\u0163ioas\u0103.","og_url":"https:\/\/sanatate.md\/ro\/boli-si-tratament\/boli-infectioase\/zgarieturile-de-pisica\/","og_site_name":"Sanatate.md","article_modified_time":"2017-11-06T17:49:34+00:00","twitter_card":"summary_large_image","twitter_misc":{"Timp estimat pentru citire":"2 minute"},"schema":{"@context":"https:\/\/schema.org","@graph":[{"@type":"WebPage","@id":"https:\/\/sanatate.md\/ro\/boli-si-tratament\/boli-infectioase\/zgarieturile-de-pisica\/","url":"https:\/\/sanatate.md\/ro\/boli-si-tratament\/boli-infectioase\/zgarieturile-de-pisica\/","name":"Zgarieturile de pisic\u0103: cauzele apari\u021biei maladiei, tratamentul","isPartOf":{"@id":"https:\/\/sanatate.md\/ro\/#website"},"datePublished":"2017-11-06T17:34:00+00:00","dateModified":"2017-11-06T17:49:34+00:00","description":"C\u00eend apare o starea boln\u0103vicioas\u0103 \u00een urma unei zgarieturi, dup\u0103 un contact apropiat cu pisicile e vorba de o boal\u0103 infec\u0163ioas\u0103.","breadcrumb":{"@id":"https:\/\/sanatate.md\/ro\/boli-si-tratament\/boli-infectioase\/zgarieturile-de-pisica\/#breadcrumb"},"inLanguage":"ro-RO","potentialAction":[{"@type":"ReadAction","target":["https:\/\/sanatate.md\/ro\/boli-si-tratament\/boli-infectioase\/zgarieturile-de-pisica\/"]}]},{"@type":"BreadcrumbList","@id":"https:\/\/sanatate.md\/ro\/boli-si-tratament\/boli-infectioase\/zgarieturile-de-pisica\/#breadcrumb","itemListElement":[{"@type":"ListItem","position":1,"name":"\u0413\u043b\u0430\u0432\u043d\u0430\u044f \u0441\u0442\u0440\u0430\u043d\u0438\u0446\u0430","item":"https:\/\/sanatate.md\/ro\/"},{"@type":"ListItem","position":2,"name":"Boli si tratament","item":"https:\/\/sanatate.md\/ro\/boli-si-tratament\/"},{"@type":"ListItem","position":3,"name":"Boli infec\u021bioase","item":"https:\/\/sanatate.md\/ro\/boli-si-tratament\/boli-infectioase\/"},{"@type":"ListItem","position":4,"name":"Zgarieturile de pisic\u0103"}]},{"@type":"WebSite","@id":"https:\/\/sanatate.md\/ro\/#website","url":"https:\/\/sanatate.md\/ro\/","name":"Sanatate.md","description":"\u0416\u0443\u0440\u043d\u0430\u043b \u0434\u043b\u044f \u0432\u0441\u0435\u0439 \u0441\u0435\u043c\u044c\u0438 \u0432 \u041c\u043e\u043b\u0434\u043e\u0432\u0435","publisher":{"@id":"https:\/\/sanatate.md\/ro\/#organization"},"potentialAction":[{"@type":"SearchAction","target":{"@type":"EntryPoint","urlTemplate":"https:\/\/sanatate.md\/ro\/?s={search_term_string}"},"query-input":{"@type":"PropertyValueSpecification","valueRequired":true,"valueName":"search_term_string"}}],"inLanguage":"ro-RO"},{"@type":"Organization","@id":"https:\/\/sanatate.md\/ro\/#organization","name":"SANATATE","url":"https:\/\/sanatate.md\/ro\/","logo":{"@type":"ImageObject","inLanguage":"ro-RO","@id":"https:\/\/sanatate.md\/ro\/#\/schema\/logo\/image\/","url":"https:\/\/sanatate.md\/wp-content\/uploads\/2022\/01\/sanatate-logo.svg","contentUrl":"https:\/\/sanatate.md\/wp-content\/uploads\/2022\/01\/sanatate-logo.svg","width":"1024","height":"1024","caption":"SANATATE"},"image":{"@id":"https:\/\/sanatate.md\/ro\/#\/schema\/logo\/image\/"}}]}},"_links":{"self":[{"href":"https:\/\/sanatate.md\/ro\/wp-json\/wp\/v2\/pages\/43667","targetHints":{"allow":["GET"]}}],"collection":[{"href":"https:\/\/sanatate.md\/ro\/wp-json\/wp\/v2\/pages"}],"about":[{"href":"https:\/\/sanatate.md\/ro\/wp-json\/wp\/v2\/types\/page"}],"author":[{"embeddable":true,"href":"https:\/\/sanatate.md\/ro\/wp-json\/wp\/v2\/users\/28"}],"replies":[{"embeddable":true,"href":"https:\/\/sanatate.md\/ro\/wp-json\/wp\/v2\/comments?post=43667"}],"version-history":[{"count":0,"href":"https:\/\/sanatate.md\/ro\/wp-json\/wp\/v2\/pages\/43667\/revisions"}],"up":[{"embeddable":true,"href":"https:\/\/sanatate.md\/ro\/wp-json\/wp\/v2\/pages\/43668"}],"wp:attachment":[{"href":"https:\/\/sanatate.md\/ro\/wp-json\/wp\/v2\/media?parent=43667"}],"curies":[{"name":"wp","href":"https:\/\/api.w.org\/{rel}","templated":true}]}}