{"id":43668,"date":"2017-11-06T20:33:08","date_gmt":"2017-11-06T17:33:08","guid":{"rendered":"https:\/\/sanatate.md\/?page_id=43668"},"modified":"2018-10-09T14:49:46","modified_gmt":"2018-10-09T11:49:46","slug":"boli-infectioase","status":"publish","type":"page","link":"https:\/\/sanatate.md\/ro\/boli-si-tratament\/boli-infectioase\/","title":{"rendered":"Boli infec\u021bioase"},"content":{"rendered":"<p><a href=\"https:\/\/sanatate.md\/ro\/boli-si-tratament\/boli-infectioase\/afectiunile-alimentare\/\">Afec\u021biunile alimentare<\/a><br \/>\n<a href=\"https:\/\/sanatate.md\/ro\/boli-si-tratament\/boli-infectioase\/amoebiasis-dizenterie-amoebica\/\">Amoebiasis (dizenterie amoebic\u0103)<\/a><br \/>\nAntrax<br \/>\nArtrita brucelozei<br \/>\nBacteriemia<br \/>\nBalactidiaz<br \/>\nBoala febrei aftoase<br \/>\nBoala Laime<br \/>\nBoala lui Botkin (hepatita A)<br \/>\nBoala lui Brill<br \/>\nBoala de zg\u00e2rieturi de pisic\u0103<br \/>\nBoala rotavirus\u0103 (gastroenterita rotavirus\u0103)<br \/>\nBolile infec\u021bioase<br \/>\nBolile respiratorii acute<br \/>\nBotulismul<br \/>\nBruceloza<br \/>\nCandidoza<br \/>\nCheilita<br \/>\nCiuma<br \/>\nCriptococcoza<br \/>\nDifteria<br \/>\nDizenteria<br \/>\nEncefalita<br \/>\nFebra galben\u0103<br \/>\nFebra hemoragic\u0103<br \/>\nFebra Ku<br \/>\nFebra Lassa<br \/>\nFuria<br \/>\nGerpangina<br \/>\nGripa<br \/>\nHerpes (pe buze, genitale)<br \/>\nHolera<br \/>\nHydradenitis<br \/>\nHymenolepiasis<br \/>\nInfec\u021bii nozocomiale<br \/>\n<a href=\"https:\/\/sanatate.md\/ro\/boli-si-tratament\/boli-infectioase\/infectiile-din-categoria-torch\/\">Infec\u021biile din categoria ToRCh<\/a><br \/>\nIntoxica\u0163ii alimentare<br \/>\nLamblias<br \/>\nLegioneloza<br \/>\nLei\u015fmanioza<br \/>\nLeprozia (lepra)<br \/>\nLeptospiroza<br \/>\nLeucocitoza<br \/>\nMalaria<br \/>\nMeningita<br \/>\nMononucleoza infec\u021bioas\u0103 (boala lui Filatov)<br \/>\nOrnitoza<br \/>\nParatiful A \u0219i B<br \/>\nPoliomielita<br \/>\nPojar<br \/>\nR\u0103pciuga<br \/>\nRinofaringita<br \/>\nRubeola<br \/>\nRujeola<br \/>\nSalmoneloza<br \/>\nSepsis (otr\u0103virea s\u00e2ngelui)<br \/>\nSepsisul ombilical<br \/>\nScarlatina<br \/>\nSialoadenita<br \/>\n\u015eigeli<br \/>\nStaphylococcus aureus<br \/>\nStreptobaciloza (febra Haverhillian)<br \/>\nStreptodermia<br \/>\nTetanic<br \/>\nTifisul abdomenal<br \/>\nTiful<br \/>\nToxocarioza<br \/>\nToxoplasmoza<br \/>\nTrichophytosis (ringworm)<br \/>\nTularemia<br \/>\nTusea convulsiv\u0103<br \/>\nVaricela<br \/>\nVariola<\/p>\n","protected":false},"excerpt":{"rendered":"<p>Afec\u021biunile alimentare Amoebiasis (dizenterie amoebic\u0103) Antrax Artrita brucelozei Bacteriemia Balactidiaz Boala febrei aftoase Boala Laime Boala lui Botkin (hepatita A) Boala lui Brill Boala de zg\u00e2rieturi de pisic\u0103 Boala rotavirus\u0103 (gastroenterita rotavirus\u0103) Bolile infec\u021bioase Bolile respiratorii acute Botulismul Bruceloza Candidoza Cheilita Ciuma Criptococcoza Difteria Dizenteria Encefalita Febra galben\u0103 Febra hemoragic\u0103 Febra Ku Febra Lassa Furia [&hellip;]<\/p>\n","protected":false},"author":28,"featured_media":0,"parent":38214,"menu_order":21,"comment_status":"closed","ping_status":"closed","template":"","meta":{"inline_featured_image":false,"footnotes":""},"class_list":["post-43668","page","type-page","status-publish"],"yoast_head":"<!-- This site is optimized with the Yoast SEO plugin v27.3 - https:\/\/yoast.com\/product\/yoast-seo-wordpress\/ -->\n<title>Boli infec\u021bioase | Sanatate.md<\/title>\n<meta name=\"robots\" content=\"index, follow, max-snippet:-1, max-image-preview:large, max-video-preview:-1\" \/>\n<link rel=\"canonical\" href=\"https:\/\/sanatate.md\/ro\/boli-si-tratament\/boli-infectioase\/\" \/>\n<meta property=\"og:locale\" content=\"ro_RO\" \/>\n<meta property=\"og:type\" content=\"article\" \/>\n<meta property=\"og:title\" content=\"Boli infec\u021bioase | Sanatate.md\" \/>\n<meta property=\"og:description\" content=\"Afec\u021biunile alimentare Amoebiasis (dizenterie amoebic\u0103) Antrax Artrita brucelozei Bacteriemia Balactidiaz Boala febrei aftoase Boala Laime Boala lui Botkin (hepatita A) Boala lui Brill Boala de zg\u00e2rieturi de pisic\u0103 Boala rotavirus\u0103 (gastroenterita rotavirus\u0103) Bolile infec\u021bioase Bolile respiratorii acute Botulismul Bruceloza Candidoza Cheilita Ciuma Criptococcoza Difteria Dizenteria Encefalita Febra galben\u0103 Febra hemoragic\u0103 Febra Ku Febra Lassa Furia [&hellip;]\" \/>\n<meta property=\"og:url\" content=\"https:\/\/sanatate.md\/ro\/boli-si-tratament\/boli-infectioase\/\" \/>\n<meta property=\"og:site_name\" content=\"Sanatate.md\" \/>\n<meta property=\"article:modified_time\" content=\"2018-10-09T11:49:46+00:00\" \/>\n<meta name=\"twitter:card\" content=\"summary_large_image\" \/>\n<meta name=\"twitter:label1\" content=\"Timp estimat pentru citire\" \/>\n\t<meta name=\"twitter:data1\" content=\"1 minut\" \/>\n<script type=\"application\/ld+json\" class=\"yoast-schema-graph\">{\"@context\":\"https:\\\/\\\/schema.org\",\"@graph\":[{\"@type\":\"WebPage\",\"@id\":\"https:\\\/\\\/sanatate.md\\\/ro\\\/boli-si-tratament\\\/boli-infectioase\\\/\",\"url\":\"https:\\\/\\\/sanatate.md\\\/ro\\\/boli-si-tratament\\\/boli-infectioase\\\/\",\"name\":\"Boli infec\u021bioase | Sanatate.md\",\"isPartOf\":{\"@id\":\"https:\\\/\\\/sanatate.md\\\/ro\\\/#website\"},\"datePublished\":\"2017-11-06T17:33:08+00:00\",\"dateModified\":\"2018-10-09T11:49:46+00:00\",\"breadcrumb\":{\"@id\":\"https:\\\/\\\/sanatate.md\\\/ro\\\/boli-si-tratament\\\/boli-infectioase\\\/#breadcrumb\"},\"inLanguage\":\"ro-RO\",\"potentialAction\":[{\"@type\":\"ReadAction\",\"target\":[\"https:\\\/\\\/sanatate.md\\\/ro\\\/boli-si-tratament\\\/boli-infectioase\\\/\"]}]},{\"@type\":\"BreadcrumbList\",\"@id\":\"https:\\\/\\\/sanatate.md\\\/ro\\\/boli-si-tratament\\\/boli-infectioase\\\/#breadcrumb\",\"itemListElement\":[{\"@type\":\"ListItem\",\"position\":1,\"name\":\"\u0413\u043b\u0430\u0432\u043d\u0430\u044f \u0441\u0442\u0440\u0430\u043d\u0438\u0446\u0430\",\"item\":\"https:\\\/\\\/sanatate.md\\\/ro\\\/\"},{\"@type\":\"ListItem\",\"position\":2,\"name\":\"Boli si tratament\",\"item\":\"https:\\\/\\\/sanatate.md\\\/ro\\\/boli-si-tratament\\\/\"},{\"@type\":\"ListItem\",\"position\":3,\"name\":\"Boli infec\u021bioase\"}]},{\"@type\":\"WebSite\",\"@id\":\"https:\\\/\\\/sanatate.md\\\/ro\\\/#website\",\"url\":\"https:\\\/\\\/sanatate.md\\\/ro\\\/\",\"name\":\"Sanatate.md\",\"description\":\"\u0416\u0443\u0440\u043d\u0430\u043b \u0434\u043b\u044f \u0432\u0441\u0435\u0439 \u0441\u0435\u043c\u044c\u0438 \u0432 \u041c\u043e\u043b\u0434\u043e\u0432\u0435\",\"publisher\":{\"@id\":\"https:\\\/\\\/sanatate.md\\\/ro\\\/#organization\"},\"potentialAction\":[{\"@type\":\"SearchAction\",\"target\":{\"@type\":\"EntryPoint\",\"urlTemplate\":\"https:\\\/\\\/sanatate.md\\\/ro\\\/?s={search_term_string}\"},\"query-input\":{\"@type\":\"PropertyValueSpecification\",\"valueRequired\":true,\"valueName\":\"search_term_string\"}}],\"inLanguage\":\"ro-RO\"},{\"@type\":\"Organization\",\"@id\":\"https:\\\/\\\/sanatate.md\\\/ro\\\/#organization\",\"name\":\"SANATATE\",\"url\":\"https:\\\/\\\/sanatate.md\\\/ro\\\/\",\"logo\":{\"@type\":\"ImageObject\",\"inLanguage\":\"ro-RO\",\"@id\":\"https:\\\/\\\/sanatate.md\\\/ro\\\/#\\\/schema\\\/logo\\\/image\\\/\",\"url\":\"https:\\\/\\\/sanatate.md\\\/wp-content\\\/uploads\\\/2022\\\/01\\\/sanatate-logo.svg\",\"contentUrl\":\"https:\\\/\\\/sanatate.md\\\/wp-content\\\/uploads\\\/2022\\\/01\\\/sanatate-logo.svg\",\"width\":\"1024\",\"height\":\"1024\",\"caption\":\"SANATATE\"},\"image\":{\"@id\":\"https:\\\/\\\/sanatate.md\\\/ro\\\/#\\\/schema\\\/logo\\\/image\\\/\"}}]}<\/script>\n<!-- \/ Yoast SEO plugin. -->","yoast_head_json":{"title":"Boli infec\u021bioase | Sanatate.md","robots":{"index":"index","follow":"follow","max-snippet":"max-snippet:-1","max-image-preview":"max-image-preview:large","max-video-preview":"max-video-preview:-1"},"canonical":"https:\/\/sanatate.md\/ro\/boli-si-tratament\/boli-infectioase\/","og_locale":"ro_RO","og_type":"article","og_title":"Boli infec\u021bioase | Sanatate.md","og_description":"Afec\u021biunile alimentare Amoebiasis (dizenterie amoebic\u0103) Antrax Artrita brucelozei Bacteriemia Balactidiaz Boala febrei aftoase Boala Laime Boala lui Botkin (hepatita A) Boala lui Brill Boala de zg\u00e2rieturi de pisic\u0103 Boala rotavirus\u0103 (gastroenterita rotavirus\u0103) Bolile infec\u021bioase Bolile respiratorii acute Botulismul Bruceloza Candidoza Cheilita Ciuma Criptococcoza Difteria Dizenteria Encefalita Febra galben\u0103 Febra hemoragic\u0103 Febra Ku Febra Lassa Furia [&hellip;]","og_url":"https:\/\/sanatate.md\/ro\/boli-si-tratament\/boli-infectioase\/","og_site_name":"Sanatate.md","article_modified_time":"2018-10-09T11:49:46+00:00","twitter_card":"summary_large_image","twitter_misc":{"Timp estimat pentru citire":"1 minut"},"schema":{"@context":"https:\/\/schema.org","@graph":[{"@type":"WebPage","@id":"https:\/\/sanatate.md\/ro\/boli-si-tratament\/boli-infectioase\/","url":"https:\/\/sanatate.md\/ro\/boli-si-tratament\/boli-infectioase\/","name":"Boli infec\u021bioase | Sanatate.md","isPartOf":{"@id":"https:\/\/sanatate.md\/ro\/#website"},"datePublished":"2017-11-06T17:33:08+00:00","dateModified":"2018-10-09T11:49:46+00:00","breadcrumb":{"@id":"https:\/\/sanatate.md\/ro\/boli-si-tratament\/boli-infectioase\/#breadcrumb"},"inLanguage":"ro-RO","potentialAction":[{"@type":"ReadAction","target":["https:\/\/sanatate.md\/ro\/boli-si-tratament\/boli-infectioase\/"]}]},{"@type":"BreadcrumbList","@id":"https:\/\/sanatate.md\/ro\/boli-si-tratament\/boli-infectioase\/#breadcrumb","itemListElement":[{"@type":"ListItem","position":1,"name":"\u0413\u043b\u0430\u0432\u043d\u0430\u044f \u0441\u0442\u0440\u0430\u043d\u0438\u0446\u0430","item":"https:\/\/sanatate.md\/ro\/"},{"@type":"ListItem","position":2,"name":"Boli si tratament","item":"https:\/\/sanatate.md\/ro\/boli-si-tratament\/"},{"@type":"ListItem","position":3,"name":"Boli infec\u021bioase"}]},{"@type":"WebSite","@id":"https:\/\/sanatate.md\/ro\/#website","url":"https:\/\/sanatate.md\/ro\/","name":"Sanatate.md","description":"\u0416\u0443\u0440\u043d\u0430\u043b \u0434\u043b\u044f \u0432\u0441\u0435\u0439 \u0441\u0435\u043c\u044c\u0438 \u0432 \u041c\u043e\u043b\u0434\u043e\u0432\u0435","publisher":{"@id":"https:\/\/sanatate.md\/ro\/#organization"},"potentialAction":[{"@type":"SearchAction","target":{"@type":"EntryPoint","urlTemplate":"https:\/\/sanatate.md\/ro\/?s={search_term_string}"},"query-input":{"@type":"PropertyValueSpecification","valueRequired":true,"valueName":"search_term_string"}}],"inLanguage":"ro-RO"},{"@type":"Organization","@id":"https:\/\/sanatate.md\/ro\/#organization","name":"SANATATE","url":"https:\/\/sanatate.md\/ro\/","logo":{"@type":"ImageObject","inLanguage":"ro-RO","@id":"https:\/\/sanatate.md\/ro\/#\/schema\/logo\/image\/","url":"https:\/\/sanatate.md\/wp-content\/uploads\/2022\/01\/sanatate-logo.svg","contentUrl":"https:\/\/sanatate.md\/wp-content\/uploads\/2022\/01\/sanatate-logo.svg","width":"1024","height":"1024","caption":"SANATATE"},"image":{"@id":"https:\/\/sanatate.md\/ro\/#\/schema\/logo\/image\/"}}]}},"_links":{"self":[{"href":"https:\/\/sanatate.md\/ro\/wp-json\/wp\/v2\/pages\/43668","targetHints":{"allow":["GET"]}}],"collection":[{"href":"https:\/\/sanatate.md\/ro\/wp-json\/wp\/v2\/pages"}],"about":[{"href":"https:\/\/sanatate.md\/ro\/wp-json\/wp\/v2\/types\/page"}],"author":[{"embeddable":true,"href":"https:\/\/sanatate.md\/ro\/wp-json\/wp\/v2\/users\/28"}],"replies":[{"embeddable":true,"href":"https:\/\/sanatate.md\/ro\/wp-json\/wp\/v2\/comments?post=43668"}],"version-history":[{"count":0,"href":"https:\/\/sanatate.md\/ro\/wp-json\/wp\/v2\/pages\/43668\/revisions"}],"up":[{"embeddable":true,"href":"https:\/\/sanatate.md\/ro\/wp-json\/wp\/v2\/pages\/38214"}],"wp:attachment":[{"href":"https:\/\/sanatate.md\/ro\/wp-json\/wp\/v2\/media?parent=43668"}],"curies":[{"name":"wp","href":"https:\/\/api.w.org\/{rel}","templated":true}]}}