{"id":43672,"date":"2017-11-06T20:41:09","date_gmt":"2017-11-06T17:41:09","guid":{"rendered":"https:\/\/sanatate.md\/?page_id=43672"},"modified":"2018-01-06T12:23:36","modified_gmt":"2018-01-06T09:23:36","slug":"tifosul-abdominal","status":"publish","type":"page","link":"https:\/\/sanatate.md\/ro\/boli-si-tratament\/boli-infectioase\/tifosul-abdominal\/","title":{"rendered":"Tifosul abdominal"},"content":{"rendered":"<p>Tifosul abdominal face parte din grupa infec\u0163iilor acute ale bolilor intestinale. Ea este provocat\u0103 de microorganismul care se nume\u015fte Salmonellatyphi. Microbul \u00een cauz\u0103 \u00ee\u015fi p\u0103streaz\u0103 activitatea \u00een apa potabil\u0103 \u015fi sol pe parcursul a 5 luni. Bacteria poate fi distrus\u0103 \u00een cazul \u00een care se efectuiaz\u0103 prelucrarea termic\u0103 sau prin intermediul unei solu\u0163ii de dezinfectare.<\/p>\n<p>Sursa agentului provocator al infec\u0163iei \u00een cauz\u0103 este omul bolnav sau purt\u0103torul de virus. Bacilul de salmonel\u0103 se transmite pe cale fecalo-oral\u0103, adic\u0103 prin intermediul m\u00eenilor nesp\u0103late, prin intermediul apelor de canalizare contaminate sau de ladiferite insecte. Cele mai periculoase sunt focarele bolii \u00een cauz\u0103 provocate de consumul alimentelor contaminate de salmonel\u0103 &#8211; a ou\u0103lor, c\u0103rnii \u015fi a produselor lactate.<\/p>\n<h3>Simptomele \u015fi decurgerea bolii<\/h3>\n<p>\u00cen majoritatea cazurilor tipice tifosul abdominal se manifest\u0103 treptat cu tendin\u0163a \u00een<br \/>\ncre\u015ftere a simptomelor specifice bolii date:<\/p>\n<ul>\n<li>Sc\u0103derea brusc\u0103 a poftei de m\u00eencare;<\/li>\n<li>Cre\u015fterea temperaturii corpului p\u00een\u0103 la 39 de grade \u015fi mai sus;<\/li>\n<li>Tulbur\u0103rile de somn,insomniile;<\/li>\n<li>Mole\u015feala,sl\u0103birea general\u0103 a organismului;<\/li>\n<li>Durerile de cap;<\/li>\n<li>Scaunul neregulat,meteorismul;<\/li>\n<li>Erup\u0163iile caracteristice \u00een zona abdomenului \u015fi a p\u0103r\u0163ii inferioare a toracelui (a \u015faptea-a noua zi de boal\u0103). Erup\u0163iile sunt numite rozeole \u015fi arat\u0103 ca ni\u015fte pete nu prea mari \u015fi rotunde cu marginile clar distinctive ce se afl\u0103 deasupra stratului cutanat.<\/li>\n<\/ul>\n<p>\u00cen afar\u0103 de aceasta la pacient se observ\u0103 o retardare \u00een mi\u015fc\u0103ri, puls \u00eencetiniri, indici sc\u0103zu\u0163i ai tensiunii arteriale, stratul cutanat palid. Caracteristic pentru aceast\u0103 maladie este felul cum arat\u0103 limba. Ea este uscat\u0103,cu cr\u0103p\u0103turi \u015fi cu pl\u0103ci de culoare cafenie, care apar \u00een sec\u0163iunea intermediar\u0103 a organului.<\/p>\n<p>La fel pacientul aude sunete nespecifice ce survin din intestinul orb \u015fi simte dureri \u00een ipohondriul drept, ficatul \u015fi splina sunt foarte m\u0103rite. P\u00een\u0103 la a patra s\u0103pt\u0103m\u00een\u0103 a maladiei \u00een cauz\u0103 bolnavul simte o \u00eembun\u0103t\u0103\u0163ire a s\u0103n\u0103t\u0103\u0163ii \u015fi dispar simptomele enumerate mai sus. \u00cens\u0103 exist\u0103 pericolul apari\u0163iei unor complica\u0163ii, pe care le poate da maladia. E vorba de perforarea intestinal\u0103 \u015fi s\u00eenger\u0103rile interne.<\/p>\n<h3>Tratament \u015fi profilactic\u0103<\/h3>\n<p>Boala \u00een cauz\u0103 se trateaz\u0103 cu un preparat ce are ac\u0163iune antimicrobian\u0103 \u015fi acesta este levomicetinul. Paralel se introduce intravenos solu\u0163ia de clorur\u0103 de sodiu \u015fi solu\u0163ia de glucoz\u0103 de 5%. Pacientul trebuie neap\u0103rat s\u0103 respecte regimul de pat. \u00cen cazuri mai comlicate \u00een procesul de tratare se mai administreaz\u0103 \u015fi corticosteroizi. M\u0103surile profilactice de prevenire a bolii \u00een cauz\u0103:<\/p>\n<ul>\n<li>Inspec\u0163iile sanitare frecvente \u00een cadrul \u00eentreprinderilor ce \u0163in de industria alimentar\u0103;<\/li>\n<li>Depistarea \u015fi izolarea persoanelor bolnave;<\/li>\n<li>Dezinfectarea calitativ\u0103 a vaselor, hainelor, lenjeriei de pat \u015fi a \u00eenc\u0103perilor;<\/li>\n<li>Lupta cu insectele (mu\u015fte,g\u00eendaci).<\/li>\n<\/ul>\n<p>Oamenii, care au suferit de maladia \u00een cauz\u0103, vor fi sub observa\u0163ia speciali\u0219tilor pe<br \/>\nparcursul \u00eentregii vie\u0163i.<\/p>\n","protected":false},"excerpt":{"rendered":"<p>Tifosul abdominal face parte din grupa infec\u0163iilor acute ale bolilor intestinale. Ea este provocat\u0103 de microorganismul care se nume\u015fte Salmonellatyphi. Microbul \u00een cauz\u0103 \u00ee\u015fi p\u0103streaz\u0103 activitatea \u00een apa potabil\u0103 \u015fi sol pe parcursul a 5 luni. Bacteria poate fi distrus\u0103 \u00een cazul \u00een care se efectuiaz\u0103 prelucrarea termic\u0103 sau prin intermediul unei solu\u0163ii de dezinfectare. [&hellip;]<\/p>\n","protected":false},"author":28,"featured_media":0,"parent":43668,"menu_order":0,"comment_status":"closed","ping_status":"closed","template":"","meta":{"inline_featured_image":false,"footnotes":""},"class_list":["post-43672","page","type-page","status-publish"],"yoast_head":"<!-- This site is optimized with the Yoast SEO plugin v27.3 - https:\/\/yoast.com\/product\/yoast-seo-wordpress\/ -->\n<title>Tifosul abdominal<\/title>\n<meta name=\"description\" content=\"Tifosul abdominal face parte din grupa infec\u0163iilor acute ale bolilor intestinale.\" \/>\n<meta name=\"robots\" content=\"index, follow, max-snippet:-1, max-image-preview:large, max-video-preview:-1\" \/>\n<link rel=\"canonical\" href=\"https:\/\/sanatate.md\/ro\/boli-si-tratament\/boli-infectioase\/tifosul-abdominal\/\" \/>\n<meta property=\"og:locale\" content=\"ro_RO\" \/>\n<meta property=\"og:type\" content=\"article\" \/>\n<meta property=\"og:title\" content=\"Tifosul abdominal\" \/>\n<meta property=\"og:description\" content=\"Tifosul abdominal face parte din grupa infec\u0163iilor acute ale bolilor intestinale.\" \/>\n<meta property=\"og:url\" content=\"https:\/\/sanatate.md\/ro\/boli-si-tratament\/boli-infectioase\/tifosul-abdominal\/\" \/>\n<meta property=\"og:site_name\" content=\"Sanatate.md\" \/>\n<meta property=\"article:modified_time\" content=\"2018-01-06T09:23:36+00:00\" \/>\n<meta name=\"twitter:card\" content=\"summary_large_image\" \/>\n<meta name=\"twitter:label1\" content=\"Timp estimat pentru citire\" \/>\n\t<meta name=\"twitter:data1\" content=\"2 minute\" \/>\n<script type=\"application\/ld+json\" class=\"yoast-schema-graph\">{\"@context\":\"https:\\\/\\\/schema.org\",\"@graph\":[{\"@type\":\"WebPage\",\"@id\":\"https:\\\/\\\/sanatate.md\\\/ro\\\/boli-si-tratament\\\/boli-infectioase\\\/tifosul-abdominal\\\/\",\"url\":\"https:\\\/\\\/sanatate.md\\\/ro\\\/boli-si-tratament\\\/boli-infectioase\\\/tifosul-abdominal\\\/\",\"name\":\"Tifosul abdominal\",\"isPartOf\":{\"@id\":\"https:\\\/\\\/sanatate.md\\\/ro\\\/#website\"},\"datePublished\":\"2017-11-06T17:41:09+00:00\",\"dateModified\":\"2018-01-06T09:23:36+00:00\",\"description\":\"Tifosul abdominal face parte din grupa infec\u0163iilor acute ale bolilor intestinale.\",\"breadcrumb\":{\"@id\":\"https:\\\/\\\/sanatate.md\\\/ro\\\/boli-si-tratament\\\/boli-infectioase\\\/tifosul-abdominal\\\/#breadcrumb\"},\"inLanguage\":\"ro-RO\",\"potentialAction\":[{\"@type\":\"ReadAction\",\"target\":[\"https:\\\/\\\/sanatate.md\\\/ro\\\/boli-si-tratament\\\/boli-infectioase\\\/tifosul-abdominal\\\/\"]}]},{\"@type\":\"BreadcrumbList\",\"@id\":\"https:\\\/\\\/sanatate.md\\\/ro\\\/boli-si-tratament\\\/boli-infectioase\\\/tifosul-abdominal\\\/#breadcrumb\",\"itemListElement\":[{\"@type\":\"ListItem\",\"position\":1,\"name\":\"\u0413\u043b\u0430\u0432\u043d\u0430\u044f \u0441\u0442\u0440\u0430\u043d\u0438\u0446\u0430\",\"item\":\"https:\\\/\\\/sanatate.md\\\/ro\\\/\"},{\"@type\":\"ListItem\",\"position\":2,\"name\":\"Boli si tratament\",\"item\":\"https:\\\/\\\/sanatate.md\\\/ro\\\/boli-si-tratament\\\/\"},{\"@type\":\"ListItem\",\"position\":3,\"name\":\"Boli infec\u021bioase\",\"item\":\"https:\\\/\\\/sanatate.md\\\/ro\\\/boli-si-tratament\\\/boli-infectioase\\\/\"},{\"@type\":\"ListItem\",\"position\":4,\"name\":\"Tifosul abdominal\"}]},{\"@type\":\"WebSite\",\"@id\":\"https:\\\/\\\/sanatate.md\\\/ro\\\/#website\",\"url\":\"https:\\\/\\\/sanatate.md\\\/ro\\\/\",\"name\":\"Sanatate.md\",\"description\":\"\u0416\u0443\u0440\u043d\u0430\u043b \u0434\u043b\u044f \u0432\u0441\u0435\u0439 \u0441\u0435\u043c\u044c\u0438 \u0432 \u041c\u043e\u043b\u0434\u043e\u0432\u0435\",\"publisher\":{\"@id\":\"https:\\\/\\\/sanatate.md\\\/ro\\\/#organization\"},\"potentialAction\":[{\"@type\":\"SearchAction\",\"target\":{\"@type\":\"EntryPoint\",\"urlTemplate\":\"https:\\\/\\\/sanatate.md\\\/ro\\\/?s={search_term_string}\"},\"query-input\":{\"@type\":\"PropertyValueSpecification\",\"valueRequired\":true,\"valueName\":\"search_term_string\"}}],\"inLanguage\":\"ro-RO\"},{\"@type\":\"Organization\",\"@id\":\"https:\\\/\\\/sanatate.md\\\/ro\\\/#organization\",\"name\":\"SANATATE\",\"url\":\"https:\\\/\\\/sanatate.md\\\/ro\\\/\",\"logo\":{\"@type\":\"ImageObject\",\"inLanguage\":\"ro-RO\",\"@id\":\"https:\\\/\\\/sanatate.md\\\/ro\\\/#\\\/schema\\\/logo\\\/image\\\/\",\"url\":\"https:\\\/\\\/sanatate.md\\\/wp-content\\\/uploads\\\/2022\\\/01\\\/sanatate-logo.svg\",\"contentUrl\":\"https:\\\/\\\/sanatate.md\\\/wp-content\\\/uploads\\\/2022\\\/01\\\/sanatate-logo.svg\",\"width\":\"1024\",\"height\":\"1024\",\"caption\":\"SANATATE\"},\"image\":{\"@id\":\"https:\\\/\\\/sanatate.md\\\/ro\\\/#\\\/schema\\\/logo\\\/image\\\/\"}}]}<\/script>\n<!-- \/ Yoast SEO plugin. -->","yoast_head_json":{"title":"Tifosul abdominal","description":"Tifosul abdominal face parte din grupa infec\u0163iilor acute ale bolilor intestinale.","robots":{"index":"index","follow":"follow","max-snippet":"max-snippet:-1","max-image-preview":"max-image-preview:large","max-video-preview":"max-video-preview:-1"},"canonical":"https:\/\/sanatate.md\/ro\/boli-si-tratament\/boli-infectioase\/tifosul-abdominal\/","og_locale":"ro_RO","og_type":"article","og_title":"Tifosul abdominal","og_description":"Tifosul abdominal face parte din grupa infec\u0163iilor acute ale bolilor intestinale.","og_url":"https:\/\/sanatate.md\/ro\/boli-si-tratament\/boli-infectioase\/tifosul-abdominal\/","og_site_name":"Sanatate.md","article_modified_time":"2018-01-06T09:23:36+00:00","twitter_card":"summary_large_image","twitter_misc":{"Timp estimat pentru citire":"2 minute"},"schema":{"@context":"https:\/\/schema.org","@graph":[{"@type":"WebPage","@id":"https:\/\/sanatate.md\/ro\/boli-si-tratament\/boli-infectioase\/tifosul-abdominal\/","url":"https:\/\/sanatate.md\/ro\/boli-si-tratament\/boli-infectioase\/tifosul-abdominal\/","name":"Tifosul abdominal","isPartOf":{"@id":"https:\/\/sanatate.md\/ro\/#website"},"datePublished":"2017-11-06T17:41:09+00:00","dateModified":"2018-01-06T09:23:36+00:00","description":"Tifosul abdominal face parte din grupa infec\u0163iilor acute ale bolilor intestinale.","breadcrumb":{"@id":"https:\/\/sanatate.md\/ro\/boli-si-tratament\/boli-infectioase\/tifosul-abdominal\/#breadcrumb"},"inLanguage":"ro-RO","potentialAction":[{"@type":"ReadAction","target":["https:\/\/sanatate.md\/ro\/boli-si-tratament\/boli-infectioase\/tifosul-abdominal\/"]}]},{"@type":"BreadcrumbList","@id":"https:\/\/sanatate.md\/ro\/boli-si-tratament\/boli-infectioase\/tifosul-abdominal\/#breadcrumb","itemListElement":[{"@type":"ListItem","position":1,"name":"\u0413\u043b\u0430\u0432\u043d\u0430\u044f \u0441\u0442\u0440\u0430\u043d\u0438\u0446\u0430","item":"https:\/\/sanatate.md\/ro\/"},{"@type":"ListItem","position":2,"name":"Boli si tratament","item":"https:\/\/sanatate.md\/ro\/boli-si-tratament\/"},{"@type":"ListItem","position":3,"name":"Boli infec\u021bioase","item":"https:\/\/sanatate.md\/ro\/boli-si-tratament\/boli-infectioase\/"},{"@type":"ListItem","position":4,"name":"Tifosul abdominal"}]},{"@type":"WebSite","@id":"https:\/\/sanatate.md\/ro\/#website","url":"https:\/\/sanatate.md\/ro\/","name":"Sanatate.md","description":"\u0416\u0443\u0440\u043d\u0430\u043b \u0434\u043b\u044f \u0432\u0441\u0435\u0439 \u0441\u0435\u043c\u044c\u0438 \u0432 \u041c\u043e\u043b\u0434\u043e\u0432\u0435","publisher":{"@id":"https:\/\/sanatate.md\/ro\/#organization"},"potentialAction":[{"@type":"SearchAction","target":{"@type":"EntryPoint","urlTemplate":"https:\/\/sanatate.md\/ro\/?s={search_term_string}"},"query-input":{"@type":"PropertyValueSpecification","valueRequired":true,"valueName":"search_term_string"}}],"inLanguage":"ro-RO"},{"@type":"Organization","@id":"https:\/\/sanatate.md\/ro\/#organization","name":"SANATATE","url":"https:\/\/sanatate.md\/ro\/","logo":{"@type":"ImageObject","inLanguage":"ro-RO","@id":"https:\/\/sanatate.md\/ro\/#\/schema\/logo\/image\/","url":"https:\/\/sanatate.md\/wp-content\/uploads\/2022\/01\/sanatate-logo.svg","contentUrl":"https:\/\/sanatate.md\/wp-content\/uploads\/2022\/01\/sanatate-logo.svg","width":"1024","height":"1024","caption":"SANATATE"},"image":{"@id":"https:\/\/sanatate.md\/ro\/#\/schema\/logo\/image\/"}}]}},"_links":{"self":[{"href":"https:\/\/sanatate.md\/ro\/wp-json\/wp\/v2\/pages\/43672","targetHints":{"allow":["GET"]}}],"collection":[{"href":"https:\/\/sanatate.md\/ro\/wp-json\/wp\/v2\/pages"}],"about":[{"href":"https:\/\/sanatate.md\/ro\/wp-json\/wp\/v2\/types\/page"}],"author":[{"embeddable":true,"href":"https:\/\/sanatate.md\/ro\/wp-json\/wp\/v2\/users\/28"}],"replies":[{"embeddable":true,"href":"https:\/\/sanatate.md\/ro\/wp-json\/wp\/v2\/comments?post=43672"}],"version-history":[{"count":0,"href":"https:\/\/sanatate.md\/ro\/wp-json\/wp\/v2\/pages\/43672\/revisions"}],"up":[{"embeddable":true,"href":"https:\/\/sanatate.md\/ro\/wp-json\/wp\/v2\/pages\/43668"}],"wp:attachment":[{"href":"https:\/\/sanatate.md\/ro\/wp-json\/wp\/v2\/media?parent=43672"}],"curies":[{"name":"wp","href":"https:\/\/api.w.org\/{rel}","templated":true}]}}