{"id":43680,"date":"2017-11-06T21:01:18","date_gmt":"2017-11-06T18:01:18","guid":{"rendered":"https:\/\/sanatate.md\/?page_id=43680"},"modified":"2019-04-02T12:31:02","modified_gmt":"2019-04-02T09:31:02","slug":"avortul-intreruperea-sarcinii","status":"publish","type":"page","link":"https:\/\/sanatate.md\/ro\/boli-si-tratament\/boli-ale-femeilor\/avortul-intreruperea-sarcinii\/","title":{"rendered":"Avortul (\u00eentreruperea sarcinii)"},"content":{"rendered":"<p>\u00centreruperea sarcinii, care este efectuat\u0103 pe o cale artificial\u0103 (p\u00een\u0103 la 22 de s\u0103pt\u0103m\u00eeni), se nume\u015fte avort.\u00a0 A\u015fa fel de \u00eentrerupere se poate efectua p\u00een\u0103 la a 12-a s\u0103pt\u0103m\u00een\u0103 de sarcin\u0103.<\/p>\n<h3>Tipurile de avort<\/h3>\n<h3>Avortul medicamentos<\/h3>\n<p>Pentru \u00a0realizarea unui astfel de tip de avort femeia e nevoit\u0103 s\u0103\u00a0 viziteze medicul de trei ori. Dup\u0103 prima vizit\u0103 \u00a0va lua un preparat, care se nume\u015ftea Mifepriston 600mg. Asemenea preparat se ia doar sub supravegherea sever\u0103 a medicului. Mifepriston \u00eentrerupe sarcina, bloc\u00eend ac\u0163iunea progesteronului.<\/p>\n<p>Peste 36-48 de ore dup\u0103 administrarea Mifepristonului, pacienta e nevoit\u0103 din nou s\u0103 mai fac\u0103 o vizit\u0103 la medici.\u00ce se va indica un preparat, care con\u0163ine prostaglandine. Asemenea medicament provoac\u0103 comprimarea uterului ceea ce duce la pierderea f\u0103tului.<\/p>\n<p>Ca consecin\u021b\u0103 apar\u00a0 s\u00eenger\u0103ri, care amintesc intr-un mod oarecare de ciclul menstrual, \u00eens\u0103, elimin\u0103rile \u00een cauz\u0103 sunt mai abundente .Aceste s\u00eenger\u0103ri se termin\u0103 aproximativ peste dou\u0103 s\u0103pt\u0103m\u00eeni, \u00een cazul \u00een care interven\u0163ia medicamentoas\u0103 \u015fi-a f\u0103cut efectul.<\/p>\n<p>Pe parcursul a 8-14 zile dup\u0103 ce s-a luat prima pastil\u0103, medicul efectuiaz\u0103 \u00een mod obligatoriu ultrasonografia. Eficacitatea metodei respective (Mifepriston+prostaglandide ) de \u00eentrerupere a sarcinii constituie aproximativ 95-96\u00a0 procente.<\/p>\n<p>Aceast\u0103 metod\u0103 poate fi considerat\u0103 una dintre cele mai inofensive.<\/p>\n<h3>Mini-avortul (Vacuum-aspira\u0163ia)<\/h3>\n<p>Asemenea procedur\u0103 se efectuiaz\u0103, c\u00eend pacienta are deja termenul de circa 5 s\u0103pt\u0103m\u00eeni de sarcin\u0103. \u00cen timpul unei asemenea interven\u0163ii f\u0103tul este supt (extras) prin intermediul unui dispozitiv special &#8211;\u00a0\u00a0 un catetor de unic\u0103 folosin\u0163\u0103. Procedura duraz\u0103 doar 5 minute \u015fi se efectuiaz\u0103 sub narcoz\u0103 local\u0103. Dup\u0103 interven\u0163ia respectiv\u0103 femeia trebuie s\u0103 stea culcat\u0103\u00a0 30-40 de minute.<\/p>\n<h3>Dilatarea \u015fi chiuretajul (Abrazio cavi uteri)<\/h3>\n<p>Procedura de chiuretaj se efectuiaz\u0103 atunci, c\u00eend termenul de sarcin\u0103 e de 12-16 s\u0103pt\u0103m\u00eeni. \u00cen cazul dat pacienta trebuie s\u0103 se interneze \u00een spital. Se face o narcoz\u0103 general\u0103, medicul deschide uterul prin intermediul unor instrumente speciale \u015fi apoi cur\u0103\u0163\u0103 oul fetal cu ajutorul chiuretelui. La fel acestei proceduri sunt supuse placenta\u00a0 \u015fi mucoasa uterin\u0103.<\/p>\n<h3>Na\u015fterea artificial\u0103<\/h3>\n<p>Na\u015fterea artificial\u0103 se efectuiaz\u0103 atunci, c\u00eend termenul este de circa 20 de s\u0103pt\u0103m\u00eeni &#8211; se provoac\u0103 o na\u015ftere prematur\u0103. La aceast\u0103 procedur\u0103 medicii mai recurge \u015fi\u00a0 c\u00eend femeia are peste\u00a0 41 de s\u0103pt\u0103m\u00eeni de sarcin\u0103.<\/p>\n<p>Pentru termenul de \u201ena\u015ftere artificial\u0103\u201d mai putem utiliza \u015fi no\u0163iunea de cezarian\u0103. Dac\u0103 se recurge la asemenea metod\u0103,\u00a0 pacienta \u00een mod obligatoriu trebuie s\u0103 ia hormonul\u00a0 Prostaglandin. Acest hormon provoac\u0103 contrac\u0163iile \u015fi deschiderea\u00a0\u00a0\u00a0 uterului. Procedura \u00een cazu\u0103 nu este dureroas\u0103, dar ia mult timp \u015fi anume din aceast\u0103 cauz\u0103, medicul utilizeaz\u0103 hormonl indicat mai sus \u00eempreun\u0103 cu Mifeghinul (Mifepriston).<\/p>\n<h3>\u00centreruperea sarcinii ca prescriere medical\u0103<\/h3>\n<p>\u00centreruperea sarcinii se face \u00een cauzele: sociale sau medicale. \u00cen asemenea situa\u021bii permisiunea de a \u00eentrerupe sarcina este dat\u0103 de o comisie special\u0103. Cu c\u00eet mai timpuriu va fi efectuat\u0103 aceast\u0103 manipulare, cu at\u00eet mai pu\u0163ine probleme de s\u0103n\u0103tate va avea pacienta \u00een viitor. \u00cen cazul \u00een care femeia a con\u0219tientizat c\u0103 este \u00eens\u0103rcinat\u0103 \u015fi vrea s\u0103 p\u0103streze sarcina respectiv\u0103, e de dorit ca \u00een timpul cel mai apropiat s\u0103 fac\u0103 o vizit\u0103 medicului pentru a se convinge, c\u0103 totul decurge normal. \u00cen cazul \u00een care se depisteaz\u0103 anumite neregularit\u0103\u0163i, ar fi de dorit ca \u00eentreruperea sarcinii s\u0103 se fac\u0103 p\u00een\u0103 la termenul de 6-7 s\u0103pt\u0103m\u00eeni.<\/p>\n<h3>Metodele populare<\/h3>\n<p>Dac\u0103 femeia a luat decizia de a avorta, dar nu vrea s\u0103 se adreseze la medic, \u00eencearc\u0103 s\u0103 se foloseasc\u0103 \u015fi de metodele populare. Trebuie totu\u015fi s\u0103 men\u0163ion\u0103m, c\u0103 asemenea \u00eentreruperi de sarcin\u0103 sunt foarte periculoase pentru s\u0103n\u0103tate \u015fi pot avea\u00a0 consecin\u0163e foarte grave.<\/p>\n<p>Una dintre metodele periculoase este utilizarea vetricei. Aceast\u0103 plant\u0103 con\u0163ine substan\u0163e toxice, care omoar\u0103 embrionul \u0219i are consecin\u0163e extrem de grave: embrionul putreze\u015fte \u00een corpul femeii \u015fi se produce intoxicarea \u00eentregului organism. Dac\u0103 femeia nu se adreseaz\u0103 medicului, atunci aceasta situa\u021bie poate duce la un rezultat letal.<\/p>\n<p>La fel mai este cunoscut\u0103 metoda \u00een care se utilizeaz\u0103 lapte + iod. Acest amestec, care este foarte toxic\u0103, la r\u00eendul s\u0103u influen\u0163eaz\u0103 foarte negativ asupra s\u0103n\u0103t\u0103\u0163ii. Solu\u0163ia \u00een cauz\u0103 provoac\u0103 estomparea sarcinii. Dup\u0103 ce a fost luat acest con\u021binut posibil s\u0103 apar\u0103 voma, s\u0103 apar\u0103 febra \u015fi s\u0103 se produc\u0103 o intoxica\u0163ie total\u0103 a organismului. E de recomandat,\u00a0 s\u0103 nu apela\u0163i la asemenea metode. mai bine. \u00cen asemenea situa\u021bii &#8212; v\u0103 adresa\u0163i la medic.<\/p>\n<h3>Consecin\u0163ele<\/h3>\n<p>Avortull provoac\u0103 multe complica\u0163ii. De exemplu: deoarece medicul nu \u00eentotdeauna poate s\u0103 extrag\u0103 \u00een totalmente embrionul,\u00a0 chiar \u015fi \u00een cazul mini-avortului, pot ap\u0103rea anumite inflama\u0163ii, care necesit\u0103 interven\u0163ie chirurgical\u0103. Alte consecin\u0163e ale avortului dat sunt: elimin\u0103rile abundente, infectarea tractului urogenital, disfunc\u0163ia ciclului menstrual.<\/p>\n<p>Prima sarcin\u0103 finisat\u0103 cu avort \u00ee\u015fi are consecin\u0163ele sale. Multe femei sunt \u00eencrezute, c\u0103 dup\u0103 avortul \u00een cauz\u0103 vor mai avea copii s\u0103n\u0103to\u015fi, dar, din p\u0103cate, aceasta nu se realizeaz\u0103 \u00eentotdeauna. Conform statisticii la 15 procente din aceste femei apar probleme ce \u0163in de: ducerea sarcinii \u015fi na\u015fterea copilului. Unele paciente au cicluri foarte dureroase, apar boli ginecologice, chisturi \u015fi tumori.<\/p>\n<h3>Termenul limit\u0103 de \u00eentrerupere a sarcinii<\/h3>\n<p>\u00centrerupera sarcinii este un pas destul de serios \u015fi foarte periculos. Dac\u0103 totu\u015fi femeia s-a hot\u0103r\u00eet s\u0103 avorteze sau a fost nevoit\u0103, trebuie s\u0103 cunoasc\u0103 neap\u0103rat\u00a0\u00a0 consecin\u0163ele unei asemenea interven\u0163ii, la fel \u015fi termenii limit\u0103 de efectuare a unei asemenea proceduri. \u00centreruperea sarcinii e posibil\u0103 p\u00een\u0103 la a 22-a s\u0103pt\u0103m\u00een\u0103.<\/p>\n<h3>\u00centreruperea sarcinii la termen mic<\/h3>\n<p>Avortul la etapa incipient\u0103 a sarcinii este considerat cel mai inofensiv. Dac\u0103 femeia s-a hot\u0103r\u00eet s\u0103 avorteze la a 5-a s\u0103pt\u0103m\u00een\u0103 de sarcin\u0103, ea,\u00a0 practic, a exclus toate consecin\u0163ele \u015fi complica\u0163iile. La aceast\u0103 etap\u0103 avortul se realizeaz\u0103 doar la nivel medicinal.<\/p>\n<h3>Complica\u0163iile posiile<\/h3>\n<p>C\u0103 \u00eentreruperea unei sarcini provoac\u0103 anumete complica\u0163ii\u00a0 mai timpurii sau mai t\u00eerzii e cert. Printre cele timpurii am men\u0163iona urm\u0103toarele: endometriul, inflama\u0163ia r\u0103m\u0103\u015fi\u0163elor. Complica\u0163iile t\u00eerzii la fel sunt periculoase: vicii \u00een ceea ce prive\u015fte dezvoltarea deja a copilului dorit, tumori la s\u00eeni sau la uter.<\/p>\n<h3>Sarcina dup\u0103 avort<\/h3>\n<p>Multe femei \u00ee\u015fi pun \u00eentrebarea dac\u0103 vor mai putea r\u0103m\u00eene \u00eens\u0103rcinate dup\u0103 un avort. Este foarte individual deoarece fiecare \u00ee\u0219i \u00eentrerupe sarcina \u00eentr-un fel sau altul. Totu\u015fi riscul, c\u0103 femeia nu va\u00a0 mai putea r\u0103m\u00eene \u00eens\u0103rcinat\u0103 sau na\u015fte un copil s\u0103n\u0103tos, este destul de mare. Nu rareori dup\u0103 asemenea interven\u0163ii femeile\u00a0 pierd copilul sau au na\u015fteri premature.<\/p>\n<p>Aceat pas\u00a0 &#8211; ]ntreruperea sarcinii &#8211; trebuie s\u0103 fie bine g\u00eendit, doar femeia practic \u00ee\u015fi omoar\u0103 propriul copil. F\u0103tul deja \u00eencepe s\u0103 se formeze chiar dac\u0103 \u00eenc\u0103 este embrion. Totu\u015fi dac\u0103 \u00eemprejur\u0103rile o determin\u0103 pe femeie s\u0103 fac\u0103 asemenea pas, ea trebuie s\u0103\u00a0 se adreseze la un medic calificat,\u00a0 cu destul\u0103 exsperien\u021b\u0103.<\/p>\n","protected":false},"excerpt":{"rendered":"<p>\u00centreruperea sarcinii, care este efectuat\u0103 pe o cale artificial\u0103 (p\u00een\u0103 la 22 de s\u0103pt\u0103m\u00eeni), se nume\u015fte avort.\u00a0 A\u015fa fel de \u00eentrerupere se poate efectua p\u00een\u0103 la a 12-a s\u0103pt\u0103m\u00een\u0103 de sarcin\u0103. Tipurile de avort Avortul medicamentos Pentru \u00a0realizarea unui astfel de tip de avort femeia e nevoit\u0103 s\u0103\u00a0 viziteze medicul de trei ori. Dup\u0103 prima [&hellip;]<\/p>\n","protected":false},"author":28,"featured_media":0,"parent":38235,"menu_order":1,"comment_status":"closed","ping_status":"closed","template":"","meta":{"inline_featured_image":false,"footnotes":""},"class_list":["post-43680","page","type-page","status-publish"],"yoast_head":"<!-- This site is optimized with the Yoast SEO plugin v27.3 - https:\/\/yoast.com\/product\/yoast-seo-wordpress\/ -->\n<title>Avortul: termenul limit\u0103 de \u00eentrerupere a sarcinii<\/title>\n<meta name=\"description\" content=\"\u00centreruperea sarcinii, care este efectuat\u0103 pe o cale artificial\u0103 (p\u00een\u0103 la 22 de s\u0103pt\u0103m\u00eeni), se nume\u015fte avort.\" \/>\n<meta name=\"robots\" content=\"index, follow, max-snippet:-1, max-image-preview:large, max-video-preview:-1\" \/>\n<link rel=\"canonical\" href=\"https:\/\/sanatate.md\/ro\/boli-si-tratament\/boli-ale-femeilor\/avortul-intreruperea-sarcinii\/\" \/>\n<meta property=\"og:locale\" content=\"ro_RO\" \/>\n<meta property=\"og:type\" content=\"article\" \/>\n<meta property=\"og:title\" content=\"Avortul: termenul limit\u0103 de \u00eentrerupere a sarcinii\" \/>\n<meta property=\"og:description\" content=\"\u00centreruperea sarcinii, care este efectuat\u0103 pe o cale artificial\u0103 (p\u00een\u0103 la 22 de s\u0103pt\u0103m\u00eeni), se nume\u015fte avort.\" \/>\n<meta property=\"og:url\" content=\"https:\/\/sanatate.md\/ro\/boli-si-tratament\/boli-ale-femeilor\/avortul-intreruperea-sarcinii\/\" \/>\n<meta property=\"og:site_name\" content=\"Sanatate.md\" \/>\n<meta property=\"article:modified_time\" content=\"2019-04-02T09:31:02+00:00\" \/>\n<meta name=\"twitter:card\" content=\"summary_large_image\" \/>\n<meta name=\"twitter:label1\" content=\"Timp estimat pentru citire\" \/>\n\t<meta name=\"twitter:data1\" content=\"6 minute\" \/>\n<script type=\"application\/ld+json\" class=\"yoast-schema-graph\">{\"@context\":\"https:\\\/\\\/schema.org\",\"@graph\":[{\"@type\":\"WebPage\",\"@id\":\"https:\\\/\\\/sanatate.md\\\/ro\\\/boli-si-tratament\\\/boli-ale-femeilor\\\/avortul-intreruperea-sarcinii\\\/\",\"url\":\"https:\\\/\\\/sanatate.md\\\/ro\\\/boli-si-tratament\\\/boli-ale-femeilor\\\/avortul-intreruperea-sarcinii\\\/\",\"name\":\"Avortul: termenul limit\u0103 de \u00eentrerupere a sarcinii\",\"isPartOf\":{\"@id\":\"https:\\\/\\\/sanatate.md\\\/ro\\\/#website\"},\"datePublished\":\"2017-11-06T18:01:18+00:00\",\"dateModified\":\"2019-04-02T09:31:02+00:00\",\"description\":\"\u00centreruperea sarcinii, care este efectuat\u0103 pe o cale artificial\u0103 (p\u00een\u0103 la 22 de s\u0103pt\u0103m\u00eeni), se nume\u015fte avort.\",\"breadcrumb\":{\"@id\":\"https:\\\/\\\/sanatate.md\\\/ro\\\/boli-si-tratament\\\/boli-ale-femeilor\\\/avortul-intreruperea-sarcinii\\\/#breadcrumb\"},\"inLanguage\":\"ro-RO\",\"potentialAction\":[{\"@type\":\"ReadAction\",\"target\":[\"https:\\\/\\\/sanatate.md\\\/ro\\\/boli-si-tratament\\\/boli-ale-femeilor\\\/avortul-intreruperea-sarcinii\\\/\"]}]},{\"@type\":\"BreadcrumbList\",\"@id\":\"https:\\\/\\\/sanatate.md\\\/ro\\\/boli-si-tratament\\\/boli-ale-femeilor\\\/avortul-intreruperea-sarcinii\\\/#breadcrumb\",\"itemListElement\":[{\"@type\":\"ListItem\",\"position\":1,\"name\":\"\u0413\u043b\u0430\u0432\u043d\u0430\u044f \u0441\u0442\u0440\u0430\u043d\u0438\u0446\u0430\",\"item\":\"https:\\\/\\\/sanatate.md\\\/ro\\\/\"},{\"@type\":\"ListItem\",\"position\":2,\"name\":\"Boli si tratament\",\"item\":\"https:\\\/\\\/sanatate.md\\\/ro\\\/boli-si-tratament\\\/\"},{\"@type\":\"ListItem\",\"position\":3,\"name\":\"Boli ale femeilor\",\"item\":\"https:\\\/\\\/sanatate.md\\\/ro\\\/boli-si-tratament\\\/boli-ale-femeilor\\\/\"},{\"@type\":\"ListItem\",\"position\":4,\"name\":\"Avortul (\u00eentreruperea sarcinii)\"}]},{\"@type\":\"WebSite\",\"@id\":\"https:\\\/\\\/sanatate.md\\\/ro\\\/#website\",\"url\":\"https:\\\/\\\/sanatate.md\\\/ro\\\/\",\"name\":\"Sanatate.md\",\"description\":\"\u0416\u0443\u0440\u043d\u0430\u043b \u0434\u043b\u044f \u0432\u0441\u0435\u0439 \u0441\u0435\u043c\u044c\u0438 \u0432 \u041c\u043e\u043b\u0434\u043e\u0432\u0435\",\"publisher\":{\"@id\":\"https:\\\/\\\/sanatate.md\\\/ro\\\/#organization\"},\"potentialAction\":[{\"@type\":\"SearchAction\",\"target\":{\"@type\":\"EntryPoint\",\"urlTemplate\":\"https:\\\/\\\/sanatate.md\\\/ro\\\/?s={search_term_string}\"},\"query-input\":{\"@type\":\"PropertyValueSpecification\",\"valueRequired\":true,\"valueName\":\"search_term_string\"}}],\"inLanguage\":\"ro-RO\"},{\"@type\":\"Organization\",\"@id\":\"https:\\\/\\\/sanatate.md\\\/ro\\\/#organization\",\"name\":\"SANATATE\",\"url\":\"https:\\\/\\\/sanatate.md\\\/ro\\\/\",\"logo\":{\"@type\":\"ImageObject\",\"inLanguage\":\"ro-RO\",\"@id\":\"https:\\\/\\\/sanatate.md\\\/ro\\\/#\\\/schema\\\/logo\\\/image\\\/\",\"url\":\"https:\\\/\\\/sanatate.md\\\/wp-content\\\/uploads\\\/2022\\\/01\\\/sanatate-logo.svg\",\"contentUrl\":\"https:\\\/\\\/sanatate.md\\\/wp-content\\\/uploads\\\/2022\\\/01\\\/sanatate-logo.svg\",\"width\":\"1024\",\"height\":\"1024\",\"caption\":\"SANATATE\"},\"image\":{\"@id\":\"https:\\\/\\\/sanatate.md\\\/ro\\\/#\\\/schema\\\/logo\\\/image\\\/\"}}]}<\/script>\n<!-- \/ Yoast SEO plugin. -->","yoast_head_json":{"title":"Avortul: termenul limit\u0103 de \u00eentrerupere a sarcinii","description":"\u00centreruperea sarcinii, care este efectuat\u0103 pe o cale artificial\u0103 (p\u00een\u0103 la 22 de s\u0103pt\u0103m\u00eeni), se nume\u015fte avort.","robots":{"index":"index","follow":"follow","max-snippet":"max-snippet:-1","max-image-preview":"max-image-preview:large","max-video-preview":"max-video-preview:-1"},"canonical":"https:\/\/sanatate.md\/ro\/boli-si-tratament\/boli-ale-femeilor\/avortul-intreruperea-sarcinii\/","og_locale":"ro_RO","og_type":"article","og_title":"Avortul: termenul limit\u0103 de \u00eentrerupere a sarcinii","og_description":"\u00centreruperea sarcinii, care este efectuat\u0103 pe o cale artificial\u0103 (p\u00een\u0103 la 22 de s\u0103pt\u0103m\u00eeni), se nume\u015fte avort.","og_url":"https:\/\/sanatate.md\/ro\/boli-si-tratament\/boli-ale-femeilor\/avortul-intreruperea-sarcinii\/","og_site_name":"Sanatate.md","article_modified_time":"2019-04-02T09:31:02+00:00","twitter_card":"summary_large_image","twitter_misc":{"Timp estimat pentru citire":"6 minute"},"schema":{"@context":"https:\/\/schema.org","@graph":[{"@type":"WebPage","@id":"https:\/\/sanatate.md\/ro\/boli-si-tratament\/boli-ale-femeilor\/avortul-intreruperea-sarcinii\/","url":"https:\/\/sanatate.md\/ro\/boli-si-tratament\/boli-ale-femeilor\/avortul-intreruperea-sarcinii\/","name":"Avortul: termenul limit\u0103 de \u00eentrerupere a sarcinii","isPartOf":{"@id":"https:\/\/sanatate.md\/ro\/#website"},"datePublished":"2017-11-06T18:01:18+00:00","dateModified":"2019-04-02T09:31:02+00:00","description":"\u00centreruperea sarcinii, care este efectuat\u0103 pe o cale artificial\u0103 (p\u00een\u0103 la 22 de s\u0103pt\u0103m\u00eeni), se nume\u015fte avort.","breadcrumb":{"@id":"https:\/\/sanatate.md\/ro\/boli-si-tratament\/boli-ale-femeilor\/avortul-intreruperea-sarcinii\/#breadcrumb"},"inLanguage":"ro-RO","potentialAction":[{"@type":"ReadAction","target":["https:\/\/sanatate.md\/ro\/boli-si-tratament\/boli-ale-femeilor\/avortul-intreruperea-sarcinii\/"]}]},{"@type":"BreadcrumbList","@id":"https:\/\/sanatate.md\/ro\/boli-si-tratament\/boli-ale-femeilor\/avortul-intreruperea-sarcinii\/#breadcrumb","itemListElement":[{"@type":"ListItem","position":1,"name":"\u0413\u043b\u0430\u0432\u043d\u0430\u044f \u0441\u0442\u0440\u0430\u043d\u0438\u0446\u0430","item":"https:\/\/sanatate.md\/ro\/"},{"@type":"ListItem","position":2,"name":"Boli si tratament","item":"https:\/\/sanatate.md\/ro\/boli-si-tratament\/"},{"@type":"ListItem","position":3,"name":"Boli ale femeilor","item":"https:\/\/sanatate.md\/ro\/boli-si-tratament\/boli-ale-femeilor\/"},{"@type":"ListItem","position":4,"name":"Avortul (\u00eentreruperea sarcinii)"}]},{"@type":"WebSite","@id":"https:\/\/sanatate.md\/ro\/#website","url":"https:\/\/sanatate.md\/ro\/","name":"Sanatate.md","description":"\u0416\u0443\u0440\u043d\u0430\u043b \u0434\u043b\u044f \u0432\u0441\u0435\u0439 \u0441\u0435\u043c\u044c\u0438 \u0432 \u041c\u043e\u043b\u0434\u043e\u0432\u0435","publisher":{"@id":"https:\/\/sanatate.md\/ro\/#organization"},"potentialAction":[{"@type":"SearchAction","target":{"@type":"EntryPoint","urlTemplate":"https:\/\/sanatate.md\/ro\/?s={search_term_string}"},"query-input":{"@type":"PropertyValueSpecification","valueRequired":true,"valueName":"search_term_string"}}],"inLanguage":"ro-RO"},{"@type":"Organization","@id":"https:\/\/sanatate.md\/ro\/#organization","name":"SANATATE","url":"https:\/\/sanatate.md\/ro\/","logo":{"@type":"ImageObject","inLanguage":"ro-RO","@id":"https:\/\/sanatate.md\/ro\/#\/schema\/logo\/image\/","url":"https:\/\/sanatate.md\/wp-content\/uploads\/2022\/01\/sanatate-logo.svg","contentUrl":"https:\/\/sanatate.md\/wp-content\/uploads\/2022\/01\/sanatate-logo.svg","width":"1024","height":"1024","caption":"SANATATE"},"image":{"@id":"https:\/\/sanatate.md\/ro\/#\/schema\/logo\/image\/"}}]}},"_links":{"self":[{"href":"https:\/\/sanatate.md\/ro\/wp-json\/wp\/v2\/pages\/43680","targetHints":{"allow":["GET"]}}],"collection":[{"href":"https:\/\/sanatate.md\/ro\/wp-json\/wp\/v2\/pages"}],"about":[{"href":"https:\/\/sanatate.md\/ro\/wp-json\/wp\/v2\/types\/page"}],"author":[{"embeddable":true,"href":"https:\/\/sanatate.md\/ro\/wp-json\/wp\/v2\/users\/28"}],"replies":[{"embeddable":true,"href":"https:\/\/sanatate.md\/ro\/wp-json\/wp\/v2\/comments?post=43680"}],"version-history":[{"count":0,"href":"https:\/\/sanatate.md\/ro\/wp-json\/wp\/v2\/pages\/43680\/revisions"}],"up":[{"embeddable":true,"href":"https:\/\/sanatate.md\/ro\/wp-json\/wp\/v2\/pages\/38235"}],"wp:attachment":[{"href":"https:\/\/sanatate.md\/ro\/wp-json\/wp\/v2\/media?parent=43680"}],"curies":[{"name":"wp","href":"https:\/\/api.w.org\/{rel}","templated":true}]}}