{"id":44107,"date":"2017-11-20T14:48:00","date_gmt":"2017-11-20T11:48:00","guid":{"rendered":"https:\/\/sanatate.md\/?page_id=44107"},"modified":"2017-11-20T14:48:00","modified_gmt":"2017-11-20T11:48:00","slug":"alcoolismul","status":"publish","type":"page","link":"https:\/\/sanatate.md\/ro\/boli-si-tratament\/boli-narcologice\/alcoolismul\/","title":{"rendered":"Alcoolismul"},"content":{"rendered":"<p>\u00cen prezent se consum\u0103 foarte multe b\u0103uturi alcoolice pe \u00eentreg mapomond. Ele difer\u0103 dup\u0103 gust, marc\u0103, t\u0103rie, dar componentul de baz\u0103 este acela\u015f \u2013 alcoolul. Fiecare persoan\u0103 m\u0103car o dat\u0103 \u00een via\u0163\u0103 \u00een cantit\u0103\u0163i mai mari sau mai mici a \u00eencercat una din aceste b\u0103uturi spirtoase.<\/p>\n<p>B\u0103uturile alcoolice con\u0163in diferite cantit\u0103\u0163i de spirt etilic (cantitatea este indicat\u0103 pe vasul \u00een care se p\u0103streaz\u0103). Acest produs este o otrav\u0103 foarte d\u0103un\u0103toare, care are influen\u0163\u0103 neuroparalitic\u0103 asupra \u00eentregului organism uman \u015fi care tulbur\u0103 grav sistemul nervos.<\/p>\n<p>Alcoolismul e o boal\u0103 psihic\u0103, care este provocat\u0103 de \u00eentrebuin\u0163area cu regularitate a alcoolului. Acest viciu duce la dependen\u0163a fa\u0163\u0103 de b\u0103uturile tari. Prin urmare persoana degradez\u0103 fizic \u015fi moral. Inividul trece prin suferin\u0163e mari psihice \u015fi fizice, c\u00eend lipse\u015fte alcoolul \u015fi din aceast\u0103 cauz\u0103 el mereu \u00eentrebuin\u0163eaz\u0103 b\u0103uturile tari.<\/p>\n<h3>Cine formeaz\u0103 grupul de risc<\/h3>\n<p>Majoritatea savan\u0163ilor consider\u0103, c\u0103 alcoolismul \u00een sine este o boal\u0103. \u015ei respectiv, \u00een grupul de risc intr\u0103 persoanele ale c\u0103ror rude de gradul \u00eent\u00eei au fost dependente de alcool.<\/p>\n<h3>Influen\u0163a alcoolului asupra organismului omenesc<\/h3>\n<p>Alcoolismul este o boal\u0103 cronic\u0103, care \u00eenso\u0163e\u015fte omul pe parcursul \u00eentregii vie\u0163i. Diagnosticarea timpurie \u015fi tratarea de la stadiile incipiente permite vindicarea \u015fi boala poate s\u0103 nu treac\u0103 \u00eentro form\u0103 cronic\u0103.<\/p>\n<p>Alcoolul influen\u0163eaz\u0103 foarte negativ asupra tuturor organelor organismului uman. Cel mai des este afectat ficatul. Apare hipertensiunea, se perturbeaz\u0103 activitatea sistemului cardio-vascular, apare predispunerea spre ictus, formarea tumorilor canceroase \u00een esofag, cavitatea bucal\u0103, g\u00eet \u015fi pancreas.<\/p>\n<p>20 % din alcoolici fac ciroza ficatului. Organul dat se cicatrizeaz\u0103 \u015fi \u00een el se \u00eencep ni\u015fte procese ireversibile, care duc la un final letal. De regul\u0103, maladiile ficatului duc la diabetul zaharat de gradul II. Ficatul prelucreaz\u0103 incontinuu alcoolul ca s\u0103-l elimine din organism \u015fi neispr\u0103vindu-se cu func\u0163iile de baz\u0103 \u00eenceteaz\u0103 s\u0103 mai lucreze normal .Din aceast\u0103 cauz\u0103 el nu mai controleaz\u0103 nivelul de zah\u0103r din s\u00eenge \u015fi aceasta duce la hipoglicemie. Creierul nu prime\u015fte cantitatea necesar\u0103 de energie. Individu-l are sl\u0103biciuni, dureri de cap \u015fi convulsii. Aceast\u0103 stare poate duce spre com\u0103.<\/p>\n<p>La alcoolicii cronici se observ\u0103 o perturbare \u00een regimul alimentar.Fiind mereu \u00een stare de ebrietate, persoana \u00een cauz\u0103, practic nu se alimenteaz\u0103 normal. Aceasta duce la surmenarea total\u0103 a organismului.<\/p>\n<p>Alcoolul este o otrav\u0103 periculos\u0103, deoarece el atac\u0103 toate organele \u015fi sistemele organismului uman. Omul nu cunoa\u015fte m\u0103sura \u015fi de aceea el nu poate controla cantitatea de alcool l consumat. Prin urmare este afectat sistemul nervos, se dezvolt\u0103 psihoze \u015fi nevrite.<\/p>\n<p>Condi\u0163ional am putea deviza toat\u0103 popula\u0163ia \u00een 3 grupe:<\/p>\n<ul>\n<li>nu \u00eentrebuin\u0163eaz\u0103 alcool;<\/li>\n<li>consum\u0103 din c\u00eend \u00een c\u00eend;<\/li>\n<li>fac abuz.<\/li>\n<\/ul>\n<h3>Cauzele alcoolismului<\/h3>\n<p>Una din cauzele principale este nivelul sc\u0103zut de via\u0163\u0103: condi\u0163ii grele de trai, singur\u0103tatea \u015f.a.m.d.Totu\u015fi conform ultimelor cercet\u0103ri statistice s-a constatat, c\u0103 alcoolismul afecteaz\u0103 mai mult persoanele slabe de fire, m\u0103rinimoase, darnice.<\/p>\n<h3>Simptomele alcoolismului<\/h3>\n<p>\u015ei de\u015fi toat\u0103 lumea pe parcursul vie\u0163ii sale gust\u0103 m\u0103car o dat\u0103 b\u0103uturi alcoolice &#8212; nu to\u0163i devin alcoolici, deoarece \u00eel \u00eentrebuin\u0163eaz\u0103 \u00een doze mici. Cea mai mare deosebire dintre o persoan\u0103 s\u0103n\u0103toas\u0103 \u015fi un alcoolic este dependen\u0163a de alcool &#8212; mai \u00eent\u00eei psihic\u0103, apoi fizic\u0103.<\/p>\n<p>Ce duce spre alcoolism:<\/p>\n<ul>\n<li>s\u0103r\u0103cia \u015fi mizeria;<\/li>\n<li>be\u0163iile necontrolate care dureaz\u0103 mai mult de o zi;<\/li>\n<li>lipsa pragului de respingere a alcoolului,<\/li>\n<li>lipsa vomei c\u00eend se consum\u0103 excesiv;<\/li>\n<li>sc\u0103derea rezisten\u0163ei organismului fa\u0163\u0103 de alcool;<\/li>\n<li>apari\u0163ia semnelor de mahmureal\u0103.<\/li>\n<\/ul>\n<h3>Schimb\u0103rile patologice ale exteriorului<\/h3>\n<p>\u00ce\u00eemb\u0103tr\u00eenirea pielii, m\u0103rirea venelor, apari\u0163ia hematomelor din cauza decalajului tensiunii \u00een vasele capilare.<\/p>\n<p>Alcoolicii de gradul III \u015fi IV practic nu se trezesc, adic\u0103 \u00een permanen\u0163\u0103 sunt sub influen\u0163a alcoolului, \u015fi degradeaz\u0103 ca personalit\u0103\u0163i. Vorbirea lor nu este fluent\u0103, e neclar\u0103 din cauza c\u0103 au fost afectate \u0163esuturile nervoase la nivelul celulelor \u015fi a fost perturbat\u0103 motorica mu\u015fchilor. \u00cen majoritatea cazurilor maladia duce la formarea tumorilor canceroase ale organelor aparatului digestiv, bolilor cardio-vasculare \u015fi la un rezultat letal.<\/p>\n<h3>Stadiile bolii<\/h3>\n<p>Speciali\u015ftii men\u0163ioneaz\u0103 4 stadii ale acestei boli:<\/p>\n<ol>\n<li>Omul devine psihologic dependent de alcool, dac\u0103 nu exist\u0103 prin<br \/>\napropiere b\u0103uturi alcoolice el \u00eenc\u0103 nu le caut\u0103, dar o necesitate u\u015foar\u0103 deja<br \/>\npersist\u0103. Persoana \u00een cauz\u0103 nu-\u015fi imagineaz\u0103 vre-o s\u0103rb\u0103toare f\u0103r\u0103 alcool \u015fi organizeaz\u0103 diferite \u00eent\u00eelniri cu prietenii cu scopul de a consuma b\u0103uturi \u015fi de a sc\u0103pa de singur\u0103tate. Dac\u0103 nu se vor lua anume m\u0103suri, boala va progresa;<\/li>\n<li>Dorin\u0163a de a consuma alcool persist\u0103 permanent, este obsedat de g\u00eendul de unde s-l ia, dispare voma chiar dac\u0103 \u015fi a \u00eentrebuin\u0163at \u00een cantit\u0103\u0163i excesive b\u0103uturile alcoolice, nu mai concepe via\u0163a de zi cu zi f\u0103r\u0103 acest produs;<\/li>\n<li>Apare sindromul de retragere, dependen\u0163a devine fizic\u0103. Alcoolul \u00eentrebuin\u0163at estompeaz\u0103 producerea multor hormoni necesari organismului \u015fi, ca rezultat, omul nu poate s\u0103 se opreasc\u0103 s\u0103 nu bea de sinest\u0103t\u0103tor. Alcoolicul ajunge la nivelul care se nume\u015fte \u201dtoleran\u0163a fa\u0163\u0103 de alcool\u201d- el poate s\u0103 consume cantit\u0103\u0163i excesive \u015fi voma nu apare, mahmureala se elimin\u0103 prin consumul altor doze. Se atesteaz\u0103 deja degenerarea \u0163esutului nervos, celulele ficatului sunt \u00eenlocuite de alt \u0163esut, apar semne de ciroz\u0103; dac\u0103 bolnavul este controlat \u015fi impus s\u0103 nu mai consume b\u0103uturi, atunci apar simptome care s-ar asem\u0103na cu \u201ddefalcarea\u201d caracteristic\u0103 narcomanilor; comportamentul bolnavului \u00een acest timp devine neadecvat imprevizibil \u015fi activ-agresiv.<\/li>\n<li>Sc\u0103de toleran\u0163a fa\u0163\u0103 de alcool \u015fi aceasta se exsplic\u0103 prin faptul, c\u0103 unele organe ale organismului nu mai func\u0163ioneaz\u0103 de loc; se observ\u0103 schimb\u0103ri distrofice \u00een vase; organele gastro-intestinale \u015fi ficatul este afectat de tumori maligne; bolnavul pierde interesul fa\u0163\u0103 de via\u0163\u0103, \u00eel preocup\u0103 doar un lucru:de unde s\u0103 g\u0103seasc\u0103 b\u0103uturi alcoolice; el \u00eencepe s\u0103 consume ori\u015fice f\u0103r\u0103 nici o alegere, chiar \u015fi lichide tehnice ce con\u0163in alcool; \u00een cazul \u00een care \u00eel impunem pe un alcoolic s\u0103 nu mai bea &#8211; poate s\u0103 moar\u0103; se atrofiaz\u0103 \u0163esutul muscular; 95 % din bolnavi mor de atac cardiac sau la ictus.<\/li>\n<\/ol>\n<p>Alcoolismul de gradul 3 \u015fi 4 este \u201epunctul de plecare \u00een neant\u201d: dac\u0103 omul deja a ajuns p\u00een\u0103 aici atunci alcoolul va deveni mai puternic dec\u00eet el &#8211; omul.<\/p>\n<h3>Tratarea con\u015ftiin\u0163ei bolnave<\/h3>\n<p>Tratarea depinde de gradul de \u00eemboln\u0103vire, la care se afl\u0103 bolnavul: ceea ce \u0163ine de stadiul 1 e destul doar s\u0103-l sustragi pe om de la b\u0103uturile alcoolice \u015fi s\u0103-i \u00eendrep\u0163i aten\u0163ia asupra altor ocupa\u0163ii, \u00een afar\u0103 de alcool. Dependen\u0163a psihologic\u0103 dispare \u00eentr-un timp foarte scurt.<br \/>\nChiar dac\u0103 avem \u00een fa\u0163\u0103 un tablou clinic foarte grav metodele de tratament pot aduce rezultate bune. La fel ne poate ajuta \u015fi medicina nontradi\u0163ional\u0103.<\/p>\n<p>Tratamentul se face prin intermediul metodelor contemporane:<\/p>\n<ul>\n<li>Terapia aversiv\u0103 &#8212; permite s\u0103 trat\u0103m persoana chiar \u015fi atunci c\u00eend el nu recunoa\u015fte c\u0103 este bolnav; diverse preparate medicinale \u00eei genereaz\u0103 respingerea fa\u0163\u0103 de alcool (Disulifir am), aceste pastile sunt inofensive, dar c\u00eend se consum\u0103 \u00eempreun\u0103 cu alcoolul cauzeaz\u0103 ni\u015fte simptome foarte nepl\u0103cute;<\/li>\n<li>Terapia psihologic\u0103 este posibil\u0103 doar atunci, c\u00eend alcoolicul \u00ee\u015fi recunoa\u015fte dependen\u0163a sa \u015fi vrea s\u0103 scape de ea &#8212; s\u0103 r\u0103m\u00een\u0103 o persoan\u0103 integr\u0103; conform datelor statistice 80 % din bolnavi, care au trecut terapia psihologic\u0103, fac fa\u0163\u0103 bolii; recidivele au loc foarte rar;<\/li>\n<li>Detoxicarea &#8211; organismul omului este cur\u0103\u0163at de produsele descompuse de alcool; metoda dat\u0103 foarte bine trateaz\u0103 de mahmureal\u0103, dar nu \u00eenl\u0103tur\u0103 dependen\u0163a psihologic\u0103;<\/li>\n<li>Adaptarea social\u0103 &#8212; sunt cazuri, c\u00eend un alcoolic, sim\u0163ind sus\u0163inerea celor din jur \u00een perioada c\u00eend vrea s\u0103 se debaraseze de viciu, o ia pe calea cea dreapt\u0103 \u015fi se las\u0103 de b\u0103ut; dar aceast\u0103 metod\u0103 nu este potrivit\u0103 pentru cei care nu vor s\u0103-\u015fi recunoasc\u0103 problema existent\u0103.<\/li>\n<\/ul>\n<h3>Profilaxia st\u0103rii de boal\u0103<\/h3>\n<p>Din cauza b\u0103uturilor alcoolice zilnic mor mii de oameni \u015fi num\u0103rul acesta e \u00een cre\u015ftere. Societatea contemporan\u0103 trebuie s\u0103-\u015fi protejeze cet\u0103\u0163enii de aceast\u0103 molim\u0103, s\u0103 le creeze toate condi\u0163iile ca ei s\u0103 con\u015ftientizeze pericolul care-l are alcoolismul.<br \/>\nProfilaxia primar\u0103 este o companie antialcoolic\u0103 \u00eentre cei care \u00eenc\u0103 n-au devenit dependen\u0163i. Tinerii trebuie s\u0103 \u00een\u0163eleag\u0103, c\u0103 e mai bine de dus un mod s\u0103n\u0103tos de via\u0163\u0103 \u015fi c\u0103 via\u0163a f\u0103r\u0103 alcool este foarte confortabil\u0103 \u015fi interesant\u0103.<\/p>\n<p>Profilaxia secundar\u0103 const\u0103 \u00een a ajutora oamenii deja dependen\u0163i. Aceast\u0103 sarcin\u0103 nu este at\u00eet de simpl\u0103, deoarece majoritatea bolnavilor nu recunosc dependen\u0163a avut\u0103, ei cred c\u0103 \u0163in totul sub control. Alcoolicul nu-\u015fi vede \u00eentruchiparea sa, deoarece felul s\u0103u de a contempla lumea este denaturat. Duhoarea de alcool, m\u00eeinile tremur\u00eende, culoarea alb\u0103strie a fe\u0163ei &#8212; pentru el sunt norma vie\u0163ii.<\/p>\n<p>Profilaxia secundar\u0103:<\/p>\n<ul>\n<li>Lucrul cu familia alcoolicului.<\/li>\n<li>Treninguri \u015fi ajutor psihologic.<\/li>\n<li>Profilaxia bolii dup\u0103 tratament &#8211; a\u015fa numita profilaxie ter\u0163\u0103&#8211; const\u0103 \u00een faptul ca omul s\u0103 nu cad\u0103 prad\u0103 ispitei, s\u0103 nu s\u0103 se produc\u0103 recidivul. \u201dFostului\u201d alcoolic \u00eei este destul doar o singur\u0103 dat\u0103 s\u0103 \u00eencerce gustul alcoolului \u015fi, spre mare regret, poate s\u0103 revin\u0103 \u00een r\u00eendurile pe care le-a p\u0103r\u0103sit cu greu. Profilaxia acestor persoane include: consulta\u0163iile psihologului, \u00eent\u00eelnirile alcoolicilor anonimi.<\/li>\n<li>Alcoolismul este necazul nu doar al persoanei care sufer\u0103 de maladia respectiv\u0103, dar \u015fi al societ\u0103\u0163ii. La etapa actual\u0103 nu s-a g\u0103sit remediul contra acestei boli, dar sper\u0103m, c\u0103 medicina va g\u0103si o ie\u015fire din sItua\u0163ie.<\/li>\n<\/ul>\n","protected":false},"excerpt":{"rendered":"<p>\u00cen prezent se consum\u0103 foarte multe b\u0103uturi alcoolice pe \u00eentreg mapomond. Ele difer\u0103 dup\u0103 gust, marc\u0103, t\u0103rie, dar componentul de baz\u0103 este acela\u015f \u2013 alcoolul. Fiecare persoan\u0103 m\u0103car o dat\u0103 \u00een via\u0163\u0103 \u00een cantit\u0103\u0163i mai mari sau mai mici a \u00eencercat una din aceste b\u0103uturi spirtoase. B\u0103uturile alcoolice con\u0163in diferite cantit\u0103\u0163i de spirt etilic (cantitatea [&hellip;]<\/p>\n","protected":false},"author":28,"featured_media":0,"parent":44105,"menu_order":0,"comment_status":"closed","ping_status":"closed","template":"","meta":{"inline_featured_image":false,"footnotes":""},"class_list":["post-44107","page","type-page","status-publish"],"yoast_head":"<!-- This site is optimized with the Yoast SEO plugin v27.3 - https:\/\/yoast.com\/product\/yoast-seo-wordpress\/ -->\n<title>Alcoolismul Cine formeaz\u0103 grupul de risc?<\/title>\n<meta name=\"description\" content=\"Alcoolismul e o boal\u0103 psihic\u0103, care este provocat\u0103 de \u00eentrebuin\u0163area cu regularitate a alcoolului.\" \/>\n<meta name=\"robots\" content=\"index, follow, max-snippet:-1, max-image-preview:large, max-video-preview:-1\" \/>\n<link rel=\"canonical\" href=\"https:\/\/sanatate.md\/ro\/boli-si-tratament\/boli-narcologice\/alcoolismul\/\" \/>\n<meta property=\"og:locale\" content=\"ro_RO\" \/>\n<meta property=\"og:type\" content=\"article\" \/>\n<meta property=\"og:title\" content=\"Alcoolismul Cine formeaz\u0103 grupul de risc?\" \/>\n<meta property=\"og:description\" content=\"Alcoolismul e o boal\u0103 psihic\u0103, care este provocat\u0103 de \u00eentrebuin\u0163area cu regularitate a alcoolului.\" \/>\n<meta property=\"og:url\" content=\"https:\/\/sanatate.md\/ro\/boli-si-tratament\/boli-narcologice\/alcoolismul\/\" \/>\n<meta property=\"og:site_name\" content=\"Sanatate.md\" \/>\n<meta name=\"twitter:card\" content=\"summary_large_image\" \/>\n<meta name=\"twitter:label1\" content=\"Timp estimat pentru citire\" \/>\n\t<meta name=\"twitter:data1\" content=\"8 minute\" \/>\n<script type=\"application\/ld+json\" class=\"yoast-schema-graph\">{\"@context\":\"https:\\\/\\\/schema.org\",\"@graph\":[{\"@type\":\"WebPage\",\"@id\":\"https:\\\/\\\/sanatate.md\\\/ro\\\/boli-si-tratament\\\/boli-narcologice\\\/alcoolismul\\\/\",\"url\":\"https:\\\/\\\/sanatate.md\\\/ro\\\/boli-si-tratament\\\/boli-narcologice\\\/alcoolismul\\\/\",\"name\":\"Alcoolismul Cine formeaz\u0103 grupul de risc?\",\"isPartOf\":{\"@id\":\"https:\\\/\\\/sanatate.md\\\/ro\\\/#website\"},\"datePublished\":\"2017-11-20T11:48:00+00:00\",\"description\":\"Alcoolismul e o boal\u0103 psihic\u0103, care este provocat\u0103 de \u00eentrebuin\u0163area cu regularitate a alcoolului.\",\"breadcrumb\":{\"@id\":\"https:\\\/\\\/sanatate.md\\\/ro\\\/boli-si-tratament\\\/boli-narcologice\\\/alcoolismul\\\/#breadcrumb\"},\"inLanguage\":\"ro-RO\",\"potentialAction\":[{\"@type\":\"ReadAction\",\"target\":[\"https:\\\/\\\/sanatate.md\\\/ro\\\/boli-si-tratament\\\/boli-narcologice\\\/alcoolismul\\\/\"]}]},{\"@type\":\"BreadcrumbList\",\"@id\":\"https:\\\/\\\/sanatate.md\\\/ro\\\/boli-si-tratament\\\/boli-narcologice\\\/alcoolismul\\\/#breadcrumb\",\"itemListElement\":[{\"@type\":\"ListItem\",\"position\":1,\"name\":\"\u0413\u043b\u0430\u0432\u043d\u0430\u044f \u0441\u0442\u0440\u0430\u043d\u0438\u0446\u0430\",\"item\":\"https:\\\/\\\/sanatate.md\\\/ro\\\/\"},{\"@type\":\"ListItem\",\"position\":2,\"name\":\"Boli si tratament\",\"item\":\"https:\\\/\\\/sanatate.md\\\/ro\\\/boli-si-tratament\\\/\"},{\"@type\":\"ListItem\",\"position\":3,\"name\":\"Boli narcologice\",\"item\":\"https:\\\/\\\/sanatate.md\\\/ro\\\/boli-si-tratament\\\/boli-narcologice\\\/\"},{\"@type\":\"ListItem\",\"position\":4,\"name\":\"Alcoolismul\"}]},{\"@type\":\"WebSite\",\"@id\":\"https:\\\/\\\/sanatate.md\\\/ro\\\/#website\",\"url\":\"https:\\\/\\\/sanatate.md\\\/ro\\\/\",\"name\":\"Sanatate.md\",\"description\":\"\u0416\u0443\u0440\u043d\u0430\u043b \u0434\u043b\u044f \u0432\u0441\u0435\u0439 \u0441\u0435\u043c\u044c\u0438 \u0432 \u041c\u043e\u043b\u0434\u043e\u0432\u0435\",\"publisher\":{\"@id\":\"https:\\\/\\\/sanatate.md\\\/ro\\\/#organization\"},\"potentialAction\":[{\"@type\":\"SearchAction\",\"target\":{\"@type\":\"EntryPoint\",\"urlTemplate\":\"https:\\\/\\\/sanatate.md\\\/ro\\\/?s={search_term_string}\"},\"query-input\":{\"@type\":\"PropertyValueSpecification\",\"valueRequired\":true,\"valueName\":\"search_term_string\"}}],\"inLanguage\":\"ro-RO\"},{\"@type\":\"Organization\",\"@id\":\"https:\\\/\\\/sanatate.md\\\/ro\\\/#organization\",\"name\":\"SANATATE\",\"url\":\"https:\\\/\\\/sanatate.md\\\/ro\\\/\",\"logo\":{\"@type\":\"ImageObject\",\"inLanguage\":\"ro-RO\",\"@id\":\"https:\\\/\\\/sanatate.md\\\/ro\\\/#\\\/schema\\\/logo\\\/image\\\/\",\"url\":\"https:\\\/\\\/sanatate.md\\\/wp-content\\\/uploads\\\/2022\\\/01\\\/sanatate-logo.svg\",\"contentUrl\":\"https:\\\/\\\/sanatate.md\\\/wp-content\\\/uploads\\\/2022\\\/01\\\/sanatate-logo.svg\",\"width\":\"1024\",\"height\":\"1024\",\"caption\":\"SANATATE\"},\"image\":{\"@id\":\"https:\\\/\\\/sanatate.md\\\/ro\\\/#\\\/schema\\\/logo\\\/image\\\/\"}}]}<\/script>\n<!-- \/ Yoast SEO plugin. -->","yoast_head_json":{"title":"Alcoolismul Cine formeaz\u0103 grupul de risc?","description":"Alcoolismul e o boal\u0103 psihic\u0103, care este provocat\u0103 de \u00eentrebuin\u0163area cu regularitate a alcoolului.","robots":{"index":"index","follow":"follow","max-snippet":"max-snippet:-1","max-image-preview":"max-image-preview:large","max-video-preview":"max-video-preview:-1"},"canonical":"https:\/\/sanatate.md\/ro\/boli-si-tratament\/boli-narcologice\/alcoolismul\/","og_locale":"ro_RO","og_type":"article","og_title":"Alcoolismul Cine formeaz\u0103 grupul de risc?","og_description":"Alcoolismul e o boal\u0103 psihic\u0103, care este provocat\u0103 de \u00eentrebuin\u0163area cu regularitate a alcoolului.","og_url":"https:\/\/sanatate.md\/ro\/boli-si-tratament\/boli-narcologice\/alcoolismul\/","og_site_name":"Sanatate.md","twitter_card":"summary_large_image","twitter_misc":{"Timp estimat pentru citire":"8 minute"},"schema":{"@context":"https:\/\/schema.org","@graph":[{"@type":"WebPage","@id":"https:\/\/sanatate.md\/ro\/boli-si-tratament\/boli-narcologice\/alcoolismul\/","url":"https:\/\/sanatate.md\/ro\/boli-si-tratament\/boli-narcologice\/alcoolismul\/","name":"Alcoolismul Cine formeaz\u0103 grupul de risc?","isPartOf":{"@id":"https:\/\/sanatate.md\/ro\/#website"},"datePublished":"2017-11-20T11:48:00+00:00","description":"Alcoolismul e o boal\u0103 psihic\u0103, care este provocat\u0103 de \u00eentrebuin\u0163area cu regularitate a alcoolului.","breadcrumb":{"@id":"https:\/\/sanatate.md\/ro\/boli-si-tratament\/boli-narcologice\/alcoolismul\/#breadcrumb"},"inLanguage":"ro-RO","potentialAction":[{"@type":"ReadAction","target":["https:\/\/sanatate.md\/ro\/boli-si-tratament\/boli-narcologice\/alcoolismul\/"]}]},{"@type":"BreadcrumbList","@id":"https:\/\/sanatate.md\/ro\/boli-si-tratament\/boli-narcologice\/alcoolismul\/#breadcrumb","itemListElement":[{"@type":"ListItem","position":1,"name":"\u0413\u043b\u0430\u0432\u043d\u0430\u044f \u0441\u0442\u0440\u0430\u043d\u0438\u0446\u0430","item":"https:\/\/sanatate.md\/ro\/"},{"@type":"ListItem","position":2,"name":"Boli si tratament","item":"https:\/\/sanatate.md\/ro\/boli-si-tratament\/"},{"@type":"ListItem","position":3,"name":"Boli narcologice","item":"https:\/\/sanatate.md\/ro\/boli-si-tratament\/boli-narcologice\/"},{"@type":"ListItem","position":4,"name":"Alcoolismul"}]},{"@type":"WebSite","@id":"https:\/\/sanatate.md\/ro\/#website","url":"https:\/\/sanatate.md\/ro\/","name":"Sanatate.md","description":"\u0416\u0443\u0440\u043d\u0430\u043b \u0434\u043b\u044f \u0432\u0441\u0435\u0439 \u0441\u0435\u043c\u044c\u0438 \u0432 \u041c\u043e\u043b\u0434\u043e\u0432\u0435","publisher":{"@id":"https:\/\/sanatate.md\/ro\/#organization"},"potentialAction":[{"@type":"SearchAction","target":{"@type":"EntryPoint","urlTemplate":"https:\/\/sanatate.md\/ro\/?s={search_term_string}"},"query-input":{"@type":"PropertyValueSpecification","valueRequired":true,"valueName":"search_term_string"}}],"inLanguage":"ro-RO"},{"@type":"Organization","@id":"https:\/\/sanatate.md\/ro\/#organization","name":"SANATATE","url":"https:\/\/sanatate.md\/ro\/","logo":{"@type":"ImageObject","inLanguage":"ro-RO","@id":"https:\/\/sanatate.md\/ro\/#\/schema\/logo\/image\/","url":"https:\/\/sanatate.md\/wp-content\/uploads\/2022\/01\/sanatate-logo.svg","contentUrl":"https:\/\/sanatate.md\/wp-content\/uploads\/2022\/01\/sanatate-logo.svg","width":"1024","height":"1024","caption":"SANATATE"},"image":{"@id":"https:\/\/sanatate.md\/ro\/#\/schema\/logo\/image\/"}}]}},"_links":{"self":[{"href":"https:\/\/sanatate.md\/ro\/wp-json\/wp\/v2\/pages\/44107","targetHints":{"allow":["GET"]}}],"collection":[{"href":"https:\/\/sanatate.md\/ro\/wp-json\/wp\/v2\/pages"}],"about":[{"href":"https:\/\/sanatate.md\/ro\/wp-json\/wp\/v2\/types\/page"}],"author":[{"embeddable":true,"href":"https:\/\/sanatate.md\/ro\/wp-json\/wp\/v2\/users\/28"}],"replies":[{"embeddable":true,"href":"https:\/\/sanatate.md\/ro\/wp-json\/wp\/v2\/comments?post=44107"}],"version-history":[{"count":0,"href":"https:\/\/sanatate.md\/ro\/wp-json\/wp\/v2\/pages\/44107\/revisions"}],"up":[{"embeddable":true,"href":"https:\/\/sanatate.md\/ro\/wp-json\/wp\/v2\/pages\/44105"}],"wp:attachment":[{"href":"https:\/\/sanatate.md\/ro\/wp-json\/wp\/v2\/media?parent=44107"}],"curies":[{"name":"wp","href":"https:\/\/api.w.org\/{rel}","templated":true}]}}