{"id":47542,"date":"2018-01-11T16:50:13","date_gmt":"2018-01-11T13:50:13","guid":{"rendered":"https:\/\/sanatate.md\/?page_id=47542"},"modified":"2018-01-11T17:39:20","modified_gmt":"2018-01-11T14:39:20","slug":"hiperparatiroidism","status":"publish","type":"page","link":"https:\/\/sanatate.md\/ro\/boli-si-tratament\/boli-endocrine\/hiperparatiroidism\/","title":{"rendered":"Hiperparatiroidism"},"content":{"rendered":"<p>Hiperparatiroidismul se caracterizeaz\u0103 prin cre\u0219terea productivit\u0103\u021bii hormonilor paratiroidieni cu modific\u0103ri ale glandelor paratiroidiene, \u00een urma c\u0103rora este diagnosticat\u0103 o cre\u0219tere cronic\u0103 a nivelului calciului din s\u00e2nge \u0219i apar schimb\u0103ri patologice \u00een sistemul renal \u0219i osos.<\/p>\n<h3>Cauzele<\/h3>\n<p>Cel mai frecvent, cauzele hiperparatiroidismului sunt neoplasmele tumorale ale glandelor paratiroide.<\/p>\n<h3>Specie<\/h3>\n<p>\u00cen func\u021bie de motivele form\u0103rii acestei boli, se disting tipurile de hiperparatiroidism:<\/p>\n<p>1.Tipul primar se caracterizeaz\u0103 prin formarea unui adenom (neoplasm benign) al glandei paratiroide. Aceast\u0103 boal\u0103 este observat\u0103 \u00een 80-85% din cazuri. \u00cen 10% din cazuri, tipul primar de boal\u0103 se formeaz\u0103 pe fondul dezvolt\u0103rii carcinomului (neoplasm malign) sau a prolifer\u0103rii \u0219i a cre\u0219terii dimensiunii celulelor normale glandulare.<\/p>\n<p>2. Tipul secundar este caracterizat prin cre\u0219terea muncii, prolifer\u0103rii \u0219i cre\u0219terii m\u0103rimii glandelor cu un nivel lung \u0219i sc\u0103zut de calciu \u0219i fosfat \u00een fluxul sanguin.<\/p>\n<p>3. Tipul ter\u021biar se caracterizeaz\u0103 prin dezvoltarea tipului para tiroidian al glandei adenoidee \u0219i a cre\u0219terii produc\u021biei de hormon para tiroidian. O astfel de stare apare pe fonul existen\u021bei \u00eendelungate a unui tip secundar de hiperparatiroidism.<\/p>\n<p>4. Pseudohiperparatiroidismul este caracterizat prin dezvoltarea de neoplasme ale hormonilor para tiroidieni. Astfel de tumori nu apar din componentele glandelor para tiroide.<\/p>\n<p>Exist\u0103 \u0219i asemenea forme de hiperparatiroidism:<\/p>\n<p>1. Forma renal\u0103 a acestei boli este caracterizat\u0103 de o sc\u0103dere a nivelului de absorb\u021bie a calciului \u00een rinichi. Prin aceast\u0103 form\u0103, con\u021binutul ridicat de calciu din s\u00e2nge inhib\u0103 producerea unui hormon antidiuretic, care regleaz\u0103 activitatea sistemului urinar.<\/p>\n<p>\u00cen acest sens, apar simptomele:<\/p>\n<ul>\n<li>poliuria &#8211; urinare cu urgen\u021be frecvente;<\/li>\n<li>setea;<\/li>\n<li>nefrolitiaza &#8211; formarea de pietre la rinichi;<\/li>\n<li>nefrocalcinoza &#8211; depunerea \u00een rinichi a structurilor cristaline de s\u0103ruri de calciu, care are o form\u0103 latent\u0103, cu senza\u021bii minore de durere \u00een regiunea lombar\u0103.<\/li>\n<\/ul>\n<p>2. Forma osoas\u0103 a bolii este caracterizat\u0103 prin urm\u0103toarele simptome:<\/p>\n<ul>\n<li>osteoporoza &#8211; resorb\u021bia par\u021bial\u0103 sau complet\u0103 a \u021besutului osos, sub\u021bierea \u0219i curbura acestuia;<\/li>\n<li>formarea unui chist &#8211; o cavitate cu un con\u021binut de consisten\u021b\u0103 lichid\u0103;<\/li>\n<li>fracturi ale formei patologice.<\/li>\n<\/ul>\n<p>Pentru acest tip de boal\u0103 sunt caracteristice semnele:<\/p>\n<ul>\n<li>senza\u021bii dureroase \u00een oase sub fopm\u0103 de tragere cu afec\u021biuni dureroase, care se \u00eente\u021besc odat\u0103 cu stresul fizic;<\/li>\n<li>frecvente fracturi spontane chiar la efortul fizic minimal, dup\u0103 care apar articula\u021biile de tip fals.<\/li>\n<\/ul>\n<p>Fracturile frecvente a humerusului, coastelor. De asemenea, se schimb\u0103 forma scheletic\u0103 , ca urmare a vindec\u0103rii necorespunz\u0103toare a fracturilor, se reduce perioada de concre\u0219tere ca urmare a osteoporozei \u0219i fracturilor frecvente ale vertebrelor, oasele sunt flexibile \u0219i le lipse\u0219te duritatea caracteristic\u0103.<\/p>\n<p>3. Forma mental\u0103-neurologic\u0103 a bolii este caracterizat\u0103 de o \u00eenc\u0103lcare a activit\u0103\u021bii mentale:<\/p>\n<ul>\n<li>oboseala rapid\u0103 a componentei mentale;<\/li>\n<li>somnolen\u021ba;<\/li>\n<li>frecven\u021ba depresiei;<\/li>\n<li>sc\u0103derea nivelului abilit\u0103\u021bilor mentale;<\/li>\n<li>halucina\u021bii auditive \u0219i vizuale, pierderea par\u021bial\u0103 sau absolut\u0103 a mi\u0219c\u0103rilor de tip arbitrar (pentru o perioad\u0103 acut\u0103 de boal\u0103).<\/li>\n<\/ul>\n<p>4. Forma gastrointestinal\u0103 se caracterizeaz\u0103 prin astfel de simptome:<\/p>\n<ul>\n<li>grea\u021ba;<\/li>\n<li>nevoia repetat\u0103 emetic\u0103;<\/li>\n<li>constipa\u021bie;<\/li>\n<li>lipsa apetitului, ceea ce duce la o pierdere in greutate rapid\u0103;<\/li>\n<li>balonare in abdomen;<\/li>\n<li>formarea ulcerului peptic al duodenului cu simptome pronun\u021bate \u0219i starea de lung\u0103 vindecare cu tratament lung;<\/li>\n<li>inflama\u021bia acut\u0103 a pancreasului.<\/li>\n<\/ul>\n<h3>Simptomatologia<\/h3>\n<p>Principalele simptome ale hiperparatiroidismului sunt:<\/p>\n<ul>\n<li>sl\u0103biciunea general\u0103 a sistemului muscular, cu o sl\u0103biciune deosebit de pronun\u021bat\u0103 a mu\u0219chilor de la nivelul extremit\u0103\u021bilor superioare \u0219i inferioare;<\/li>\n<li>letargia \u0219i oboseala;<\/li>\n<li>ureros, urc\u00e2nd pe sc\u0103ri, adesea se poticnesc pe o suprafa\u021b\u0103 plan\u0103, c\u00e2nd se plimb\u0103;<\/li>\n<li>mersul ra\u021bei &#8212; leg\u0103nare de pe o parte pe alta;<\/li>\n<li>senza\u021bii dureroase la nivelul picioarelor ca urmare a dezvolt\u0103rii picioarelor plate, deoarece mu\u0219chii piciorului sunt afecta\u021bi;<\/li>\n<li>setea si urinarea frecvent\u0103 a unei descarc\u0103ri abundente (ca urmare a acumul\u0103rii excesive de calciu, blocarea activit\u0103\u021bii hormonului, care reguleaza procesul de urinare);<\/li>\n<li>sl\u0103birea cu pierderi suplimentare de din\u021bi s\u0103n\u0103to\u0219i;<\/li>\n<li>pierderea \u00een greutate caracteristic\u0103 p\u00e2n\u0103 la starea de epuizare.<\/li>\n<\/ul>\n<h3>Tratament<\/h3>\n<p>Tratamentul se efectueaz\u0103 chirurgical prin \u00eendep\u0103rtarea neoplasmului tumoral asem\u0103n\u0103tor cu al glandei paratiroide. Boala pielii renale dup\u0103 interven\u021bia chirurgical\u0103 nu dispare, a\u0219a c\u0103 tratamentul trebuie s\u0103 vizeze reducerea consumului de componente de calciu din exterior \u0219i o mai mare excre\u021bie a cantit\u0103\u021bii din corpul pacientului.<\/p>\n<p>\u00cen hiperparatiroidism este prescris\u0103 o diet\u0103 cu restric\u021bii alimentare, care este bogat\u0103 \u00een calciu \u0219i fosfor. De asemenea, eficace este utilizarea de medicamente diuretice.<\/p>\n","protected":false},"excerpt":{"rendered":"<p>Hiperparatiroidismul se caracterizeaz\u0103 prin cre\u0219terea productivit\u0103\u021bii hormonilor paratiroidieni cu modific\u0103ri ale glandelor paratiroidiene, \u00een urma c\u0103rora este diagnosticat\u0103 o cre\u0219tere cronic\u0103 a nivelului calciului din s\u00e2nge \u0219i apar schimb\u0103ri patologice \u00een sistemul renal \u0219i osos. Cauzele Cel mai frecvent, cauzele hiperparatiroidismului sunt neoplasmele tumorale ale glandelor paratiroide. Specie \u00cen func\u021bie de motivele form\u0103rii acestei boli, [&hellip;]<\/p>\n","protected":false},"author":28,"featured_media":0,"parent":47544,"menu_order":0,"comment_status":"closed","ping_status":"closed","template":"","meta":{"inline_featured_image":false,"footnotes":""},"class_list":["post-47542","page","type-page","status-publish"],"yoast_head":"<!-- This site is optimized with the Yoast SEO plugin v27.3 - https:\/\/yoast.com\/product\/yoast-seo-wordpress\/ -->\n<title>Hiperparatiroidismul<\/title>\n<meta name=\"description\" content=\"Hiperparatiroidismul se caracterizeaz\u0103 prin cre\u0219terea productivit\u0103\u021bii hormonilor paratiroidieni cu modific\u0103ri ale glandelor paratiroidiene\" \/>\n<meta name=\"robots\" content=\"index, follow, max-snippet:-1, max-image-preview:large, max-video-preview:-1\" \/>\n<link rel=\"canonical\" href=\"https:\/\/sanatate.md\/ro\/boli-si-tratament\/boli-endocrine\/hiperparatiroidism\/\" \/>\n<meta property=\"og:locale\" content=\"ro_RO\" \/>\n<meta property=\"og:type\" content=\"article\" \/>\n<meta property=\"og:title\" content=\"Hiperparatiroidismul\" \/>\n<meta property=\"og:description\" content=\"Hiperparatiroidismul se caracterizeaz\u0103 prin cre\u0219terea productivit\u0103\u021bii hormonilor paratiroidieni cu modific\u0103ri ale glandelor paratiroidiene\" \/>\n<meta property=\"og:url\" content=\"https:\/\/sanatate.md\/ro\/boli-si-tratament\/boli-endocrine\/hiperparatiroidism\/\" \/>\n<meta property=\"og:site_name\" content=\"Sanatate.md\" \/>\n<meta property=\"article:modified_time\" content=\"2018-01-11T14:39:20+00:00\" \/>\n<meta name=\"twitter:card\" content=\"summary_large_image\" \/>\n<meta name=\"twitter:label1\" content=\"Timp estimat pentru citire\" \/>\n\t<meta name=\"twitter:data1\" content=\"4 minute\" \/>\n<script type=\"application\/ld+json\" class=\"yoast-schema-graph\">{\"@context\":\"https:\\\/\\\/schema.org\",\"@graph\":[{\"@type\":\"WebPage\",\"@id\":\"https:\\\/\\\/sanatate.md\\\/ro\\\/boli-si-tratament\\\/boli-endocrine\\\/hiperparatiroidism\\\/\",\"url\":\"https:\\\/\\\/sanatate.md\\\/ro\\\/boli-si-tratament\\\/boli-endocrine\\\/hiperparatiroidism\\\/\",\"name\":\"Hiperparatiroidismul\",\"isPartOf\":{\"@id\":\"https:\\\/\\\/sanatate.md\\\/ro\\\/#website\"},\"datePublished\":\"2018-01-11T13:50:13+00:00\",\"dateModified\":\"2018-01-11T14:39:20+00:00\",\"description\":\"Hiperparatiroidismul se caracterizeaz\u0103 prin cre\u0219terea productivit\u0103\u021bii hormonilor paratiroidieni cu modific\u0103ri ale glandelor paratiroidiene\",\"breadcrumb\":{\"@id\":\"https:\\\/\\\/sanatate.md\\\/ro\\\/boli-si-tratament\\\/boli-endocrine\\\/hiperparatiroidism\\\/#breadcrumb\"},\"inLanguage\":\"ro-RO\",\"potentialAction\":[{\"@type\":\"ReadAction\",\"target\":[\"https:\\\/\\\/sanatate.md\\\/ro\\\/boli-si-tratament\\\/boli-endocrine\\\/hiperparatiroidism\\\/\"]}]},{\"@type\":\"BreadcrumbList\",\"@id\":\"https:\\\/\\\/sanatate.md\\\/ro\\\/boli-si-tratament\\\/boli-endocrine\\\/hiperparatiroidism\\\/#breadcrumb\",\"itemListElement\":[{\"@type\":\"ListItem\",\"position\":1,\"name\":\"\u0413\u043b\u0430\u0432\u043d\u0430\u044f \u0441\u0442\u0440\u0430\u043d\u0438\u0446\u0430\",\"item\":\"https:\\\/\\\/sanatate.md\\\/ro\\\/\"},{\"@type\":\"ListItem\",\"position\":2,\"name\":\"Boli si tratament\",\"item\":\"https:\\\/\\\/sanatate.md\\\/ro\\\/boli-si-tratament\\\/\"},{\"@type\":\"ListItem\",\"position\":3,\"name\":\"Boli endocrine\",\"item\":\"https:\\\/\\\/sanatate.md\\\/ro\\\/boli-si-tratament\\\/boli-endocrine\\\/\"},{\"@type\":\"ListItem\",\"position\":4,\"name\":\"Hiperparatiroidism\"}]},{\"@type\":\"WebSite\",\"@id\":\"https:\\\/\\\/sanatate.md\\\/ro\\\/#website\",\"url\":\"https:\\\/\\\/sanatate.md\\\/ro\\\/\",\"name\":\"Sanatate.md\",\"description\":\"\u0416\u0443\u0440\u043d\u0430\u043b \u0434\u043b\u044f \u0432\u0441\u0435\u0439 \u0441\u0435\u043c\u044c\u0438 \u0432 \u041c\u043e\u043b\u0434\u043e\u0432\u0435\",\"publisher\":{\"@id\":\"https:\\\/\\\/sanatate.md\\\/ro\\\/#organization\"},\"potentialAction\":[{\"@type\":\"SearchAction\",\"target\":{\"@type\":\"EntryPoint\",\"urlTemplate\":\"https:\\\/\\\/sanatate.md\\\/ro\\\/?s={search_term_string}\"},\"query-input\":{\"@type\":\"PropertyValueSpecification\",\"valueRequired\":true,\"valueName\":\"search_term_string\"}}],\"inLanguage\":\"ro-RO\"},{\"@type\":\"Organization\",\"@id\":\"https:\\\/\\\/sanatate.md\\\/ro\\\/#organization\",\"name\":\"SANATATE\",\"url\":\"https:\\\/\\\/sanatate.md\\\/ro\\\/\",\"logo\":{\"@type\":\"ImageObject\",\"inLanguage\":\"ro-RO\",\"@id\":\"https:\\\/\\\/sanatate.md\\\/ro\\\/#\\\/schema\\\/logo\\\/image\\\/\",\"url\":\"https:\\\/\\\/sanatate.md\\\/wp-content\\\/uploads\\\/2022\\\/01\\\/sanatate-logo.svg\",\"contentUrl\":\"https:\\\/\\\/sanatate.md\\\/wp-content\\\/uploads\\\/2022\\\/01\\\/sanatate-logo.svg\",\"width\":\"1024\",\"height\":\"1024\",\"caption\":\"SANATATE\"},\"image\":{\"@id\":\"https:\\\/\\\/sanatate.md\\\/ro\\\/#\\\/schema\\\/logo\\\/image\\\/\"}}]}<\/script>\n<!-- \/ Yoast SEO plugin. -->","yoast_head_json":{"title":"Hiperparatiroidismul","description":"Hiperparatiroidismul se caracterizeaz\u0103 prin cre\u0219terea productivit\u0103\u021bii hormonilor paratiroidieni cu modific\u0103ri ale glandelor paratiroidiene","robots":{"index":"index","follow":"follow","max-snippet":"max-snippet:-1","max-image-preview":"max-image-preview:large","max-video-preview":"max-video-preview:-1"},"canonical":"https:\/\/sanatate.md\/ro\/boli-si-tratament\/boli-endocrine\/hiperparatiroidism\/","og_locale":"ro_RO","og_type":"article","og_title":"Hiperparatiroidismul","og_description":"Hiperparatiroidismul se caracterizeaz\u0103 prin cre\u0219terea productivit\u0103\u021bii hormonilor paratiroidieni cu modific\u0103ri ale glandelor paratiroidiene","og_url":"https:\/\/sanatate.md\/ro\/boli-si-tratament\/boli-endocrine\/hiperparatiroidism\/","og_site_name":"Sanatate.md","article_modified_time":"2018-01-11T14:39:20+00:00","twitter_card":"summary_large_image","twitter_misc":{"Timp estimat pentru citire":"4 minute"},"schema":{"@context":"https:\/\/schema.org","@graph":[{"@type":"WebPage","@id":"https:\/\/sanatate.md\/ro\/boli-si-tratament\/boli-endocrine\/hiperparatiroidism\/","url":"https:\/\/sanatate.md\/ro\/boli-si-tratament\/boli-endocrine\/hiperparatiroidism\/","name":"Hiperparatiroidismul","isPartOf":{"@id":"https:\/\/sanatate.md\/ro\/#website"},"datePublished":"2018-01-11T13:50:13+00:00","dateModified":"2018-01-11T14:39:20+00:00","description":"Hiperparatiroidismul se caracterizeaz\u0103 prin cre\u0219terea productivit\u0103\u021bii hormonilor paratiroidieni cu modific\u0103ri ale glandelor paratiroidiene","breadcrumb":{"@id":"https:\/\/sanatate.md\/ro\/boli-si-tratament\/boli-endocrine\/hiperparatiroidism\/#breadcrumb"},"inLanguage":"ro-RO","potentialAction":[{"@type":"ReadAction","target":["https:\/\/sanatate.md\/ro\/boli-si-tratament\/boli-endocrine\/hiperparatiroidism\/"]}]},{"@type":"BreadcrumbList","@id":"https:\/\/sanatate.md\/ro\/boli-si-tratament\/boli-endocrine\/hiperparatiroidism\/#breadcrumb","itemListElement":[{"@type":"ListItem","position":1,"name":"\u0413\u043b\u0430\u0432\u043d\u0430\u044f \u0441\u0442\u0440\u0430\u043d\u0438\u0446\u0430","item":"https:\/\/sanatate.md\/ro\/"},{"@type":"ListItem","position":2,"name":"Boli si tratament","item":"https:\/\/sanatate.md\/ro\/boli-si-tratament\/"},{"@type":"ListItem","position":3,"name":"Boli endocrine","item":"https:\/\/sanatate.md\/ro\/boli-si-tratament\/boli-endocrine\/"},{"@type":"ListItem","position":4,"name":"Hiperparatiroidism"}]},{"@type":"WebSite","@id":"https:\/\/sanatate.md\/ro\/#website","url":"https:\/\/sanatate.md\/ro\/","name":"Sanatate.md","description":"\u0416\u0443\u0440\u043d\u0430\u043b \u0434\u043b\u044f \u0432\u0441\u0435\u0439 \u0441\u0435\u043c\u044c\u0438 \u0432 \u041c\u043e\u043b\u0434\u043e\u0432\u0435","publisher":{"@id":"https:\/\/sanatate.md\/ro\/#organization"},"potentialAction":[{"@type":"SearchAction","target":{"@type":"EntryPoint","urlTemplate":"https:\/\/sanatate.md\/ro\/?s={search_term_string}"},"query-input":{"@type":"PropertyValueSpecification","valueRequired":true,"valueName":"search_term_string"}}],"inLanguage":"ro-RO"},{"@type":"Organization","@id":"https:\/\/sanatate.md\/ro\/#organization","name":"SANATATE","url":"https:\/\/sanatate.md\/ro\/","logo":{"@type":"ImageObject","inLanguage":"ro-RO","@id":"https:\/\/sanatate.md\/ro\/#\/schema\/logo\/image\/","url":"https:\/\/sanatate.md\/wp-content\/uploads\/2022\/01\/sanatate-logo.svg","contentUrl":"https:\/\/sanatate.md\/wp-content\/uploads\/2022\/01\/sanatate-logo.svg","width":"1024","height":"1024","caption":"SANATATE"},"image":{"@id":"https:\/\/sanatate.md\/ro\/#\/schema\/logo\/image\/"}}]}},"_links":{"self":[{"href":"https:\/\/sanatate.md\/ro\/wp-json\/wp\/v2\/pages\/47542","targetHints":{"allow":["GET"]}}],"collection":[{"href":"https:\/\/sanatate.md\/ro\/wp-json\/wp\/v2\/pages"}],"about":[{"href":"https:\/\/sanatate.md\/ro\/wp-json\/wp\/v2\/types\/page"}],"author":[{"embeddable":true,"href":"https:\/\/sanatate.md\/ro\/wp-json\/wp\/v2\/users\/28"}],"replies":[{"embeddable":true,"href":"https:\/\/sanatate.md\/ro\/wp-json\/wp\/v2\/comments?post=47542"}],"version-history":[{"count":0,"href":"https:\/\/sanatate.md\/ro\/wp-json\/wp\/v2\/pages\/47542\/revisions"}],"up":[{"embeddable":true,"href":"https:\/\/sanatate.md\/ro\/wp-json\/wp\/v2\/pages\/47544"}],"wp:attachment":[{"href":"https:\/\/sanatate.md\/ro\/wp-json\/wp\/v2\/media?parent=47542"}],"curies":[{"name":"wp","href":"https:\/\/api.w.org\/{rel}","templated":true}]}}