{"id":47544,"date":"2017-12-12T17:40:31","date_gmt":"2017-12-12T14:40:31","guid":{"rendered":"https:\/\/sanatate.md\/?page_id=47544"},"modified":"2018-03-09T13:51:03","modified_gmt":"2018-03-09T10:51:03","slug":"boli-endocrine","status":"publish","type":"page","link":"https:\/\/sanatate.md\/ro\/boli-si-tratament\/boli-endocrine\/","title":{"rendered":"Boli endocrine"},"content":{"rendered":"<p>Acromegalia<br \/>\nAdeziuni (aderen\u021be)<br \/>\nAldosteronismul primar (sindromul Conn)<br \/>\nAtaxia teleangiectatic\u0103 (sindromul Louis-Bar)<br \/>\nApituitarismul<br \/>\nBoala Addison (insuficien\u021ba cortexului suprarenal)<br \/>\nBoala foametei<br \/>\nBoala lui I\u0163enko-Cushing<br \/>\nBoala Symmonds<br \/>\nCretinismul<br \/>\nDegenerarea adiposogenital\u0103<br \/>\nDezvoltarea sexual\u0103 prematur\u0103<br \/>\nDiabetul zaharat<br \/>\nFeocromocitoma<br \/>\nGigantismul<br \/>\nGu\u015fa toxic\u0103 difuz\u0103 (boala lui Base, boala Graves)<br \/>\nHiperaldosteronismul<br \/>\nHiperparatiroidismul<br \/>\nHipertiroidismul (tirotoxicoza)<br \/>\nHipoparatiroidismul<br \/>\nHipotiroidismul<br \/>\nHirsutismul<br \/>\nHypertrichoza (p\u0103r excesiv)<br \/>\nHypervitaminoza D<br \/>\nMuxedema (hipotiroidismul)<br \/>\nNanismul pituitar (dwarfismul)<br \/>\nNodular gu\u015fa<br \/>\nNon-diabetic mellitus<br \/>\nObezitatea<br \/>\nOftalmopatia endocrin\u0103<br \/>\nSindromul adrenogenital<br \/>\nSindromul hipotalamic<br \/>\nTiroidita<\/p>\n","protected":false},"excerpt":{"rendered":"<p>Acromegalia Adeziuni (aderen\u021be) Aldosteronismul primar (sindromul Conn) Ataxia teleangiectatic\u0103 (sindromul Louis-Bar) Apituitarismul Boala Addison (insuficien\u021ba cortexului suprarenal) Boala foametei Boala lui I\u0163enko-Cushing Boala Symmonds Cretinismul Degenerarea adiposogenital\u0103 Dezvoltarea sexual\u0103 prematur\u0103 Diabetul zaharat Feocromocitoma Gigantismul Gu\u015fa toxic\u0103 difuz\u0103 (boala lui Base, boala Graves) Hiperaldosteronismul Hiperparatiroidismul Hipertiroidismul (tirotoxicoza) Hipoparatiroidismul Hipotiroidismul Hirsutismul Hypertrichoza (p\u0103r excesiv) Hypervitaminoza D Muxedema [&hellip;]<\/p>\n","protected":false},"author":28,"featured_media":0,"parent":38214,"menu_order":29,"comment_status":"closed","ping_status":"closed","template":"","meta":{"inline_featured_image":false,"footnotes":""},"class_list":["post-47544","page","type-page","status-publish"],"yoast_head":"<!-- This site is optimized with the Yoast SEO plugin v27.3 - https:\/\/yoast.com\/product\/yoast-seo-wordpress\/ -->\n<title>Boli endocrine | Sanatate.md<\/title>\n<meta name=\"robots\" content=\"index, follow, max-snippet:-1, max-image-preview:large, max-video-preview:-1\" \/>\n<link rel=\"canonical\" href=\"https:\/\/sanatate.md\/ro\/boli-si-tratament\/boli-endocrine\/\" \/>\n<meta property=\"og:locale\" content=\"ro_RO\" \/>\n<meta property=\"og:type\" content=\"article\" \/>\n<meta property=\"og:title\" content=\"Boli endocrine | Sanatate.md\" \/>\n<meta property=\"og:description\" content=\"Acromegalia Adeziuni (aderen\u021be) Aldosteronismul primar (sindromul Conn) Ataxia teleangiectatic\u0103 (sindromul Louis-Bar) Apituitarismul Boala Addison (insuficien\u021ba cortexului suprarenal) Boala foametei Boala lui I\u0163enko-Cushing Boala Symmonds Cretinismul Degenerarea adiposogenital\u0103 Dezvoltarea sexual\u0103 prematur\u0103 Diabetul zaharat Feocromocitoma Gigantismul Gu\u015fa toxic\u0103 difuz\u0103 (boala lui Base, boala Graves) Hiperaldosteronismul Hiperparatiroidismul Hipertiroidismul (tirotoxicoza) Hipoparatiroidismul Hipotiroidismul Hirsutismul Hypertrichoza (p\u0103r excesiv) Hypervitaminoza D Muxedema [&hellip;]\" \/>\n<meta property=\"og:url\" content=\"https:\/\/sanatate.md\/ro\/boli-si-tratament\/boli-endocrine\/\" \/>\n<meta property=\"og:site_name\" content=\"Sanatate.md\" \/>\n<meta property=\"article:modified_time\" content=\"2018-03-09T10:51:03+00:00\" \/>\n<meta name=\"twitter:card\" content=\"summary_large_image\" \/>\n<script type=\"application\/ld+json\" class=\"yoast-schema-graph\">{\"@context\":\"https:\\\/\\\/schema.org\",\"@graph\":[{\"@type\":\"WebPage\",\"@id\":\"https:\\\/\\\/sanatate.md\\\/ro\\\/boli-si-tratament\\\/boli-endocrine\\\/\",\"url\":\"https:\\\/\\\/sanatate.md\\\/ro\\\/boli-si-tratament\\\/boli-endocrine\\\/\",\"name\":\"Boli endocrine | Sanatate.md\",\"isPartOf\":{\"@id\":\"https:\\\/\\\/sanatate.md\\\/ro\\\/#website\"},\"datePublished\":\"2017-12-12T14:40:31+00:00\",\"dateModified\":\"2018-03-09T10:51:03+00:00\",\"breadcrumb\":{\"@id\":\"https:\\\/\\\/sanatate.md\\\/ro\\\/boli-si-tratament\\\/boli-endocrine\\\/#breadcrumb\"},\"inLanguage\":\"ro-RO\",\"potentialAction\":[{\"@type\":\"ReadAction\",\"target\":[\"https:\\\/\\\/sanatate.md\\\/ro\\\/boli-si-tratament\\\/boli-endocrine\\\/\"]}]},{\"@type\":\"BreadcrumbList\",\"@id\":\"https:\\\/\\\/sanatate.md\\\/ro\\\/boli-si-tratament\\\/boli-endocrine\\\/#breadcrumb\",\"itemListElement\":[{\"@type\":\"ListItem\",\"position\":1,\"name\":\"\u0413\u043b\u0430\u0432\u043d\u0430\u044f \u0441\u0442\u0440\u0430\u043d\u0438\u0446\u0430\",\"item\":\"https:\\\/\\\/sanatate.md\\\/ro\\\/\"},{\"@type\":\"ListItem\",\"position\":2,\"name\":\"Boli si tratament\",\"item\":\"https:\\\/\\\/sanatate.md\\\/ro\\\/boli-si-tratament\\\/\"},{\"@type\":\"ListItem\",\"position\":3,\"name\":\"Boli endocrine\"}]},{\"@type\":\"WebSite\",\"@id\":\"https:\\\/\\\/sanatate.md\\\/ro\\\/#website\",\"url\":\"https:\\\/\\\/sanatate.md\\\/ro\\\/\",\"name\":\"Sanatate.md\",\"description\":\"\u0416\u0443\u0440\u043d\u0430\u043b \u0434\u043b\u044f \u0432\u0441\u0435\u0439 \u0441\u0435\u043c\u044c\u0438 \u0432 \u041c\u043e\u043b\u0434\u043e\u0432\u0435\",\"publisher\":{\"@id\":\"https:\\\/\\\/sanatate.md\\\/ro\\\/#organization\"},\"potentialAction\":[{\"@type\":\"SearchAction\",\"target\":{\"@type\":\"EntryPoint\",\"urlTemplate\":\"https:\\\/\\\/sanatate.md\\\/ro\\\/?s={search_term_string}\"},\"query-input\":{\"@type\":\"PropertyValueSpecification\",\"valueRequired\":true,\"valueName\":\"search_term_string\"}}],\"inLanguage\":\"ro-RO\"},{\"@type\":\"Organization\",\"@id\":\"https:\\\/\\\/sanatate.md\\\/ro\\\/#organization\",\"name\":\"SANATATE\",\"url\":\"https:\\\/\\\/sanatate.md\\\/ro\\\/\",\"logo\":{\"@type\":\"ImageObject\",\"inLanguage\":\"ro-RO\",\"@id\":\"https:\\\/\\\/sanatate.md\\\/ro\\\/#\\\/schema\\\/logo\\\/image\\\/\",\"url\":\"https:\\\/\\\/sanatate.md\\\/wp-content\\\/uploads\\\/2022\\\/01\\\/sanatate-logo.svg\",\"contentUrl\":\"https:\\\/\\\/sanatate.md\\\/wp-content\\\/uploads\\\/2022\\\/01\\\/sanatate-logo.svg\",\"width\":\"1024\",\"height\":\"1024\",\"caption\":\"SANATATE\"},\"image\":{\"@id\":\"https:\\\/\\\/sanatate.md\\\/ro\\\/#\\\/schema\\\/logo\\\/image\\\/\"}}]}<\/script>\n<!-- \/ Yoast SEO plugin. -->","yoast_head_json":{"title":"Boli endocrine | Sanatate.md","robots":{"index":"index","follow":"follow","max-snippet":"max-snippet:-1","max-image-preview":"max-image-preview:large","max-video-preview":"max-video-preview:-1"},"canonical":"https:\/\/sanatate.md\/ro\/boli-si-tratament\/boli-endocrine\/","og_locale":"ro_RO","og_type":"article","og_title":"Boli endocrine | Sanatate.md","og_description":"Acromegalia Adeziuni (aderen\u021be) Aldosteronismul primar (sindromul Conn) Ataxia teleangiectatic\u0103 (sindromul Louis-Bar) Apituitarismul Boala Addison (insuficien\u021ba cortexului suprarenal) Boala foametei Boala lui I\u0163enko-Cushing Boala Symmonds Cretinismul Degenerarea adiposogenital\u0103 Dezvoltarea sexual\u0103 prematur\u0103 Diabetul zaharat Feocromocitoma Gigantismul Gu\u015fa toxic\u0103 difuz\u0103 (boala lui Base, boala Graves) Hiperaldosteronismul Hiperparatiroidismul Hipertiroidismul (tirotoxicoza) Hipoparatiroidismul Hipotiroidismul Hirsutismul Hypertrichoza (p\u0103r excesiv) Hypervitaminoza D Muxedema [&hellip;]","og_url":"https:\/\/sanatate.md\/ro\/boli-si-tratament\/boli-endocrine\/","og_site_name":"Sanatate.md","article_modified_time":"2018-03-09T10:51:03+00:00","twitter_card":"summary_large_image","schema":{"@context":"https:\/\/schema.org","@graph":[{"@type":"WebPage","@id":"https:\/\/sanatate.md\/ro\/boli-si-tratament\/boli-endocrine\/","url":"https:\/\/sanatate.md\/ro\/boli-si-tratament\/boli-endocrine\/","name":"Boli endocrine | Sanatate.md","isPartOf":{"@id":"https:\/\/sanatate.md\/ro\/#website"},"datePublished":"2017-12-12T14:40:31+00:00","dateModified":"2018-03-09T10:51:03+00:00","breadcrumb":{"@id":"https:\/\/sanatate.md\/ro\/boli-si-tratament\/boli-endocrine\/#breadcrumb"},"inLanguage":"ro-RO","potentialAction":[{"@type":"ReadAction","target":["https:\/\/sanatate.md\/ro\/boli-si-tratament\/boli-endocrine\/"]}]},{"@type":"BreadcrumbList","@id":"https:\/\/sanatate.md\/ro\/boli-si-tratament\/boli-endocrine\/#breadcrumb","itemListElement":[{"@type":"ListItem","position":1,"name":"\u0413\u043b\u0430\u0432\u043d\u0430\u044f \u0441\u0442\u0440\u0430\u043d\u0438\u0446\u0430","item":"https:\/\/sanatate.md\/ro\/"},{"@type":"ListItem","position":2,"name":"Boli si tratament","item":"https:\/\/sanatate.md\/ro\/boli-si-tratament\/"},{"@type":"ListItem","position":3,"name":"Boli endocrine"}]},{"@type":"WebSite","@id":"https:\/\/sanatate.md\/ro\/#website","url":"https:\/\/sanatate.md\/ro\/","name":"Sanatate.md","description":"\u0416\u0443\u0440\u043d\u0430\u043b \u0434\u043b\u044f \u0432\u0441\u0435\u0439 \u0441\u0435\u043c\u044c\u0438 \u0432 \u041c\u043e\u043b\u0434\u043e\u0432\u0435","publisher":{"@id":"https:\/\/sanatate.md\/ro\/#organization"},"potentialAction":[{"@type":"SearchAction","target":{"@type":"EntryPoint","urlTemplate":"https:\/\/sanatate.md\/ro\/?s={search_term_string}"},"query-input":{"@type":"PropertyValueSpecification","valueRequired":true,"valueName":"search_term_string"}}],"inLanguage":"ro-RO"},{"@type":"Organization","@id":"https:\/\/sanatate.md\/ro\/#organization","name":"SANATATE","url":"https:\/\/sanatate.md\/ro\/","logo":{"@type":"ImageObject","inLanguage":"ro-RO","@id":"https:\/\/sanatate.md\/ro\/#\/schema\/logo\/image\/","url":"https:\/\/sanatate.md\/wp-content\/uploads\/2022\/01\/sanatate-logo.svg","contentUrl":"https:\/\/sanatate.md\/wp-content\/uploads\/2022\/01\/sanatate-logo.svg","width":"1024","height":"1024","caption":"SANATATE"},"image":{"@id":"https:\/\/sanatate.md\/ro\/#\/schema\/logo\/image\/"}}]}},"_links":{"self":[{"href":"https:\/\/sanatate.md\/ro\/wp-json\/wp\/v2\/pages\/47544","targetHints":{"allow":["GET"]}}],"collection":[{"href":"https:\/\/sanatate.md\/ro\/wp-json\/wp\/v2\/pages"}],"about":[{"href":"https:\/\/sanatate.md\/ro\/wp-json\/wp\/v2\/types\/page"}],"author":[{"embeddable":true,"href":"https:\/\/sanatate.md\/ro\/wp-json\/wp\/v2\/users\/28"}],"replies":[{"embeddable":true,"href":"https:\/\/sanatate.md\/ro\/wp-json\/wp\/v2\/comments?post=47544"}],"version-history":[{"count":0,"href":"https:\/\/sanatate.md\/ro\/wp-json\/wp\/v2\/pages\/47544\/revisions"}],"up":[{"embeddable":true,"href":"https:\/\/sanatate.md\/ro\/wp-json\/wp\/v2\/pages\/38214"}],"wp:attachment":[{"href":"https:\/\/sanatate.md\/ro\/wp-json\/wp\/v2\/media?parent=47544"}],"curies":[{"name":"wp","href":"https:\/\/api.w.org\/{rel}","templated":true}]}}