{"id":48553,"date":"2017-12-25T12:29:41","date_gmt":"2017-12-25T09:29:41","guid":{"rendered":"https:\/\/sanatate.md\/?page_id=48553"},"modified":"2017-12-25T12:29:41","modified_gmt":"2017-12-25T09:29:41","slug":"boala-lui-itenko-cusing","status":"publish","type":"page","link":"https:\/\/sanatate.md\/ro\/boli-si-tratament\/boli-endocrine\/boala-lui-itenko-cusing\/","title":{"rendered":"Boala lui I\u0163enko-Cu\u015fing"},"content":{"rendered":"<h3>Boala sindromului I\u0163enko-Cu\u015fing se manifest\u0103 prin starea:<\/h3>\n<ul>\n<li>disfunc\u0163ia sistemului hipotalamo-pituitar-suprarenal;<\/li>\n<li>simptomatologia cre\u0219terii produc\u021biei de hormoni corticosteroizi;<\/li>\n<li>apari\u021bia la orice v\u00e2rst\u0103, dar cel mai adesea \u00een perioada de la dou\u0103zeci la patruzeci de ani;<\/li>\n<li>femeile sunt de zece ori mai predispuse de a se \u00eemboln\u0103vi dec\u00e2t b\u0103rba\u021bii.<\/li>\n<\/ul>\n<h3>Cauzele bolii:<\/h3>\n<ul>\n<li>tumorile din hipofiz\u0103 (macro \u0219i microadenomi);<\/li>\n<li>inflama\u021bia creierului;<\/li>\n<li>perioada de dup\u0103 na\u015ftere la femei;<\/li>\n<li>glandele suprarenale (glucoandrosteromi, glucosteromi);<\/li>\n<li>tumorile din pl\u0103m\u00e2ni, bronhii, pancreas;<\/li>\n<li>sindromul de produc\u021bie ectopic\u0103 de ACTH.<\/li>\n<\/ul>\n<h3>Simptomele bolii:<\/h3>\n<ul>\n<li>depunerea excesiv\u0103 a structurilor grase \u00een regiunea trunchiului, a regiunii cervicale \u0219i a fe\u021bei;<\/li>\n<li>membrele sub\u021biri;<br \/>\nuscarea pielii;<\/li>\n<li>sub\u021bierea pielii pe fa\u021b\u0103 \u0219i \u00een zona toracic\u0103 cu o nuan\u021b\u0103 caracteristic\u0103 violet-cianotic\u0103;<br \/>\nacrocianoza;<\/li>\n<li>severitatea modelului venos pe membre \u0219i \u00een regiunea pieptului;<\/li>\n<li>prezen\u021ba vergeturilor pe abdomen, \u0219olduri \u0219i pe suprafe\u021bele interioare ale umerilor;<\/li>\n<li>hiper pigmentarea pielii, cel mai adesea \u00een locurile de frecare;<\/li>\n<li>la femei, hipertricoza este observat\u0103 pe membre \u0219i pe pielea fe\u021bei;<\/li>\n<li>predispunerea pentru furunculoz\u0103;<\/li>\n<li>prezen\u021ba erizipetelor;<\/li>\n<li>tensiune arterial\u0103 crescut\u0103;<\/li>\n<li>modific\u0103ri ale tipului osteoporozei (fracturi ale coastelor \u0219i uneori a coloanei vertebrale);<\/li>\n<li>diabet, care se caracterizeaz\u0103 prin rezisten\u021ba la insulin\u0103;<\/li>\n<li>miopatie de tip steroid;<\/li>\n<li>cardiomiopatie;<\/li>\n<li>o cre\u0219tere a nivelului de hemoglobin\u0103, eritrocite \u0219i colesterol;<\/li>\n<li>atunci, c\u00e2nd este diagnosticat\u0103 boala lui I\u0163enko Cu\u015fing, este forma sa primar\u0103.<\/li>\n<\/ul>\n<h3>Tulbur\u0103ri psihice<\/h3>\n<p>Exist\u0103 astfel de forme ale bolii:<\/p>\n<ul>\n<li>forma u\u0219oar\u0103;<\/li>\n<li>de severitate moderat\u0103;<\/li>\n<li>forma sever\u0103.<\/li>\n<\/ul>\n<p>Desf\u0103\u015furarea bolii poate fi de dou\u0103 tipuri:<br \/>\n-progresiv, care se caracterizeaz\u0103 prin dezvoltarea simptomelor timp de \u0219ase luni sau un an;<br \/>\n-tipul torpid, care se caracterizeaz\u0103 printr-o cre\u0219tere treptat\u0103 a simptomelor pe o perioad\u0103 de trei p\u00e2n\u0103 la zece ani.<br \/>\nDac\u0103 este suspectat\u0103 boala I\u0163enko-Cu\u015fing, e important de a determina tipul bolii \u0219i metodele de tratament eficient.<\/p>\n<p>Tratamentul bolii lui I\u0163enko-Cu\u015fing<br \/>\noptim Tratamentul optim pentru aceast\u0103 boal\u0103 este radioterapia. Dac\u0103 acest\u0103 terapie nu are efect, este necesar\u0103 eliminarea unei glande suprarenale \u0219i efectuarea unui alt tratament. Pacien\u021bilor cu boal\u0103 sever\u0103 li se face adrenalectomia bilateral\u0103. Dup\u0103 o astfel de opera\u021bie se poate dezvolta insuficien\u021b\u0103 suprarenal\u0103 a formei cronice, care necesit\u0103 o terapie regulat\u0103 a ac\u021biunii de substitu\u021bie.<\/p>\n","protected":false},"excerpt":{"rendered":"<p>Boala sindromului I\u0163enko-Cu\u015fing se manifest\u0103 prin starea: disfunc\u0163ia sistemului hipotalamo-pituitar-suprarenal; simptomatologia cre\u0219terii produc\u021biei de hormoni corticosteroizi; apari\u021bia la orice v\u00e2rst\u0103, dar cel mai adesea \u00een perioada de la dou\u0103zeci la patruzeci de ani; femeile sunt de zece ori mai predispuse de a se \u00eemboln\u0103vi dec\u00e2t b\u0103rba\u021bii. Cauzele bolii: tumorile din hipofiz\u0103 (macro \u0219i microadenomi); inflama\u021bia [&hellip;]<\/p>\n","protected":false},"author":28,"featured_media":0,"parent":47544,"menu_order":0,"comment_status":"closed","ping_status":"closed","template":"","meta":{"inline_featured_image":false,"footnotes":""},"class_list":["post-48553","page","type-page","status-publish"],"yoast_head":"<!-- This site is optimized with the Yoast SEO plugin v27.3 - https:\/\/yoast.com\/product\/yoast-seo-wordpress\/ -->\n<title>Boala lui I\u0163enko-Cu\u015fing<\/title>\n<meta name=\"description\" content=\"Cauzele bolii: tumorile din hipofiz\u0103 (macro \u0219i microadenomi); inflama\u021bia creierului; perioada de dup\u0103 na\u015ftere la femei; glandele suprarenale\" \/>\n<meta name=\"robots\" content=\"index, follow, max-snippet:-1, max-image-preview:large, max-video-preview:-1\" \/>\n<link rel=\"canonical\" href=\"https:\/\/sanatate.md\/ro\/boli-si-tratament\/boli-endocrine\/boala-lui-itenko-cusing\/\" \/>\n<meta property=\"og:locale\" content=\"ro_RO\" \/>\n<meta property=\"og:type\" content=\"article\" \/>\n<meta property=\"og:title\" content=\"Boala lui I\u0163enko-Cu\u015fing\" \/>\n<meta property=\"og:description\" content=\"Cauzele bolii: tumorile din hipofiz\u0103 (macro \u0219i microadenomi); inflama\u021bia creierului; perioada de dup\u0103 na\u015ftere la femei; glandele suprarenale\" \/>\n<meta property=\"og:url\" content=\"https:\/\/sanatate.md\/ro\/boli-si-tratament\/boli-endocrine\/boala-lui-itenko-cusing\/\" \/>\n<meta property=\"og:site_name\" content=\"Sanatate.md\" \/>\n<meta name=\"twitter:card\" content=\"summary_large_image\" \/>\n<meta name=\"twitter:label1\" content=\"Timp estimat pentru citire\" \/>\n\t<meta name=\"twitter:data1\" content=\"2 minute\" \/>\n<script type=\"application\/ld+json\" class=\"yoast-schema-graph\">{\"@context\":\"https:\\\/\\\/schema.org\",\"@graph\":[{\"@type\":\"WebPage\",\"@id\":\"https:\\\/\\\/sanatate.md\\\/ro\\\/boli-si-tratament\\\/boli-endocrine\\\/boala-lui-itenko-cusing\\\/\",\"url\":\"https:\\\/\\\/sanatate.md\\\/ro\\\/boli-si-tratament\\\/boli-endocrine\\\/boala-lui-itenko-cusing\\\/\",\"name\":\"Boala lui I\u0163enko-Cu\u015fing\",\"isPartOf\":{\"@id\":\"https:\\\/\\\/sanatate.md\\\/ro\\\/#website\"},\"datePublished\":\"2017-12-25T09:29:41+00:00\",\"description\":\"Cauzele bolii: tumorile din hipofiz\u0103 (macro \u0219i microadenomi); inflama\u021bia creierului; perioada de dup\u0103 na\u015ftere la femei; glandele suprarenale\",\"breadcrumb\":{\"@id\":\"https:\\\/\\\/sanatate.md\\\/ro\\\/boli-si-tratament\\\/boli-endocrine\\\/boala-lui-itenko-cusing\\\/#breadcrumb\"},\"inLanguage\":\"ro-RO\",\"potentialAction\":[{\"@type\":\"ReadAction\",\"target\":[\"https:\\\/\\\/sanatate.md\\\/ro\\\/boli-si-tratament\\\/boli-endocrine\\\/boala-lui-itenko-cusing\\\/\"]}]},{\"@type\":\"BreadcrumbList\",\"@id\":\"https:\\\/\\\/sanatate.md\\\/ro\\\/boli-si-tratament\\\/boli-endocrine\\\/boala-lui-itenko-cusing\\\/#breadcrumb\",\"itemListElement\":[{\"@type\":\"ListItem\",\"position\":1,\"name\":\"\u0413\u043b\u0430\u0432\u043d\u0430\u044f \u0441\u0442\u0440\u0430\u043d\u0438\u0446\u0430\",\"item\":\"https:\\\/\\\/sanatate.md\\\/ro\\\/\"},{\"@type\":\"ListItem\",\"position\":2,\"name\":\"Boli si tratament\",\"item\":\"https:\\\/\\\/sanatate.md\\\/ro\\\/boli-si-tratament\\\/\"},{\"@type\":\"ListItem\",\"position\":3,\"name\":\"Boli endocrine\",\"item\":\"https:\\\/\\\/sanatate.md\\\/ro\\\/boli-si-tratament\\\/boli-endocrine\\\/\"},{\"@type\":\"ListItem\",\"position\":4,\"name\":\"Boala lui I\u0163enko-Cu\u015fing\"}]},{\"@type\":\"WebSite\",\"@id\":\"https:\\\/\\\/sanatate.md\\\/ro\\\/#website\",\"url\":\"https:\\\/\\\/sanatate.md\\\/ro\\\/\",\"name\":\"Sanatate.md\",\"description\":\"\u0416\u0443\u0440\u043d\u0430\u043b \u0434\u043b\u044f \u0432\u0441\u0435\u0439 \u0441\u0435\u043c\u044c\u0438 \u0432 \u041c\u043e\u043b\u0434\u043e\u0432\u0435\",\"publisher\":{\"@id\":\"https:\\\/\\\/sanatate.md\\\/ro\\\/#organization\"},\"potentialAction\":[{\"@type\":\"SearchAction\",\"target\":{\"@type\":\"EntryPoint\",\"urlTemplate\":\"https:\\\/\\\/sanatate.md\\\/ro\\\/?s={search_term_string}\"},\"query-input\":{\"@type\":\"PropertyValueSpecification\",\"valueRequired\":true,\"valueName\":\"search_term_string\"}}],\"inLanguage\":\"ro-RO\"},{\"@type\":\"Organization\",\"@id\":\"https:\\\/\\\/sanatate.md\\\/ro\\\/#organization\",\"name\":\"SANATATE\",\"url\":\"https:\\\/\\\/sanatate.md\\\/ro\\\/\",\"logo\":{\"@type\":\"ImageObject\",\"inLanguage\":\"ro-RO\",\"@id\":\"https:\\\/\\\/sanatate.md\\\/ro\\\/#\\\/schema\\\/logo\\\/image\\\/\",\"url\":\"https:\\\/\\\/sanatate.md\\\/wp-content\\\/uploads\\\/2022\\\/01\\\/sanatate-logo.svg\",\"contentUrl\":\"https:\\\/\\\/sanatate.md\\\/wp-content\\\/uploads\\\/2022\\\/01\\\/sanatate-logo.svg\",\"width\":\"1024\",\"height\":\"1024\",\"caption\":\"SANATATE\"},\"image\":{\"@id\":\"https:\\\/\\\/sanatate.md\\\/ro\\\/#\\\/schema\\\/logo\\\/image\\\/\"}}]}<\/script>\n<!-- \/ Yoast SEO plugin. -->","yoast_head_json":{"title":"Boala lui I\u0163enko-Cu\u015fing","description":"Cauzele bolii: tumorile din hipofiz\u0103 (macro \u0219i microadenomi); inflama\u021bia creierului; perioada de dup\u0103 na\u015ftere la femei; glandele suprarenale","robots":{"index":"index","follow":"follow","max-snippet":"max-snippet:-1","max-image-preview":"max-image-preview:large","max-video-preview":"max-video-preview:-1"},"canonical":"https:\/\/sanatate.md\/ro\/boli-si-tratament\/boli-endocrine\/boala-lui-itenko-cusing\/","og_locale":"ro_RO","og_type":"article","og_title":"Boala lui I\u0163enko-Cu\u015fing","og_description":"Cauzele bolii: tumorile din hipofiz\u0103 (macro \u0219i microadenomi); inflama\u021bia creierului; perioada de dup\u0103 na\u015ftere la femei; glandele suprarenale","og_url":"https:\/\/sanatate.md\/ro\/boli-si-tratament\/boli-endocrine\/boala-lui-itenko-cusing\/","og_site_name":"Sanatate.md","twitter_card":"summary_large_image","twitter_misc":{"Timp estimat pentru citire":"2 minute"},"schema":{"@context":"https:\/\/schema.org","@graph":[{"@type":"WebPage","@id":"https:\/\/sanatate.md\/ro\/boli-si-tratament\/boli-endocrine\/boala-lui-itenko-cusing\/","url":"https:\/\/sanatate.md\/ro\/boli-si-tratament\/boli-endocrine\/boala-lui-itenko-cusing\/","name":"Boala lui I\u0163enko-Cu\u015fing","isPartOf":{"@id":"https:\/\/sanatate.md\/ro\/#website"},"datePublished":"2017-12-25T09:29:41+00:00","description":"Cauzele bolii: tumorile din hipofiz\u0103 (macro \u0219i microadenomi); inflama\u021bia creierului; perioada de dup\u0103 na\u015ftere la femei; glandele suprarenale","breadcrumb":{"@id":"https:\/\/sanatate.md\/ro\/boli-si-tratament\/boli-endocrine\/boala-lui-itenko-cusing\/#breadcrumb"},"inLanguage":"ro-RO","potentialAction":[{"@type":"ReadAction","target":["https:\/\/sanatate.md\/ro\/boli-si-tratament\/boli-endocrine\/boala-lui-itenko-cusing\/"]}]},{"@type":"BreadcrumbList","@id":"https:\/\/sanatate.md\/ro\/boli-si-tratament\/boli-endocrine\/boala-lui-itenko-cusing\/#breadcrumb","itemListElement":[{"@type":"ListItem","position":1,"name":"\u0413\u043b\u0430\u0432\u043d\u0430\u044f \u0441\u0442\u0440\u0430\u043d\u0438\u0446\u0430","item":"https:\/\/sanatate.md\/ro\/"},{"@type":"ListItem","position":2,"name":"Boli si tratament","item":"https:\/\/sanatate.md\/ro\/boli-si-tratament\/"},{"@type":"ListItem","position":3,"name":"Boli endocrine","item":"https:\/\/sanatate.md\/ro\/boli-si-tratament\/boli-endocrine\/"},{"@type":"ListItem","position":4,"name":"Boala lui I\u0163enko-Cu\u015fing"}]},{"@type":"WebSite","@id":"https:\/\/sanatate.md\/ro\/#website","url":"https:\/\/sanatate.md\/ro\/","name":"Sanatate.md","description":"\u0416\u0443\u0440\u043d\u0430\u043b \u0434\u043b\u044f \u0432\u0441\u0435\u0439 \u0441\u0435\u043c\u044c\u0438 \u0432 \u041c\u043e\u043b\u0434\u043e\u0432\u0435","publisher":{"@id":"https:\/\/sanatate.md\/ro\/#organization"},"potentialAction":[{"@type":"SearchAction","target":{"@type":"EntryPoint","urlTemplate":"https:\/\/sanatate.md\/ro\/?s={search_term_string}"},"query-input":{"@type":"PropertyValueSpecification","valueRequired":true,"valueName":"search_term_string"}}],"inLanguage":"ro-RO"},{"@type":"Organization","@id":"https:\/\/sanatate.md\/ro\/#organization","name":"SANATATE","url":"https:\/\/sanatate.md\/ro\/","logo":{"@type":"ImageObject","inLanguage":"ro-RO","@id":"https:\/\/sanatate.md\/ro\/#\/schema\/logo\/image\/","url":"https:\/\/sanatate.md\/wp-content\/uploads\/2022\/01\/sanatate-logo.svg","contentUrl":"https:\/\/sanatate.md\/wp-content\/uploads\/2022\/01\/sanatate-logo.svg","width":"1024","height":"1024","caption":"SANATATE"},"image":{"@id":"https:\/\/sanatate.md\/ro\/#\/schema\/logo\/image\/"}}]}},"_links":{"self":[{"href":"https:\/\/sanatate.md\/ro\/wp-json\/wp\/v2\/pages\/48553","targetHints":{"allow":["GET"]}}],"collection":[{"href":"https:\/\/sanatate.md\/ro\/wp-json\/wp\/v2\/pages"}],"about":[{"href":"https:\/\/sanatate.md\/ro\/wp-json\/wp\/v2\/types\/page"}],"author":[{"embeddable":true,"href":"https:\/\/sanatate.md\/ro\/wp-json\/wp\/v2\/users\/28"}],"replies":[{"embeddable":true,"href":"https:\/\/sanatate.md\/ro\/wp-json\/wp\/v2\/comments?post=48553"}],"version-history":[{"count":0,"href":"https:\/\/sanatate.md\/ro\/wp-json\/wp\/v2\/pages\/48553\/revisions"}],"up":[{"embeddable":true,"href":"https:\/\/sanatate.md\/ro\/wp-json\/wp\/v2\/pages\/47544"}],"wp:attachment":[{"href":"https:\/\/sanatate.md\/ro\/wp-json\/wp\/v2\/media?parent=48553"}],"curies":[{"name":"wp","href":"https:\/\/api.w.org\/{rel}","templated":true}]}}