{"id":48559,"date":"2017-12-25T12:41:17","date_gmt":"2017-12-25T09:41:17","guid":{"rendered":"https:\/\/sanatate.md\/?page_id=48559"},"modified":"2017-12-25T12:41:17","modified_gmt":"2017-12-25T09:41:17","slug":"acromegalia","status":"publish","type":"page","link":"https:\/\/sanatate.md\/ro\/boli-si-tratament\/boli-endocrine\/acromegalia\/","title":{"rendered":"Acromegalia"},"content":{"rendered":"<p>&nbsp;<\/p>\n<p>Acromegalia este o boal\u0103, care apare ca urmare a unui nivel sporit de produc\u021bie a hormonilor de cre\u0219tere \u00een glanda pituitar\u0103.<\/p>\n<h3>Cauzele apari\u021biei acestei boli sunt:<\/h3>\n<ul>\n<li>tumoarea glandei pituitare;<\/li>\n<li>lezarea oaselor craniului;<\/li>\n<li>complica\u021bii ap\u0103rute dup\u0103 o infec\u021bie.<\/li>\n<\/ul>\n<p>Simptomele acestei boli se dezvolt\u0103 pe parcursul mai multor ani.<\/p>\n<h3>Simptomatologia<\/h3>\n<p>La adul\u021bi boala \u00eencepe s\u0103 se dezvolte cu simptomele:<\/p>\n<ul>\n<li>cre\u0219terea anormal\u0103 a oaselor scheletului;<\/li>\n<li>\u00eengro\u0219area \u021besuturilor moi;<\/li>\n<li>cre\u0219terea \u00een dimensiuni a organelor interne;<\/li>\n<li>dereglarea metabolismului.<\/li>\n<\/ul>\n<h3>La copii acromegalia se manifest\u0103 prin:<\/h3>\n<ul>\n<li>cre\u0219terea intensiv\u0103 (gigantism \u2013 peste 190 de centimetri);<\/li>\n<li>dureri de cap frecvente;<\/li>\n<li>modific\u0103ri evidente: cre\u0219te nasul, urechile, limba, maxilarul inferior, picioarele,<br \/>\nmembrele superioare;<\/li>\n<li>pielea devine mai groas\u0103 \u0219i cap\u0103t\u0103 o str\u0103lucire.<\/li>\n<\/ul>\n<p>Modific\u0103rile organelor interne, at\u00e2t la adul\u021bi c\u00e2t \u0219i la copii, duce la func\u021bionarea necorespunz\u0103toare a sistemului cardiovascular, pulmonar, intestinal.<\/p>\n<h3>Ca rezultatapar astfel de comorbidit\u0103\u021bi, cum ar fi:<\/h3>\n<ul>\n<li>distrofia miocardului;<\/li>\n<li>bron\u0219ita;<\/li>\n<li>boala ulceroas\u0103 a stomacului.<\/li>\n<\/ul>\n<p>De asemenea, la pacien\u021bi poate cre\u0219te nivelul de zah\u0103r \u00een s\u00e2nge.<\/p>\n<p>Pentru stabilirea diagnosticului de acromegalie este necesar s\u0103 se efectueze radiografii ale oaselor scheletului \u0219i oasele craniului, precum \u0219i tomografia computerizat\u0103. Este recomandat s\u0103 se efectueze un studiu pentru determinarea \u00een s\u00e2nge a cantit\u0103\u0163ii hormonilor de cre\u0219tere.<\/p>\n<h3>Metode de tratament:<\/h3>\n<ul>\n<li>eliminarea pe cale chirurgical\u0103 a glandei pituitare;<\/li>\n<li>implantarea iridiului radioactiv sau a aurului prin metoda de expunere;<\/li>\n<li>\u00eendep\u0103rtarea tumorii la glanda pituitar\u0103.<\/li>\n<\/ul>\n<h3>Metodele de tratament pot fi aplicate \u00een caz de:<\/h3>\n<ul>\n<li>diagnosticarea unor tumori de mari dimensiuni;<\/li>\n<li>determinarea simptomelor neurologice;<\/li>\n<li>apari\u0163ia proceselor distructive \u00een \u021besuturile osoase ale craniului.<\/li>\n<\/ul>\n<h3>Prognoza<\/h3>\n<p>Un tratament corect duce la stabilizarea st\u0103rii pacientului,\u00a0ceea ce permite de a p\u0103stra capacitatea de munc\u0103 pe parcursul mai multor ani.<\/p>\n<p>La pacien\u021bii cu acromegalie se observ\u0103 nivelul sc\u0103zut de rezisten\u021b\u0103 a organismului, de asemenea, deseori se dezvolta boli de pl\u0103m\u00e2ni \u0219i inim\u0103. Pot fi consecin\u021be cu caracter ireversibil.<\/p>\n","protected":false},"excerpt":{"rendered":"<p>&nbsp; Acromegalia este o boal\u0103, care apare ca urmare a unui nivel sporit de produc\u021bie a hormonilor de cre\u0219tere \u00een glanda pituitar\u0103. Cauzele apari\u021biei acestei boli sunt: tumoarea glandei pituitare; lezarea oaselor craniului; complica\u021bii ap\u0103rute dup\u0103 o infec\u021bie. Simptomele acestei boli se dezvolt\u0103 pe parcursul mai multor ani. Simptomatologia La adul\u021bi boala \u00eencepe s\u0103 se [&hellip;]<\/p>\n","protected":false},"author":28,"featured_media":0,"parent":47544,"menu_order":0,"comment_status":"closed","ping_status":"closed","template":"","meta":{"inline_featured_image":false,"footnotes":""},"class_list":["post-48559","page","type-page","status-publish"],"yoast_head":"<!-- This site is optimized with the Yoast SEO plugin v27.3 - https:\/\/yoast.com\/product\/yoast-seo-wordpress\/ -->\n<title>Acromegalia<\/title>\n<meta name=\"description\" content=\"Acromegalia este o boal\u0103, care apare ca urmare a unui nivel sporit de produc\u021bie a hormonilor de cre\u0219tere \u00een glanda pituitar\u0103.\" \/>\n<meta name=\"robots\" content=\"index, follow, max-snippet:-1, max-image-preview:large, max-video-preview:-1\" \/>\n<link rel=\"canonical\" href=\"https:\/\/sanatate.md\/ro\/boli-si-tratament\/boli-endocrine\/acromegalia\/\" \/>\n<meta property=\"og:locale\" content=\"ro_RO\" \/>\n<meta property=\"og:type\" content=\"article\" \/>\n<meta property=\"og:title\" content=\"Acromegalia\" \/>\n<meta property=\"og:description\" content=\"Acromegalia este o boal\u0103, care apare ca urmare a unui nivel sporit de produc\u021bie a hormonilor de cre\u0219tere \u00een glanda pituitar\u0103.\" \/>\n<meta property=\"og:url\" content=\"https:\/\/sanatate.md\/ro\/boli-si-tratament\/boli-endocrine\/acromegalia\/\" \/>\n<meta property=\"og:site_name\" content=\"Sanatate.md\" \/>\n<meta name=\"twitter:card\" content=\"summary_large_image\" \/>\n<meta name=\"twitter:label1\" content=\"Timp estimat pentru citire\" \/>\n\t<meta name=\"twitter:data1\" content=\"2 minute\" \/>\n<script type=\"application\/ld+json\" class=\"yoast-schema-graph\">{\"@context\":\"https:\\\/\\\/schema.org\",\"@graph\":[{\"@type\":\"WebPage\",\"@id\":\"https:\\\/\\\/sanatate.md\\\/ro\\\/boli-si-tratament\\\/boli-endocrine\\\/acromegalia\\\/\",\"url\":\"https:\\\/\\\/sanatate.md\\\/ro\\\/boli-si-tratament\\\/boli-endocrine\\\/acromegalia\\\/\",\"name\":\"Acromegalia\",\"isPartOf\":{\"@id\":\"https:\\\/\\\/sanatate.md\\\/ro\\\/#website\"},\"datePublished\":\"2017-12-25T09:41:17+00:00\",\"description\":\"Acromegalia este o boal\u0103, care apare ca urmare a unui nivel sporit de produc\u021bie a hormonilor de cre\u0219tere \u00een glanda pituitar\u0103.\",\"breadcrumb\":{\"@id\":\"https:\\\/\\\/sanatate.md\\\/ro\\\/boli-si-tratament\\\/boli-endocrine\\\/acromegalia\\\/#breadcrumb\"},\"inLanguage\":\"ro-RO\",\"potentialAction\":[{\"@type\":\"ReadAction\",\"target\":[\"https:\\\/\\\/sanatate.md\\\/ro\\\/boli-si-tratament\\\/boli-endocrine\\\/acromegalia\\\/\"]}]},{\"@type\":\"BreadcrumbList\",\"@id\":\"https:\\\/\\\/sanatate.md\\\/ro\\\/boli-si-tratament\\\/boli-endocrine\\\/acromegalia\\\/#breadcrumb\",\"itemListElement\":[{\"@type\":\"ListItem\",\"position\":1,\"name\":\"\u0413\u043b\u0430\u0432\u043d\u0430\u044f \u0441\u0442\u0440\u0430\u043d\u0438\u0446\u0430\",\"item\":\"https:\\\/\\\/sanatate.md\\\/ro\\\/\"},{\"@type\":\"ListItem\",\"position\":2,\"name\":\"Boli si tratament\",\"item\":\"https:\\\/\\\/sanatate.md\\\/ro\\\/boli-si-tratament\\\/\"},{\"@type\":\"ListItem\",\"position\":3,\"name\":\"Boli endocrine\",\"item\":\"https:\\\/\\\/sanatate.md\\\/ro\\\/boli-si-tratament\\\/boli-endocrine\\\/\"},{\"@type\":\"ListItem\",\"position\":4,\"name\":\"Acromegalia\"}]},{\"@type\":\"WebSite\",\"@id\":\"https:\\\/\\\/sanatate.md\\\/ro\\\/#website\",\"url\":\"https:\\\/\\\/sanatate.md\\\/ro\\\/\",\"name\":\"Sanatate.md\",\"description\":\"\u0416\u0443\u0440\u043d\u0430\u043b \u0434\u043b\u044f \u0432\u0441\u0435\u0439 \u0441\u0435\u043c\u044c\u0438 \u0432 \u041c\u043e\u043b\u0434\u043e\u0432\u0435\",\"publisher\":{\"@id\":\"https:\\\/\\\/sanatate.md\\\/ro\\\/#organization\"},\"potentialAction\":[{\"@type\":\"SearchAction\",\"target\":{\"@type\":\"EntryPoint\",\"urlTemplate\":\"https:\\\/\\\/sanatate.md\\\/ro\\\/?s={search_term_string}\"},\"query-input\":{\"@type\":\"PropertyValueSpecification\",\"valueRequired\":true,\"valueName\":\"search_term_string\"}}],\"inLanguage\":\"ro-RO\"},{\"@type\":\"Organization\",\"@id\":\"https:\\\/\\\/sanatate.md\\\/ro\\\/#organization\",\"name\":\"SANATATE\",\"url\":\"https:\\\/\\\/sanatate.md\\\/ro\\\/\",\"logo\":{\"@type\":\"ImageObject\",\"inLanguage\":\"ro-RO\",\"@id\":\"https:\\\/\\\/sanatate.md\\\/ro\\\/#\\\/schema\\\/logo\\\/image\\\/\",\"url\":\"https:\\\/\\\/sanatate.md\\\/wp-content\\\/uploads\\\/2022\\\/01\\\/sanatate-logo.svg\",\"contentUrl\":\"https:\\\/\\\/sanatate.md\\\/wp-content\\\/uploads\\\/2022\\\/01\\\/sanatate-logo.svg\",\"width\":\"1024\",\"height\":\"1024\",\"caption\":\"SANATATE\"},\"image\":{\"@id\":\"https:\\\/\\\/sanatate.md\\\/ro\\\/#\\\/schema\\\/logo\\\/image\\\/\"}}]}<\/script>\n<!-- \/ Yoast SEO plugin. -->","yoast_head_json":{"title":"Acromegalia","description":"Acromegalia este o boal\u0103, care apare ca urmare a unui nivel sporit de produc\u021bie a hormonilor de cre\u0219tere \u00een glanda pituitar\u0103.","robots":{"index":"index","follow":"follow","max-snippet":"max-snippet:-1","max-image-preview":"max-image-preview:large","max-video-preview":"max-video-preview:-1"},"canonical":"https:\/\/sanatate.md\/ro\/boli-si-tratament\/boli-endocrine\/acromegalia\/","og_locale":"ro_RO","og_type":"article","og_title":"Acromegalia","og_description":"Acromegalia este o boal\u0103, care apare ca urmare a unui nivel sporit de produc\u021bie a hormonilor de cre\u0219tere \u00een glanda pituitar\u0103.","og_url":"https:\/\/sanatate.md\/ro\/boli-si-tratament\/boli-endocrine\/acromegalia\/","og_site_name":"Sanatate.md","twitter_card":"summary_large_image","twitter_misc":{"Timp estimat pentru citire":"2 minute"},"schema":{"@context":"https:\/\/schema.org","@graph":[{"@type":"WebPage","@id":"https:\/\/sanatate.md\/ro\/boli-si-tratament\/boli-endocrine\/acromegalia\/","url":"https:\/\/sanatate.md\/ro\/boli-si-tratament\/boli-endocrine\/acromegalia\/","name":"Acromegalia","isPartOf":{"@id":"https:\/\/sanatate.md\/ro\/#website"},"datePublished":"2017-12-25T09:41:17+00:00","description":"Acromegalia este o boal\u0103, care apare ca urmare a unui nivel sporit de produc\u021bie a hormonilor de cre\u0219tere \u00een glanda pituitar\u0103.","breadcrumb":{"@id":"https:\/\/sanatate.md\/ro\/boli-si-tratament\/boli-endocrine\/acromegalia\/#breadcrumb"},"inLanguage":"ro-RO","potentialAction":[{"@type":"ReadAction","target":["https:\/\/sanatate.md\/ro\/boli-si-tratament\/boli-endocrine\/acromegalia\/"]}]},{"@type":"BreadcrumbList","@id":"https:\/\/sanatate.md\/ro\/boli-si-tratament\/boli-endocrine\/acromegalia\/#breadcrumb","itemListElement":[{"@type":"ListItem","position":1,"name":"\u0413\u043b\u0430\u0432\u043d\u0430\u044f \u0441\u0442\u0440\u0430\u043d\u0438\u0446\u0430","item":"https:\/\/sanatate.md\/ro\/"},{"@type":"ListItem","position":2,"name":"Boli si tratament","item":"https:\/\/sanatate.md\/ro\/boli-si-tratament\/"},{"@type":"ListItem","position":3,"name":"Boli endocrine","item":"https:\/\/sanatate.md\/ro\/boli-si-tratament\/boli-endocrine\/"},{"@type":"ListItem","position":4,"name":"Acromegalia"}]},{"@type":"WebSite","@id":"https:\/\/sanatate.md\/ro\/#website","url":"https:\/\/sanatate.md\/ro\/","name":"Sanatate.md","description":"\u0416\u0443\u0440\u043d\u0430\u043b \u0434\u043b\u044f \u0432\u0441\u0435\u0439 \u0441\u0435\u043c\u044c\u0438 \u0432 \u041c\u043e\u043b\u0434\u043e\u0432\u0435","publisher":{"@id":"https:\/\/sanatate.md\/ro\/#organization"},"potentialAction":[{"@type":"SearchAction","target":{"@type":"EntryPoint","urlTemplate":"https:\/\/sanatate.md\/ro\/?s={search_term_string}"},"query-input":{"@type":"PropertyValueSpecification","valueRequired":true,"valueName":"search_term_string"}}],"inLanguage":"ro-RO"},{"@type":"Organization","@id":"https:\/\/sanatate.md\/ro\/#organization","name":"SANATATE","url":"https:\/\/sanatate.md\/ro\/","logo":{"@type":"ImageObject","inLanguage":"ro-RO","@id":"https:\/\/sanatate.md\/ro\/#\/schema\/logo\/image\/","url":"https:\/\/sanatate.md\/wp-content\/uploads\/2022\/01\/sanatate-logo.svg","contentUrl":"https:\/\/sanatate.md\/wp-content\/uploads\/2022\/01\/sanatate-logo.svg","width":"1024","height":"1024","caption":"SANATATE"},"image":{"@id":"https:\/\/sanatate.md\/ro\/#\/schema\/logo\/image\/"}}]}},"_links":{"self":[{"href":"https:\/\/sanatate.md\/ro\/wp-json\/wp\/v2\/pages\/48559","targetHints":{"allow":["GET"]}}],"collection":[{"href":"https:\/\/sanatate.md\/ro\/wp-json\/wp\/v2\/pages"}],"about":[{"href":"https:\/\/sanatate.md\/ro\/wp-json\/wp\/v2\/types\/page"}],"author":[{"embeddable":true,"href":"https:\/\/sanatate.md\/ro\/wp-json\/wp\/v2\/users\/28"}],"replies":[{"embeddable":true,"href":"https:\/\/sanatate.md\/ro\/wp-json\/wp\/v2\/comments?post=48559"}],"version-history":[{"count":0,"href":"https:\/\/sanatate.md\/ro\/wp-json\/wp\/v2\/pages\/48559\/revisions"}],"up":[{"embeddable":true,"href":"https:\/\/sanatate.md\/ro\/wp-json\/wp\/v2\/pages\/47544"}],"wp:attachment":[{"href":"https:\/\/sanatate.md\/ro\/wp-json\/wp\/v2\/media?parent=48559"}],"curies":[{"name":"wp","href":"https:\/\/api.w.org\/{rel}","templated":true}]}}