{"id":48562,"date":"2017-12-25T13:27:32","date_gmt":"2017-12-25T10:27:32","guid":{"rendered":"https:\/\/sanatate.md\/?page_id=48562"},"modified":"2017-12-25T13:27:32","modified_gmt":"2017-12-25T10:27:32","slug":"amenoreea","status":"publish","type":"page","link":"https:\/\/sanatate.md\/ro\/boli-si-tratament\/boli-ale-femeilor\/amenoreea\/","title":{"rendered":"Amenoreea"},"content":{"rendered":"<p>Amenoreea este tulburarea func\u0163iei menstruale la femeile cuprinse \u00eentre v\u00e2rsta de la 16 &#8211; 45 de ani. Starea patologic\u0103 este diagnosticat\u0103 \u00een cazul, \u00een care ciclul menstrual absenteaz\u0103 timp de 6 luni \u015fi mai mult. \u00cen majoritatea cazurilor boala este un semn al unor perturb\u0103ri ce persist\u0103 \u00een organismul femeilor.<\/p>\n<h3>Amenoreea este de dou\u0103 tipuri:<\/h3>\n<ul>\n<li>Natural\u0103;<\/li>\n<li>Fals\u0103.<\/li>\n<\/ul>\n<p>Amenoreea natural\u0103 este absen\u0163a ciclului menstrual \u015fi procesele ce le provoac\u0103 \u00een organismul femeiesc. La persoana \u00een cauz\u0103 absenteaz\u0103 ovularea \u015fi ea nu poate s\u0103 r\u0103m\u00e2n\u0103 \u00eens\u0103rcinat\u0103. \u00cen dependen\u0163\u0103 de cauzele, ce provoac\u0103 amenoreea, ea poate fi de dou\u0103 forme:<\/p>\n<ul>\n<li>Fiziologic\u0103;<\/li>\n<li>Patologic\u0103.<\/li>\n<\/ul>\n<p>Forma fiziologic\u0103 a amenoreei nu este o stare boln\u0103vicioas\u0103, ci una natural\u0103 \u00een anumite perioade ca:<\/p>\n<ul>\n<li>Perioada copil\u0103riei;<\/li>\n<li>Perioada sarcinii;<\/li>\n<li>Perioada de al\u0103ptare a copilului;<\/li>\n<li>Menopauza.<\/li>\n<\/ul>\n<p>Amenoreea de form\u0103 patologic\u0103 constituie un semnal alarmant, care ne vorbe\u015fte despre existen\u0163a unor tulbur\u0103ri \u00een organismul femeii. Ele pot fi organice sau func\u0163ionale. Dac\u0103 la adolescente ciclul menstrual nu \u00eencepe la timpul cuvenit, putem spune, c\u0103 e amenoreea primar\u0103.<\/p>\n<p>Cea secundar\u0103 &#8211; e perioada, c\u00e2nd ciclul menstrual e \u00eentrerupt din anumite cauze.<\/p>\n<p>Amenoreea fals\u0103 se caracterizeaz\u0103 prin faptul, c\u0103 fonul hormonal \u015fi schimb\u0103rile ce \u0163in de ciclu sunt men\u0163inute \u00een organele genitale feminine cu toate c\u0103 lipsesc elimin\u0103rile specifice din cauza unor obstacole anatomice, vicii patologice ale organelor genitale.<\/p>\n<p>Cauzele \u015fi simptomele amenoreei de tip primar<\/p>\n<p>Cauzele apari\u0163iei formei \u00een cauz\u0103 o pot constitui urm\u0103torii factori:<\/p>\n<ul>\n<li>Ereditatea;<\/li>\n<li>Schimb\u0103rile anatomice \u00een organism;<\/li>\n<li>Dezechilibrul psihoemo\u0163ional.<\/li>\n<\/ul>\n<p>Forma dat\u0103 se manifest\u0103 la femeile, care sufer\u0103 de sindromul Terner \u2013 o boal\u0103 c\u0103reia \u00eei este caracteristic\u0103 subdezvoltarea glandelor sistemului reproductiv ca\u00a0rezultat al dezvolt\u0103rilor patologice ale cromosomilor.<\/p>\n<p>Factorii anatomici ai apari\u0163iei amenoreei de tip primar sunt:<\/p>\n<ul>\n<li>\u00cent\u00e2rzierile \u00een dezvoltarea fizic\u0103 a organismului se manifest\u0103 \u00een felul urm\u0103tor: masa corporal\u0103 sc\u0103zut\u0103, glandele mamare subdezvoltate, bazinul \u00eengust \u015fi altele.<\/li>\n<li>Patologiile \u00een organele sistemului reproductiv: str\u00e2mtorarea canalului vagina lsau a himenului.<\/li>\n<\/ul>\n<p>Cauzele cele mai frecvente, care provoc\u0103 apari\u0163ia amenoreei de tip primar o constituie: situa\u0163iile de stres, anorexia, \u015focurile de caracter psihoemo\u0163ional, activit\u0103\u0163ile fizice ce necesit\u0103 un efort imens, care la r\u00e2ndul s\u0103u sunt foarte periculoase pentru dezvoltarea normal\u0103 a organismului feminin deoarece pot ap\u0103rea tulbur\u0103ri chiar la etapa incipient\u0103 de formare a ciclului menstrual.<\/p>\n<h3>Tratarea amenoreei de tip primar<\/h3>\n<p>Principiul tratamentului se bazeaz\u0103 pe \u00eenl\u0103turarea cauzelor, care au provocat apari\u0163ia de tip primar. Femeilor cu sindromul Trener li se recomand\u0103 s\u0103 treac\u0103 o cur\u0103 de terapie cu substitu\u0163ie hormonal\u0103.<\/p>\n<p>Dac\u0103 este o \u00eent\u00e2rziere ce \u0163ine de dezvoltarea reproductiv\u0103, domni\u015foarelor li se va recomanda o diet\u0103 anumit\u0103, care este orientat\u0103 spre cre\u015fterea masei corporale \u015fi musculare, la fel se recomand\u0103 un tratament cu preparate hormonale, care ar stimula ciclul menstrual.<\/p>\n<p>Terapia hormonal\u0103 \u00een mod obligatoriu se ia sub supravegherea unui medic.<br \/>\n\u00cen cazul obstacolelor de ordin anatomic se recomand\u0103 \u00eenl\u0103turarea acestora prin interven\u0163ie chirurgical\u0103 cu scopul de a se asigura scurgerea normal\u0103 a s\u00eengelui menstrual.<br \/>\n\u00cen cazul st\u0103rilor emo\u0163ionale instabile tratamentul trebuie canalizat spre stabilizarea func\u0163ion\u0103rii sistemului nervos.<\/p>\n<p>E foarte important ca adolescentele s\u0103 ia \u00een considera\u0163ie faptul, c\u0103 \u0163inerea diferitor diete poate fi periculoas\u0103 pentru\u00a0dezvoltarea normal\u0103 a func\u0163iei reproductive. Organismul \u00een timpul dietelor nu prime\u015fte cantitatea necesar\u0103 de vitamine, minerale, proteine, gr\u0103simi \u015fi hidrocarburi, care la r\u00e2ndul s\u0103u poate duce la subdezvoltarea sexual\u0103 \u015fi la apari\u0163ia amenoreei. La fel ar trebui de evitat toate tipurile de sport, care solicit\u0103 un efort enorm: toate metodele de lupte, atletica grea \u015f.a.<\/p>\n<h3>Cauzele apari\u0163iei amenoreei de form\u0103 secundar\u0103<\/h3>\n<p>Forma dat\u0103 e o tulburare grav\u0103 a func\u0163iei menstruale, care este diagnosticat\u0103 la 10 % din femeile cu v\u00e2rsta de la 17 la 45 de ani.<\/p>\n<p>Factorii apari\u0163iei anorexiei de tip secundar:<\/p>\n<ul>\n<li>Anorexia de form\u0103 progresiv\u0103, care apare \u00een urma respect\u0103rii dietelor \u015fi a eforturilor fizice (38 de %);<\/li>\n<li>Polichistoza ovarelor (26 de %);<\/li>\n<li>Climaxul prematur (22 de %);<\/li>\n<li>Hiperprolactinemia (11 %) \u2013 un nivel ridicat de prolactin\u0103.<\/li>\n<\/ul>\n<p>\u00cen unele cazuri scurgerea s\u00e2ngelui menstrual poate fi \u00eentrerupt\u0103 de \u015focuri nervoase. Restabilirea are loc de la sine.<\/p>\n<h3>Diagnosticarea amenoreei de tip secundar<\/h3>\n<p>\u00cen cazul, \u00een care \u00een timpul unei consulta\u0163ii ginecologice apar pl\u00e2ngeri din partea pacientei, c\u0103 lipse\u015fte ciclul menstrual, \u00een primul rind, trebuie exclus\u0103 sarcina. Se depisteaz\u0103 apoi cauza, care a adus la apari\u0163ia amenoreei secundare.<\/p>\n<p>Ginecologul realizeaz\u0103 un raport dintre\u00a0\u00een\u0103l\u0163imea \u015fi masa corpului pacientei \u015fi \u00eel compar\u0103 cu norma, deoarece at\u00e2t obezitatea c\u00e2t \u015fi starea distrofic\u0103 a femeii pot provoca apari\u0163ia amenoreei ca rezultat al\u00a0tulbur\u0103rilor de nivel fiziologic \u015fi hormonal.<\/p>\n<p>Pacienta se investighiaz\u0103 \u00een ceea ce \u0163ine de tulbur\u0103rile \u00een func\u0163ionarea organelor sistemului reproductiv \u015fi, anume, a ovarelor. Trebuie de realizat investiga\u0163iile ce \u0163in de cantitatea unor hormoni: esterogenii, prolactina, carnitina \u015f.a.<\/p>\n<p>Pentru a exclude polichistoza patologic\u0103 a ovarelor e necesar\u0103 ultrasonografia organelor bazinului mic.<\/p>\n<p>Suplementar se mai recomand\u0103 \u015fi realizarea unui grafic al temperaturii rectale, se i ia analiza prin care se va determina nivelul de esterogeni. Una dintre investiga\u0163iile cele mai importante este testul \u201dsimptomul pupilei\u201d, care la r\u00e2ndul s\u0103u determin\u0103 pe c\u00e2t e de deschis\u0103 cavitatea uterin\u0103 \u015fi dac\u0103 \u00een colul uterin persist\u0103 substan\u0163a mucoas\u0103.<\/p>\n<h3>Tratarea amenoreei de form\u0103 secundar\u0103<\/h3>\n<p>Dac\u0103 pacienta brusc a sl\u0103bit, atunci apari\u0163ia bolii\u00a0poate fi considerat\u0103 regimul incorect de alimentare. Urmeaz\u0103 de depus toate eforturile ca ea s\u0103-\u015fi schimbe modul de via\u0163\u0103.<\/p>\n<p>\u00cen cazul polichistozei ovarelor e necesar\u0103 o terapie hormonal\u0103 sau laparoscopia \u2013 diatermocoagularea \u0163esuturilor organului dat. \u00cen cazul \u00een care se depisteaz\u0103 hiperprolactinemia se indic\u0103 un curs de tratament cu preparatele, care ar cobor\u00ee nivelul de prolactin\u0103.<\/p>\n<p>C\u00eend sunt diagnosticate leziuni tumorale ale \u0163esuturilor glandei hipofizare, trebuie de aplicat metoda neurochirurgical\u0103 de tratament. Dac\u0103 amenoreea a fost provocat\u0103 de menopauza premature &#8211; se indic\u0103 un curs de terapie substituitoare a hormonilor.<\/p>\n<p>La etapa actual\u0103 menopauza prematur\u0103 \u015fi amenoreea de tip secundar nu sunt pricinele de ce o femeie nu poate r\u0103m\u00e2ne \u00eens\u0103rcinat\u0103. ECO fertilizarea extracorporal\u0103, care const\u0103 \u00een utilizarea celulei feminine donate sau a embrionului, se implanteaz\u0103 la r\u00e2ndul s\u0103u \u00een uterul femeii, \u015fi se rezolv\u0103 situa\u0163ia.<\/p>\n<h3>Amenoreea \u00een timpul al\u0103pt\u0103rii<\/h3>\n<p>\u00cen perioada de al\u0103ptare \u00een majoritatea cazurilor absenteaz\u0103 elimin\u0103rile menstruale \u2013 e din cauza schimb\u0103rilor hormonale \u00een organele sistemului<br \/>\nreproductiv. Amenoreea \u00een timpul al\u0103pt\u0103rii este o metod\u0103 contraceptiv\u0103 fiziologic\u0103, care se bazeaz\u0103 pe absen\u0163a ovul\u0103rii. Aceast\u0103 metod\u0103 este eficient\u0103 numai pe parcursul a \u015fase luni dup\u0103 na\u015ftere \u015fi numai \u00een cazul, \u00een care are loc al\u0103ptarea regulat\u0103 a copilului.<\/p>\n<p>Metoda \u00een cauz\u0103 este eficient\u0103 doar atunci, dac\u0103 se respect\u0103 regulile:<\/p>\n<ul>\n<li>al\u0103ptarea bebelu\u015fului la solicitarea acestuia (de 6 ori pe zi);<\/li>\n<li>al\u0103ptarea \u00een timpul nop\u0163ii;<\/li>\n<li>lipsa de aliment\u0103ri suplimentare.<\/li>\n<\/ul>\n<p>Forma dat\u0103 se orienteaz\u0103 spre suprimarea procesului ovulatoriu pe fonul al\u0103pt\u0103rii regulate \u015fi ca rezultat absenteaz\u0103 ciclul menstrual \u015fi nu survine sarcina. Avantajele metodei sunt: probabilitatea \u00eenalt\u0103 de a nu r\u0103m\u00eene \u00eens\u0103rcinat\u0103, beneficiu pentru bebelu\u015f, simplitatea \u015fi restabilirea eficient\u0103 dup\u0103 na\u015ftere.<\/p>\n","protected":false},"excerpt":{"rendered":"<p>Amenoreea este tulburarea func\u0163iei menstruale la femeile cuprinse \u00eentre v\u00e2rsta de la 16 &#8211; 45 de ani. Starea patologic\u0103 este diagnosticat\u0103 \u00een cazul, \u00een care ciclul menstrual absenteaz\u0103 timp de 6 luni \u015fi mai mult. \u00cen majoritatea cazurilor boala este un semn al unor perturb\u0103ri ce persist\u0103 \u00een organismul femeilor. Amenoreea este de dou\u0103 tipuri: [&hellip;]<\/p>\n","protected":false},"author":28,"featured_media":0,"parent":38235,"menu_order":0,"comment_status":"closed","ping_status":"closed","template":"","meta":{"inline_featured_image":false,"footnotes":""},"class_list":["post-48562","page","type-page","status-publish"],"yoast_head":"<!-- This site is optimized with the Yoast SEO plugin v27.3 - https:\/\/yoast.com\/product\/yoast-seo-wordpress\/ -->\n<title>Amenoreea<\/title>\n<meta name=\"description\" content=\"Amenoreea este tulburarea func\u0163iei menstruale la femeile cuprinse \u00eentre v\u00e2rsta de la 16 - 45 de ani.\" \/>\n<meta name=\"robots\" content=\"index, follow, max-snippet:-1, max-image-preview:large, max-video-preview:-1\" \/>\n<link rel=\"canonical\" href=\"https:\/\/sanatate.md\/ro\/boli-si-tratament\/boli-ale-femeilor\/amenoreea\/\" \/>\n<meta property=\"og:locale\" content=\"ro_RO\" \/>\n<meta property=\"og:type\" content=\"article\" \/>\n<meta property=\"og:title\" content=\"Amenoreea\" \/>\n<meta property=\"og:description\" content=\"Amenoreea este tulburarea func\u0163iei menstruale la femeile cuprinse \u00eentre v\u00e2rsta de la 16 - 45 de ani.\" \/>\n<meta property=\"og:url\" content=\"https:\/\/sanatate.md\/ro\/boli-si-tratament\/boli-ale-femeilor\/amenoreea\/\" \/>\n<meta property=\"og:site_name\" content=\"Sanatate.md\" \/>\n<meta name=\"twitter:card\" content=\"summary_large_image\" \/>\n<meta name=\"twitter:label1\" content=\"Timp estimat pentru citire\" \/>\n\t<meta name=\"twitter:data1\" content=\"6 minute\" \/>\n<script type=\"application\/ld+json\" class=\"yoast-schema-graph\">{\"@context\":\"https:\\\/\\\/schema.org\",\"@graph\":[{\"@type\":\"WebPage\",\"@id\":\"https:\\\/\\\/sanatate.md\\\/ro\\\/boli-si-tratament\\\/boli-ale-femeilor\\\/amenoreea\\\/\",\"url\":\"https:\\\/\\\/sanatate.md\\\/ro\\\/boli-si-tratament\\\/boli-ale-femeilor\\\/amenoreea\\\/\",\"name\":\"Amenoreea\",\"isPartOf\":{\"@id\":\"https:\\\/\\\/sanatate.md\\\/ro\\\/#website\"},\"datePublished\":\"2017-12-25T10:27:32+00:00\",\"description\":\"Amenoreea este tulburarea func\u0163iei menstruale la femeile cuprinse \u00eentre v\u00e2rsta de la 16 - 45 de ani.\",\"breadcrumb\":{\"@id\":\"https:\\\/\\\/sanatate.md\\\/ro\\\/boli-si-tratament\\\/boli-ale-femeilor\\\/amenoreea\\\/#breadcrumb\"},\"inLanguage\":\"ro-RO\",\"potentialAction\":[{\"@type\":\"ReadAction\",\"target\":[\"https:\\\/\\\/sanatate.md\\\/ro\\\/boli-si-tratament\\\/boli-ale-femeilor\\\/amenoreea\\\/\"]}]},{\"@type\":\"BreadcrumbList\",\"@id\":\"https:\\\/\\\/sanatate.md\\\/ro\\\/boli-si-tratament\\\/boli-ale-femeilor\\\/amenoreea\\\/#breadcrumb\",\"itemListElement\":[{\"@type\":\"ListItem\",\"position\":1,\"name\":\"\u0413\u043b\u0430\u0432\u043d\u0430\u044f \u0441\u0442\u0440\u0430\u043d\u0438\u0446\u0430\",\"item\":\"https:\\\/\\\/sanatate.md\\\/ro\\\/\"},{\"@type\":\"ListItem\",\"position\":2,\"name\":\"Boli si tratament\",\"item\":\"https:\\\/\\\/sanatate.md\\\/ro\\\/boli-si-tratament\\\/\"},{\"@type\":\"ListItem\",\"position\":3,\"name\":\"Boli ale femeilor\",\"item\":\"https:\\\/\\\/sanatate.md\\\/ro\\\/boli-si-tratament\\\/boli-ale-femeilor\\\/\"},{\"@type\":\"ListItem\",\"position\":4,\"name\":\"Amenoreea\"}]},{\"@type\":\"WebSite\",\"@id\":\"https:\\\/\\\/sanatate.md\\\/ro\\\/#website\",\"url\":\"https:\\\/\\\/sanatate.md\\\/ro\\\/\",\"name\":\"Sanatate.md\",\"description\":\"\u0416\u0443\u0440\u043d\u0430\u043b \u0434\u043b\u044f \u0432\u0441\u0435\u0439 \u0441\u0435\u043c\u044c\u0438 \u0432 \u041c\u043e\u043b\u0434\u043e\u0432\u0435\",\"publisher\":{\"@id\":\"https:\\\/\\\/sanatate.md\\\/ro\\\/#organization\"},\"potentialAction\":[{\"@type\":\"SearchAction\",\"target\":{\"@type\":\"EntryPoint\",\"urlTemplate\":\"https:\\\/\\\/sanatate.md\\\/ro\\\/?s={search_term_string}\"},\"query-input\":{\"@type\":\"PropertyValueSpecification\",\"valueRequired\":true,\"valueName\":\"search_term_string\"}}],\"inLanguage\":\"ro-RO\"},{\"@type\":\"Organization\",\"@id\":\"https:\\\/\\\/sanatate.md\\\/ro\\\/#organization\",\"name\":\"SANATATE\",\"url\":\"https:\\\/\\\/sanatate.md\\\/ro\\\/\",\"logo\":{\"@type\":\"ImageObject\",\"inLanguage\":\"ro-RO\",\"@id\":\"https:\\\/\\\/sanatate.md\\\/ro\\\/#\\\/schema\\\/logo\\\/image\\\/\",\"url\":\"https:\\\/\\\/sanatate.md\\\/wp-content\\\/uploads\\\/2022\\\/01\\\/sanatate-logo.svg\",\"contentUrl\":\"https:\\\/\\\/sanatate.md\\\/wp-content\\\/uploads\\\/2022\\\/01\\\/sanatate-logo.svg\",\"width\":\"1024\",\"height\":\"1024\",\"caption\":\"SANATATE\"},\"image\":{\"@id\":\"https:\\\/\\\/sanatate.md\\\/ro\\\/#\\\/schema\\\/logo\\\/image\\\/\"}}]}<\/script>\n<!-- \/ Yoast SEO plugin. -->","yoast_head_json":{"title":"Amenoreea","description":"Amenoreea este tulburarea func\u0163iei menstruale la femeile cuprinse \u00eentre v\u00e2rsta de la 16 - 45 de ani.","robots":{"index":"index","follow":"follow","max-snippet":"max-snippet:-1","max-image-preview":"max-image-preview:large","max-video-preview":"max-video-preview:-1"},"canonical":"https:\/\/sanatate.md\/ro\/boli-si-tratament\/boli-ale-femeilor\/amenoreea\/","og_locale":"ro_RO","og_type":"article","og_title":"Amenoreea","og_description":"Amenoreea este tulburarea func\u0163iei menstruale la femeile cuprinse \u00eentre v\u00e2rsta de la 16 - 45 de ani.","og_url":"https:\/\/sanatate.md\/ro\/boli-si-tratament\/boli-ale-femeilor\/amenoreea\/","og_site_name":"Sanatate.md","twitter_card":"summary_large_image","twitter_misc":{"Timp estimat pentru citire":"6 minute"},"schema":{"@context":"https:\/\/schema.org","@graph":[{"@type":"WebPage","@id":"https:\/\/sanatate.md\/ro\/boli-si-tratament\/boli-ale-femeilor\/amenoreea\/","url":"https:\/\/sanatate.md\/ro\/boli-si-tratament\/boli-ale-femeilor\/amenoreea\/","name":"Amenoreea","isPartOf":{"@id":"https:\/\/sanatate.md\/ro\/#website"},"datePublished":"2017-12-25T10:27:32+00:00","description":"Amenoreea este tulburarea func\u0163iei menstruale la femeile cuprinse \u00eentre v\u00e2rsta de la 16 - 45 de ani.","breadcrumb":{"@id":"https:\/\/sanatate.md\/ro\/boli-si-tratament\/boli-ale-femeilor\/amenoreea\/#breadcrumb"},"inLanguage":"ro-RO","potentialAction":[{"@type":"ReadAction","target":["https:\/\/sanatate.md\/ro\/boli-si-tratament\/boli-ale-femeilor\/amenoreea\/"]}]},{"@type":"BreadcrumbList","@id":"https:\/\/sanatate.md\/ro\/boli-si-tratament\/boli-ale-femeilor\/amenoreea\/#breadcrumb","itemListElement":[{"@type":"ListItem","position":1,"name":"\u0413\u043b\u0430\u0432\u043d\u0430\u044f \u0441\u0442\u0440\u0430\u043d\u0438\u0446\u0430","item":"https:\/\/sanatate.md\/ro\/"},{"@type":"ListItem","position":2,"name":"Boli si tratament","item":"https:\/\/sanatate.md\/ro\/boli-si-tratament\/"},{"@type":"ListItem","position":3,"name":"Boli ale femeilor","item":"https:\/\/sanatate.md\/ro\/boli-si-tratament\/boli-ale-femeilor\/"},{"@type":"ListItem","position":4,"name":"Amenoreea"}]},{"@type":"WebSite","@id":"https:\/\/sanatate.md\/ro\/#website","url":"https:\/\/sanatate.md\/ro\/","name":"Sanatate.md","description":"\u0416\u0443\u0440\u043d\u0430\u043b \u0434\u043b\u044f \u0432\u0441\u0435\u0439 \u0441\u0435\u043c\u044c\u0438 \u0432 \u041c\u043e\u043b\u0434\u043e\u0432\u0435","publisher":{"@id":"https:\/\/sanatate.md\/ro\/#organization"},"potentialAction":[{"@type":"SearchAction","target":{"@type":"EntryPoint","urlTemplate":"https:\/\/sanatate.md\/ro\/?s={search_term_string}"},"query-input":{"@type":"PropertyValueSpecification","valueRequired":true,"valueName":"search_term_string"}}],"inLanguage":"ro-RO"},{"@type":"Organization","@id":"https:\/\/sanatate.md\/ro\/#organization","name":"SANATATE","url":"https:\/\/sanatate.md\/ro\/","logo":{"@type":"ImageObject","inLanguage":"ro-RO","@id":"https:\/\/sanatate.md\/ro\/#\/schema\/logo\/image\/","url":"https:\/\/sanatate.md\/wp-content\/uploads\/2022\/01\/sanatate-logo.svg","contentUrl":"https:\/\/sanatate.md\/wp-content\/uploads\/2022\/01\/sanatate-logo.svg","width":"1024","height":"1024","caption":"SANATATE"},"image":{"@id":"https:\/\/sanatate.md\/ro\/#\/schema\/logo\/image\/"}}]}},"_links":{"self":[{"href":"https:\/\/sanatate.md\/ro\/wp-json\/wp\/v2\/pages\/48562","targetHints":{"allow":["GET"]}}],"collection":[{"href":"https:\/\/sanatate.md\/ro\/wp-json\/wp\/v2\/pages"}],"about":[{"href":"https:\/\/sanatate.md\/ro\/wp-json\/wp\/v2\/types\/page"}],"author":[{"embeddable":true,"href":"https:\/\/sanatate.md\/ro\/wp-json\/wp\/v2\/users\/28"}],"replies":[{"embeddable":true,"href":"https:\/\/sanatate.md\/ro\/wp-json\/wp\/v2\/comments?post=48562"}],"version-history":[{"count":0,"href":"https:\/\/sanatate.md\/ro\/wp-json\/wp\/v2\/pages\/48562\/revisions"}],"up":[{"embeddable":true,"href":"https:\/\/sanatate.md\/ro\/wp-json\/wp\/v2\/pages\/38235"}],"wp:attachment":[{"href":"https:\/\/sanatate.md\/ro\/wp-json\/wp\/v2\/media?parent=48562"}],"curies":[{"name":"wp","href":"https:\/\/api.w.org\/{rel}","templated":true}]}}