{"id":48567,"date":"2017-12-25T13:34:57","date_gmt":"2017-12-25T10:34:57","guid":{"rendered":"https:\/\/sanatate.md\/?page_id=48567"},"modified":"2017-12-25T13:34:57","modified_gmt":"2017-12-25T10:34:57","slug":"amputarea-traumatica","status":"publish","type":"page","link":"https:\/\/sanatate.md\/ro\/boli-si-tratament\/boli-ale-sistemului-musculo-scheletic-traumatisme\/amputarea-traumatica\/","title":{"rendered":"Amputarea traumatic\u0103"},"content":{"rendered":"<p>Amputarea traumatic\u0103 este t\u0103ierea sau smulgerea membrelor (a altei p\u0103r\u021bi a corpului) totalmente sau\u00a0partial, consecin\u0103 a unei\u00a0ac\u0163iuni\u00a0mecanice.<\/p>\n<h3>Tipuri de amputare<\/h3>\n<p>Amputarea poate fi total\u0103 sau\u00a0par\u0163ial\u0103; \u00een cazul celei totale partea\u00a0traumat\u0103\u00a0a organului\u00a0nu este legat\u0103 de partea\u00a0traumat\u0103\u00a0a stratului cutanat,\u00a0mu\u015fchilor\u00a0sau a<br \/>\ntendoanelor.<\/p>\n<h3>Cauze<\/h3>\n<p>Aceste traume apar \u00een urma\u00a0coleziunii\u00a0de tren sau tramvai; traumele \u00een cauz\u0103 mai sunt numite\u00a0\u015fi\u00a0traumele\u00a0\u015finelor.<br \/>\nSmulgerea poate avea loc \u00een cazul, \u00een care membrele<br \/>\nnimeresc \u00een diferite mecanisme, care sunt \u00een mi\u0219care: tobele unei combine, a\u00a0unui ferestr\u0103u sau din cauza c\u0103derii pe membre a unei\u00a0greut\u0103\u0163i\u00a0imense.<\/p>\n<h3>Simptome<\/h3>\n<p>\u00cen urma unei traume vasele sanguine ale cioturilor sunt zdrobite\u00a0\u015fi\u00a0trombozate.\u00a0 De regul\u0103, nu s\u00e2ngereaz\u0103; s\u00e2ngereaz\u0103 doar ramurile musculare\u00a0\u015fi\u00a0vasele osoase. \u00cen\u00a0ran\u0103 se afl\u0103 corpuri str\u0103ine\u00a0\u015fi\u00a0murd\u0103rie.<br \/>\nSuferindul poate avea un\u00a0\u015foc\u00a0traumatic; cel mai des el apare \u00een urma smulgerii ambelor coapse. Gravitatea\u00a0\u015focului\u00a0depinde de traumele concomitente ale organelor exterioare\u00a0\u015fi\u00a0interioare.<\/p>\n<h3>Diagnosticare<\/h3>\n<p>Gravitatea r\u0103nilor depinde de timpul, care\u00a0a trecut\u00a0din momentul traumei, starea\u00a0general\u0103 a bolnavului, de cantitatea\u00a0de s\u00e2nge pierdut, depistarea\u00a0leziunilor altor organe.<br \/>\nO\u00a0aten\u021bie\u00a0deosebit\u0103 trebuie de acordat altor organe\u00a0traumate,\u00a0deoarece anume de<br \/>\nacesta depinde gravitatea\u00a0\u015focului.<br \/>\nEste indicat s\u0103 se fac\u0103\u00a0roentgeniul\u00a0cioturilor, cu\u00a0scopul de a depista fracturile posibile.<\/p>\n<h3>Tratare<\/h3>\n<p>Mai \u00eent\u00e2i trebuie de oprit s\u00e2ngerarea cu ajutorul unui bandaj presat sau a unei\u00a0man\u0219ete\u00a0gonflabile\u00a0(bandajul de compresie este folosit doar \u00een cazuri\u00a0excep\u021bionale)<br \/>\n\u015fi\u00a0apoi de transportat pacientul \u00eentr- o\u00a0institu\u021bie\u00a0medical.<\/p>\n<p>P\u0103r\u021bile\u00a0rupte ale corpului trebuie ambalate \u00een bandaj steril\u00a0\u015fi\u00a0puse \u00een pachete curate din\u00a0polietilena. Acestea trebuie puse \u00eentr- un vas cu ap\u0103\u00a0\u015fi ghea\u0163\u0103.La pachet se\u00a0ata\u015feaz\u0103<br \/>\nun bile\u0163el, \u00een care e notat\u0103 ora exact\u0103 a momentului c\u00e2nd s-a \u00eent\u00e2mplat trauma.\u00a0\u00cen\u00a0a\u015fa mod se asigur\u0103 p\u0103strarea\u00a0func\u0163iilor\u00a0vitale ale\u00a0p\u0103r\u0163ilor\u00a0amputate.<\/p>\n<p>Suferindul este transportat la o clinic\u0103 \u00eempreun\u0103 cu\u00a0p\u0103r\u0163ile\u00a0smulse ale corpului. Dac\u0103 membrele nu\u00a0sunt amputate totalmente nu le separ\u0103m de ciot, ci le imobiliz\u0103m. E necesar de asigurat r\u0103cirea\u00a0p\u0103r\u0163ii\u00a0rupte.<\/p>\n","protected":false},"excerpt":{"rendered":"<p>Amputarea traumatic\u0103 este t\u0103ierea sau smulgerea membrelor (a altei p\u0103r\u021bi a corpului) totalmente sau\u00a0partial, consecin\u0103 a unei\u00a0ac\u0163iuni\u00a0mecanice. Tipuri de amputare Amputarea poate fi total\u0103 sau\u00a0par\u0163ial\u0103; \u00een cazul celei totale partea\u00a0traumat\u0103\u00a0a organului\u00a0nu este legat\u0103 de partea\u00a0traumat\u0103\u00a0a stratului cutanat,\u00a0mu\u015fchilor\u00a0sau a tendoanelor. Cauze Aceste traume apar \u00een urma\u00a0coleziunii\u00a0de tren sau tramvai; traumele \u00een cauz\u0103 mai sunt numite\u00a0\u015fi\u00a0traumele\u00a0\u015finelor. Smulgerea [&hellip;]<\/p>\n","protected":false},"author":28,"featured_media":0,"parent":52975,"menu_order":0,"comment_status":"closed","ping_status":"closed","template":"","meta":{"inline_featured_image":false,"footnotes":""},"class_list":["post-48567","page","type-page","status-publish"],"yoast_head":"<!-- This site is optimized with the Yoast SEO plugin v27.3 - https:\/\/yoast.com\/product\/yoast-seo-wordpress\/ -->\n<title>Amputarea traumatic\u0103<\/title>\n<meta name=\"description\" content=\"Amputarea traumatic\u0103 este t\u0103ierea sau smulgerea membrelor totalmente sau\u00a0partial, consecin\u0103 a unei\u00a0ac\u0163iuni\u00a0mecanice.\" \/>\n<meta name=\"robots\" content=\"index, follow, max-snippet:-1, max-image-preview:large, max-video-preview:-1\" \/>\n<link rel=\"canonical\" href=\"https:\/\/sanatate.md\/ro\/boli-si-tratament\/boli-ale-sistemului-musculo-scheletic-traumatisme\/amputarea-traumatica\/\" \/>\n<meta property=\"og:locale\" content=\"ro_RO\" \/>\n<meta property=\"og:type\" content=\"article\" \/>\n<meta property=\"og:title\" content=\"Amputarea traumatic\u0103\" \/>\n<meta property=\"og:description\" content=\"Amputarea traumatic\u0103 este t\u0103ierea sau smulgerea membrelor totalmente sau\u00a0partial, consecin\u0103 a unei\u00a0ac\u0163iuni\u00a0mecanice.\" \/>\n<meta property=\"og:url\" content=\"https:\/\/sanatate.md\/ro\/boli-si-tratament\/boli-ale-sistemului-musculo-scheletic-traumatisme\/amputarea-traumatica\/\" \/>\n<meta property=\"og:site_name\" content=\"Sanatate.md\" \/>\n<meta name=\"twitter:card\" content=\"summary_large_image\" \/>\n<meta name=\"twitter:label1\" content=\"Timp estimat pentru citire\" \/>\n\t<meta name=\"twitter:data1\" content=\"2 minute\" \/>\n<script type=\"application\/ld+json\" class=\"yoast-schema-graph\">{\"@context\":\"https:\\\/\\\/schema.org\",\"@graph\":[{\"@type\":\"WebPage\",\"@id\":\"https:\\\/\\\/sanatate.md\\\/ro\\\/boli-si-tratament\\\/boli-ale-sistemului-musculo-scheletic-traumatisme\\\/amputarea-traumatica\\\/\",\"url\":\"https:\\\/\\\/sanatate.md\\\/ro\\\/boli-si-tratament\\\/boli-ale-sistemului-musculo-scheletic-traumatisme\\\/amputarea-traumatica\\\/\",\"name\":\"Amputarea traumatic\u0103\",\"isPartOf\":{\"@id\":\"https:\\\/\\\/sanatate.md\\\/ro\\\/#website\"},\"datePublished\":\"2017-12-25T10:34:57+00:00\",\"description\":\"Amputarea traumatic\u0103 este t\u0103ierea sau smulgerea membrelor totalmente sau\u00a0partial, consecin\u0103 a unei\u00a0ac\u0163iuni\u00a0mecanice.\",\"breadcrumb\":{\"@id\":\"https:\\\/\\\/sanatate.md\\\/ro\\\/boli-si-tratament\\\/boli-ale-sistemului-musculo-scheletic-traumatisme\\\/amputarea-traumatica\\\/#breadcrumb\"},\"inLanguage\":\"ro-RO\",\"potentialAction\":[{\"@type\":\"ReadAction\",\"target\":[\"https:\\\/\\\/sanatate.md\\\/ro\\\/boli-si-tratament\\\/boli-ale-sistemului-musculo-scheletic-traumatisme\\\/amputarea-traumatica\\\/\"]}]},{\"@type\":\"BreadcrumbList\",\"@id\":\"https:\\\/\\\/sanatate.md\\\/ro\\\/boli-si-tratament\\\/boli-ale-sistemului-musculo-scheletic-traumatisme\\\/amputarea-traumatica\\\/#breadcrumb\",\"itemListElement\":[{\"@type\":\"ListItem\",\"position\":1,\"name\":\"\u0413\u043b\u0430\u0432\u043d\u0430\u044f \u0441\u0442\u0440\u0430\u043d\u0438\u0446\u0430\",\"item\":\"https:\\\/\\\/sanatate.md\\\/ro\\\/\"},{\"@type\":\"ListItem\",\"position\":2,\"name\":\"Boli si tratament\",\"item\":\"https:\\\/\\\/sanatate.md\\\/ro\\\/boli-si-tratament\\\/\"},{\"@type\":\"ListItem\",\"position\":3,\"name\":\"Boli ale sistemului musculo-scheletic, traumatisme\",\"item\":\"https:\\\/\\\/sanatate.md\\\/ro\\\/boli-si-tratament\\\/boli-ale-sistemului-musculo-scheletic-traumatisme\\\/\"},{\"@type\":\"ListItem\",\"position\":4,\"name\":\"Amputarea traumatic\u0103\"}]},{\"@type\":\"WebSite\",\"@id\":\"https:\\\/\\\/sanatate.md\\\/ro\\\/#website\",\"url\":\"https:\\\/\\\/sanatate.md\\\/ro\\\/\",\"name\":\"Sanatate.md\",\"description\":\"\u0416\u0443\u0440\u043d\u0430\u043b \u0434\u043b\u044f \u0432\u0441\u0435\u0439 \u0441\u0435\u043c\u044c\u0438 \u0432 \u041c\u043e\u043b\u0434\u043e\u0432\u0435\",\"publisher\":{\"@id\":\"https:\\\/\\\/sanatate.md\\\/ro\\\/#organization\"},\"potentialAction\":[{\"@type\":\"SearchAction\",\"target\":{\"@type\":\"EntryPoint\",\"urlTemplate\":\"https:\\\/\\\/sanatate.md\\\/ro\\\/?s={search_term_string}\"},\"query-input\":{\"@type\":\"PropertyValueSpecification\",\"valueRequired\":true,\"valueName\":\"search_term_string\"}}],\"inLanguage\":\"ro-RO\"},{\"@type\":\"Organization\",\"@id\":\"https:\\\/\\\/sanatate.md\\\/ro\\\/#organization\",\"name\":\"SANATATE\",\"url\":\"https:\\\/\\\/sanatate.md\\\/ro\\\/\",\"logo\":{\"@type\":\"ImageObject\",\"inLanguage\":\"ro-RO\",\"@id\":\"https:\\\/\\\/sanatate.md\\\/ro\\\/#\\\/schema\\\/logo\\\/image\\\/\",\"url\":\"https:\\\/\\\/sanatate.md\\\/wp-content\\\/uploads\\\/2022\\\/01\\\/sanatate-logo.svg\",\"contentUrl\":\"https:\\\/\\\/sanatate.md\\\/wp-content\\\/uploads\\\/2022\\\/01\\\/sanatate-logo.svg\",\"width\":\"1024\",\"height\":\"1024\",\"caption\":\"SANATATE\"},\"image\":{\"@id\":\"https:\\\/\\\/sanatate.md\\\/ro\\\/#\\\/schema\\\/logo\\\/image\\\/\"}}]}<\/script>\n<!-- \/ Yoast SEO plugin. -->","yoast_head_json":{"title":"Amputarea traumatic\u0103","description":"Amputarea traumatic\u0103 este t\u0103ierea sau smulgerea membrelor totalmente sau\u00a0partial, consecin\u0103 a unei\u00a0ac\u0163iuni\u00a0mecanice.","robots":{"index":"index","follow":"follow","max-snippet":"max-snippet:-1","max-image-preview":"max-image-preview:large","max-video-preview":"max-video-preview:-1"},"canonical":"https:\/\/sanatate.md\/ro\/boli-si-tratament\/boli-ale-sistemului-musculo-scheletic-traumatisme\/amputarea-traumatica\/","og_locale":"ro_RO","og_type":"article","og_title":"Amputarea traumatic\u0103","og_description":"Amputarea traumatic\u0103 este t\u0103ierea sau smulgerea membrelor totalmente sau\u00a0partial, consecin\u0103 a unei\u00a0ac\u0163iuni\u00a0mecanice.","og_url":"https:\/\/sanatate.md\/ro\/boli-si-tratament\/boli-ale-sistemului-musculo-scheletic-traumatisme\/amputarea-traumatica\/","og_site_name":"Sanatate.md","twitter_card":"summary_large_image","twitter_misc":{"Timp estimat pentru citire":"2 minute"},"schema":{"@context":"https:\/\/schema.org","@graph":[{"@type":"WebPage","@id":"https:\/\/sanatate.md\/ro\/boli-si-tratament\/boli-ale-sistemului-musculo-scheletic-traumatisme\/amputarea-traumatica\/","url":"https:\/\/sanatate.md\/ro\/boli-si-tratament\/boli-ale-sistemului-musculo-scheletic-traumatisme\/amputarea-traumatica\/","name":"Amputarea traumatic\u0103","isPartOf":{"@id":"https:\/\/sanatate.md\/ro\/#website"},"datePublished":"2017-12-25T10:34:57+00:00","description":"Amputarea traumatic\u0103 este t\u0103ierea sau smulgerea membrelor totalmente sau\u00a0partial, consecin\u0103 a unei\u00a0ac\u0163iuni\u00a0mecanice.","breadcrumb":{"@id":"https:\/\/sanatate.md\/ro\/boli-si-tratament\/boli-ale-sistemului-musculo-scheletic-traumatisme\/amputarea-traumatica\/#breadcrumb"},"inLanguage":"ro-RO","potentialAction":[{"@type":"ReadAction","target":["https:\/\/sanatate.md\/ro\/boli-si-tratament\/boli-ale-sistemului-musculo-scheletic-traumatisme\/amputarea-traumatica\/"]}]},{"@type":"BreadcrumbList","@id":"https:\/\/sanatate.md\/ro\/boli-si-tratament\/boli-ale-sistemului-musculo-scheletic-traumatisme\/amputarea-traumatica\/#breadcrumb","itemListElement":[{"@type":"ListItem","position":1,"name":"\u0413\u043b\u0430\u0432\u043d\u0430\u044f \u0441\u0442\u0440\u0430\u043d\u0438\u0446\u0430","item":"https:\/\/sanatate.md\/ro\/"},{"@type":"ListItem","position":2,"name":"Boli si tratament","item":"https:\/\/sanatate.md\/ro\/boli-si-tratament\/"},{"@type":"ListItem","position":3,"name":"Boli ale sistemului musculo-scheletic, traumatisme","item":"https:\/\/sanatate.md\/ro\/boli-si-tratament\/boli-ale-sistemului-musculo-scheletic-traumatisme\/"},{"@type":"ListItem","position":4,"name":"Amputarea traumatic\u0103"}]},{"@type":"WebSite","@id":"https:\/\/sanatate.md\/ro\/#website","url":"https:\/\/sanatate.md\/ro\/","name":"Sanatate.md","description":"\u0416\u0443\u0440\u043d\u0430\u043b \u0434\u043b\u044f \u0432\u0441\u0435\u0439 \u0441\u0435\u043c\u044c\u0438 \u0432 \u041c\u043e\u043b\u0434\u043e\u0432\u0435","publisher":{"@id":"https:\/\/sanatate.md\/ro\/#organization"},"potentialAction":[{"@type":"SearchAction","target":{"@type":"EntryPoint","urlTemplate":"https:\/\/sanatate.md\/ro\/?s={search_term_string}"},"query-input":{"@type":"PropertyValueSpecification","valueRequired":true,"valueName":"search_term_string"}}],"inLanguage":"ro-RO"},{"@type":"Organization","@id":"https:\/\/sanatate.md\/ro\/#organization","name":"SANATATE","url":"https:\/\/sanatate.md\/ro\/","logo":{"@type":"ImageObject","inLanguage":"ro-RO","@id":"https:\/\/sanatate.md\/ro\/#\/schema\/logo\/image\/","url":"https:\/\/sanatate.md\/wp-content\/uploads\/2022\/01\/sanatate-logo.svg","contentUrl":"https:\/\/sanatate.md\/wp-content\/uploads\/2022\/01\/sanatate-logo.svg","width":"1024","height":"1024","caption":"SANATATE"},"image":{"@id":"https:\/\/sanatate.md\/ro\/#\/schema\/logo\/image\/"}}]}},"_links":{"self":[{"href":"https:\/\/sanatate.md\/ro\/wp-json\/wp\/v2\/pages\/48567","targetHints":{"allow":["GET"]}}],"collection":[{"href":"https:\/\/sanatate.md\/ro\/wp-json\/wp\/v2\/pages"}],"about":[{"href":"https:\/\/sanatate.md\/ro\/wp-json\/wp\/v2\/types\/page"}],"author":[{"embeddable":true,"href":"https:\/\/sanatate.md\/ro\/wp-json\/wp\/v2\/users\/28"}],"replies":[{"embeddable":true,"href":"https:\/\/sanatate.md\/ro\/wp-json\/wp\/v2\/comments?post=48567"}],"version-history":[{"count":0,"href":"https:\/\/sanatate.md\/ro\/wp-json\/wp\/v2\/pages\/48567\/revisions"}],"up":[{"embeddable":true,"href":"https:\/\/sanatate.md\/ro\/wp-json\/wp\/v2\/pages\/52975"}],"wp:attachment":[{"href":"https:\/\/sanatate.md\/ro\/wp-json\/wp\/v2\/media?parent=48567"}],"curies":[{"name":"wp","href":"https:\/\/api.w.org\/{rel}","templated":true}]}}