{"id":48569,"date":"2017-12-25T13:47:36","date_gmt":"2017-12-25T10:47:36","guid":{"rendered":"https:\/\/sanatate.md\/?page_id=48569"},"modified":"2017-12-25T13:47:36","modified_gmt":"2017-12-25T10:47:36","slug":"gigantismul","status":"publish","type":"page","link":"https:\/\/sanatate.md\/ro\/boli-si-tratament\/boli-endocrine\/gigantismul\/","title":{"rendered":"Gigantismul"},"content":{"rendered":"<p>Gigantismul este caracterizat de un nivel ridicat de generare a hormonului de cre\u0219tere. Aceast\u0103 boal\u0103 duce la dezvoltarea nepropor\u0163ional\u0103 a trunchiului \u0219i membrelor. B\u0103rba\u0163ii au o \u00een\u0103l\u0163ime de peste 200 de centimetri, iar femeiele \u2013 peste 190 de centimetri.<\/p>\n<p>Aceast\u0103 boal\u0103 nu trebuie confundat\u0103 cu ritmul de cre\u0219tere. Deseori p\u0103rin\u021bii sunt cei care pun diagnosticul de gigantism, de\u015fi \u00een cele mai multe cazuri copiii au o cre\u0219tere normal\u0103.<\/p>\n<p>La baza acestei boli este nivelul crescut al produc\u021biei hormonilor de cre\u0219tere, care se dezvolt\u0103 atunci c\u00e2nd apar maladii ca encefalita, meningita, procesele de otr\u0103vire cu substan\u021be toxice, traume cranio-cerebrale.<\/p>\n<p>Cauza apari\u021biei gigantismului, de asemenea, poate fi o sc\u0103derea sensibilit\u0103\u021bii cartilajului sistemului de reproducere. \u00cen urma acestui fapt, zona de cre\u0219tere a oaselor r\u0103m\u00e2ne deschis\u0103 pentru o lung\u0103 perioad\u0103 de timp, chiar \u0219i \u00een cea de pubertate &#8211; \u00eentre \u0219apte \u0219i treisprezece ani.<\/p>\n<h3>Simptomatologia<\/h3>\n<p>Simptomele gigantismului:<\/p>\n<ul>\n<li>dureri de cap;<\/li>\n<li>sl\u0103biciune general\u0103 a organismului;<\/li>\n<li>reducerea memorie; schimbarea la fa\u021b\u0103;<\/li>\n<li>deteriorarea sistemului vizual.<\/li>\n<\/ul>\n<p>La etapa ini\u021bial\u0103 a bolii sistemul osos se dezvolt\u0103 relativ propor\u021bional, dar cu timpul, trasaturile faciale se schimb\u0103.<\/p>\n<p>De asemenea, au loc modific\u0103ri \u00een organism:<\/p>\n<ul>\n<li>\u00eengro\u0219area oaselor plate,<\/li>\n<li>se m\u0103resc t\u0103lpile \u015fi palmele;<\/li>\n<li>cre\u0219te maxilarul inferior;<\/li>\n<li>se l\u0103rgesc spa\u0163iile \u00een arcada dentar\u0103;<\/li>\n<li>se schimb\u0103 vocea \u2013 se \u00eengroa\u015f\u0103.<\/li>\n<\/ul>\n<p>La etapa ini\u021bial\u0103 a gigantismului se observ\u0103 procese de atrofiere a mu\u015fchilor, este perturbat\u0103 activitatea glandelor suprarenale, tiroidei \u0219i glandelor sexuale. De asemenea, poate \u00eencepe s\u0103 se dezvolte diabetul zaharat.<\/p>\n<h3>Tratamentul<\/h3>\n<p>Metod\u0103 modern\u0103 de tratament a gigantismului presupune:<\/p>\n<ul>\n<li>administrarea de medicamente \u00een terapia de grup;<\/li>\n<li>renghenologi\u0103.<\/li>\n<\/ul>\n<p>Astfel de metode \u00een cele mai multe cazuri dau rezultate eficiente. Dac\u0103 la nivelul glandei pituitare apar \u015fi alte schimb\u0103ri, se recomand\u0103 interven\u021bia chirurgical\u0103. Tratamentul gigantismului este similar celui a acromegaliei.<\/p>\n","protected":false},"excerpt":{"rendered":"<p>Gigantismul este caracterizat de un nivel ridicat de generare a hormonului de cre\u0219tere. Aceast\u0103 boal\u0103 duce la dezvoltarea nepropor\u0163ional\u0103 a trunchiului \u0219i membrelor. B\u0103rba\u0163ii au o \u00een\u0103l\u0163ime de peste 200 de centimetri, iar femeiele \u2013 peste 190 de centimetri. Aceast\u0103 boal\u0103 nu trebuie confundat\u0103 cu ritmul de cre\u0219tere. Deseori p\u0103rin\u021bii sunt cei care pun diagnosticul [&hellip;]<\/p>\n","protected":false},"author":28,"featured_media":0,"parent":47544,"menu_order":0,"comment_status":"closed","ping_status":"closed","template":"","meta":{"inline_featured_image":false,"footnotes":""},"class_list":["post-48569","page","type-page","status-publish"],"yoast_head":"<!-- This site is optimized with the Yoast SEO plugin v27.3 - https:\/\/yoast.com\/product\/yoast-seo-wordpress\/ -->\n<title>Gigantismul | Sanatate.md<\/title>\n<meta name=\"robots\" content=\"index, follow, max-snippet:-1, max-image-preview:large, max-video-preview:-1\" \/>\n<link rel=\"canonical\" href=\"https:\/\/sanatate.md\/ro\/boli-si-tratament\/boli-endocrine\/gigantismul\/\" \/>\n<meta property=\"og:locale\" content=\"ro_RO\" \/>\n<meta property=\"og:type\" content=\"article\" \/>\n<meta property=\"og:title\" content=\"Gigantismul | Sanatate.md\" \/>\n<meta property=\"og:description\" content=\"Gigantismul este caracterizat de un nivel ridicat de generare a hormonului de cre\u0219tere. Aceast\u0103 boal\u0103 duce la dezvoltarea nepropor\u0163ional\u0103 a trunchiului \u0219i membrelor. B\u0103rba\u0163ii au o \u00een\u0103l\u0163ime de peste 200 de centimetri, iar femeiele \u2013 peste 190 de centimetri. Aceast\u0103 boal\u0103 nu trebuie confundat\u0103 cu ritmul de cre\u0219tere. Deseori p\u0103rin\u021bii sunt cei care pun diagnosticul [&hellip;]\" \/>\n<meta property=\"og:url\" content=\"https:\/\/sanatate.md\/ro\/boli-si-tratament\/boli-endocrine\/gigantismul\/\" \/>\n<meta property=\"og:site_name\" content=\"Sanatate.md\" \/>\n<meta name=\"twitter:card\" content=\"summary_large_image\" \/>\n<meta name=\"twitter:label1\" content=\"Timp estimat pentru citire\" \/>\n\t<meta name=\"twitter:data1\" content=\"2 minute\" \/>\n<script type=\"application\/ld+json\" class=\"yoast-schema-graph\">{\"@context\":\"https:\\\/\\\/schema.org\",\"@graph\":[{\"@type\":\"WebPage\",\"@id\":\"https:\\\/\\\/sanatate.md\\\/ro\\\/boli-si-tratament\\\/boli-endocrine\\\/gigantismul\\\/\",\"url\":\"https:\\\/\\\/sanatate.md\\\/ro\\\/boli-si-tratament\\\/boli-endocrine\\\/gigantismul\\\/\",\"name\":\"Gigantismul | Sanatate.md\",\"isPartOf\":{\"@id\":\"https:\\\/\\\/sanatate.md\\\/ro\\\/#website\"},\"datePublished\":\"2017-12-25T10:47:36+00:00\",\"breadcrumb\":{\"@id\":\"https:\\\/\\\/sanatate.md\\\/ro\\\/boli-si-tratament\\\/boli-endocrine\\\/gigantismul\\\/#breadcrumb\"},\"inLanguage\":\"ro-RO\",\"potentialAction\":[{\"@type\":\"ReadAction\",\"target\":[\"https:\\\/\\\/sanatate.md\\\/ro\\\/boli-si-tratament\\\/boli-endocrine\\\/gigantismul\\\/\"]}]},{\"@type\":\"BreadcrumbList\",\"@id\":\"https:\\\/\\\/sanatate.md\\\/ro\\\/boli-si-tratament\\\/boli-endocrine\\\/gigantismul\\\/#breadcrumb\",\"itemListElement\":[{\"@type\":\"ListItem\",\"position\":1,\"name\":\"\u0413\u043b\u0430\u0432\u043d\u0430\u044f \u0441\u0442\u0440\u0430\u043d\u0438\u0446\u0430\",\"item\":\"https:\\\/\\\/sanatate.md\\\/ro\\\/\"},{\"@type\":\"ListItem\",\"position\":2,\"name\":\"Boli si tratament\",\"item\":\"https:\\\/\\\/sanatate.md\\\/ro\\\/boli-si-tratament\\\/\"},{\"@type\":\"ListItem\",\"position\":3,\"name\":\"Boli endocrine\",\"item\":\"https:\\\/\\\/sanatate.md\\\/ro\\\/boli-si-tratament\\\/boli-endocrine\\\/\"},{\"@type\":\"ListItem\",\"position\":4,\"name\":\"Gigantismul\"}]},{\"@type\":\"WebSite\",\"@id\":\"https:\\\/\\\/sanatate.md\\\/ro\\\/#website\",\"url\":\"https:\\\/\\\/sanatate.md\\\/ro\\\/\",\"name\":\"Sanatate.md\",\"description\":\"\u0416\u0443\u0440\u043d\u0430\u043b \u0434\u043b\u044f \u0432\u0441\u0435\u0439 \u0441\u0435\u043c\u044c\u0438 \u0432 \u041c\u043e\u043b\u0434\u043e\u0432\u0435\",\"publisher\":{\"@id\":\"https:\\\/\\\/sanatate.md\\\/ro\\\/#organization\"},\"potentialAction\":[{\"@type\":\"SearchAction\",\"target\":{\"@type\":\"EntryPoint\",\"urlTemplate\":\"https:\\\/\\\/sanatate.md\\\/ro\\\/?s={search_term_string}\"},\"query-input\":{\"@type\":\"PropertyValueSpecification\",\"valueRequired\":true,\"valueName\":\"search_term_string\"}}],\"inLanguage\":\"ro-RO\"},{\"@type\":\"Organization\",\"@id\":\"https:\\\/\\\/sanatate.md\\\/ro\\\/#organization\",\"name\":\"SANATATE\",\"url\":\"https:\\\/\\\/sanatate.md\\\/ro\\\/\",\"logo\":{\"@type\":\"ImageObject\",\"inLanguage\":\"ro-RO\",\"@id\":\"https:\\\/\\\/sanatate.md\\\/ro\\\/#\\\/schema\\\/logo\\\/image\\\/\",\"url\":\"https:\\\/\\\/sanatate.md\\\/wp-content\\\/uploads\\\/2022\\\/01\\\/sanatate-logo.svg\",\"contentUrl\":\"https:\\\/\\\/sanatate.md\\\/wp-content\\\/uploads\\\/2022\\\/01\\\/sanatate-logo.svg\",\"width\":\"1024\",\"height\":\"1024\",\"caption\":\"SANATATE\"},\"image\":{\"@id\":\"https:\\\/\\\/sanatate.md\\\/ro\\\/#\\\/schema\\\/logo\\\/image\\\/\"}}]}<\/script>\n<!-- \/ Yoast SEO plugin. -->","yoast_head_json":{"title":"Gigantismul | Sanatate.md","robots":{"index":"index","follow":"follow","max-snippet":"max-snippet:-1","max-image-preview":"max-image-preview:large","max-video-preview":"max-video-preview:-1"},"canonical":"https:\/\/sanatate.md\/ro\/boli-si-tratament\/boli-endocrine\/gigantismul\/","og_locale":"ro_RO","og_type":"article","og_title":"Gigantismul | Sanatate.md","og_description":"Gigantismul este caracterizat de un nivel ridicat de generare a hormonului de cre\u0219tere. Aceast\u0103 boal\u0103 duce la dezvoltarea nepropor\u0163ional\u0103 a trunchiului \u0219i membrelor. B\u0103rba\u0163ii au o \u00een\u0103l\u0163ime de peste 200 de centimetri, iar femeiele \u2013 peste 190 de centimetri. Aceast\u0103 boal\u0103 nu trebuie confundat\u0103 cu ritmul de cre\u0219tere. Deseori p\u0103rin\u021bii sunt cei care pun diagnosticul [&hellip;]","og_url":"https:\/\/sanatate.md\/ro\/boli-si-tratament\/boli-endocrine\/gigantismul\/","og_site_name":"Sanatate.md","twitter_card":"summary_large_image","twitter_misc":{"Timp estimat pentru citire":"2 minute"},"schema":{"@context":"https:\/\/schema.org","@graph":[{"@type":"WebPage","@id":"https:\/\/sanatate.md\/ro\/boli-si-tratament\/boli-endocrine\/gigantismul\/","url":"https:\/\/sanatate.md\/ro\/boli-si-tratament\/boli-endocrine\/gigantismul\/","name":"Gigantismul | Sanatate.md","isPartOf":{"@id":"https:\/\/sanatate.md\/ro\/#website"},"datePublished":"2017-12-25T10:47:36+00:00","breadcrumb":{"@id":"https:\/\/sanatate.md\/ro\/boli-si-tratament\/boli-endocrine\/gigantismul\/#breadcrumb"},"inLanguage":"ro-RO","potentialAction":[{"@type":"ReadAction","target":["https:\/\/sanatate.md\/ro\/boli-si-tratament\/boli-endocrine\/gigantismul\/"]}]},{"@type":"BreadcrumbList","@id":"https:\/\/sanatate.md\/ro\/boli-si-tratament\/boli-endocrine\/gigantismul\/#breadcrumb","itemListElement":[{"@type":"ListItem","position":1,"name":"\u0413\u043b\u0430\u0432\u043d\u0430\u044f \u0441\u0442\u0440\u0430\u043d\u0438\u0446\u0430","item":"https:\/\/sanatate.md\/ro\/"},{"@type":"ListItem","position":2,"name":"Boli si tratament","item":"https:\/\/sanatate.md\/ro\/boli-si-tratament\/"},{"@type":"ListItem","position":3,"name":"Boli endocrine","item":"https:\/\/sanatate.md\/ro\/boli-si-tratament\/boli-endocrine\/"},{"@type":"ListItem","position":4,"name":"Gigantismul"}]},{"@type":"WebSite","@id":"https:\/\/sanatate.md\/ro\/#website","url":"https:\/\/sanatate.md\/ro\/","name":"Sanatate.md","description":"\u0416\u0443\u0440\u043d\u0430\u043b \u0434\u043b\u044f \u0432\u0441\u0435\u0439 \u0441\u0435\u043c\u044c\u0438 \u0432 \u041c\u043e\u043b\u0434\u043e\u0432\u0435","publisher":{"@id":"https:\/\/sanatate.md\/ro\/#organization"},"potentialAction":[{"@type":"SearchAction","target":{"@type":"EntryPoint","urlTemplate":"https:\/\/sanatate.md\/ro\/?s={search_term_string}"},"query-input":{"@type":"PropertyValueSpecification","valueRequired":true,"valueName":"search_term_string"}}],"inLanguage":"ro-RO"},{"@type":"Organization","@id":"https:\/\/sanatate.md\/ro\/#organization","name":"SANATATE","url":"https:\/\/sanatate.md\/ro\/","logo":{"@type":"ImageObject","inLanguage":"ro-RO","@id":"https:\/\/sanatate.md\/ro\/#\/schema\/logo\/image\/","url":"https:\/\/sanatate.md\/wp-content\/uploads\/2022\/01\/sanatate-logo.svg","contentUrl":"https:\/\/sanatate.md\/wp-content\/uploads\/2022\/01\/sanatate-logo.svg","width":"1024","height":"1024","caption":"SANATATE"},"image":{"@id":"https:\/\/sanatate.md\/ro\/#\/schema\/logo\/image\/"}}]}},"_links":{"self":[{"href":"https:\/\/sanatate.md\/ro\/wp-json\/wp\/v2\/pages\/48569","targetHints":{"allow":["GET"]}}],"collection":[{"href":"https:\/\/sanatate.md\/ro\/wp-json\/wp\/v2\/pages"}],"about":[{"href":"https:\/\/sanatate.md\/ro\/wp-json\/wp\/v2\/types\/page"}],"author":[{"embeddable":true,"href":"https:\/\/sanatate.md\/ro\/wp-json\/wp\/v2\/users\/28"}],"replies":[{"embeddable":true,"href":"https:\/\/sanatate.md\/ro\/wp-json\/wp\/v2\/comments?post=48569"}],"version-history":[{"count":0,"href":"https:\/\/sanatate.md\/ro\/wp-json\/wp\/v2\/pages\/48569\/revisions"}],"up":[{"embeddable":true,"href":"https:\/\/sanatate.md\/ro\/wp-json\/wp\/v2\/pages\/47544"}],"wp:attachment":[{"href":"https:\/\/sanatate.md\/ro\/wp-json\/wp\/v2\/media?parent=48569"}],"curies":[{"name":"wp","href":"https:\/\/api.w.org\/{rel}","templated":true}]}}