{"id":48672,"date":"2017-12-26T15:08:48","date_gmt":"2017-12-26T12:08:48","guid":{"rendered":"https:\/\/sanatate.md\/?page_id=48672"},"modified":"2017-12-26T15:08:48","modified_gmt":"2017-12-26T12:08:48","slug":"ameloblastoma","status":"publish","type":"page","link":"https:\/\/sanatate.md\/ro\/boli-si-tratament\/bolile-chirurgicale\/ameloblastoma\/","title":{"rendered":"Ameloblastoma"},"content":{"rendered":"<p>Este o tumoare, care se dezvolt\u0103 din elemente ale organelor de smal\u021b. De aceast\u0103 tumoare, de obicei, sufer\u0103 pacien\u021bii cu v\u00e2rsta de patruzeci-\u0219aizeci de ani.<\/p>\n<h3>Ameloblastoma maxilarului inferior<\/h3>\n<p>\u2013 este o tumoare benign\u0103, care are o localizare maxilo-facial\u0103. Este o tumoare epitelial\u0103 odontogenie. Semnifica\u021bia termenului &#8220;ameloblastom&#8221; provine de la cuv\u00e2ntul &#8220;smal\u021b&#8221;.<\/p>\n<h3>Tumorile odontogene ale f\u0103lcilor<\/h3>\n<p>Tumorile odontogenie sunt forma\u021biunile, care progreseaz\u0103 de la \u021besuturile care formeaz\u0103 din\u021bii. Printre acestea, se pot distinge tumorile, care apar rar: chistul dentar, ameloblastoma, odontoma \u0219i cementomul.<\/p>\n<p>Tumorile de multe ori se formeaz\u0103 \u00een partea de jos a maxilarului. Ele se caracterizeaz\u0103 prin propor\u021biile gre\u0219ite ale fe\u021bei, umfl\u0103turi. \u00cen acest caz mucoasa o lung\u0103 perioad\u0103 nu se modific\u0103. Din timp \u00een timp se atest\u0103 cazuri, c\u00e2nd denti\u021bia pacientul este deplasat\u0103.<\/p>\n<h3>Tabloul clinic<\/h3>\n<p>V\u00e2rsta bolnavilor, care sufer\u0103 de aceste tumori, pot fi diferite: de la 11-20 p\u00e2n\u0103 la 60 de ani.<\/p>\n<h3>Simptomele<\/h3>\n<p>Manifestarea ini\u021bial\u0103 a acestei boli poate fi neobservat\u0103 pentru pacient. Ea se developeaz\u0103 doar la o radiografie. C\u00e2t timp aceast\u0103 boal\u0103 decurge asimptomatic \u2013 depinde de plasarea tumorii, de modul de cre\u0219tere. Osul, care este atacat de tumoare, devine din ce \u00een ce mai gros, fa\u021ba se deformeaz\u0103. Dac\u0103 vorbim despre cavitatea bucal\u0103, atunci medicul poate observa, c\u0103 procesul alveolar e \u00een cre\u0219tere.<\/p>\n<h3>Diagnosticul<\/h3>\n<p>Pacientul trebuie s\u0103 fac\u0103 o radiografie, pentru ca medicul s\u0103 identifice aceast\u0103 tumoare.<\/p>\n<h3>Tratamentul<\/h3>\n<p>Ameloblastoma \u00een toate cazurile necesit\u0103 interven\u021bie chirurgical\u0103 .<\/p>\n","protected":false},"excerpt":{"rendered":"<p>Este o tumoare, care se dezvolt\u0103 din elemente ale organelor de smal\u021b. De aceast\u0103 tumoare, de obicei, sufer\u0103 pacien\u021bii cu v\u00e2rsta de patruzeci-\u0219aizeci de ani. Ameloblastoma maxilarului inferior \u2013 este o tumoare benign\u0103, care are o localizare maxilo-facial\u0103. Este o tumoare epitelial\u0103 odontogenie. Semnifica\u021bia termenului &#8220;ameloblastom&#8221; provine de la cuv\u00e2ntul &#8220;smal\u021b&#8221;. Tumorile odontogene ale f\u0103lcilor [&hellip;]<\/p>\n","protected":false},"author":28,"featured_media":0,"parent":53032,"menu_order":0,"comment_status":"closed","ping_status":"closed","template":"","meta":{"inline_featured_image":false,"footnotes":""},"class_list":["post-48672","page","type-page","status-publish"],"yoast_head":"<!-- This site is optimized with the Yoast SEO plugin v27.3 - https:\/\/yoast.com\/product\/yoast-seo-wordpress\/ -->\n<title>Ameloblastoma<\/title>\n<meta name=\"description\" content=\"Este o tumoare, care se dezvolt\u0103 din elemente ale organelor de smal\u021b. Sufer\u0103 pacien\u021bii cu v\u00e2rsta de patruzeci-\u0219aizeci de ani.\" \/>\n<meta name=\"robots\" content=\"index, follow, max-snippet:-1, max-image-preview:large, max-video-preview:-1\" \/>\n<link rel=\"canonical\" href=\"https:\/\/sanatate.md\/ro\/boli-si-tratament\/bolile-chirurgicale\/ameloblastoma\/\" \/>\n<meta property=\"og:locale\" content=\"ro_RO\" \/>\n<meta property=\"og:type\" content=\"article\" \/>\n<meta property=\"og:title\" content=\"Ameloblastoma\" \/>\n<meta property=\"og:description\" content=\"Este o tumoare, care se dezvolt\u0103 din elemente ale organelor de smal\u021b. Sufer\u0103 pacien\u021bii cu v\u00e2rsta de patruzeci-\u0219aizeci de ani.\" \/>\n<meta property=\"og:url\" content=\"https:\/\/sanatate.md\/ro\/boli-si-tratament\/bolile-chirurgicale\/ameloblastoma\/\" \/>\n<meta property=\"og:site_name\" content=\"Sanatate.md\" \/>\n<meta name=\"twitter:card\" content=\"summary_large_image\" \/>\n<meta name=\"twitter:label1\" content=\"Timp estimat pentru citire\" \/>\n\t<meta name=\"twitter:data1\" content=\"1 minut\" \/>\n<script type=\"application\/ld+json\" class=\"yoast-schema-graph\">{\"@context\":\"https:\\\/\\\/schema.org\",\"@graph\":[{\"@type\":\"WebPage\",\"@id\":\"https:\\\/\\\/sanatate.md\\\/ro\\\/boli-si-tratament\\\/bolile-chirurgicale\\\/ameloblastoma\\\/\",\"url\":\"https:\\\/\\\/sanatate.md\\\/ro\\\/boli-si-tratament\\\/bolile-chirurgicale\\\/ameloblastoma\\\/\",\"name\":\"Ameloblastoma\",\"isPartOf\":{\"@id\":\"https:\\\/\\\/sanatate.md\\\/ro\\\/#website\"},\"datePublished\":\"2017-12-26T12:08:48+00:00\",\"description\":\"Este o tumoare, care se dezvolt\u0103 din elemente ale organelor de smal\u021b. Sufer\u0103 pacien\u021bii cu v\u00e2rsta de patruzeci-\u0219aizeci de ani.\",\"breadcrumb\":{\"@id\":\"https:\\\/\\\/sanatate.md\\\/ro\\\/boli-si-tratament\\\/bolile-chirurgicale\\\/ameloblastoma\\\/#breadcrumb\"},\"inLanguage\":\"ro-RO\",\"potentialAction\":[{\"@type\":\"ReadAction\",\"target\":[\"https:\\\/\\\/sanatate.md\\\/ro\\\/boli-si-tratament\\\/bolile-chirurgicale\\\/ameloblastoma\\\/\"]}]},{\"@type\":\"BreadcrumbList\",\"@id\":\"https:\\\/\\\/sanatate.md\\\/ro\\\/boli-si-tratament\\\/bolile-chirurgicale\\\/ameloblastoma\\\/#breadcrumb\",\"itemListElement\":[{\"@type\":\"ListItem\",\"position\":1,\"name\":\"\u0413\u043b\u0430\u0432\u043d\u0430\u044f \u0441\u0442\u0440\u0430\u043d\u0438\u0446\u0430\",\"item\":\"https:\\\/\\\/sanatate.md\\\/ro\\\/\"},{\"@type\":\"ListItem\",\"position\":2,\"name\":\"Boli si tratament\",\"item\":\"https:\\\/\\\/sanatate.md\\\/ro\\\/boli-si-tratament\\\/\"},{\"@type\":\"ListItem\",\"position\":3,\"name\":\"Bolile chirurgicale\",\"item\":\"https:\\\/\\\/sanatate.md\\\/ro\\\/boli-si-tratament\\\/bolile-chirurgicale\\\/\"},{\"@type\":\"ListItem\",\"position\":4,\"name\":\"Ameloblastoma\"}]},{\"@type\":\"WebSite\",\"@id\":\"https:\\\/\\\/sanatate.md\\\/ro\\\/#website\",\"url\":\"https:\\\/\\\/sanatate.md\\\/ro\\\/\",\"name\":\"Sanatate.md\",\"description\":\"\u0416\u0443\u0440\u043d\u0430\u043b \u0434\u043b\u044f \u0432\u0441\u0435\u0439 \u0441\u0435\u043c\u044c\u0438 \u0432 \u041c\u043e\u043b\u0434\u043e\u0432\u0435\",\"publisher\":{\"@id\":\"https:\\\/\\\/sanatate.md\\\/ro\\\/#organization\"},\"potentialAction\":[{\"@type\":\"SearchAction\",\"target\":{\"@type\":\"EntryPoint\",\"urlTemplate\":\"https:\\\/\\\/sanatate.md\\\/ro\\\/?s={search_term_string}\"},\"query-input\":{\"@type\":\"PropertyValueSpecification\",\"valueRequired\":true,\"valueName\":\"search_term_string\"}}],\"inLanguage\":\"ro-RO\"},{\"@type\":\"Organization\",\"@id\":\"https:\\\/\\\/sanatate.md\\\/ro\\\/#organization\",\"name\":\"SANATATE\",\"url\":\"https:\\\/\\\/sanatate.md\\\/ro\\\/\",\"logo\":{\"@type\":\"ImageObject\",\"inLanguage\":\"ro-RO\",\"@id\":\"https:\\\/\\\/sanatate.md\\\/ro\\\/#\\\/schema\\\/logo\\\/image\\\/\",\"url\":\"https:\\\/\\\/sanatate.md\\\/wp-content\\\/uploads\\\/2022\\\/01\\\/sanatate-logo.svg\",\"contentUrl\":\"https:\\\/\\\/sanatate.md\\\/wp-content\\\/uploads\\\/2022\\\/01\\\/sanatate-logo.svg\",\"width\":\"1024\",\"height\":\"1024\",\"caption\":\"SANATATE\"},\"image\":{\"@id\":\"https:\\\/\\\/sanatate.md\\\/ro\\\/#\\\/schema\\\/logo\\\/image\\\/\"}}]}<\/script>\n<!-- \/ Yoast SEO plugin. -->","yoast_head_json":{"title":"Ameloblastoma","description":"Este o tumoare, care se dezvolt\u0103 din elemente ale organelor de smal\u021b. Sufer\u0103 pacien\u021bii cu v\u00e2rsta de patruzeci-\u0219aizeci de ani.","robots":{"index":"index","follow":"follow","max-snippet":"max-snippet:-1","max-image-preview":"max-image-preview:large","max-video-preview":"max-video-preview:-1"},"canonical":"https:\/\/sanatate.md\/ro\/boli-si-tratament\/bolile-chirurgicale\/ameloblastoma\/","og_locale":"ro_RO","og_type":"article","og_title":"Ameloblastoma","og_description":"Este o tumoare, care se dezvolt\u0103 din elemente ale organelor de smal\u021b. Sufer\u0103 pacien\u021bii cu v\u00e2rsta de patruzeci-\u0219aizeci de ani.","og_url":"https:\/\/sanatate.md\/ro\/boli-si-tratament\/bolile-chirurgicale\/ameloblastoma\/","og_site_name":"Sanatate.md","twitter_card":"summary_large_image","twitter_misc":{"Timp estimat pentru citire":"1 minut"},"schema":{"@context":"https:\/\/schema.org","@graph":[{"@type":"WebPage","@id":"https:\/\/sanatate.md\/ro\/boli-si-tratament\/bolile-chirurgicale\/ameloblastoma\/","url":"https:\/\/sanatate.md\/ro\/boli-si-tratament\/bolile-chirurgicale\/ameloblastoma\/","name":"Ameloblastoma","isPartOf":{"@id":"https:\/\/sanatate.md\/ro\/#website"},"datePublished":"2017-12-26T12:08:48+00:00","description":"Este o tumoare, care se dezvolt\u0103 din elemente ale organelor de smal\u021b. Sufer\u0103 pacien\u021bii cu v\u00e2rsta de patruzeci-\u0219aizeci de ani.","breadcrumb":{"@id":"https:\/\/sanatate.md\/ro\/boli-si-tratament\/bolile-chirurgicale\/ameloblastoma\/#breadcrumb"},"inLanguage":"ro-RO","potentialAction":[{"@type":"ReadAction","target":["https:\/\/sanatate.md\/ro\/boli-si-tratament\/bolile-chirurgicale\/ameloblastoma\/"]}]},{"@type":"BreadcrumbList","@id":"https:\/\/sanatate.md\/ro\/boli-si-tratament\/bolile-chirurgicale\/ameloblastoma\/#breadcrumb","itemListElement":[{"@type":"ListItem","position":1,"name":"\u0413\u043b\u0430\u0432\u043d\u0430\u044f \u0441\u0442\u0440\u0430\u043d\u0438\u0446\u0430","item":"https:\/\/sanatate.md\/ro\/"},{"@type":"ListItem","position":2,"name":"Boli si tratament","item":"https:\/\/sanatate.md\/ro\/boli-si-tratament\/"},{"@type":"ListItem","position":3,"name":"Bolile chirurgicale","item":"https:\/\/sanatate.md\/ro\/boli-si-tratament\/bolile-chirurgicale\/"},{"@type":"ListItem","position":4,"name":"Ameloblastoma"}]},{"@type":"WebSite","@id":"https:\/\/sanatate.md\/ro\/#website","url":"https:\/\/sanatate.md\/ro\/","name":"Sanatate.md","description":"\u0416\u0443\u0440\u043d\u0430\u043b \u0434\u043b\u044f \u0432\u0441\u0435\u0439 \u0441\u0435\u043c\u044c\u0438 \u0432 \u041c\u043e\u043b\u0434\u043e\u0432\u0435","publisher":{"@id":"https:\/\/sanatate.md\/ro\/#organization"},"potentialAction":[{"@type":"SearchAction","target":{"@type":"EntryPoint","urlTemplate":"https:\/\/sanatate.md\/ro\/?s={search_term_string}"},"query-input":{"@type":"PropertyValueSpecification","valueRequired":true,"valueName":"search_term_string"}}],"inLanguage":"ro-RO"},{"@type":"Organization","@id":"https:\/\/sanatate.md\/ro\/#organization","name":"SANATATE","url":"https:\/\/sanatate.md\/ro\/","logo":{"@type":"ImageObject","inLanguage":"ro-RO","@id":"https:\/\/sanatate.md\/ro\/#\/schema\/logo\/image\/","url":"https:\/\/sanatate.md\/wp-content\/uploads\/2022\/01\/sanatate-logo.svg","contentUrl":"https:\/\/sanatate.md\/wp-content\/uploads\/2022\/01\/sanatate-logo.svg","width":"1024","height":"1024","caption":"SANATATE"},"image":{"@id":"https:\/\/sanatate.md\/ro\/#\/schema\/logo\/image\/"}}]}},"_links":{"self":[{"href":"https:\/\/sanatate.md\/ro\/wp-json\/wp\/v2\/pages\/48672","targetHints":{"allow":["GET"]}}],"collection":[{"href":"https:\/\/sanatate.md\/ro\/wp-json\/wp\/v2\/pages"}],"about":[{"href":"https:\/\/sanatate.md\/ro\/wp-json\/wp\/v2\/types\/page"}],"author":[{"embeddable":true,"href":"https:\/\/sanatate.md\/ro\/wp-json\/wp\/v2\/users\/28"}],"replies":[{"embeddable":true,"href":"https:\/\/sanatate.md\/ro\/wp-json\/wp\/v2\/comments?post=48672"}],"version-history":[{"count":0,"href":"https:\/\/sanatate.md\/ro\/wp-json\/wp\/v2\/pages\/48672\/revisions"}],"up":[{"embeddable":true,"href":"https:\/\/sanatate.md\/ro\/wp-json\/wp\/v2\/pages\/53032"}],"wp:attachment":[{"href":"https:\/\/sanatate.md\/ro\/wp-json\/wp\/v2\/media?parent=48672"}],"curies":[{"name":"wp","href":"https:\/\/api.w.org\/{rel}","templated":true}]}}