{"id":49195,"date":"2017-12-29T14:57:38","date_gmt":"2017-12-29T11:57:38","guid":{"rendered":"https:\/\/sanatate.md\/?page_id=49195"},"modified":"2017-12-29T14:57:38","modified_gmt":"2017-12-29T11:57:38","slug":"abcesul-intramamar","status":"publish","type":"page","link":"https:\/\/sanatate.md\/ro\/boli-si-tratament\/bolile-chirurgicale\/abcesul-intramamar\/","title":{"rendered":"Abcesul intramamar"},"content":{"rendered":"<p>Maladia se caracterizeaz\u0103 prin apari\u0163ia puroiului \u00een \u021besuturile s\u00e2nului. Aceasta este o supura\u021bie de obicei delimitat\u0103 de o zon\u0103 s\u0103n\u0103toas\u0103 \u015fi este foarte rar \u00eent\u00e2lnit\u0103 \u00een practica medical\u0103.<\/p>\n<h3>Motivele apari\u021biei<\/h3>\n<p>Boala se dezvolt\u0103, dac\u0103 microbii afecteaz\u0103 glandele mamare la femei. Acest fenomen se produce, de obicei, prin gurgui, dac\u0103 pe el se formeaz\u0103 fisuri. De aceast\u0103 boal\u0103 sufer\u0103 femeile, care al\u0103pteaz\u0103. Una dintre cauzele apari\u021biei abcesului este stagnarea laptelui \u00een gland\u0103.<\/p>\n<h3>Diagnosticul<\/h3>\n<p>Pentru a diagnostica acest tip de abces, trebuie controlat\u0103 cantitatea de proteine, leucocite, eritrocite \u00een urin\u0103. De asemenea, se observ\u0103 un nivel sc\u0103zut de hemoglobin\u0103. Cangren\u0103, de obici, apare, \u00een cazul, \u00een care boala a avansat \u015fi starea pacientei este grav\u0103.<\/p>\n<h3>Tratamentul<\/h3>\n<p>Tratamentul medical se efectueaz\u0103, lu\u00e2nd \u00een considerare gradul mastitei. Dac\u0103 lipse\u015fte puroiul \u00een inflama\u0163ie, medicul recomand\u0103 un tratament conservator, care const\u0103 dintr-un complex medicamentos. \u00cen cazul mastitei purulente, este necesar\u0103 interven\u021bia chirurgical\u0103.<\/p>\n<h3>Prevenirea<\/h3>\n<p>Femeia, care al\u0103pteaz\u0103, trebuie s\u0103 respecte igiena personal\u0103. S\u00eenii se spal\u0103 \u00een fiecare zi cu ap\u0103 cald\u0103 \u0219i s\u0103pun, dup\u0103 ce se \u00eembrac\u0103 un sutien curat. \u00cenainte de fiecare hr\u0103nire \u0219i scurgere a laptelui t\u00e2nara mam\u00e2 trebuie s\u0103 se spele pe m\u00e2ini cu ap\u0103 cald\u0103 \u015fi s\u0103pun. Dac\u0103 s-au format fisuri, ele trebuie unse cu ulei de c\u0103tin\u0103 sau o solu\u021bie de vitamina A. Femeie ar trebui s\u0103 foloseasc\u0103 garnituri speciale pentru s\u00e2n, pe care s\u0103 le schimbe des. Prevenirea \u00eenseamn\u0103 evitarea hipotermiei, precum \u0219i a traumelor la s\u00eeni.<\/p>\n","protected":false},"excerpt":{"rendered":"<p>Maladia se caracterizeaz\u0103 prin apari\u0163ia puroiului \u00een \u021besuturile s\u00e2nului. Aceasta este o supura\u021bie de obicei delimitat\u0103 de o zon\u0103 s\u0103n\u0103toas\u0103 \u015fi este foarte rar \u00eent\u00e2lnit\u0103 \u00een practica medical\u0103. Motivele apari\u021biei Boala se dezvolt\u0103, dac\u0103 microbii afecteaz\u0103 glandele mamare la femei. Acest fenomen se produce, de obicei, prin gurgui, dac\u0103 pe el se formeaz\u0103 fisuri. De [&hellip;]<\/p>\n","protected":false},"author":28,"featured_media":0,"parent":53032,"menu_order":0,"comment_status":"closed","ping_status":"closed","template":"","meta":{"inline_featured_image":false,"footnotes":""},"class_list":["post-49195","page","type-page","status-publish"],"yoast_head":"<!-- This site is optimized with the Yoast SEO plugin v27.3 - https:\/\/yoast.com\/product\/yoast-seo-wordpress\/ -->\n<title>Abcesul intramamar<\/title>\n<meta name=\"description\" content=\"Aceasta este o supura\u021bie de obicei delimitat\u0103 de o zon\u0103 s\u0103n\u0103toas\u0103 \u015fi este foarte rar \u00eent\u00e2lnit\u0103 \u00een practica medical\u0103.\" \/>\n<meta name=\"robots\" content=\"index, follow, max-snippet:-1, max-image-preview:large, max-video-preview:-1\" \/>\n<link rel=\"canonical\" href=\"https:\/\/sanatate.md\/ro\/boli-si-tratament\/bolile-chirurgicale\/abcesul-intramamar\/\" \/>\n<meta property=\"og:locale\" content=\"ro_RO\" \/>\n<meta property=\"og:type\" content=\"article\" \/>\n<meta property=\"og:title\" content=\"Abcesul intramamar\" \/>\n<meta property=\"og:description\" content=\"Aceasta este o supura\u021bie de obicei delimitat\u0103 de o zon\u0103 s\u0103n\u0103toas\u0103 \u015fi este foarte rar \u00eent\u00e2lnit\u0103 \u00een practica medical\u0103.\" \/>\n<meta property=\"og:url\" content=\"https:\/\/sanatate.md\/ro\/boli-si-tratament\/bolile-chirurgicale\/abcesul-intramamar\/\" \/>\n<meta property=\"og:site_name\" content=\"Sanatate.md\" \/>\n<meta name=\"twitter:card\" content=\"summary_large_image\" \/>\n<meta name=\"twitter:label1\" content=\"Timp estimat pentru citire\" \/>\n\t<meta name=\"twitter:data1\" content=\"1 minut\" \/>\n<script type=\"application\/ld+json\" class=\"yoast-schema-graph\">{\"@context\":\"https:\\\/\\\/schema.org\",\"@graph\":[{\"@type\":\"WebPage\",\"@id\":\"https:\\\/\\\/sanatate.md\\\/ro\\\/boli-si-tratament\\\/bolile-chirurgicale\\\/abcesul-intramamar\\\/\",\"url\":\"https:\\\/\\\/sanatate.md\\\/ro\\\/boli-si-tratament\\\/bolile-chirurgicale\\\/abcesul-intramamar\\\/\",\"name\":\"Abcesul intramamar\",\"isPartOf\":{\"@id\":\"https:\\\/\\\/sanatate.md\\\/ro\\\/#website\"},\"datePublished\":\"2017-12-29T11:57:38+00:00\",\"description\":\"Aceasta este o supura\u021bie de obicei delimitat\u0103 de o zon\u0103 s\u0103n\u0103toas\u0103 \u015fi este foarte rar \u00eent\u00e2lnit\u0103 \u00een practica medical\u0103.\",\"breadcrumb\":{\"@id\":\"https:\\\/\\\/sanatate.md\\\/ro\\\/boli-si-tratament\\\/bolile-chirurgicale\\\/abcesul-intramamar\\\/#breadcrumb\"},\"inLanguage\":\"ro-RO\",\"potentialAction\":[{\"@type\":\"ReadAction\",\"target\":[\"https:\\\/\\\/sanatate.md\\\/ro\\\/boli-si-tratament\\\/bolile-chirurgicale\\\/abcesul-intramamar\\\/\"]}]},{\"@type\":\"BreadcrumbList\",\"@id\":\"https:\\\/\\\/sanatate.md\\\/ro\\\/boli-si-tratament\\\/bolile-chirurgicale\\\/abcesul-intramamar\\\/#breadcrumb\",\"itemListElement\":[{\"@type\":\"ListItem\",\"position\":1,\"name\":\"\u0413\u043b\u0430\u0432\u043d\u0430\u044f \u0441\u0442\u0440\u0430\u043d\u0438\u0446\u0430\",\"item\":\"https:\\\/\\\/sanatate.md\\\/ro\\\/\"},{\"@type\":\"ListItem\",\"position\":2,\"name\":\"Boli si tratament\",\"item\":\"https:\\\/\\\/sanatate.md\\\/ro\\\/boli-si-tratament\\\/\"},{\"@type\":\"ListItem\",\"position\":3,\"name\":\"Bolile chirurgicale\",\"item\":\"https:\\\/\\\/sanatate.md\\\/ro\\\/boli-si-tratament\\\/bolile-chirurgicale\\\/\"},{\"@type\":\"ListItem\",\"position\":4,\"name\":\"Abcesul intramamar\"}]},{\"@type\":\"WebSite\",\"@id\":\"https:\\\/\\\/sanatate.md\\\/ro\\\/#website\",\"url\":\"https:\\\/\\\/sanatate.md\\\/ro\\\/\",\"name\":\"Sanatate.md\",\"description\":\"\u0416\u0443\u0440\u043d\u0430\u043b \u0434\u043b\u044f \u0432\u0441\u0435\u0439 \u0441\u0435\u043c\u044c\u0438 \u0432 \u041c\u043e\u043b\u0434\u043e\u0432\u0435\",\"publisher\":{\"@id\":\"https:\\\/\\\/sanatate.md\\\/ro\\\/#organization\"},\"potentialAction\":[{\"@type\":\"SearchAction\",\"target\":{\"@type\":\"EntryPoint\",\"urlTemplate\":\"https:\\\/\\\/sanatate.md\\\/ro\\\/?s={search_term_string}\"},\"query-input\":{\"@type\":\"PropertyValueSpecification\",\"valueRequired\":true,\"valueName\":\"search_term_string\"}}],\"inLanguage\":\"ro-RO\"},{\"@type\":\"Organization\",\"@id\":\"https:\\\/\\\/sanatate.md\\\/ro\\\/#organization\",\"name\":\"SANATATE\",\"url\":\"https:\\\/\\\/sanatate.md\\\/ro\\\/\",\"logo\":{\"@type\":\"ImageObject\",\"inLanguage\":\"ro-RO\",\"@id\":\"https:\\\/\\\/sanatate.md\\\/ro\\\/#\\\/schema\\\/logo\\\/image\\\/\",\"url\":\"https:\\\/\\\/sanatate.md\\\/wp-content\\\/uploads\\\/2022\\\/01\\\/sanatate-logo.svg\",\"contentUrl\":\"https:\\\/\\\/sanatate.md\\\/wp-content\\\/uploads\\\/2022\\\/01\\\/sanatate-logo.svg\",\"width\":\"1024\",\"height\":\"1024\",\"caption\":\"SANATATE\"},\"image\":{\"@id\":\"https:\\\/\\\/sanatate.md\\\/ro\\\/#\\\/schema\\\/logo\\\/image\\\/\"}}]}<\/script>\n<!-- \/ Yoast SEO plugin. -->","yoast_head_json":{"title":"Abcesul intramamar","description":"Aceasta este o supura\u021bie de obicei delimitat\u0103 de o zon\u0103 s\u0103n\u0103toas\u0103 \u015fi este foarte rar \u00eent\u00e2lnit\u0103 \u00een practica medical\u0103.","robots":{"index":"index","follow":"follow","max-snippet":"max-snippet:-1","max-image-preview":"max-image-preview:large","max-video-preview":"max-video-preview:-1"},"canonical":"https:\/\/sanatate.md\/ro\/boli-si-tratament\/bolile-chirurgicale\/abcesul-intramamar\/","og_locale":"ro_RO","og_type":"article","og_title":"Abcesul intramamar","og_description":"Aceasta este o supura\u021bie de obicei delimitat\u0103 de o zon\u0103 s\u0103n\u0103toas\u0103 \u015fi este foarte rar \u00eent\u00e2lnit\u0103 \u00een practica medical\u0103.","og_url":"https:\/\/sanatate.md\/ro\/boli-si-tratament\/bolile-chirurgicale\/abcesul-intramamar\/","og_site_name":"Sanatate.md","twitter_card":"summary_large_image","twitter_misc":{"Timp estimat pentru citire":"1 minut"},"schema":{"@context":"https:\/\/schema.org","@graph":[{"@type":"WebPage","@id":"https:\/\/sanatate.md\/ro\/boli-si-tratament\/bolile-chirurgicale\/abcesul-intramamar\/","url":"https:\/\/sanatate.md\/ro\/boli-si-tratament\/bolile-chirurgicale\/abcesul-intramamar\/","name":"Abcesul intramamar","isPartOf":{"@id":"https:\/\/sanatate.md\/ro\/#website"},"datePublished":"2017-12-29T11:57:38+00:00","description":"Aceasta este o supura\u021bie de obicei delimitat\u0103 de o zon\u0103 s\u0103n\u0103toas\u0103 \u015fi este foarte rar \u00eent\u00e2lnit\u0103 \u00een practica medical\u0103.","breadcrumb":{"@id":"https:\/\/sanatate.md\/ro\/boli-si-tratament\/bolile-chirurgicale\/abcesul-intramamar\/#breadcrumb"},"inLanguage":"ro-RO","potentialAction":[{"@type":"ReadAction","target":["https:\/\/sanatate.md\/ro\/boli-si-tratament\/bolile-chirurgicale\/abcesul-intramamar\/"]}]},{"@type":"BreadcrumbList","@id":"https:\/\/sanatate.md\/ro\/boli-si-tratament\/bolile-chirurgicale\/abcesul-intramamar\/#breadcrumb","itemListElement":[{"@type":"ListItem","position":1,"name":"\u0413\u043b\u0430\u0432\u043d\u0430\u044f \u0441\u0442\u0440\u0430\u043d\u0438\u0446\u0430","item":"https:\/\/sanatate.md\/ro\/"},{"@type":"ListItem","position":2,"name":"Boli si tratament","item":"https:\/\/sanatate.md\/ro\/boli-si-tratament\/"},{"@type":"ListItem","position":3,"name":"Bolile chirurgicale","item":"https:\/\/sanatate.md\/ro\/boli-si-tratament\/bolile-chirurgicale\/"},{"@type":"ListItem","position":4,"name":"Abcesul intramamar"}]},{"@type":"WebSite","@id":"https:\/\/sanatate.md\/ro\/#website","url":"https:\/\/sanatate.md\/ro\/","name":"Sanatate.md","description":"\u0416\u0443\u0440\u043d\u0430\u043b \u0434\u043b\u044f \u0432\u0441\u0435\u0439 \u0441\u0435\u043c\u044c\u0438 \u0432 \u041c\u043e\u043b\u0434\u043e\u0432\u0435","publisher":{"@id":"https:\/\/sanatate.md\/ro\/#organization"},"potentialAction":[{"@type":"SearchAction","target":{"@type":"EntryPoint","urlTemplate":"https:\/\/sanatate.md\/ro\/?s={search_term_string}"},"query-input":{"@type":"PropertyValueSpecification","valueRequired":true,"valueName":"search_term_string"}}],"inLanguage":"ro-RO"},{"@type":"Organization","@id":"https:\/\/sanatate.md\/ro\/#organization","name":"SANATATE","url":"https:\/\/sanatate.md\/ro\/","logo":{"@type":"ImageObject","inLanguage":"ro-RO","@id":"https:\/\/sanatate.md\/ro\/#\/schema\/logo\/image\/","url":"https:\/\/sanatate.md\/wp-content\/uploads\/2022\/01\/sanatate-logo.svg","contentUrl":"https:\/\/sanatate.md\/wp-content\/uploads\/2022\/01\/sanatate-logo.svg","width":"1024","height":"1024","caption":"SANATATE"},"image":{"@id":"https:\/\/sanatate.md\/ro\/#\/schema\/logo\/image\/"}}]}},"_links":{"self":[{"href":"https:\/\/sanatate.md\/ro\/wp-json\/wp\/v2\/pages\/49195","targetHints":{"allow":["GET"]}}],"collection":[{"href":"https:\/\/sanatate.md\/ro\/wp-json\/wp\/v2\/pages"}],"about":[{"href":"https:\/\/sanatate.md\/ro\/wp-json\/wp\/v2\/types\/page"}],"author":[{"embeddable":true,"href":"https:\/\/sanatate.md\/ro\/wp-json\/wp\/v2\/users\/28"}],"replies":[{"embeddable":true,"href":"https:\/\/sanatate.md\/ro\/wp-json\/wp\/v2\/comments?post=49195"}],"version-history":[{"count":0,"href":"https:\/\/sanatate.md\/ro\/wp-json\/wp\/v2\/pages\/49195\/revisions"}],"up":[{"embeddable":true,"href":"https:\/\/sanatate.md\/ro\/wp-json\/wp\/v2\/pages\/53032"}],"wp:attachment":[{"href":"https:\/\/sanatate.md\/ro\/wp-json\/wp\/v2\/media?parent=49195"}],"curies":[{"name":"wp","href":"https:\/\/api.w.org\/{rel}","templated":true}]}}