{"id":49197,"date":"2017-12-29T15:02:59","date_gmt":"2017-12-29T12:02:59","guid":{"rendered":"https:\/\/sanatate.md\/?page_id=49197"},"modified":"2017-12-29T15:02:59","modified_gmt":"2017-12-29T12:02:59","slug":"abscesul-subdiafragmatic","status":"publish","type":"page","link":"https:\/\/sanatate.md\/ro\/boli-si-tratament\/bolile-chirurgicale\/abscesul-subdiafragmatic\/","title":{"rendered":"Abscesul subdiafragmatic"},"content":{"rendered":"<p>Aceast\u0103 boal\u0103 este o acumulare de puroi \u00een spa\u021biul sub diafragm\u0103. De obicei, un astfel de abces apare \u00een partea dreapt\u0103, se formeaz\u0103 \u00eentre diafragm\u0103 \u0219i ficat.<\/p>\n<h3>Tipuri de boal\u0103<\/h3>\n<p>Se atesteaz\u0103 abcesul pe dreapta, st\u00e2nga \u0219i median sub-diafragmatic . Dac\u0103 vorbim despre natura bolii, atunci exist\u0103 &#8212; cu gaze \u0219i f\u0103r\u0103. De obicei, un astfel de abces apare \u00een partea dreapt\u0103 \u0219i se formeaz\u0103 \u00eentre diafragm\u0103 \u0219i ficat.<\/p>\n<h3>Simptomele abcesului sub-diafragmatic<\/h3>\n<p>Simptomele maladiei &#8211; senza\u021bii dureroase \u00een dreapta sau \u00een st\u00e2nga sub coaste, dureri \u00een piept, sughi\u021buri, febr\u0103, transpira\u021bie excesiv\u0103. Pacientul are grea\u021b\u0103, apare dispneea.<\/p>\n<h3>Diagnosticul<\/h3>\n<p>Pentru a determina aceast\u0103 boal\u0103, medicii, de obicei, fac<br \/>\nRazele X . Acest studiu arat\u0103, dac\u0103 mobilitatea diafragmei e limitat\u0103 . Adesea abcesul con\u021bine o anumit\u0103 cantitate de gaze \u0219i acest fenomen poate fi diagnosticat prin scanare.<\/p>\n<h3>Tratamentul<\/h3>\n<p>Abcesul dat necesit\u0103 o interven\u021bie chirurgical\u0103. De obicei, \u00eenainte de opera\u021bie bolnavului se prescrie penicilin\u0103 \u0219i streptomicin\u0103: aceste medicamente diminuiaz\u0103 intoxica\u021bia \u0219i contribuie la ameliorarea procesului. De asemenea, ele ofer\u0103 posibilitatea de a preciza diagnosticul.<\/p>\n<h3>Prognoza \u0219i prevenirea<\/h3>\n<p>Prognosticul acestei boli e destul de grav: abcesul se poate sparge \u00een cavitatea abdominal\u0103, dar \u0219i \u00een cavitatea pleural\u0103, apoi el trece spre exterior. Una dintre complica\u021biile grave este septicemia. Dac\u0103 nu a fost la timp efectuat\u0103 opera\u021bia, \u00een 90% din cazuri consecin\u021ba e fatal\u0103.<\/p>\n<p>Pentru a evita aceast\u0103 boal\u0103, trebuie la timp depistate procesele inflamatorii \u00een cavitatea abdominal\u0103. De asemenea, e necesar s\u0103 fie efectuat\u0103 igiena cavit\u0103\u021bii abdominale \u00een caz de peritonit\u0103.<\/p>\n","protected":false},"excerpt":{"rendered":"<p>Aceast\u0103 boal\u0103 este o acumulare de puroi \u00een spa\u021biul sub diafragm\u0103. De obicei, un astfel de abces apare \u00een partea dreapt\u0103, se formeaz\u0103 \u00eentre diafragm\u0103 \u0219i ficat. Tipuri de boal\u0103 Se atesteaz\u0103 abcesul pe dreapta, st\u00e2nga \u0219i median sub-diafragmatic . Dac\u0103 vorbim despre natura bolii, atunci exist\u0103 &#8212; cu gaze \u0219i f\u0103r\u0103. De obicei, un [&hellip;]<\/p>\n","protected":false},"author":28,"featured_media":0,"parent":53032,"menu_order":0,"comment_status":"closed","ping_status":"closed","template":"","meta":{"inline_featured_image":false,"footnotes":""},"class_list":["post-49197","page","type-page","status-publish"],"yoast_head":"<!-- This site is optimized with the Yoast SEO plugin v27.3 - https:\/\/yoast.com\/product\/yoast-seo-wordpress\/ -->\n<title>Abscesul subdiafragmatic<\/title>\n<meta name=\"description\" content=\"Aceast\u0103 boal\u0103 este o acumulare de puroi \u00een spa\u021biul sub diafragm\u0103. Un astfel de abces se formeaz\u0103 \u00eentre diafragm\u0103 \u0219i ficat.\" \/>\n<meta name=\"robots\" content=\"index, follow, max-snippet:-1, max-image-preview:large, max-video-preview:-1\" \/>\n<link rel=\"canonical\" href=\"https:\/\/sanatate.md\/ro\/boli-si-tratament\/bolile-chirurgicale\/abscesul-subdiafragmatic\/\" \/>\n<meta property=\"og:locale\" content=\"ro_RO\" \/>\n<meta property=\"og:type\" content=\"article\" \/>\n<meta property=\"og:title\" content=\"Abscesul subdiafragmatic\" \/>\n<meta property=\"og:description\" content=\"Aceast\u0103 boal\u0103 este o acumulare de puroi \u00een spa\u021biul sub diafragm\u0103. Un astfel de abces se formeaz\u0103 \u00eentre diafragm\u0103 \u0219i ficat.\" \/>\n<meta property=\"og:url\" content=\"https:\/\/sanatate.md\/ro\/boli-si-tratament\/bolile-chirurgicale\/abscesul-subdiafragmatic\/\" \/>\n<meta property=\"og:site_name\" content=\"Sanatate.md\" \/>\n<meta name=\"twitter:card\" content=\"summary_large_image\" \/>\n<meta name=\"twitter:label1\" content=\"Timp estimat pentru citire\" \/>\n\t<meta name=\"twitter:data1\" content=\"1 minut\" \/>\n<script type=\"application\/ld+json\" class=\"yoast-schema-graph\">{\"@context\":\"https:\\\/\\\/schema.org\",\"@graph\":[{\"@type\":\"WebPage\",\"@id\":\"https:\\\/\\\/sanatate.md\\\/ro\\\/boli-si-tratament\\\/bolile-chirurgicale\\\/abscesul-subdiafragmatic\\\/\",\"url\":\"https:\\\/\\\/sanatate.md\\\/ro\\\/boli-si-tratament\\\/bolile-chirurgicale\\\/abscesul-subdiafragmatic\\\/\",\"name\":\"Abscesul subdiafragmatic\",\"isPartOf\":{\"@id\":\"https:\\\/\\\/sanatate.md\\\/ro\\\/#website\"},\"datePublished\":\"2017-12-29T12:02:59+00:00\",\"description\":\"Aceast\u0103 boal\u0103 este o acumulare de puroi \u00een spa\u021biul sub diafragm\u0103. Un astfel de abces se formeaz\u0103 \u00eentre diafragm\u0103 \u0219i ficat.\",\"breadcrumb\":{\"@id\":\"https:\\\/\\\/sanatate.md\\\/ro\\\/boli-si-tratament\\\/bolile-chirurgicale\\\/abscesul-subdiafragmatic\\\/#breadcrumb\"},\"inLanguage\":\"ro-RO\",\"potentialAction\":[{\"@type\":\"ReadAction\",\"target\":[\"https:\\\/\\\/sanatate.md\\\/ro\\\/boli-si-tratament\\\/bolile-chirurgicale\\\/abscesul-subdiafragmatic\\\/\"]}]},{\"@type\":\"BreadcrumbList\",\"@id\":\"https:\\\/\\\/sanatate.md\\\/ro\\\/boli-si-tratament\\\/bolile-chirurgicale\\\/abscesul-subdiafragmatic\\\/#breadcrumb\",\"itemListElement\":[{\"@type\":\"ListItem\",\"position\":1,\"name\":\"\u0413\u043b\u0430\u0432\u043d\u0430\u044f \u0441\u0442\u0440\u0430\u043d\u0438\u0446\u0430\",\"item\":\"https:\\\/\\\/sanatate.md\\\/ro\\\/\"},{\"@type\":\"ListItem\",\"position\":2,\"name\":\"Boli si tratament\",\"item\":\"https:\\\/\\\/sanatate.md\\\/ro\\\/boli-si-tratament\\\/\"},{\"@type\":\"ListItem\",\"position\":3,\"name\":\"Bolile chirurgicale\",\"item\":\"https:\\\/\\\/sanatate.md\\\/ro\\\/boli-si-tratament\\\/bolile-chirurgicale\\\/\"},{\"@type\":\"ListItem\",\"position\":4,\"name\":\"Abscesul subdiafragmatic\"}]},{\"@type\":\"WebSite\",\"@id\":\"https:\\\/\\\/sanatate.md\\\/ro\\\/#website\",\"url\":\"https:\\\/\\\/sanatate.md\\\/ro\\\/\",\"name\":\"Sanatate.md\",\"description\":\"\u0416\u0443\u0440\u043d\u0430\u043b \u0434\u043b\u044f \u0432\u0441\u0435\u0439 \u0441\u0435\u043c\u044c\u0438 \u0432 \u041c\u043e\u043b\u0434\u043e\u0432\u0435\",\"publisher\":{\"@id\":\"https:\\\/\\\/sanatate.md\\\/ro\\\/#organization\"},\"potentialAction\":[{\"@type\":\"SearchAction\",\"target\":{\"@type\":\"EntryPoint\",\"urlTemplate\":\"https:\\\/\\\/sanatate.md\\\/ro\\\/?s={search_term_string}\"},\"query-input\":{\"@type\":\"PropertyValueSpecification\",\"valueRequired\":true,\"valueName\":\"search_term_string\"}}],\"inLanguage\":\"ro-RO\"},{\"@type\":\"Organization\",\"@id\":\"https:\\\/\\\/sanatate.md\\\/ro\\\/#organization\",\"name\":\"SANATATE\",\"url\":\"https:\\\/\\\/sanatate.md\\\/ro\\\/\",\"logo\":{\"@type\":\"ImageObject\",\"inLanguage\":\"ro-RO\",\"@id\":\"https:\\\/\\\/sanatate.md\\\/ro\\\/#\\\/schema\\\/logo\\\/image\\\/\",\"url\":\"https:\\\/\\\/sanatate.md\\\/wp-content\\\/uploads\\\/2022\\\/01\\\/sanatate-logo.svg\",\"contentUrl\":\"https:\\\/\\\/sanatate.md\\\/wp-content\\\/uploads\\\/2022\\\/01\\\/sanatate-logo.svg\",\"width\":\"1024\",\"height\":\"1024\",\"caption\":\"SANATATE\"},\"image\":{\"@id\":\"https:\\\/\\\/sanatate.md\\\/ro\\\/#\\\/schema\\\/logo\\\/image\\\/\"}}]}<\/script>\n<!-- \/ Yoast SEO plugin. -->","yoast_head_json":{"title":"Abscesul subdiafragmatic","description":"Aceast\u0103 boal\u0103 este o acumulare de puroi \u00een spa\u021biul sub diafragm\u0103. Un astfel de abces se formeaz\u0103 \u00eentre diafragm\u0103 \u0219i ficat.","robots":{"index":"index","follow":"follow","max-snippet":"max-snippet:-1","max-image-preview":"max-image-preview:large","max-video-preview":"max-video-preview:-1"},"canonical":"https:\/\/sanatate.md\/ro\/boli-si-tratament\/bolile-chirurgicale\/abscesul-subdiafragmatic\/","og_locale":"ro_RO","og_type":"article","og_title":"Abscesul subdiafragmatic","og_description":"Aceast\u0103 boal\u0103 este o acumulare de puroi \u00een spa\u021biul sub diafragm\u0103. Un astfel de abces se formeaz\u0103 \u00eentre diafragm\u0103 \u0219i ficat.","og_url":"https:\/\/sanatate.md\/ro\/boli-si-tratament\/bolile-chirurgicale\/abscesul-subdiafragmatic\/","og_site_name":"Sanatate.md","twitter_card":"summary_large_image","twitter_misc":{"Timp estimat pentru citire":"1 minut"},"schema":{"@context":"https:\/\/schema.org","@graph":[{"@type":"WebPage","@id":"https:\/\/sanatate.md\/ro\/boli-si-tratament\/bolile-chirurgicale\/abscesul-subdiafragmatic\/","url":"https:\/\/sanatate.md\/ro\/boli-si-tratament\/bolile-chirurgicale\/abscesul-subdiafragmatic\/","name":"Abscesul subdiafragmatic","isPartOf":{"@id":"https:\/\/sanatate.md\/ro\/#website"},"datePublished":"2017-12-29T12:02:59+00:00","description":"Aceast\u0103 boal\u0103 este o acumulare de puroi \u00een spa\u021biul sub diafragm\u0103. Un astfel de abces se formeaz\u0103 \u00eentre diafragm\u0103 \u0219i ficat.","breadcrumb":{"@id":"https:\/\/sanatate.md\/ro\/boli-si-tratament\/bolile-chirurgicale\/abscesul-subdiafragmatic\/#breadcrumb"},"inLanguage":"ro-RO","potentialAction":[{"@type":"ReadAction","target":["https:\/\/sanatate.md\/ro\/boli-si-tratament\/bolile-chirurgicale\/abscesul-subdiafragmatic\/"]}]},{"@type":"BreadcrumbList","@id":"https:\/\/sanatate.md\/ro\/boli-si-tratament\/bolile-chirurgicale\/abscesul-subdiafragmatic\/#breadcrumb","itemListElement":[{"@type":"ListItem","position":1,"name":"\u0413\u043b\u0430\u0432\u043d\u0430\u044f \u0441\u0442\u0440\u0430\u043d\u0438\u0446\u0430","item":"https:\/\/sanatate.md\/ro\/"},{"@type":"ListItem","position":2,"name":"Boli si tratament","item":"https:\/\/sanatate.md\/ro\/boli-si-tratament\/"},{"@type":"ListItem","position":3,"name":"Bolile chirurgicale","item":"https:\/\/sanatate.md\/ro\/boli-si-tratament\/bolile-chirurgicale\/"},{"@type":"ListItem","position":4,"name":"Abscesul subdiafragmatic"}]},{"@type":"WebSite","@id":"https:\/\/sanatate.md\/ro\/#website","url":"https:\/\/sanatate.md\/ro\/","name":"Sanatate.md","description":"\u0416\u0443\u0440\u043d\u0430\u043b \u0434\u043b\u044f \u0432\u0441\u0435\u0439 \u0441\u0435\u043c\u044c\u0438 \u0432 \u041c\u043e\u043b\u0434\u043e\u0432\u0435","publisher":{"@id":"https:\/\/sanatate.md\/ro\/#organization"},"potentialAction":[{"@type":"SearchAction","target":{"@type":"EntryPoint","urlTemplate":"https:\/\/sanatate.md\/ro\/?s={search_term_string}"},"query-input":{"@type":"PropertyValueSpecification","valueRequired":true,"valueName":"search_term_string"}}],"inLanguage":"ro-RO"},{"@type":"Organization","@id":"https:\/\/sanatate.md\/ro\/#organization","name":"SANATATE","url":"https:\/\/sanatate.md\/ro\/","logo":{"@type":"ImageObject","inLanguage":"ro-RO","@id":"https:\/\/sanatate.md\/ro\/#\/schema\/logo\/image\/","url":"https:\/\/sanatate.md\/wp-content\/uploads\/2022\/01\/sanatate-logo.svg","contentUrl":"https:\/\/sanatate.md\/wp-content\/uploads\/2022\/01\/sanatate-logo.svg","width":"1024","height":"1024","caption":"SANATATE"},"image":{"@id":"https:\/\/sanatate.md\/ro\/#\/schema\/logo\/image\/"}}]}},"_links":{"self":[{"href":"https:\/\/sanatate.md\/ro\/wp-json\/wp\/v2\/pages\/49197","targetHints":{"allow":["GET"]}}],"collection":[{"href":"https:\/\/sanatate.md\/ro\/wp-json\/wp\/v2\/pages"}],"about":[{"href":"https:\/\/sanatate.md\/ro\/wp-json\/wp\/v2\/types\/page"}],"author":[{"embeddable":true,"href":"https:\/\/sanatate.md\/ro\/wp-json\/wp\/v2\/users\/28"}],"replies":[{"embeddable":true,"href":"https:\/\/sanatate.md\/ro\/wp-json\/wp\/v2\/comments?post=49197"}],"version-history":[{"count":0,"href":"https:\/\/sanatate.md\/ro\/wp-json\/wp\/v2\/pages\/49197\/revisions"}],"up":[{"embeddable":true,"href":"https:\/\/sanatate.md\/ro\/wp-json\/wp\/v2\/pages\/53032"}],"wp:attachment":[{"href":"https:\/\/sanatate.md\/ro\/wp-json\/wp\/v2\/media?parent=49197"}],"curies":[{"name":"wp","href":"https:\/\/api.w.org\/{rel}","templated":true}]}}