{"id":49199,"date":"2017-12-29T15:06:49","date_gmt":"2017-12-29T12:06:49","guid":{"rendered":"https:\/\/sanatate.md\/?page_id=49199"},"modified":"2017-12-29T15:06:49","modified_gmt":"2017-12-29T12:06:49","slug":"abcesul-obstructiv","status":"publish","type":"page","link":"https:\/\/sanatate.md\/ro\/boli-si-tratament\/bolile-chirurgicale\/abcesul-obstructiv\/","title":{"rendered":"Abcesul obstructiv"},"content":{"rendered":"<p>Abcesul obstructiv \u2013 e o boal\u0103, care apare \u00een cavitatea abdominal\u0103 \u00eentre ficat \u0219i buclele intestinale.<\/p>\n<h3>Cauzele<\/h3>\n<p>Abcesul obstructiv \u2014 este o consecin\u021b\u0103 a apendicitei purulente, necrozei pancreatice, precum \u0219i a colecistitei. Adesea, abcesul apare ca urmare a complica\u021biei diferitor tipuri de peritonit\u0103.<\/p>\n<h3>Simptomele, clinica<\/h3>\n<p>Caracteristica de debut se manifest\u0103 prin faptul, c\u0103 pacientul se pl\u00e2nge de dureri \u00een partea dreapt\u0103, se observ\u0103 o intoxica\u021bie, febr\u0103, bolnavul se simte distrus.<\/p>\n<p>Printre simptomele comune \u2013 grea\u021b\u0103, constipa\u021bie, flatulen\u021b\u0103, tahicardie, adesea hipotensiune arterial\u0103.<\/p>\n<p>Aceast\u0103 boal\u0103 se poate forma f\u0103r\u0103 o simptomatologie deosebit\u0103. Dac\u0103 se suspect\u0103 abcesul, medicul recomand\u0103 de a monitoriza temperatura corpului. \u00cen cazul acestei boli ea este subfebril\u0103. De asemenea, un simptom nu prea pronun\u021bat poate fi leucocitoza, cre\u0219terea VSH-ului din analizele de s\u00e2nge \u0219i senza\u021biile dureroase \u00een timpul palp\u0103rii. Cazurile severe &#8212; dezvoltarea de sepsis.<\/p>\n<h3>Diagnosticul<\/h3>\n<p>Boala e dificil de detectat: pentru diagnostic sunt necesare radiografia cavit\u0103\u021bii peritoneale, examenul ecografic. De obicei, medicii investigheaz\u0103 organismul bolnavului prin tomografie computerizat\u0103. Analiza de s\u00e2nge demonstreaz\u0103 un \u00eenalt nivel de leucocitoz\u0103 cu deplasare la st\u00e2nga, de asemenea, cre\u0219te VSH.<\/p>\n<h3>Tratamentul<\/h3>\n<p>Tratamentul abcesului dat prevede obligatoriu spitalizarea. Terapia const\u0103 \u00een interven\u021bie opera\u021bional\u0103 \u0219i drenarea abcesului. Pentru tratament, medicii folosesc un sistem al terapiei cu antibiotice \u0219i, de asemenea, medicamente pentru dezintoxicare.<\/p>\n","protected":false},"excerpt":{"rendered":"<p>Abcesul obstructiv \u2013 e o boal\u0103, care apare \u00een cavitatea abdominal\u0103 \u00eentre ficat \u0219i buclele intestinale. Cauzele Abcesul obstructiv \u2014 este o consecin\u021b\u0103 a apendicitei purulente, necrozei pancreatice, precum \u0219i a colecistitei. Adesea, abcesul apare ca urmare a complica\u021biei diferitor tipuri de peritonit\u0103. Simptomele, clinica Caracteristica de debut se manifest\u0103 prin faptul, c\u0103 pacientul se [&hellip;]<\/p>\n","protected":false},"author":28,"featured_media":0,"parent":53032,"menu_order":0,"comment_status":"closed","ping_status":"closed","template":"","meta":{"inline_featured_image":false,"footnotes":""},"class_list":["post-49199","page","type-page","status-publish"],"yoast_head":"<!-- This site is optimized with the Yoast SEO plugin v27.3 - https:\/\/yoast.com\/product\/yoast-seo-wordpress\/ -->\n<title>Abcesul obstructiv<\/title>\n<meta name=\"description\" content=\"Abcesul obstructiv \u2013 e o boal\u0103, care apare \u00een cavitatea abdominal\u0103 \u00eentre ficat \u0219i buclele intestinale.\" \/>\n<meta name=\"robots\" content=\"index, follow, max-snippet:-1, max-image-preview:large, max-video-preview:-1\" \/>\n<link rel=\"canonical\" href=\"https:\/\/sanatate.md\/ro\/boli-si-tratament\/bolile-chirurgicale\/abcesul-obstructiv\/\" \/>\n<meta property=\"og:locale\" content=\"ro_RO\" \/>\n<meta property=\"og:type\" content=\"article\" \/>\n<meta property=\"og:title\" content=\"Abcesul obstructiv\" \/>\n<meta property=\"og:description\" content=\"Abcesul obstructiv \u2013 e o boal\u0103, care apare \u00een cavitatea abdominal\u0103 \u00eentre ficat \u0219i buclele intestinale.\" \/>\n<meta property=\"og:url\" content=\"https:\/\/sanatate.md\/ro\/boli-si-tratament\/bolile-chirurgicale\/abcesul-obstructiv\/\" \/>\n<meta property=\"og:site_name\" content=\"Sanatate.md\" \/>\n<meta name=\"twitter:card\" content=\"summary_large_image\" \/>\n<meta name=\"twitter:label1\" content=\"Timp estimat pentru citire\" \/>\n\t<meta name=\"twitter:data1\" content=\"1 minut\" \/>\n<script type=\"application\/ld+json\" class=\"yoast-schema-graph\">{\"@context\":\"https:\\\/\\\/schema.org\",\"@graph\":[{\"@type\":\"WebPage\",\"@id\":\"https:\\\/\\\/sanatate.md\\\/ro\\\/boli-si-tratament\\\/bolile-chirurgicale\\\/abcesul-obstructiv\\\/\",\"url\":\"https:\\\/\\\/sanatate.md\\\/ro\\\/boli-si-tratament\\\/bolile-chirurgicale\\\/abcesul-obstructiv\\\/\",\"name\":\"Abcesul obstructiv\",\"isPartOf\":{\"@id\":\"https:\\\/\\\/sanatate.md\\\/ro\\\/#website\"},\"datePublished\":\"2017-12-29T12:06:49+00:00\",\"description\":\"Abcesul obstructiv \u2013 e o boal\u0103, care apare \u00een cavitatea abdominal\u0103 \u00eentre ficat \u0219i buclele intestinale.\",\"breadcrumb\":{\"@id\":\"https:\\\/\\\/sanatate.md\\\/ro\\\/boli-si-tratament\\\/bolile-chirurgicale\\\/abcesul-obstructiv\\\/#breadcrumb\"},\"inLanguage\":\"ro-RO\",\"potentialAction\":[{\"@type\":\"ReadAction\",\"target\":[\"https:\\\/\\\/sanatate.md\\\/ro\\\/boli-si-tratament\\\/bolile-chirurgicale\\\/abcesul-obstructiv\\\/\"]}]},{\"@type\":\"BreadcrumbList\",\"@id\":\"https:\\\/\\\/sanatate.md\\\/ro\\\/boli-si-tratament\\\/bolile-chirurgicale\\\/abcesul-obstructiv\\\/#breadcrumb\",\"itemListElement\":[{\"@type\":\"ListItem\",\"position\":1,\"name\":\"\u0413\u043b\u0430\u0432\u043d\u0430\u044f \u0441\u0442\u0440\u0430\u043d\u0438\u0446\u0430\",\"item\":\"https:\\\/\\\/sanatate.md\\\/ro\\\/\"},{\"@type\":\"ListItem\",\"position\":2,\"name\":\"Boli si tratament\",\"item\":\"https:\\\/\\\/sanatate.md\\\/ro\\\/boli-si-tratament\\\/\"},{\"@type\":\"ListItem\",\"position\":3,\"name\":\"Bolile chirurgicale\",\"item\":\"https:\\\/\\\/sanatate.md\\\/ro\\\/boli-si-tratament\\\/bolile-chirurgicale\\\/\"},{\"@type\":\"ListItem\",\"position\":4,\"name\":\"Abcesul obstructiv\"}]},{\"@type\":\"WebSite\",\"@id\":\"https:\\\/\\\/sanatate.md\\\/ro\\\/#website\",\"url\":\"https:\\\/\\\/sanatate.md\\\/ro\\\/\",\"name\":\"Sanatate.md\",\"description\":\"\u0416\u0443\u0440\u043d\u0430\u043b \u0434\u043b\u044f \u0432\u0441\u0435\u0439 \u0441\u0435\u043c\u044c\u0438 \u0432 \u041c\u043e\u043b\u0434\u043e\u0432\u0435\",\"publisher\":{\"@id\":\"https:\\\/\\\/sanatate.md\\\/ro\\\/#organization\"},\"potentialAction\":[{\"@type\":\"SearchAction\",\"target\":{\"@type\":\"EntryPoint\",\"urlTemplate\":\"https:\\\/\\\/sanatate.md\\\/ro\\\/?s={search_term_string}\"},\"query-input\":{\"@type\":\"PropertyValueSpecification\",\"valueRequired\":true,\"valueName\":\"search_term_string\"}}],\"inLanguage\":\"ro-RO\"},{\"@type\":\"Organization\",\"@id\":\"https:\\\/\\\/sanatate.md\\\/ro\\\/#organization\",\"name\":\"SANATATE\",\"url\":\"https:\\\/\\\/sanatate.md\\\/ro\\\/\",\"logo\":{\"@type\":\"ImageObject\",\"inLanguage\":\"ro-RO\",\"@id\":\"https:\\\/\\\/sanatate.md\\\/ro\\\/#\\\/schema\\\/logo\\\/image\\\/\",\"url\":\"https:\\\/\\\/sanatate.md\\\/wp-content\\\/uploads\\\/2022\\\/01\\\/sanatate-logo.svg\",\"contentUrl\":\"https:\\\/\\\/sanatate.md\\\/wp-content\\\/uploads\\\/2022\\\/01\\\/sanatate-logo.svg\",\"width\":\"1024\",\"height\":\"1024\",\"caption\":\"SANATATE\"},\"image\":{\"@id\":\"https:\\\/\\\/sanatate.md\\\/ro\\\/#\\\/schema\\\/logo\\\/image\\\/\"}}]}<\/script>\n<!-- \/ Yoast SEO plugin. -->","yoast_head_json":{"title":"Abcesul obstructiv","description":"Abcesul obstructiv \u2013 e o boal\u0103, care apare \u00een cavitatea abdominal\u0103 \u00eentre ficat \u0219i buclele intestinale.","robots":{"index":"index","follow":"follow","max-snippet":"max-snippet:-1","max-image-preview":"max-image-preview:large","max-video-preview":"max-video-preview:-1"},"canonical":"https:\/\/sanatate.md\/ro\/boli-si-tratament\/bolile-chirurgicale\/abcesul-obstructiv\/","og_locale":"ro_RO","og_type":"article","og_title":"Abcesul obstructiv","og_description":"Abcesul obstructiv \u2013 e o boal\u0103, care apare \u00een cavitatea abdominal\u0103 \u00eentre ficat \u0219i buclele intestinale.","og_url":"https:\/\/sanatate.md\/ro\/boli-si-tratament\/bolile-chirurgicale\/abcesul-obstructiv\/","og_site_name":"Sanatate.md","twitter_card":"summary_large_image","twitter_misc":{"Timp estimat pentru citire":"1 minut"},"schema":{"@context":"https:\/\/schema.org","@graph":[{"@type":"WebPage","@id":"https:\/\/sanatate.md\/ro\/boli-si-tratament\/bolile-chirurgicale\/abcesul-obstructiv\/","url":"https:\/\/sanatate.md\/ro\/boli-si-tratament\/bolile-chirurgicale\/abcesul-obstructiv\/","name":"Abcesul obstructiv","isPartOf":{"@id":"https:\/\/sanatate.md\/ro\/#website"},"datePublished":"2017-12-29T12:06:49+00:00","description":"Abcesul obstructiv \u2013 e o boal\u0103, care apare \u00een cavitatea abdominal\u0103 \u00eentre ficat \u0219i buclele intestinale.","breadcrumb":{"@id":"https:\/\/sanatate.md\/ro\/boli-si-tratament\/bolile-chirurgicale\/abcesul-obstructiv\/#breadcrumb"},"inLanguage":"ro-RO","potentialAction":[{"@type":"ReadAction","target":["https:\/\/sanatate.md\/ro\/boli-si-tratament\/bolile-chirurgicale\/abcesul-obstructiv\/"]}]},{"@type":"BreadcrumbList","@id":"https:\/\/sanatate.md\/ro\/boli-si-tratament\/bolile-chirurgicale\/abcesul-obstructiv\/#breadcrumb","itemListElement":[{"@type":"ListItem","position":1,"name":"\u0413\u043b\u0430\u0432\u043d\u0430\u044f \u0441\u0442\u0440\u0430\u043d\u0438\u0446\u0430","item":"https:\/\/sanatate.md\/ro\/"},{"@type":"ListItem","position":2,"name":"Boli si tratament","item":"https:\/\/sanatate.md\/ro\/boli-si-tratament\/"},{"@type":"ListItem","position":3,"name":"Bolile chirurgicale","item":"https:\/\/sanatate.md\/ro\/boli-si-tratament\/bolile-chirurgicale\/"},{"@type":"ListItem","position":4,"name":"Abcesul obstructiv"}]},{"@type":"WebSite","@id":"https:\/\/sanatate.md\/ro\/#website","url":"https:\/\/sanatate.md\/ro\/","name":"Sanatate.md","description":"\u0416\u0443\u0440\u043d\u0430\u043b \u0434\u043b\u044f \u0432\u0441\u0435\u0439 \u0441\u0435\u043c\u044c\u0438 \u0432 \u041c\u043e\u043b\u0434\u043e\u0432\u0435","publisher":{"@id":"https:\/\/sanatate.md\/ro\/#organization"},"potentialAction":[{"@type":"SearchAction","target":{"@type":"EntryPoint","urlTemplate":"https:\/\/sanatate.md\/ro\/?s={search_term_string}"},"query-input":{"@type":"PropertyValueSpecification","valueRequired":true,"valueName":"search_term_string"}}],"inLanguage":"ro-RO"},{"@type":"Organization","@id":"https:\/\/sanatate.md\/ro\/#organization","name":"SANATATE","url":"https:\/\/sanatate.md\/ro\/","logo":{"@type":"ImageObject","inLanguage":"ro-RO","@id":"https:\/\/sanatate.md\/ro\/#\/schema\/logo\/image\/","url":"https:\/\/sanatate.md\/wp-content\/uploads\/2022\/01\/sanatate-logo.svg","contentUrl":"https:\/\/sanatate.md\/wp-content\/uploads\/2022\/01\/sanatate-logo.svg","width":"1024","height":"1024","caption":"SANATATE"},"image":{"@id":"https:\/\/sanatate.md\/ro\/#\/schema\/logo\/image\/"}}]}},"_links":{"self":[{"href":"https:\/\/sanatate.md\/ro\/wp-json\/wp\/v2\/pages\/49199","targetHints":{"allow":["GET"]}}],"collection":[{"href":"https:\/\/sanatate.md\/ro\/wp-json\/wp\/v2\/pages"}],"about":[{"href":"https:\/\/sanatate.md\/ro\/wp-json\/wp\/v2\/types\/page"}],"author":[{"embeddable":true,"href":"https:\/\/sanatate.md\/ro\/wp-json\/wp\/v2\/users\/28"}],"replies":[{"embeddable":true,"href":"https:\/\/sanatate.md\/ro\/wp-json\/wp\/v2\/comments?post=49199"}],"version-history":[{"count":0,"href":"https:\/\/sanatate.md\/ro\/wp-json\/wp\/v2\/pages\/49199\/revisions"}],"up":[{"embeddable":true,"href":"https:\/\/sanatate.md\/ro\/wp-json\/wp\/v2\/pages\/53032"}],"wp:attachment":[{"href":"https:\/\/sanatate.md\/ro\/wp-json\/wp\/v2\/media?parent=49199"}],"curies":[{"name":"wp","href":"https:\/\/api.w.org\/{rel}","templated":true}]}}