{"id":49326,"date":"2018-01-05T13:12:41","date_gmt":"2018-01-05T10:12:41","guid":{"rendered":"https:\/\/sanatate.md\/?page_id=49326"},"modified":"2018-01-05T13:12:41","modified_gmt":"2018-01-05T10:12:41","slug":"actinomicoza","status":"publish","type":"page","link":"https:\/\/sanatate.md\/ro\/boli-si-tratament\/bolile-chirurgicale\/actinomicoza\/","title":{"rendered":"Actinomicoza"},"content":{"rendered":"<p>Actinomicoza e o boal\u0103 de origine infec\u021bioas\u0103, care este provocat\u0103 de c\u0103tre actinomicetele (ciuperci str\u0103lucitoare). Boala poart\u0103 un caracter primar-cronic, pe fondul form\u0103rii abceselor, granulelor de structur\u0103 dens\u0103 \u0219i fisurilor.<br \/>\n\u00cen cele mai multe cazuri este afectat\u0103 pielea, dar, de asemenea, pot fi afectate \u0219i organele interne.<\/p>\n<h3>Cauzele apari\u021biei<\/h3>\n<p>Ciupercile Actinomyces sunt agen\u021bii patogeni ai acestei boli. Ele cresc \u00eentr-un mediu natural:<\/p>\n<ul>\n<li>\u00een sol;<\/li>\n<li>pe plante;<\/li>\n<li>pe paie;<\/li>\n<li>pe f\u00e2n.<\/li>\n<\/ul>\n<p>\u00cen organismul uman ciupercile p\u0103trund prin derma deteriorat\u0103, prin inhalare sau \u00eempreun\u0103 cu alimentele. De obicei, actinomyces nu provoac\u0103 boli, dar paraziteaz\u0103 pe mucoasa ochilor sau \u00een gur\u0103 ca flora saprofitei.<\/p>\n<p>De actinomicoz\u0103 pot boli \u0219i animalele, dar omul nu se poate infecta de la ele, la fel ca \u0219i de la o persoan\u0103 bolnav\u0103.<\/p>\n<h3>Formele<\/h3>\n<p>\u0410ctinomicoza de piele apare ca primar\u0103 (la p\u0103trunderea de ciuperci prin zonele deteriorate ale pielii) \u0219i secundar\u0103 (la trecerea procesului infec\u021bios din amigdale, conexiuni musculare, ganglionilor limfatici, a s\u00e2nilor \u0219i a organelor interne).<\/p>\n<h3>Simptomele<\/h3>\n<p>Perioada de incuba\u021bie a acestei boli nu este stabilit\u0103 definitiv. E caractearistic\u0103 o lung\u0103 perioad\u0103 de progresare, de obicei, se imboln\u0103vesc de-a lungul a 10 &#8211; 20 de ani. La etapa ini\u021bial\u0103 a bolii, pacientul se simte bine, dar atunci c\u00e2nd sunt afectate organele interne, se poate dezvolta ca\u0219exia.<\/p>\n<p>\u0410ctomicoza tegumentelor \u00een cele mai multe cazuri afecteaz\u0103 zona maxilarului, zona sacral\u0103 \u0219i a feselor. Pentru aceast\u0103 form\u0103 este caracteristic\u0103 apari\u021bia \u00een \u021besutul subcutanat a unor \u00eent\u0103rituri, pielea c\u0103rora are o culoare albastru-ro\u0219ie.<br \/>\nAstfel de sigilii de tip sferic, practic, nu provoac\u0103 nici o durere. La etapa ini\u021bial\u0103 aceste sigilii sunt v\u00e2rtoase, apoi treptat se \u00eenmoaie \u0219i se deschid, form\u00e2nd fistule, care mult timp nu se vindec\u0103. \u00cen astfel de fistule \u00eempreun\u0103 cu puroiul pot fi impurit\u0103\u021bile din s\u00e2nge \u0219i, \u00een unele cazuri \u2013 druze actinomicete.<\/p>\n<h3>Tipuri de actinomicoz\u0103<\/h3>\n<p><strong>Se disting 4 tipuri :<\/strong><\/p>\n<p>1. \u0410ctinomicoza ateromatoas\u0103 \u00een cele mai multe cazuri se depisteaz\u0103 la copii.<br \/>\n2. Actinomicoza bust-postular\u0103 se caracterizeaz\u0103 prin formarea de tuberculi pe piele, care se transform\u0103 treptat \u00een pustule de a\u0219ternut ad\u00e2nc, apoi se formeaz\u0103 fistule.<br \/>\n3. Actinomicoza gumo-nodular\u0103 se caracterizeaz\u0103 prin formarea articula\u021biilor nodulare cartilaginoase cu structur\u0103 dens\u0103.<br \/>\n4. Actinomicoza ulceroas\u0103 se caracterizeaz\u0103 prin supurarea infiltratului, \u00een urma c\u0103ruia se dezvolt\u0103 necroza articula\u021biilor tisulare \u0219i se dezvolt\u0103 un ulcer.<br \/>\n5. Actinomicoza din zona cervino-maxilo-facial\u0103 este o leziune de subcutanat\u0103, intermuscular\u0103 sau cutanat\u0103. Procesul de infectare se poate forma \u00een regiunea cervical\u0103, \u00een zona fe\u021bei, limba, buzele, intr\u0103 \u00een spa\u021biul gutural, trahee.<br \/>\n6. Actinomicoza muscular\u0103 se caracterizeaz\u0103 prin dezvoltarea infiltratului \u00een mu\u0219chii masticatori, \u00een consecin\u021b\u0103 apare \u00een trism \u0219i fa\u021ba devine asimetric\u0103.<br \/>\n7.Actinomicoz\u0103 toracic\u0103 se caracterizeaz\u0103 prin apari\u021bia simptomelor de r\u0103ceal\u0103 (tuse uscat\u0103, sl\u0103biciune general\u0103 a corpului) \u0219i apoi \u00eencepe s\u0103 se separe sput\u0103 consistent\u0103 de mucoas\u0103 purulent\u0103 cu arom\u0103 de miere \u0219i miros de sol. Infiltratul se prezint\u0103 sub form\u0103 de fistule, care se deplaseaz\u0103 din bronhii. Fistulele se deschid nu numai \u00een zona pieptului, ci \u0219i pe talie \u0219i \u0219olduri.<br \/>\n8. Actinomicoza formei abdominale este asem\u0103n\u0103toare \u00een aparen\u021b\u0103 cu obstruc\u021bia intestinal\u0103 sau atacurile de apendicit\u0103. Sunt afectate ficatul, intestinele \u0219i rinichii. \u00cen unele cazuri, procesul patologic atinge peretele anterior al cavit\u0103\u021bii abdominale, ca urmare sunt apari\u021biile fistulelor intestinale pe piele \u00een regiunea abdominal\u0103.<br \/>\n9.Actinomicoza rectului este caracterizat\u0103 prin para proctit\u0103.<br \/>\n10. Actinomicoza sistemului osos \u0219i a articula\u021biilor se caracterizeaz\u0103 prin simptomele osteomielitei \u0219i form\u0103rii fistulei pe suprafa\u021ba pielii.<br \/>\n11. Actinomicoza t\u0103lpii piciorului se caracterizeaz\u0103 prin apari\u021bia sigiliilor cu o culoare maroniu-violet\u0103 pe talp\u0103, se poate forma puf. De asemenea, apare adesea deformarea t\u0103lpii, a oaselor piciorului, sistemul muscular poate fi afectat.<\/p>\n<h3>Diagnosticarea<\/h3>\n<p>Diagnosticul maladiei se efectueaz\u0103 pentru a identifica miceliul actinomicetelor \u00een elimin\u0103ri, precum \u0219i pentru observarea form\u0103rii coloniilor \u00een cultura bacterian\u0103.<br \/>\nEste foarte important s\u0103 se stabileasc\u0103 diagnosticul corect \u00een stadiul ini\u021bial al bolii. Detectarea ciupercilor \u00een frotiuri \u0219i spute este de mic\u0103 valoare \u00een ceea ce prive\u0219te diagnosticul, deoarece actinomicetele pot fi g\u0103site \u0219i la o persoan\u0103 s\u0103n\u0103toas\u0103.<\/p>\n<p>Pentru diagnosticare se iau probe din fistul\u0103, iar punc\u021bia este efectuat\u0103 \u0219i prin pielea organului afectat. Detectarea druzelor actinomicetei se poate face, folosind microscopia. Pentru a determina tipul de actinomicet\u0103, este necesar s\u0103 se efectueze reac\u021bii de imunofluorescen\u021b\u0103. Dac\u0103 nu sunt g\u0103site drusele, atunci se folose\u0219te \u00eens\u0103m\u00e2n\u021barea excesului purulent pe mediul lui Sabur. Un astfel de studiu dureaz\u0103 dou\u0103 s\u0103pt\u0103m\u00e2ni, dar dup\u0103 2-3 zile pute\u021bi deja determina colonia caracteristic\u0103 a bolii. Studiul include determinarea cre\u0219terii microflorei, care \u00eenso\u021be\u0219te dezvoltarea coloniilor, precum \u0219i sensibilitatea la antibiotice.<\/p>\n<h3>Tratamentul<\/h3>\n<p>Tratamentul acestei boli se efectueaz\u0103 prin injec\u021bia subcutanat\u0103 \u0219i intermuscular\u0103 a unui medicament special. De asemenea, se efectueaz\u0103 terapia cu antibiotice,care are ca scop suprimarea dezvolt\u0103rii secundare a florei \u0219i prevenirea de re-infec\u021bie. Se recomand\u0103 efectuarea terapiei complementare de ac\u021biune general\u0103, precum \u0219i procedurile de tratament de dezintoxicare.<\/p>\n<p>Tratamentul prin fizioterapie este de a efectua iradiere cu raze ultraviolete a dermei \u00een zona afectat\u0103, electroforeza local\u0103 . Dac\u0103 se formeaz\u0103 abcese, ele trebuie s\u0103 fie deschise chirurgical, s\u0103 se pun\u0103 drenaj \u00een cavitatea pleural\u0103. La afectarea pl\u0103m\u00e2nilor ar trebui s\u0103 se efectueze lobectomia.<\/p>\n<h3>Prevenirea<\/h3>\n<p>O prevenire a acestei boli nu exist\u0103. Este foarte important s\u0103 se respecte regulile de igien\u0103, pentru a evita v\u0103t\u0103marea tegumentelor, la timp s\u0103 se efectueze sanarea, precum \u0219i tratarea bolilor inflamatorii ale cavit\u0103\u021bii bucale, a organelor sistemului respirator \u0219i tractului gastro-intestinal.<\/p>\n","protected":false},"excerpt":{"rendered":"<p>Actinomicoza e o boal\u0103 de origine infec\u021bioas\u0103, care este provocat\u0103 de c\u0103tre actinomicetele (ciuperci str\u0103lucitoare). Boala poart\u0103 un caracter primar-cronic, pe fondul form\u0103rii abceselor, granulelor de structur\u0103 dens\u0103 \u0219i fisurilor. \u00cen cele mai multe cazuri este afectat\u0103 pielea, dar, de asemenea, pot fi afectate \u0219i organele interne. Cauzele apari\u021biei Ciupercile Actinomyces sunt agen\u021bii patogeni ai [&hellip;]<\/p>\n","protected":false},"author":28,"featured_media":0,"parent":53032,"menu_order":0,"comment_status":"closed","ping_status":"closed","template":"","meta":{"inline_featured_image":false,"footnotes":""},"class_list":["post-49326","page","type-page","status-publish"],"yoast_head":"<!-- This site is optimized with the Yoast SEO plugin v27.3 - https:\/\/yoast.com\/product\/yoast-seo-wordpress\/ -->\n<title>Actinomicoza<\/title>\n<meta name=\"description\" content=\"Actinomicoza e o boal\u0103 de origine infec\u021bioas\u0103, care este provocat\u0103 de c\u0103tre actinomicetele (ciuperci str\u0103lucitoare).\" \/>\n<meta name=\"robots\" content=\"index, follow, max-snippet:-1, max-image-preview:large, max-video-preview:-1\" \/>\n<link rel=\"canonical\" href=\"https:\/\/sanatate.md\/ro\/boli-si-tratament\/bolile-chirurgicale\/actinomicoza\/\" \/>\n<meta property=\"og:locale\" content=\"ro_RO\" \/>\n<meta property=\"og:type\" content=\"article\" \/>\n<meta property=\"og:title\" content=\"Actinomicoza\" \/>\n<meta property=\"og:description\" content=\"Actinomicoza e o boal\u0103 de origine infec\u021bioas\u0103, care este provocat\u0103 de c\u0103tre actinomicetele (ciuperci str\u0103lucitoare).\" \/>\n<meta property=\"og:url\" content=\"https:\/\/sanatate.md\/ro\/boli-si-tratament\/bolile-chirurgicale\/actinomicoza\/\" \/>\n<meta property=\"og:site_name\" content=\"Sanatate.md\" \/>\n<meta name=\"twitter:card\" content=\"summary_large_image\" \/>\n<meta name=\"twitter:label1\" content=\"Timp estimat pentru citire\" \/>\n\t<meta name=\"twitter:data1\" content=\"5 minute\" \/>\n<script type=\"application\/ld+json\" class=\"yoast-schema-graph\">{\"@context\":\"https:\\\/\\\/schema.org\",\"@graph\":[{\"@type\":\"WebPage\",\"@id\":\"https:\\\/\\\/sanatate.md\\\/ro\\\/boli-si-tratament\\\/bolile-chirurgicale\\\/actinomicoza\\\/\",\"url\":\"https:\\\/\\\/sanatate.md\\\/ro\\\/boli-si-tratament\\\/bolile-chirurgicale\\\/actinomicoza\\\/\",\"name\":\"Actinomicoza\",\"isPartOf\":{\"@id\":\"https:\\\/\\\/sanatate.md\\\/ro\\\/#website\"},\"datePublished\":\"2018-01-05T10:12:41+00:00\",\"description\":\"Actinomicoza e o boal\u0103 de origine infec\u021bioas\u0103, care este provocat\u0103 de c\u0103tre actinomicetele (ciuperci str\u0103lucitoare).\",\"breadcrumb\":{\"@id\":\"https:\\\/\\\/sanatate.md\\\/ro\\\/boli-si-tratament\\\/bolile-chirurgicale\\\/actinomicoza\\\/#breadcrumb\"},\"inLanguage\":\"ro-RO\",\"potentialAction\":[{\"@type\":\"ReadAction\",\"target\":[\"https:\\\/\\\/sanatate.md\\\/ro\\\/boli-si-tratament\\\/bolile-chirurgicale\\\/actinomicoza\\\/\"]}]},{\"@type\":\"BreadcrumbList\",\"@id\":\"https:\\\/\\\/sanatate.md\\\/ro\\\/boli-si-tratament\\\/bolile-chirurgicale\\\/actinomicoza\\\/#breadcrumb\",\"itemListElement\":[{\"@type\":\"ListItem\",\"position\":1,\"name\":\"\u0413\u043b\u0430\u0432\u043d\u0430\u044f \u0441\u0442\u0440\u0430\u043d\u0438\u0446\u0430\",\"item\":\"https:\\\/\\\/sanatate.md\\\/ro\\\/\"},{\"@type\":\"ListItem\",\"position\":2,\"name\":\"Boli si tratament\",\"item\":\"https:\\\/\\\/sanatate.md\\\/ro\\\/boli-si-tratament\\\/\"},{\"@type\":\"ListItem\",\"position\":3,\"name\":\"Bolile chirurgicale\",\"item\":\"https:\\\/\\\/sanatate.md\\\/ro\\\/boli-si-tratament\\\/bolile-chirurgicale\\\/\"},{\"@type\":\"ListItem\",\"position\":4,\"name\":\"Actinomicoza\"}]},{\"@type\":\"WebSite\",\"@id\":\"https:\\\/\\\/sanatate.md\\\/ro\\\/#website\",\"url\":\"https:\\\/\\\/sanatate.md\\\/ro\\\/\",\"name\":\"Sanatate.md\",\"description\":\"\u0416\u0443\u0440\u043d\u0430\u043b \u0434\u043b\u044f \u0432\u0441\u0435\u0439 \u0441\u0435\u043c\u044c\u0438 \u0432 \u041c\u043e\u043b\u0434\u043e\u0432\u0435\",\"publisher\":{\"@id\":\"https:\\\/\\\/sanatate.md\\\/ro\\\/#organization\"},\"potentialAction\":[{\"@type\":\"SearchAction\",\"target\":{\"@type\":\"EntryPoint\",\"urlTemplate\":\"https:\\\/\\\/sanatate.md\\\/ro\\\/?s={search_term_string}\"},\"query-input\":{\"@type\":\"PropertyValueSpecification\",\"valueRequired\":true,\"valueName\":\"search_term_string\"}}],\"inLanguage\":\"ro-RO\"},{\"@type\":\"Organization\",\"@id\":\"https:\\\/\\\/sanatate.md\\\/ro\\\/#organization\",\"name\":\"SANATATE\",\"url\":\"https:\\\/\\\/sanatate.md\\\/ro\\\/\",\"logo\":{\"@type\":\"ImageObject\",\"inLanguage\":\"ro-RO\",\"@id\":\"https:\\\/\\\/sanatate.md\\\/ro\\\/#\\\/schema\\\/logo\\\/image\\\/\",\"url\":\"https:\\\/\\\/sanatate.md\\\/wp-content\\\/uploads\\\/2022\\\/01\\\/sanatate-logo.svg\",\"contentUrl\":\"https:\\\/\\\/sanatate.md\\\/wp-content\\\/uploads\\\/2022\\\/01\\\/sanatate-logo.svg\",\"width\":\"1024\",\"height\":\"1024\",\"caption\":\"SANATATE\"},\"image\":{\"@id\":\"https:\\\/\\\/sanatate.md\\\/ro\\\/#\\\/schema\\\/logo\\\/image\\\/\"}}]}<\/script>\n<!-- \/ Yoast SEO plugin. -->","yoast_head_json":{"title":"Actinomicoza","description":"Actinomicoza e o boal\u0103 de origine infec\u021bioas\u0103, care este provocat\u0103 de c\u0103tre actinomicetele (ciuperci str\u0103lucitoare).","robots":{"index":"index","follow":"follow","max-snippet":"max-snippet:-1","max-image-preview":"max-image-preview:large","max-video-preview":"max-video-preview:-1"},"canonical":"https:\/\/sanatate.md\/ro\/boli-si-tratament\/bolile-chirurgicale\/actinomicoza\/","og_locale":"ro_RO","og_type":"article","og_title":"Actinomicoza","og_description":"Actinomicoza e o boal\u0103 de origine infec\u021bioas\u0103, care este provocat\u0103 de c\u0103tre actinomicetele (ciuperci str\u0103lucitoare).","og_url":"https:\/\/sanatate.md\/ro\/boli-si-tratament\/bolile-chirurgicale\/actinomicoza\/","og_site_name":"Sanatate.md","twitter_card":"summary_large_image","twitter_misc":{"Timp estimat pentru citire":"5 minute"},"schema":{"@context":"https:\/\/schema.org","@graph":[{"@type":"WebPage","@id":"https:\/\/sanatate.md\/ro\/boli-si-tratament\/bolile-chirurgicale\/actinomicoza\/","url":"https:\/\/sanatate.md\/ro\/boli-si-tratament\/bolile-chirurgicale\/actinomicoza\/","name":"Actinomicoza","isPartOf":{"@id":"https:\/\/sanatate.md\/ro\/#website"},"datePublished":"2018-01-05T10:12:41+00:00","description":"Actinomicoza e o boal\u0103 de origine infec\u021bioas\u0103, care este provocat\u0103 de c\u0103tre actinomicetele (ciuperci str\u0103lucitoare).","breadcrumb":{"@id":"https:\/\/sanatate.md\/ro\/boli-si-tratament\/bolile-chirurgicale\/actinomicoza\/#breadcrumb"},"inLanguage":"ro-RO","potentialAction":[{"@type":"ReadAction","target":["https:\/\/sanatate.md\/ro\/boli-si-tratament\/bolile-chirurgicale\/actinomicoza\/"]}]},{"@type":"BreadcrumbList","@id":"https:\/\/sanatate.md\/ro\/boli-si-tratament\/bolile-chirurgicale\/actinomicoza\/#breadcrumb","itemListElement":[{"@type":"ListItem","position":1,"name":"\u0413\u043b\u0430\u0432\u043d\u0430\u044f \u0441\u0442\u0440\u0430\u043d\u0438\u0446\u0430","item":"https:\/\/sanatate.md\/ro\/"},{"@type":"ListItem","position":2,"name":"Boli si tratament","item":"https:\/\/sanatate.md\/ro\/boli-si-tratament\/"},{"@type":"ListItem","position":3,"name":"Bolile chirurgicale","item":"https:\/\/sanatate.md\/ro\/boli-si-tratament\/bolile-chirurgicale\/"},{"@type":"ListItem","position":4,"name":"Actinomicoza"}]},{"@type":"WebSite","@id":"https:\/\/sanatate.md\/ro\/#website","url":"https:\/\/sanatate.md\/ro\/","name":"Sanatate.md","description":"\u0416\u0443\u0440\u043d\u0430\u043b \u0434\u043b\u044f \u0432\u0441\u0435\u0439 \u0441\u0435\u043c\u044c\u0438 \u0432 \u041c\u043e\u043b\u0434\u043e\u0432\u0435","publisher":{"@id":"https:\/\/sanatate.md\/ro\/#organization"},"potentialAction":[{"@type":"SearchAction","target":{"@type":"EntryPoint","urlTemplate":"https:\/\/sanatate.md\/ro\/?s={search_term_string}"},"query-input":{"@type":"PropertyValueSpecification","valueRequired":true,"valueName":"search_term_string"}}],"inLanguage":"ro-RO"},{"@type":"Organization","@id":"https:\/\/sanatate.md\/ro\/#organization","name":"SANATATE","url":"https:\/\/sanatate.md\/ro\/","logo":{"@type":"ImageObject","inLanguage":"ro-RO","@id":"https:\/\/sanatate.md\/ro\/#\/schema\/logo\/image\/","url":"https:\/\/sanatate.md\/wp-content\/uploads\/2022\/01\/sanatate-logo.svg","contentUrl":"https:\/\/sanatate.md\/wp-content\/uploads\/2022\/01\/sanatate-logo.svg","width":"1024","height":"1024","caption":"SANATATE"},"image":{"@id":"https:\/\/sanatate.md\/ro\/#\/schema\/logo\/image\/"}}]}},"_links":{"self":[{"href":"https:\/\/sanatate.md\/ro\/wp-json\/wp\/v2\/pages\/49326","targetHints":{"allow":["GET"]}}],"collection":[{"href":"https:\/\/sanatate.md\/ro\/wp-json\/wp\/v2\/pages"}],"about":[{"href":"https:\/\/sanatate.md\/ro\/wp-json\/wp\/v2\/types\/page"}],"author":[{"embeddable":true,"href":"https:\/\/sanatate.md\/ro\/wp-json\/wp\/v2\/users\/28"}],"replies":[{"embeddable":true,"href":"https:\/\/sanatate.md\/ro\/wp-json\/wp\/v2\/comments?post=49326"}],"version-history":[{"count":0,"href":"https:\/\/sanatate.md\/ro\/wp-json\/wp\/v2\/pages\/49326\/revisions"}],"up":[{"embeddable":true,"href":"https:\/\/sanatate.md\/ro\/wp-json\/wp\/v2\/pages\/53032"}],"wp:attachment":[{"href":"https:\/\/sanatate.md\/ro\/wp-json\/wp\/v2\/media?parent=49326"}],"curies":[{"name":"wp","href":"https:\/\/api.w.org\/{rel}","templated":true}]}}