{"id":49332,"date":"2018-01-05T13:49:10","date_gmt":"2018-01-05T10:49:10","guid":{"rendered":"https:\/\/sanatate.md\/?page_id=49332"},"modified":"2018-01-05T13:49:10","modified_gmt":"2018-01-05T10:49:10","slug":"abcesul-peritoneal","status":"publish","type":"page","link":"https:\/\/sanatate.md\/ro\/boli-si-tratament\/bolile-chirurgicale\/abcesul-peritoneal\/","title":{"rendered":"Abcesul peritoneal"},"content":{"rendered":"<p>Abcesul peritoneal reprezint\u0103 una dintre formele de peritonit\u0103 \u0219i necesit\u0103 interven\u021bie chirurgical\u0103. Abcesele se pot forma \u00een mijlocul sau \u00een spatele cavit\u0103\u021bii. De exemplu, aceast\u0103 complica\u021bie poate s\u0103 apar\u0103 \u00een splin\u0103, ficat, pancreas.<\/p>\n<h3>Tipurile<\/h3>\n<p>Se cunosc urm\u0103toarele tipuri ale acestui abces: sub-diafragmatice, peria-apendiculare, inter cutanate, precum \u0219i pelviene.<\/p>\n<h3>Cauzele<\/h3>\n<p>De obicei, aceast\u0103 boal\u0103 este consecin\u0163a v\u0103t\u0103m\u0103rii corporale, inflama\u021biei \u00een zona abdominal\u0103 sau perfora\u021biei intestinale.<\/p>\n<h3>Simptomele<\/h3>\n<p>Pacientul se pl\u00e2nge de durere, care poart\u0103 un caracter permanent \u015fi e localizat\u0103 sub coasta dreapt\u0103 sau st\u00e2ng\u0103. Aceste dureri pot iradia \u00een spate. O alt\u0103 manifestare a maladiei este senza\u0163ia de grea\u021b\u0103. Pulsu este accelerat. Pacientul refuz\u0103 s\u0103 m\u0103n\u00e2nce, pierde din greutate, are frisoane, poate ap\u0103rea o respira\u021bie sacadat\u0103, predomin\u0103 o sl\u0103biciune general\u0103.<\/p>\n<h3>Diagnosticul<\/h3>\n<p>Diagnosticul se face inspect\u00e2nd bolnavul culcat lateral sau pe spate &#8211; bolnavul nu poate lua o alt\u0103 pozi\u021bie din cauza durerilor. Limba pacientului e uscat\u0103. Se observ\u0103 balonarea; palpa\u0163ia produce durere. \u00cen s\u00e2nge poate fi detectat\u0103 leucocitoza cu trecerea formulei spre st\u00e2nga.<br \/>\nLa examinarea radiografic\u0103 se poate stabili nivelul de lichid \u00een cavitatea abcesului. Dar, din p\u0103cate, nu \u00eentotdeauna aceast\u0103 boal\u0103 are simptome. Prin urmare, exist\u0103 cazuri, \u00een care examinarea fizic\u0103 a pacientului nu d\u0103 imaginea de ansamblu a bolii. Pentru a diagnostica la pacient acest abces, trebuie s\u0103 verificam disponibilitatea<br \/>\ntemperaturii subfebrile \u0219i a leucocitozei.<\/p>\n<h3>Tratamentul<\/h3>\n<p>Interven\u021bia chirurgical\u0103 difer\u0103 \u00een ceea ce prive\u0219te caracteristicile sale, deoarece exist\u0103 pericolul deschiderii cavit\u0103\u021bii pleurale \u0219i a infec\u021biei acesteia. Din acest motiv, calea c\u0103tre abcesul sub-diafragmatic trebuie s\u0103 fie scurt\u0103 \u0219i f\u0103r\u0103 a deschide cavit\u0103\u021bile seroase.<\/p>\n<h3>Prevenirea<\/h3>\n<p>M\u0103surile preventive ale acestor abcese implic\u0103 eliminarea infec\u021biei. De asemenea, este necesar s\u0103 se evite bolile gastroenterologice, procesele inflamatorii ale organelor genitale feminine. Prevenirea acestei boli este important\u0103, deoarece un abces poate fi una dintre primele manifest\u0103ri ale cancerului.<\/p>\n","protected":false},"excerpt":{"rendered":"<p>Abcesul peritoneal reprezint\u0103 una dintre formele de peritonit\u0103 \u0219i necesit\u0103 interven\u021bie chirurgical\u0103. Abcesele se pot forma \u00een mijlocul sau \u00een spatele cavit\u0103\u021bii. De exemplu, aceast\u0103 complica\u021bie poate s\u0103 apar\u0103 \u00een splin\u0103, ficat, pancreas. Tipurile Se cunosc urm\u0103toarele tipuri ale acestui abces: sub-diafragmatice, peria-apendiculare, inter cutanate, precum \u0219i pelviene. Cauzele De obicei, aceast\u0103 boal\u0103 este consecin\u0163a [&hellip;]<\/p>\n","protected":false},"author":28,"featured_media":0,"parent":53032,"menu_order":0,"comment_status":"closed","ping_status":"closed","template":"","meta":{"inline_featured_image":false,"footnotes":""},"class_list":["post-49332","page","type-page","status-publish"],"yoast_head":"<!-- This site is optimized with the Yoast SEO plugin v27.3 - https:\/\/yoast.com\/product\/yoast-seo-wordpress\/ -->\n<title>Abcesul peritoneal<\/title>\n<meta name=\"description\" content=\"Abcesul peritoneal reprezint\u0103 una dintre formele de peritonit\u0103 \u0219i necesit\u0103 interven\u021bie chirurgical\u0103.\" \/>\n<meta name=\"robots\" content=\"index, follow, max-snippet:-1, max-image-preview:large, max-video-preview:-1\" \/>\n<link rel=\"canonical\" href=\"https:\/\/sanatate.md\/ro\/boli-si-tratament\/bolile-chirurgicale\/abcesul-peritoneal\/\" \/>\n<meta property=\"og:locale\" content=\"ro_RO\" \/>\n<meta property=\"og:type\" content=\"article\" \/>\n<meta property=\"og:title\" content=\"Abcesul peritoneal\" \/>\n<meta property=\"og:description\" content=\"Abcesul peritoneal reprezint\u0103 una dintre formele de peritonit\u0103 \u0219i necesit\u0103 interven\u021bie chirurgical\u0103.\" \/>\n<meta property=\"og:url\" content=\"https:\/\/sanatate.md\/ro\/boli-si-tratament\/bolile-chirurgicale\/abcesul-peritoneal\/\" \/>\n<meta property=\"og:site_name\" content=\"Sanatate.md\" \/>\n<meta name=\"twitter:card\" content=\"summary_large_image\" \/>\n<meta name=\"twitter:label1\" content=\"Timp estimat pentru citire\" \/>\n\t<meta name=\"twitter:data1\" content=\"2 minute\" \/>\n<script type=\"application\/ld+json\" class=\"yoast-schema-graph\">{\"@context\":\"https:\\\/\\\/schema.org\",\"@graph\":[{\"@type\":\"WebPage\",\"@id\":\"https:\\\/\\\/sanatate.md\\\/ro\\\/boli-si-tratament\\\/bolile-chirurgicale\\\/abcesul-peritoneal\\\/\",\"url\":\"https:\\\/\\\/sanatate.md\\\/ro\\\/boli-si-tratament\\\/bolile-chirurgicale\\\/abcesul-peritoneal\\\/\",\"name\":\"Abcesul peritoneal\",\"isPartOf\":{\"@id\":\"https:\\\/\\\/sanatate.md\\\/ro\\\/#website\"},\"datePublished\":\"2018-01-05T10:49:10+00:00\",\"description\":\"Abcesul peritoneal reprezint\u0103 una dintre formele de peritonit\u0103 \u0219i necesit\u0103 interven\u021bie chirurgical\u0103.\",\"breadcrumb\":{\"@id\":\"https:\\\/\\\/sanatate.md\\\/ro\\\/boli-si-tratament\\\/bolile-chirurgicale\\\/abcesul-peritoneal\\\/#breadcrumb\"},\"inLanguage\":\"ro-RO\",\"potentialAction\":[{\"@type\":\"ReadAction\",\"target\":[\"https:\\\/\\\/sanatate.md\\\/ro\\\/boli-si-tratament\\\/bolile-chirurgicale\\\/abcesul-peritoneal\\\/\"]}]},{\"@type\":\"BreadcrumbList\",\"@id\":\"https:\\\/\\\/sanatate.md\\\/ro\\\/boli-si-tratament\\\/bolile-chirurgicale\\\/abcesul-peritoneal\\\/#breadcrumb\",\"itemListElement\":[{\"@type\":\"ListItem\",\"position\":1,\"name\":\"\u0413\u043b\u0430\u0432\u043d\u0430\u044f \u0441\u0442\u0440\u0430\u043d\u0438\u0446\u0430\",\"item\":\"https:\\\/\\\/sanatate.md\\\/ro\\\/\"},{\"@type\":\"ListItem\",\"position\":2,\"name\":\"Boli si tratament\",\"item\":\"https:\\\/\\\/sanatate.md\\\/ro\\\/boli-si-tratament\\\/\"},{\"@type\":\"ListItem\",\"position\":3,\"name\":\"Bolile chirurgicale\",\"item\":\"https:\\\/\\\/sanatate.md\\\/ro\\\/boli-si-tratament\\\/bolile-chirurgicale\\\/\"},{\"@type\":\"ListItem\",\"position\":4,\"name\":\"Abcesul peritoneal\"}]},{\"@type\":\"WebSite\",\"@id\":\"https:\\\/\\\/sanatate.md\\\/ro\\\/#website\",\"url\":\"https:\\\/\\\/sanatate.md\\\/ro\\\/\",\"name\":\"Sanatate.md\",\"description\":\"\u0416\u0443\u0440\u043d\u0430\u043b \u0434\u043b\u044f \u0432\u0441\u0435\u0439 \u0441\u0435\u043c\u044c\u0438 \u0432 \u041c\u043e\u043b\u0434\u043e\u0432\u0435\",\"publisher\":{\"@id\":\"https:\\\/\\\/sanatate.md\\\/ro\\\/#organization\"},\"potentialAction\":[{\"@type\":\"SearchAction\",\"target\":{\"@type\":\"EntryPoint\",\"urlTemplate\":\"https:\\\/\\\/sanatate.md\\\/ro\\\/?s={search_term_string}\"},\"query-input\":{\"@type\":\"PropertyValueSpecification\",\"valueRequired\":true,\"valueName\":\"search_term_string\"}}],\"inLanguage\":\"ro-RO\"},{\"@type\":\"Organization\",\"@id\":\"https:\\\/\\\/sanatate.md\\\/ro\\\/#organization\",\"name\":\"SANATATE\",\"url\":\"https:\\\/\\\/sanatate.md\\\/ro\\\/\",\"logo\":{\"@type\":\"ImageObject\",\"inLanguage\":\"ro-RO\",\"@id\":\"https:\\\/\\\/sanatate.md\\\/ro\\\/#\\\/schema\\\/logo\\\/image\\\/\",\"url\":\"https:\\\/\\\/sanatate.md\\\/wp-content\\\/uploads\\\/2022\\\/01\\\/sanatate-logo.svg\",\"contentUrl\":\"https:\\\/\\\/sanatate.md\\\/wp-content\\\/uploads\\\/2022\\\/01\\\/sanatate-logo.svg\",\"width\":\"1024\",\"height\":\"1024\",\"caption\":\"SANATATE\"},\"image\":{\"@id\":\"https:\\\/\\\/sanatate.md\\\/ro\\\/#\\\/schema\\\/logo\\\/image\\\/\"}}]}<\/script>\n<!-- \/ Yoast SEO plugin. -->","yoast_head_json":{"title":"Abcesul peritoneal","description":"Abcesul peritoneal reprezint\u0103 una dintre formele de peritonit\u0103 \u0219i necesit\u0103 interven\u021bie chirurgical\u0103.","robots":{"index":"index","follow":"follow","max-snippet":"max-snippet:-1","max-image-preview":"max-image-preview:large","max-video-preview":"max-video-preview:-1"},"canonical":"https:\/\/sanatate.md\/ro\/boli-si-tratament\/bolile-chirurgicale\/abcesul-peritoneal\/","og_locale":"ro_RO","og_type":"article","og_title":"Abcesul peritoneal","og_description":"Abcesul peritoneal reprezint\u0103 una dintre formele de peritonit\u0103 \u0219i necesit\u0103 interven\u021bie chirurgical\u0103.","og_url":"https:\/\/sanatate.md\/ro\/boli-si-tratament\/bolile-chirurgicale\/abcesul-peritoneal\/","og_site_name":"Sanatate.md","twitter_card":"summary_large_image","twitter_misc":{"Timp estimat pentru citire":"2 minute"},"schema":{"@context":"https:\/\/schema.org","@graph":[{"@type":"WebPage","@id":"https:\/\/sanatate.md\/ro\/boli-si-tratament\/bolile-chirurgicale\/abcesul-peritoneal\/","url":"https:\/\/sanatate.md\/ro\/boli-si-tratament\/bolile-chirurgicale\/abcesul-peritoneal\/","name":"Abcesul peritoneal","isPartOf":{"@id":"https:\/\/sanatate.md\/ro\/#website"},"datePublished":"2018-01-05T10:49:10+00:00","description":"Abcesul peritoneal reprezint\u0103 una dintre formele de peritonit\u0103 \u0219i necesit\u0103 interven\u021bie chirurgical\u0103.","breadcrumb":{"@id":"https:\/\/sanatate.md\/ro\/boli-si-tratament\/bolile-chirurgicale\/abcesul-peritoneal\/#breadcrumb"},"inLanguage":"ro-RO","potentialAction":[{"@type":"ReadAction","target":["https:\/\/sanatate.md\/ro\/boli-si-tratament\/bolile-chirurgicale\/abcesul-peritoneal\/"]}]},{"@type":"BreadcrumbList","@id":"https:\/\/sanatate.md\/ro\/boli-si-tratament\/bolile-chirurgicale\/abcesul-peritoneal\/#breadcrumb","itemListElement":[{"@type":"ListItem","position":1,"name":"\u0413\u043b\u0430\u0432\u043d\u0430\u044f \u0441\u0442\u0440\u0430\u043d\u0438\u0446\u0430","item":"https:\/\/sanatate.md\/ro\/"},{"@type":"ListItem","position":2,"name":"Boli si tratament","item":"https:\/\/sanatate.md\/ro\/boli-si-tratament\/"},{"@type":"ListItem","position":3,"name":"Bolile chirurgicale","item":"https:\/\/sanatate.md\/ro\/boli-si-tratament\/bolile-chirurgicale\/"},{"@type":"ListItem","position":4,"name":"Abcesul peritoneal"}]},{"@type":"WebSite","@id":"https:\/\/sanatate.md\/ro\/#website","url":"https:\/\/sanatate.md\/ro\/","name":"Sanatate.md","description":"\u0416\u0443\u0440\u043d\u0430\u043b \u0434\u043b\u044f \u0432\u0441\u0435\u0439 \u0441\u0435\u043c\u044c\u0438 \u0432 \u041c\u043e\u043b\u0434\u043e\u0432\u0435","publisher":{"@id":"https:\/\/sanatate.md\/ro\/#organization"},"potentialAction":[{"@type":"SearchAction","target":{"@type":"EntryPoint","urlTemplate":"https:\/\/sanatate.md\/ro\/?s={search_term_string}"},"query-input":{"@type":"PropertyValueSpecification","valueRequired":true,"valueName":"search_term_string"}}],"inLanguage":"ro-RO"},{"@type":"Organization","@id":"https:\/\/sanatate.md\/ro\/#organization","name":"SANATATE","url":"https:\/\/sanatate.md\/ro\/","logo":{"@type":"ImageObject","inLanguage":"ro-RO","@id":"https:\/\/sanatate.md\/ro\/#\/schema\/logo\/image\/","url":"https:\/\/sanatate.md\/wp-content\/uploads\/2022\/01\/sanatate-logo.svg","contentUrl":"https:\/\/sanatate.md\/wp-content\/uploads\/2022\/01\/sanatate-logo.svg","width":"1024","height":"1024","caption":"SANATATE"},"image":{"@id":"https:\/\/sanatate.md\/ro\/#\/schema\/logo\/image\/"}}]}},"_links":{"self":[{"href":"https:\/\/sanatate.md\/ro\/wp-json\/wp\/v2\/pages\/49332","targetHints":{"allow":["GET"]}}],"collection":[{"href":"https:\/\/sanatate.md\/ro\/wp-json\/wp\/v2\/pages"}],"about":[{"href":"https:\/\/sanatate.md\/ro\/wp-json\/wp\/v2\/types\/page"}],"author":[{"embeddable":true,"href":"https:\/\/sanatate.md\/ro\/wp-json\/wp\/v2\/users\/28"}],"replies":[{"embeddable":true,"href":"https:\/\/sanatate.md\/ro\/wp-json\/wp\/v2\/comments?post=49332"}],"version-history":[{"count":0,"href":"https:\/\/sanatate.md\/ro\/wp-json\/wp\/v2\/pages\/49332\/revisions"}],"up":[{"embeddable":true,"href":"https:\/\/sanatate.md\/ro\/wp-json\/wp\/v2\/pages\/53032"}],"wp:attachment":[{"href":"https:\/\/sanatate.md\/ro\/wp-json\/wp\/v2\/media?parent=49332"}],"curies":[{"name":"wp","href":"https:\/\/api.w.org\/{rel}","templated":true}]}}