{"id":49335,"date":"2018-01-05T14:19:28","date_gmt":"2018-01-05T11:19:28","guid":{"rendered":"https:\/\/sanatate.md\/?page_id=49335"},"modified":"2018-01-05T14:19:28","modified_gmt":"2018-01-05T11:19:28","slug":"abcesul-cerebral","status":"publish","type":"page","link":"https:\/\/sanatate.md\/ro\/boli-si-tratament\/bolile-chirurgicale\/abcesul-cerebral\/","title":{"rendered":"Abcesul cerebral"},"content":{"rendered":"<p>Boal\u0103, \u00een care puroiul se acumuleaz\u0103 \u00een creier, se nume\u015fte abces cerebral \u015fi el apare \u00een urma unei infec\u021bii. El apare \u015fi dac\u0103 pacientul are o traum\u0103 cranio-cerebral\u0103 sau din cauza r\u0103sp\u00e2ndirii infec\u021biei.<\/p>\n<h3>Cauzele<\/h3>\n<p>\u00cen cele mai multe cazuri, aceast\u0103 boal\u0103 se formeaz\u0103 atunci, c\u00eend \u00een \u021besutul cerebral p\u0103trund streptococi, stafilococi \u0219i al\u0163i microbi. Dac\u0103 s-a format un focar de puroi \u00een cazul otitei purulente, sinuzitei, care are un caracter cronic \u2013 nu este exclus c\u0103 acest proces poate provoca progresia abcesului. De multe ori factorul, care provoac\u0103 boala, e pneumonia \u0219i astmul bron\u0219ic.<\/p>\n<h3>Simptomele<\/h3>\n<p>Semnele acestei boli sunt durerile de cap, febra, uneori, se observ\u0103 orbirea la ambii ochi \u0219i paralizia par\u021bial\u0103 a corpului. Dar aceste simptome nu sunt observate la to\u021bi pacien\u021bii. De exemplu, cre\u0219terea temperaturii se fixeaz\u0103 numai \u00een 50 % din cazuri. \u00cen creier se formeaz\u0103 o capsul\u0103, iar dup\u0103 dou\u0103 s\u0103pt\u0103m\u00e2ni, manifest\u0103rile infec\u021biei sunt \u00een sc\u0103dere.<\/p>\n<h3>Diagnosticul<\/h3>\n<p>Diagnosticarea se face pe baza focarului purulent, care s-a format l\u00eeng\u0103 structurile cerebrale. Locul l se determin\u0103 cu ajutorul RMN \u0219i tomografia computerizat\u0103 (CT). Pentru a detecta sursa de infec\u021bie trebuie s\u0103 se efectueze radiografia cranian\u0103 \u0219i toracic\u0103. De asemenea, sunt necesare investigarea bacteriologic\u0103 a s\u00e2ngelui, ecocardiografia \u0219i ECOGRAFIA tuturor organelor abdominale.<\/p>\n<h3>Consecin\u021bele<\/h3>\n<p>Efectele abcesului sunt de natur\u0103 grav\u0103. \u00cen primul r\u00e2nd, pot \u00eencepe procesele inflamatorii ale oaselor craniului, a hidrocefaliei. Unele cazuri provoac\u0103 epilepsie.<\/p>\n<h3>Tratamentul, prognoza<\/h3>\n<p>Aceast\u0103 boal\u0103, \u00een toate cazurile necesit\u0103 interven\u021bie chirurgical\u0103. Pacientului, \u00een mod obligatoriu, i se prescriu antibiotice. \u00cen cazul \u00een care abcesul a ap\u0103rut \u00eentr-un loc incomod de a fi operat sau are o dimensiune mic\u0103, \u0219i, dac\u0103 pacientul a apelat la medic la \u00eenceputul apari\u021biei bolii, tratamentul cu antibiotice este unica modalitate. \u00cen cazul c\u00eend medicii complet elimin\u0103 capsula cu puroi, exist\u0103 posibilitatea de a reduce administrarea antibioticelor.<\/p>\n","protected":false},"excerpt":{"rendered":"<p>Boal\u0103, \u00een care puroiul se acumuleaz\u0103 \u00een creier, se nume\u015fte abces cerebral \u015fi el apare \u00een urma unei infec\u021bii. El apare \u015fi dac\u0103 pacientul are o traum\u0103 cranio-cerebral\u0103 sau din cauza r\u0103sp\u00e2ndirii infec\u021biei. Cauzele \u00cen cele mai multe cazuri, aceast\u0103 boal\u0103 se formeaz\u0103 atunci, c\u00eend \u00een \u021besutul cerebral p\u0103trund streptococi, stafilococi \u0219i al\u0163i microbi. Dac\u0103 [&hellip;]<\/p>\n","protected":false},"author":28,"featured_media":0,"parent":53032,"menu_order":0,"comment_status":"closed","ping_status":"closed","template":"","meta":{"inline_featured_image":false,"footnotes":""},"class_list":["post-49335","page","type-page","status-publish"],"yoast_head":"<!-- This site is optimized with the Yoast SEO plugin v27.3 - https:\/\/yoast.com\/product\/yoast-seo-wordpress\/ -->\n<title>Abcesul cerebral<\/title>\n<meta name=\"description\" content=\"Boal\u0103, \u00een care puroiul se acumuleaz\u0103 \u00een creier, se nume\u015fte abces cerebral \u015fi el apare \u00een urma unei infec\u021bii.\" \/>\n<meta name=\"robots\" content=\"index, follow, max-snippet:-1, max-image-preview:large, max-video-preview:-1\" \/>\n<link rel=\"canonical\" href=\"https:\/\/sanatate.md\/ro\/boli-si-tratament\/bolile-chirurgicale\/abcesul-cerebral\/\" \/>\n<meta property=\"og:locale\" content=\"ro_RO\" \/>\n<meta property=\"og:type\" content=\"article\" \/>\n<meta property=\"og:title\" content=\"Abcesul cerebral\" \/>\n<meta property=\"og:description\" content=\"Boal\u0103, \u00een care puroiul se acumuleaz\u0103 \u00een creier, se nume\u015fte abces cerebral \u015fi el apare \u00een urma unei infec\u021bii.\" \/>\n<meta property=\"og:url\" content=\"https:\/\/sanatate.md\/ro\/boli-si-tratament\/bolile-chirurgicale\/abcesul-cerebral\/\" \/>\n<meta property=\"og:site_name\" content=\"Sanatate.md\" \/>\n<meta name=\"twitter:card\" content=\"summary_large_image\" \/>\n<meta name=\"twitter:label1\" content=\"Timp estimat pentru citire\" \/>\n\t<meta name=\"twitter:data1\" content=\"2 minute\" \/>\n<script type=\"application\/ld+json\" class=\"yoast-schema-graph\">{\"@context\":\"https:\\\/\\\/schema.org\",\"@graph\":[{\"@type\":\"WebPage\",\"@id\":\"https:\\\/\\\/sanatate.md\\\/ro\\\/boli-si-tratament\\\/bolile-chirurgicale\\\/abcesul-cerebral\\\/\",\"url\":\"https:\\\/\\\/sanatate.md\\\/ro\\\/boli-si-tratament\\\/bolile-chirurgicale\\\/abcesul-cerebral\\\/\",\"name\":\"Abcesul cerebral\",\"isPartOf\":{\"@id\":\"https:\\\/\\\/sanatate.md\\\/ro\\\/#website\"},\"datePublished\":\"2018-01-05T11:19:28+00:00\",\"description\":\"Boal\u0103, \u00een care puroiul se acumuleaz\u0103 \u00een creier, se nume\u015fte abces cerebral \u015fi el apare \u00een urma unei infec\u021bii.\",\"breadcrumb\":{\"@id\":\"https:\\\/\\\/sanatate.md\\\/ro\\\/boli-si-tratament\\\/bolile-chirurgicale\\\/abcesul-cerebral\\\/#breadcrumb\"},\"inLanguage\":\"ro-RO\",\"potentialAction\":[{\"@type\":\"ReadAction\",\"target\":[\"https:\\\/\\\/sanatate.md\\\/ro\\\/boli-si-tratament\\\/bolile-chirurgicale\\\/abcesul-cerebral\\\/\"]}]},{\"@type\":\"BreadcrumbList\",\"@id\":\"https:\\\/\\\/sanatate.md\\\/ro\\\/boli-si-tratament\\\/bolile-chirurgicale\\\/abcesul-cerebral\\\/#breadcrumb\",\"itemListElement\":[{\"@type\":\"ListItem\",\"position\":1,\"name\":\"\u0413\u043b\u0430\u0432\u043d\u0430\u044f \u0441\u0442\u0440\u0430\u043d\u0438\u0446\u0430\",\"item\":\"https:\\\/\\\/sanatate.md\\\/ro\\\/\"},{\"@type\":\"ListItem\",\"position\":2,\"name\":\"Boli si tratament\",\"item\":\"https:\\\/\\\/sanatate.md\\\/ro\\\/boli-si-tratament\\\/\"},{\"@type\":\"ListItem\",\"position\":3,\"name\":\"Bolile chirurgicale\",\"item\":\"https:\\\/\\\/sanatate.md\\\/ro\\\/boli-si-tratament\\\/bolile-chirurgicale\\\/\"},{\"@type\":\"ListItem\",\"position\":4,\"name\":\"Abcesul cerebral\"}]},{\"@type\":\"WebSite\",\"@id\":\"https:\\\/\\\/sanatate.md\\\/ro\\\/#website\",\"url\":\"https:\\\/\\\/sanatate.md\\\/ro\\\/\",\"name\":\"Sanatate.md\",\"description\":\"\u0416\u0443\u0440\u043d\u0430\u043b \u0434\u043b\u044f \u0432\u0441\u0435\u0439 \u0441\u0435\u043c\u044c\u0438 \u0432 \u041c\u043e\u043b\u0434\u043e\u0432\u0435\",\"publisher\":{\"@id\":\"https:\\\/\\\/sanatate.md\\\/ro\\\/#organization\"},\"potentialAction\":[{\"@type\":\"SearchAction\",\"target\":{\"@type\":\"EntryPoint\",\"urlTemplate\":\"https:\\\/\\\/sanatate.md\\\/ro\\\/?s={search_term_string}\"},\"query-input\":{\"@type\":\"PropertyValueSpecification\",\"valueRequired\":true,\"valueName\":\"search_term_string\"}}],\"inLanguage\":\"ro-RO\"},{\"@type\":\"Organization\",\"@id\":\"https:\\\/\\\/sanatate.md\\\/ro\\\/#organization\",\"name\":\"SANATATE\",\"url\":\"https:\\\/\\\/sanatate.md\\\/ro\\\/\",\"logo\":{\"@type\":\"ImageObject\",\"inLanguage\":\"ro-RO\",\"@id\":\"https:\\\/\\\/sanatate.md\\\/ro\\\/#\\\/schema\\\/logo\\\/image\\\/\",\"url\":\"https:\\\/\\\/sanatate.md\\\/wp-content\\\/uploads\\\/2022\\\/01\\\/sanatate-logo.svg\",\"contentUrl\":\"https:\\\/\\\/sanatate.md\\\/wp-content\\\/uploads\\\/2022\\\/01\\\/sanatate-logo.svg\",\"width\":\"1024\",\"height\":\"1024\",\"caption\":\"SANATATE\"},\"image\":{\"@id\":\"https:\\\/\\\/sanatate.md\\\/ro\\\/#\\\/schema\\\/logo\\\/image\\\/\"}}]}<\/script>\n<!-- \/ Yoast SEO plugin. -->","yoast_head_json":{"title":"Abcesul cerebral","description":"Boal\u0103, \u00een care puroiul se acumuleaz\u0103 \u00een creier, se nume\u015fte abces cerebral \u015fi el apare \u00een urma unei infec\u021bii.","robots":{"index":"index","follow":"follow","max-snippet":"max-snippet:-1","max-image-preview":"max-image-preview:large","max-video-preview":"max-video-preview:-1"},"canonical":"https:\/\/sanatate.md\/ro\/boli-si-tratament\/bolile-chirurgicale\/abcesul-cerebral\/","og_locale":"ro_RO","og_type":"article","og_title":"Abcesul cerebral","og_description":"Boal\u0103, \u00een care puroiul se acumuleaz\u0103 \u00een creier, se nume\u015fte abces cerebral \u015fi el apare \u00een urma unei infec\u021bii.","og_url":"https:\/\/sanatate.md\/ro\/boli-si-tratament\/bolile-chirurgicale\/abcesul-cerebral\/","og_site_name":"Sanatate.md","twitter_card":"summary_large_image","twitter_misc":{"Timp estimat pentru citire":"2 minute"},"schema":{"@context":"https:\/\/schema.org","@graph":[{"@type":"WebPage","@id":"https:\/\/sanatate.md\/ro\/boli-si-tratament\/bolile-chirurgicale\/abcesul-cerebral\/","url":"https:\/\/sanatate.md\/ro\/boli-si-tratament\/bolile-chirurgicale\/abcesul-cerebral\/","name":"Abcesul cerebral","isPartOf":{"@id":"https:\/\/sanatate.md\/ro\/#website"},"datePublished":"2018-01-05T11:19:28+00:00","description":"Boal\u0103, \u00een care puroiul se acumuleaz\u0103 \u00een creier, se nume\u015fte abces cerebral \u015fi el apare \u00een urma unei infec\u021bii.","breadcrumb":{"@id":"https:\/\/sanatate.md\/ro\/boli-si-tratament\/bolile-chirurgicale\/abcesul-cerebral\/#breadcrumb"},"inLanguage":"ro-RO","potentialAction":[{"@type":"ReadAction","target":["https:\/\/sanatate.md\/ro\/boli-si-tratament\/bolile-chirurgicale\/abcesul-cerebral\/"]}]},{"@type":"BreadcrumbList","@id":"https:\/\/sanatate.md\/ro\/boli-si-tratament\/bolile-chirurgicale\/abcesul-cerebral\/#breadcrumb","itemListElement":[{"@type":"ListItem","position":1,"name":"\u0413\u043b\u0430\u0432\u043d\u0430\u044f \u0441\u0442\u0440\u0430\u043d\u0438\u0446\u0430","item":"https:\/\/sanatate.md\/ro\/"},{"@type":"ListItem","position":2,"name":"Boli si tratament","item":"https:\/\/sanatate.md\/ro\/boli-si-tratament\/"},{"@type":"ListItem","position":3,"name":"Bolile chirurgicale","item":"https:\/\/sanatate.md\/ro\/boli-si-tratament\/bolile-chirurgicale\/"},{"@type":"ListItem","position":4,"name":"Abcesul cerebral"}]},{"@type":"WebSite","@id":"https:\/\/sanatate.md\/ro\/#website","url":"https:\/\/sanatate.md\/ro\/","name":"Sanatate.md","description":"\u0416\u0443\u0440\u043d\u0430\u043b \u0434\u043b\u044f \u0432\u0441\u0435\u0439 \u0441\u0435\u043c\u044c\u0438 \u0432 \u041c\u043e\u043b\u0434\u043e\u0432\u0435","publisher":{"@id":"https:\/\/sanatate.md\/ro\/#organization"},"potentialAction":[{"@type":"SearchAction","target":{"@type":"EntryPoint","urlTemplate":"https:\/\/sanatate.md\/ro\/?s={search_term_string}"},"query-input":{"@type":"PropertyValueSpecification","valueRequired":true,"valueName":"search_term_string"}}],"inLanguage":"ro-RO"},{"@type":"Organization","@id":"https:\/\/sanatate.md\/ro\/#organization","name":"SANATATE","url":"https:\/\/sanatate.md\/ro\/","logo":{"@type":"ImageObject","inLanguage":"ro-RO","@id":"https:\/\/sanatate.md\/ro\/#\/schema\/logo\/image\/","url":"https:\/\/sanatate.md\/wp-content\/uploads\/2022\/01\/sanatate-logo.svg","contentUrl":"https:\/\/sanatate.md\/wp-content\/uploads\/2022\/01\/sanatate-logo.svg","width":"1024","height":"1024","caption":"SANATATE"},"image":{"@id":"https:\/\/sanatate.md\/ro\/#\/schema\/logo\/image\/"}}]}},"_links":{"self":[{"href":"https:\/\/sanatate.md\/ro\/wp-json\/wp\/v2\/pages\/49335","targetHints":{"allow":["GET"]}}],"collection":[{"href":"https:\/\/sanatate.md\/ro\/wp-json\/wp\/v2\/pages"}],"about":[{"href":"https:\/\/sanatate.md\/ro\/wp-json\/wp\/v2\/types\/page"}],"author":[{"embeddable":true,"href":"https:\/\/sanatate.md\/ro\/wp-json\/wp\/v2\/users\/28"}],"replies":[{"embeddable":true,"href":"https:\/\/sanatate.md\/ro\/wp-json\/wp\/v2\/comments?post=49335"}],"version-history":[{"count":0,"href":"https:\/\/sanatate.md\/ro\/wp-json\/wp\/v2\/pages\/49335\/revisions"}],"up":[{"embeddable":true,"href":"https:\/\/sanatate.md\/ro\/wp-json\/wp\/v2\/pages\/53032"}],"wp:attachment":[{"href":"https:\/\/sanatate.md\/ro\/wp-json\/wp\/v2\/media?parent=49335"}],"curies":[{"name":"wp","href":"https:\/\/api.w.org\/{rel}","templated":true}]}}