{"id":49339,"date":"2018-01-05T14:53:42","date_gmt":"2018-01-05T11:53:42","guid":{"rendered":"https:\/\/sanatate.md\/?page_id=49339"},"modified":"2018-01-05T14:53:42","modified_gmt":"2018-01-05T11:53:42","slug":"abcesul-spatiului-duglas","status":"publish","type":"page","link":"https:\/\/sanatate.md\/ro\/boli-si-tratament\/bolile-chirurgicale\/abcesul-spatiului-duglas\/","title":{"rendered":"Abcesul spa\u021biului Duglas"},"content":{"rendered":"<p>Abcesul dat, de obicei, nu se produce de la sine. Aceast\u0103 boal\u0103 se caracterizeaz\u0103 prin formarea de puroi \u00een pelvis. Dac\u0103 boala progreseaz\u0103, exist\u0103 o amenin\u021bare de formare a abcesului \u00een vezica urinar\u0103, precum \u0219i \u00een intestine. Rareori abcesul apare din cauza peritonitei sau para proctitei .<\/p>\n<h3>Cauzele apari\u021biei<\/h3>\n<p>Acest abces progreseaz\u0103 dup\u0103 apendicita acut\u0103 sau ca urmare a proceselor inflamatorii \u00een uter.<\/p>\n<h3>Simptomele<\/h3>\n<p>Boala declan\u0219eaz\u0103 cu o leucocitoz\u0103 \u0219i apari\u021bia de mucus \u00een scaun. Diagnosticul rectal arat\u0103 o bombardare a spa\u021biului Duglas, umfl\u0103turi. Pacientul se pl\u00e2nge de frisoane, are dureri de cap, temperatur\u0103, se simte bolnav. \u00cen unele cazuri se dezvolt\u0103 tahicardia.<\/p>\n<h3>Diagnosticul<\/h3>\n<p>Nu e dificil de a diagnostica aceast\u0103 boal\u0103. Pentru a o confirma medicii fac punc\u021bie \u00een rect.<\/p>\n<h3>Tratamentul<\/h3>\n<p>Abcesul se lichideaz\u0103 printr-o interven\u021bie chirurgical\u0103. Exist\u0103 trei c\u0103i de acces la absces: vaginal, rectal \u0219i sacral. \u00cen tratamentul acestei boli se aplic\u0103 antibiotice.<\/p>\n<h3>Prognoza \u0219i prevenirea<\/h3>\n<p>\u00cen cazul, \u00een care medicul a diagnosticat o singur\u0103 manifestare a bolii \u0219i la timp a efectuat interven\u021bia chirurgical\u0103, se observ\u0103 o dinamic\u0103 pozitiv\u0103. Complica\u021biile se manifest\u0103, c\u00e2nd abcesul erupe \u00een cavitatea abdominal\u0103.<\/p>\n<p>Prevenirea acestei boli necesit\u0103 un control \u0219i o sana\u021bie de igien\u0103 a cavit\u0103\u021bii abdominale in timpul interventiei chirurgicale. Chirurgul trebuie s\u0103 fie atent la s\u00e2ngerare.Pacientului s\u0103 i se trateze minu\u021bios toate r\u0103nile purulente .<\/p>\n","protected":false},"excerpt":{"rendered":"<p>Abcesul dat, de obicei, nu se produce de la sine. Aceast\u0103 boal\u0103 se caracterizeaz\u0103 prin formarea de puroi \u00een pelvis. Dac\u0103 boala progreseaz\u0103, exist\u0103 o amenin\u021bare de formare a abcesului \u00een vezica urinar\u0103, precum \u0219i \u00een intestine. Rareori abcesul apare din cauza peritonitei sau para proctitei . Cauzele apari\u021biei Acest abces progreseaz\u0103 dup\u0103 apendicita acut\u0103 [&hellip;]<\/p>\n","protected":false},"author":28,"featured_media":0,"parent":53032,"menu_order":0,"comment_status":"closed","ping_status":"closed","template":"","meta":{"inline_featured_image":false,"footnotes":""},"class_list":["post-49339","page","type-page","status-publish"],"yoast_head":"<!-- This site is optimized with the Yoast SEO plugin v27.3 - https:\/\/yoast.com\/product\/yoast-seo-wordpress\/ -->\n<title>Abcesul spa\u021biului Duglas<\/title>\n<meta name=\"description\" content=\"Abcesul dat, de obicei, nu se produce de la sine. Aceast\u0103 boal\u0103 se caracterizeaz\u0103 prin formarea de puroi \u00een pelvis.\" \/>\n<meta name=\"robots\" content=\"index, follow, max-snippet:-1, max-image-preview:large, max-video-preview:-1\" \/>\n<link rel=\"canonical\" href=\"https:\/\/sanatate.md\/ro\/boli-si-tratament\/bolile-chirurgicale\/abcesul-spatiului-duglas\/\" \/>\n<meta property=\"og:locale\" content=\"ro_RO\" \/>\n<meta property=\"og:type\" content=\"article\" \/>\n<meta property=\"og:title\" content=\"Abcesul spa\u021biului Duglas\" \/>\n<meta property=\"og:description\" content=\"Abcesul dat, de obicei, nu se produce de la sine. Aceast\u0103 boal\u0103 se caracterizeaz\u0103 prin formarea de puroi \u00een pelvis.\" \/>\n<meta property=\"og:url\" content=\"https:\/\/sanatate.md\/ro\/boli-si-tratament\/bolile-chirurgicale\/abcesul-spatiului-duglas\/\" \/>\n<meta property=\"og:site_name\" content=\"Sanatate.md\" \/>\n<meta name=\"twitter:card\" content=\"summary_large_image\" \/>\n<meta name=\"twitter:label1\" content=\"Timp estimat pentru citire\" \/>\n\t<meta name=\"twitter:data1\" content=\"1 minut\" \/>\n<script type=\"application\/ld+json\" class=\"yoast-schema-graph\">{\"@context\":\"https:\\\/\\\/schema.org\",\"@graph\":[{\"@type\":\"WebPage\",\"@id\":\"https:\\\/\\\/sanatate.md\\\/ro\\\/boli-si-tratament\\\/bolile-chirurgicale\\\/abcesul-spatiului-duglas\\\/\",\"url\":\"https:\\\/\\\/sanatate.md\\\/ro\\\/boli-si-tratament\\\/bolile-chirurgicale\\\/abcesul-spatiului-duglas\\\/\",\"name\":\"Abcesul spa\u021biului Duglas\",\"isPartOf\":{\"@id\":\"https:\\\/\\\/sanatate.md\\\/ro\\\/#website\"},\"datePublished\":\"2018-01-05T11:53:42+00:00\",\"description\":\"Abcesul dat, de obicei, nu se produce de la sine. Aceast\u0103 boal\u0103 se caracterizeaz\u0103 prin formarea de puroi \u00een pelvis.\",\"breadcrumb\":{\"@id\":\"https:\\\/\\\/sanatate.md\\\/ro\\\/boli-si-tratament\\\/bolile-chirurgicale\\\/abcesul-spatiului-duglas\\\/#breadcrumb\"},\"inLanguage\":\"ro-RO\",\"potentialAction\":[{\"@type\":\"ReadAction\",\"target\":[\"https:\\\/\\\/sanatate.md\\\/ro\\\/boli-si-tratament\\\/bolile-chirurgicale\\\/abcesul-spatiului-duglas\\\/\"]}]},{\"@type\":\"BreadcrumbList\",\"@id\":\"https:\\\/\\\/sanatate.md\\\/ro\\\/boli-si-tratament\\\/bolile-chirurgicale\\\/abcesul-spatiului-duglas\\\/#breadcrumb\",\"itemListElement\":[{\"@type\":\"ListItem\",\"position\":1,\"name\":\"\u0413\u043b\u0430\u0432\u043d\u0430\u044f \u0441\u0442\u0440\u0430\u043d\u0438\u0446\u0430\",\"item\":\"https:\\\/\\\/sanatate.md\\\/ro\\\/\"},{\"@type\":\"ListItem\",\"position\":2,\"name\":\"Boli si tratament\",\"item\":\"https:\\\/\\\/sanatate.md\\\/ro\\\/boli-si-tratament\\\/\"},{\"@type\":\"ListItem\",\"position\":3,\"name\":\"Bolile chirurgicale\",\"item\":\"https:\\\/\\\/sanatate.md\\\/ro\\\/boli-si-tratament\\\/bolile-chirurgicale\\\/\"},{\"@type\":\"ListItem\",\"position\":4,\"name\":\"Abcesul spa\u021biului Duglas\"}]},{\"@type\":\"WebSite\",\"@id\":\"https:\\\/\\\/sanatate.md\\\/ro\\\/#website\",\"url\":\"https:\\\/\\\/sanatate.md\\\/ro\\\/\",\"name\":\"Sanatate.md\",\"description\":\"\u0416\u0443\u0440\u043d\u0430\u043b \u0434\u043b\u044f \u0432\u0441\u0435\u0439 \u0441\u0435\u043c\u044c\u0438 \u0432 \u041c\u043e\u043b\u0434\u043e\u0432\u0435\",\"publisher\":{\"@id\":\"https:\\\/\\\/sanatate.md\\\/ro\\\/#organization\"},\"potentialAction\":[{\"@type\":\"SearchAction\",\"target\":{\"@type\":\"EntryPoint\",\"urlTemplate\":\"https:\\\/\\\/sanatate.md\\\/ro\\\/?s={search_term_string}\"},\"query-input\":{\"@type\":\"PropertyValueSpecification\",\"valueRequired\":true,\"valueName\":\"search_term_string\"}}],\"inLanguage\":\"ro-RO\"},{\"@type\":\"Organization\",\"@id\":\"https:\\\/\\\/sanatate.md\\\/ro\\\/#organization\",\"name\":\"SANATATE\",\"url\":\"https:\\\/\\\/sanatate.md\\\/ro\\\/\",\"logo\":{\"@type\":\"ImageObject\",\"inLanguage\":\"ro-RO\",\"@id\":\"https:\\\/\\\/sanatate.md\\\/ro\\\/#\\\/schema\\\/logo\\\/image\\\/\",\"url\":\"https:\\\/\\\/sanatate.md\\\/wp-content\\\/uploads\\\/2022\\\/01\\\/sanatate-logo.svg\",\"contentUrl\":\"https:\\\/\\\/sanatate.md\\\/wp-content\\\/uploads\\\/2022\\\/01\\\/sanatate-logo.svg\",\"width\":\"1024\",\"height\":\"1024\",\"caption\":\"SANATATE\"},\"image\":{\"@id\":\"https:\\\/\\\/sanatate.md\\\/ro\\\/#\\\/schema\\\/logo\\\/image\\\/\"}}]}<\/script>\n<!-- \/ Yoast SEO plugin. -->","yoast_head_json":{"title":"Abcesul spa\u021biului Duglas","description":"Abcesul dat, de obicei, nu se produce de la sine. Aceast\u0103 boal\u0103 se caracterizeaz\u0103 prin formarea de puroi \u00een pelvis.","robots":{"index":"index","follow":"follow","max-snippet":"max-snippet:-1","max-image-preview":"max-image-preview:large","max-video-preview":"max-video-preview:-1"},"canonical":"https:\/\/sanatate.md\/ro\/boli-si-tratament\/bolile-chirurgicale\/abcesul-spatiului-duglas\/","og_locale":"ro_RO","og_type":"article","og_title":"Abcesul spa\u021biului Duglas","og_description":"Abcesul dat, de obicei, nu se produce de la sine. Aceast\u0103 boal\u0103 se caracterizeaz\u0103 prin formarea de puroi \u00een pelvis.","og_url":"https:\/\/sanatate.md\/ro\/boli-si-tratament\/bolile-chirurgicale\/abcesul-spatiului-duglas\/","og_site_name":"Sanatate.md","twitter_card":"summary_large_image","twitter_misc":{"Timp estimat pentru citire":"1 minut"},"schema":{"@context":"https:\/\/schema.org","@graph":[{"@type":"WebPage","@id":"https:\/\/sanatate.md\/ro\/boli-si-tratament\/bolile-chirurgicale\/abcesul-spatiului-duglas\/","url":"https:\/\/sanatate.md\/ro\/boli-si-tratament\/bolile-chirurgicale\/abcesul-spatiului-duglas\/","name":"Abcesul spa\u021biului Duglas","isPartOf":{"@id":"https:\/\/sanatate.md\/ro\/#website"},"datePublished":"2018-01-05T11:53:42+00:00","description":"Abcesul dat, de obicei, nu se produce de la sine. Aceast\u0103 boal\u0103 se caracterizeaz\u0103 prin formarea de puroi \u00een pelvis.","breadcrumb":{"@id":"https:\/\/sanatate.md\/ro\/boli-si-tratament\/bolile-chirurgicale\/abcesul-spatiului-duglas\/#breadcrumb"},"inLanguage":"ro-RO","potentialAction":[{"@type":"ReadAction","target":["https:\/\/sanatate.md\/ro\/boli-si-tratament\/bolile-chirurgicale\/abcesul-spatiului-duglas\/"]}]},{"@type":"BreadcrumbList","@id":"https:\/\/sanatate.md\/ro\/boli-si-tratament\/bolile-chirurgicale\/abcesul-spatiului-duglas\/#breadcrumb","itemListElement":[{"@type":"ListItem","position":1,"name":"\u0413\u043b\u0430\u0432\u043d\u0430\u044f \u0441\u0442\u0440\u0430\u043d\u0438\u0446\u0430","item":"https:\/\/sanatate.md\/ro\/"},{"@type":"ListItem","position":2,"name":"Boli si tratament","item":"https:\/\/sanatate.md\/ro\/boli-si-tratament\/"},{"@type":"ListItem","position":3,"name":"Bolile chirurgicale","item":"https:\/\/sanatate.md\/ro\/boli-si-tratament\/bolile-chirurgicale\/"},{"@type":"ListItem","position":4,"name":"Abcesul spa\u021biului Duglas"}]},{"@type":"WebSite","@id":"https:\/\/sanatate.md\/ro\/#website","url":"https:\/\/sanatate.md\/ro\/","name":"Sanatate.md","description":"\u0416\u0443\u0440\u043d\u0430\u043b \u0434\u043b\u044f \u0432\u0441\u0435\u0439 \u0441\u0435\u043c\u044c\u0438 \u0432 \u041c\u043e\u043b\u0434\u043e\u0432\u0435","publisher":{"@id":"https:\/\/sanatate.md\/ro\/#organization"},"potentialAction":[{"@type":"SearchAction","target":{"@type":"EntryPoint","urlTemplate":"https:\/\/sanatate.md\/ro\/?s={search_term_string}"},"query-input":{"@type":"PropertyValueSpecification","valueRequired":true,"valueName":"search_term_string"}}],"inLanguage":"ro-RO"},{"@type":"Organization","@id":"https:\/\/sanatate.md\/ro\/#organization","name":"SANATATE","url":"https:\/\/sanatate.md\/ro\/","logo":{"@type":"ImageObject","inLanguage":"ro-RO","@id":"https:\/\/sanatate.md\/ro\/#\/schema\/logo\/image\/","url":"https:\/\/sanatate.md\/wp-content\/uploads\/2022\/01\/sanatate-logo.svg","contentUrl":"https:\/\/sanatate.md\/wp-content\/uploads\/2022\/01\/sanatate-logo.svg","width":"1024","height":"1024","caption":"SANATATE"},"image":{"@id":"https:\/\/sanatate.md\/ro\/#\/schema\/logo\/image\/"}}]}},"_links":{"self":[{"href":"https:\/\/sanatate.md\/ro\/wp-json\/wp\/v2\/pages\/49339","targetHints":{"allow":["GET"]}}],"collection":[{"href":"https:\/\/sanatate.md\/ro\/wp-json\/wp\/v2\/pages"}],"about":[{"href":"https:\/\/sanatate.md\/ro\/wp-json\/wp\/v2\/types\/page"}],"author":[{"embeddable":true,"href":"https:\/\/sanatate.md\/ro\/wp-json\/wp\/v2\/users\/28"}],"replies":[{"embeddable":true,"href":"https:\/\/sanatate.md\/ro\/wp-json\/wp\/v2\/comments?post=49339"}],"version-history":[{"count":0,"href":"https:\/\/sanatate.md\/ro\/wp-json\/wp\/v2\/pages\/49339\/revisions"}],"up":[{"embeddable":true,"href":"https:\/\/sanatate.md\/ro\/wp-json\/wp\/v2\/pages\/53032"}],"wp:attachment":[{"href":"https:\/\/sanatate.md\/ro\/wp-json\/wp\/v2\/media?parent=49339"}],"curies":[{"name":"wp","href":"https:\/\/api.w.org\/{rel}","templated":true}]}}