{"id":49342,"date":"2018-01-05T15:06:54","date_gmt":"2018-01-05T12:06:54","guid":{"rendered":"https:\/\/sanatate.md\/?page_id=49342"},"modified":"2018-01-05T15:06:54","modified_gmt":"2018-01-05T12:06:54","slug":"abcesul-interintestinal","status":"publish","type":"page","link":"https:\/\/sanatate.md\/ro\/boli-si-tratament\/bolile-chirurgicale\/abcesul-interintestinal\/","title":{"rendered":"Abcesul interintestinal"},"content":{"rendered":"<p>Abcesul interintestinal &#8211; este o boal\u0103, care are localizare \u00een cavitatea abdominal\u0103, frecvent este combinat cu un alt tip de abces &#8211; cel al pelvisului mic.<\/p>\n<h3>Stadiul bolii<\/h3>\n<p>Boala are trei etape principale:<\/p>\n<ul>\n<li>etapa ini\u021bial\u0103 \u2013 \u00een acest moment abcesul doar \u00eencepe s\u0103 se formeze;<\/li>\n<li>etapa de infiltrare \u2013 abcesul continu\u0103 s\u0103 creasc\u0103, este posibil\u0103 formarea mai multor abcese;<\/li>\n<li>etapa de spargere, \u00een care puroiul p\u0103trunde \u00een cavitatea abdominal\u0103.<\/li>\n<\/ul>\n<h3>Cauzele apari\u021biei<\/h3>\n<p>Abcesele date, de obicei, progreseaz\u0103 din cauza, c\u0103 pacientul a suferit de o &#8220;peritonita difuz\u0103&#8221;.<\/p>\n<h3>Simptomele<\/h3>\n<p>Bolnavul simte dureri abdominale, care au caracter surd, nu pot fi clar localizate, simte o balonare intestinal\u0103, sl\u0103biciune general\u0103. \u00cen cazul, \u00een care medicul suspecteaz\u0103 un abces, care este plasat aproape de peretele din fa\u021b\u0103 &#8211; peritoneu, apar urm\u0103toarele simptome: mu\u0219chii \u00een partea din fa\u021b\u0103 a peritoneului sunt tensiona\u0163i, pacientul se pl\u00e2nge de o senza\u021bie dureroas\u0103. Prin palpa\u0163ie se stabile\u015fte o forma\u0163ie nemi\u015fcat\u0103.<\/p>\n<h3>Diagnosticul<\/h3>\n<p>Aceast\u0103 boal\u0103 e dificil de stabilit. Suspect de boal\u0103, poate fi un pacient, care anterior a f\u0103cut peritonit\u0103. Pentru a diagnostica acest abces, vor fi necesare urm\u0103toarele studii: o radiografie a organelor cavit\u0103\u021bii abdominale, o ecografie \u0219i KG<\/p>\n<h3>Tratamentul, prognoza<\/h3>\n<p>Abces necesit\u0103 interven\u021bie chirurgical\u0103. Chirurgul va deschide \u0219i va cura\u0163a abcesul. \u00cenainte de opera\u021bie, trebuie s\u0103 administreze o terapia cu antibiotice \u0219i metronidazol.<\/p>\n<h3>Complica\u021bii<\/h3>\n<p>Consecin\u021bele acestei boli sunt foarte grave. La urma urmei, abcesul se poate rupe \u00een cavitatea abdominal\u0103, de asemenea, o consecin\u021b\u0103 a lui poate deveni \u0219i peritonita. \u00cen cazurile severe, se produce septicemia.<\/p>\n<h3>Prevenirea<\/h3>\n<p>Pentru a preveni aceast\u0103 boal\u0103, este nevoie la timp de tratat bolile tractului gastro-intestinal. \u00cen cazul, \u00een care pacientul a avut interven\u021bii, trebuie scrupulos de controlat cavitatea abdominal\u0103. Medicul e obligat s\u0103 monitorizeze cu aten\u021bie s\u0103n\u0103tatea pacientului, care recent a suferit o peritonit\u0103.<\/p>\n","protected":false},"excerpt":{"rendered":"<p>Abcesul interintestinal &#8211; este o boal\u0103, care are localizare \u00een cavitatea abdominal\u0103, frecvent este combinat cu un alt tip de abces &#8211; cel al pelvisului mic. Stadiul bolii Boala are trei etape principale: etapa ini\u021bial\u0103 \u2013 \u00een acest moment abcesul doar \u00eencepe s\u0103 se formeze; etapa de infiltrare \u2013 abcesul continu\u0103 s\u0103 creasc\u0103, este posibil\u0103 [&hellip;]<\/p>\n","protected":false},"author":28,"featured_media":0,"parent":53032,"menu_order":0,"comment_status":"closed","ping_status":"closed","template":"","meta":{"inline_featured_image":false,"footnotes":""},"class_list":["post-49342","page","type-page","status-publish"],"yoast_head":"<!-- This site is optimized with the Yoast SEO plugin v27.3 - https:\/\/yoast.com\/product\/yoast-seo-wordpress\/ -->\n<title>Abcesul interintestinal<\/title>\n<meta name=\"description\" content=\"Abcesul interintestinal - este o boal\u0103, care are localizare \u00een cavitatea abdominal\u0103, frecvent este combinat cu un alt tip de abces\" \/>\n<meta name=\"robots\" content=\"index, follow, max-snippet:-1, max-image-preview:large, max-video-preview:-1\" \/>\n<link rel=\"canonical\" href=\"https:\/\/sanatate.md\/ro\/boli-si-tratament\/bolile-chirurgicale\/abcesul-interintestinal\/\" \/>\n<meta property=\"og:locale\" content=\"ro_RO\" \/>\n<meta property=\"og:type\" content=\"article\" \/>\n<meta property=\"og:title\" content=\"Abcesul interintestinal\" \/>\n<meta property=\"og:description\" content=\"Abcesul interintestinal - este o boal\u0103, care are localizare \u00een cavitatea abdominal\u0103, frecvent este combinat cu un alt tip de abces\" \/>\n<meta property=\"og:url\" content=\"https:\/\/sanatate.md\/ro\/boli-si-tratament\/bolile-chirurgicale\/abcesul-interintestinal\/\" \/>\n<meta property=\"og:site_name\" content=\"Sanatate.md\" \/>\n<meta name=\"twitter:card\" content=\"summary_large_image\" \/>\n<meta name=\"twitter:label1\" content=\"Timp estimat pentru citire\" \/>\n\t<meta name=\"twitter:data1\" content=\"2 minute\" \/>\n<script type=\"application\/ld+json\" class=\"yoast-schema-graph\">{\"@context\":\"https:\\\/\\\/schema.org\",\"@graph\":[{\"@type\":\"WebPage\",\"@id\":\"https:\\\/\\\/sanatate.md\\\/ro\\\/boli-si-tratament\\\/bolile-chirurgicale\\\/abcesul-interintestinal\\\/\",\"url\":\"https:\\\/\\\/sanatate.md\\\/ro\\\/boli-si-tratament\\\/bolile-chirurgicale\\\/abcesul-interintestinal\\\/\",\"name\":\"Abcesul interintestinal\",\"isPartOf\":{\"@id\":\"https:\\\/\\\/sanatate.md\\\/ro\\\/#website\"},\"datePublished\":\"2018-01-05T12:06:54+00:00\",\"description\":\"Abcesul interintestinal - este o boal\u0103, care are localizare \u00een cavitatea abdominal\u0103, frecvent este combinat cu un alt tip de abces\",\"breadcrumb\":{\"@id\":\"https:\\\/\\\/sanatate.md\\\/ro\\\/boli-si-tratament\\\/bolile-chirurgicale\\\/abcesul-interintestinal\\\/#breadcrumb\"},\"inLanguage\":\"ro-RO\",\"potentialAction\":[{\"@type\":\"ReadAction\",\"target\":[\"https:\\\/\\\/sanatate.md\\\/ro\\\/boli-si-tratament\\\/bolile-chirurgicale\\\/abcesul-interintestinal\\\/\"]}]},{\"@type\":\"BreadcrumbList\",\"@id\":\"https:\\\/\\\/sanatate.md\\\/ro\\\/boli-si-tratament\\\/bolile-chirurgicale\\\/abcesul-interintestinal\\\/#breadcrumb\",\"itemListElement\":[{\"@type\":\"ListItem\",\"position\":1,\"name\":\"\u0413\u043b\u0430\u0432\u043d\u0430\u044f \u0441\u0442\u0440\u0430\u043d\u0438\u0446\u0430\",\"item\":\"https:\\\/\\\/sanatate.md\\\/ro\\\/\"},{\"@type\":\"ListItem\",\"position\":2,\"name\":\"Boli si tratament\",\"item\":\"https:\\\/\\\/sanatate.md\\\/ro\\\/boli-si-tratament\\\/\"},{\"@type\":\"ListItem\",\"position\":3,\"name\":\"Bolile chirurgicale\",\"item\":\"https:\\\/\\\/sanatate.md\\\/ro\\\/boli-si-tratament\\\/bolile-chirurgicale\\\/\"},{\"@type\":\"ListItem\",\"position\":4,\"name\":\"Abcesul interintestinal\"}]},{\"@type\":\"WebSite\",\"@id\":\"https:\\\/\\\/sanatate.md\\\/ro\\\/#website\",\"url\":\"https:\\\/\\\/sanatate.md\\\/ro\\\/\",\"name\":\"Sanatate.md\",\"description\":\"\u0416\u0443\u0440\u043d\u0430\u043b \u0434\u043b\u044f \u0432\u0441\u0435\u0439 \u0441\u0435\u043c\u044c\u0438 \u0432 \u041c\u043e\u043b\u0434\u043e\u0432\u0435\",\"publisher\":{\"@id\":\"https:\\\/\\\/sanatate.md\\\/ro\\\/#organization\"},\"potentialAction\":[{\"@type\":\"SearchAction\",\"target\":{\"@type\":\"EntryPoint\",\"urlTemplate\":\"https:\\\/\\\/sanatate.md\\\/ro\\\/?s={search_term_string}\"},\"query-input\":{\"@type\":\"PropertyValueSpecification\",\"valueRequired\":true,\"valueName\":\"search_term_string\"}}],\"inLanguage\":\"ro-RO\"},{\"@type\":\"Organization\",\"@id\":\"https:\\\/\\\/sanatate.md\\\/ro\\\/#organization\",\"name\":\"SANATATE\",\"url\":\"https:\\\/\\\/sanatate.md\\\/ro\\\/\",\"logo\":{\"@type\":\"ImageObject\",\"inLanguage\":\"ro-RO\",\"@id\":\"https:\\\/\\\/sanatate.md\\\/ro\\\/#\\\/schema\\\/logo\\\/image\\\/\",\"url\":\"https:\\\/\\\/sanatate.md\\\/wp-content\\\/uploads\\\/2022\\\/01\\\/sanatate-logo.svg\",\"contentUrl\":\"https:\\\/\\\/sanatate.md\\\/wp-content\\\/uploads\\\/2022\\\/01\\\/sanatate-logo.svg\",\"width\":\"1024\",\"height\":\"1024\",\"caption\":\"SANATATE\"},\"image\":{\"@id\":\"https:\\\/\\\/sanatate.md\\\/ro\\\/#\\\/schema\\\/logo\\\/image\\\/\"}}]}<\/script>\n<!-- \/ Yoast SEO plugin. -->","yoast_head_json":{"title":"Abcesul interintestinal","description":"Abcesul interintestinal - este o boal\u0103, care are localizare \u00een cavitatea abdominal\u0103, frecvent este combinat cu un alt tip de abces","robots":{"index":"index","follow":"follow","max-snippet":"max-snippet:-1","max-image-preview":"max-image-preview:large","max-video-preview":"max-video-preview:-1"},"canonical":"https:\/\/sanatate.md\/ro\/boli-si-tratament\/bolile-chirurgicale\/abcesul-interintestinal\/","og_locale":"ro_RO","og_type":"article","og_title":"Abcesul interintestinal","og_description":"Abcesul interintestinal - este o boal\u0103, care are localizare \u00een cavitatea abdominal\u0103, frecvent este combinat cu un alt tip de abces","og_url":"https:\/\/sanatate.md\/ro\/boli-si-tratament\/bolile-chirurgicale\/abcesul-interintestinal\/","og_site_name":"Sanatate.md","twitter_card":"summary_large_image","twitter_misc":{"Timp estimat pentru citire":"2 minute"},"schema":{"@context":"https:\/\/schema.org","@graph":[{"@type":"WebPage","@id":"https:\/\/sanatate.md\/ro\/boli-si-tratament\/bolile-chirurgicale\/abcesul-interintestinal\/","url":"https:\/\/sanatate.md\/ro\/boli-si-tratament\/bolile-chirurgicale\/abcesul-interintestinal\/","name":"Abcesul interintestinal","isPartOf":{"@id":"https:\/\/sanatate.md\/ro\/#website"},"datePublished":"2018-01-05T12:06:54+00:00","description":"Abcesul interintestinal - este o boal\u0103, care are localizare \u00een cavitatea abdominal\u0103, frecvent este combinat cu un alt tip de abces","breadcrumb":{"@id":"https:\/\/sanatate.md\/ro\/boli-si-tratament\/bolile-chirurgicale\/abcesul-interintestinal\/#breadcrumb"},"inLanguage":"ro-RO","potentialAction":[{"@type":"ReadAction","target":["https:\/\/sanatate.md\/ro\/boli-si-tratament\/bolile-chirurgicale\/abcesul-interintestinal\/"]}]},{"@type":"BreadcrumbList","@id":"https:\/\/sanatate.md\/ro\/boli-si-tratament\/bolile-chirurgicale\/abcesul-interintestinal\/#breadcrumb","itemListElement":[{"@type":"ListItem","position":1,"name":"\u0413\u043b\u0430\u0432\u043d\u0430\u044f \u0441\u0442\u0440\u0430\u043d\u0438\u0446\u0430","item":"https:\/\/sanatate.md\/ro\/"},{"@type":"ListItem","position":2,"name":"Boli si tratament","item":"https:\/\/sanatate.md\/ro\/boli-si-tratament\/"},{"@type":"ListItem","position":3,"name":"Bolile chirurgicale","item":"https:\/\/sanatate.md\/ro\/boli-si-tratament\/bolile-chirurgicale\/"},{"@type":"ListItem","position":4,"name":"Abcesul interintestinal"}]},{"@type":"WebSite","@id":"https:\/\/sanatate.md\/ro\/#website","url":"https:\/\/sanatate.md\/ro\/","name":"Sanatate.md","description":"\u0416\u0443\u0440\u043d\u0430\u043b \u0434\u043b\u044f \u0432\u0441\u0435\u0439 \u0441\u0435\u043c\u044c\u0438 \u0432 \u041c\u043e\u043b\u0434\u043e\u0432\u0435","publisher":{"@id":"https:\/\/sanatate.md\/ro\/#organization"},"potentialAction":[{"@type":"SearchAction","target":{"@type":"EntryPoint","urlTemplate":"https:\/\/sanatate.md\/ro\/?s={search_term_string}"},"query-input":{"@type":"PropertyValueSpecification","valueRequired":true,"valueName":"search_term_string"}}],"inLanguage":"ro-RO"},{"@type":"Organization","@id":"https:\/\/sanatate.md\/ro\/#organization","name":"SANATATE","url":"https:\/\/sanatate.md\/ro\/","logo":{"@type":"ImageObject","inLanguage":"ro-RO","@id":"https:\/\/sanatate.md\/ro\/#\/schema\/logo\/image\/","url":"https:\/\/sanatate.md\/wp-content\/uploads\/2022\/01\/sanatate-logo.svg","contentUrl":"https:\/\/sanatate.md\/wp-content\/uploads\/2022\/01\/sanatate-logo.svg","width":"1024","height":"1024","caption":"SANATATE"},"image":{"@id":"https:\/\/sanatate.md\/ro\/#\/schema\/logo\/image\/"}}]}},"_links":{"self":[{"href":"https:\/\/sanatate.md\/ro\/wp-json\/wp\/v2\/pages\/49342","targetHints":{"allow":["GET"]}}],"collection":[{"href":"https:\/\/sanatate.md\/ro\/wp-json\/wp\/v2\/pages"}],"about":[{"href":"https:\/\/sanatate.md\/ro\/wp-json\/wp\/v2\/types\/page"}],"author":[{"embeddable":true,"href":"https:\/\/sanatate.md\/ro\/wp-json\/wp\/v2\/users\/28"}],"replies":[{"embeddable":true,"href":"https:\/\/sanatate.md\/ro\/wp-json\/wp\/v2\/comments?post=49342"}],"version-history":[{"count":0,"href":"https:\/\/sanatate.md\/ro\/wp-json\/wp\/v2\/pages\/49342\/revisions"}],"up":[{"embeddable":true,"href":"https:\/\/sanatate.md\/ro\/wp-json\/wp\/v2\/pages\/53032"}],"wp:attachment":[{"href":"https:\/\/sanatate.md\/ro\/wp-json\/wp\/v2\/media?parent=49342"}],"curies":[{"name":"wp","href":"https:\/\/api.w.org\/{rel}","templated":true}]}}