{"id":49349,"date":"2018-01-06T11:12:43","date_gmt":"2018-01-06T08:12:43","guid":{"rendered":"https:\/\/sanatate.md\/?page_id=49349"},"modified":"2018-01-06T11:12:43","modified_gmt":"2018-01-06T08:12:43","slug":"abcesul-hepatic","status":"publish","type":"page","link":"https:\/\/sanatate.md\/ro\/boli-si-tratament\/bolile-chirurgicale\/abcesul-hepatic\/","title":{"rendered":"Abcesul hepatic"},"content":{"rendered":"<p>Abcesul hepatic este o boal\u0103, care se caracterizeaz\u0103 prin concentrarea puroiului pe fondul distrugerii parenchimului hepatic. Boala apare din cauza p\u0103trunderii \u00een ficat a microbilor sau parazi\u0163ilor.<\/p>\n<h3>Formele abcesului hepatic<\/h3>\n<p>Dac\u0103 se ia \u00een considerare num\u0103rul de abcese, ele se \u00eemp\u0103rt \u00een simple \u0219i multiple. \u00cen func\u021bie de localizare \u00een organe, abcesele sunt clasificate: pe dreapta \u0219i pe st\u00e2nga segmentului de ficat. Lu\u00e2nd \u00een considerare natura agentului patogen, se eviden\u021biaz\u0103 abcese bacteriene \u0219i parazitare.<\/p>\n<p>Abcesele de origine bacteriene apar ca urmare a p\u0103trunderii \u00een ficat a bacteriilor d\u0103un\u0103toare. Dac\u0103 lu\u0103m \u00een considerare modul \u00een care infec\u021bia ajunge \u00een acest organism, se pot distinge urm\u0103toarele tipuri: hematogen &#8211; localizat prin vasele de s\u00e2nge, colangiogenic &#8211; agentul patogen este introdus \u00een ficat direct din<br \/>\ntractul biliar.<br \/>\nForma de contact se formeaz\u0103 dac\u0103 \u00een \u021besutul acestui organ p\u0103trunde puroiul acumulat \u00een vezica biliar\u0103.<\/p>\n<p>Abcesele posttraumatice se formeaz\u0103 \u00een cazul, \u00een care ficatul a fost traumat. Cryptogenic &#8211; acesta este un tip de boal\u0103, \u00een care sursa de infec\u021bie este imposibil de a fi diagnosticat\u0103.<br \/>\nAbcesele de origine amebic\u0103 se formeaz\u0103, dac\u0103 ameba intr\u0103 \u00een \u021besutul organului..<br \/>\nExist\u0103 tipuri de abcese hepatice primare \u0219i secundare. Cele primare progreseaz\u0103 pe segmentul, care mai \u00eenainte nu a fost modificat, iar secundare &#8211; sunt o consecin\u021b\u0103 a altei boli.<\/p>\n<h3>Cauzele, grupul de risc<\/h3>\n<p>De multe ori motivul apari\u021biei acestei boli sunt traumele, dar \u015fi apendicita perforat\u0103. De multe ori motivul este o inflama\u021bie a c\u0103ilor biliare. Exist\u0103, de asemenea, o alta boala, care poate provoca maladia dat\u0103 \u2013 pileflebita purulent\u0103. \u00cen grupul de risc al aceastei boal\u0103 sunt oamenii trecu\u0163i de v\u00e2rsta mijljcie.<\/p>\n<h3>Simptomele<\/h3>\n<p>De obicei, abcese hepatice progreseaz\u0103, nu prea repede, de aceea simptomatologia este format\u0103 treapt\u0103 cu treapt\u0103. Pacientul sufer\u0103 de senza\u021bii dureroase \u00een partea dreapt\u0103.<br \/>\nMedicul observ\u0103 o cre\u0219tere a temperaturii. Anume ultimul factor este semnalul, c\u0103 pacientul dezvolt\u0103 un abces. De multe ori se produc frisoane, dureri din partea ficatului, dimensiunea acestui organ cre\u0219te, palpa\u0163ia provoac\u0103 durere.<\/p>\n<h3>Diagnosticul<\/h3>\n<p>De recunoascut boala este foarte dificil. Pentru a pune un diagnostic corect, \u00een afar\u0103 de consultarea medicului, pacientul trebuie s\u0103 treac\u0103 ultrosonografia sau tomografia.<\/p>\n<h3>Tratamentulul, prognoza<\/h3>\n<p>De regul\u0103, unica metod\u0103 de tratament e cea chirurgical\u0103. La aceast\u0103 etap\u0103 \u0219tiin\u021ba permite medicilor \u00een timpul tratamentului abcesului hepatic s\u0103 utilizeze ultrosonografia, care ar putea controla efectuarea punc\u021biei.<\/p>\n<p>O astfel de metod\u0103 permite de a face aceast\u0103 manipulare mai exact\u0103 \u0219i, prin urmare, puroiul este elimenat \u00een totalmente. Absolut toate cazurile de tratament necesit\u0103 antibioterapie.<\/p>\n<p>Previziunile \u00een aceste cazuri sunt foarte grave. Dac\u0103 chiar pacientul sufer\u0103 de abcese singulare mari, iar tratamentul, precum \u0219i drenajul, este efectuat la timp \u015fi corecci, 90 la sut\u0103 din pacien\u021bi se vindec\u0103. Dac\u0103 abcese sunt mult \u015fi mici, dar ele nu pot fi drenate \u2013 pacientul, de obicei, este imposibil de a fi salvat.<\/p>\n<h3>Complica\u021biile \u0219i consecin\u021bele<\/h3>\n<p>Complica\u021biile abceselor hepatice sunt destul de grele. Dac\u0103 nu sunt respectate toate recomand\u0103rile medicului, iar pacientul se auto-trateaz\u0103, abcesul se poate complica cu pericardit\u0103 purulent\u0103. De asemenea, la aceast\u0103 boal\u0103 se refer\u0103 sepsisul.<\/p>\n<h3>Profilaxia secundar\u0103, profilaxia<\/h3>\n<p>M\u0103surile de prevenire a acestei boli constau \u00een tratarea bolilor purulente abdominale \u0219i a membrelor la timp. E nevoie de a organiza tratamentul pentru a consolida ap\u0103rarea organismului. Prevenirea abceselor de tip parazitar const\u0103 \u00een faptul ca pacientul s\u0103 trateze la timp a\u015fa boli ca ascariasis \u0219i dizenteria.<\/p>\n","protected":false},"excerpt":{"rendered":"<p>Abcesul hepatic este o boal\u0103, care se caracterizeaz\u0103 prin concentrarea puroiului pe fondul distrugerii parenchimului hepatic. Boala apare din cauza p\u0103trunderii \u00een ficat a microbilor sau parazi\u0163ilor. Formele abcesului hepatic Dac\u0103 se ia \u00een considerare num\u0103rul de abcese, ele se \u00eemp\u0103rt \u00een simple \u0219i multiple. \u00cen func\u021bie de localizare \u00een organe, abcesele sunt clasificate: pe [&hellip;]<\/p>\n","protected":false},"author":28,"featured_media":0,"parent":53032,"menu_order":0,"comment_status":"closed","ping_status":"closed","template":"","meta":{"inline_featured_image":false,"footnotes":""},"class_list":["post-49349","page","type-page","status-publish"],"yoast_head":"<!-- This site is optimized with the Yoast SEO plugin v27.3 - https:\/\/yoast.com\/product\/yoast-seo-wordpress\/ -->\n<title>Abcesul hepatic<\/title>\n<meta name=\"description\" content=\"Abcesul hepatic este o boal\u0103, care se caracterizeaz\u0103 prin concentrarea puroiului pe fondul distrugerii parenchimului hepatic.\" \/>\n<meta name=\"robots\" content=\"index, follow, max-snippet:-1, max-image-preview:large, max-video-preview:-1\" \/>\n<link rel=\"canonical\" href=\"https:\/\/sanatate.md\/ro\/boli-si-tratament\/bolile-chirurgicale\/abcesul-hepatic\/\" \/>\n<meta property=\"og:locale\" content=\"ro_RO\" \/>\n<meta property=\"og:type\" content=\"article\" \/>\n<meta property=\"og:title\" content=\"Abcesul hepatic\" \/>\n<meta property=\"og:description\" content=\"Abcesul hepatic este o boal\u0103, care se caracterizeaz\u0103 prin concentrarea puroiului pe fondul distrugerii parenchimului hepatic.\" \/>\n<meta property=\"og:url\" content=\"https:\/\/sanatate.md\/ro\/boli-si-tratament\/bolile-chirurgicale\/abcesul-hepatic\/\" \/>\n<meta property=\"og:site_name\" content=\"Sanatate.md\" \/>\n<meta name=\"twitter:card\" content=\"summary_large_image\" \/>\n<meta name=\"twitter:label1\" content=\"Timp estimat pentru citire\" \/>\n\t<meta name=\"twitter:data1\" content=\"3 minute\" \/>\n<script type=\"application\/ld+json\" class=\"yoast-schema-graph\">{\"@context\":\"https:\\\/\\\/schema.org\",\"@graph\":[{\"@type\":\"WebPage\",\"@id\":\"https:\\\/\\\/sanatate.md\\\/ro\\\/boli-si-tratament\\\/bolile-chirurgicale\\\/abcesul-hepatic\\\/\",\"url\":\"https:\\\/\\\/sanatate.md\\\/ro\\\/boli-si-tratament\\\/bolile-chirurgicale\\\/abcesul-hepatic\\\/\",\"name\":\"Abcesul hepatic\",\"isPartOf\":{\"@id\":\"https:\\\/\\\/sanatate.md\\\/ro\\\/#website\"},\"datePublished\":\"2018-01-06T08:12:43+00:00\",\"description\":\"Abcesul hepatic este o boal\u0103, care se caracterizeaz\u0103 prin concentrarea puroiului pe fondul distrugerii parenchimului hepatic.\",\"breadcrumb\":{\"@id\":\"https:\\\/\\\/sanatate.md\\\/ro\\\/boli-si-tratament\\\/bolile-chirurgicale\\\/abcesul-hepatic\\\/#breadcrumb\"},\"inLanguage\":\"ro-RO\",\"potentialAction\":[{\"@type\":\"ReadAction\",\"target\":[\"https:\\\/\\\/sanatate.md\\\/ro\\\/boli-si-tratament\\\/bolile-chirurgicale\\\/abcesul-hepatic\\\/\"]}]},{\"@type\":\"BreadcrumbList\",\"@id\":\"https:\\\/\\\/sanatate.md\\\/ro\\\/boli-si-tratament\\\/bolile-chirurgicale\\\/abcesul-hepatic\\\/#breadcrumb\",\"itemListElement\":[{\"@type\":\"ListItem\",\"position\":1,\"name\":\"\u0413\u043b\u0430\u0432\u043d\u0430\u044f \u0441\u0442\u0440\u0430\u043d\u0438\u0446\u0430\",\"item\":\"https:\\\/\\\/sanatate.md\\\/ro\\\/\"},{\"@type\":\"ListItem\",\"position\":2,\"name\":\"Boli si tratament\",\"item\":\"https:\\\/\\\/sanatate.md\\\/ro\\\/boli-si-tratament\\\/\"},{\"@type\":\"ListItem\",\"position\":3,\"name\":\"Bolile chirurgicale\",\"item\":\"https:\\\/\\\/sanatate.md\\\/ro\\\/boli-si-tratament\\\/bolile-chirurgicale\\\/\"},{\"@type\":\"ListItem\",\"position\":4,\"name\":\"Abcesul hepatic\"}]},{\"@type\":\"WebSite\",\"@id\":\"https:\\\/\\\/sanatate.md\\\/ro\\\/#website\",\"url\":\"https:\\\/\\\/sanatate.md\\\/ro\\\/\",\"name\":\"Sanatate.md\",\"description\":\"\u0416\u0443\u0440\u043d\u0430\u043b \u0434\u043b\u044f \u0432\u0441\u0435\u0439 \u0441\u0435\u043c\u044c\u0438 \u0432 \u041c\u043e\u043b\u0434\u043e\u0432\u0435\",\"publisher\":{\"@id\":\"https:\\\/\\\/sanatate.md\\\/ro\\\/#organization\"},\"potentialAction\":[{\"@type\":\"SearchAction\",\"target\":{\"@type\":\"EntryPoint\",\"urlTemplate\":\"https:\\\/\\\/sanatate.md\\\/ro\\\/?s={search_term_string}\"},\"query-input\":{\"@type\":\"PropertyValueSpecification\",\"valueRequired\":true,\"valueName\":\"search_term_string\"}}],\"inLanguage\":\"ro-RO\"},{\"@type\":\"Organization\",\"@id\":\"https:\\\/\\\/sanatate.md\\\/ro\\\/#organization\",\"name\":\"SANATATE\",\"url\":\"https:\\\/\\\/sanatate.md\\\/ro\\\/\",\"logo\":{\"@type\":\"ImageObject\",\"inLanguage\":\"ro-RO\",\"@id\":\"https:\\\/\\\/sanatate.md\\\/ro\\\/#\\\/schema\\\/logo\\\/image\\\/\",\"url\":\"https:\\\/\\\/sanatate.md\\\/wp-content\\\/uploads\\\/2022\\\/01\\\/sanatate-logo.svg\",\"contentUrl\":\"https:\\\/\\\/sanatate.md\\\/wp-content\\\/uploads\\\/2022\\\/01\\\/sanatate-logo.svg\",\"width\":\"1024\",\"height\":\"1024\",\"caption\":\"SANATATE\"},\"image\":{\"@id\":\"https:\\\/\\\/sanatate.md\\\/ro\\\/#\\\/schema\\\/logo\\\/image\\\/\"}}]}<\/script>\n<!-- \/ Yoast SEO plugin. -->","yoast_head_json":{"title":"Abcesul hepatic","description":"Abcesul hepatic este o boal\u0103, care se caracterizeaz\u0103 prin concentrarea puroiului pe fondul distrugerii parenchimului hepatic.","robots":{"index":"index","follow":"follow","max-snippet":"max-snippet:-1","max-image-preview":"max-image-preview:large","max-video-preview":"max-video-preview:-1"},"canonical":"https:\/\/sanatate.md\/ro\/boli-si-tratament\/bolile-chirurgicale\/abcesul-hepatic\/","og_locale":"ro_RO","og_type":"article","og_title":"Abcesul hepatic","og_description":"Abcesul hepatic este o boal\u0103, care se caracterizeaz\u0103 prin concentrarea puroiului pe fondul distrugerii parenchimului hepatic.","og_url":"https:\/\/sanatate.md\/ro\/boli-si-tratament\/bolile-chirurgicale\/abcesul-hepatic\/","og_site_name":"Sanatate.md","twitter_card":"summary_large_image","twitter_misc":{"Timp estimat pentru citire":"3 minute"},"schema":{"@context":"https:\/\/schema.org","@graph":[{"@type":"WebPage","@id":"https:\/\/sanatate.md\/ro\/boli-si-tratament\/bolile-chirurgicale\/abcesul-hepatic\/","url":"https:\/\/sanatate.md\/ro\/boli-si-tratament\/bolile-chirurgicale\/abcesul-hepatic\/","name":"Abcesul hepatic","isPartOf":{"@id":"https:\/\/sanatate.md\/ro\/#website"},"datePublished":"2018-01-06T08:12:43+00:00","description":"Abcesul hepatic este o boal\u0103, care se caracterizeaz\u0103 prin concentrarea puroiului pe fondul distrugerii parenchimului hepatic.","breadcrumb":{"@id":"https:\/\/sanatate.md\/ro\/boli-si-tratament\/bolile-chirurgicale\/abcesul-hepatic\/#breadcrumb"},"inLanguage":"ro-RO","potentialAction":[{"@type":"ReadAction","target":["https:\/\/sanatate.md\/ro\/boli-si-tratament\/bolile-chirurgicale\/abcesul-hepatic\/"]}]},{"@type":"BreadcrumbList","@id":"https:\/\/sanatate.md\/ro\/boli-si-tratament\/bolile-chirurgicale\/abcesul-hepatic\/#breadcrumb","itemListElement":[{"@type":"ListItem","position":1,"name":"\u0413\u043b\u0430\u0432\u043d\u0430\u044f \u0441\u0442\u0440\u0430\u043d\u0438\u0446\u0430","item":"https:\/\/sanatate.md\/ro\/"},{"@type":"ListItem","position":2,"name":"Boli si tratament","item":"https:\/\/sanatate.md\/ro\/boli-si-tratament\/"},{"@type":"ListItem","position":3,"name":"Bolile chirurgicale","item":"https:\/\/sanatate.md\/ro\/boli-si-tratament\/bolile-chirurgicale\/"},{"@type":"ListItem","position":4,"name":"Abcesul hepatic"}]},{"@type":"WebSite","@id":"https:\/\/sanatate.md\/ro\/#website","url":"https:\/\/sanatate.md\/ro\/","name":"Sanatate.md","description":"\u0416\u0443\u0440\u043d\u0430\u043b \u0434\u043b\u044f \u0432\u0441\u0435\u0439 \u0441\u0435\u043c\u044c\u0438 \u0432 \u041c\u043e\u043b\u0434\u043e\u0432\u0435","publisher":{"@id":"https:\/\/sanatate.md\/ro\/#organization"},"potentialAction":[{"@type":"SearchAction","target":{"@type":"EntryPoint","urlTemplate":"https:\/\/sanatate.md\/ro\/?s={search_term_string}"},"query-input":{"@type":"PropertyValueSpecification","valueRequired":true,"valueName":"search_term_string"}}],"inLanguage":"ro-RO"},{"@type":"Organization","@id":"https:\/\/sanatate.md\/ro\/#organization","name":"SANATATE","url":"https:\/\/sanatate.md\/ro\/","logo":{"@type":"ImageObject","inLanguage":"ro-RO","@id":"https:\/\/sanatate.md\/ro\/#\/schema\/logo\/image\/","url":"https:\/\/sanatate.md\/wp-content\/uploads\/2022\/01\/sanatate-logo.svg","contentUrl":"https:\/\/sanatate.md\/wp-content\/uploads\/2022\/01\/sanatate-logo.svg","width":"1024","height":"1024","caption":"SANATATE"},"image":{"@id":"https:\/\/sanatate.md\/ro\/#\/schema\/logo\/image\/"}}]}},"_links":{"self":[{"href":"https:\/\/sanatate.md\/ro\/wp-json\/wp\/v2\/pages\/49349","targetHints":{"allow":["GET"]}}],"collection":[{"href":"https:\/\/sanatate.md\/ro\/wp-json\/wp\/v2\/pages"}],"about":[{"href":"https:\/\/sanatate.md\/ro\/wp-json\/wp\/v2\/types\/page"}],"author":[{"embeddable":true,"href":"https:\/\/sanatate.md\/ro\/wp-json\/wp\/v2\/users\/28"}],"replies":[{"embeddable":true,"href":"https:\/\/sanatate.md\/ro\/wp-json\/wp\/v2\/comments?post=49349"}],"version-history":[{"count":0,"href":"https:\/\/sanatate.md\/ro\/wp-json\/wp\/v2\/pages\/49349\/revisions"}],"up":[{"embeddable":true,"href":"https:\/\/sanatate.md\/ro\/wp-json\/wp\/v2\/pages\/53032"}],"wp:attachment":[{"href":"https:\/\/sanatate.md\/ro\/wp-json\/wp\/v2\/media?parent=49349"}],"curies":[{"name":"wp","href":"https:\/\/api.w.org\/{rel}","templated":true}]}}