{"id":49352,"date":"2018-01-06T11:21:34","date_gmt":"2018-01-06T08:21:34","guid":{"rendered":"https:\/\/sanatate.md\/?page_id=49352"},"modified":"2018-01-06T11:21:34","modified_gmt":"2018-01-06T08:21:34","slug":"abcesul-tesuturilor-moi","status":"publish","type":"page","link":"https:\/\/sanatate.md\/ro\/boli-si-tratament\/bolile-chirurgicale\/abcesul-tesuturilor-moi\/","title":{"rendered":"Abcesul \u021besuturilor moi"},"content":{"rendered":"<p>\u0410bcesul \u021besuturilor moi se nume\u0219te forma limitat\u0103 a procesului inflamator cu supura\u021bie \u00een mu\u0219chi sau \u021besutul adipos subcutanat. Abcesul se caracterizat\u0103 prin formarea de cavitate \u00een interiorul c\u0103rei se afl\u0103 puroi.<\/p>\n<h3>Etiologia<\/h3>\n<p>Etiologie abceselor \u021besuturilor moi este:<\/p>\n<ul>\n<li>leziuni superficiale ale pielii: r\u0103ni, hematoame;<\/li>\n<li>injec\u021bie \u00een care s-a \u00eenc\u0103lcat aseptica;<\/li>\n<li>furunculoza;<\/li>\n<li>rezisten\u021ba sc\u0103zut\u0103 a organismului, dac\u0103 pacientul prezint\u0103 boli grave;<\/li>\n<li>cauz\u0103 a bolii poate fi E. coli, precum \u0219i stafilococul aureus.<\/li>\n<\/ul>\n<h3>Patogeneza<\/h3>\n<p>Abcesul aseptic se produce prin p\u0103trunderea \u00een \u021besutul moale a substan\u021belor, care contribuie la formarea de puroi f\u0103r\u0103 participarea infec\u021biei;<br \/>\nAbcesul purulent apare \u00een caz de deteriorare a tegumentelor;<br \/>\nAbcesul acut progreseaz\u0103 cu mare vitez\u0103, pentru el sunt caracteristice modific\u0103rile inflamatorii locale; Forma cronic\u0103 de abces apare \u00een cazul, \u00een care \u00een \u021besut se \u00eencadreaz\u0103 agen\u021bii patogeni ai infec\u021biei purulente.<\/p>\n<p>La modific\u0103rile patologice \u00een \u021besuturile moi de pe suprafa\u0163a pielii se pot forma:<\/p>\n<ul>\n<li>abces cu puroi;<\/li>\n<li>puroi-lichid;<\/li>\n<li>bacteriil \u0219i produse metabolice;<\/li>\n<li>abces gangrenos.<\/li>\n<\/ul>\n<h3>Simptomele<\/h3>\n<p>Dac\u0103 a fost descoperit\u0103 aceast\u0103 boal\u0103, simptomatologia este urm\u0103toarea: stare general\u0103 nesatisf\u0103c\u0103toare, cre\u0219terea temperaturii p\u00e2n\u0103 la 39\u00b0C \u0219i mai mult, frisoane. Transpira\u021bia apare dac\u0103 pacientul are temperatura sc\u0103zut\u0103.<\/p>\n<h3>Diagnosticul<\/h3>\n<p>Dac\u0103 infec\u021bia e pe suprafa\u021ba tegumentelor, diagnosticarea se face, baz\u00e2ndu-se pe pl\u00e2ngerile pacientului. Dac\u0103 abcesul este situat \u00eentre mu\u0219chi, se recomand\u0103 s\u0103 fie f\u0103cut\u0103 ultrasonografia.<\/p>\n<h3>Tratamentul<\/h3>\n<p>Acest tip de abces necesit\u0103 obligatoriu o interven\u021bie chirurgical\u0103. Chirurgul \u00eel va deschide \u0219i-l va cur\u0103\u0163a.<\/p>\n<h3>Prevenirea<\/h3>\n<p>Trebuie evitate el de traumele, seringile s\u0103 fie de unic\u0103 folosin\u021b\u0103. E obligatoriu s\u0103 se respecte cu stricte\u021be regulile de asepsie. Un factor important de prevenire al abceselor \u021besuturilor moi este, c\u0103 injec\u021biile pacientului s\u0103 i se fac\u0103 cu grij\u0103, altern\u00e2nd p\u0103r\u0163ile corpului.<\/p>\n","protected":false},"excerpt":{"rendered":"<p>\u0410bcesul \u021besuturilor moi se nume\u0219te forma limitat\u0103 a procesului inflamator cu supura\u021bie \u00een mu\u0219chi sau \u021besutul adipos subcutanat. Abcesul se caracterizat\u0103 prin formarea de cavitate \u00een interiorul c\u0103rei se afl\u0103 puroi. Etiologia Etiologie abceselor \u021besuturilor moi este: leziuni superficiale ale pielii: r\u0103ni, hematoame; injec\u021bie \u00een care s-a \u00eenc\u0103lcat aseptica; furunculoza; rezisten\u021ba sc\u0103zut\u0103 a organismului, dac\u0103 [&hellip;]<\/p>\n","protected":false},"author":28,"featured_media":0,"parent":53032,"menu_order":0,"comment_status":"closed","ping_status":"closed","template":"","meta":{"inline_featured_image":false,"footnotes":""},"class_list":["post-49352","page","type-page","status-publish"],"yoast_head":"<!-- This site is optimized with the Yoast SEO plugin v27.3 - https:\/\/yoast.com\/product\/yoast-seo-wordpress\/ -->\n<title>Abcesul \u021besuturilor moi<\/title>\n<meta name=\"description\" content=\"\u0410bcesul \u021besuturilor moi se nume\u0219te forma limitat\u0103 a procesului inflamator cu supura\u021bie \u00een mu\u0219chi sau \u021besutul adipos subcutanat.\" \/>\n<meta name=\"robots\" content=\"index, follow, max-snippet:-1, max-image-preview:large, max-video-preview:-1\" \/>\n<link rel=\"canonical\" href=\"https:\/\/sanatate.md\/ro\/boli-si-tratament\/bolile-chirurgicale\/abcesul-tesuturilor-moi\/\" \/>\n<meta property=\"og:locale\" content=\"ro_RO\" \/>\n<meta property=\"og:type\" content=\"article\" \/>\n<meta property=\"og:title\" content=\"Abcesul \u021besuturilor moi\" \/>\n<meta property=\"og:description\" content=\"\u0410bcesul \u021besuturilor moi se nume\u0219te forma limitat\u0103 a procesului inflamator cu supura\u021bie \u00een mu\u0219chi sau \u021besutul adipos subcutanat.\" \/>\n<meta property=\"og:url\" content=\"https:\/\/sanatate.md\/ro\/boli-si-tratament\/bolile-chirurgicale\/abcesul-tesuturilor-moi\/\" \/>\n<meta property=\"og:site_name\" content=\"Sanatate.md\" \/>\n<meta name=\"twitter:card\" content=\"summary_large_image\" \/>\n<meta name=\"twitter:label1\" content=\"Timp estimat pentru citire\" \/>\n\t<meta name=\"twitter:data1\" content=\"2 minute\" \/>\n<script type=\"application\/ld+json\" class=\"yoast-schema-graph\">{\"@context\":\"https:\\\/\\\/schema.org\",\"@graph\":[{\"@type\":\"WebPage\",\"@id\":\"https:\\\/\\\/sanatate.md\\\/ro\\\/boli-si-tratament\\\/bolile-chirurgicale\\\/abcesul-tesuturilor-moi\\\/\",\"url\":\"https:\\\/\\\/sanatate.md\\\/ro\\\/boli-si-tratament\\\/bolile-chirurgicale\\\/abcesul-tesuturilor-moi\\\/\",\"name\":\"Abcesul \u021besuturilor moi\",\"isPartOf\":{\"@id\":\"https:\\\/\\\/sanatate.md\\\/ro\\\/#website\"},\"datePublished\":\"2018-01-06T08:21:34+00:00\",\"description\":\"\u0410bcesul \u021besuturilor moi se nume\u0219te forma limitat\u0103 a procesului inflamator cu supura\u021bie \u00een mu\u0219chi sau \u021besutul adipos subcutanat.\",\"breadcrumb\":{\"@id\":\"https:\\\/\\\/sanatate.md\\\/ro\\\/boli-si-tratament\\\/bolile-chirurgicale\\\/abcesul-tesuturilor-moi\\\/#breadcrumb\"},\"inLanguage\":\"ro-RO\",\"potentialAction\":[{\"@type\":\"ReadAction\",\"target\":[\"https:\\\/\\\/sanatate.md\\\/ro\\\/boli-si-tratament\\\/bolile-chirurgicale\\\/abcesul-tesuturilor-moi\\\/\"]}]},{\"@type\":\"BreadcrumbList\",\"@id\":\"https:\\\/\\\/sanatate.md\\\/ro\\\/boli-si-tratament\\\/bolile-chirurgicale\\\/abcesul-tesuturilor-moi\\\/#breadcrumb\",\"itemListElement\":[{\"@type\":\"ListItem\",\"position\":1,\"name\":\"\u0413\u043b\u0430\u0432\u043d\u0430\u044f \u0441\u0442\u0440\u0430\u043d\u0438\u0446\u0430\",\"item\":\"https:\\\/\\\/sanatate.md\\\/ro\\\/\"},{\"@type\":\"ListItem\",\"position\":2,\"name\":\"Boli si tratament\",\"item\":\"https:\\\/\\\/sanatate.md\\\/ro\\\/boli-si-tratament\\\/\"},{\"@type\":\"ListItem\",\"position\":3,\"name\":\"Bolile chirurgicale\",\"item\":\"https:\\\/\\\/sanatate.md\\\/ro\\\/boli-si-tratament\\\/bolile-chirurgicale\\\/\"},{\"@type\":\"ListItem\",\"position\":4,\"name\":\"Abcesul \u021besuturilor moi\"}]},{\"@type\":\"WebSite\",\"@id\":\"https:\\\/\\\/sanatate.md\\\/ro\\\/#website\",\"url\":\"https:\\\/\\\/sanatate.md\\\/ro\\\/\",\"name\":\"Sanatate.md\",\"description\":\"\u0416\u0443\u0440\u043d\u0430\u043b \u0434\u043b\u044f \u0432\u0441\u0435\u0439 \u0441\u0435\u043c\u044c\u0438 \u0432 \u041c\u043e\u043b\u0434\u043e\u0432\u0435\",\"publisher\":{\"@id\":\"https:\\\/\\\/sanatate.md\\\/ro\\\/#organization\"},\"potentialAction\":[{\"@type\":\"SearchAction\",\"target\":{\"@type\":\"EntryPoint\",\"urlTemplate\":\"https:\\\/\\\/sanatate.md\\\/ro\\\/?s={search_term_string}\"},\"query-input\":{\"@type\":\"PropertyValueSpecification\",\"valueRequired\":true,\"valueName\":\"search_term_string\"}}],\"inLanguage\":\"ro-RO\"},{\"@type\":\"Organization\",\"@id\":\"https:\\\/\\\/sanatate.md\\\/ro\\\/#organization\",\"name\":\"SANATATE\",\"url\":\"https:\\\/\\\/sanatate.md\\\/ro\\\/\",\"logo\":{\"@type\":\"ImageObject\",\"inLanguage\":\"ro-RO\",\"@id\":\"https:\\\/\\\/sanatate.md\\\/ro\\\/#\\\/schema\\\/logo\\\/image\\\/\",\"url\":\"https:\\\/\\\/sanatate.md\\\/wp-content\\\/uploads\\\/2022\\\/01\\\/sanatate-logo.svg\",\"contentUrl\":\"https:\\\/\\\/sanatate.md\\\/wp-content\\\/uploads\\\/2022\\\/01\\\/sanatate-logo.svg\",\"width\":\"1024\",\"height\":\"1024\",\"caption\":\"SANATATE\"},\"image\":{\"@id\":\"https:\\\/\\\/sanatate.md\\\/ro\\\/#\\\/schema\\\/logo\\\/image\\\/\"}}]}<\/script>\n<!-- \/ Yoast SEO plugin. -->","yoast_head_json":{"title":"Abcesul \u021besuturilor moi","description":"\u0410bcesul \u021besuturilor moi se nume\u0219te forma limitat\u0103 a procesului inflamator cu supura\u021bie \u00een mu\u0219chi sau \u021besutul adipos subcutanat.","robots":{"index":"index","follow":"follow","max-snippet":"max-snippet:-1","max-image-preview":"max-image-preview:large","max-video-preview":"max-video-preview:-1"},"canonical":"https:\/\/sanatate.md\/ro\/boli-si-tratament\/bolile-chirurgicale\/abcesul-tesuturilor-moi\/","og_locale":"ro_RO","og_type":"article","og_title":"Abcesul \u021besuturilor moi","og_description":"\u0410bcesul \u021besuturilor moi se nume\u0219te forma limitat\u0103 a procesului inflamator cu supura\u021bie \u00een mu\u0219chi sau \u021besutul adipos subcutanat.","og_url":"https:\/\/sanatate.md\/ro\/boli-si-tratament\/bolile-chirurgicale\/abcesul-tesuturilor-moi\/","og_site_name":"Sanatate.md","twitter_card":"summary_large_image","twitter_misc":{"Timp estimat pentru citire":"2 minute"},"schema":{"@context":"https:\/\/schema.org","@graph":[{"@type":"WebPage","@id":"https:\/\/sanatate.md\/ro\/boli-si-tratament\/bolile-chirurgicale\/abcesul-tesuturilor-moi\/","url":"https:\/\/sanatate.md\/ro\/boli-si-tratament\/bolile-chirurgicale\/abcesul-tesuturilor-moi\/","name":"Abcesul \u021besuturilor moi","isPartOf":{"@id":"https:\/\/sanatate.md\/ro\/#website"},"datePublished":"2018-01-06T08:21:34+00:00","description":"\u0410bcesul \u021besuturilor moi se nume\u0219te forma limitat\u0103 a procesului inflamator cu supura\u021bie \u00een mu\u0219chi sau \u021besutul adipos subcutanat.","breadcrumb":{"@id":"https:\/\/sanatate.md\/ro\/boli-si-tratament\/bolile-chirurgicale\/abcesul-tesuturilor-moi\/#breadcrumb"},"inLanguage":"ro-RO","potentialAction":[{"@type":"ReadAction","target":["https:\/\/sanatate.md\/ro\/boli-si-tratament\/bolile-chirurgicale\/abcesul-tesuturilor-moi\/"]}]},{"@type":"BreadcrumbList","@id":"https:\/\/sanatate.md\/ro\/boli-si-tratament\/bolile-chirurgicale\/abcesul-tesuturilor-moi\/#breadcrumb","itemListElement":[{"@type":"ListItem","position":1,"name":"\u0413\u043b\u0430\u0432\u043d\u0430\u044f \u0441\u0442\u0440\u0430\u043d\u0438\u0446\u0430","item":"https:\/\/sanatate.md\/ro\/"},{"@type":"ListItem","position":2,"name":"Boli si tratament","item":"https:\/\/sanatate.md\/ro\/boli-si-tratament\/"},{"@type":"ListItem","position":3,"name":"Bolile chirurgicale","item":"https:\/\/sanatate.md\/ro\/boli-si-tratament\/bolile-chirurgicale\/"},{"@type":"ListItem","position":4,"name":"Abcesul \u021besuturilor moi"}]},{"@type":"WebSite","@id":"https:\/\/sanatate.md\/ro\/#website","url":"https:\/\/sanatate.md\/ro\/","name":"Sanatate.md","description":"\u0416\u0443\u0440\u043d\u0430\u043b \u0434\u043b\u044f \u0432\u0441\u0435\u0439 \u0441\u0435\u043c\u044c\u0438 \u0432 \u041c\u043e\u043b\u0434\u043e\u0432\u0435","publisher":{"@id":"https:\/\/sanatate.md\/ro\/#organization"},"potentialAction":[{"@type":"SearchAction","target":{"@type":"EntryPoint","urlTemplate":"https:\/\/sanatate.md\/ro\/?s={search_term_string}"},"query-input":{"@type":"PropertyValueSpecification","valueRequired":true,"valueName":"search_term_string"}}],"inLanguage":"ro-RO"},{"@type":"Organization","@id":"https:\/\/sanatate.md\/ro\/#organization","name":"SANATATE","url":"https:\/\/sanatate.md\/ro\/","logo":{"@type":"ImageObject","inLanguage":"ro-RO","@id":"https:\/\/sanatate.md\/ro\/#\/schema\/logo\/image\/","url":"https:\/\/sanatate.md\/wp-content\/uploads\/2022\/01\/sanatate-logo.svg","contentUrl":"https:\/\/sanatate.md\/wp-content\/uploads\/2022\/01\/sanatate-logo.svg","width":"1024","height":"1024","caption":"SANATATE"},"image":{"@id":"https:\/\/sanatate.md\/ro\/#\/schema\/logo\/image\/"}}]}},"_links":{"self":[{"href":"https:\/\/sanatate.md\/ro\/wp-json\/wp\/v2\/pages\/49352","targetHints":{"allow":["GET"]}}],"collection":[{"href":"https:\/\/sanatate.md\/ro\/wp-json\/wp\/v2\/pages"}],"about":[{"href":"https:\/\/sanatate.md\/ro\/wp-json\/wp\/v2\/types\/page"}],"author":[{"embeddable":true,"href":"https:\/\/sanatate.md\/ro\/wp-json\/wp\/v2\/users\/28"}],"replies":[{"embeddable":true,"href":"https:\/\/sanatate.md\/ro\/wp-json\/wp\/v2\/comments?post=49352"}],"version-history":[{"count":0,"href":"https:\/\/sanatate.md\/ro\/wp-json\/wp\/v2\/pages\/49352\/revisions"}],"up":[{"embeddable":true,"href":"https:\/\/sanatate.md\/ro\/wp-json\/wp\/v2\/pages\/53032"}],"wp:attachment":[{"href":"https:\/\/sanatate.md\/ro\/wp-json\/wp\/v2\/media?parent=49352"}],"curies":[{"name":"wp","href":"https:\/\/api.w.org\/{rel}","templated":true}]}}