{"id":49355,"date":"2018-01-06T11:31:53","date_gmt":"2018-01-06T08:31:53","guid":{"rendered":"https:\/\/sanatate.md\/?page_id=49355"},"modified":"2018-01-06T11:31:53","modified_gmt":"2018-01-06T08:31:53","slug":"aplicatii-apendiculare","status":"publish","type":"page","link":"https:\/\/sanatate.md\/ro\/boli-si-tratament\/bolile-chirurgicale\/aplicatii-apendiculare\/","title":{"rendered":"Aplica\u021bii apendiculare"},"content":{"rendered":"<p>Boala dat\u0103 este o complica\u021bie, care apare la pacien\u021bii cu apendicit\u0103. Este provocat\u0103 de un infiltrat apendicular, care \u00een procesul de tratament se resoarbe sau progreseaz\u0103.<\/p>\n<h3>Abcesul la copii<\/h3>\n<p>La copii acest abces se \u00eent\u00e2lne\u0219te foarte rar, pentru c\u0103 la<br \/>\nei epiplonul nu e dezvoltat. \u00cen multe cazuri apendicita se complic\u0103 prin peritonit\u0103.<br \/>\nInfiltratul apendicular<br \/>\nAceast\u0103 maladie este o complica\u021bie de apendicit\u0103 acut\u0103 \u00een timp de trei-cinci zile. Prezint\u0103 lipiri de \u021besut, care s-au transformat un urma ac\u021biunii procesului inflamator. Acest infiltrat poate fi detectat la a doua-a patra zi de la debutul bolii.<\/p>\n<h3>Cauzele apari\u021biei<\/h3>\n<p>Abcesul apare \u00een cazul, \u00een care au fost comise erori la diagnosticare sau pacientul s-a adresat prea t\u00e2rziu la medic. Dac\u0103 boala se dezvolt\u0103, este posibil\u0103 erup\u0163ia abcesului \u00een cavitatea abdominal\u0103. \u00cen a\u015fa mod se produce peritonita.<\/p>\n<h3>Simptomele<\/h3>\n<p>Debutul bolii are simptomatic\u0103 de apendicit\u0103 acut\u0103. \u00cen cazul \u00een care pacientul a \u00eent\u00e2rziat cu adresarea la medic, fie c\u0103 diagnoza nu a fost corect\u0103, boala se dezvolt\u0103 \u00een dou\u0103 direc\u021bii: dezvoltarea de peritonit\u0103 \u0219i delimitarea procesului inflamator.<\/p>\n<h3>Diagnosticul<\/h3>\n<p>Diagnosticul pacientului se stabile\u015fte prin: la palparea abdomenului se observ\u0103 tensiunea muscular\u0103. Pacientul sufer\u0103 de durere \u00een partea dreapt\u0103. Analiza de s\u00e2nge, de obicei, prezint\u0103 o<br \/>\nleucocitoz\u0103 ridicat\u0103, cu o schimbare a formulei c\u0103tre st\u00e2nga.<\/p>\n<h3>Tratamentul<\/h3>\n<p>Abcesul dat necesit\u0103 o opera\u021bie \u0219i regim de pat. \u00cenainte de interven\u021bie este necesar\u0103 administrarea de antibiotice \u0219i metronidazol. Opera\u021bia este efectuat\u0103 sub anestezie general\u0103. Focarul de supurativ se taie, cavitatea se spal\u0103 cu antiseptic. \u00cen perioada de dup\u0103 interven\u021bie, pacientul trebuie s\u0103 ia antibiotice \u0219i metronidazole, s\u0103 respecte dieta. Primele trei zile pacientului I se aplic\u0103 compres rece pe abdomen \u015fi trebuie s\u0103 fie limitat \u00een mi\u0219c\u0103ri.<\/p>\n<h3>Complica\u021biile \u0219i consecin\u0163ele<\/h3>\n<p>Consecin\u021bele acestei boli sunt destul de grave. E posibil\u0103 perforarea abcesului apendicular \u00een intestinul orb \u0219i cel sub\u021bire, \u00een &#8220;libera&#8221; cavitate abdominal\u0103. Se poate produce obstruc\u021bia intestinal\u0103.<\/p>\n<h3>Prevenirea<\/h3>\n<p>M\u0103surile de prevenire constau \u00een diagnosticul de apendicit\u0103 acut\u0103 \u0219i interven\u021bie chirurgicala \u00een primele dou\u0103 zile.<\/p>\n","protected":false},"excerpt":{"rendered":"<p>Boala dat\u0103 este o complica\u021bie, care apare la pacien\u021bii cu apendicit\u0103. Este provocat\u0103 de un infiltrat apendicular, care \u00een procesul de tratament se resoarbe sau progreseaz\u0103. Abcesul la copii La copii acest abces se \u00eent\u00e2lne\u0219te foarte rar, pentru c\u0103 la ei epiplonul nu e dezvoltat. \u00cen multe cazuri apendicita se complic\u0103 prin peritonit\u0103. Infiltratul apendicular [&hellip;]<\/p>\n","protected":false},"author":28,"featured_media":0,"parent":53032,"menu_order":0,"comment_status":"closed","ping_status":"closed","template":"","meta":{"inline_featured_image":false,"footnotes":""},"class_list":["post-49355","page","type-page","status-publish"],"yoast_head":"<!-- This site is optimized with the Yoast SEO plugin v27.3 - https:\/\/yoast.com\/product\/yoast-seo-wordpress\/ -->\n<title>Aplica\u021bii apendiculare<\/title>\n<meta name=\"description\" content=\"Boala dat\u0103 este o complica\u021bie, care apare la pacien\u021bii cu apendicit\u0103. Este provocat\u0103 de un infiltrat apendicular, care \u00een procesul\" \/>\n<meta name=\"robots\" content=\"index, follow, max-snippet:-1, max-image-preview:large, max-video-preview:-1\" \/>\n<link rel=\"canonical\" href=\"https:\/\/sanatate.md\/ro\/boli-si-tratament\/bolile-chirurgicale\/aplicatii-apendiculare\/\" \/>\n<meta property=\"og:locale\" content=\"ro_RO\" \/>\n<meta property=\"og:type\" content=\"article\" \/>\n<meta property=\"og:title\" content=\"Aplica\u021bii apendiculare\" \/>\n<meta property=\"og:description\" content=\"Boala dat\u0103 este o complica\u021bie, care apare la pacien\u021bii cu apendicit\u0103. Este provocat\u0103 de un infiltrat apendicular, care \u00een procesul\" \/>\n<meta property=\"og:url\" content=\"https:\/\/sanatate.md\/ro\/boli-si-tratament\/bolile-chirurgicale\/aplicatii-apendiculare\/\" \/>\n<meta property=\"og:site_name\" content=\"Sanatate.md\" \/>\n<meta name=\"twitter:card\" content=\"summary_large_image\" \/>\n<meta name=\"twitter:label1\" content=\"Timp estimat pentru citire\" \/>\n\t<meta name=\"twitter:data1\" content=\"2 minute\" \/>\n<script type=\"application\/ld+json\" class=\"yoast-schema-graph\">{\"@context\":\"https:\\\/\\\/schema.org\",\"@graph\":[{\"@type\":\"WebPage\",\"@id\":\"https:\\\/\\\/sanatate.md\\\/ro\\\/boli-si-tratament\\\/bolile-chirurgicale\\\/aplicatii-apendiculare\\\/\",\"url\":\"https:\\\/\\\/sanatate.md\\\/ro\\\/boli-si-tratament\\\/bolile-chirurgicale\\\/aplicatii-apendiculare\\\/\",\"name\":\"Aplica\u021bii apendiculare\",\"isPartOf\":{\"@id\":\"https:\\\/\\\/sanatate.md\\\/ro\\\/#website\"},\"datePublished\":\"2018-01-06T08:31:53+00:00\",\"description\":\"Boala dat\u0103 este o complica\u021bie, care apare la pacien\u021bii cu apendicit\u0103. Este provocat\u0103 de un infiltrat apendicular, care \u00een procesul\",\"breadcrumb\":{\"@id\":\"https:\\\/\\\/sanatate.md\\\/ro\\\/boli-si-tratament\\\/bolile-chirurgicale\\\/aplicatii-apendiculare\\\/#breadcrumb\"},\"inLanguage\":\"ro-RO\",\"potentialAction\":[{\"@type\":\"ReadAction\",\"target\":[\"https:\\\/\\\/sanatate.md\\\/ro\\\/boli-si-tratament\\\/bolile-chirurgicale\\\/aplicatii-apendiculare\\\/\"]}]},{\"@type\":\"BreadcrumbList\",\"@id\":\"https:\\\/\\\/sanatate.md\\\/ro\\\/boli-si-tratament\\\/bolile-chirurgicale\\\/aplicatii-apendiculare\\\/#breadcrumb\",\"itemListElement\":[{\"@type\":\"ListItem\",\"position\":1,\"name\":\"\u0413\u043b\u0430\u0432\u043d\u0430\u044f \u0441\u0442\u0440\u0430\u043d\u0438\u0446\u0430\",\"item\":\"https:\\\/\\\/sanatate.md\\\/ro\\\/\"},{\"@type\":\"ListItem\",\"position\":2,\"name\":\"Boli si tratament\",\"item\":\"https:\\\/\\\/sanatate.md\\\/ro\\\/boli-si-tratament\\\/\"},{\"@type\":\"ListItem\",\"position\":3,\"name\":\"Bolile chirurgicale\",\"item\":\"https:\\\/\\\/sanatate.md\\\/ro\\\/boli-si-tratament\\\/bolile-chirurgicale\\\/\"},{\"@type\":\"ListItem\",\"position\":4,\"name\":\"Aplica\u021bii apendiculare\"}]},{\"@type\":\"WebSite\",\"@id\":\"https:\\\/\\\/sanatate.md\\\/ro\\\/#website\",\"url\":\"https:\\\/\\\/sanatate.md\\\/ro\\\/\",\"name\":\"Sanatate.md\",\"description\":\"\u0416\u0443\u0440\u043d\u0430\u043b \u0434\u043b\u044f \u0432\u0441\u0435\u0439 \u0441\u0435\u043c\u044c\u0438 \u0432 \u041c\u043e\u043b\u0434\u043e\u0432\u0435\",\"publisher\":{\"@id\":\"https:\\\/\\\/sanatate.md\\\/ro\\\/#organization\"},\"potentialAction\":[{\"@type\":\"SearchAction\",\"target\":{\"@type\":\"EntryPoint\",\"urlTemplate\":\"https:\\\/\\\/sanatate.md\\\/ro\\\/?s={search_term_string}\"},\"query-input\":{\"@type\":\"PropertyValueSpecification\",\"valueRequired\":true,\"valueName\":\"search_term_string\"}}],\"inLanguage\":\"ro-RO\"},{\"@type\":\"Organization\",\"@id\":\"https:\\\/\\\/sanatate.md\\\/ro\\\/#organization\",\"name\":\"SANATATE\",\"url\":\"https:\\\/\\\/sanatate.md\\\/ro\\\/\",\"logo\":{\"@type\":\"ImageObject\",\"inLanguage\":\"ro-RO\",\"@id\":\"https:\\\/\\\/sanatate.md\\\/ro\\\/#\\\/schema\\\/logo\\\/image\\\/\",\"url\":\"https:\\\/\\\/sanatate.md\\\/wp-content\\\/uploads\\\/2022\\\/01\\\/sanatate-logo.svg\",\"contentUrl\":\"https:\\\/\\\/sanatate.md\\\/wp-content\\\/uploads\\\/2022\\\/01\\\/sanatate-logo.svg\",\"width\":\"1024\",\"height\":\"1024\",\"caption\":\"SANATATE\"},\"image\":{\"@id\":\"https:\\\/\\\/sanatate.md\\\/ro\\\/#\\\/schema\\\/logo\\\/image\\\/\"}}]}<\/script>\n<!-- \/ Yoast SEO plugin. -->","yoast_head_json":{"title":"Aplica\u021bii apendiculare","description":"Boala dat\u0103 este o complica\u021bie, care apare la pacien\u021bii cu apendicit\u0103. Este provocat\u0103 de un infiltrat apendicular, care \u00een procesul","robots":{"index":"index","follow":"follow","max-snippet":"max-snippet:-1","max-image-preview":"max-image-preview:large","max-video-preview":"max-video-preview:-1"},"canonical":"https:\/\/sanatate.md\/ro\/boli-si-tratament\/bolile-chirurgicale\/aplicatii-apendiculare\/","og_locale":"ro_RO","og_type":"article","og_title":"Aplica\u021bii apendiculare","og_description":"Boala dat\u0103 este o complica\u021bie, care apare la pacien\u021bii cu apendicit\u0103. Este provocat\u0103 de un infiltrat apendicular, care \u00een procesul","og_url":"https:\/\/sanatate.md\/ro\/boli-si-tratament\/bolile-chirurgicale\/aplicatii-apendiculare\/","og_site_name":"Sanatate.md","twitter_card":"summary_large_image","twitter_misc":{"Timp estimat pentru citire":"2 minute"},"schema":{"@context":"https:\/\/schema.org","@graph":[{"@type":"WebPage","@id":"https:\/\/sanatate.md\/ro\/boli-si-tratament\/bolile-chirurgicale\/aplicatii-apendiculare\/","url":"https:\/\/sanatate.md\/ro\/boli-si-tratament\/bolile-chirurgicale\/aplicatii-apendiculare\/","name":"Aplica\u021bii apendiculare","isPartOf":{"@id":"https:\/\/sanatate.md\/ro\/#website"},"datePublished":"2018-01-06T08:31:53+00:00","description":"Boala dat\u0103 este o complica\u021bie, care apare la pacien\u021bii cu apendicit\u0103. Este provocat\u0103 de un infiltrat apendicular, care \u00een procesul","breadcrumb":{"@id":"https:\/\/sanatate.md\/ro\/boli-si-tratament\/bolile-chirurgicale\/aplicatii-apendiculare\/#breadcrumb"},"inLanguage":"ro-RO","potentialAction":[{"@type":"ReadAction","target":["https:\/\/sanatate.md\/ro\/boli-si-tratament\/bolile-chirurgicale\/aplicatii-apendiculare\/"]}]},{"@type":"BreadcrumbList","@id":"https:\/\/sanatate.md\/ro\/boli-si-tratament\/bolile-chirurgicale\/aplicatii-apendiculare\/#breadcrumb","itemListElement":[{"@type":"ListItem","position":1,"name":"\u0413\u043b\u0430\u0432\u043d\u0430\u044f \u0441\u0442\u0440\u0430\u043d\u0438\u0446\u0430","item":"https:\/\/sanatate.md\/ro\/"},{"@type":"ListItem","position":2,"name":"Boli si tratament","item":"https:\/\/sanatate.md\/ro\/boli-si-tratament\/"},{"@type":"ListItem","position":3,"name":"Bolile chirurgicale","item":"https:\/\/sanatate.md\/ro\/boli-si-tratament\/bolile-chirurgicale\/"},{"@type":"ListItem","position":4,"name":"Aplica\u021bii apendiculare"}]},{"@type":"WebSite","@id":"https:\/\/sanatate.md\/ro\/#website","url":"https:\/\/sanatate.md\/ro\/","name":"Sanatate.md","description":"\u0416\u0443\u0440\u043d\u0430\u043b \u0434\u043b\u044f \u0432\u0441\u0435\u0439 \u0441\u0435\u043c\u044c\u0438 \u0432 \u041c\u043e\u043b\u0434\u043e\u0432\u0435","publisher":{"@id":"https:\/\/sanatate.md\/ro\/#organization"},"potentialAction":[{"@type":"SearchAction","target":{"@type":"EntryPoint","urlTemplate":"https:\/\/sanatate.md\/ro\/?s={search_term_string}"},"query-input":{"@type":"PropertyValueSpecification","valueRequired":true,"valueName":"search_term_string"}}],"inLanguage":"ro-RO"},{"@type":"Organization","@id":"https:\/\/sanatate.md\/ro\/#organization","name":"SANATATE","url":"https:\/\/sanatate.md\/ro\/","logo":{"@type":"ImageObject","inLanguage":"ro-RO","@id":"https:\/\/sanatate.md\/ro\/#\/schema\/logo\/image\/","url":"https:\/\/sanatate.md\/wp-content\/uploads\/2022\/01\/sanatate-logo.svg","contentUrl":"https:\/\/sanatate.md\/wp-content\/uploads\/2022\/01\/sanatate-logo.svg","width":"1024","height":"1024","caption":"SANATATE"},"image":{"@id":"https:\/\/sanatate.md\/ro\/#\/schema\/logo\/image\/"}}]}},"_links":{"self":[{"href":"https:\/\/sanatate.md\/ro\/wp-json\/wp\/v2\/pages\/49355","targetHints":{"allow":["GET"]}}],"collection":[{"href":"https:\/\/sanatate.md\/ro\/wp-json\/wp\/v2\/pages"}],"about":[{"href":"https:\/\/sanatate.md\/ro\/wp-json\/wp\/v2\/types\/page"}],"author":[{"embeddable":true,"href":"https:\/\/sanatate.md\/ro\/wp-json\/wp\/v2\/users\/28"}],"replies":[{"embeddable":true,"href":"https:\/\/sanatate.md\/ro\/wp-json\/wp\/v2\/comments?post=49355"}],"version-history":[{"count":0,"href":"https:\/\/sanatate.md\/ro\/wp-json\/wp\/v2\/pages\/49355\/revisions"}],"up":[{"embeddable":true,"href":"https:\/\/sanatate.md\/ro\/wp-json\/wp\/v2\/pages\/53032"}],"wp:attachment":[{"href":"https:\/\/sanatate.md\/ro\/wp-json\/wp\/v2\/media?parent=49355"}],"curies":[{"name":"wp","href":"https:\/\/api.w.org\/{rel}","templated":true}]}}