{"id":49358,"date":"2018-01-06T11:42:11","date_gmt":"2018-01-06T08:42:11","guid":{"rendered":"https:\/\/sanatate.md\/?page_id=49358"},"modified":"2018-01-12T12:58:45","modified_gmt":"2018-01-12T09:58:45","slug":"nanism-pituitar","status":"publish","type":"page","link":"https:\/\/sanatate.md\/ro\/boli-si-tratament\/boli-endocrine\/nanism-pituitar\/","title":{"rendered":"Nanism pituitar"},"content":{"rendered":"<p>Aceast\u0103 boal\u0103 se caracterizeaz\u0103 at\u00e2t prin \u00eent\u00e2rzierea cre\u0219terii, c\u00e2t \u0219i prin dezvoltarea fizic\u0103 general\u0103. Pitici sunt considera\u021bi b\u0103rba\u021bii sub o sut\u0103 treizeci de centimetri, iar femeile &#8211; sub o sut\u0103 dou\u0103zeci de centimetri.<\/p>\n<h3>Cauzele maladiei<\/h3>\n<p>Cauzele nanismului hipofizar:<\/p>\n<ul>\n<li>factori genetici;<\/li>\n<li>tumori: meningeale, adenoide de tip cromofzom, craniofaringiome;<\/li>\n<li>traumatisme;<\/li>\n<li>infec\u021bii \u0219i deterior\u0103ri toxice ale sec\u021biunii intersti\u021bial-pituitar\u0103.<\/li>\n<\/ul>\n<h3>Simptomatologia<\/h3>\n<p>Principalul simptom al nanismului este \u00eent\u00e2rzierea cre\u0219terii \u00een primele luni ale vie\u021bii copilului, mai rar \u2013 \u00een perioada de adolescen\u021b\u0103, lu\u00e2nd \u00een considerare nu numai greutatea \u0219i \u00een\u0103l\u021bimea copilului, dar \u0219i indicatorii dinamici. De\u0219i \u00cen acest caz, corpul poate men\u021bine propor\u021biile caracteristice ale v\u00e2rstei.<\/p>\n<h3>Alte simptome ale nanismului hipofizar:<\/h3>\n<ul>\n<li>\u00eent\u00e2rzierea sistozit\u0103\u021bii p\u0103r\u021bii scheletice ale trunchiului vis-a-vi de v\u00e2rst\u0103;<\/li>\n<li>schimbarea din\u021bilor se efectueaz\u0103 cu o \u00eent\u00e2rziere caracteristic\u0103;<\/li>\n<li>usc\u0103ciunea \u0219i paloarea pielii, ridurile;<\/li>\n<li>\u021besutul subcutanat gras este slab dezvoltat;<\/li>\n<li>exist\u0103 o depunere \u00een exces de gr\u0103sime pe \u0219olduri, \u00een abdomen, talie \u0219i piept;<\/li>\n<li>mu\u0219chii nu sunt suficient de dezvolta\u021bi;<\/li>\n<li>la b\u0103rba\u021bi, organele genitale \u0219i glandele sunt u\u0219or reduse \u00een compara\u021bie cu normele unei persoane obi\u0219nuite, se observ\u0103 subdezvoltarea scrotului, nu exist\u0103 semne secundare de dezvoltare sexual\u0103;<\/li>\n<li>femeile au semne de hipogonadism, subdezvoltarea glandei mamare, ciclul menstrual \u0219i caracteristicile sexuale secundare pot fi absente;<\/li>\n<li>dezvoltarea mental\u0103 este normal\u0103, dar cu tr\u0103s\u0103turi minore;<\/li>\n<li>c\u00e2nd se examineaz\u0103 starea neurologic\u0103 a unei persoane, pot ap\u0103rea semne de afectare a sistemului nervos de tip organic;<\/li>\n<li>splanchnomycria se caracterizeaz\u0103 prin sc\u0103derea dimensiunii unor organe interne;<\/li>\n<li>o bradicardie;<\/li>\n<li>hipotensiune arterial\u0103.<\/li>\n<\/ul>\n<p>\u0218aua turc\u0103 este redus\u0103 \u00een dimensiune \u0219i se noteaz\u0103 calcificarea diafragmei. Dac\u0103 exist\u0103 o tumoare pituitar\u0103, dimensiunea \u0219eii turce\u0219ti cre\u0219te, iar distrugerea pere\u021bilor are loc. \u00cen procesul de examinare radiografic\u0103 a articula\u021biilor \u0219i m\u00e2inilor la \u00eencheietura m\u00e2inii, se dezv\u0103luie o \u00eent\u00e2rziere a osific\u0103rii p\u0103r\u021bii scheletice a organismului.<\/p>\n<p>\u00cen serul de s\u00e2nge, nivelul bazal al hormonului de cre\u0219tere este redus, de\u0219i \u00een unele cazuri poate fi normal. C\u00e2nd se administreaz\u0103 insulina, secre\u021bia de hormon de cre\u0219tere cre\u0219te u\u0219or.<\/p>\n<h3>Tratamentul<\/h3>\n<p>Pentru a stimula cre\u0219terea pacientului este necesar s\u0103 se aplice cursuri terapeutice. Pentru dezvoltarea sexual\u0103 corect\u0103 \u0219i la timp, sunt prescrise medicamentele hormonale, care stimuleaz\u0103 dezvoltarea \u0219i producerea hormonilor sexuali<\/p>\n","protected":false},"excerpt":{"rendered":"<p>Aceast\u0103 boal\u0103 se caracterizeaz\u0103 at\u00e2t prin \u00eent\u00e2rzierea cre\u0219terii, c\u00e2t \u0219i prin dezvoltarea fizic\u0103 general\u0103. Pitici sunt considera\u021bi b\u0103rba\u021bii sub o sut\u0103 treizeci de centimetri, iar femeile &#8211; sub o sut\u0103 dou\u0103zeci de centimetri. Cauzele maladiei Cauzele nanismului hipofizar: factori genetici; tumori: meningeale, adenoide de tip cromofzom, craniofaringiome; traumatisme; infec\u021bii \u0219i deterior\u0103ri toxice ale sec\u021biunii intersti\u021bial-pituitar\u0103. [&hellip;]<\/p>\n","protected":false},"author":28,"featured_media":0,"parent":47544,"menu_order":0,"comment_status":"closed","ping_status":"closed","template":"","meta":{"inline_featured_image":false,"footnotes":""},"class_list":["post-49358","page","type-page","status-publish"],"yoast_head":"<!-- This site is optimized with the Yoast SEO plugin v27.3 - https:\/\/yoast.com\/product\/yoast-seo-wordpress\/ -->\n<title>Nanism pituitar<\/title>\n<meta name=\"description\" content=\"Aceast\u0103 boal\u0103 se caracterizeaz\u0103 at\u00e2t prin \u00eent\u00e2rzierea cre\u0219terii, c\u00e2t \u0219i prin dezvoltarea fizic\u0103 general\u0103.\" \/>\n<meta name=\"robots\" content=\"index, follow, max-snippet:-1, max-image-preview:large, max-video-preview:-1\" \/>\n<link rel=\"canonical\" href=\"https:\/\/sanatate.md\/ro\/boli-si-tratament\/boli-endocrine\/nanism-pituitar\/\" \/>\n<meta property=\"og:locale\" content=\"ro_RO\" \/>\n<meta property=\"og:type\" content=\"article\" \/>\n<meta property=\"og:title\" content=\"Nanism pituitar\" \/>\n<meta property=\"og:description\" content=\"Aceast\u0103 boal\u0103 se caracterizeaz\u0103 at\u00e2t prin \u00eent\u00e2rzierea cre\u0219terii, c\u00e2t \u0219i prin dezvoltarea fizic\u0103 general\u0103.\" \/>\n<meta property=\"og:url\" content=\"https:\/\/sanatate.md\/ro\/boli-si-tratament\/boli-endocrine\/nanism-pituitar\/\" \/>\n<meta property=\"og:site_name\" content=\"Sanatate.md\" \/>\n<meta property=\"article:modified_time\" content=\"2018-01-12T09:58:45+00:00\" \/>\n<meta name=\"twitter:card\" content=\"summary_large_image\" \/>\n<meta name=\"twitter:label1\" content=\"Timp estimat pentru citire\" \/>\n\t<meta name=\"twitter:data1\" content=\"2 minute\" \/>\n<script type=\"application\/ld+json\" class=\"yoast-schema-graph\">{\"@context\":\"https:\\\/\\\/schema.org\",\"@graph\":[{\"@type\":\"WebPage\",\"@id\":\"https:\\\/\\\/sanatate.md\\\/ro\\\/boli-si-tratament\\\/boli-endocrine\\\/nanism-pituitar\\\/\",\"url\":\"https:\\\/\\\/sanatate.md\\\/ro\\\/boli-si-tratament\\\/boli-endocrine\\\/nanism-pituitar\\\/\",\"name\":\"Nanism pituitar\",\"isPartOf\":{\"@id\":\"https:\\\/\\\/sanatate.md\\\/ro\\\/#website\"},\"datePublished\":\"2018-01-06T08:42:11+00:00\",\"dateModified\":\"2018-01-12T09:58:45+00:00\",\"description\":\"Aceast\u0103 boal\u0103 se caracterizeaz\u0103 at\u00e2t prin \u00eent\u00e2rzierea cre\u0219terii, c\u00e2t \u0219i prin dezvoltarea fizic\u0103 general\u0103.\",\"breadcrumb\":{\"@id\":\"https:\\\/\\\/sanatate.md\\\/ro\\\/boli-si-tratament\\\/boli-endocrine\\\/nanism-pituitar\\\/#breadcrumb\"},\"inLanguage\":\"ro-RO\",\"potentialAction\":[{\"@type\":\"ReadAction\",\"target\":[\"https:\\\/\\\/sanatate.md\\\/ro\\\/boli-si-tratament\\\/boli-endocrine\\\/nanism-pituitar\\\/\"]}]},{\"@type\":\"BreadcrumbList\",\"@id\":\"https:\\\/\\\/sanatate.md\\\/ro\\\/boli-si-tratament\\\/boli-endocrine\\\/nanism-pituitar\\\/#breadcrumb\",\"itemListElement\":[{\"@type\":\"ListItem\",\"position\":1,\"name\":\"\u0413\u043b\u0430\u0432\u043d\u0430\u044f \u0441\u0442\u0440\u0430\u043d\u0438\u0446\u0430\",\"item\":\"https:\\\/\\\/sanatate.md\\\/ro\\\/\"},{\"@type\":\"ListItem\",\"position\":2,\"name\":\"Boli si tratament\",\"item\":\"https:\\\/\\\/sanatate.md\\\/ro\\\/boli-si-tratament\\\/\"},{\"@type\":\"ListItem\",\"position\":3,\"name\":\"Boli endocrine\",\"item\":\"https:\\\/\\\/sanatate.md\\\/ro\\\/boli-si-tratament\\\/boli-endocrine\\\/\"},{\"@type\":\"ListItem\",\"position\":4,\"name\":\"Nanism pituitar\"}]},{\"@type\":\"WebSite\",\"@id\":\"https:\\\/\\\/sanatate.md\\\/ro\\\/#website\",\"url\":\"https:\\\/\\\/sanatate.md\\\/ro\\\/\",\"name\":\"Sanatate.md\",\"description\":\"\u0416\u0443\u0440\u043d\u0430\u043b \u0434\u043b\u044f \u0432\u0441\u0435\u0439 \u0441\u0435\u043c\u044c\u0438 \u0432 \u041c\u043e\u043b\u0434\u043e\u0432\u0435\",\"publisher\":{\"@id\":\"https:\\\/\\\/sanatate.md\\\/ro\\\/#organization\"},\"potentialAction\":[{\"@type\":\"SearchAction\",\"target\":{\"@type\":\"EntryPoint\",\"urlTemplate\":\"https:\\\/\\\/sanatate.md\\\/ro\\\/?s={search_term_string}\"},\"query-input\":{\"@type\":\"PropertyValueSpecification\",\"valueRequired\":true,\"valueName\":\"search_term_string\"}}],\"inLanguage\":\"ro-RO\"},{\"@type\":\"Organization\",\"@id\":\"https:\\\/\\\/sanatate.md\\\/ro\\\/#organization\",\"name\":\"SANATATE\",\"url\":\"https:\\\/\\\/sanatate.md\\\/ro\\\/\",\"logo\":{\"@type\":\"ImageObject\",\"inLanguage\":\"ro-RO\",\"@id\":\"https:\\\/\\\/sanatate.md\\\/ro\\\/#\\\/schema\\\/logo\\\/image\\\/\",\"url\":\"https:\\\/\\\/sanatate.md\\\/wp-content\\\/uploads\\\/2022\\\/01\\\/sanatate-logo.svg\",\"contentUrl\":\"https:\\\/\\\/sanatate.md\\\/wp-content\\\/uploads\\\/2022\\\/01\\\/sanatate-logo.svg\",\"width\":\"1024\",\"height\":\"1024\",\"caption\":\"SANATATE\"},\"image\":{\"@id\":\"https:\\\/\\\/sanatate.md\\\/ro\\\/#\\\/schema\\\/logo\\\/image\\\/\"}}]}<\/script>\n<!-- \/ Yoast SEO plugin. -->","yoast_head_json":{"title":"Nanism pituitar","description":"Aceast\u0103 boal\u0103 se caracterizeaz\u0103 at\u00e2t prin \u00eent\u00e2rzierea cre\u0219terii, c\u00e2t \u0219i prin dezvoltarea fizic\u0103 general\u0103.","robots":{"index":"index","follow":"follow","max-snippet":"max-snippet:-1","max-image-preview":"max-image-preview:large","max-video-preview":"max-video-preview:-1"},"canonical":"https:\/\/sanatate.md\/ro\/boli-si-tratament\/boli-endocrine\/nanism-pituitar\/","og_locale":"ro_RO","og_type":"article","og_title":"Nanism pituitar","og_description":"Aceast\u0103 boal\u0103 se caracterizeaz\u0103 at\u00e2t prin \u00eent\u00e2rzierea cre\u0219terii, c\u00e2t \u0219i prin dezvoltarea fizic\u0103 general\u0103.","og_url":"https:\/\/sanatate.md\/ro\/boli-si-tratament\/boli-endocrine\/nanism-pituitar\/","og_site_name":"Sanatate.md","article_modified_time":"2018-01-12T09:58:45+00:00","twitter_card":"summary_large_image","twitter_misc":{"Timp estimat pentru citire":"2 minute"},"schema":{"@context":"https:\/\/schema.org","@graph":[{"@type":"WebPage","@id":"https:\/\/sanatate.md\/ro\/boli-si-tratament\/boli-endocrine\/nanism-pituitar\/","url":"https:\/\/sanatate.md\/ro\/boli-si-tratament\/boli-endocrine\/nanism-pituitar\/","name":"Nanism pituitar","isPartOf":{"@id":"https:\/\/sanatate.md\/ro\/#website"},"datePublished":"2018-01-06T08:42:11+00:00","dateModified":"2018-01-12T09:58:45+00:00","description":"Aceast\u0103 boal\u0103 se caracterizeaz\u0103 at\u00e2t prin \u00eent\u00e2rzierea cre\u0219terii, c\u00e2t \u0219i prin dezvoltarea fizic\u0103 general\u0103.","breadcrumb":{"@id":"https:\/\/sanatate.md\/ro\/boli-si-tratament\/boli-endocrine\/nanism-pituitar\/#breadcrumb"},"inLanguage":"ro-RO","potentialAction":[{"@type":"ReadAction","target":["https:\/\/sanatate.md\/ro\/boli-si-tratament\/boli-endocrine\/nanism-pituitar\/"]}]},{"@type":"BreadcrumbList","@id":"https:\/\/sanatate.md\/ro\/boli-si-tratament\/boli-endocrine\/nanism-pituitar\/#breadcrumb","itemListElement":[{"@type":"ListItem","position":1,"name":"\u0413\u043b\u0430\u0432\u043d\u0430\u044f \u0441\u0442\u0440\u0430\u043d\u0438\u0446\u0430","item":"https:\/\/sanatate.md\/ro\/"},{"@type":"ListItem","position":2,"name":"Boli si tratament","item":"https:\/\/sanatate.md\/ro\/boli-si-tratament\/"},{"@type":"ListItem","position":3,"name":"Boli endocrine","item":"https:\/\/sanatate.md\/ro\/boli-si-tratament\/boli-endocrine\/"},{"@type":"ListItem","position":4,"name":"Nanism pituitar"}]},{"@type":"WebSite","@id":"https:\/\/sanatate.md\/ro\/#website","url":"https:\/\/sanatate.md\/ro\/","name":"Sanatate.md","description":"\u0416\u0443\u0440\u043d\u0430\u043b \u0434\u043b\u044f \u0432\u0441\u0435\u0439 \u0441\u0435\u043c\u044c\u0438 \u0432 \u041c\u043e\u043b\u0434\u043e\u0432\u0435","publisher":{"@id":"https:\/\/sanatate.md\/ro\/#organization"},"potentialAction":[{"@type":"SearchAction","target":{"@type":"EntryPoint","urlTemplate":"https:\/\/sanatate.md\/ro\/?s={search_term_string}"},"query-input":{"@type":"PropertyValueSpecification","valueRequired":true,"valueName":"search_term_string"}}],"inLanguage":"ro-RO"},{"@type":"Organization","@id":"https:\/\/sanatate.md\/ro\/#organization","name":"SANATATE","url":"https:\/\/sanatate.md\/ro\/","logo":{"@type":"ImageObject","inLanguage":"ro-RO","@id":"https:\/\/sanatate.md\/ro\/#\/schema\/logo\/image\/","url":"https:\/\/sanatate.md\/wp-content\/uploads\/2022\/01\/sanatate-logo.svg","contentUrl":"https:\/\/sanatate.md\/wp-content\/uploads\/2022\/01\/sanatate-logo.svg","width":"1024","height":"1024","caption":"SANATATE"},"image":{"@id":"https:\/\/sanatate.md\/ro\/#\/schema\/logo\/image\/"}}]}},"_links":{"self":[{"href":"https:\/\/sanatate.md\/ro\/wp-json\/wp\/v2\/pages\/49358","targetHints":{"allow":["GET"]}}],"collection":[{"href":"https:\/\/sanatate.md\/ro\/wp-json\/wp\/v2\/pages"}],"about":[{"href":"https:\/\/sanatate.md\/ro\/wp-json\/wp\/v2\/types\/page"}],"author":[{"embeddable":true,"href":"https:\/\/sanatate.md\/ro\/wp-json\/wp\/v2\/users\/28"}],"replies":[{"embeddable":true,"href":"https:\/\/sanatate.md\/ro\/wp-json\/wp\/v2\/comments?post=49358"}],"version-history":[{"count":0,"href":"https:\/\/sanatate.md\/ro\/wp-json\/wp\/v2\/pages\/49358\/revisions"}],"up":[{"embeddable":true,"href":"https:\/\/sanatate.md\/ro\/wp-json\/wp\/v2\/pages\/47544"}],"wp:attachment":[{"href":"https:\/\/sanatate.md\/ro\/wp-json\/wp\/v2\/media?parent=49358"}],"curies":[{"name":"wp","href":"https:\/\/api.w.org\/{rel}","templated":true}]}}