{"id":49365,"date":"2018-01-06T12:05:39","date_gmt":"2018-01-06T09:05:39","guid":{"rendered":"https:\/\/sanatate.md\/?page_id=49365"},"modified":"2018-01-12T15:43:05","modified_gmt":"2018-01-12T12:43:05","slug":"gusa-toxica-difuza","status":"publish","type":"page","link":"https:\/\/sanatate.md\/ro\/boli-si-tratament\/boli-endocrine\/gusa-toxica-difuza\/","title":{"rendered":"Gu\u0219a toxic\u0103 difuz\u0103"},"content":{"rendered":"<p>Gu\u0219a difuziv-toxica mai e numit\u0103 boala lui Graves, boala lui Based. Aceast\u0103 boal\u0103 este caracterizat\u0103 printr-o cre\u0219tere a glandei tiroide, care este \u00eenso\u021bit\u0103 de semne de tireotoxicoz\u0103. De asemenea, \u00een aceast\u0103 stare, se produc anticorpi la compu\u0219ii receptori ai hormonului de tip tireotrop. Astfel, exist\u0103 o stimulare crescut\u0103 a glandei tiroide.<\/p>\n<h3>Simptomele:<\/h3>\n<ul>\n<li>pierderea greut\u0103\u021bii corporale;<\/li>\n<li>palpita\u021bii;<\/li>\n<li>sentiment de c\u0103ldur\u0103 \u00een corp;<\/li>\n<li>frison intern;<\/li>\n<li>intoleran\u021ba c\u0103ldurii \u0219i luminii directe a soarelui;<\/li>\n<li>cre\u0219terea nivelului de transpira\u021bie;<\/li>\n<li>nervozitate;<\/li>\n<li>tremur\u0103turi ale membrelor superioare;<br \/>\nagita\u021bie.<\/li>\n<\/ul>\n<p>Forma u\u0219oar\u0103 de tireotoxicoz\u0103 se caracterizeaz\u0103 prin:<\/p>\n<ul>\n<li>sc\u0103derea moderat\u0103 a greut\u0103\u021bii;<\/li>\n<li>o sut\u0103 de b\u0103t\u0103i de inim\u0103 pe minut;<\/li>\n<li>lipsa tulbur\u0103rilor de ritm cardiac.<\/li>\n<\/ul>\n<p>Forma medie a bolii are simptomele:<\/p>\n<ul>\n<li>pierderea pronun\u021bat\u0103 \u00een greutate;<\/li>\n<li>modific\u0103ri pe termen scurt ale frecven\u021bei cardiace;<\/li>\n<li>tulbur\u0103ri ale tractului gastrointestinal.<\/li>\n<\/ul>\n<p>Forma sever\u0103 de tireotoxicoz\u0103 are simptomele:<\/p>\n<ul>\n<li>pierderea greut\u0103\u021bii corporale la starea de catehism;<\/li>\n<li>palpita\u021bii frecvente cu tulbur\u0103ri de ritm cardiac caracteristice;<\/li>\n<li>sl\u0103biciunea;<\/li>\n<li>\u00eenc\u0103lcarea cortexului suprarenal.<\/li>\n<\/ul>\n<p>Dac\u0103 tratamentul nu \u00eencepe la timp, poate ap\u0103rea o criz\u0103 citotoxic\u0103. Boala dat\u0103 este adesea \u00eenso\u021bit\u0103 de oftalmopatie endocrin\u0103, care apare pe fonul bolii tiroidiene de tip autoimun.<\/p>\n<p>\u00cen cele mai multe cazuri, oftalmopatia se formeaz\u0103 din gu\u015fa toxic\u0103 difuz\u0103. Aproximativ 30-50% dintre persoanele cu aceast\u0103 boal\u0103 sufer\u0103 de oftalmopatie. De asemenea, este de remarcat faptul, c\u0103 aceast\u0103 maladie afecteaz\u0103 ambii ochi, \u00een cazuri rare, unul.<\/p>\n<p>Uneori, simptomele oftalmopatiei se depisteaz\u0103 mai devreme sau mai t\u00e2rziu dec\u00eend se observ\u0103 schimb\u0103ri \u00een glanda tiroid\u0103, de\u0219i mai des apar astfel de semne la \u00eenceputul bolii.<\/p>\n","protected":false},"excerpt":{"rendered":"<p>Gu\u0219a difuziv-toxica mai e numit\u0103 boala lui Graves, boala lui Based. Aceast\u0103 boal\u0103 este caracterizat\u0103 printr-o cre\u0219tere a glandei tiroide, care este \u00eenso\u021bit\u0103 de semne de tireotoxicoz\u0103. De asemenea, \u00een aceast\u0103 stare, se produc anticorpi la compu\u0219ii receptori ai hormonului de tip tireotrop. Astfel, exist\u0103 o stimulare crescut\u0103 a glandei tiroide. Simptomele: pierderea greut\u0103\u021bii corporale; [&hellip;]<\/p>\n","protected":false},"author":28,"featured_media":0,"parent":47544,"menu_order":0,"comment_status":"closed","ping_status":"closed","template":"","meta":{"inline_featured_image":false,"footnotes":""},"class_list":["post-49365","page","type-page","status-publish"],"yoast_head":"<!-- This site is optimized with the Yoast SEO plugin v27.3 - https:\/\/yoast.com\/product\/yoast-seo-wordpress\/ -->\n<title>Gu\u0219a toxic\u0103 difuz\u0103<\/title>\n<meta name=\"description\" content=\"Gu\u0219a difuziv-toxica mai e numit\u0103 boala lui Graves, boala lui Based. Aceast\u0103 boal\u0103 este caracterizat\u0103 printr-o cre\u0219tere a glandei tiroide\" \/>\n<meta name=\"robots\" content=\"index, follow, max-snippet:-1, max-image-preview:large, max-video-preview:-1\" \/>\n<link rel=\"canonical\" href=\"https:\/\/sanatate.md\/ro\/boli-si-tratament\/boli-endocrine\/gusa-toxica-difuza\/\" \/>\n<meta property=\"og:locale\" content=\"ro_RO\" \/>\n<meta property=\"og:type\" content=\"article\" \/>\n<meta property=\"og:title\" content=\"Gu\u0219a toxic\u0103 difuz\u0103\" \/>\n<meta property=\"og:description\" content=\"Gu\u0219a difuziv-toxica mai e numit\u0103 boala lui Graves, boala lui Based. Aceast\u0103 boal\u0103 este caracterizat\u0103 printr-o cre\u0219tere a glandei tiroide\" \/>\n<meta property=\"og:url\" content=\"https:\/\/sanatate.md\/ro\/boli-si-tratament\/boli-endocrine\/gusa-toxica-difuza\/\" \/>\n<meta property=\"og:site_name\" content=\"Sanatate.md\" \/>\n<meta property=\"article:modified_time\" content=\"2018-01-12T12:43:05+00:00\" \/>\n<meta name=\"twitter:card\" content=\"summary_large_image\" \/>\n<meta name=\"twitter:label1\" content=\"Timp estimat pentru citire\" \/>\n\t<meta name=\"twitter:data1\" content=\"1 minut\" \/>\n<script type=\"application\/ld+json\" class=\"yoast-schema-graph\">{\"@context\":\"https:\\\/\\\/schema.org\",\"@graph\":[{\"@type\":\"WebPage\",\"@id\":\"https:\\\/\\\/sanatate.md\\\/ro\\\/boli-si-tratament\\\/boli-endocrine\\\/gusa-toxica-difuza\\\/\",\"url\":\"https:\\\/\\\/sanatate.md\\\/ro\\\/boli-si-tratament\\\/boli-endocrine\\\/gusa-toxica-difuza\\\/\",\"name\":\"Gu\u0219a toxic\u0103 difuz\u0103\",\"isPartOf\":{\"@id\":\"https:\\\/\\\/sanatate.md\\\/ro\\\/#website\"},\"datePublished\":\"2018-01-06T09:05:39+00:00\",\"dateModified\":\"2018-01-12T12:43:05+00:00\",\"description\":\"Gu\u0219a difuziv-toxica mai e numit\u0103 boala lui Graves, boala lui Based. Aceast\u0103 boal\u0103 este caracterizat\u0103 printr-o cre\u0219tere a glandei tiroide\",\"breadcrumb\":{\"@id\":\"https:\\\/\\\/sanatate.md\\\/ro\\\/boli-si-tratament\\\/boli-endocrine\\\/gusa-toxica-difuza\\\/#breadcrumb\"},\"inLanguage\":\"ro-RO\",\"potentialAction\":[{\"@type\":\"ReadAction\",\"target\":[\"https:\\\/\\\/sanatate.md\\\/ro\\\/boli-si-tratament\\\/boli-endocrine\\\/gusa-toxica-difuza\\\/\"]}]},{\"@type\":\"BreadcrumbList\",\"@id\":\"https:\\\/\\\/sanatate.md\\\/ro\\\/boli-si-tratament\\\/boli-endocrine\\\/gusa-toxica-difuza\\\/#breadcrumb\",\"itemListElement\":[{\"@type\":\"ListItem\",\"position\":1,\"name\":\"\u0413\u043b\u0430\u0432\u043d\u0430\u044f \u0441\u0442\u0440\u0430\u043d\u0438\u0446\u0430\",\"item\":\"https:\\\/\\\/sanatate.md\\\/ro\\\/\"},{\"@type\":\"ListItem\",\"position\":2,\"name\":\"Boli si tratament\",\"item\":\"https:\\\/\\\/sanatate.md\\\/ro\\\/boli-si-tratament\\\/\"},{\"@type\":\"ListItem\",\"position\":3,\"name\":\"Boli endocrine\",\"item\":\"https:\\\/\\\/sanatate.md\\\/ro\\\/boli-si-tratament\\\/boli-endocrine\\\/\"},{\"@type\":\"ListItem\",\"position\":4,\"name\":\"Gu\u0219a toxic\u0103 difuz\u0103\"}]},{\"@type\":\"WebSite\",\"@id\":\"https:\\\/\\\/sanatate.md\\\/ro\\\/#website\",\"url\":\"https:\\\/\\\/sanatate.md\\\/ro\\\/\",\"name\":\"Sanatate.md\",\"description\":\"\u0416\u0443\u0440\u043d\u0430\u043b \u0434\u043b\u044f \u0432\u0441\u0435\u0439 \u0441\u0435\u043c\u044c\u0438 \u0432 \u041c\u043e\u043b\u0434\u043e\u0432\u0435\",\"publisher\":{\"@id\":\"https:\\\/\\\/sanatate.md\\\/ro\\\/#organization\"},\"potentialAction\":[{\"@type\":\"SearchAction\",\"target\":{\"@type\":\"EntryPoint\",\"urlTemplate\":\"https:\\\/\\\/sanatate.md\\\/ro\\\/?s={search_term_string}\"},\"query-input\":{\"@type\":\"PropertyValueSpecification\",\"valueRequired\":true,\"valueName\":\"search_term_string\"}}],\"inLanguage\":\"ro-RO\"},{\"@type\":\"Organization\",\"@id\":\"https:\\\/\\\/sanatate.md\\\/ro\\\/#organization\",\"name\":\"SANATATE\",\"url\":\"https:\\\/\\\/sanatate.md\\\/ro\\\/\",\"logo\":{\"@type\":\"ImageObject\",\"inLanguage\":\"ro-RO\",\"@id\":\"https:\\\/\\\/sanatate.md\\\/ro\\\/#\\\/schema\\\/logo\\\/image\\\/\",\"url\":\"https:\\\/\\\/sanatate.md\\\/wp-content\\\/uploads\\\/2022\\\/01\\\/sanatate-logo.svg\",\"contentUrl\":\"https:\\\/\\\/sanatate.md\\\/wp-content\\\/uploads\\\/2022\\\/01\\\/sanatate-logo.svg\",\"width\":\"1024\",\"height\":\"1024\",\"caption\":\"SANATATE\"},\"image\":{\"@id\":\"https:\\\/\\\/sanatate.md\\\/ro\\\/#\\\/schema\\\/logo\\\/image\\\/\"}}]}<\/script>\n<!-- \/ Yoast SEO plugin. -->","yoast_head_json":{"title":"Gu\u0219a toxic\u0103 difuz\u0103","description":"Gu\u0219a difuziv-toxica mai e numit\u0103 boala lui Graves, boala lui Based. Aceast\u0103 boal\u0103 este caracterizat\u0103 printr-o cre\u0219tere a glandei tiroide","robots":{"index":"index","follow":"follow","max-snippet":"max-snippet:-1","max-image-preview":"max-image-preview:large","max-video-preview":"max-video-preview:-1"},"canonical":"https:\/\/sanatate.md\/ro\/boli-si-tratament\/boli-endocrine\/gusa-toxica-difuza\/","og_locale":"ro_RO","og_type":"article","og_title":"Gu\u0219a toxic\u0103 difuz\u0103","og_description":"Gu\u0219a difuziv-toxica mai e numit\u0103 boala lui Graves, boala lui Based. Aceast\u0103 boal\u0103 este caracterizat\u0103 printr-o cre\u0219tere a glandei tiroide","og_url":"https:\/\/sanatate.md\/ro\/boli-si-tratament\/boli-endocrine\/gusa-toxica-difuza\/","og_site_name":"Sanatate.md","article_modified_time":"2018-01-12T12:43:05+00:00","twitter_card":"summary_large_image","twitter_misc":{"Timp estimat pentru citire":"1 minut"},"schema":{"@context":"https:\/\/schema.org","@graph":[{"@type":"WebPage","@id":"https:\/\/sanatate.md\/ro\/boli-si-tratament\/boli-endocrine\/gusa-toxica-difuza\/","url":"https:\/\/sanatate.md\/ro\/boli-si-tratament\/boli-endocrine\/gusa-toxica-difuza\/","name":"Gu\u0219a toxic\u0103 difuz\u0103","isPartOf":{"@id":"https:\/\/sanatate.md\/ro\/#website"},"datePublished":"2018-01-06T09:05:39+00:00","dateModified":"2018-01-12T12:43:05+00:00","description":"Gu\u0219a difuziv-toxica mai e numit\u0103 boala lui Graves, boala lui Based. Aceast\u0103 boal\u0103 este caracterizat\u0103 printr-o cre\u0219tere a glandei tiroide","breadcrumb":{"@id":"https:\/\/sanatate.md\/ro\/boli-si-tratament\/boli-endocrine\/gusa-toxica-difuza\/#breadcrumb"},"inLanguage":"ro-RO","potentialAction":[{"@type":"ReadAction","target":["https:\/\/sanatate.md\/ro\/boli-si-tratament\/boli-endocrine\/gusa-toxica-difuza\/"]}]},{"@type":"BreadcrumbList","@id":"https:\/\/sanatate.md\/ro\/boli-si-tratament\/boli-endocrine\/gusa-toxica-difuza\/#breadcrumb","itemListElement":[{"@type":"ListItem","position":1,"name":"\u0413\u043b\u0430\u0432\u043d\u0430\u044f \u0441\u0442\u0440\u0430\u043d\u0438\u0446\u0430","item":"https:\/\/sanatate.md\/ro\/"},{"@type":"ListItem","position":2,"name":"Boli si tratament","item":"https:\/\/sanatate.md\/ro\/boli-si-tratament\/"},{"@type":"ListItem","position":3,"name":"Boli endocrine","item":"https:\/\/sanatate.md\/ro\/boli-si-tratament\/boli-endocrine\/"},{"@type":"ListItem","position":4,"name":"Gu\u0219a toxic\u0103 difuz\u0103"}]},{"@type":"WebSite","@id":"https:\/\/sanatate.md\/ro\/#website","url":"https:\/\/sanatate.md\/ro\/","name":"Sanatate.md","description":"\u0416\u0443\u0440\u043d\u0430\u043b \u0434\u043b\u044f \u0432\u0441\u0435\u0439 \u0441\u0435\u043c\u044c\u0438 \u0432 \u041c\u043e\u043b\u0434\u043e\u0432\u0435","publisher":{"@id":"https:\/\/sanatate.md\/ro\/#organization"},"potentialAction":[{"@type":"SearchAction","target":{"@type":"EntryPoint","urlTemplate":"https:\/\/sanatate.md\/ro\/?s={search_term_string}"},"query-input":{"@type":"PropertyValueSpecification","valueRequired":true,"valueName":"search_term_string"}}],"inLanguage":"ro-RO"},{"@type":"Organization","@id":"https:\/\/sanatate.md\/ro\/#organization","name":"SANATATE","url":"https:\/\/sanatate.md\/ro\/","logo":{"@type":"ImageObject","inLanguage":"ro-RO","@id":"https:\/\/sanatate.md\/ro\/#\/schema\/logo\/image\/","url":"https:\/\/sanatate.md\/wp-content\/uploads\/2022\/01\/sanatate-logo.svg","contentUrl":"https:\/\/sanatate.md\/wp-content\/uploads\/2022\/01\/sanatate-logo.svg","width":"1024","height":"1024","caption":"SANATATE"},"image":{"@id":"https:\/\/sanatate.md\/ro\/#\/schema\/logo\/image\/"}}]}},"_links":{"self":[{"href":"https:\/\/sanatate.md\/ro\/wp-json\/wp\/v2\/pages\/49365","targetHints":{"allow":["GET"]}}],"collection":[{"href":"https:\/\/sanatate.md\/ro\/wp-json\/wp\/v2\/pages"}],"about":[{"href":"https:\/\/sanatate.md\/ro\/wp-json\/wp\/v2\/types\/page"}],"author":[{"embeddable":true,"href":"https:\/\/sanatate.md\/ro\/wp-json\/wp\/v2\/users\/28"}],"replies":[{"embeddable":true,"href":"https:\/\/sanatate.md\/ro\/wp-json\/wp\/v2\/comments?post=49365"}],"version-history":[{"count":0,"href":"https:\/\/sanatate.md\/ro\/wp-json\/wp\/v2\/pages\/49365\/revisions"}],"up":[{"embeddable":true,"href":"https:\/\/sanatate.md\/ro\/wp-json\/wp\/v2\/pages\/47544"}],"wp:attachment":[{"href":"https:\/\/sanatate.md\/ro\/wp-json\/wp\/v2\/media?parent=49365"}],"curies":[{"name":"wp","href":"https:\/\/api.w.org\/{rel}","templated":true}]}}