{"id":49374,"date":"2018-01-08T19:34:54","date_gmt":"2018-01-08T16:34:54","guid":{"rendered":"https:\/\/sanatate.md\/?page_id=49374"},"modified":"2018-01-08T19:34:54","modified_gmt":"2018-01-08T16:34:54","slug":"evnuhoidizmul","status":"publish","type":"page","link":"https:\/\/sanatate.md\/ro\/boli-si-tratament\/boli-endocrine\/evnuhoidizmul\/","title":{"rendered":"Evnuhoidizmul"},"content":{"rendered":"<p>Evnuhoidizmul se caracterizeaz\u0103 printr-o afec\u021biune patologic\u0103, care apare ca urmare a perturb\u0103rii glandelor sexuale \u0219i a sc\u0103derii produc\u021biei de hormoni sexuali. \u00cen cele mai multe cazuri, aceast\u0103 boal\u0103 se dezvolt\u0103 pe fonul subdezvolt\u0103rii caracteristicilor sexuale primare la b\u0103rba\u021bi.<\/p>\n<h3>Cauzele apari\u0163iei<\/h3>\n<p>Evnuhoidizmul se dezvolt\u0103 ca urmare a leziunilor glandelor genitale cu caracter ereditar \u00een perioada de dezvoltare embrionar\u0103. Aceast\u0103 boal\u0103 poate ap\u0103rea ca urmare a inflama\u0163iei pe fundalul bolilor infec\u021bioase:<\/p>\n<ul>\n<li>sifilis;<\/li>\n<li>tuberculoz\u0103;<\/li>\n<li>parotid\u0103;<\/li>\n<li>gonoree.<\/li>\n<\/ul>\n<p>Evnuhoidismul se poate dezvolta ca rezultat al leziunilor traumatice ale testiculelor \u0219i, de asemenea, ca un tip secundar de boal\u0103 \u00een leziunea lobului anterior al glandei pituitare, care controleaz\u0103 func\u021bionarea glandele.<\/p>\n<h3>Simptomatologia<\/h3>\n<p>Caracteristici principale:<\/p>\n<p>gigantism (tulbur\u0103ri de cre\u0219tere);<\/p>\n<p>dezvoltarea dispropor\u0163ionat\u0103 a scheletului (membrele inferioare sunt excesiv de lungi);<\/p>\n<p>oase sub\u021biri, care sunt adesea predispuse la disloc\u0103ri \u0219i deform\u0103ri ale articula\u021biilor: picior de fund, curbur\u0103, picioare plate;<\/p>\n<ul>\n<li>bazin larg;umeri \u00eengu\u015fti;<\/li>\n<li>tulbur\u0103ri musculare;<\/li>\n<li>depuneri de gr\u0103sime pe coapse, piept \u0219i abdomen;<\/li>\n<li>subdezvoltarea organelor sexuale pe fundalul unor caracteristici sexuale minore pu\u0163in pronun\u0163ate;<\/li>\n<li>lipsa firelor de p\u0103r \u00een axile, pe fa\u021b\u0103, \u00een zona pubian\u0103;<\/li>\n<li>timbru de voce ridicat\u0103;<\/li>\n<li>sc\u0103derea sentimentului sexual;<\/li>\n<li>lentoarea;<\/li>\n<li>lipsa autonomiei;<\/li>\n<li>pasivitate.<\/li>\n<\/ul>\n<h3>Diagnosticarea<\/h3>\n<p>Diagnosticul este u\u0219or de stabilit prin prezen\u0163a subdezvolt\u0103rii organelor sistemului reproduc\u0103tor \u0219i al lipsei semnelor secundare de dezvoltare sexual\u0103. \u00cen fiecare caz \u00een parte, este necesar de exclus posibilitatea dezvolt\u0103rii unei tumori pituitare.<br \/>\nTratamentul<br \/>\nPrincipala metod\u0103 de tratare a eunuchoidismului este un curs lung de terapie hormonal\u0103.<\/p>\n","protected":false},"excerpt":{"rendered":"<p>Evnuhoidizmul se caracterizeaz\u0103 printr-o afec\u021biune patologic\u0103, care apare ca urmare a perturb\u0103rii glandelor sexuale \u0219i a sc\u0103derii produc\u021biei de hormoni sexuali. \u00cen cele mai multe cazuri, aceast\u0103 boal\u0103 se dezvolt\u0103 pe fonul subdezvolt\u0103rii caracteristicilor sexuale primare la b\u0103rba\u021bi. Cauzele apari\u0163iei Evnuhoidizmul se dezvolt\u0103 ca urmare a leziunilor glandelor genitale cu caracter ereditar \u00een perioada de [&hellip;]<\/p>\n","protected":false},"author":28,"featured_media":0,"parent":47544,"menu_order":0,"comment_status":"closed","ping_status":"closed","template":"","meta":{"inline_featured_image":false,"footnotes":""},"class_list":["post-49374","page","type-page","status-publish"],"yoast_head":"<!-- This site is optimized with the Yoast SEO plugin v27.3 - https:\/\/yoast.com\/product\/yoast-seo-wordpress\/ -->\n<title>Evnuhoidizmul<\/title>\n<meta name=\"description\" content=\"Evnuhoidizmul se caracterizeaz\u0103 printr-o afec\u021biune patologic\u0103, care apare ca urmare a perturb\u0103rii glandelor sexuale \u0219i a sc\u0103derii\" \/>\n<meta name=\"robots\" content=\"index, follow, max-snippet:-1, max-image-preview:large, max-video-preview:-1\" \/>\n<link rel=\"canonical\" href=\"https:\/\/sanatate.md\/ro\/boli-si-tratament\/boli-endocrine\/evnuhoidizmul\/\" \/>\n<meta property=\"og:locale\" content=\"ro_RO\" \/>\n<meta property=\"og:type\" content=\"article\" \/>\n<meta property=\"og:title\" content=\"Evnuhoidizmul\" \/>\n<meta property=\"og:description\" content=\"Evnuhoidizmul se caracterizeaz\u0103 printr-o afec\u021biune patologic\u0103, care apare ca urmare a perturb\u0103rii glandelor sexuale \u0219i a sc\u0103derii\" \/>\n<meta property=\"og:url\" content=\"https:\/\/sanatate.md\/ro\/boli-si-tratament\/boli-endocrine\/evnuhoidizmul\/\" \/>\n<meta property=\"og:site_name\" content=\"Sanatate.md\" \/>\n<meta name=\"twitter:card\" content=\"summary_large_image\" \/>\n<meta name=\"twitter:label1\" content=\"Timp estimat pentru citire\" \/>\n\t<meta name=\"twitter:data1\" content=\"1 minut\" \/>\n<script type=\"application\/ld+json\" class=\"yoast-schema-graph\">{\"@context\":\"https:\\\/\\\/schema.org\",\"@graph\":[{\"@type\":\"WebPage\",\"@id\":\"https:\\\/\\\/sanatate.md\\\/ro\\\/boli-si-tratament\\\/boli-endocrine\\\/evnuhoidizmul\\\/\",\"url\":\"https:\\\/\\\/sanatate.md\\\/ro\\\/boli-si-tratament\\\/boli-endocrine\\\/evnuhoidizmul\\\/\",\"name\":\"Evnuhoidizmul\",\"isPartOf\":{\"@id\":\"https:\\\/\\\/sanatate.md\\\/ro\\\/#website\"},\"datePublished\":\"2018-01-08T16:34:54+00:00\",\"description\":\"Evnuhoidizmul se caracterizeaz\u0103 printr-o afec\u021biune patologic\u0103, care apare ca urmare a perturb\u0103rii glandelor sexuale \u0219i a sc\u0103derii\",\"breadcrumb\":{\"@id\":\"https:\\\/\\\/sanatate.md\\\/ro\\\/boli-si-tratament\\\/boli-endocrine\\\/evnuhoidizmul\\\/#breadcrumb\"},\"inLanguage\":\"ro-RO\",\"potentialAction\":[{\"@type\":\"ReadAction\",\"target\":[\"https:\\\/\\\/sanatate.md\\\/ro\\\/boli-si-tratament\\\/boli-endocrine\\\/evnuhoidizmul\\\/\"]}]},{\"@type\":\"BreadcrumbList\",\"@id\":\"https:\\\/\\\/sanatate.md\\\/ro\\\/boli-si-tratament\\\/boli-endocrine\\\/evnuhoidizmul\\\/#breadcrumb\",\"itemListElement\":[{\"@type\":\"ListItem\",\"position\":1,\"name\":\"\u0413\u043b\u0430\u0432\u043d\u0430\u044f \u0441\u0442\u0440\u0430\u043d\u0438\u0446\u0430\",\"item\":\"https:\\\/\\\/sanatate.md\\\/ro\\\/\"},{\"@type\":\"ListItem\",\"position\":2,\"name\":\"Boli si tratament\",\"item\":\"https:\\\/\\\/sanatate.md\\\/ro\\\/boli-si-tratament\\\/\"},{\"@type\":\"ListItem\",\"position\":3,\"name\":\"Boli endocrine\",\"item\":\"https:\\\/\\\/sanatate.md\\\/ro\\\/boli-si-tratament\\\/boli-endocrine\\\/\"},{\"@type\":\"ListItem\",\"position\":4,\"name\":\"Evnuhoidizmul\"}]},{\"@type\":\"WebSite\",\"@id\":\"https:\\\/\\\/sanatate.md\\\/ro\\\/#website\",\"url\":\"https:\\\/\\\/sanatate.md\\\/ro\\\/\",\"name\":\"Sanatate.md\",\"description\":\"\u0416\u0443\u0440\u043d\u0430\u043b \u0434\u043b\u044f \u0432\u0441\u0435\u0439 \u0441\u0435\u043c\u044c\u0438 \u0432 \u041c\u043e\u043b\u0434\u043e\u0432\u0435\",\"publisher\":{\"@id\":\"https:\\\/\\\/sanatate.md\\\/ro\\\/#organization\"},\"potentialAction\":[{\"@type\":\"SearchAction\",\"target\":{\"@type\":\"EntryPoint\",\"urlTemplate\":\"https:\\\/\\\/sanatate.md\\\/ro\\\/?s={search_term_string}\"},\"query-input\":{\"@type\":\"PropertyValueSpecification\",\"valueRequired\":true,\"valueName\":\"search_term_string\"}}],\"inLanguage\":\"ro-RO\"},{\"@type\":\"Organization\",\"@id\":\"https:\\\/\\\/sanatate.md\\\/ro\\\/#organization\",\"name\":\"SANATATE\",\"url\":\"https:\\\/\\\/sanatate.md\\\/ro\\\/\",\"logo\":{\"@type\":\"ImageObject\",\"inLanguage\":\"ro-RO\",\"@id\":\"https:\\\/\\\/sanatate.md\\\/ro\\\/#\\\/schema\\\/logo\\\/image\\\/\",\"url\":\"https:\\\/\\\/sanatate.md\\\/wp-content\\\/uploads\\\/2022\\\/01\\\/sanatate-logo.svg\",\"contentUrl\":\"https:\\\/\\\/sanatate.md\\\/wp-content\\\/uploads\\\/2022\\\/01\\\/sanatate-logo.svg\",\"width\":\"1024\",\"height\":\"1024\",\"caption\":\"SANATATE\"},\"image\":{\"@id\":\"https:\\\/\\\/sanatate.md\\\/ro\\\/#\\\/schema\\\/logo\\\/image\\\/\"}}]}<\/script>\n<!-- \/ Yoast SEO plugin. -->","yoast_head_json":{"title":"Evnuhoidizmul","description":"Evnuhoidizmul se caracterizeaz\u0103 printr-o afec\u021biune patologic\u0103, care apare ca urmare a perturb\u0103rii glandelor sexuale \u0219i a sc\u0103derii","robots":{"index":"index","follow":"follow","max-snippet":"max-snippet:-1","max-image-preview":"max-image-preview:large","max-video-preview":"max-video-preview:-1"},"canonical":"https:\/\/sanatate.md\/ro\/boli-si-tratament\/boli-endocrine\/evnuhoidizmul\/","og_locale":"ro_RO","og_type":"article","og_title":"Evnuhoidizmul","og_description":"Evnuhoidizmul se caracterizeaz\u0103 printr-o afec\u021biune patologic\u0103, care apare ca urmare a perturb\u0103rii glandelor sexuale \u0219i a sc\u0103derii","og_url":"https:\/\/sanatate.md\/ro\/boli-si-tratament\/boli-endocrine\/evnuhoidizmul\/","og_site_name":"Sanatate.md","twitter_card":"summary_large_image","twitter_misc":{"Timp estimat pentru citire":"1 minut"},"schema":{"@context":"https:\/\/schema.org","@graph":[{"@type":"WebPage","@id":"https:\/\/sanatate.md\/ro\/boli-si-tratament\/boli-endocrine\/evnuhoidizmul\/","url":"https:\/\/sanatate.md\/ro\/boli-si-tratament\/boli-endocrine\/evnuhoidizmul\/","name":"Evnuhoidizmul","isPartOf":{"@id":"https:\/\/sanatate.md\/ro\/#website"},"datePublished":"2018-01-08T16:34:54+00:00","description":"Evnuhoidizmul se caracterizeaz\u0103 printr-o afec\u021biune patologic\u0103, care apare ca urmare a perturb\u0103rii glandelor sexuale \u0219i a sc\u0103derii","breadcrumb":{"@id":"https:\/\/sanatate.md\/ro\/boli-si-tratament\/boli-endocrine\/evnuhoidizmul\/#breadcrumb"},"inLanguage":"ro-RO","potentialAction":[{"@type":"ReadAction","target":["https:\/\/sanatate.md\/ro\/boli-si-tratament\/boli-endocrine\/evnuhoidizmul\/"]}]},{"@type":"BreadcrumbList","@id":"https:\/\/sanatate.md\/ro\/boli-si-tratament\/boli-endocrine\/evnuhoidizmul\/#breadcrumb","itemListElement":[{"@type":"ListItem","position":1,"name":"\u0413\u043b\u0430\u0432\u043d\u0430\u044f \u0441\u0442\u0440\u0430\u043d\u0438\u0446\u0430","item":"https:\/\/sanatate.md\/ro\/"},{"@type":"ListItem","position":2,"name":"Boli si tratament","item":"https:\/\/sanatate.md\/ro\/boli-si-tratament\/"},{"@type":"ListItem","position":3,"name":"Boli endocrine","item":"https:\/\/sanatate.md\/ro\/boli-si-tratament\/boli-endocrine\/"},{"@type":"ListItem","position":4,"name":"Evnuhoidizmul"}]},{"@type":"WebSite","@id":"https:\/\/sanatate.md\/ro\/#website","url":"https:\/\/sanatate.md\/ro\/","name":"Sanatate.md","description":"\u0416\u0443\u0440\u043d\u0430\u043b \u0434\u043b\u044f \u0432\u0441\u0435\u0439 \u0441\u0435\u043c\u044c\u0438 \u0432 \u041c\u043e\u043b\u0434\u043e\u0432\u0435","publisher":{"@id":"https:\/\/sanatate.md\/ro\/#organization"},"potentialAction":[{"@type":"SearchAction","target":{"@type":"EntryPoint","urlTemplate":"https:\/\/sanatate.md\/ro\/?s={search_term_string}"},"query-input":{"@type":"PropertyValueSpecification","valueRequired":true,"valueName":"search_term_string"}}],"inLanguage":"ro-RO"},{"@type":"Organization","@id":"https:\/\/sanatate.md\/ro\/#organization","name":"SANATATE","url":"https:\/\/sanatate.md\/ro\/","logo":{"@type":"ImageObject","inLanguage":"ro-RO","@id":"https:\/\/sanatate.md\/ro\/#\/schema\/logo\/image\/","url":"https:\/\/sanatate.md\/wp-content\/uploads\/2022\/01\/sanatate-logo.svg","contentUrl":"https:\/\/sanatate.md\/wp-content\/uploads\/2022\/01\/sanatate-logo.svg","width":"1024","height":"1024","caption":"SANATATE"},"image":{"@id":"https:\/\/sanatate.md\/ro\/#\/schema\/logo\/image\/"}}]}},"_links":{"self":[{"href":"https:\/\/sanatate.md\/ro\/wp-json\/wp\/v2\/pages\/49374","targetHints":{"allow":["GET"]}}],"collection":[{"href":"https:\/\/sanatate.md\/ro\/wp-json\/wp\/v2\/pages"}],"about":[{"href":"https:\/\/sanatate.md\/ro\/wp-json\/wp\/v2\/types\/page"}],"author":[{"embeddable":true,"href":"https:\/\/sanatate.md\/ro\/wp-json\/wp\/v2\/users\/28"}],"replies":[{"embeddable":true,"href":"https:\/\/sanatate.md\/ro\/wp-json\/wp\/v2\/comments?post=49374"}],"version-history":[{"count":0,"href":"https:\/\/sanatate.md\/ro\/wp-json\/wp\/v2\/pages\/49374\/revisions"}],"up":[{"embeddable":true,"href":"https:\/\/sanatate.md\/ro\/wp-json\/wp\/v2\/pages\/47544"}],"wp:attachment":[{"href":"https:\/\/sanatate.md\/ro\/wp-json\/wp\/v2\/media?parent=49374"}],"curies":[{"name":"wp","href":"https:\/\/api.w.org\/{rel}","templated":true}]}}