{"id":49377,"date":"2018-01-08T19:44:06","date_gmt":"2018-01-08T16:44:06","guid":{"rendered":"https:\/\/sanatate.md\/?page_id=49377"},"modified":"2018-01-08T19:44:06","modified_gmt":"2018-01-08T16:44:06","slug":"cretinismul","status":"publish","type":"page","link":"https:\/\/sanatate.md\/ro\/boli-si-tratament\/afectiuni-psihice\/cretinismul\/","title":{"rendered":"Cretinismul"},"content":{"rendered":"<p>Cretinismul este o boal\u0103 de etiologie endocrin\u0103 asociat\u0103 cu hipotiroidismul congenital al glandei tiroide. Copilul are o dezvoltarei fizic\u0103 \u0219i mintal\u0103 \u00eent\u00e2rziat\u0103, se manifest\u0103 demen\u021ba.<\/p>\n<h3>Cauzele cretinismului<\/h3>\n<p>Boala se dezvolt\u0103 ca urmare a patologiilor genetice ale sistemelor endocrine, care asigur\u0103 producerea \u0219i schimbul de hormoni tiroidieni (hormoni tiroidieni).<br \/>\nIdiotismul, cretinismul, debilismul &#8211; sunt bolile de dezvoltare \u00eent\u00e2rziat\u0103 mental \u0219i au multe \u00een comun, difer\u0103 \u00een gradul de inferioritate mental\u0103.<\/p>\n<p>Etiologia bolii:<\/p>\n<ul>\n<li>dezvoltarea insuficient\u0103 extrauterin\u0103 a glandei tiroide;<\/li>\n<li>afireosis;<\/li>\n<li>hipoplazia \u0219i ectopia glandei tiroide.<\/li>\n<\/ul>\n<p>Hipotiroidismul se dezvolt\u0103 dac\u0103, \u00een timpul gesta\u021biei copilului sau imediat dup\u0103 na\u0219tere, \u00een timpul unei faze critice a dezvolt\u0103rii creierului, o femeie a utilizat iod activ sau medicamente tiroidiene. Aceste medicamente provoac\u0103 o \u00eent\u00e2rziere \u00een dezvoltarea somatic\u0103 sau mental\u0103 a copilului.<\/p>\n<h3>Principalele semne ale cretinismului:<\/h3>\n<ul>\n<li>schimb\u0103ri \u00een dezvoltarea sistemului osos (nudismul \u00een grade diferite, craniul subdezvoltat, precum \u0219i deform\u0103rile acestuia, \u00eengro\u0219area oaselor din frunte \u0219i coroana capului);<\/li>\n<li>organele interne mici;<\/li>\n<li>glandele reproductive subdezvoltate;<\/li>\n<li>tulbur\u0103ri de vorbire \u0219i auz, p\u00e2n\u0103 la surditate \u0219i mu\u0163enie;<\/li>\n<li>\u00eent\u00e2rziere \u00een dezvoltarea psihic\u0103;<\/li>\n<li>mobilitate sc\u0103zut\u0103;<\/li>\n<li>somnolen\u021b\u0103.<\/li>\n<\/ul>\n<h3>Tratamentul<\/h3>\n<p>Copilului i se prescriu preparate de tiroidain\u0103 \u0219i triiodotironin\u0103, doza depinde de gravitatea bolii, precum \u0219i de greutatea \u0219i v\u00e2rsta copilului. Preparatele de iod sunt prezentate pe tot parcursul vie\u021bii pacientului.<\/p>\n<h3>Prevenirea cretinismului<\/h3>\n<p>Cantitatea insuficient\u0103 de iod din corpul unei viitoare mame provoac\u0103 dezvoltarea bolii. \u00cen timpul planific\u0103rii sarcinii, o femeie trebuie s\u0103 se asigure c\u0103 ea are suficient iod. Ea trebuie s\u0103 consume alimente cu un con\u021binut ridicat de acest element: fructe de mare, curmale.<br \/>\nPentru profilaxie e necesar de luat iodomarin\u0103 \u00een doze prescrise de ginecolog.<\/p>\n<h3>Cretinismul spa\u0163ial<\/h3>\n<p>Cretinismul spa\u021bial este incapacitatea de a se orienta \u00een spa\u021biu, pe teren. El nu este o boal\u0103, ci o condi\u021bie, care apare atunci, c\u00e2nd \u00een celulele creierului sunt cantit\u0103\u021bi insuficiente de cristale de magnetit, ceea ce face dificil\u0103 orientarea unei persoane \u00een spa\u021biu.<\/p>\n","protected":false},"excerpt":{"rendered":"<p>Cretinismul este o boal\u0103 de etiologie endocrin\u0103 asociat\u0103 cu hipotiroidismul congenital al glandei tiroide. Copilul are o dezvoltarei fizic\u0103 \u0219i mintal\u0103 \u00eent\u00e2rziat\u0103, se manifest\u0103 demen\u021ba. Cauzele cretinismului Boala se dezvolt\u0103 ca urmare a patologiilor genetice ale sistemelor endocrine, care asigur\u0103 producerea \u0219i schimbul de hormoni tiroidieni (hormoni tiroidieni). Idiotismul, cretinismul, debilismul &#8211; sunt bolile de [&hellip;]<\/p>\n","protected":false},"author":28,"featured_media":0,"parent":53026,"menu_order":0,"comment_status":"closed","ping_status":"closed","template":"","meta":{"inline_featured_image":false,"footnotes":""},"class_list":["post-49377","page","type-page","status-publish"],"yoast_head":"<!-- This site is optimized with the Yoast SEO plugin v27.3 - https:\/\/yoast.com\/product\/yoast-seo-wordpress\/ -->\n<title>Cretinismul<\/title>\n<meta name=\"description\" content=\"Cretinismul este o boal\u0103 de etiologie endocrin\u0103 asociat\u0103 cu hipotiroidismul congenital al glandei tiroide.\" \/>\n<meta name=\"robots\" content=\"index, follow, max-snippet:-1, max-image-preview:large, max-video-preview:-1\" \/>\n<link rel=\"canonical\" href=\"https:\/\/sanatate.md\/ro\/boli-si-tratament\/afectiuni-psihice\/cretinismul\/\" \/>\n<meta property=\"og:locale\" content=\"ro_RO\" \/>\n<meta property=\"og:type\" content=\"article\" \/>\n<meta property=\"og:title\" content=\"Cretinismul\" \/>\n<meta property=\"og:description\" content=\"Cretinismul este o boal\u0103 de etiologie endocrin\u0103 asociat\u0103 cu hipotiroidismul congenital al glandei tiroide.\" \/>\n<meta property=\"og:url\" content=\"https:\/\/sanatate.md\/ro\/boli-si-tratament\/afectiuni-psihice\/cretinismul\/\" \/>\n<meta property=\"og:site_name\" content=\"Sanatate.md\" \/>\n<meta name=\"twitter:card\" content=\"summary_large_image\" \/>\n<meta name=\"twitter:label1\" content=\"Timp estimat pentru citire\" \/>\n\t<meta name=\"twitter:data1\" content=\"2 minute\" \/>\n<script type=\"application\/ld+json\" class=\"yoast-schema-graph\">{\"@context\":\"https:\\\/\\\/schema.org\",\"@graph\":[{\"@type\":\"WebPage\",\"@id\":\"https:\\\/\\\/sanatate.md\\\/ro\\\/boli-si-tratament\\\/afectiuni-psihice\\\/cretinismul\\\/\",\"url\":\"https:\\\/\\\/sanatate.md\\\/ro\\\/boli-si-tratament\\\/afectiuni-psihice\\\/cretinismul\\\/\",\"name\":\"Cretinismul\",\"isPartOf\":{\"@id\":\"https:\\\/\\\/sanatate.md\\\/ro\\\/#website\"},\"datePublished\":\"2018-01-08T16:44:06+00:00\",\"description\":\"Cretinismul este o boal\u0103 de etiologie endocrin\u0103 asociat\u0103 cu hipotiroidismul congenital al glandei tiroide.\",\"breadcrumb\":{\"@id\":\"https:\\\/\\\/sanatate.md\\\/ro\\\/boli-si-tratament\\\/afectiuni-psihice\\\/cretinismul\\\/#breadcrumb\"},\"inLanguage\":\"ro-RO\",\"potentialAction\":[{\"@type\":\"ReadAction\",\"target\":[\"https:\\\/\\\/sanatate.md\\\/ro\\\/boli-si-tratament\\\/afectiuni-psihice\\\/cretinismul\\\/\"]}]},{\"@type\":\"BreadcrumbList\",\"@id\":\"https:\\\/\\\/sanatate.md\\\/ro\\\/boli-si-tratament\\\/afectiuni-psihice\\\/cretinismul\\\/#breadcrumb\",\"itemListElement\":[{\"@type\":\"ListItem\",\"position\":1,\"name\":\"\u0413\u043b\u0430\u0432\u043d\u0430\u044f \u0441\u0442\u0440\u0430\u043d\u0438\u0446\u0430\",\"item\":\"https:\\\/\\\/sanatate.md\\\/ro\\\/\"},{\"@type\":\"ListItem\",\"position\":2,\"name\":\"Boli si tratament\",\"item\":\"https:\\\/\\\/sanatate.md\\\/ro\\\/boli-si-tratament\\\/\"},{\"@type\":\"ListItem\",\"position\":3,\"name\":\"Afec\u021biuni psihice\",\"item\":\"https:\\\/\\\/sanatate.md\\\/ro\\\/boli-si-tratament\\\/afectiuni-psihice\\\/\"},{\"@type\":\"ListItem\",\"position\":4,\"name\":\"Cretinismul\"}]},{\"@type\":\"WebSite\",\"@id\":\"https:\\\/\\\/sanatate.md\\\/ro\\\/#website\",\"url\":\"https:\\\/\\\/sanatate.md\\\/ro\\\/\",\"name\":\"Sanatate.md\",\"description\":\"\u0416\u0443\u0440\u043d\u0430\u043b \u0434\u043b\u044f \u0432\u0441\u0435\u0439 \u0441\u0435\u043c\u044c\u0438 \u0432 \u041c\u043e\u043b\u0434\u043e\u0432\u0435\",\"publisher\":{\"@id\":\"https:\\\/\\\/sanatate.md\\\/ro\\\/#organization\"},\"potentialAction\":[{\"@type\":\"SearchAction\",\"target\":{\"@type\":\"EntryPoint\",\"urlTemplate\":\"https:\\\/\\\/sanatate.md\\\/ro\\\/?s={search_term_string}\"},\"query-input\":{\"@type\":\"PropertyValueSpecification\",\"valueRequired\":true,\"valueName\":\"search_term_string\"}}],\"inLanguage\":\"ro-RO\"},{\"@type\":\"Organization\",\"@id\":\"https:\\\/\\\/sanatate.md\\\/ro\\\/#organization\",\"name\":\"SANATATE\",\"url\":\"https:\\\/\\\/sanatate.md\\\/ro\\\/\",\"logo\":{\"@type\":\"ImageObject\",\"inLanguage\":\"ro-RO\",\"@id\":\"https:\\\/\\\/sanatate.md\\\/ro\\\/#\\\/schema\\\/logo\\\/image\\\/\",\"url\":\"https:\\\/\\\/sanatate.md\\\/wp-content\\\/uploads\\\/2022\\\/01\\\/sanatate-logo.svg\",\"contentUrl\":\"https:\\\/\\\/sanatate.md\\\/wp-content\\\/uploads\\\/2022\\\/01\\\/sanatate-logo.svg\",\"width\":\"1024\",\"height\":\"1024\",\"caption\":\"SANATATE\"},\"image\":{\"@id\":\"https:\\\/\\\/sanatate.md\\\/ro\\\/#\\\/schema\\\/logo\\\/image\\\/\"}}]}<\/script>\n<!-- \/ Yoast SEO plugin. -->","yoast_head_json":{"title":"Cretinismul","description":"Cretinismul este o boal\u0103 de etiologie endocrin\u0103 asociat\u0103 cu hipotiroidismul congenital al glandei tiroide.","robots":{"index":"index","follow":"follow","max-snippet":"max-snippet:-1","max-image-preview":"max-image-preview:large","max-video-preview":"max-video-preview:-1"},"canonical":"https:\/\/sanatate.md\/ro\/boli-si-tratament\/afectiuni-psihice\/cretinismul\/","og_locale":"ro_RO","og_type":"article","og_title":"Cretinismul","og_description":"Cretinismul este o boal\u0103 de etiologie endocrin\u0103 asociat\u0103 cu hipotiroidismul congenital al glandei tiroide.","og_url":"https:\/\/sanatate.md\/ro\/boli-si-tratament\/afectiuni-psihice\/cretinismul\/","og_site_name":"Sanatate.md","twitter_card":"summary_large_image","twitter_misc":{"Timp estimat pentru citire":"2 minute"},"schema":{"@context":"https:\/\/schema.org","@graph":[{"@type":"WebPage","@id":"https:\/\/sanatate.md\/ro\/boli-si-tratament\/afectiuni-psihice\/cretinismul\/","url":"https:\/\/sanatate.md\/ro\/boli-si-tratament\/afectiuni-psihice\/cretinismul\/","name":"Cretinismul","isPartOf":{"@id":"https:\/\/sanatate.md\/ro\/#website"},"datePublished":"2018-01-08T16:44:06+00:00","description":"Cretinismul este o boal\u0103 de etiologie endocrin\u0103 asociat\u0103 cu hipotiroidismul congenital al glandei tiroide.","breadcrumb":{"@id":"https:\/\/sanatate.md\/ro\/boli-si-tratament\/afectiuni-psihice\/cretinismul\/#breadcrumb"},"inLanguage":"ro-RO","potentialAction":[{"@type":"ReadAction","target":["https:\/\/sanatate.md\/ro\/boli-si-tratament\/afectiuni-psihice\/cretinismul\/"]}]},{"@type":"BreadcrumbList","@id":"https:\/\/sanatate.md\/ro\/boli-si-tratament\/afectiuni-psihice\/cretinismul\/#breadcrumb","itemListElement":[{"@type":"ListItem","position":1,"name":"\u0413\u043b\u0430\u0432\u043d\u0430\u044f \u0441\u0442\u0440\u0430\u043d\u0438\u0446\u0430","item":"https:\/\/sanatate.md\/ro\/"},{"@type":"ListItem","position":2,"name":"Boli si tratament","item":"https:\/\/sanatate.md\/ro\/boli-si-tratament\/"},{"@type":"ListItem","position":3,"name":"Afec\u021biuni psihice","item":"https:\/\/sanatate.md\/ro\/boli-si-tratament\/afectiuni-psihice\/"},{"@type":"ListItem","position":4,"name":"Cretinismul"}]},{"@type":"WebSite","@id":"https:\/\/sanatate.md\/ro\/#website","url":"https:\/\/sanatate.md\/ro\/","name":"Sanatate.md","description":"\u0416\u0443\u0440\u043d\u0430\u043b \u0434\u043b\u044f \u0432\u0441\u0435\u0439 \u0441\u0435\u043c\u044c\u0438 \u0432 \u041c\u043e\u043b\u0434\u043e\u0432\u0435","publisher":{"@id":"https:\/\/sanatate.md\/ro\/#organization"},"potentialAction":[{"@type":"SearchAction","target":{"@type":"EntryPoint","urlTemplate":"https:\/\/sanatate.md\/ro\/?s={search_term_string}"},"query-input":{"@type":"PropertyValueSpecification","valueRequired":true,"valueName":"search_term_string"}}],"inLanguage":"ro-RO"},{"@type":"Organization","@id":"https:\/\/sanatate.md\/ro\/#organization","name":"SANATATE","url":"https:\/\/sanatate.md\/ro\/","logo":{"@type":"ImageObject","inLanguage":"ro-RO","@id":"https:\/\/sanatate.md\/ro\/#\/schema\/logo\/image\/","url":"https:\/\/sanatate.md\/wp-content\/uploads\/2022\/01\/sanatate-logo.svg","contentUrl":"https:\/\/sanatate.md\/wp-content\/uploads\/2022\/01\/sanatate-logo.svg","width":"1024","height":"1024","caption":"SANATATE"},"image":{"@id":"https:\/\/sanatate.md\/ro\/#\/schema\/logo\/image\/"}}]}},"_links":{"self":[{"href":"https:\/\/sanatate.md\/ro\/wp-json\/wp\/v2\/pages\/49377","targetHints":{"allow":["GET"]}}],"collection":[{"href":"https:\/\/sanatate.md\/ro\/wp-json\/wp\/v2\/pages"}],"about":[{"href":"https:\/\/sanatate.md\/ro\/wp-json\/wp\/v2\/types\/page"}],"author":[{"embeddable":true,"href":"https:\/\/sanatate.md\/ro\/wp-json\/wp\/v2\/users\/28"}],"replies":[{"embeddable":true,"href":"https:\/\/sanatate.md\/ro\/wp-json\/wp\/v2\/comments?post=49377"}],"version-history":[{"count":0,"href":"https:\/\/sanatate.md\/ro\/wp-json\/wp\/v2\/pages\/49377\/revisions"}],"up":[{"embeddable":true,"href":"https:\/\/sanatate.md\/ro\/wp-json\/wp\/v2\/pages\/53026"}],"wp:attachment":[{"href":"https:\/\/sanatate.md\/ro\/wp-json\/wp\/v2\/media?parent=49377"}],"curies":[{"name":"wp","href":"https:\/\/api.w.org\/{rel}","templated":true}]}}