{"id":49380,"date":"2018-01-08T19:51:59","date_gmt":"2018-01-08T16:51:59","guid":{"rendered":"https:\/\/sanatate.md\/?page_id=49380"},"modified":"2020-03-21T20:37:37","modified_gmt":"2020-03-21T17:37:37","slug":"mixedemul","status":"publish","type":"page","link":"https:\/\/sanatate.md\/ro\/boli-si-tratament\/boli-endocrine\/mixedemul\/","title":{"rendered":"Mixedemul"},"content":{"rendered":"<p>Mixedemul (hipotiroidism) este o boal\u0103 cauzat\u0103 de producerea inadecvat\u0103 a hormonilor tiroidieni.<\/p>\n<p>Femeile sunt afectate de aceast\u0103 maladie de patru ori mai des dec\u00e2t b\u0103rba\u021bii. \u00cen 90% din cazuri, mixedemul este diagnosticat cu debutul perioadei de climax.<\/p>\n<h3>Motivele<\/h3>\n<p>Glanda tiroid\u0103: mixedemul se dezvolt\u0103 ca urmare a inflama\u021biei tiroidiene cu caracter tumoral, a interven\u021biei chirurgicale, a ac\u021biunii iodului radioactiv, la disfunc\u021biile hipotalamusului \u0219i hipofizei.<\/p>\n<h3>Felurile de mixedem<\/h3>\n<p>Mixedemul primar este o afec\u021bie direct\u0103 a glandei tiroide; patologii congenitale, patologii de natur\u0103 inflamatorie, provocate de infec\u021bii cronice, infec\u021bii etiologice autoimune, traume, leziuni \u0219i opera\u021bii ale glandei tiroide, lipsa de iod \u00een mediu.<br \/>\n\u00cen hipotiroidismul secundar au loc tulbur\u0103ri infec\u021bioase, tumorale sau traumatice ale sistemului hipotolamic.<\/p>\n<h3>Simptomele<\/h3>\n<p>Forma u\u0219oar\u0103 a bolii se manifest\u0103 prin letargie, somnolen\u021b\u0103, apatie, sl\u0103biciune general\u0103, constipa\u021bie permanent\u0103. Femeile au hemoragii \u00een timpul menstrua\u021biei, b\u0103rba\u021bii &#8212; un libido sc\u0103zut.<\/p>\n<p>Forma grea se manifest\u0103 prin piele uscat\u0103, temperatur\u0103 sc\u0103zut\u0103 a corpului, tulbur\u0103ri de memorie, dificult\u0103\u021bi de respira\u021bie dup\u0103 mersul pe jos sau activitate fizic\u0103. Fa\u021ba parc\u0103 e pufoas\u0103, mi\u0219c\u0103rile \u0219i vorbirea pacientului \u00eencetinesc, acuitatea auzului scade, limba se umfl\u0103, vocea devine surd\u0103, voce se \u00eengroa\u0219\u0103.<\/p>\n<h3>Tratamentul<\/h3>\n<p>Se prescriu hormonii tiroidieni, terapia simptomatic\u0103.<\/p>\n<h3>Profilaxia<\/h3>\n<p>Prevenirea bolii este \u00eenl\u0103turarea la timp a diferitor infec\u021bii, \u00eengrijirea nazofaringianului.<\/p>\n","protected":false},"excerpt":{"rendered":"<p>Mixedemul (hipotiroidism) este o boal\u0103 cauzat\u0103 de producerea inadecvat\u0103 a hormonilor tiroidieni. Femeile sunt afectate de aceast\u0103 maladie de patru ori mai des dec\u00e2t b\u0103rba\u021bii. \u00cen 90% din cazuri, mixedemul este diagnosticat cu debutul perioadei de climax. Motivele Glanda tiroid\u0103: mixedemul se dezvolt\u0103 ca urmare a inflama\u021biei tiroidiene cu caracter tumoral, a interven\u021biei chirurgicale, a [&hellip;]<\/p>\n","protected":false},"author":28,"featured_media":0,"parent":47544,"menu_order":0,"comment_status":"closed","ping_status":"closed","template":"","meta":{"inline_featured_image":false,"footnotes":""},"class_list":["post-49380","page","type-page","status-publish"],"yoast_head":"<!-- This site is optimized with the Yoast SEO plugin v27.3 - https:\/\/yoast.com\/product\/yoast-seo-wordpress\/ -->\n<title>Mixedemul<\/title>\n<meta name=\"description\" content=\"Mixedemul (hipotiroidism) este o boal\u0103 cauzat\u0103 de producerea inadecvat\u0103 a hormonilor tiroidieni.\" \/>\n<meta name=\"robots\" content=\"index, follow, max-snippet:-1, max-image-preview:large, max-video-preview:-1\" \/>\n<link rel=\"canonical\" href=\"https:\/\/sanatate.md\/ro\/boli-si-tratament\/boli-endocrine\/mixedemul\/\" \/>\n<meta property=\"og:locale\" content=\"ro_RO\" \/>\n<meta property=\"og:type\" content=\"article\" \/>\n<meta property=\"og:title\" content=\"Mixedemul\" \/>\n<meta property=\"og:description\" content=\"Mixedemul (hipotiroidism) este o boal\u0103 cauzat\u0103 de producerea inadecvat\u0103 a hormonilor tiroidieni.\" \/>\n<meta property=\"og:url\" content=\"https:\/\/sanatate.md\/ro\/boli-si-tratament\/boli-endocrine\/mixedemul\/\" \/>\n<meta property=\"og:site_name\" content=\"Sanatate.md\" \/>\n<meta property=\"article:modified_time\" content=\"2020-03-21T17:37:37+00:00\" \/>\n<meta name=\"twitter:card\" content=\"summary_large_image\" \/>\n<meta name=\"twitter:label1\" content=\"Timp estimat pentru citire\" \/>\n\t<meta name=\"twitter:data1\" content=\"1 minut\" \/>\n<script type=\"application\/ld+json\" class=\"yoast-schema-graph\">{\"@context\":\"https:\\\/\\\/schema.org\",\"@graph\":[{\"@type\":\"WebPage\",\"@id\":\"https:\\\/\\\/sanatate.md\\\/ro\\\/boli-si-tratament\\\/boli-endocrine\\\/mixedemul\\\/\",\"url\":\"https:\\\/\\\/sanatate.md\\\/ro\\\/boli-si-tratament\\\/boli-endocrine\\\/mixedemul\\\/\",\"name\":\"Mixedemul\",\"isPartOf\":{\"@id\":\"https:\\\/\\\/sanatate.md\\\/ro\\\/#website\"},\"datePublished\":\"2018-01-08T16:51:59+00:00\",\"dateModified\":\"2020-03-21T17:37:37+00:00\",\"description\":\"Mixedemul (hipotiroidism) este o boal\u0103 cauzat\u0103 de producerea inadecvat\u0103 a hormonilor tiroidieni.\",\"breadcrumb\":{\"@id\":\"https:\\\/\\\/sanatate.md\\\/ro\\\/boli-si-tratament\\\/boli-endocrine\\\/mixedemul\\\/#breadcrumb\"},\"inLanguage\":\"ro-RO\",\"potentialAction\":[{\"@type\":\"ReadAction\",\"target\":[\"https:\\\/\\\/sanatate.md\\\/ro\\\/boli-si-tratament\\\/boli-endocrine\\\/mixedemul\\\/\"]}]},{\"@type\":\"BreadcrumbList\",\"@id\":\"https:\\\/\\\/sanatate.md\\\/ro\\\/boli-si-tratament\\\/boli-endocrine\\\/mixedemul\\\/#breadcrumb\",\"itemListElement\":[{\"@type\":\"ListItem\",\"position\":1,\"name\":\"\u0413\u043b\u0430\u0432\u043d\u0430\u044f \u0441\u0442\u0440\u0430\u043d\u0438\u0446\u0430\",\"item\":\"https:\\\/\\\/sanatate.md\\\/ro\\\/\"},{\"@type\":\"ListItem\",\"position\":2,\"name\":\"Boli si tratament\",\"item\":\"https:\\\/\\\/sanatate.md\\\/ro\\\/boli-si-tratament\\\/\"},{\"@type\":\"ListItem\",\"position\":3,\"name\":\"Boli endocrine\",\"item\":\"https:\\\/\\\/sanatate.md\\\/ro\\\/boli-si-tratament\\\/boli-endocrine\\\/\"},{\"@type\":\"ListItem\",\"position\":4,\"name\":\"Mixedemul\"}]},{\"@type\":\"WebSite\",\"@id\":\"https:\\\/\\\/sanatate.md\\\/ro\\\/#website\",\"url\":\"https:\\\/\\\/sanatate.md\\\/ro\\\/\",\"name\":\"Sanatate.md\",\"description\":\"\u0416\u0443\u0440\u043d\u0430\u043b \u0434\u043b\u044f \u0432\u0441\u0435\u0439 \u0441\u0435\u043c\u044c\u0438 \u0432 \u041c\u043e\u043b\u0434\u043e\u0432\u0435\",\"publisher\":{\"@id\":\"https:\\\/\\\/sanatate.md\\\/ro\\\/#organization\"},\"potentialAction\":[{\"@type\":\"SearchAction\",\"target\":{\"@type\":\"EntryPoint\",\"urlTemplate\":\"https:\\\/\\\/sanatate.md\\\/ro\\\/?s={search_term_string}\"},\"query-input\":{\"@type\":\"PropertyValueSpecification\",\"valueRequired\":true,\"valueName\":\"search_term_string\"}}],\"inLanguage\":\"ro-RO\"},{\"@type\":\"Organization\",\"@id\":\"https:\\\/\\\/sanatate.md\\\/ro\\\/#organization\",\"name\":\"SANATATE\",\"url\":\"https:\\\/\\\/sanatate.md\\\/ro\\\/\",\"logo\":{\"@type\":\"ImageObject\",\"inLanguage\":\"ro-RO\",\"@id\":\"https:\\\/\\\/sanatate.md\\\/ro\\\/#\\\/schema\\\/logo\\\/image\\\/\",\"url\":\"https:\\\/\\\/sanatate.md\\\/wp-content\\\/uploads\\\/2022\\\/01\\\/sanatate-logo.svg\",\"contentUrl\":\"https:\\\/\\\/sanatate.md\\\/wp-content\\\/uploads\\\/2022\\\/01\\\/sanatate-logo.svg\",\"width\":\"1024\",\"height\":\"1024\",\"caption\":\"SANATATE\"},\"image\":{\"@id\":\"https:\\\/\\\/sanatate.md\\\/ro\\\/#\\\/schema\\\/logo\\\/image\\\/\"}}]}<\/script>\n<!-- \/ Yoast SEO plugin. -->","yoast_head_json":{"title":"Mixedemul","description":"Mixedemul (hipotiroidism) este o boal\u0103 cauzat\u0103 de producerea inadecvat\u0103 a hormonilor tiroidieni.","robots":{"index":"index","follow":"follow","max-snippet":"max-snippet:-1","max-image-preview":"max-image-preview:large","max-video-preview":"max-video-preview:-1"},"canonical":"https:\/\/sanatate.md\/ro\/boli-si-tratament\/boli-endocrine\/mixedemul\/","og_locale":"ro_RO","og_type":"article","og_title":"Mixedemul","og_description":"Mixedemul (hipotiroidism) este o boal\u0103 cauzat\u0103 de producerea inadecvat\u0103 a hormonilor tiroidieni.","og_url":"https:\/\/sanatate.md\/ro\/boli-si-tratament\/boli-endocrine\/mixedemul\/","og_site_name":"Sanatate.md","article_modified_time":"2020-03-21T17:37:37+00:00","twitter_card":"summary_large_image","twitter_misc":{"Timp estimat pentru citire":"1 minut"},"schema":{"@context":"https:\/\/schema.org","@graph":[{"@type":"WebPage","@id":"https:\/\/sanatate.md\/ro\/boli-si-tratament\/boli-endocrine\/mixedemul\/","url":"https:\/\/sanatate.md\/ro\/boli-si-tratament\/boli-endocrine\/mixedemul\/","name":"Mixedemul","isPartOf":{"@id":"https:\/\/sanatate.md\/ro\/#website"},"datePublished":"2018-01-08T16:51:59+00:00","dateModified":"2020-03-21T17:37:37+00:00","description":"Mixedemul (hipotiroidism) este o boal\u0103 cauzat\u0103 de producerea inadecvat\u0103 a hormonilor tiroidieni.","breadcrumb":{"@id":"https:\/\/sanatate.md\/ro\/boli-si-tratament\/boli-endocrine\/mixedemul\/#breadcrumb"},"inLanguage":"ro-RO","potentialAction":[{"@type":"ReadAction","target":["https:\/\/sanatate.md\/ro\/boli-si-tratament\/boli-endocrine\/mixedemul\/"]}]},{"@type":"BreadcrumbList","@id":"https:\/\/sanatate.md\/ro\/boli-si-tratament\/boli-endocrine\/mixedemul\/#breadcrumb","itemListElement":[{"@type":"ListItem","position":1,"name":"\u0413\u043b\u0430\u0432\u043d\u0430\u044f \u0441\u0442\u0440\u0430\u043d\u0438\u0446\u0430","item":"https:\/\/sanatate.md\/ro\/"},{"@type":"ListItem","position":2,"name":"Boli si tratament","item":"https:\/\/sanatate.md\/ro\/boli-si-tratament\/"},{"@type":"ListItem","position":3,"name":"Boli endocrine","item":"https:\/\/sanatate.md\/ro\/boli-si-tratament\/boli-endocrine\/"},{"@type":"ListItem","position":4,"name":"Mixedemul"}]},{"@type":"WebSite","@id":"https:\/\/sanatate.md\/ro\/#website","url":"https:\/\/sanatate.md\/ro\/","name":"Sanatate.md","description":"\u0416\u0443\u0440\u043d\u0430\u043b \u0434\u043b\u044f \u0432\u0441\u0435\u0439 \u0441\u0435\u043c\u044c\u0438 \u0432 \u041c\u043e\u043b\u0434\u043e\u0432\u0435","publisher":{"@id":"https:\/\/sanatate.md\/ro\/#organization"},"potentialAction":[{"@type":"SearchAction","target":{"@type":"EntryPoint","urlTemplate":"https:\/\/sanatate.md\/ro\/?s={search_term_string}"},"query-input":{"@type":"PropertyValueSpecification","valueRequired":true,"valueName":"search_term_string"}}],"inLanguage":"ro-RO"},{"@type":"Organization","@id":"https:\/\/sanatate.md\/ro\/#organization","name":"SANATATE","url":"https:\/\/sanatate.md\/ro\/","logo":{"@type":"ImageObject","inLanguage":"ro-RO","@id":"https:\/\/sanatate.md\/ro\/#\/schema\/logo\/image\/","url":"https:\/\/sanatate.md\/wp-content\/uploads\/2022\/01\/sanatate-logo.svg","contentUrl":"https:\/\/sanatate.md\/wp-content\/uploads\/2022\/01\/sanatate-logo.svg","width":"1024","height":"1024","caption":"SANATATE"},"image":{"@id":"https:\/\/sanatate.md\/ro\/#\/schema\/logo\/image\/"}}]}},"_links":{"self":[{"href":"https:\/\/sanatate.md\/ro\/wp-json\/wp\/v2\/pages\/49380","targetHints":{"allow":["GET"]}}],"collection":[{"href":"https:\/\/sanatate.md\/ro\/wp-json\/wp\/v2\/pages"}],"about":[{"href":"https:\/\/sanatate.md\/ro\/wp-json\/wp\/v2\/types\/page"}],"author":[{"embeddable":true,"href":"https:\/\/sanatate.md\/ro\/wp-json\/wp\/v2\/users\/28"}],"replies":[{"embeddable":true,"href":"https:\/\/sanatate.md\/ro\/wp-json\/wp\/v2\/comments?post=49380"}],"version-history":[{"count":0,"href":"https:\/\/sanatate.md\/ro\/wp-json\/wp\/v2\/pages\/49380\/revisions"}],"up":[{"embeddable":true,"href":"https:\/\/sanatate.md\/ro\/wp-json\/wp\/v2\/pages\/47544"}],"wp:attachment":[{"href":"https:\/\/sanatate.md\/ro\/wp-json\/wp\/v2\/media?parent=49380"}],"curies":[{"name":"wp","href":"https:\/\/api.w.org\/{rel}","templated":true}]}}