{"id":49383,"date":"2018-01-08T20:00:23","date_gmt":"2018-01-08T17:00:23","guid":{"rendered":"https:\/\/sanatate.md\/?page_id=49383"},"modified":"2018-01-08T20:00:23","modified_gmt":"2018-01-08T17:00:23","slug":"diabetul-insipid","status":"publish","type":"page","link":"https:\/\/sanatate.md\/ro\/boli-si-tratament\/boli-endocrine\/diabetul-insipid\/","title":{"rendered":"Diabetul insipid"},"content":{"rendered":"<p>Diabetul insipid este o boala, care se dezvolt\u0103 ca urmare a producerii insuficiente \u00een organism a hormonului antidiuretic vasopresina.<\/p>\n<p>Vasopresina \u0219i ocitocina se acumuleaz\u0103 \u00een partea posterioar\u0103 a glandei pituitare, dar se formeaz\u0103 \u00een hipotalamus. Hormonii, ajung\u00e2nd \u00een partea posterioar\u0103 a glandei pituitare, se adun\u0103 \u00een hipotalamus.<\/p>\n<p>Anume de aici, hormonii nimeresc \u00een s\u00e2nge \u0219i lichidul cefalorahidian.<br \/>\nVasopresina reglementeaz\u0103 \u00een corpul uman echilibrul apei \u0219i componen\u021ba osmotic\u0103 a tuturor lichidelor. Acest echilibru al lichidului este men\u021binut \u00een permanen\u021b\u0103 la nivelul necesar, altfel activitatea tuturor organelor \u0219i sistemelor vor ceda. Dac\u0103 componen\u0163a plasmei s\u00eengelul difer\u0103 c\u00eet de pu\u0163in de parametrii considera\u0163i norm\u0103, se simte sete, \u00eencepe s\u0103 se produc\u0103 \u00een exces vasopresina.<\/p>\n<p>Cre\u0219te nivelul invers de absorb\u021bie al apei la nivelul tubelor rinichilor. \u00cen acest caz volumul de urin\u0103 scade.<\/p>\n<p>Producerea vasopresinei cre\u0219te odat\u0103 cu sc\u0103derea nivelului de potasiu \u0219i calciu, dar \u00een acela\u015fi timp cre\u0219te nivelului de sodiu \u00een s\u00e2nge \u015fi a temperaturii corpului. Nicotina, morfina si adrenalina, de asemenea, stimuleaz\u0103 secre\u021bia de hormon.<\/p>\n<h3>Hormonul antidiuretic este secretat \u00een cantit\u0103\u021bi mici:<\/h3>\n<ul>\n<li>c\u00e2nd e prezent\u0103 hipertensiunea arterial\u0103;<\/li>\n<li>la o sc\u0103dere a temperaturii corpului;<\/li>\n<li>\u00een cazul consumului de alcool, clofelin\u0103, carbomozepin\u0103, haloperidol, beta-adrenoblocante.<\/li>\n<\/ul>\n<p>Hormonul men\u0163ine un nivel normal al tensiunii arteriale, contribuie la coagularea s\u00e2ngelui, este implicat \u00een procesul de memorizare.\u00a0Diabetul insipid se dezvolt\u0103 \u00een caz de abateri de la norm\u0103 a produc\u021biei de vasopresina de c\u0103tre celulele din hipotalamus.<\/p>\n<p>Maladia dat\u0103 se dezvolt\u0103 \u00een cazul, c\u00eend rinichii pierd sensibilitatea vis-a-vi de hormon, de\u015fi nivelu lui \u00een s\u00e2nge e la cota normal\u0103. La o stare boln\u0103vicioas\u0103 rinichii secret\u0103 o cantitate mare de urin\u0103, componentul principal fiind apa. S\u0103ruri \u0219i alte substan\u0163e \u00een ea, practic, nu exist\u0103. \u00cen acest caz, pacientul simte sete, deoarece lipse\u015fte echilibrul de ap\u0103 \u00een organism.<\/p>\n<h3>Cauzele bolii<\/h3>\n<ul>\n<li>patologii congenitale;<\/li>\n<li>tumori maligne;<\/li>\n<li>metastaze;<\/li>\n<li>meningite;<\/li>\n<li>encefalite;<\/li>\n<li>sifilis;<\/li>\n<li>anevrisme vasculare cerebrale;<\/li>\n<li>boli autoimune;patologie congenital\u0103;<\/li>\n<li>leziuni ale craniului \u0219i a creierului;<\/li>\n<li>interven\u0163ii chirurgicale pe creier (eliminarea adenoidelor hipofizare).<\/li>\n<\/ul>\n<p>Potrivit statisticilor, boala afecteaz\u0103 \u0219i femei, \u0219i b\u0103rba\u021bi.<\/p>\n<h3>Simptomele bolii<\/h3>\n<p>Un semnal al bolii este cre\u0219terea elimin\u0103rii a unei cantit\u0103\u0163i exagerate de urin\u0103 (de p\u00e2n\u0103 la 6 litri pe zi), o sete, care persist\u0103. Pacientul bea la fel de mult lichid, c\u00e2t de mult se elimin\u0103 din organism.<br \/>\nCre\u015fte nevoia de a urina, chiar \u0219i pe timp de noapte bolnavul e nevoit s\u0103 se trezeasc\u0103 din acest motiv. E deranjat somnul, pacientul este obosit, devine iritabil. Cantitatea de urin\u0103 cre\u0219te continuu, \u0219i poate ajunge p\u00een\u0103 la 20 de litri.<br \/>\nStarea pacientului se agraveaz\u0103: \u00eel deranjeaz\u0103 durerile de cap, pielea devine uscat\u0103, scade greutatea corporal\u0103, se mic\u015foreaz\u0103 saliva\u021bia, stomacul este deformat. Apar b\u0103t\u0103i de inim\u0103, scade tensiunea arterial\u0103, vezica urinar\u0103 \u00ee\u015fi schimb\u0103 forma.<\/p>\n<p>Starea dat\u0103 poate fi periculoas\u0103 pentru via\u021ba micilor pacien\u021bi:<\/p>\n<ul>\n<li>vomit\u0103ri persistente;<\/li>\n<li>febr\u0103;<\/li>\n<li>tulbur\u0103ri cu caracter neurologice.<\/li>\n<\/ul>\n<p>La pre\u0219colari \u0219i \u0219colarii mici se dezvolt\u0103 enurezisul.<\/p>\n<h3>Tratamentul<\/h3>\n<p>\u00cen caz de boal\u0103, trebuie urmat\u0103 dieta: de mic\u015forat cantitatea de proteine \u0219i sare (p\u00e2n\u0103 la 6 grame pe zi). Sunt necesare legumele, fructele, sucurile, produsele lactate.<\/p>\n<h3>Diabetul insipid: tratament, medicamente<\/h3>\n<p>Pentru tratament sunt indicate medicamentele:<\/p>\n<ul>\n<li>Clorpropamid\u0103;<\/li>\n<li>Desmopressina.<\/li>\n<\/ul>\n","protected":false},"excerpt":{"rendered":"<p>Diabetul insipid este o boala, care se dezvolt\u0103 ca urmare a producerii insuficiente \u00een organism a hormonului antidiuretic vasopresina. Vasopresina \u0219i ocitocina se acumuleaz\u0103 \u00een partea posterioar\u0103 a glandei pituitare, dar se formeaz\u0103 \u00een hipotalamus. Hormonii, ajung\u00e2nd \u00een partea posterioar\u0103 a glandei pituitare, se adun\u0103 \u00een hipotalamus. Anume de aici, hormonii nimeresc \u00een s\u00e2nge \u0219i [&hellip;]<\/p>\n","protected":false},"author":28,"featured_media":0,"parent":47544,"menu_order":0,"comment_status":"closed","ping_status":"closed","template":"","meta":{"inline_featured_image":false,"footnotes":""},"class_list":["post-49383","page","type-page","status-publish"],"yoast_head":"<!-- This site is optimized with the Yoast SEO plugin v27.3 - https:\/\/yoast.com\/product\/yoast-seo-wordpress\/ -->\n<title>Diabetul insipid<\/title>\n<meta name=\"description\" content=\"Diabetul insipid este o boala, care se dezvolt\u0103 ca urmare a producerii insuficiente \u00een organism a hormonului antidiuretic vasopresina.\" \/>\n<meta name=\"robots\" content=\"index, follow, max-snippet:-1, max-image-preview:large, max-video-preview:-1\" \/>\n<link rel=\"canonical\" href=\"https:\/\/sanatate.md\/ro\/boli-si-tratament\/boli-endocrine\/diabetul-insipid\/\" \/>\n<meta property=\"og:locale\" content=\"ro_RO\" \/>\n<meta property=\"og:type\" content=\"article\" \/>\n<meta property=\"og:title\" content=\"Diabetul insipid\" \/>\n<meta property=\"og:description\" content=\"Diabetul insipid este o boala, care se dezvolt\u0103 ca urmare a producerii insuficiente \u00een organism a hormonului antidiuretic vasopresina.\" \/>\n<meta property=\"og:url\" content=\"https:\/\/sanatate.md\/ro\/boli-si-tratament\/boli-endocrine\/diabetul-insipid\/\" \/>\n<meta property=\"og:site_name\" content=\"Sanatate.md\" \/>\n<meta name=\"twitter:card\" content=\"summary_large_image\" \/>\n<meta name=\"twitter:label1\" content=\"Timp estimat pentru citire\" \/>\n\t<meta name=\"twitter:data1\" content=\"3 minute\" \/>\n<script type=\"application\/ld+json\" class=\"yoast-schema-graph\">{\"@context\":\"https:\\\/\\\/schema.org\",\"@graph\":[{\"@type\":\"WebPage\",\"@id\":\"https:\\\/\\\/sanatate.md\\\/ro\\\/boli-si-tratament\\\/boli-endocrine\\\/diabetul-insipid\\\/\",\"url\":\"https:\\\/\\\/sanatate.md\\\/ro\\\/boli-si-tratament\\\/boli-endocrine\\\/diabetul-insipid\\\/\",\"name\":\"Diabetul insipid\",\"isPartOf\":{\"@id\":\"https:\\\/\\\/sanatate.md\\\/ro\\\/#website\"},\"datePublished\":\"2018-01-08T17:00:23+00:00\",\"description\":\"Diabetul insipid este o boala, care se dezvolt\u0103 ca urmare a producerii insuficiente \u00een organism a hormonului antidiuretic vasopresina.\",\"breadcrumb\":{\"@id\":\"https:\\\/\\\/sanatate.md\\\/ro\\\/boli-si-tratament\\\/boli-endocrine\\\/diabetul-insipid\\\/#breadcrumb\"},\"inLanguage\":\"ro-RO\",\"potentialAction\":[{\"@type\":\"ReadAction\",\"target\":[\"https:\\\/\\\/sanatate.md\\\/ro\\\/boli-si-tratament\\\/boli-endocrine\\\/diabetul-insipid\\\/\"]}]},{\"@type\":\"BreadcrumbList\",\"@id\":\"https:\\\/\\\/sanatate.md\\\/ro\\\/boli-si-tratament\\\/boli-endocrine\\\/diabetul-insipid\\\/#breadcrumb\",\"itemListElement\":[{\"@type\":\"ListItem\",\"position\":1,\"name\":\"\u0413\u043b\u0430\u0432\u043d\u0430\u044f \u0441\u0442\u0440\u0430\u043d\u0438\u0446\u0430\",\"item\":\"https:\\\/\\\/sanatate.md\\\/ro\\\/\"},{\"@type\":\"ListItem\",\"position\":2,\"name\":\"Boli si tratament\",\"item\":\"https:\\\/\\\/sanatate.md\\\/ro\\\/boli-si-tratament\\\/\"},{\"@type\":\"ListItem\",\"position\":3,\"name\":\"Boli endocrine\",\"item\":\"https:\\\/\\\/sanatate.md\\\/ro\\\/boli-si-tratament\\\/boli-endocrine\\\/\"},{\"@type\":\"ListItem\",\"position\":4,\"name\":\"Diabetul insipid\"}]},{\"@type\":\"WebSite\",\"@id\":\"https:\\\/\\\/sanatate.md\\\/ro\\\/#website\",\"url\":\"https:\\\/\\\/sanatate.md\\\/ro\\\/\",\"name\":\"Sanatate.md\",\"description\":\"\u0416\u0443\u0440\u043d\u0430\u043b \u0434\u043b\u044f \u0432\u0441\u0435\u0439 \u0441\u0435\u043c\u044c\u0438 \u0432 \u041c\u043e\u043b\u0434\u043e\u0432\u0435\",\"publisher\":{\"@id\":\"https:\\\/\\\/sanatate.md\\\/ro\\\/#organization\"},\"potentialAction\":[{\"@type\":\"SearchAction\",\"target\":{\"@type\":\"EntryPoint\",\"urlTemplate\":\"https:\\\/\\\/sanatate.md\\\/ro\\\/?s={search_term_string}\"},\"query-input\":{\"@type\":\"PropertyValueSpecification\",\"valueRequired\":true,\"valueName\":\"search_term_string\"}}],\"inLanguage\":\"ro-RO\"},{\"@type\":\"Organization\",\"@id\":\"https:\\\/\\\/sanatate.md\\\/ro\\\/#organization\",\"name\":\"SANATATE\",\"url\":\"https:\\\/\\\/sanatate.md\\\/ro\\\/\",\"logo\":{\"@type\":\"ImageObject\",\"inLanguage\":\"ro-RO\",\"@id\":\"https:\\\/\\\/sanatate.md\\\/ro\\\/#\\\/schema\\\/logo\\\/image\\\/\",\"url\":\"https:\\\/\\\/sanatate.md\\\/wp-content\\\/uploads\\\/2022\\\/01\\\/sanatate-logo.svg\",\"contentUrl\":\"https:\\\/\\\/sanatate.md\\\/wp-content\\\/uploads\\\/2022\\\/01\\\/sanatate-logo.svg\",\"width\":\"1024\",\"height\":\"1024\",\"caption\":\"SANATATE\"},\"image\":{\"@id\":\"https:\\\/\\\/sanatate.md\\\/ro\\\/#\\\/schema\\\/logo\\\/image\\\/\"}}]}<\/script>\n<!-- \/ Yoast SEO plugin. -->","yoast_head_json":{"title":"Diabetul insipid","description":"Diabetul insipid este o boala, care se dezvolt\u0103 ca urmare a producerii insuficiente \u00een organism a hormonului antidiuretic vasopresina.","robots":{"index":"index","follow":"follow","max-snippet":"max-snippet:-1","max-image-preview":"max-image-preview:large","max-video-preview":"max-video-preview:-1"},"canonical":"https:\/\/sanatate.md\/ro\/boli-si-tratament\/boli-endocrine\/diabetul-insipid\/","og_locale":"ro_RO","og_type":"article","og_title":"Diabetul insipid","og_description":"Diabetul insipid este o boala, care se dezvolt\u0103 ca urmare a producerii insuficiente \u00een organism a hormonului antidiuretic vasopresina.","og_url":"https:\/\/sanatate.md\/ro\/boli-si-tratament\/boli-endocrine\/diabetul-insipid\/","og_site_name":"Sanatate.md","twitter_card":"summary_large_image","twitter_misc":{"Timp estimat pentru citire":"3 minute"},"schema":{"@context":"https:\/\/schema.org","@graph":[{"@type":"WebPage","@id":"https:\/\/sanatate.md\/ro\/boli-si-tratament\/boli-endocrine\/diabetul-insipid\/","url":"https:\/\/sanatate.md\/ro\/boli-si-tratament\/boli-endocrine\/diabetul-insipid\/","name":"Diabetul insipid","isPartOf":{"@id":"https:\/\/sanatate.md\/ro\/#website"},"datePublished":"2018-01-08T17:00:23+00:00","description":"Diabetul insipid este o boala, care se dezvolt\u0103 ca urmare a producerii insuficiente \u00een organism a hormonului antidiuretic vasopresina.","breadcrumb":{"@id":"https:\/\/sanatate.md\/ro\/boli-si-tratament\/boli-endocrine\/diabetul-insipid\/#breadcrumb"},"inLanguage":"ro-RO","potentialAction":[{"@type":"ReadAction","target":["https:\/\/sanatate.md\/ro\/boli-si-tratament\/boli-endocrine\/diabetul-insipid\/"]}]},{"@type":"BreadcrumbList","@id":"https:\/\/sanatate.md\/ro\/boli-si-tratament\/boli-endocrine\/diabetul-insipid\/#breadcrumb","itemListElement":[{"@type":"ListItem","position":1,"name":"\u0413\u043b\u0430\u0432\u043d\u0430\u044f \u0441\u0442\u0440\u0430\u043d\u0438\u0446\u0430","item":"https:\/\/sanatate.md\/ro\/"},{"@type":"ListItem","position":2,"name":"Boli si tratament","item":"https:\/\/sanatate.md\/ro\/boli-si-tratament\/"},{"@type":"ListItem","position":3,"name":"Boli endocrine","item":"https:\/\/sanatate.md\/ro\/boli-si-tratament\/boli-endocrine\/"},{"@type":"ListItem","position":4,"name":"Diabetul insipid"}]},{"@type":"WebSite","@id":"https:\/\/sanatate.md\/ro\/#website","url":"https:\/\/sanatate.md\/ro\/","name":"Sanatate.md","description":"\u0416\u0443\u0440\u043d\u0430\u043b \u0434\u043b\u044f \u0432\u0441\u0435\u0439 \u0441\u0435\u043c\u044c\u0438 \u0432 \u041c\u043e\u043b\u0434\u043e\u0432\u0435","publisher":{"@id":"https:\/\/sanatate.md\/ro\/#organization"},"potentialAction":[{"@type":"SearchAction","target":{"@type":"EntryPoint","urlTemplate":"https:\/\/sanatate.md\/ro\/?s={search_term_string}"},"query-input":{"@type":"PropertyValueSpecification","valueRequired":true,"valueName":"search_term_string"}}],"inLanguage":"ro-RO"},{"@type":"Organization","@id":"https:\/\/sanatate.md\/ro\/#organization","name":"SANATATE","url":"https:\/\/sanatate.md\/ro\/","logo":{"@type":"ImageObject","inLanguage":"ro-RO","@id":"https:\/\/sanatate.md\/ro\/#\/schema\/logo\/image\/","url":"https:\/\/sanatate.md\/wp-content\/uploads\/2022\/01\/sanatate-logo.svg","contentUrl":"https:\/\/sanatate.md\/wp-content\/uploads\/2022\/01\/sanatate-logo.svg","width":"1024","height":"1024","caption":"SANATATE"},"image":{"@id":"https:\/\/sanatate.md\/ro\/#\/schema\/logo\/image\/"}}]}},"_links":{"self":[{"href":"https:\/\/sanatate.md\/ro\/wp-json\/wp\/v2\/pages\/49383","targetHints":{"allow":["GET"]}}],"collection":[{"href":"https:\/\/sanatate.md\/ro\/wp-json\/wp\/v2\/pages"}],"about":[{"href":"https:\/\/sanatate.md\/ro\/wp-json\/wp\/v2\/types\/page"}],"author":[{"embeddable":true,"href":"https:\/\/sanatate.md\/ro\/wp-json\/wp\/v2\/users\/28"}],"replies":[{"embeddable":true,"href":"https:\/\/sanatate.md\/ro\/wp-json\/wp\/v2\/comments?post=49383"}],"version-history":[{"count":0,"href":"https:\/\/sanatate.md\/ro\/wp-json\/wp\/v2\/pages\/49383\/revisions"}],"up":[{"embeddable":true,"href":"https:\/\/sanatate.md\/ro\/wp-json\/wp\/v2\/pages\/47544"}],"wp:attachment":[{"href":"https:\/\/sanatate.md\/ro\/wp-json\/wp\/v2\/media?parent=49383"}],"curies":[{"name":"wp","href":"https:\/\/api.w.org\/{rel}","templated":true}]}}