{"id":49386,"date":"2018-01-08T20:13:57","date_gmt":"2018-01-08T17:13:57","guid":{"rendered":"https:\/\/sanatate.md\/?page_id=49386"},"modified":"2018-01-08T20:13:57","modified_gmt":"2018-01-08T17:13:57","slug":"obezitatea","status":"publish","type":"page","link":"https:\/\/sanatate.md\/ro\/boli-si-tratament\/boli-endocrine\/obezitatea\/","title":{"rendered":"Obezitatea"},"content":{"rendered":"<p>Obezitatea este o boal\u0103, care se caracterizeaz\u0103 prin excesul de formare \u00een corpul uman a \u021besutului adipos. \u00cen cele mai multe cazuri, de aceast\u0103 boal\u0103 sufer\u0103 femeile \u00een v\u00e2rsta de peste patruzeci de ani.<\/p>\n<p>Excesul de gr\u0103sime se depune nu numai \u00een locurile fiziologice de depozitare, dar \u0219i \u00een zonele coapselor, pieptului \u0219i burtei. Riscul de obezitate presupune o serie de complica\u021bii \u0219i de diferite boli:<\/p>\n<ul>\n<li>boli de inim\u0103;<\/li>\n<li>osteoartrita articula\u021biilor;<\/li>\n<li>patologii degenerative: ateroscleroza vaselor etc.<\/li>\n<\/ul>\n<p>Diabetul zaharat \u0219i obezitatea \u00een cele mai multe cazuri, sunt inseparabile, deoarece excesul de greutate aproape \u00eentotdeauna contribuie la cre\u0219terea nivelului de zah\u0103r \u00een s\u00e2nge. De asemenea, e de remarcat faptul, c\u0103 obezitatea contribuie semnificativ la cre\u0219terea riscului apari\u021biei tumorilor maligne.<\/p>\n<h3>Cauzele obezit\u0103\u021bii<\/h3>\n<ul>\n<li>ereditatea;<\/li>\n<li>surmenajul nervos;<\/li>\n<li>stilul sedentar de via\u021b\u0103;<\/li>\n<li>malnutri\u021bia \u0219i modul gre\u0219it de alimentare;<\/li>\n<li>consumul de alimente grase \u00een cantit\u0103\u021bi mari;nivelul social sc\u0103zut.<\/li>\n<\/ul>\n<p>\u00cen urma unor procese, care provoac\u0103 dezvoltarea obezit\u0103\u0163ii, \u00een organism au loc reac\u021bii de tip biochimice, care duc la cre\u0219terea \u021besutului adipos \u0219i cre\u015fterea \u00een exces a greut\u0103\u0163ii corporale.<\/p>\n<p>Unul dintre principalii factori, care provoac\u0103 apari\u021bia obezit\u0103\u021bii, este o abatere \u00een echilibrului energetic. Dac\u0103 consumul de alimente \u0219i consumul de energie la efectuarea oric\u0103ror ac\u0163iuni fizice \u0219i motrice nu sunt echilibrate, atunci organismul r\u0103spunde prin elaborarea \u00een exces a \u021besutului adipos.<\/p>\n<p>Obezitatea apare, de asemenea, \u00een cazul supraaliment\u0103rii \u0219i a unui stil inactiv de via\u021b\u0103. Un rol deosebit \u00eel are factorul ereditar \u0219i predispozi\u021bia constitu\u0163ional\u0103. Dac\u0103 p\u0103rin\u021bii au un exces de mas\u0103 corporal\u0103, copiii lor trebuie s\u0103 respecte un echilibru \u00een procesele metabolice din organism \u0219i s\u0103 monitorizeze greutatea corporal\u0103.<\/p>\n<h3>Obezitatea apare la astfel de factori:<\/h3>\n<ul>\n<li>de v\u00e2rst\u0103;<\/li>\n<li>sex;<\/li>\n<li>profesie;<\/li>\n<li>graviditate;<\/li>\n<li>perioada de al\u0103ptare;<\/li>\n<li>climax.<\/li>\n<\/ul>\n<h3>Deci principalele cauze ale obezit\u0103\u021bii sunt:<\/h3>\n<ul>\n<li>lipsa sau absen\u021ba absolut\u0103 a efortului fizic;<\/li>\n<li>un stil de viat\u0103 sedentar;<\/li>\n<li>modul gre\u0219it de alimentare, d\u00eendu-se preferin\u0163\u0103 grasimilor si \u00eenc\u0103lcind echilibrul energetic;<\/li>\n<li>tulbur\u0103ri metabolice;<\/li>\n<li>tulbur\u0103ri \u00een func\u021bionarea glandelor sexuale \u0219i a tiroidei.<\/li>\n<\/ul>\n<h3>Tipurile de obezitate<\/h3>\n<p>Exist\u0103 tipuri de obezitate \u00een dependen\u0163\u0103 de locul de acumulare a \u021besutului adipos:<br \/>\nobezitatea care se caracterizeaz\u0103 prin acumularea stratului adipos \u00een zona trunchiului \u0219i anume pe abdomen \u0219i \u00een zonele axilare.<\/p>\n<p>Acest tip de \u00een cele mai multe cazuri este diagnosticat la b\u0103rba\u021bi \u2013 obezitatea de tip masculin;\u00a0obezitatea care se caracterizeaz\u0103 prin acumularea de \u0163esut adipos sub piele, partea de jos a abdomenului \u0219i \u00een zona coapselor \u2013 obezitatea de tip feminin;<br \/>\nobezitatea de tip mixt se caracterizeaz\u0103 prin distribu\u021bie uniform\u0103 a \u021besutului adipos \u00een jurul corpului.<\/p>\n<p>De asemenea, se atest\u0103 o subspecie de obezitate \u2013 cea abdominal\u0103, care se caracterizeaz\u0103 prin acumularea de gr\u0103sime \u00een zona abdominal\u0103: sub piele \u0219i \u00een jurul organelor interne, ceea ce duce la diferite complica\u021bii \u0219i boli (de exemplu, hipertensiune arterial\u0103, diabet zaharat, boli ale sistemului cardiovascular).<br \/>\nPe motiv de apari\u021bie se deosebesc obezitate primar\u0103 \u0219i secundar\u0103.<\/p>\n<p>1.Obezitatea primar\u0103 mai are o denumire \u2013 obezitatea alimentar\u0103. Aceast\u0103 form\u0103 de boal\u0103 se dezvolt\u0103 ca urmare a supraaliment\u0103rii sistematice \u00een lipsa efortului fizic. \u00cen organismul uman gr\u0103simile vin \u00eempreun\u0103 cu alimentele (sau odat\u0103 cu produsele alimentare nimeresc carbohidrati, care ulterior se transform\u0103 \u00een gr\u0103sime la nivelul \u00eenalt de zah\u0103r \u00een s\u00e2nge) \u0219i nu ard \u00een cantit\u0103\u021bi suficiente. Ca urmare, surplusurile de gr\u0103sime se depoziteaz\u0103 \u00een \u021besutul subcutanat sau \u00een preajma organelor interne.<\/p>\n<p>2. Obezitatea secundar\u0103 are trei variante:<\/p>\n<ul>\n<li>obezitatea cerebral\u0103, care apare ca urmare a abaterilor \u00een centrele creierului care gestioneaz\u0103 alimentarea. Cauzele acestor tulbur\u0103ri sunt: tumori \u00een creier, traume cranio-cerebrale, rezultatele interven\u021biei chirurgicale, boli infec\u021bioase (encefalita etc.);<\/li>\n<li>obezitatea de tip endocrinolog, care apare ca urmare a \u00eenc\u0103lc\u0103rii de func\u021bionare a sistemului endocrin \u0219i a dezechilibrului \u00een producerea de hormoni. Acest tip de obezitate mai are astfel de forme: hipotiroid, pituitar, suprarenal, climax \u0219i mixt;<\/li>\n<li>obezitatea, care apare pe fondul de dezvoltare de boli mintale sau dup\u0103 administrarea medicamentelor din grupul neuroleptic.<\/li>\n<\/ul>\n<h3>Gradul de obezitate<\/h3>\n<p>P\u00e2n\u0103 \u00een prezent, \u00een medicina s-au stabilit dou\u0103 etape \u0219i patru grade de aceast\u0103 boal\u0103.<\/p>\n<p>Stadiile de obezitate:<\/p>\n<ul>\n<li>etapa stabil\u0103, \u00een care greutatea se men\u0163ine stabil;<\/li>\n<li>etapa progresiv\u0103, \u00een care greutatea e \u00een permanent\u0103 cre\u0219tere.<\/li>\n<\/ul>\n<p>Gradele de obezitate<\/p>\n<ul>\n<li>primul este caracterizat prin dep\u0103\u0219irea individual\u0103 a normei de mas\u0103 corporal\u0103 de peste 29 % \u0219i gradul de obezitate deja e vizibil;<\/li>\n<li>al doilea este caracterizat prin dep\u0103\u0219irea masei corporale cu 30-40 %;<\/li>\n<li>gradul trei se caracterizeaz\u0103 prin dep\u0103\u0219irea masei corporale cu 50-90 %.<\/li>\n<li>al patrulea se caracterizeaz\u0103 prin cre\u0219terea masei corporale de 100% \u0219i mai mult.<\/li>\n<\/ul>\n<p>Speciali\u0219tii analizeaz\u0103 gradul de obezitate conform unor indici ai masei corporale.<\/p>\n<h3>Simptomele de obezitate<\/h3>\n<p>De regul\u0103, pacien\u021bii cu primul sau al doilea grad de boal\u0103 nu simt disconfort din cauza obezit\u0103\u0163ii. Al treilea \u0219i al patrulea grad de obezitate se caracterizeaz\u0103 prin prezen\u021ba unor astfel de simptome:<\/p>\n<ul>\n<li>somnolen\u021b\u0103;<\/li>\n<li>sl\u0103biciune \u00een organism;<\/li>\n<li>starea de spirit proast\u0103, cu frecvente schimb\u0103ri;<\/li>\n<li>iritabilitate;<\/li>\n<li>dificult\u0103\u021bi de respira\u021bie;<\/li>\n<li>umflarea membrelor inferioare;<\/li>\n<li>senza\u021biile de durere \u00een articula\u021bii \u0219i \u00een zona coloanei vertebrale.<\/li>\n<\/ul>\n<p>\u00cen cazul obezit\u0103\u0163ii de form\u0103 hipotalamic\u0103 (\u00eenfr\u00e2ngerea zonei diencefalice &#8211; primul bloc al creierului) simptomele sunt:<\/p>\n<ul>\n<li>apetit puternic, care \u00een cele mai multe cazuri se intensific\u0103 mai aproape de noapte;<\/li>\n<li>continu\u0103 senza\u021bie de sete;<\/li>\n<li>\u00eenr\u0103ut\u0103\u021birea st\u0103rii tegumentelor, apari\u021bia de pete de v\u00e2rst\u0103, puncte roze (procese atrofice) pe pielea de pe coapse, abdomen, umeri \u0219i \u00een zona depresiunilor axilare;<\/li>\n<li>la femei este perturbat ciclul menstrual, se poate produce infertilitatea;<\/li>\n<li>la b\u0103rba\u021bi este semnificativ redus\u0103 poten\u021b\u0103.<\/li>\n<\/ul>\n<h3>Diagnosticarea<\/h3>\n<p>Stabilirea obezit\u0103\u021bii se face prin efectuarea diverselor cercet\u0103ri, care \u00een cele mai multe cazuri le indic\u0103 un medic-endocrinolog.<\/p>\n<h3>Tratamentul obezit\u0103\u021bii<\/h3>\n<p>Tratamentul acestei boli este un proces complex \u0219i destul de lung, deaceea este foarte important s\u0103 I se acorde o aten\u021bie sporit\u0103 a m\u0103surilor de dezvoltare a obezit\u0103\u021bii. De asemenea, s\u0103 ne amintim, c\u0103 obezitatea nu apare brusc, ci se dezvolt\u0103 treptat.<\/p>\n<p>La primele semne de obezitate, trebuie s\u0103 contacta\u021bi imediat un dietetician \u0219i endocrinolog. Este foarte important de a controla greutatea corporal\u0103, men\u021binerea ei la acela\u0219i nivel. De asemenea, este principial\u0103 dieta \u00een caz de obezitate \u0219i efectuarea unui complex de exerci\u021bii, care v\u0103 va oferi o oportunitate pentru un timp de a normaliza greutatea.<\/p>\n","protected":false},"excerpt":{"rendered":"<p>Obezitatea este o boal\u0103, care se caracterizeaz\u0103 prin excesul de formare \u00een corpul uman a \u021besutului adipos. \u00cen cele mai multe cazuri, de aceast\u0103 boal\u0103 sufer\u0103 femeile \u00een v\u00e2rsta de peste patruzeci de ani. Excesul de gr\u0103sime se depune nu numai \u00een locurile fiziologice de depozitare, dar \u0219i \u00een zonele coapselor, pieptului \u0219i burtei. Riscul [&hellip;]<\/p>\n","protected":false},"author":28,"featured_media":0,"parent":47544,"menu_order":0,"comment_status":"closed","ping_status":"closed","template":"","meta":{"inline_featured_image":false,"footnotes":""},"class_list":["post-49386","page","type-page","status-publish"],"yoast_head":"<!-- This site is optimized with the Yoast SEO plugin v27.3 - https:\/\/yoast.com\/product\/yoast-seo-wordpress\/ -->\n<title>Obezitatea<\/title>\n<meta name=\"description\" content=\"Obezitatea este o boal\u0103, care se caracterizeaz\u0103 prin excesul de formare \u00een corpul uman a \u021besutului adipos.\" \/>\n<meta name=\"robots\" content=\"index, follow, max-snippet:-1, max-image-preview:large, max-video-preview:-1\" \/>\n<link rel=\"canonical\" href=\"https:\/\/sanatate.md\/ro\/boli-si-tratament\/boli-endocrine\/obezitatea\/\" \/>\n<meta property=\"og:locale\" content=\"ro_RO\" \/>\n<meta property=\"og:type\" content=\"article\" \/>\n<meta property=\"og:title\" content=\"Obezitatea\" \/>\n<meta property=\"og:description\" content=\"Obezitatea este o boal\u0103, care se caracterizeaz\u0103 prin excesul de formare \u00een corpul uman a \u021besutului adipos.\" \/>\n<meta property=\"og:url\" content=\"https:\/\/sanatate.md\/ro\/boli-si-tratament\/boli-endocrine\/obezitatea\/\" \/>\n<meta property=\"og:site_name\" content=\"Sanatate.md\" \/>\n<meta name=\"twitter:card\" content=\"summary_large_image\" \/>\n<meta name=\"twitter:label1\" content=\"Timp estimat pentru citire\" \/>\n\t<meta name=\"twitter:data1\" content=\"5 minute\" \/>\n<script type=\"application\/ld+json\" class=\"yoast-schema-graph\">{\"@context\":\"https:\\\/\\\/schema.org\",\"@graph\":[{\"@type\":\"WebPage\",\"@id\":\"https:\\\/\\\/sanatate.md\\\/ro\\\/boli-si-tratament\\\/boli-endocrine\\\/obezitatea\\\/\",\"url\":\"https:\\\/\\\/sanatate.md\\\/ro\\\/boli-si-tratament\\\/boli-endocrine\\\/obezitatea\\\/\",\"name\":\"Obezitatea\",\"isPartOf\":{\"@id\":\"https:\\\/\\\/sanatate.md\\\/ro\\\/#website\"},\"datePublished\":\"2018-01-08T17:13:57+00:00\",\"description\":\"Obezitatea este o boal\u0103, care se caracterizeaz\u0103 prin excesul de formare \u00een corpul uman a \u021besutului adipos.\",\"breadcrumb\":{\"@id\":\"https:\\\/\\\/sanatate.md\\\/ro\\\/boli-si-tratament\\\/boli-endocrine\\\/obezitatea\\\/#breadcrumb\"},\"inLanguage\":\"ro-RO\",\"potentialAction\":[{\"@type\":\"ReadAction\",\"target\":[\"https:\\\/\\\/sanatate.md\\\/ro\\\/boli-si-tratament\\\/boli-endocrine\\\/obezitatea\\\/\"]}]},{\"@type\":\"BreadcrumbList\",\"@id\":\"https:\\\/\\\/sanatate.md\\\/ro\\\/boli-si-tratament\\\/boli-endocrine\\\/obezitatea\\\/#breadcrumb\",\"itemListElement\":[{\"@type\":\"ListItem\",\"position\":1,\"name\":\"\u0413\u043b\u0430\u0432\u043d\u0430\u044f \u0441\u0442\u0440\u0430\u043d\u0438\u0446\u0430\",\"item\":\"https:\\\/\\\/sanatate.md\\\/ro\\\/\"},{\"@type\":\"ListItem\",\"position\":2,\"name\":\"Boli si tratament\",\"item\":\"https:\\\/\\\/sanatate.md\\\/ro\\\/boli-si-tratament\\\/\"},{\"@type\":\"ListItem\",\"position\":3,\"name\":\"Boli endocrine\",\"item\":\"https:\\\/\\\/sanatate.md\\\/ro\\\/boli-si-tratament\\\/boli-endocrine\\\/\"},{\"@type\":\"ListItem\",\"position\":4,\"name\":\"Obezitatea\"}]},{\"@type\":\"WebSite\",\"@id\":\"https:\\\/\\\/sanatate.md\\\/ro\\\/#website\",\"url\":\"https:\\\/\\\/sanatate.md\\\/ro\\\/\",\"name\":\"Sanatate.md\",\"description\":\"\u0416\u0443\u0440\u043d\u0430\u043b \u0434\u043b\u044f \u0432\u0441\u0435\u0439 \u0441\u0435\u043c\u044c\u0438 \u0432 \u041c\u043e\u043b\u0434\u043e\u0432\u0435\",\"publisher\":{\"@id\":\"https:\\\/\\\/sanatate.md\\\/ro\\\/#organization\"},\"potentialAction\":[{\"@type\":\"SearchAction\",\"target\":{\"@type\":\"EntryPoint\",\"urlTemplate\":\"https:\\\/\\\/sanatate.md\\\/ro\\\/?s={search_term_string}\"},\"query-input\":{\"@type\":\"PropertyValueSpecification\",\"valueRequired\":true,\"valueName\":\"search_term_string\"}}],\"inLanguage\":\"ro-RO\"},{\"@type\":\"Organization\",\"@id\":\"https:\\\/\\\/sanatate.md\\\/ro\\\/#organization\",\"name\":\"SANATATE\",\"url\":\"https:\\\/\\\/sanatate.md\\\/ro\\\/\",\"logo\":{\"@type\":\"ImageObject\",\"inLanguage\":\"ro-RO\",\"@id\":\"https:\\\/\\\/sanatate.md\\\/ro\\\/#\\\/schema\\\/logo\\\/image\\\/\",\"url\":\"https:\\\/\\\/sanatate.md\\\/wp-content\\\/uploads\\\/2022\\\/01\\\/sanatate-logo.svg\",\"contentUrl\":\"https:\\\/\\\/sanatate.md\\\/wp-content\\\/uploads\\\/2022\\\/01\\\/sanatate-logo.svg\",\"width\":\"1024\",\"height\":\"1024\",\"caption\":\"SANATATE\"},\"image\":{\"@id\":\"https:\\\/\\\/sanatate.md\\\/ro\\\/#\\\/schema\\\/logo\\\/image\\\/\"}}]}<\/script>\n<!-- \/ Yoast SEO plugin. -->","yoast_head_json":{"title":"Obezitatea","description":"Obezitatea este o boal\u0103, care se caracterizeaz\u0103 prin excesul de formare \u00een corpul uman a \u021besutului adipos.","robots":{"index":"index","follow":"follow","max-snippet":"max-snippet:-1","max-image-preview":"max-image-preview:large","max-video-preview":"max-video-preview:-1"},"canonical":"https:\/\/sanatate.md\/ro\/boli-si-tratament\/boli-endocrine\/obezitatea\/","og_locale":"ro_RO","og_type":"article","og_title":"Obezitatea","og_description":"Obezitatea este o boal\u0103, care se caracterizeaz\u0103 prin excesul de formare \u00een corpul uman a \u021besutului adipos.","og_url":"https:\/\/sanatate.md\/ro\/boli-si-tratament\/boli-endocrine\/obezitatea\/","og_site_name":"Sanatate.md","twitter_card":"summary_large_image","twitter_misc":{"Timp estimat pentru citire":"5 minute"},"schema":{"@context":"https:\/\/schema.org","@graph":[{"@type":"WebPage","@id":"https:\/\/sanatate.md\/ro\/boli-si-tratament\/boli-endocrine\/obezitatea\/","url":"https:\/\/sanatate.md\/ro\/boli-si-tratament\/boli-endocrine\/obezitatea\/","name":"Obezitatea","isPartOf":{"@id":"https:\/\/sanatate.md\/ro\/#website"},"datePublished":"2018-01-08T17:13:57+00:00","description":"Obezitatea este o boal\u0103, care se caracterizeaz\u0103 prin excesul de formare \u00een corpul uman a \u021besutului adipos.","breadcrumb":{"@id":"https:\/\/sanatate.md\/ro\/boli-si-tratament\/boli-endocrine\/obezitatea\/#breadcrumb"},"inLanguage":"ro-RO","potentialAction":[{"@type":"ReadAction","target":["https:\/\/sanatate.md\/ro\/boli-si-tratament\/boli-endocrine\/obezitatea\/"]}]},{"@type":"BreadcrumbList","@id":"https:\/\/sanatate.md\/ro\/boli-si-tratament\/boli-endocrine\/obezitatea\/#breadcrumb","itemListElement":[{"@type":"ListItem","position":1,"name":"\u0413\u043b\u0430\u0432\u043d\u0430\u044f \u0441\u0442\u0440\u0430\u043d\u0438\u0446\u0430","item":"https:\/\/sanatate.md\/ro\/"},{"@type":"ListItem","position":2,"name":"Boli si tratament","item":"https:\/\/sanatate.md\/ro\/boli-si-tratament\/"},{"@type":"ListItem","position":3,"name":"Boli endocrine","item":"https:\/\/sanatate.md\/ro\/boli-si-tratament\/boli-endocrine\/"},{"@type":"ListItem","position":4,"name":"Obezitatea"}]},{"@type":"WebSite","@id":"https:\/\/sanatate.md\/ro\/#website","url":"https:\/\/sanatate.md\/ro\/","name":"Sanatate.md","description":"\u0416\u0443\u0440\u043d\u0430\u043b \u0434\u043b\u044f \u0432\u0441\u0435\u0439 \u0441\u0435\u043c\u044c\u0438 \u0432 \u041c\u043e\u043b\u0434\u043e\u0432\u0435","publisher":{"@id":"https:\/\/sanatate.md\/ro\/#organization"},"potentialAction":[{"@type":"SearchAction","target":{"@type":"EntryPoint","urlTemplate":"https:\/\/sanatate.md\/ro\/?s={search_term_string}"},"query-input":{"@type":"PropertyValueSpecification","valueRequired":true,"valueName":"search_term_string"}}],"inLanguage":"ro-RO"},{"@type":"Organization","@id":"https:\/\/sanatate.md\/ro\/#organization","name":"SANATATE","url":"https:\/\/sanatate.md\/ro\/","logo":{"@type":"ImageObject","inLanguage":"ro-RO","@id":"https:\/\/sanatate.md\/ro\/#\/schema\/logo\/image\/","url":"https:\/\/sanatate.md\/wp-content\/uploads\/2022\/01\/sanatate-logo.svg","contentUrl":"https:\/\/sanatate.md\/wp-content\/uploads\/2022\/01\/sanatate-logo.svg","width":"1024","height":"1024","caption":"SANATATE"},"image":{"@id":"https:\/\/sanatate.md\/ro\/#\/schema\/logo\/image\/"}}]}},"_links":{"self":[{"href":"https:\/\/sanatate.md\/ro\/wp-json\/wp\/v2\/pages\/49386","targetHints":{"allow":["GET"]}}],"collection":[{"href":"https:\/\/sanatate.md\/ro\/wp-json\/wp\/v2\/pages"}],"about":[{"href":"https:\/\/sanatate.md\/ro\/wp-json\/wp\/v2\/types\/page"}],"author":[{"embeddable":true,"href":"https:\/\/sanatate.md\/ro\/wp-json\/wp\/v2\/users\/28"}],"replies":[{"embeddable":true,"href":"https:\/\/sanatate.md\/ro\/wp-json\/wp\/v2\/comments?post=49386"}],"version-history":[{"count":0,"href":"https:\/\/sanatate.md\/ro\/wp-json\/wp\/v2\/pages\/49386\/revisions"}],"up":[{"embeddable":true,"href":"https:\/\/sanatate.md\/ro\/wp-json\/wp\/v2\/pages\/47544"}],"wp:attachment":[{"href":"https:\/\/sanatate.md\/ro\/wp-json\/wp\/v2\/media?parent=49386"}],"curies":[{"name":"wp","href":"https:\/\/api.w.org\/{rel}","templated":true}]}}