{"id":49389,"date":"2018-01-08T20:23:13","date_gmt":"2018-01-08T17:23:13","guid":{"rendered":"https:\/\/sanatate.md\/?page_id=49389"},"modified":"2018-01-08T20:23:13","modified_gmt":"2018-01-08T17:23:13","slug":"dezvoltarea-sexuala-prematura","status":"publish","type":"page","link":"https:\/\/sanatate.md\/ro\/boli-si-tratament\/boli-endocrine\/dezvoltarea-sexuala-prematura\/","title":{"rendered":"Dezvoltarea sexual\u0103 prematur\u0103"},"content":{"rendered":"<p>Dezvoltarea sexual\u0103 prematur\u0103 a copilului are loc \u00een diferite perioade:<\/p>\n<ul>\n<li>la fete p\u00e2n\u0103 la v\u00e2rsta de opt ani;<\/li>\n<li>la b\u0103ie\u021bi sub v\u00e2rsta de zece ani.<\/li>\n<\/ul>\n<h3>Motivele<\/h3>\n<p>Odat\u0103 cu dezvoltarea proceselor patologice la nivelul glandei hipotalamus a sistemului pituitar-hipotalamic, apar o serie de modific\u0103ri, care seam\u0103n\u0103 cu cele de dezvoltare sexual\u0103 \u00een termen normal \u0219i duc la dezvoltarea secre\u021biei de hormoni respectivi.<\/p>\n<p>Astfel apare pubertatea, care simuleaz\u0103 stadiile prepubertar \u0219i pubertar (adev\u0103rata maturizare timpurie la fete \u0219i b\u0103ie\u021bi).<\/p>\n<h3>Simptomele<\/h3>\n<p>\u00cen prezen\u021ba tumorilor gonadelor, corticosuprarenale sau \u00eenc\u0103lc\u0103ri \u00een suprarenale are loc, de fapt, o pubertate precoce fals\u0103. Exist\u0103 astfel de fenomene:<\/p>\n<ul>\n<li>nivel sc\u0103zut de secre\u021bie de gonadotropi;<\/li>\n<li>producerea excesiv\u0103 a tumorilor gonadelor sau hormonii cortexului suprarenali nu corespund modific\u0103rilor, care sunt caracteristice perioadei de pubertate;<\/li>\n<li>infantilismul gonade r\u0103m\u00e2ne neschimbat.<\/li>\n<\/ul>\n<p>La fete, acest fenomen poate avea o form\u0103 heterosexual\u0103 &#8211; \u00een diagnosticarea sindromului adrenogenital sau a formei iso sexuale &#8211; \u00een prezen\u021ba tumorilor \u00een ovare.\u00a0La b\u0103ieti, maturizarea sexuala a formei iso sexuale este aproape intotdeauna observat\u0103.<\/p>\n<h3>Simptomatologia<\/h3>\n<p>At\u00e2t la b\u0103ie\u021bi c\u00e2t \u0219i la fetel se observ\u0103 accelerarea cre\u0219terii \u0219i m\u0103ririi \u00een greutate, precum \u0219i avansarea copiilor de aceea\u015fi v\u00eerst\u0103 \u00een dezvoltarea sistemului de reproducere.<\/p>\n<h3>La fete sunt observate urm\u0103toarele modific\u0103ri:<\/h3>\n<ul>\n<li>cre\u0219terea volumului glandelor mamare;<\/li>\n<li>p\u0103rul din regiunea pubian\u0103;<\/li>\n<li>elimin\u0103ri cu s\u00e2nge din vagin;<\/li>\n<li>cre\u0219terea m\u0103rimii uterului \u0219i a anexelor sale, caracteristice perioadei pubertare;<\/li>\n<li>poate s\u0103 apar\u0103 menstrua\u021bia cu o regularitate natural\u0103.<\/li>\n<\/ul>\n<p>La b\u0103ie\u021bi apar astfel de modific\u0103ri:<\/p>\n<ul>\n<li>cre\u0219terea \u00een dimensiuni a glandelor mamare;<\/li>\n<li>apari\u0163ia p\u0103rului \u00een zona pubian\u0103 \u0219i pe fa\u021b\u0103;<\/li>\n<li>frecvente polu\u0163ii;<\/li>\n<li>apari\u021bia erec\u021biilor;<\/li>\n<li>accelerarea diferen\u021bierii scheletului.<\/li>\n<\/ul>\n<p>\u00cen unele cazuri, se opre\u0219te cre\u0219terea. Deseori apar\u00a0 tulbur\u0103ri \u00een func\u021bionarea sistemului nervos, care se manifest\u0103 prin:<\/p>\n<ul>\n<li>frecvente dureri de cap;<\/li>\n<li>oboseal\u0103 rapid\u0103;<\/li>\n<li>polidipsie;<\/li>\n<li>bulimie;<\/li>\n<li>v\u0103t\u0103marea nervilor, care sunt responsabili pentru func\u021bia organelor sistemului vizual.<\/li>\n<\/ul>\n<h3>Diagnosticul metodelor moderne de tratament<\/h3>\n<p>Diagnosticarea acestui fenomen \u00eel poate face endocrinologul pentru copii, care e specializat \u00een tulbur\u0103rile hormonale. Dup\u0103 studierea istoricului bolii \u0219i examinarea copilului, medicul recomand\u0103 testele necesare pentru a confirma sau a nega diagnosticul.<\/p>\n<p>Examinarea fizic\u0103 face posibil\u0103 detectarea semnelor de pubertate prematur\u0103.\u00a0De asemenea, este necesar s\u0103 se efectueze o examinare cu raze X a \u00eencheieturilor \u0219i a palmelor copilului, ceea ce va oferi posibilitatea&#8211; de a stabili v\u00e2rsta sistemului scheletar \u0219i a determina viteza de cre\u0219tere a acestuia.<\/p>\n<p>Pentru diagnosticare sunt utilizate diferite metode moderne:<\/p>\n<ul>\n<li>imagistica prin rezonan\u021b\u0103 magnetic\u0103 permite determinarea prezen\u021bei anomaliilor \u00een dezvoltarea creierului;<\/li>\n<li>examinarea glandei tiroide face posibil\u0103 stabilirea prezen\u021bei hipotiroidismului;<\/li>\n<li>examinarea cu ultrasunete a organelor pelviene va dezv\u0103lui chisturile pe ovare sau prezen\u021ba tumorilor.<\/li>\n<\/ul>\n<h3>Tratamentul<\/h3>\n<p>Metodele moderne de tratament implic\u0103 dou\u0103 abord\u0103ri, \u00een func\u021bie de cauza pubert\u0103\u021bii premature:<\/p>\n<ul>\n<li>tratamentul cauzei acestei patologii (de exemplu, \u00een prezen\u021ba unei tumori, este necesar s\u0103 se efectueze eliminarea rapid\u0103);<\/li>\n<li>sc\u0103derea nivelului de producere a hormonilor sexuali cu preparate medicamentoase pentru a \u00eencetini dezvoltarea sexual\u0103.<\/li>\n<\/ul>\n<h3>Recomand\u0103ri clinice<\/h3>\n<p>Tratamentul eficient al acestui fenomen face posibil\u0103 oprirea procesului de dezvoltare sexual\u0103 timpurie p\u00e2n\u0103 c\u00e2nd copilul atinge nivelul de dezvoltare normal pentru o anumit\u0103 v\u00e2rst\u0103.\u00a0\u00cen caz de un tratament neadecvat, exist\u0103 pericolul de a \u00eencetini dezvoltarea fizic\u0103, precum \u0219i mental\u0103 a copilului.<\/p>\n","protected":false},"excerpt":{"rendered":"<p>Dezvoltarea sexual\u0103 prematur\u0103 a copilului are loc \u00een diferite perioade: la fete p\u00e2n\u0103 la v\u00e2rsta de opt ani; la b\u0103ie\u021bi sub v\u00e2rsta de zece ani. Motivele Odat\u0103 cu dezvoltarea proceselor patologice la nivelul glandei hipotalamus a sistemului pituitar-hipotalamic, apar o serie de modific\u0103ri, care seam\u0103n\u0103 cu cele de dezvoltare sexual\u0103 \u00een termen normal \u0219i duc [&hellip;]<\/p>\n","protected":false},"author":28,"featured_media":0,"parent":47544,"menu_order":0,"comment_status":"closed","ping_status":"closed","template":"","meta":{"inline_featured_image":false,"footnotes":""},"class_list":["post-49389","page","type-page","status-publish"],"yoast_head":"<!-- This site is optimized with the Yoast SEO plugin v27.3 - https:\/\/yoast.com\/product\/yoast-seo-wordpress\/ -->\n<title>Dezvoltarea sexual\u0103 prematur\u0103<\/title>\n<meta name=\"description\" content=\"dat\u0103 cu dezvoltarea proceselor patologice la nivelul glandei hipotalamus a sistemului pituitar-hipotalamic, apar o serie de modific\u0103ri, care\" \/>\n<meta name=\"robots\" content=\"index, follow, max-snippet:-1, max-image-preview:large, max-video-preview:-1\" \/>\n<link rel=\"canonical\" href=\"https:\/\/sanatate.md\/ro\/boli-si-tratament\/boli-endocrine\/dezvoltarea-sexuala-prematura\/\" \/>\n<meta property=\"og:locale\" content=\"ro_RO\" \/>\n<meta property=\"og:type\" content=\"article\" \/>\n<meta property=\"og:title\" content=\"Dezvoltarea sexual\u0103 prematur\u0103\" \/>\n<meta property=\"og:description\" content=\"dat\u0103 cu dezvoltarea proceselor patologice la nivelul glandei hipotalamus a sistemului pituitar-hipotalamic, apar o serie de modific\u0103ri, care\" \/>\n<meta property=\"og:url\" content=\"https:\/\/sanatate.md\/ro\/boli-si-tratament\/boli-endocrine\/dezvoltarea-sexuala-prematura\/\" \/>\n<meta property=\"og:site_name\" content=\"Sanatate.md\" \/>\n<meta name=\"twitter:card\" content=\"summary_large_image\" \/>\n<meta name=\"twitter:label1\" content=\"Timp estimat pentru citire\" \/>\n\t<meta name=\"twitter:data1\" content=\"3 minute\" \/>\n<script type=\"application\/ld+json\" class=\"yoast-schema-graph\">{\"@context\":\"https:\\\/\\\/schema.org\",\"@graph\":[{\"@type\":\"WebPage\",\"@id\":\"https:\\\/\\\/sanatate.md\\\/ro\\\/boli-si-tratament\\\/boli-endocrine\\\/dezvoltarea-sexuala-prematura\\\/\",\"url\":\"https:\\\/\\\/sanatate.md\\\/ro\\\/boli-si-tratament\\\/boli-endocrine\\\/dezvoltarea-sexuala-prematura\\\/\",\"name\":\"Dezvoltarea sexual\u0103 prematur\u0103\",\"isPartOf\":{\"@id\":\"https:\\\/\\\/sanatate.md\\\/ro\\\/#website\"},\"datePublished\":\"2018-01-08T17:23:13+00:00\",\"description\":\"dat\u0103 cu dezvoltarea proceselor patologice la nivelul glandei hipotalamus a sistemului pituitar-hipotalamic, apar o serie de modific\u0103ri, care\",\"breadcrumb\":{\"@id\":\"https:\\\/\\\/sanatate.md\\\/ro\\\/boli-si-tratament\\\/boli-endocrine\\\/dezvoltarea-sexuala-prematura\\\/#breadcrumb\"},\"inLanguage\":\"ro-RO\",\"potentialAction\":[{\"@type\":\"ReadAction\",\"target\":[\"https:\\\/\\\/sanatate.md\\\/ro\\\/boli-si-tratament\\\/boli-endocrine\\\/dezvoltarea-sexuala-prematura\\\/\"]}]},{\"@type\":\"BreadcrumbList\",\"@id\":\"https:\\\/\\\/sanatate.md\\\/ro\\\/boli-si-tratament\\\/boli-endocrine\\\/dezvoltarea-sexuala-prematura\\\/#breadcrumb\",\"itemListElement\":[{\"@type\":\"ListItem\",\"position\":1,\"name\":\"\u0413\u043b\u0430\u0432\u043d\u0430\u044f \u0441\u0442\u0440\u0430\u043d\u0438\u0446\u0430\",\"item\":\"https:\\\/\\\/sanatate.md\\\/ro\\\/\"},{\"@type\":\"ListItem\",\"position\":2,\"name\":\"Boli si tratament\",\"item\":\"https:\\\/\\\/sanatate.md\\\/ro\\\/boli-si-tratament\\\/\"},{\"@type\":\"ListItem\",\"position\":3,\"name\":\"Boli endocrine\",\"item\":\"https:\\\/\\\/sanatate.md\\\/ro\\\/boli-si-tratament\\\/boli-endocrine\\\/\"},{\"@type\":\"ListItem\",\"position\":4,\"name\":\"Dezvoltarea sexual\u0103 prematur\u0103\"}]},{\"@type\":\"WebSite\",\"@id\":\"https:\\\/\\\/sanatate.md\\\/ro\\\/#website\",\"url\":\"https:\\\/\\\/sanatate.md\\\/ro\\\/\",\"name\":\"Sanatate.md\",\"description\":\"\u0416\u0443\u0440\u043d\u0430\u043b \u0434\u043b\u044f \u0432\u0441\u0435\u0439 \u0441\u0435\u043c\u044c\u0438 \u0432 \u041c\u043e\u043b\u0434\u043e\u0432\u0435\",\"publisher\":{\"@id\":\"https:\\\/\\\/sanatate.md\\\/ro\\\/#organization\"},\"potentialAction\":[{\"@type\":\"SearchAction\",\"target\":{\"@type\":\"EntryPoint\",\"urlTemplate\":\"https:\\\/\\\/sanatate.md\\\/ro\\\/?s={search_term_string}\"},\"query-input\":{\"@type\":\"PropertyValueSpecification\",\"valueRequired\":true,\"valueName\":\"search_term_string\"}}],\"inLanguage\":\"ro-RO\"},{\"@type\":\"Organization\",\"@id\":\"https:\\\/\\\/sanatate.md\\\/ro\\\/#organization\",\"name\":\"SANATATE\",\"url\":\"https:\\\/\\\/sanatate.md\\\/ro\\\/\",\"logo\":{\"@type\":\"ImageObject\",\"inLanguage\":\"ro-RO\",\"@id\":\"https:\\\/\\\/sanatate.md\\\/ro\\\/#\\\/schema\\\/logo\\\/image\\\/\",\"url\":\"https:\\\/\\\/sanatate.md\\\/wp-content\\\/uploads\\\/2022\\\/01\\\/sanatate-logo.svg\",\"contentUrl\":\"https:\\\/\\\/sanatate.md\\\/wp-content\\\/uploads\\\/2022\\\/01\\\/sanatate-logo.svg\",\"width\":\"1024\",\"height\":\"1024\",\"caption\":\"SANATATE\"},\"image\":{\"@id\":\"https:\\\/\\\/sanatate.md\\\/ro\\\/#\\\/schema\\\/logo\\\/image\\\/\"}}]}<\/script>\n<!-- \/ Yoast SEO plugin. -->","yoast_head_json":{"title":"Dezvoltarea sexual\u0103 prematur\u0103","description":"dat\u0103 cu dezvoltarea proceselor patologice la nivelul glandei hipotalamus a sistemului pituitar-hipotalamic, apar o serie de modific\u0103ri, care","robots":{"index":"index","follow":"follow","max-snippet":"max-snippet:-1","max-image-preview":"max-image-preview:large","max-video-preview":"max-video-preview:-1"},"canonical":"https:\/\/sanatate.md\/ro\/boli-si-tratament\/boli-endocrine\/dezvoltarea-sexuala-prematura\/","og_locale":"ro_RO","og_type":"article","og_title":"Dezvoltarea sexual\u0103 prematur\u0103","og_description":"dat\u0103 cu dezvoltarea proceselor patologice la nivelul glandei hipotalamus a sistemului pituitar-hipotalamic, apar o serie de modific\u0103ri, care","og_url":"https:\/\/sanatate.md\/ro\/boli-si-tratament\/boli-endocrine\/dezvoltarea-sexuala-prematura\/","og_site_name":"Sanatate.md","twitter_card":"summary_large_image","twitter_misc":{"Timp estimat pentru citire":"3 minute"},"schema":{"@context":"https:\/\/schema.org","@graph":[{"@type":"WebPage","@id":"https:\/\/sanatate.md\/ro\/boli-si-tratament\/boli-endocrine\/dezvoltarea-sexuala-prematura\/","url":"https:\/\/sanatate.md\/ro\/boli-si-tratament\/boli-endocrine\/dezvoltarea-sexuala-prematura\/","name":"Dezvoltarea sexual\u0103 prematur\u0103","isPartOf":{"@id":"https:\/\/sanatate.md\/ro\/#website"},"datePublished":"2018-01-08T17:23:13+00:00","description":"dat\u0103 cu dezvoltarea proceselor patologice la nivelul glandei hipotalamus a sistemului pituitar-hipotalamic, apar o serie de modific\u0103ri, care","breadcrumb":{"@id":"https:\/\/sanatate.md\/ro\/boli-si-tratament\/boli-endocrine\/dezvoltarea-sexuala-prematura\/#breadcrumb"},"inLanguage":"ro-RO","potentialAction":[{"@type":"ReadAction","target":["https:\/\/sanatate.md\/ro\/boli-si-tratament\/boli-endocrine\/dezvoltarea-sexuala-prematura\/"]}]},{"@type":"BreadcrumbList","@id":"https:\/\/sanatate.md\/ro\/boli-si-tratament\/boli-endocrine\/dezvoltarea-sexuala-prematura\/#breadcrumb","itemListElement":[{"@type":"ListItem","position":1,"name":"\u0413\u043b\u0430\u0432\u043d\u0430\u044f \u0441\u0442\u0440\u0430\u043d\u0438\u0446\u0430","item":"https:\/\/sanatate.md\/ro\/"},{"@type":"ListItem","position":2,"name":"Boli si tratament","item":"https:\/\/sanatate.md\/ro\/boli-si-tratament\/"},{"@type":"ListItem","position":3,"name":"Boli endocrine","item":"https:\/\/sanatate.md\/ro\/boli-si-tratament\/boli-endocrine\/"},{"@type":"ListItem","position":4,"name":"Dezvoltarea sexual\u0103 prematur\u0103"}]},{"@type":"WebSite","@id":"https:\/\/sanatate.md\/ro\/#website","url":"https:\/\/sanatate.md\/ro\/","name":"Sanatate.md","description":"\u0416\u0443\u0440\u043d\u0430\u043b \u0434\u043b\u044f \u0432\u0441\u0435\u0439 \u0441\u0435\u043c\u044c\u0438 \u0432 \u041c\u043e\u043b\u0434\u043e\u0432\u0435","publisher":{"@id":"https:\/\/sanatate.md\/ro\/#organization"},"potentialAction":[{"@type":"SearchAction","target":{"@type":"EntryPoint","urlTemplate":"https:\/\/sanatate.md\/ro\/?s={search_term_string}"},"query-input":{"@type":"PropertyValueSpecification","valueRequired":true,"valueName":"search_term_string"}}],"inLanguage":"ro-RO"},{"@type":"Organization","@id":"https:\/\/sanatate.md\/ro\/#organization","name":"SANATATE","url":"https:\/\/sanatate.md\/ro\/","logo":{"@type":"ImageObject","inLanguage":"ro-RO","@id":"https:\/\/sanatate.md\/ro\/#\/schema\/logo\/image\/","url":"https:\/\/sanatate.md\/wp-content\/uploads\/2022\/01\/sanatate-logo.svg","contentUrl":"https:\/\/sanatate.md\/wp-content\/uploads\/2022\/01\/sanatate-logo.svg","width":"1024","height":"1024","caption":"SANATATE"},"image":{"@id":"https:\/\/sanatate.md\/ro\/#\/schema\/logo\/image\/"}}]}},"_links":{"self":[{"href":"https:\/\/sanatate.md\/ro\/wp-json\/wp\/v2\/pages\/49389","targetHints":{"allow":["GET"]}}],"collection":[{"href":"https:\/\/sanatate.md\/ro\/wp-json\/wp\/v2\/pages"}],"about":[{"href":"https:\/\/sanatate.md\/ro\/wp-json\/wp\/v2\/types\/page"}],"author":[{"embeddable":true,"href":"https:\/\/sanatate.md\/ro\/wp-json\/wp\/v2\/users\/28"}],"replies":[{"embeddable":true,"href":"https:\/\/sanatate.md\/ro\/wp-json\/wp\/v2\/comments?post=49389"}],"version-history":[{"count":0,"href":"https:\/\/sanatate.md\/ro\/wp-json\/wp\/v2\/pages\/49389\/revisions"}],"up":[{"embeddable":true,"href":"https:\/\/sanatate.md\/ro\/wp-json\/wp\/v2\/pages\/47544"}],"wp:attachment":[{"href":"https:\/\/sanatate.md\/ro\/wp-json\/wp\/v2\/media?parent=49389"}],"curies":[{"name":"wp","href":"https:\/\/api.w.org\/{rel}","templated":true}]}}