{"id":49573,"date":"2018-01-11T15:49:35","date_gmt":"2018-01-11T12:49:35","guid":{"rendered":"https:\/\/sanatate.md\/?page_id=49573"},"modified":"2018-01-11T15:49:35","modified_gmt":"2018-01-11T12:49:35","slug":"sindromul-konn","status":"publish","type":"page","link":"https:\/\/sanatate.md\/ro\/boli-si-tratament\/boli-endocrine\/sindromul-konn\/","title":{"rendered":"Sindromul Konn"},"content":{"rendered":"<p>Este o boal\u0103, care se manifest\u0103 \u00een caz de leziuni ale cortexului suprarenal. Conform statisticilor, femeile de varst\u0103 mijlocie sufera de aceast\u0103 maladie mai des dec\u00e2t b\u0103rba\u0163ii.<\/p>\n<h3>Simptomele<\/h3>\n<p>Hipertensiunea arterial\u0103, care nu se normalizeaz\u0103 cu ajutorul<br \/>\nmedicamentelor, dureri de cap intense sunt principalele semne ale bolii.<br \/>\nBolnavul se chinuie de sete, se urinaz\u0103 des, simte o sl\u0103biciune \u00een mu\u0219chi,<br \/>\npot apare schimb\u0103ri \u00een ritmului cardiac, convulsii.<\/p>\n<h3>Diagnosticul<\/h3>\n<p>Analiza s\u00e2ngelui arat\u0103 o cre\u0219tere a num\u0103rului de ioni de sodiu \u0219i sc\u0103derea<br \/>\ncantit\u0103\u021bii de potasiu. Boala este u\u0219or de recunoscut datorit\u0103 prezen\u021bei hipertensiunii<br \/>\narteriale \u0219i a nivelului de aldosteron \u00een s\u00e2nge. Tumoarea se identific\u0103 prin metodele<br \/>\nradiologice, cu ultrasunete \u015fi scanare a glandelor suprarenale.<\/p>\n<h3>Tratamentul<\/h3>\n<p>Deoarece cauza bolii este o tumoare, tratamentul const\u0103 \u00een eliminarea chirurgical\u0103 a ei.<br \/>\n\u00cen unele cazuri se poate trata cu Dexametazon, prin urmare, interven\u021bia<br \/>\nchirurgical\u0103 poate fi exclus\u0103. \u00cen caz de opera\u0163ie -ul se administreaz\u0103<br \/>\nVero\u0219piron \u2014 antagonist aldosteronului.<\/p>\n","protected":false},"excerpt":{"rendered":"<p>Este o boal\u0103, care se manifest\u0103 \u00een caz de leziuni ale cortexului suprarenal. Conform statisticilor, femeile de varst\u0103 mijlocie sufera de aceast\u0103 maladie mai des dec\u00e2t b\u0103rba\u0163ii. Simptomele Hipertensiunea arterial\u0103, care nu se normalizeaz\u0103 cu ajutorul medicamentelor, dureri de cap intense sunt principalele semne ale bolii. Bolnavul se chinuie de sete, se urinaz\u0103 des, simte [&hellip;]<\/p>\n","protected":false},"author":28,"featured_media":0,"parent":47544,"menu_order":0,"comment_status":"closed","ping_status":"closed","template":"","meta":{"inline_featured_image":false,"footnotes":""},"class_list":["post-49573","page","type-page","status-publish"],"yoast_head":"<!-- This site is optimized with the Yoast SEO plugin v27.3 - https:\/\/yoast.com\/product\/yoast-seo-wordpress\/ -->\n<title>Sindromul Konn<\/title>\n<meta name=\"description\" content=\"Este o boal\u0103, care se manifest\u0103 \u00een caz de leziuni ale cortexului suprarenal. Conform statisticilor, femeile de varst\u0103 mijlocie sufera de aceast\u0103 maladie mai des dec\u00e2t b\u0103rba\u0163ii.\" \/>\n<meta name=\"robots\" content=\"index, follow, max-snippet:-1, max-image-preview:large, max-video-preview:-1\" \/>\n<link rel=\"canonical\" href=\"https:\/\/sanatate.md\/ro\/boli-si-tratament\/boli-endocrine\/sindromul-konn\/\" \/>\n<meta property=\"og:locale\" content=\"ro_RO\" \/>\n<meta property=\"og:type\" content=\"article\" \/>\n<meta property=\"og:title\" content=\"Sindromul Konn\" \/>\n<meta property=\"og:description\" content=\"Este o boal\u0103, care se manifest\u0103 \u00een caz de leziuni ale cortexului suprarenal. Conform statisticilor, femeile de varst\u0103 mijlocie sufera de aceast\u0103 maladie mai des dec\u00e2t b\u0103rba\u0163ii.\" \/>\n<meta property=\"og:url\" content=\"https:\/\/sanatate.md\/ro\/boli-si-tratament\/boli-endocrine\/sindromul-konn\/\" \/>\n<meta property=\"og:site_name\" content=\"Sanatate.md\" \/>\n<meta name=\"twitter:card\" content=\"summary_large_image\" \/>\n<meta name=\"twitter:label1\" content=\"Timp estimat pentru citire\" \/>\n\t<meta name=\"twitter:data1\" content=\"1 minut\" \/>\n<script type=\"application\/ld+json\" class=\"yoast-schema-graph\">{\"@context\":\"https:\\\/\\\/schema.org\",\"@graph\":[{\"@type\":\"WebPage\",\"@id\":\"https:\\\/\\\/sanatate.md\\\/ro\\\/boli-si-tratament\\\/boli-endocrine\\\/sindromul-konn\\\/\",\"url\":\"https:\\\/\\\/sanatate.md\\\/ro\\\/boli-si-tratament\\\/boli-endocrine\\\/sindromul-konn\\\/\",\"name\":\"Sindromul Konn\",\"isPartOf\":{\"@id\":\"https:\\\/\\\/sanatate.md\\\/ro\\\/#website\"},\"datePublished\":\"2018-01-11T12:49:35+00:00\",\"description\":\"Este o boal\u0103, care se manifest\u0103 \u00een caz de leziuni ale cortexului suprarenal. Conform statisticilor, femeile de varst\u0103 mijlocie sufera de aceast\u0103 maladie mai des dec\u00e2t b\u0103rba\u0163ii.\",\"breadcrumb\":{\"@id\":\"https:\\\/\\\/sanatate.md\\\/ro\\\/boli-si-tratament\\\/boli-endocrine\\\/sindromul-konn\\\/#breadcrumb\"},\"inLanguage\":\"ro-RO\",\"potentialAction\":[{\"@type\":\"ReadAction\",\"target\":[\"https:\\\/\\\/sanatate.md\\\/ro\\\/boli-si-tratament\\\/boli-endocrine\\\/sindromul-konn\\\/\"]}]},{\"@type\":\"BreadcrumbList\",\"@id\":\"https:\\\/\\\/sanatate.md\\\/ro\\\/boli-si-tratament\\\/boli-endocrine\\\/sindromul-konn\\\/#breadcrumb\",\"itemListElement\":[{\"@type\":\"ListItem\",\"position\":1,\"name\":\"\u0413\u043b\u0430\u0432\u043d\u0430\u044f \u0441\u0442\u0440\u0430\u043d\u0438\u0446\u0430\",\"item\":\"https:\\\/\\\/sanatate.md\\\/ro\\\/\"},{\"@type\":\"ListItem\",\"position\":2,\"name\":\"Boli si tratament\",\"item\":\"https:\\\/\\\/sanatate.md\\\/ro\\\/boli-si-tratament\\\/\"},{\"@type\":\"ListItem\",\"position\":3,\"name\":\"Boli endocrine\",\"item\":\"https:\\\/\\\/sanatate.md\\\/ro\\\/boli-si-tratament\\\/boli-endocrine\\\/\"},{\"@type\":\"ListItem\",\"position\":4,\"name\":\"Sindromul Konn\"}]},{\"@type\":\"WebSite\",\"@id\":\"https:\\\/\\\/sanatate.md\\\/ro\\\/#website\",\"url\":\"https:\\\/\\\/sanatate.md\\\/ro\\\/\",\"name\":\"Sanatate.md\",\"description\":\"\u0416\u0443\u0440\u043d\u0430\u043b \u0434\u043b\u044f \u0432\u0441\u0435\u0439 \u0441\u0435\u043c\u044c\u0438 \u0432 \u041c\u043e\u043b\u0434\u043e\u0432\u0435\",\"publisher\":{\"@id\":\"https:\\\/\\\/sanatate.md\\\/ro\\\/#organization\"},\"potentialAction\":[{\"@type\":\"SearchAction\",\"target\":{\"@type\":\"EntryPoint\",\"urlTemplate\":\"https:\\\/\\\/sanatate.md\\\/ro\\\/?s={search_term_string}\"},\"query-input\":{\"@type\":\"PropertyValueSpecification\",\"valueRequired\":true,\"valueName\":\"search_term_string\"}}],\"inLanguage\":\"ro-RO\"},{\"@type\":\"Organization\",\"@id\":\"https:\\\/\\\/sanatate.md\\\/ro\\\/#organization\",\"name\":\"SANATATE\",\"url\":\"https:\\\/\\\/sanatate.md\\\/ro\\\/\",\"logo\":{\"@type\":\"ImageObject\",\"inLanguage\":\"ro-RO\",\"@id\":\"https:\\\/\\\/sanatate.md\\\/ro\\\/#\\\/schema\\\/logo\\\/image\\\/\",\"url\":\"https:\\\/\\\/sanatate.md\\\/wp-content\\\/uploads\\\/2022\\\/01\\\/sanatate-logo.svg\",\"contentUrl\":\"https:\\\/\\\/sanatate.md\\\/wp-content\\\/uploads\\\/2022\\\/01\\\/sanatate-logo.svg\",\"width\":\"1024\",\"height\":\"1024\",\"caption\":\"SANATATE\"},\"image\":{\"@id\":\"https:\\\/\\\/sanatate.md\\\/ro\\\/#\\\/schema\\\/logo\\\/image\\\/\"}}]}<\/script>\n<!-- \/ Yoast SEO plugin. -->","yoast_head_json":{"title":"Sindromul Konn","description":"Este o boal\u0103, care se manifest\u0103 \u00een caz de leziuni ale cortexului suprarenal. Conform statisticilor, femeile de varst\u0103 mijlocie sufera de aceast\u0103 maladie mai des dec\u00e2t b\u0103rba\u0163ii.","robots":{"index":"index","follow":"follow","max-snippet":"max-snippet:-1","max-image-preview":"max-image-preview:large","max-video-preview":"max-video-preview:-1"},"canonical":"https:\/\/sanatate.md\/ro\/boli-si-tratament\/boli-endocrine\/sindromul-konn\/","og_locale":"ro_RO","og_type":"article","og_title":"Sindromul Konn","og_description":"Este o boal\u0103, care se manifest\u0103 \u00een caz de leziuni ale cortexului suprarenal. Conform statisticilor, femeile de varst\u0103 mijlocie sufera de aceast\u0103 maladie mai des dec\u00e2t b\u0103rba\u0163ii.","og_url":"https:\/\/sanatate.md\/ro\/boli-si-tratament\/boli-endocrine\/sindromul-konn\/","og_site_name":"Sanatate.md","twitter_card":"summary_large_image","twitter_misc":{"Timp estimat pentru citire":"1 minut"},"schema":{"@context":"https:\/\/schema.org","@graph":[{"@type":"WebPage","@id":"https:\/\/sanatate.md\/ro\/boli-si-tratament\/boli-endocrine\/sindromul-konn\/","url":"https:\/\/sanatate.md\/ro\/boli-si-tratament\/boli-endocrine\/sindromul-konn\/","name":"Sindromul Konn","isPartOf":{"@id":"https:\/\/sanatate.md\/ro\/#website"},"datePublished":"2018-01-11T12:49:35+00:00","description":"Este o boal\u0103, care se manifest\u0103 \u00een caz de leziuni ale cortexului suprarenal. Conform statisticilor, femeile de varst\u0103 mijlocie sufera de aceast\u0103 maladie mai des dec\u00e2t b\u0103rba\u0163ii.","breadcrumb":{"@id":"https:\/\/sanatate.md\/ro\/boli-si-tratament\/boli-endocrine\/sindromul-konn\/#breadcrumb"},"inLanguage":"ro-RO","potentialAction":[{"@type":"ReadAction","target":["https:\/\/sanatate.md\/ro\/boli-si-tratament\/boli-endocrine\/sindromul-konn\/"]}]},{"@type":"BreadcrumbList","@id":"https:\/\/sanatate.md\/ro\/boli-si-tratament\/boli-endocrine\/sindromul-konn\/#breadcrumb","itemListElement":[{"@type":"ListItem","position":1,"name":"\u0413\u043b\u0430\u0432\u043d\u0430\u044f \u0441\u0442\u0440\u0430\u043d\u0438\u0446\u0430","item":"https:\/\/sanatate.md\/ro\/"},{"@type":"ListItem","position":2,"name":"Boli si tratament","item":"https:\/\/sanatate.md\/ro\/boli-si-tratament\/"},{"@type":"ListItem","position":3,"name":"Boli endocrine","item":"https:\/\/sanatate.md\/ro\/boli-si-tratament\/boli-endocrine\/"},{"@type":"ListItem","position":4,"name":"Sindromul Konn"}]},{"@type":"WebSite","@id":"https:\/\/sanatate.md\/ro\/#website","url":"https:\/\/sanatate.md\/ro\/","name":"Sanatate.md","description":"\u0416\u0443\u0440\u043d\u0430\u043b \u0434\u043b\u044f \u0432\u0441\u0435\u0439 \u0441\u0435\u043c\u044c\u0438 \u0432 \u041c\u043e\u043b\u0434\u043e\u0432\u0435","publisher":{"@id":"https:\/\/sanatate.md\/ro\/#organization"},"potentialAction":[{"@type":"SearchAction","target":{"@type":"EntryPoint","urlTemplate":"https:\/\/sanatate.md\/ro\/?s={search_term_string}"},"query-input":{"@type":"PropertyValueSpecification","valueRequired":true,"valueName":"search_term_string"}}],"inLanguage":"ro-RO"},{"@type":"Organization","@id":"https:\/\/sanatate.md\/ro\/#organization","name":"SANATATE","url":"https:\/\/sanatate.md\/ro\/","logo":{"@type":"ImageObject","inLanguage":"ro-RO","@id":"https:\/\/sanatate.md\/ro\/#\/schema\/logo\/image\/","url":"https:\/\/sanatate.md\/wp-content\/uploads\/2022\/01\/sanatate-logo.svg","contentUrl":"https:\/\/sanatate.md\/wp-content\/uploads\/2022\/01\/sanatate-logo.svg","width":"1024","height":"1024","caption":"SANATATE"},"image":{"@id":"https:\/\/sanatate.md\/ro\/#\/schema\/logo\/image\/"}}]}},"_links":{"self":[{"href":"https:\/\/sanatate.md\/ro\/wp-json\/wp\/v2\/pages\/49573","targetHints":{"allow":["GET"]}}],"collection":[{"href":"https:\/\/sanatate.md\/ro\/wp-json\/wp\/v2\/pages"}],"about":[{"href":"https:\/\/sanatate.md\/ro\/wp-json\/wp\/v2\/types\/page"}],"author":[{"embeddable":true,"href":"https:\/\/sanatate.md\/ro\/wp-json\/wp\/v2\/users\/28"}],"replies":[{"embeddable":true,"href":"https:\/\/sanatate.md\/ro\/wp-json\/wp\/v2\/comments?post=49573"}],"version-history":[{"count":0,"href":"https:\/\/sanatate.md\/ro\/wp-json\/wp\/v2\/pages\/49573\/revisions"}],"up":[{"embeddable":true,"href":"https:\/\/sanatate.md\/ro\/wp-json\/wp\/v2\/pages\/47544"}],"wp:attachment":[{"href":"https:\/\/sanatate.md\/ro\/wp-json\/wp\/v2\/media?parent=49573"}],"curies":[{"name":"wp","href":"https:\/\/api.w.org\/{rel}","templated":true}]}}