{"id":49576,"date":"2018-01-11T15:59:08","date_gmt":"2018-01-11T12:59:08","guid":{"rendered":"https:\/\/sanatate.md\/?page_id=49576"},"modified":"2018-01-11T15:59:08","modified_gmt":"2018-01-11T12:59:08","slug":"sindromul-socului-toxic","status":"publish","type":"page","link":"https:\/\/sanatate.md\/ro\/boli-si-tratament\/boli-ale-femeilor\/sindromul-socului-toxic\/","title":{"rendered":"Sindromul \u0219ocului toxic"},"content":{"rendered":"<p>Sindromul \u0219ocului toxic (S\u015eT) este o stare boln\u0103vicioas\u0103, care este provocat\u0103 de<br \/>\nefectele negative ale toxinelor ce sunt expulzate de c\u0103tre stafilococi.<\/p>\n<h3>Cauzele<\/h3>\n<p>Sindromul \u0219ocului toxic, cauzat de tampoane, afecteaz\u0103 femeile tinere,\u00a0\u00a0care\u00a0\u00een timpul ciclului menstrual folosesc tampoane \u00een loc de absorbante. Boala e provocat\u0103 \u015fi \u00a0de faptul, c\u0103 se utilizeaz\u0103 contraceptive vaginale:\u00a0spirala sau capacele.<\/p>\n<p>Starea boln\u0103vicioas\u0103, care nu\u00a0\u0163ine\u00a0de fonul menstrual, poate ap\u0103rea dup\u0103 na\u0219tere sau dup\u0103 o interven\u021bie chirurgical\u0103 ( \u00eenl\u0103turarea polipilor nazali &#8212; la oprirea s\u00e2nger\u0103rilor din n\u0103ri se introduc tampoane de vat\u0103).<\/p>\n<p>\u00cen cazul, \u00een care se utilizeaz\u0103 tampoanele \u00een timpul ciclului menstrual,\u00a0\u00a0s\u00e2ngele nu iese liber, ci\u00a0se acumuleaz\u0103 \u00een vagin,\u00a0cre\u00e2nd\u00a0un mediu destul de favorabil pentru\u00a0\u00eenmul\u021birea\u00a0microbilor.<\/p>\n<h3>Simptomele st\u0103rii boln\u0103vicioase<\/h3>\n<p>Semnele\u00a0\u00a0\u0219ocului\u00a0toxic :\u00a0 febra \u00eenalt\u0103,\u00a0dureri \u00een abdomen, sunt\u00a0posibile\u00a0\u00a0tulbur\u0103rile de scaun, apare\u00a0voma, hipotensiunea, durerile de cap, con\u0219tiin\u021b\u0103\u00a0confuz\u0103, hiperemia\u00a0stratului cutanat asem\u0103n\u0103toare arsurilor solare.\u00a0E posibil\u0103\u00a0\u00a0pierderea de\u00a0con\u0219tiin\u021ba\u00a0total\u0103\u00a0\u015fi<br \/>\ndeclan\u0219area\u00a0\u015focului\u00a0\u00a0\u00een a doua zi, iar \u00een a treia &#8212;\u00a0 se exfolieze stratul cutanat,\u00a0 mai ales\u00a0 \u00een zona t\u0103lpilor\u00a0\u015fi\u00a0 pe palme.<\/p>\n<p>\u00cen unele cazuri se mai afecteaz\u0103\u00a0organele interne: ficatul, inima,mu\u015fchii.\u00a0 Statistica demonstreaz\u0103, c\u0103\u00a0aproape cincisprezece procente din femeile suferinde mor din cauza bolii \u00een cauz\u0103.<\/p>\n<h3>Diagnosticarea st\u0103rii boln\u0103vicioase<\/h3>\n<p>Medicii stabilesc diagnoza \u00een baza semnelor. Pentru a\u00a0diferen\u021bia\u00a0sindromul \u00een cauz\u0103 se face analiza s\u00e2ngelui.<\/p>\n<h3>Tratamentul<\/h3>\n<p>Tratamentul\u00a0 se\u00a0efectueaz\u0103\u00a0sta\u021bionar. Pacientei i se indic\u0103 antibiotice. Durata tratamentului e de peste\u00a0\u00a0 dou\u0103 s\u0103pt\u0103m\u00e2ni. \u00cen afar\u0103 de aceasta trebuie de ales tampoanele \u00een\u00a0a\u015fa\u00a0fel,\u00a0 ca ele s\u0103 corespund\u0103\u00a0 cantit\u0103\u0163ii de elimin\u0103ri \u00een timpul ciclului.<\/p>\n<h3>Profilactica sindromului\u00a0\u015focului\u00a0toxic menstrual<\/h3>\n<p>Pentru profilactica bolii \u00een cauz\u0103 e necesar de schimbat tampoanele\u00a0 o dat\u0103 la 4-6 ore. \u00cen timp de noapte e de dorit s\u0103 se utilizeze absorbante.<\/p>\n","protected":false},"excerpt":{"rendered":"<p>Sindromul \u0219ocului toxic (S\u015eT) este o stare boln\u0103vicioas\u0103, care este provocat\u0103 de efectele negative ale toxinelor ce sunt expulzate de c\u0103tre stafilococi. Cauzele Sindromul \u0219ocului toxic, cauzat de tampoane, afecteaz\u0103 femeile tinere,\u00a0\u00a0care\u00a0\u00een timpul ciclului menstrual folosesc tampoane \u00een loc de absorbante. Boala e provocat\u0103 \u015fi \u00a0de faptul, c\u0103 se utilizeaz\u0103 contraceptive vaginale:\u00a0spirala sau capacele. Starea [&hellip;]<\/p>\n","protected":false},"author":28,"featured_media":0,"parent":38235,"menu_order":0,"comment_status":"closed","ping_status":"closed","template":"","meta":{"inline_featured_image":false,"footnotes":""},"class_list":["post-49576","page","type-page","status-publish"],"yoast_head":"<!-- This site is optimized with the Yoast SEO plugin v27.3 - https:\/\/yoast.com\/product\/yoast-seo-wordpress\/ -->\n<title>Sindromul \u0219ocului toxic<\/title>\n<meta name=\"description\" content=\"Sindromul \u0219ocului toxic (S\u015eT) este o stare boln\u0103vicioas\u0103, care este provocat\u0103 de efectele negative ale toxinelor ce sunt expulzate de c\u0103tre stafilococi.\" \/>\n<meta name=\"robots\" content=\"index, follow, max-snippet:-1, max-image-preview:large, max-video-preview:-1\" \/>\n<link rel=\"canonical\" href=\"https:\/\/sanatate.md\/ro\/boli-si-tratament\/boli-ale-femeilor\/sindromul-socului-toxic\/\" \/>\n<meta property=\"og:locale\" content=\"ro_RO\" \/>\n<meta property=\"og:type\" content=\"article\" \/>\n<meta property=\"og:title\" content=\"Sindromul \u0219ocului toxic\" \/>\n<meta property=\"og:description\" content=\"Sindromul \u0219ocului toxic (S\u015eT) este o stare boln\u0103vicioas\u0103, care este provocat\u0103 de efectele negative ale toxinelor ce sunt expulzate de c\u0103tre stafilococi.\" \/>\n<meta property=\"og:url\" content=\"https:\/\/sanatate.md\/ro\/boli-si-tratament\/boli-ale-femeilor\/sindromul-socului-toxic\/\" \/>\n<meta property=\"og:site_name\" content=\"Sanatate.md\" \/>\n<meta name=\"twitter:card\" content=\"summary_large_image\" \/>\n<meta name=\"twitter:label1\" content=\"Timp estimat pentru citire\" \/>\n\t<meta name=\"twitter:data1\" content=\"2 minute\" \/>\n<script type=\"application\/ld+json\" class=\"yoast-schema-graph\">{\"@context\":\"https:\\\/\\\/schema.org\",\"@graph\":[{\"@type\":\"WebPage\",\"@id\":\"https:\\\/\\\/sanatate.md\\\/ro\\\/boli-si-tratament\\\/boli-ale-femeilor\\\/sindromul-socului-toxic\\\/\",\"url\":\"https:\\\/\\\/sanatate.md\\\/ro\\\/boli-si-tratament\\\/boli-ale-femeilor\\\/sindromul-socului-toxic\\\/\",\"name\":\"Sindromul \u0219ocului toxic\",\"isPartOf\":{\"@id\":\"https:\\\/\\\/sanatate.md\\\/ro\\\/#website\"},\"datePublished\":\"2018-01-11T12:59:08+00:00\",\"description\":\"Sindromul \u0219ocului toxic (S\u015eT) este o stare boln\u0103vicioas\u0103, care este provocat\u0103 de efectele negative ale toxinelor ce sunt expulzate de c\u0103tre stafilococi.\",\"breadcrumb\":{\"@id\":\"https:\\\/\\\/sanatate.md\\\/ro\\\/boli-si-tratament\\\/boli-ale-femeilor\\\/sindromul-socului-toxic\\\/#breadcrumb\"},\"inLanguage\":\"ro-RO\",\"potentialAction\":[{\"@type\":\"ReadAction\",\"target\":[\"https:\\\/\\\/sanatate.md\\\/ro\\\/boli-si-tratament\\\/boli-ale-femeilor\\\/sindromul-socului-toxic\\\/\"]}]},{\"@type\":\"BreadcrumbList\",\"@id\":\"https:\\\/\\\/sanatate.md\\\/ro\\\/boli-si-tratament\\\/boli-ale-femeilor\\\/sindromul-socului-toxic\\\/#breadcrumb\",\"itemListElement\":[{\"@type\":\"ListItem\",\"position\":1,\"name\":\"\u0413\u043b\u0430\u0432\u043d\u0430\u044f \u0441\u0442\u0440\u0430\u043d\u0438\u0446\u0430\",\"item\":\"https:\\\/\\\/sanatate.md\\\/ro\\\/\"},{\"@type\":\"ListItem\",\"position\":2,\"name\":\"Boli si tratament\",\"item\":\"https:\\\/\\\/sanatate.md\\\/ro\\\/boli-si-tratament\\\/\"},{\"@type\":\"ListItem\",\"position\":3,\"name\":\"Boli ale femeilor\",\"item\":\"https:\\\/\\\/sanatate.md\\\/ro\\\/boli-si-tratament\\\/boli-ale-femeilor\\\/\"},{\"@type\":\"ListItem\",\"position\":4,\"name\":\"Sindromul \u0219ocului toxic\"}]},{\"@type\":\"WebSite\",\"@id\":\"https:\\\/\\\/sanatate.md\\\/ro\\\/#website\",\"url\":\"https:\\\/\\\/sanatate.md\\\/ro\\\/\",\"name\":\"Sanatate.md\",\"description\":\"\u0416\u0443\u0440\u043d\u0430\u043b \u0434\u043b\u044f \u0432\u0441\u0435\u0439 \u0441\u0435\u043c\u044c\u0438 \u0432 \u041c\u043e\u043b\u0434\u043e\u0432\u0435\",\"publisher\":{\"@id\":\"https:\\\/\\\/sanatate.md\\\/ro\\\/#organization\"},\"potentialAction\":[{\"@type\":\"SearchAction\",\"target\":{\"@type\":\"EntryPoint\",\"urlTemplate\":\"https:\\\/\\\/sanatate.md\\\/ro\\\/?s={search_term_string}\"},\"query-input\":{\"@type\":\"PropertyValueSpecification\",\"valueRequired\":true,\"valueName\":\"search_term_string\"}}],\"inLanguage\":\"ro-RO\"},{\"@type\":\"Organization\",\"@id\":\"https:\\\/\\\/sanatate.md\\\/ro\\\/#organization\",\"name\":\"SANATATE\",\"url\":\"https:\\\/\\\/sanatate.md\\\/ro\\\/\",\"logo\":{\"@type\":\"ImageObject\",\"inLanguage\":\"ro-RO\",\"@id\":\"https:\\\/\\\/sanatate.md\\\/ro\\\/#\\\/schema\\\/logo\\\/image\\\/\",\"url\":\"https:\\\/\\\/sanatate.md\\\/wp-content\\\/uploads\\\/2022\\\/01\\\/sanatate-logo.svg\",\"contentUrl\":\"https:\\\/\\\/sanatate.md\\\/wp-content\\\/uploads\\\/2022\\\/01\\\/sanatate-logo.svg\",\"width\":\"1024\",\"height\":\"1024\",\"caption\":\"SANATATE\"},\"image\":{\"@id\":\"https:\\\/\\\/sanatate.md\\\/ro\\\/#\\\/schema\\\/logo\\\/image\\\/\"}}]}<\/script>\n<!-- \/ Yoast SEO plugin. -->","yoast_head_json":{"title":"Sindromul \u0219ocului toxic","description":"Sindromul \u0219ocului toxic (S\u015eT) este o stare boln\u0103vicioas\u0103, care este provocat\u0103 de efectele negative ale toxinelor ce sunt expulzate de c\u0103tre stafilococi.","robots":{"index":"index","follow":"follow","max-snippet":"max-snippet:-1","max-image-preview":"max-image-preview:large","max-video-preview":"max-video-preview:-1"},"canonical":"https:\/\/sanatate.md\/ro\/boli-si-tratament\/boli-ale-femeilor\/sindromul-socului-toxic\/","og_locale":"ro_RO","og_type":"article","og_title":"Sindromul \u0219ocului toxic","og_description":"Sindromul \u0219ocului toxic (S\u015eT) este o stare boln\u0103vicioas\u0103, care este provocat\u0103 de efectele negative ale toxinelor ce sunt expulzate de c\u0103tre stafilococi.","og_url":"https:\/\/sanatate.md\/ro\/boli-si-tratament\/boli-ale-femeilor\/sindromul-socului-toxic\/","og_site_name":"Sanatate.md","twitter_card":"summary_large_image","twitter_misc":{"Timp estimat pentru citire":"2 minute"},"schema":{"@context":"https:\/\/schema.org","@graph":[{"@type":"WebPage","@id":"https:\/\/sanatate.md\/ro\/boli-si-tratament\/boli-ale-femeilor\/sindromul-socului-toxic\/","url":"https:\/\/sanatate.md\/ro\/boli-si-tratament\/boli-ale-femeilor\/sindromul-socului-toxic\/","name":"Sindromul \u0219ocului toxic","isPartOf":{"@id":"https:\/\/sanatate.md\/ro\/#website"},"datePublished":"2018-01-11T12:59:08+00:00","description":"Sindromul \u0219ocului toxic (S\u015eT) este o stare boln\u0103vicioas\u0103, care este provocat\u0103 de efectele negative ale toxinelor ce sunt expulzate de c\u0103tre stafilococi.","breadcrumb":{"@id":"https:\/\/sanatate.md\/ro\/boli-si-tratament\/boli-ale-femeilor\/sindromul-socului-toxic\/#breadcrumb"},"inLanguage":"ro-RO","potentialAction":[{"@type":"ReadAction","target":["https:\/\/sanatate.md\/ro\/boli-si-tratament\/boli-ale-femeilor\/sindromul-socului-toxic\/"]}]},{"@type":"BreadcrumbList","@id":"https:\/\/sanatate.md\/ro\/boli-si-tratament\/boli-ale-femeilor\/sindromul-socului-toxic\/#breadcrumb","itemListElement":[{"@type":"ListItem","position":1,"name":"\u0413\u043b\u0430\u0432\u043d\u0430\u044f \u0441\u0442\u0440\u0430\u043d\u0438\u0446\u0430","item":"https:\/\/sanatate.md\/ro\/"},{"@type":"ListItem","position":2,"name":"Boli si tratament","item":"https:\/\/sanatate.md\/ro\/boli-si-tratament\/"},{"@type":"ListItem","position":3,"name":"Boli ale femeilor","item":"https:\/\/sanatate.md\/ro\/boli-si-tratament\/boli-ale-femeilor\/"},{"@type":"ListItem","position":4,"name":"Sindromul \u0219ocului toxic"}]},{"@type":"WebSite","@id":"https:\/\/sanatate.md\/ro\/#website","url":"https:\/\/sanatate.md\/ro\/","name":"Sanatate.md","description":"\u0416\u0443\u0440\u043d\u0430\u043b \u0434\u043b\u044f \u0432\u0441\u0435\u0439 \u0441\u0435\u043c\u044c\u0438 \u0432 \u041c\u043e\u043b\u0434\u043e\u0432\u0435","publisher":{"@id":"https:\/\/sanatate.md\/ro\/#organization"},"potentialAction":[{"@type":"SearchAction","target":{"@type":"EntryPoint","urlTemplate":"https:\/\/sanatate.md\/ro\/?s={search_term_string}"},"query-input":{"@type":"PropertyValueSpecification","valueRequired":true,"valueName":"search_term_string"}}],"inLanguage":"ro-RO"},{"@type":"Organization","@id":"https:\/\/sanatate.md\/ro\/#organization","name":"SANATATE","url":"https:\/\/sanatate.md\/ro\/","logo":{"@type":"ImageObject","inLanguage":"ro-RO","@id":"https:\/\/sanatate.md\/ro\/#\/schema\/logo\/image\/","url":"https:\/\/sanatate.md\/wp-content\/uploads\/2022\/01\/sanatate-logo.svg","contentUrl":"https:\/\/sanatate.md\/wp-content\/uploads\/2022\/01\/sanatate-logo.svg","width":"1024","height":"1024","caption":"SANATATE"},"image":{"@id":"https:\/\/sanatate.md\/ro\/#\/schema\/logo\/image\/"}}]}},"_links":{"self":[{"href":"https:\/\/sanatate.md\/ro\/wp-json\/wp\/v2\/pages\/49576","targetHints":{"allow":["GET"]}}],"collection":[{"href":"https:\/\/sanatate.md\/ro\/wp-json\/wp\/v2\/pages"}],"about":[{"href":"https:\/\/sanatate.md\/ro\/wp-json\/wp\/v2\/types\/page"}],"author":[{"embeddable":true,"href":"https:\/\/sanatate.md\/ro\/wp-json\/wp\/v2\/users\/28"}],"replies":[{"embeddable":true,"href":"https:\/\/sanatate.md\/ro\/wp-json\/wp\/v2\/comments?post=49576"}],"version-history":[{"count":0,"href":"https:\/\/sanatate.md\/ro\/wp-json\/wp\/v2\/pages\/49576\/revisions"}],"up":[{"embeddable":true,"href":"https:\/\/sanatate.md\/ro\/wp-json\/wp\/v2\/pages\/38235"}],"wp:attachment":[{"href":"https:\/\/sanatate.md\/ro\/wp-json\/wp\/v2\/media?parent=49576"}],"curies":[{"name":"wp","href":"https:\/\/api.w.org\/{rel}","templated":true}]}}