{"id":49579,"date":"2018-01-11T16:10:52","date_gmt":"2018-01-11T13:10:52","guid":{"rendered":"https:\/\/sanatate.md\/?page_id=49579"},"modified":"2018-01-11T16:10:52","modified_gmt":"2018-01-11T13:10:52","slug":"balonarea-abdomenului","status":"publish","type":"page","link":"https:\/\/sanatate.md\/ro\/boli-si-tratament\/boli-ale-tractului-gastro-intestinal\/balonarea-abdomenului\/","title":{"rendered":"Balonarea abdomenului"},"content":{"rendered":"<p>Balonarea abdomenului este un proces de acumulare a gazelor \u00een intestin. Cauza o constituie perturbarea procesului de digestie. Ca rezultat abdomenul se\u00a0m\u0103re\u0219te\u00a0\u00een dimensiuni\u00a0,devine v\u00eertos\u00a0\u015fi\u00a0pe bolnav nu-l\u00a0p\u0103r\u0103se\u0219te\u00a0senza\u021bia\u00a0c\u0103 ceva\u00a0izbucne\u0219te\u00a0din interior.<\/p>\n<h3>Simptomele principale<\/h3>\n<p>Abdomenul balonat nu este o boal\u0103, ci\u00a0unul dintre simptomele maladiilor ce\u00a0\u0163in\u00a0de organele tractului gastro-intestinal. Cauza acumul\u0103rii de gaze o poate constitui<br \/>\npancreatita cronic\u0103, deoarece \u00een cazul maladiei respective pancreasul nu produce cantitatea suficient\u0103 de\u00a0fermen\u021bii\u00a0necesari pentru digestia m\u00e2nc\u0103rii. Abdomenul se baloneaz\u0103 dup\u0103 masa.<\/p>\n<p>De regul\u0103, simptomele apar dup\u0103 consumul necalitativ al alimentelor \u015fi componen\u0163a\u00a0bucatelor consumate. \u00cen cazul intestinului iritat persist\u0103\u00a0\u015fi\u00a0meteorismul. De regul\u0103, apare\u00a0diaree\u00a0sau\u00a0constipa\u021bia. Bolnavul\u00a0simte dureri.<\/p>\n<h3>Diagnosticare<\/h3>\n<p>Acumularea de gaze e foarte simplu de determinat \u00een timpul unei examin\u0103ri externe: abdomenul este balonat\u00a0\u015fi\u00a0m\u0103rit \u00een dimensiuni, este v\u00eertos la\u00a0palpa\u0163ie\u00a0\u015fi<br \/>\n\u00eencordat. Urm\u0103toarea diagnosticare este \u00eendreptat\u0103 spre depistarea cauzei apari\u0163iei st\u0103rii respective.<\/p>\n<p>Bolnavul face ultrasonografia\u00a0\u015fi\u00a0investigarea\u00a0roentgen\u00a0a organelor peritoneului, se\u00a0iau probele de s\u00e2nge (biochimia), cu scopul de a determina nivelul de<br \/>\nenzime ale pancreasului ,la\u00a0fel se mai ia\u00a0\u015fi\u00a0analiza calului (fecalelor), se\u00a0realizeaz\u0103 tomografia computerizat\u0103\u00a0\u015fi\u00a0 cercetarea rectal\u0103.<\/p>\n<h3>Tratarea st\u0103rii boln\u0103vicioase<\/h3>\n<p>Cea mai r\u0103sp\u00e2ndit\u0103 metod\u0103 de tratare este folosirea c\u0103rbunelui activat (de trei ori pe zi c\u00e2te\u00a01 g). Nu se recomand\u0103\u00a0consumarea\u00a0produselor, care contribuie la<br \/>\nfermenta\u0163ie (maz\u0103rea, fasolea, laptele, dulciurile).<\/p>\n<p>Practicarea sportului este o profilactic\u0103 extraordinar\u0103 contra proceselor de acumulare \u00een intestin. Foarte benefic este \u00eenotul, gimnastica de\u00a0diminea\u021b\u0103, mersul\u00a0sportiv.<\/p>\n","protected":false},"excerpt":{"rendered":"<p>Balonarea abdomenului este un proces de acumulare a gazelor \u00een intestin. Cauza o constituie perturbarea procesului de digestie. Ca rezultat abdomenul se\u00a0m\u0103re\u0219te\u00a0\u00een dimensiuni\u00a0,devine v\u00eertos\u00a0\u015fi\u00a0pe bolnav nu-l\u00a0p\u0103r\u0103se\u0219te\u00a0senza\u021bia\u00a0c\u0103 ceva\u00a0izbucne\u0219te\u00a0din interior. Simptomele principale Abdomenul balonat nu este o boal\u0103, ci\u00a0unul dintre simptomele maladiilor ce\u00a0\u0163in\u00a0de organele tractului gastro-intestinal. Cauza acumul\u0103rii de gaze o poate constitui pancreatita cronic\u0103, deoarece \u00een [&hellip;]<\/p>\n","protected":false},"author":28,"featured_media":0,"parent":52944,"menu_order":0,"comment_status":"closed","ping_status":"closed","template":"","meta":{"inline_featured_image":false,"footnotes":""},"class_list":["post-49579","page","type-page","status-publish"],"yoast_head":"<!-- This site is optimized with the Yoast SEO plugin v27.3 - https:\/\/yoast.com\/product\/yoast-seo-wordpress\/ -->\n<title>Balonarea abdomenului<\/title>\n<meta name=\"description\" content=\"Balonarea abdomenului este un proces de acumulare a gazelor \u00een intestin. Cauza o constituie perturbarea procesului de digestie\" \/>\n<meta name=\"robots\" content=\"index, follow, max-snippet:-1, max-image-preview:large, max-video-preview:-1\" \/>\n<link rel=\"canonical\" href=\"https:\/\/sanatate.md\/ro\/boli-si-tratament\/boli-ale-tractului-gastro-intestinal\/balonarea-abdomenului\/\" \/>\n<meta property=\"og:locale\" content=\"ro_RO\" \/>\n<meta property=\"og:type\" content=\"article\" \/>\n<meta property=\"og:title\" content=\"Balonarea abdomenului\" \/>\n<meta property=\"og:description\" content=\"Balonarea abdomenului este un proces de acumulare a gazelor \u00een intestin. Cauza o constituie perturbarea procesului de digestie\" \/>\n<meta property=\"og:url\" content=\"https:\/\/sanatate.md\/ro\/boli-si-tratament\/boli-ale-tractului-gastro-intestinal\/balonarea-abdomenului\/\" \/>\n<meta property=\"og:site_name\" content=\"Sanatate.md\" \/>\n<meta name=\"twitter:card\" content=\"summary_large_image\" \/>\n<meta name=\"twitter:label1\" content=\"Timp estimat pentru citire\" \/>\n\t<meta name=\"twitter:data1\" content=\"1 minut\" \/>\n<script type=\"application\/ld+json\" class=\"yoast-schema-graph\">{\"@context\":\"https:\\\/\\\/schema.org\",\"@graph\":[{\"@type\":\"WebPage\",\"@id\":\"https:\\\/\\\/sanatate.md\\\/ro\\\/boli-si-tratament\\\/boli-ale-tractului-gastro-intestinal\\\/balonarea-abdomenului\\\/\",\"url\":\"https:\\\/\\\/sanatate.md\\\/ro\\\/boli-si-tratament\\\/boli-ale-tractului-gastro-intestinal\\\/balonarea-abdomenului\\\/\",\"name\":\"Balonarea abdomenului\",\"isPartOf\":{\"@id\":\"https:\\\/\\\/sanatate.md\\\/ro\\\/#website\"},\"datePublished\":\"2018-01-11T13:10:52+00:00\",\"description\":\"Balonarea abdomenului este un proces de acumulare a gazelor \u00een intestin. Cauza o constituie perturbarea procesului de digestie\",\"breadcrumb\":{\"@id\":\"https:\\\/\\\/sanatate.md\\\/ro\\\/boli-si-tratament\\\/boli-ale-tractului-gastro-intestinal\\\/balonarea-abdomenului\\\/#breadcrumb\"},\"inLanguage\":\"ro-RO\",\"potentialAction\":[{\"@type\":\"ReadAction\",\"target\":[\"https:\\\/\\\/sanatate.md\\\/ro\\\/boli-si-tratament\\\/boli-ale-tractului-gastro-intestinal\\\/balonarea-abdomenului\\\/\"]}]},{\"@type\":\"BreadcrumbList\",\"@id\":\"https:\\\/\\\/sanatate.md\\\/ro\\\/boli-si-tratament\\\/boli-ale-tractului-gastro-intestinal\\\/balonarea-abdomenului\\\/#breadcrumb\",\"itemListElement\":[{\"@type\":\"ListItem\",\"position\":1,\"name\":\"\u0413\u043b\u0430\u0432\u043d\u0430\u044f \u0441\u0442\u0440\u0430\u043d\u0438\u0446\u0430\",\"item\":\"https:\\\/\\\/sanatate.md\\\/ro\\\/\"},{\"@type\":\"ListItem\",\"position\":2,\"name\":\"Boli si tratament\",\"item\":\"https:\\\/\\\/sanatate.md\\\/ro\\\/boli-si-tratament\\\/\"},{\"@type\":\"ListItem\",\"position\":3,\"name\":\"Boli ale tractului gastro-intestinal\",\"item\":\"https:\\\/\\\/sanatate.md\\\/ro\\\/boli-si-tratament\\\/boli-ale-tractului-gastro-intestinal\\\/\"},{\"@type\":\"ListItem\",\"position\":4,\"name\":\"Balonarea abdomenului\"}]},{\"@type\":\"WebSite\",\"@id\":\"https:\\\/\\\/sanatate.md\\\/ro\\\/#website\",\"url\":\"https:\\\/\\\/sanatate.md\\\/ro\\\/\",\"name\":\"Sanatate.md\",\"description\":\"\u0416\u0443\u0440\u043d\u0430\u043b \u0434\u043b\u044f \u0432\u0441\u0435\u0439 \u0441\u0435\u043c\u044c\u0438 \u0432 \u041c\u043e\u043b\u0434\u043e\u0432\u0435\",\"publisher\":{\"@id\":\"https:\\\/\\\/sanatate.md\\\/ro\\\/#organization\"},\"potentialAction\":[{\"@type\":\"SearchAction\",\"target\":{\"@type\":\"EntryPoint\",\"urlTemplate\":\"https:\\\/\\\/sanatate.md\\\/ro\\\/?s={search_term_string}\"},\"query-input\":{\"@type\":\"PropertyValueSpecification\",\"valueRequired\":true,\"valueName\":\"search_term_string\"}}],\"inLanguage\":\"ro-RO\"},{\"@type\":\"Organization\",\"@id\":\"https:\\\/\\\/sanatate.md\\\/ro\\\/#organization\",\"name\":\"SANATATE\",\"url\":\"https:\\\/\\\/sanatate.md\\\/ro\\\/\",\"logo\":{\"@type\":\"ImageObject\",\"inLanguage\":\"ro-RO\",\"@id\":\"https:\\\/\\\/sanatate.md\\\/ro\\\/#\\\/schema\\\/logo\\\/image\\\/\",\"url\":\"https:\\\/\\\/sanatate.md\\\/wp-content\\\/uploads\\\/2022\\\/01\\\/sanatate-logo.svg\",\"contentUrl\":\"https:\\\/\\\/sanatate.md\\\/wp-content\\\/uploads\\\/2022\\\/01\\\/sanatate-logo.svg\",\"width\":\"1024\",\"height\":\"1024\",\"caption\":\"SANATATE\"},\"image\":{\"@id\":\"https:\\\/\\\/sanatate.md\\\/ro\\\/#\\\/schema\\\/logo\\\/image\\\/\"}}]}<\/script>\n<!-- \/ Yoast SEO plugin. -->","yoast_head_json":{"title":"Balonarea abdomenului","description":"Balonarea abdomenului este un proces de acumulare a gazelor \u00een intestin. Cauza o constituie perturbarea procesului de digestie","robots":{"index":"index","follow":"follow","max-snippet":"max-snippet:-1","max-image-preview":"max-image-preview:large","max-video-preview":"max-video-preview:-1"},"canonical":"https:\/\/sanatate.md\/ro\/boli-si-tratament\/boli-ale-tractului-gastro-intestinal\/balonarea-abdomenului\/","og_locale":"ro_RO","og_type":"article","og_title":"Balonarea abdomenului","og_description":"Balonarea abdomenului este un proces de acumulare a gazelor \u00een intestin. Cauza o constituie perturbarea procesului de digestie","og_url":"https:\/\/sanatate.md\/ro\/boli-si-tratament\/boli-ale-tractului-gastro-intestinal\/balonarea-abdomenului\/","og_site_name":"Sanatate.md","twitter_card":"summary_large_image","twitter_misc":{"Timp estimat pentru citire":"1 minut"},"schema":{"@context":"https:\/\/schema.org","@graph":[{"@type":"WebPage","@id":"https:\/\/sanatate.md\/ro\/boli-si-tratament\/boli-ale-tractului-gastro-intestinal\/balonarea-abdomenului\/","url":"https:\/\/sanatate.md\/ro\/boli-si-tratament\/boli-ale-tractului-gastro-intestinal\/balonarea-abdomenului\/","name":"Balonarea abdomenului","isPartOf":{"@id":"https:\/\/sanatate.md\/ro\/#website"},"datePublished":"2018-01-11T13:10:52+00:00","description":"Balonarea abdomenului este un proces de acumulare a gazelor \u00een intestin. Cauza o constituie perturbarea procesului de digestie","breadcrumb":{"@id":"https:\/\/sanatate.md\/ro\/boli-si-tratament\/boli-ale-tractului-gastro-intestinal\/balonarea-abdomenului\/#breadcrumb"},"inLanguage":"ro-RO","potentialAction":[{"@type":"ReadAction","target":["https:\/\/sanatate.md\/ro\/boli-si-tratament\/boli-ale-tractului-gastro-intestinal\/balonarea-abdomenului\/"]}]},{"@type":"BreadcrumbList","@id":"https:\/\/sanatate.md\/ro\/boli-si-tratament\/boli-ale-tractului-gastro-intestinal\/balonarea-abdomenului\/#breadcrumb","itemListElement":[{"@type":"ListItem","position":1,"name":"\u0413\u043b\u0430\u0432\u043d\u0430\u044f \u0441\u0442\u0440\u0430\u043d\u0438\u0446\u0430","item":"https:\/\/sanatate.md\/ro\/"},{"@type":"ListItem","position":2,"name":"Boli si tratament","item":"https:\/\/sanatate.md\/ro\/boli-si-tratament\/"},{"@type":"ListItem","position":3,"name":"Boli ale tractului gastro-intestinal","item":"https:\/\/sanatate.md\/ro\/boli-si-tratament\/boli-ale-tractului-gastro-intestinal\/"},{"@type":"ListItem","position":4,"name":"Balonarea abdomenului"}]},{"@type":"WebSite","@id":"https:\/\/sanatate.md\/ro\/#website","url":"https:\/\/sanatate.md\/ro\/","name":"Sanatate.md","description":"\u0416\u0443\u0440\u043d\u0430\u043b \u0434\u043b\u044f \u0432\u0441\u0435\u0439 \u0441\u0435\u043c\u044c\u0438 \u0432 \u041c\u043e\u043b\u0434\u043e\u0432\u0435","publisher":{"@id":"https:\/\/sanatate.md\/ro\/#organization"},"potentialAction":[{"@type":"SearchAction","target":{"@type":"EntryPoint","urlTemplate":"https:\/\/sanatate.md\/ro\/?s={search_term_string}"},"query-input":{"@type":"PropertyValueSpecification","valueRequired":true,"valueName":"search_term_string"}}],"inLanguage":"ro-RO"},{"@type":"Organization","@id":"https:\/\/sanatate.md\/ro\/#organization","name":"SANATATE","url":"https:\/\/sanatate.md\/ro\/","logo":{"@type":"ImageObject","inLanguage":"ro-RO","@id":"https:\/\/sanatate.md\/ro\/#\/schema\/logo\/image\/","url":"https:\/\/sanatate.md\/wp-content\/uploads\/2022\/01\/sanatate-logo.svg","contentUrl":"https:\/\/sanatate.md\/wp-content\/uploads\/2022\/01\/sanatate-logo.svg","width":"1024","height":"1024","caption":"SANATATE"},"image":{"@id":"https:\/\/sanatate.md\/ro\/#\/schema\/logo\/image\/"}}]}},"_links":{"self":[{"href":"https:\/\/sanatate.md\/ro\/wp-json\/wp\/v2\/pages\/49579","targetHints":{"allow":["GET"]}}],"collection":[{"href":"https:\/\/sanatate.md\/ro\/wp-json\/wp\/v2\/pages"}],"about":[{"href":"https:\/\/sanatate.md\/ro\/wp-json\/wp\/v2\/types\/page"}],"author":[{"embeddable":true,"href":"https:\/\/sanatate.md\/ro\/wp-json\/wp\/v2\/users\/28"}],"replies":[{"embeddable":true,"href":"https:\/\/sanatate.md\/ro\/wp-json\/wp\/v2\/comments?post=49579"}],"version-history":[{"count":0,"href":"https:\/\/sanatate.md\/ro\/wp-json\/wp\/v2\/pages\/49579\/revisions"}],"up":[{"embeddable":true,"href":"https:\/\/sanatate.md\/ro\/wp-json\/wp\/v2\/pages\/52944"}],"wp:attachment":[{"href":"https:\/\/sanatate.md\/ro\/wp-json\/wp\/v2\/media?parent=49579"}],"curies":[{"name":"wp","href":"https:\/\/api.w.org\/{rel}","templated":true}]}}