{"id":49584,"date":"2018-01-11T16:37:00","date_gmt":"2018-01-11T13:37:00","guid":{"rendered":"https:\/\/sanatate.md\/?page_id=49584"},"modified":"2018-01-11T16:37:33","modified_gmt":"2018-01-11T13:37:33","slug":"hypervitaminoza-d","status":"publish","type":"page","link":"https:\/\/sanatate.md\/ro\/boli-si-tratament\/boli-endocrine\/hypervitaminoza-d\/","title":{"rendered":"Hypervitaminoza D"},"content":{"rendered":"<p>Hypervitaminoza D se caracterizeaz\u0103 printr-o sc\u0103dere a glandei tiroide.<\/p>\n<h3>Cauzele<\/h3>\n<p>Maladia apare c\u00e2nd organismul prime\u0219te \u00een cantit\u0103\u021bi excesive vitamina D, dar \u0219i c\u00eend se atest\u0103 o sensibilitate crescut\u0103 la aceast\u0103 vitamin\u0103. Caracteristica bolii e c\u0103 calciul este absorbit mai mult \u00een intestine \u0219i intr\u0103 \u00een s\u00e2nge, provoc\u00e2nd dezvoltarea hipercalcemiei, ceea ce duce la perturbarea sistemului nervos \u0219i cardiovascular.<\/p>\n<h3>Simptomatica<\/h3>\n<p>Simptomele hypervitaminozei D:<\/p>\n<p>\u2022 lipsa poftei de m\u00eencare;<br \/>\n\u2022 reflexe de vom\u0103, concomitente cu constipa\u021biile;<br \/>\n\u2022 \u00eent\u00eerzierea \u00een dezvoltare;<br \/>\n\u2022 cetea.<\/p>\n<p>La \u00eenceput, copilul devine foarte excitatat, apoi lent \u0219i pot ap\u0103rea chiar crampe, cre\u0219te tensiunea arterial\u0103, ritmul cardiac \u00eencetine\u0219te. Un simptom biochimic caracteristic al hipervitaminozelor D este hipercalcemia. \u00cen urin\u0103 pot fi urme de proteine, precum \u0219i cilindri.<\/p>\n<h3>Diagnosticul<\/h3>\n<p>Diagnosticul se face pe baza simptomelor, a unei imagini clinice \u0219i, de asemenea, pe baza unui e\u0219antion pozitiv al probei Sulkovich. Diagnosticul unui tip diferen\u021bial se stabile\u0219te \u00een paralel cu hiperparatiroidismul.<\/p>\n<h3>Tratamentul<\/h3>\n<p>C\u00e2nd rse renun\u021b\u0103 la produsele ce con\u021bin vitamina D, starea pacientului se \u00eembun\u0103t\u0103\u021be\u0219te semnificativ. \u00cen forme severe, \u00een special \u00een primele luni de via\u021b\u0103 ale copilului, se administreaz\u0103 parenteral o solu\u021bie izotonic\u0103 de glucoz\u0103 \u0219i clorur\u0103 de sodiu.<\/p>\n<p>De asemenea, sunt binevenite:<\/p>\n<ul>\n<li>preparatele din grupul cardiac;<\/li>\n<li>acidul ascorbic;<\/li>\n<li>prednisolonul de 1 mg \/ kg timp de cinci p\u00e2n\u0103 la \u0219apte zile;<\/li>\n<li>vitaminele A, B.<\/li>\n<\/ul>\n","protected":false},"excerpt":{"rendered":"<p>Hypervitaminoza D se caracterizeaz\u0103 printr-o sc\u0103dere a glandei tiroide. Cauzele Maladia apare c\u00e2nd organismul prime\u0219te \u00een cantit\u0103\u021bi excesive vitamina D, dar \u0219i c\u00eend se atest\u0103 o sensibilitate crescut\u0103 la aceast\u0103 vitamin\u0103. Caracteristica bolii e c\u0103 calciul este absorbit mai mult \u00een intestine \u0219i intr\u0103 \u00een s\u00e2nge, provoc\u00e2nd dezvoltarea hipercalcemiei, ceea ce duce la perturbarea sistemului [&hellip;]<\/p>\n","protected":false},"author":28,"featured_media":0,"parent":47544,"menu_order":0,"comment_status":"closed","ping_status":"closed","template":"","meta":{"inline_featured_image":false,"footnotes":""},"class_list":["post-49584","page","type-page","status-publish"],"yoast_head":"<!-- This site is optimized with the Yoast SEO plugin v27.3 - https:\/\/yoast.com\/product\/yoast-seo-wordpress\/ -->\n<title>Hypervitaminoza D<\/title>\n<meta name=\"description\" content=\"Hypervitaminoza D apare c\u00e2nd organismul prime\u0219te \u00een cantit\u0103\u021bi excesive vitamina D, dar \u0219i c\u00eend se atest\u0103 o sensibilitate crescut\u0103 la aceast\u0103 vitamin\u0103.\" \/>\n<meta name=\"robots\" content=\"index, follow, max-snippet:-1, max-image-preview:large, max-video-preview:-1\" \/>\n<link rel=\"canonical\" href=\"https:\/\/sanatate.md\/ro\/boli-si-tratament\/boli-endocrine\/hypervitaminoza-d\/\" \/>\n<meta property=\"og:locale\" content=\"ro_RO\" \/>\n<meta property=\"og:type\" content=\"article\" \/>\n<meta property=\"og:title\" content=\"Hypervitaminoza D\" \/>\n<meta property=\"og:description\" content=\"Hypervitaminoza D apare c\u00e2nd organismul prime\u0219te \u00een cantit\u0103\u021bi excesive vitamina D, dar \u0219i c\u00eend se atest\u0103 o sensibilitate crescut\u0103 la aceast\u0103 vitamin\u0103.\" \/>\n<meta property=\"og:url\" content=\"https:\/\/sanatate.md\/ro\/boli-si-tratament\/boli-endocrine\/hypervitaminoza-d\/\" \/>\n<meta property=\"og:site_name\" content=\"Sanatate.md\" \/>\n<meta property=\"article:modified_time\" content=\"2018-01-11T13:37:33+00:00\" \/>\n<meta name=\"twitter:card\" content=\"summary_large_image\" \/>\n<meta name=\"twitter:label1\" content=\"Timp estimat pentru citire\" \/>\n\t<meta name=\"twitter:data1\" content=\"1 minut\" \/>\n<script type=\"application\/ld+json\" class=\"yoast-schema-graph\">{\"@context\":\"https:\\\/\\\/schema.org\",\"@graph\":[{\"@type\":\"WebPage\",\"@id\":\"https:\\\/\\\/sanatate.md\\\/ro\\\/boli-si-tratament\\\/boli-endocrine\\\/hypervitaminoza-d\\\/\",\"url\":\"https:\\\/\\\/sanatate.md\\\/ro\\\/boli-si-tratament\\\/boli-endocrine\\\/hypervitaminoza-d\\\/\",\"name\":\"Hypervitaminoza D\",\"isPartOf\":{\"@id\":\"https:\\\/\\\/sanatate.md\\\/ro\\\/#website\"},\"datePublished\":\"2018-01-11T13:37:00+00:00\",\"dateModified\":\"2018-01-11T13:37:33+00:00\",\"description\":\"Hypervitaminoza D apare c\u00e2nd organismul prime\u0219te \u00een cantit\u0103\u021bi excesive vitamina D, dar \u0219i c\u00eend se atest\u0103 o sensibilitate crescut\u0103 la aceast\u0103 vitamin\u0103.\",\"breadcrumb\":{\"@id\":\"https:\\\/\\\/sanatate.md\\\/ro\\\/boli-si-tratament\\\/boli-endocrine\\\/hypervitaminoza-d\\\/#breadcrumb\"},\"inLanguage\":\"ro-RO\",\"potentialAction\":[{\"@type\":\"ReadAction\",\"target\":[\"https:\\\/\\\/sanatate.md\\\/ro\\\/boli-si-tratament\\\/boli-endocrine\\\/hypervitaminoza-d\\\/\"]}]},{\"@type\":\"BreadcrumbList\",\"@id\":\"https:\\\/\\\/sanatate.md\\\/ro\\\/boli-si-tratament\\\/boli-endocrine\\\/hypervitaminoza-d\\\/#breadcrumb\",\"itemListElement\":[{\"@type\":\"ListItem\",\"position\":1,\"name\":\"\u0413\u043b\u0430\u0432\u043d\u0430\u044f \u0441\u0442\u0440\u0430\u043d\u0438\u0446\u0430\",\"item\":\"https:\\\/\\\/sanatate.md\\\/ro\\\/\"},{\"@type\":\"ListItem\",\"position\":2,\"name\":\"Boli si tratament\",\"item\":\"https:\\\/\\\/sanatate.md\\\/ro\\\/boli-si-tratament\\\/\"},{\"@type\":\"ListItem\",\"position\":3,\"name\":\"Boli endocrine\",\"item\":\"https:\\\/\\\/sanatate.md\\\/ro\\\/boli-si-tratament\\\/boli-endocrine\\\/\"},{\"@type\":\"ListItem\",\"position\":4,\"name\":\"Hypervitaminoza D\"}]},{\"@type\":\"WebSite\",\"@id\":\"https:\\\/\\\/sanatate.md\\\/ro\\\/#website\",\"url\":\"https:\\\/\\\/sanatate.md\\\/ro\\\/\",\"name\":\"Sanatate.md\",\"description\":\"\u0416\u0443\u0440\u043d\u0430\u043b \u0434\u043b\u044f \u0432\u0441\u0435\u0439 \u0441\u0435\u043c\u044c\u0438 \u0432 \u041c\u043e\u043b\u0434\u043e\u0432\u0435\",\"publisher\":{\"@id\":\"https:\\\/\\\/sanatate.md\\\/ro\\\/#organization\"},\"potentialAction\":[{\"@type\":\"SearchAction\",\"target\":{\"@type\":\"EntryPoint\",\"urlTemplate\":\"https:\\\/\\\/sanatate.md\\\/ro\\\/?s={search_term_string}\"},\"query-input\":{\"@type\":\"PropertyValueSpecification\",\"valueRequired\":true,\"valueName\":\"search_term_string\"}}],\"inLanguage\":\"ro-RO\"},{\"@type\":\"Organization\",\"@id\":\"https:\\\/\\\/sanatate.md\\\/ro\\\/#organization\",\"name\":\"SANATATE\",\"url\":\"https:\\\/\\\/sanatate.md\\\/ro\\\/\",\"logo\":{\"@type\":\"ImageObject\",\"inLanguage\":\"ro-RO\",\"@id\":\"https:\\\/\\\/sanatate.md\\\/ro\\\/#\\\/schema\\\/logo\\\/image\\\/\",\"url\":\"https:\\\/\\\/sanatate.md\\\/wp-content\\\/uploads\\\/2022\\\/01\\\/sanatate-logo.svg\",\"contentUrl\":\"https:\\\/\\\/sanatate.md\\\/wp-content\\\/uploads\\\/2022\\\/01\\\/sanatate-logo.svg\",\"width\":\"1024\",\"height\":\"1024\",\"caption\":\"SANATATE\"},\"image\":{\"@id\":\"https:\\\/\\\/sanatate.md\\\/ro\\\/#\\\/schema\\\/logo\\\/image\\\/\"}}]}<\/script>\n<!-- \/ Yoast SEO plugin. -->","yoast_head_json":{"title":"Hypervitaminoza D","description":"Hypervitaminoza D apare c\u00e2nd organismul prime\u0219te \u00een cantit\u0103\u021bi excesive vitamina D, dar \u0219i c\u00eend se atest\u0103 o sensibilitate crescut\u0103 la aceast\u0103 vitamin\u0103.","robots":{"index":"index","follow":"follow","max-snippet":"max-snippet:-1","max-image-preview":"max-image-preview:large","max-video-preview":"max-video-preview:-1"},"canonical":"https:\/\/sanatate.md\/ro\/boli-si-tratament\/boli-endocrine\/hypervitaminoza-d\/","og_locale":"ro_RO","og_type":"article","og_title":"Hypervitaminoza D","og_description":"Hypervitaminoza D apare c\u00e2nd organismul prime\u0219te \u00een cantit\u0103\u021bi excesive vitamina D, dar \u0219i c\u00eend se atest\u0103 o sensibilitate crescut\u0103 la aceast\u0103 vitamin\u0103.","og_url":"https:\/\/sanatate.md\/ro\/boli-si-tratament\/boli-endocrine\/hypervitaminoza-d\/","og_site_name":"Sanatate.md","article_modified_time":"2018-01-11T13:37:33+00:00","twitter_card":"summary_large_image","twitter_misc":{"Timp estimat pentru citire":"1 minut"},"schema":{"@context":"https:\/\/schema.org","@graph":[{"@type":"WebPage","@id":"https:\/\/sanatate.md\/ro\/boli-si-tratament\/boli-endocrine\/hypervitaminoza-d\/","url":"https:\/\/sanatate.md\/ro\/boli-si-tratament\/boli-endocrine\/hypervitaminoza-d\/","name":"Hypervitaminoza D","isPartOf":{"@id":"https:\/\/sanatate.md\/ro\/#website"},"datePublished":"2018-01-11T13:37:00+00:00","dateModified":"2018-01-11T13:37:33+00:00","description":"Hypervitaminoza D apare c\u00e2nd organismul prime\u0219te \u00een cantit\u0103\u021bi excesive vitamina D, dar \u0219i c\u00eend se atest\u0103 o sensibilitate crescut\u0103 la aceast\u0103 vitamin\u0103.","breadcrumb":{"@id":"https:\/\/sanatate.md\/ro\/boli-si-tratament\/boli-endocrine\/hypervitaminoza-d\/#breadcrumb"},"inLanguage":"ro-RO","potentialAction":[{"@type":"ReadAction","target":["https:\/\/sanatate.md\/ro\/boli-si-tratament\/boli-endocrine\/hypervitaminoza-d\/"]}]},{"@type":"BreadcrumbList","@id":"https:\/\/sanatate.md\/ro\/boli-si-tratament\/boli-endocrine\/hypervitaminoza-d\/#breadcrumb","itemListElement":[{"@type":"ListItem","position":1,"name":"\u0413\u043b\u0430\u0432\u043d\u0430\u044f \u0441\u0442\u0440\u0430\u043d\u0438\u0446\u0430","item":"https:\/\/sanatate.md\/ro\/"},{"@type":"ListItem","position":2,"name":"Boli si tratament","item":"https:\/\/sanatate.md\/ro\/boli-si-tratament\/"},{"@type":"ListItem","position":3,"name":"Boli endocrine","item":"https:\/\/sanatate.md\/ro\/boli-si-tratament\/boli-endocrine\/"},{"@type":"ListItem","position":4,"name":"Hypervitaminoza D"}]},{"@type":"WebSite","@id":"https:\/\/sanatate.md\/ro\/#website","url":"https:\/\/sanatate.md\/ro\/","name":"Sanatate.md","description":"\u0416\u0443\u0440\u043d\u0430\u043b \u0434\u043b\u044f \u0432\u0441\u0435\u0439 \u0441\u0435\u043c\u044c\u0438 \u0432 \u041c\u043e\u043b\u0434\u043e\u0432\u0435","publisher":{"@id":"https:\/\/sanatate.md\/ro\/#organization"},"potentialAction":[{"@type":"SearchAction","target":{"@type":"EntryPoint","urlTemplate":"https:\/\/sanatate.md\/ro\/?s={search_term_string}"},"query-input":{"@type":"PropertyValueSpecification","valueRequired":true,"valueName":"search_term_string"}}],"inLanguage":"ro-RO"},{"@type":"Organization","@id":"https:\/\/sanatate.md\/ro\/#organization","name":"SANATATE","url":"https:\/\/sanatate.md\/ro\/","logo":{"@type":"ImageObject","inLanguage":"ro-RO","@id":"https:\/\/sanatate.md\/ro\/#\/schema\/logo\/image\/","url":"https:\/\/sanatate.md\/wp-content\/uploads\/2022\/01\/sanatate-logo.svg","contentUrl":"https:\/\/sanatate.md\/wp-content\/uploads\/2022\/01\/sanatate-logo.svg","width":"1024","height":"1024","caption":"SANATATE"},"image":{"@id":"https:\/\/sanatate.md\/ro\/#\/schema\/logo\/image\/"}}]}},"_links":{"self":[{"href":"https:\/\/sanatate.md\/ro\/wp-json\/wp\/v2\/pages\/49584","targetHints":{"allow":["GET"]}}],"collection":[{"href":"https:\/\/sanatate.md\/ro\/wp-json\/wp\/v2\/pages"}],"about":[{"href":"https:\/\/sanatate.md\/ro\/wp-json\/wp\/v2\/types\/page"}],"author":[{"embeddable":true,"href":"https:\/\/sanatate.md\/ro\/wp-json\/wp\/v2\/users\/28"}],"replies":[{"embeddable":true,"href":"https:\/\/sanatate.md\/ro\/wp-json\/wp\/v2\/comments?post=49584"}],"version-history":[{"count":0,"href":"https:\/\/sanatate.md\/ro\/wp-json\/wp\/v2\/pages\/49584\/revisions"}],"up":[{"embeddable":true,"href":"https:\/\/sanatate.md\/ro\/wp-json\/wp\/v2\/pages\/47544"}],"wp:attachment":[{"href":"https:\/\/sanatate.md\/ro\/wp-json\/wp\/v2\/media?parent=49584"}],"curies":[{"name":"wp","href":"https:\/\/api.w.org\/{rel}","templated":true}]}}