{"id":49589,"date":"2018-01-11T17:25:15","date_gmt":"2018-01-11T14:25:15","guid":{"rendered":"https:\/\/sanatate.md\/?page_id=49589"},"modified":"2018-01-11T17:25:15","modified_gmt":"2018-01-11T14:25:15","slug":"hipoparatiroidism-2","status":"publish","type":"page","link":"https:\/\/sanatate.md\/ro\/boli-si-tratament\/boli-endocrine\/hipoparatiroidism-2\/","title":{"rendered":"Hipoparatiroidism"},"content":{"rendered":"<p>Hipoparatiroidismul este o boal\u0103, care apare \u00een rezultatul producerii unui nivel inadecvat al hormonului paratiroidian (parathyrin) sau receptorii de \u021besut nu sunt suficient de sensibili la el. Boala conduce la o sc\u0103dere a func\u021biei de hormon paratiroidian \u0219i este \u00eenso\u021bit\u0103 de atacuri de crize prelungite (tonice).<\/p>\n<h3>Cauzele<\/h3>\n<p>Motivele maladiei sunt bolile inflamatorii ale glandelor perechi, hemoragiile provocate de leziuni la nivelul g\u00e2tului, intoxicarea de diverse etiologii (mercur, strihnin\u0103, plumb, monooxid de carbon), deficitul de vitamin\u0103 D \u00een timpul sarcinii \u0219i al\u0103pt\u0103rii, insuficien\u021ba de absorb\u021bie a calciului \u00een organism, radia\u0163ia.<\/p>\n<h3>Simptomele bolii<\/h3>\n<p>Sunt 4 tipuri de simptome, care au acela\u015fi mecanism de apari\u021bie \u0219i o situa\u021bie dureroas\u0103 similar\u0103:<\/p>\n<p>\u2022 sindromul tetanic (convulsiv), caracterizat prin excitabilitate ridicat\u0103;<br \/>\n\u2022 sindromul de tulbur\u0103ri de sensibilitate \u0219i de func\u021bii vegetative;<br \/>\n\u2022 sindromul de deteriorare a SNC \u0219i func\u021biile creierului;<br \/>\n\u2022 modific\u0103rile patologiei cutanate \u0219i trofice.<\/p>\n<h3>Diagnosticul bolii<\/h3>\n<p>Diagnosticul bolii este simplu de stabilit &#8212; prin prezen\u021ba convulsiilor \u0219i a altor simptome de mai sus.<\/p>\n<h3>Tratamentul<\/h3>\n<p>Tratamentul bolii \u00een atacurile acute se efectueaz\u0103 \u00een clinic\u0103.<br \/>\nTerapia medicamentoas\u0103 se face cu:<\/p>\n<p>\u2022.preparate de calciu (solu\u021bie glucagon de calciu, calcitriol, intravenos);<br \/>\n\u2022 sedative (fenobarbital sau relaniu);<br \/>\n\u2022 antispastice (Spasmalgin, No-shpa, Papaverin).preparate de calciu (solu\u021bie<\/p>\n<p>Pentru tratamentul formei cronice ale bolii, este necesar\u0103 o diet\u0103 cu alimente bogate \u00een calciu \u0219i vitamina D (ulei de pe\u0219te \u0219i ficat, coac\u0103z\u0103, conopid\u0103) \u0219i restric\u021bionarea produselor care con\u021bin fosfor. E binevenit un preparat de hidroxid de aluminiu, care este capabil s\u0103 lege fosforul \u00een intestin \u0219i s\u0103 previn\u0103 intrarea \u00een s\u00e2nge.<\/p>\n<p>O interven\u021bie chirurgical\u0103 este de succes \u2013 este indicat transplantul de glande paratiroide, dac\u0103 pacientul nu are contraindica\u021bii la opera\u021bii.<\/p>\n","protected":false},"excerpt":{"rendered":"<p>Hipoparatiroidismul este o boal\u0103, care apare \u00een rezultatul producerii unui nivel inadecvat al hormonului paratiroidian (parathyrin) sau receptorii de \u021besut nu sunt suficient de sensibili la el. Boala conduce la o sc\u0103dere a func\u021biei de hormon paratiroidian \u0219i este \u00eenso\u021bit\u0103 de atacuri de crize prelungite (tonice). Cauzele Motivele maladiei sunt bolile inflamatorii ale glandelor perechi, [&hellip;]<\/p>\n","protected":false},"author":28,"featured_media":0,"parent":47544,"menu_order":0,"comment_status":"closed","ping_status":"closed","template":"","meta":{"inline_featured_image":false,"footnotes":""},"class_list":["post-49589","page","type-page","status-publish"],"yoast_head":"<!-- This site is optimized with the Yoast SEO plugin v27.3 - https:\/\/yoast.com\/product\/yoast-seo-wordpress\/ -->\n<title>Hipoparatiroidism<\/title>\n<meta name=\"description\" content=\"Hipoparatiroidismul este o boal\u0103, care apare \u00een rezultatul producerii unui nivel inadecvat al hormonului paratiroidian (parathyrin) sau receptorii de \u021besut nu sunt suficient de sensibili la el.\" \/>\n<meta name=\"robots\" content=\"index, follow, max-snippet:-1, max-image-preview:large, max-video-preview:-1\" \/>\n<link rel=\"canonical\" href=\"https:\/\/sanatate.md\/ro\/boli-si-tratament\/boli-endocrine\/hipoparatiroidism-2\/\" \/>\n<meta property=\"og:locale\" content=\"ro_RO\" \/>\n<meta property=\"og:type\" content=\"article\" \/>\n<meta property=\"og:title\" content=\"Hipoparatiroidism\" \/>\n<meta property=\"og:description\" content=\"Hipoparatiroidismul este o boal\u0103, care apare \u00een rezultatul producerii unui nivel inadecvat al hormonului paratiroidian (parathyrin) sau receptorii de \u021besut nu sunt suficient de sensibili la el.\" \/>\n<meta property=\"og:url\" content=\"https:\/\/sanatate.md\/ro\/boli-si-tratament\/boli-endocrine\/hipoparatiroidism-2\/\" \/>\n<meta property=\"og:site_name\" content=\"Sanatate.md\" \/>\n<meta name=\"twitter:card\" content=\"summary_large_image\" \/>\n<meta name=\"twitter:label1\" content=\"Timp estimat pentru citire\" \/>\n\t<meta name=\"twitter:data1\" content=\"1 minut\" \/>\n<script type=\"application\/ld+json\" class=\"yoast-schema-graph\">{\"@context\":\"https:\\\/\\\/schema.org\",\"@graph\":[{\"@type\":\"WebPage\",\"@id\":\"https:\\\/\\\/sanatate.md\\\/ro\\\/boli-si-tratament\\\/boli-endocrine\\\/hipoparatiroidism-2\\\/\",\"url\":\"https:\\\/\\\/sanatate.md\\\/ro\\\/boli-si-tratament\\\/boli-endocrine\\\/hipoparatiroidism-2\\\/\",\"name\":\"Hipoparatiroidism\",\"isPartOf\":{\"@id\":\"https:\\\/\\\/sanatate.md\\\/ro\\\/#website\"},\"datePublished\":\"2018-01-11T14:25:15+00:00\",\"description\":\"Hipoparatiroidismul este o boal\u0103, care apare \u00een rezultatul producerii unui nivel inadecvat al hormonului paratiroidian (parathyrin) sau receptorii de \u021besut nu sunt suficient de sensibili la el.\",\"breadcrumb\":{\"@id\":\"https:\\\/\\\/sanatate.md\\\/ro\\\/boli-si-tratament\\\/boli-endocrine\\\/hipoparatiroidism-2\\\/#breadcrumb\"},\"inLanguage\":\"ro-RO\",\"potentialAction\":[{\"@type\":\"ReadAction\",\"target\":[\"https:\\\/\\\/sanatate.md\\\/ro\\\/boli-si-tratament\\\/boli-endocrine\\\/hipoparatiroidism-2\\\/\"]}]},{\"@type\":\"BreadcrumbList\",\"@id\":\"https:\\\/\\\/sanatate.md\\\/ro\\\/boli-si-tratament\\\/boli-endocrine\\\/hipoparatiroidism-2\\\/#breadcrumb\",\"itemListElement\":[{\"@type\":\"ListItem\",\"position\":1,\"name\":\"\u0413\u043b\u0430\u0432\u043d\u0430\u044f \u0441\u0442\u0440\u0430\u043d\u0438\u0446\u0430\",\"item\":\"https:\\\/\\\/sanatate.md\\\/ro\\\/\"},{\"@type\":\"ListItem\",\"position\":2,\"name\":\"Boli si tratament\",\"item\":\"https:\\\/\\\/sanatate.md\\\/ro\\\/boli-si-tratament\\\/\"},{\"@type\":\"ListItem\",\"position\":3,\"name\":\"Boli endocrine\",\"item\":\"https:\\\/\\\/sanatate.md\\\/ro\\\/boli-si-tratament\\\/boli-endocrine\\\/\"},{\"@type\":\"ListItem\",\"position\":4,\"name\":\"Hipoparatiroidism\"}]},{\"@type\":\"WebSite\",\"@id\":\"https:\\\/\\\/sanatate.md\\\/ro\\\/#website\",\"url\":\"https:\\\/\\\/sanatate.md\\\/ro\\\/\",\"name\":\"Sanatate.md\",\"description\":\"\u0416\u0443\u0440\u043d\u0430\u043b \u0434\u043b\u044f \u0432\u0441\u0435\u0439 \u0441\u0435\u043c\u044c\u0438 \u0432 \u041c\u043e\u043b\u0434\u043e\u0432\u0435\",\"publisher\":{\"@id\":\"https:\\\/\\\/sanatate.md\\\/ro\\\/#organization\"},\"potentialAction\":[{\"@type\":\"SearchAction\",\"target\":{\"@type\":\"EntryPoint\",\"urlTemplate\":\"https:\\\/\\\/sanatate.md\\\/ro\\\/?s={search_term_string}\"},\"query-input\":{\"@type\":\"PropertyValueSpecification\",\"valueRequired\":true,\"valueName\":\"search_term_string\"}}],\"inLanguage\":\"ro-RO\"},{\"@type\":\"Organization\",\"@id\":\"https:\\\/\\\/sanatate.md\\\/ro\\\/#organization\",\"name\":\"SANATATE\",\"url\":\"https:\\\/\\\/sanatate.md\\\/ro\\\/\",\"logo\":{\"@type\":\"ImageObject\",\"inLanguage\":\"ro-RO\",\"@id\":\"https:\\\/\\\/sanatate.md\\\/ro\\\/#\\\/schema\\\/logo\\\/image\\\/\",\"url\":\"https:\\\/\\\/sanatate.md\\\/wp-content\\\/uploads\\\/2022\\\/01\\\/sanatate-logo.svg\",\"contentUrl\":\"https:\\\/\\\/sanatate.md\\\/wp-content\\\/uploads\\\/2022\\\/01\\\/sanatate-logo.svg\",\"width\":\"1024\",\"height\":\"1024\",\"caption\":\"SANATATE\"},\"image\":{\"@id\":\"https:\\\/\\\/sanatate.md\\\/ro\\\/#\\\/schema\\\/logo\\\/image\\\/\"}}]}<\/script>\n<!-- \/ Yoast SEO plugin. -->","yoast_head_json":{"title":"Hipoparatiroidism","description":"Hipoparatiroidismul este o boal\u0103, care apare \u00een rezultatul producerii unui nivel inadecvat al hormonului paratiroidian (parathyrin) sau receptorii de \u021besut nu sunt suficient de sensibili la el.","robots":{"index":"index","follow":"follow","max-snippet":"max-snippet:-1","max-image-preview":"max-image-preview:large","max-video-preview":"max-video-preview:-1"},"canonical":"https:\/\/sanatate.md\/ro\/boli-si-tratament\/boli-endocrine\/hipoparatiroidism-2\/","og_locale":"ro_RO","og_type":"article","og_title":"Hipoparatiroidism","og_description":"Hipoparatiroidismul este o boal\u0103, care apare \u00een rezultatul producerii unui nivel inadecvat al hormonului paratiroidian (parathyrin) sau receptorii de \u021besut nu sunt suficient de sensibili la el.","og_url":"https:\/\/sanatate.md\/ro\/boli-si-tratament\/boli-endocrine\/hipoparatiroidism-2\/","og_site_name":"Sanatate.md","twitter_card":"summary_large_image","twitter_misc":{"Timp estimat pentru citire":"1 minut"},"schema":{"@context":"https:\/\/schema.org","@graph":[{"@type":"WebPage","@id":"https:\/\/sanatate.md\/ro\/boli-si-tratament\/boli-endocrine\/hipoparatiroidism-2\/","url":"https:\/\/sanatate.md\/ro\/boli-si-tratament\/boli-endocrine\/hipoparatiroidism-2\/","name":"Hipoparatiroidism","isPartOf":{"@id":"https:\/\/sanatate.md\/ro\/#website"},"datePublished":"2018-01-11T14:25:15+00:00","description":"Hipoparatiroidismul este o boal\u0103, care apare \u00een rezultatul producerii unui nivel inadecvat al hormonului paratiroidian (parathyrin) sau receptorii de \u021besut nu sunt suficient de sensibili la el.","breadcrumb":{"@id":"https:\/\/sanatate.md\/ro\/boli-si-tratament\/boli-endocrine\/hipoparatiroidism-2\/#breadcrumb"},"inLanguage":"ro-RO","potentialAction":[{"@type":"ReadAction","target":["https:\/\/sanatate.md\/ro\/boli-si-tratament\/boli-endocrine\/hipoparatiroidism-2\/"]}]},{"@type":"BreadcrumbList","@id":"https:\/\/sanatate.md\/ro\/boli-si-tratament\/boli-endocrine\/hipoparatiroidism-2\/#breadcrumb","itemListElement":[{"@type":"ListItem","position":1,"name":"\u0413\u043b\u0430\u0432\u043d\u0430\u044f \u0441\u0442\u0440\u0430\u043d\u0438\u0446\u0430","item":"https:\/\/sanatate.md\/ro\/"},{"@type":"ListItem","position":2,"name":"Boli si tratament","item":"https:\/\/sanatate.md\/ro\/boli-si-tratament\/"},{"@type":"ListItem","position":3,"name":"Boli endocrine","item":"https:\/\/sanatate.md\/ro\/boli-si-tratament\/boli-endocrine\/"},{"@type":"ListItem","position":4,"name":"Hipoparatiroidism"}]},{"@type":"WebSite","@id":"https:\/\/sanatate.md\/ro\/#website","url":"https:\/\/sanatate.md\/ro\/","name":"Sanatate.md","description":"\u0416\u0443\u0440\u043d\u0430\u043b \u0434\u043b\u044f \u0432\u0441\u0435\u0439 \u0441\u0435\u043c\u044c\u0438 \u0432 \u041c\u043e\u043b\u0434\u043e\u0432\u0435","publisher":{"@id":"https:\/\/sanatate.md\/ro\/#organization"},"potentialAction":[{"@type":"SearchAction","target":{"@type":"EntryPoint","urlTemplate":"https:\/\/sanatate.md\/ro\/?s={search_term_string}"},"query-input":{"@type":"PropertyValueSpecification","valueRequired":true,"valueName":"search_term_string"}}],"inLanguage":"ro-RO"},{"@type":"Organization","@id":"https:\/\/sanatate.md\/ro\/#organization","name":"SANATATE","url":"https:\/\/sanatate.md\/ro\/","logo":{"@type":"ImageObject","inLanguage":"ro-RO","@id":"https:\/\/sanatate.md\/ro\/#\/schema\/logo\/image\/","url":"https:\/\/sanatate.md\/wp-content\/uploads\/2022\/01\/sanatate-logo.svg","contentUrl":"https:\/\/sanatate.md\/wp-content\/uploads\/2022\/01\/sanatate-logo.svg","width":"1024","height":"1024","caption":"SANATATE"},"image":{"@id":"https:\/\/sanatate.md\/ro\/#\/schema\/logo\/image\/"}}]}},"_links":{"self":[{"href":"https:\/\/sanatate.md\/ro\/wp-json\/wp\/v2\/pages\/49589","targetHints":{"allow":["GET"]}}],"collection":[{"href":"https:\/\/sanatate.md\/ro\/wp-json\/wp\/v2\/pages"}],"about":[{"href":"https:\/\/sanatate.md\/ro\/wp-json\/wp\/v2\/types\/page"}],"author":[{"embeddable":true,"href":"https:\/\/sanatate.md\/ro\/wp-json\/wp\/v2\/users\/28"}],"replies":[{"embeddable":true,"href":"https:\/\/sanatate.md\/ro\/wp-json\/wp\/v2\/comments?post=49589"}],"version-history":[{"count":0,"href":"https:\/\/sanatate.md\/ro\/wp-json\/wp\/v2\/pages\/49589\/revisions"}],"up":[{"embeddable":true,"href":"https:\/\/sanatate.md\/ro\/wp-json\/wp\/v2\/pages\/47544"}],"wp:attachment":[{"href":"https:\/\/sanatate.md\/ro\/wp-json\/wp\/v2\/media?parent=49589"}],"curies":[{"name":"wp","href":"https:\/\/api.w.org\/{rel}","templated":true}]}}