{"id":49595,"date":"2018-01-11T17:43:04","date_gmt":"2018-01-11T14:43:04","guid":{"rendered":"https:\/\/sanatate.md\/?page_id=49595"},"modified":"2018-01-11T17:43:04","modified_gmt":"2018-01-11T14:43:04","slug":"hipopituitarismul","status":"publish","type":"page","link":"https:\/\/sanatate.md\/ro\/boli-si-tratament\/boli-endocrine\/hipopituitarismul\/","title":{"rendered":"Hipopituitarismul"},"content":{"rendered":"<p>Hipopituitarismul se caracterizeaz\u0103 prin apari\u021bia modific\u0103rilor \u00een glanda pituitar\u0103 anterioar\u0103, ca urmare a sc\u0103derii func\u021bion\u0103rii sale sau a deconect\u0103rii complete.<\/p>\n<h3>Cauzele<\/h3>\n<p>Cauzele hipopituitarismului sunt urm\u0103toarele:<\/p>\n<p>\u2022 s\u00e2nger\u0103ri de origine diferit\u0103, inclusiv dup\u0103 na\u015ftere;<br \/>\n\u2022 anevrisme;<br \/>\n\u2022 hemoragii \u00een glanda hipofiz\u0103;<br \/>\n\u2022 arterit\u0103;<br \/>\n\u2022 tuberculoz\u0103;<br \/>\n\u2022 sifilis;<br \/>\n\u2022 meningit\u0103;<br \/>\n\u2022 encefalit\u0103;<br \/>\n\u2022 traumatisme ale craniului;<br \/>\n\u2022 absen\u021ba complet\u0103 a hipofizei genezei congenitale<\/p>\n<h3>Simptomatologia<\/h3>\n<p>Cel mai timpuriu semn al acestei boli este sc\u0103derea poten\u021bei \u0219i a dorin\u021bei sexuale, precum \u0219i o dereglare a ciclului menstrual, care deseori se termin\u0103 cu dispari\u021bia total\u0103.<\/p>\n<p>Simptome caracteristice ale hipopituitarismului:<br \/>\n\u2022 pierderea p\u0103rului \u00een zona abdomenului \u0219i al axililor;<br \/>\n\u2022 culoarea palid\u0103 a pielii;<br \/>\n\u2022 sc\u0103derea temperaturii corpului;<br \/>\n\u2022 oboseala frecvent\u0103;<br \/>\n\u2022 somnolen\u021ba \u00een timpul zilei;<br \/>\n\u2022 pierderea interesului fa\u021b\u0103 de sine \u0219i a lumii din jur.<\/p>\n<p>Persoan\u0103 cu acemenea afec\u021biune este predispus\u0103 la:<br \/>\n\u2022 foame cu apetit sc\u0103zut;<br \/>\n\u2022 epuizarea corpului;<br \/>\n\u2022 semne de anemie<\/p>\n<p>La copii aceast\u0103 boal\u0103 se manifest\u0103 printr-o \u00eencetinire a cre\u0219terii, uneori cu o \u00eent\u00e2rziere \u00een dezvoltarea fizic\u0103 \u0219i sexual\u0103.<\/p>\n<h3>Tratamentul<\/h3>\n<p>Dac\u0103 se diagnosticheaz\u0103 tumori, se efectueaz\u0103 cursuri chirurgicale, gamma \u0219i radioterapie cu terapie suplimentar\u0103 de substitu\u021bie, care vizeaz\u0103 restabilirea \u0219i normalizarea echilibrului hormonal. O astfel de terapie se desf\u0103\u0219oar\u0103 pe toat\u0103 durata vie\u021bii.<br \/>\nPar\u0163ile afectate ale glandei hipofizare nu pot produce cantitatea de hormoni in glanda tiroida, organele genitale si glandele suprarenale.<\/p>\n<p>Sunt prescrise medicamentele:<br \/>\n\u2022 Cortizolul &#8211; care face posibil\u0103 \u00eenlocuirea hormonului glandelor suprarenale;<br \/>\n\u2022 Tiroidina &#8211; medicament care \u00eenlocuie\u0219te hormonul tiroidian.<\/p>\n<p>Pentru b\u0103rba\u021bi se folosesc hormoni masculini, respectiv pentru femei, respectiv hormoni sexuali feminini. Pentru copii, sunt prescrise preparatele din grupul anabolic, care asigur\u0103 dezvoltarea oaselor scheletului \u0219i a sistemului muscular. Se administreaz\u0103 \u0219i hormonul cre\u0219terii.<\/p>\n","protected":false},"excerpt":{"rendered":"<p>Hipopituitarismul se caracterizeaz\u0103 prin apari\u021bia modific\u0103rilor \u00een glanda pituitar\u0103 anterioar\u0103, ca urmare a sc\u0103derii func\u021bion\u0103rii sale sau a deconect\u0103rii complete. Cauzele Cauzele hipopituitarismului sunt urm\u0103toarele: \u2022 s\u00e2nger\u0103ri de origine diferit\u0103, inclusiv dup\u0103 na\u015ftere; \u2022 anevrisme; \u2022 hemoragii \u00een glanda hipofiz\u0103; \u2022 arterit\u0103; \u2022 tuberculoz\u0103; \u2022 sifilis; \u2022 meningit\u0103; \u2022 encefalit\u0103; \u2022 traumatisme ale craniului; \u2022 [&hellip;]<\/p>\n","protected":false},"author":28,"featured_media":0,"parent":47544,"menu_order":0,"comment_status":"closed","ping_status":"closed","template":"","meta":{"inline_featured_image":false,"footnotes":""},"class_list":["post-49595","page","type-page","status-publish"],"yoast_head":"<!-- This site is optimized with the Yoast SEO plugin v27.3 - https:\/\/yoast.com\/product\/yoast-seo-wordpress\/ -->\n<title>Hipopituitarismul<\/title>\n<meta name=\"description\" content=\"Hipopituitarismul se caracterizeaz\u0103 prin apari\u021bia modific\u0103rilor \u00een glanda pituitar\u0103 anterioar\u0103, ca urmare a sc\u0103derii func\u021bion\u0103rii sale sau a deconect\u0103rii complete.\" \/>\n<meta name=\"robots\" content=\"index, follow, max-snippet:-1, max-image-preview:large, max-video-preview:-1\" \/>\n<link rel=\"canonical\" href=\"https:\/\/sanatate.md\/ro\/boli-si-tratament\/boli-endocrine\/hipopituitarismul\/\" \/>\n<meta property=\"og:locale\" content=\"ro_RO\" \/>\n<meta property=\"og:type\" content=\"article\" \/>\n<meta property=\"og:title\" content=\"Hipopituitarismul\" \/>\n<meta property=\"og:description\" content=\"Hipopituitarismul se caracterizeaz\u0103 prin apari\u021bia modific\u0103rilor \u00een glanda pituitar\u0103 anterioar\u0103, ca urmare a sc\u0103derii func\u021bion\u0103rii sale sau a deconect\u0103rii complete.\" \/>\n<meta property=\"og:url\" content=\"https:\/\/sanatate.md\/ro\/boli-si-tratament\/boli-endocrine\/hipopituitarismul\/\" \/>\n<meta property=\"og:site_name\" content=\"Sanatate.md\" \/>\n<meta name=\"twitter:card\" content=\"summary_large_image\" \/>\n<meta name=\"twitter:label1\" content=\"Timp estimat pentru citire\" \/>\n\t<meta name=\"twitter:data1\" content=\"1 minut\" \/>\n<script type=\"application\/ld+json\" class=\"yoast-schema-graph\">{\"@context\":\"https:\\\/\\\/schema.org\",\"@graph\":[{\"@type\":\"WebPage\",\"@id\":\"https:\\\/\\\/sanatate.md\\\/ro\\\/boli-si-tratament\\\/boli-endocrine\\\/hipopituitarismul\\\/\",\"url\":\"https:\\\/\\\/sanatate.md\\\/ro\\\/boli-si-tratament\\\/boli-endocrine\\\/hipopituitarismul\\\/\",\"name\":\"Hipopituitarismul\",\"isPartOf\":{\"@id\":\"https:\\\/\\\/sanatate.md\\\/ro\\\/#website\"},\"datePublished\":\"2018-01-11T14:43:04+00:00\",\"description\":\"Hipopituitarismul se caracterizeaz\u0103 prin apari\u021bia modific\u0103rilor \u00een glanda pituitar\u0103 anterioar\u0103, ca urmare a sc\u0103derii func\u021bion\u0103rii sale sau a deconect\u0103rii complete.\",\"breadcrumb\":{\"@id\":\"https:\\\/\\\/sanatate.md\\\/ro\\\/boli-si-tratament\\\/boli-endocrine\\\/hipopituitarismul\\\/#breadcrumb\"},\"inLanguage\":\"ro-RO\",\"potentialAction\":[{\"@type\":\"ReadAction\",\"target\":[\"https:\\\/\\\/sanatate.md\\\/ro\\\/boli-si-tratament\\\/boli-endocrine\\\/hipopituitarismul\\\/\"]}]},{\"@type\":\"BreadcrumbList\",\"@id\":\"https:\\\/\\\/sanatate.md\\\/ro\\\/boli-si-tratament\\\/boli-endocrine\\\/hipopituitarismul\\\/#breadcrumb\",\"itemListElement\":[{\"@type\":\"ListItem\",\"position\":1,\"name\":\"\u0413\u043b\u0430\u0432\u043d\u0430\u044f \u0441\u0442\u0440\u0430\u043d\u0438\u0446\u0430\",\"item\":\"https:\\\/\\\/sanatate.md\\\/ro\\\/\"},{\"@type\":\"ListItem\",\"position\":2,\"name\":\"Boli si tratament\",\"item\":\"https:\\\/\\\/sanatate.md\\\/ro\\\/boli-si-tratament\\\/\"},{\"@type\":\"ListItem\",\"position\":3,\"name\":\"Boli endocrine\",\"item\":\"https:\\\/\\\/sanatate.md\\\/ro\\\/boli-si-tratament\\\/boli-endocrine\\\/\"},{\"@type\":\"ListItem\",\"position\":4,\"name\":\"Hipopituitarismul\"}]},{\"@type\":\"WebSite\",\"@id\":\"https:\\\/\\\/sanatate.md\\\/ro\\\/#website\",\"url\":\"https:\\\/\\\/sanatate.md\\\/ro\\\/\",\"name\":\"Sanatate.md\",\"description\":\"\u0416\u0443\u0440\u043d\u0430\u043b \u0434\u043b\u044f \u0432\u0441\u0435\u0439 \u0441\u0435\u043c\u044c\u0438 \u0432 \u041c\u043e\u043b\u0434\u043e\u0432\u0435\",\"publisher\":{\"@id\":\"https:\\\/\\\/sanatate.md\\\/ro\\\/#organization\"},\"potentialAction\":[{\"@type\":\"SearchAction\",\"target\":{\"@type\":\"EntryPoint\",\"urlTemplate\":\"https:\\\/\\\/sanatate.md\\\/ro\\\/?s={search_term_string}\"},\"query-input\":{\"@type\":\"PropertyValueSpecification\",\"valueRequired\":true,\"valueName\":\"search_term_string\"}}],\"inLanguage\":\"ro-RO\"},{\"@type\":\"Organization\",\"@id\":\"https:\\\/\\\/sanatate.md\\\/ro\\\/#organization\",\"name\":\"SANATATE\",\"url\":\"https:\\\/\\\/sanatate.md\\\/ro\\\/\",\"logo\":{\"@type\":\"ImageObject\",\"inLanguage\":\"ro-RO\",\"@id\":\"https:\\\/\\\/sanatate.md\\\/ro\\\/#\\\/schema\\\/logo\\\/image\\\/\",\"url\":\"https:\\\/\\\/sanatate.md\\\/wp-content\\\/uploads\\\/2022\\\/01\\\/sanatate-logo.svg\",\"contentUrl\":\"https:\\\/\\\/sanatate.md\\\/wp-content\\\/uploads\\\/2022\\\/01\\\/sanatate-logo.svg\",\"width\":\"1024\",\"height\":\"1024\",\"caption\":\"SANATATE\"},\"image\":{\"@id\":\"https:\\\/\\\/sanatate.md\\\/ro\\\/#\\\/schema\\\/logo\\\/image\\\/\"}}]}<\/script>\n<!-- \/ Yoast SEO plugin. -->","yoast_head_json":{"title":"Hipopituitarismul","description":"Hipopituitarismul se caracterizeaz\u0103 prin apari\u021bia modific\u0103rilor \u00een glanda pituitar\u0103 anterioar\u0103, ca urmare a sc\u0103derii func\u021bion\u0103rii sale sau a deconect\u0103rii complete.","robots":{"index":"index","follow":"follow","max-snippet":"max-snippet:-1","max-image-preview":"max-image-preview:large","max-video-preview":"max-video-preview:-1"},"canonical":"https:\/\/sanatate.md\/ro\/boli-si-tratament\/boli-endocrine\/hipopituitarismul\/","og_locale":"ro_RO","og_type":"article","og_title":"Hipopituitarismul","og_description":"Hipopituitarismul se caracterizeaz\u0103 prin apari\u021bia modific\u0103rilor \u00een glanda pituitar\u0103 anterioar\u0103, ca urmare a sc\u0103derii func\u021bion\u0103rii sale sau a deconect\u0103rii complete.","og_url":"https:\/\/sanatate.md\/ro\/boli-si-tratament\/boli-endocrine\/hipopituitarismul\/","og_site_name":"Sanatate.md","twitter_card":"summary_large_image","twitter_misc":{"Timp estimat pentru citire":"1 minut"},"schema":{"@context":"https:\/\/schema.org","@graph":[{"@type":"WebPage","@id":"https:\/\/sanatate.md\/ro\/boli-si-tratament\/boli-endocrine\/hipopituitarismul\/","url":"https:\/\/sanatate.md\/ro\/boli-si-tratament\/boli-endocrine\/hipopituitarismul\/","name":"Hipopituitarismul","isPartOf":{"@id":"https:\/\/sanatate.md\/ro\/#website"},"datePublished":"2018-01-11T14:43:04+00:00","description":"Hipopituitarismul se caracterizeaz\u0103 prin apari\u021bia modific\u0103rilor \u00een glanda pituitar\u0103 anterioar\u0103, ca urmare a sc\u0103derii func\u021bion\u0103rii sale sau a deconect\u0103rii complete.","breadcrumb":{"@id":"https:\/\/sanatate.md\/ro\/boli-si-tratament\/boli-endocrine\/hipopituitarismul\/#breadcrumb"},"inLanguage":"ro-RO","potentialAction":[{"@type":"ReadAction","target":["https:\/\/sanatate.md\/ro\/boli-si-tratament\/boli-endocrine\/hipopituitarismul\/"]}]},{"@type":"BreadcrumbList","@id":"https:\/\/sanatate.md\/ro\/boli-si-tratament\/boli-endocrine\/hipopituitarismul\/#breadcrumb","itemListElement":[{"@type":"ListItem","position":1,"name":"\u0413\u043b\u0430\u0432\u043d\u0430\u044f \u0441\u0442\u0440\u0430\u043d\u0438\u0446\u0430","item":"https:\/\/sanatate.md\/ro\/"},{"@type":"ListItem","position":2,"name":"Boli si tratament","item":"https:\/\/sanatate.md\/ro\/boli-si-tratament\/"},{"@type":"ListItem","position":3,"name":"Boli endocrine","item":"https:\/\/sanatate.md\/ro\/boli-si-tratament\/boli-endocrine\/"},{"@type":"ListItem","position":4,"name":"Hipopituitarismul"}]},{"@type":"WebSite","@id":"https:\/\/sanatate.md\/ro\/#website","url":"https:\/\/sanatate.md\/ro\/","name":"Sanatate.md","description":"\u0416\u0443\u0440\u043d\u0430\u043b \u0434\u043b\u044f \u0432\u0441\u0435\u0439 \u0441\u0435\u043c\u044c\u0438 \u0432 \u041c\u043e\u043b\u0434\u043e\u0432\u0435","publisher":{"@id":"https:\/\/sanatate.md\/ro\/#organization"},"potentialAction":[{"@type":"SearchAction","target":{"@type":"EntryPoint","urlTemplate":"https:\/\/sanatate.md\/ro\/?s={search_term_string}"},"query-input":{"@type":"PropertyValueSpecification","valueRequired":true,"valueName":"search_term_string"}}],"inLanguage":"ro-RO"},{"@type":"Organization","@id":"https:\/\/sanatate.md\/ro\/#organization","name":"SANATATE","url":"https:\/\/sanatate.md\/ro\/","logo":{"@type":"ImageObject","inLanguage":"ro-RO","@id":"https:\/\/sanatate.md\/ro\/#\/schema\/logo\/image\/","url":"https:\/\/sanatate.md\/wp-content\/uploads\/2022\/01\/sanatate-logo.svg","contentUrl":"https:\/\/sanatate.md\/wp-content\/uploads\/2022\/01\/sanatate-logo.svg","width":"1024","height":"1024","caption":"SANATATE"},"image":{"@id":"https:\/\/sanatate.md\/ro\/#\/schema\/logo\/image\/"}}]}},"_links":{"self":[{"href":"https:\/\/sanatate.md\/ro\/wp-json\/wp\/v2\/pages\/49595","targetHints":{"allow":["GET"]}}],"collection":[{"href":"https:\/\/sanatate.md\/ro\/wp-json\/wp\/v2\/pages"}],"about":[{"href":"https:\/\/sanatate.md\/ro\/wp-json\/wp\/v2\/types\/page"}],"author":[{"embeddable":true,"href":"https:\/\/sanatate.md\/ro\/wp-json\/wp\/v2\/users\/28"}],"replies":[{"embeddable":true,"href":"https:\/\/sanatate.md\/ro\/wp-json\/wp\/v2\/comments?post=49595"}],"version-history":[{"count":0,"href":"https:\/\/sanatate.md\/ro\/wp-json\/wp\/v2\/pages\/49595\/revisions"}],"up":[{"embeddable":true,"href":"https:\/\/sanatate.md\/ro\/wp-json\/wp\/v2\/pages\/47544"}],"wp:attachment":[{"href":"https:\/\/sanatate.md\/ro\/wp-json\/wp\/v2\/media?parent=49595"}],"curies":[{"name":"wp","href":"https:\/\/api.w.org\/{rel}","templated":true}]}}