{"id":49598,"date":"2018-01-11T17:55:15","date_gmt":"2018-01-11T14:55:15","guid":{"rendered":"https:\/\/sanatate.md\/?page_id=49598"},"modified":"2018-01-11T17:55:15","modified_gmt":"2018-01-11T14:55:15","slug":"degenerarea-adiposogenitala","status":"publish","type":"page","link":"https:\/\/sanatate.md\/ro\/boli-si-tratament\/boli-ale-tractului-gastro-intestinal\/degenerarea-adiposogenitala\/","title":{"rendered":"Degenerarea adiposogenital\u0103"},"content":{"rendered":"<p>Degenerarea adiposogenital\u0103 este o combina\u021bie a obezit\u0103\u021bii \u0219i a hipogonadismului, declan\u0219at\u0103 de anomalii ale activit\u0103\u021bii sistemului neuroendocrin. Boala se dezvolt\u0103 \u00een copil\u0103rie \u0219i afecteaz\u0103, \u00een majoritatea cazurilor, b\u0103ie\u021bi cu v\u00e2rste \u00eentre \u0219ase \u0219i doisprezece ani.<\/p>\n<h3>Motivele<\/h3>\n<p>Cauza bolii este infec\u021bia, trauma, boala vascular\u0103 \u0219i neoplasmul, care au afectat hipotalamusul \u0219i glanda pituitar\u0103.<\/p>\n<h3>Simptomele<\/h3>\n<p>Maladia apare \u00een copil\u0103rie, dar se developeaz\u0103, de obicei, mult mai t\u00e2rziu, \u00een timpul pubert\u0103\u021bii. Greutatea \u00een exces &#8211; cel mai specific semn al bolii, mai t\u00e2rziu &#8212; \u00een adolescen\u021b\u0103 \u00eencepe o cre\u0219tere a glandelor mamare (ginecomastie). Testiculele \u0219i penisul r\u0103m\u00e2n \u00een urma dezvolt\u0103rii &#8211; sunt mici.<\/p>\n<p>La b\u0103ie\u021bii-adolescen\u021bi caracteristicile sexuale secundare nu sunt, practic, formate, p\u0103rul pubian \u0219i sub bra\u021be este rar, barba \u0219i musta\u021ba, de regul\u0103, lipsesc. Aceste semne persist\u0103 chiar \u0219i \u00een tinere\u021be, se dezvolt\u0103 hipogonadismul.<\/p>\n<p>Pentru fete, sunt tipice urm\u0103toarele simptome : anorexia sau \u00eent\u00e2rzierea ciclului menstrual, organele genitale externe nu sunt suficient de dezvoltate.<\/p>\n<p>\u0218i la sexul feminin \u0219i cel masculin, scheletul se formeaz\u0103 ca \u00een cazul eunucilor: to\u021bi sunt foarte \u00eenal\u021bi \u0219i membrele sunt nenatural de lungi. Dezvoltarea mintal\u0103, ca regul\u0103, corespunde cerin\u021belor de v\u00e2rst\u0103.<\/p>\n<h3>Diagnosticarea<\/h3>\n<p>Diagnosticul se face pe baza semnelor: excesul de greutate, hipogonadismul, rezultatele analizelor biochimice sunt luate \u00een considerare.<br \/>\nEste important s\u0103 se diferen\u021bieze diagnosticul de alte boli, \u00een care se dezvolt\u0103 obezitatea. \u00cen acest scop este necesar s\u0103 se efectueze un studiu \u00een institu\u021biile medicale specializate.<\/p>\n<h3>Tratamentul<\/h3>\n<p>Tratamentul are drept scop reducerea greut\u0103\u021bii corporale, este indicat\u0103 terapia hormonal\u0103. B\u0103ie\u021bilor li se administreaz\u0103 gonadotropii cor ionic\u0103 (de la v\u00e2rsta de doisprezece p\u00e2n\u0103 la \u0219aisprezece ani), la v\u00e2rsta de adolescent se iau \u00eenlocuitori sintetici pentru hormonii masculini.<\/p>\n<p>\u00cen cazul criptorhidismului este indicat\u0103 o opera\u021bie (descenden\u021b\u0103 testicular\u0103).<br \/>\nReprezentantelor sexului feminini pe toat\u0103 durata de via\u021b\u0103 li se administreaz\u0103 medicamente hormonale. Terapia ini\u021biat\u0103 la timp permite ob\u021binerea unui rezultat favorabil.<\/p>\n","protected":false},"excerpt":{"rendered":"<p>Degenerarea adiposogenital\u0103 este o combina\u021bie a obezit\u0103\u021bii \u0219i a hipogonadismului, declan\u0219at\u0103 de anomalii ale activit\u0103\u021bii sistemului neuroendocrin. Boala se dezvolt\u0103 \u00een copil\u0103rie \u0219i afecteaz\u0103, \u00een majoritatea cazurilor, b\u0103ie\u021bi cu v\u00e2rste \u00eentre \u0219ase \u0219i doisprezece ani. Motivele Cauza bolii este infec\u021bia, trauma, boala vascular\u0103 \u0219i neoplasmul, care au afectat hipotalamusul \u0219i glanda pituitar\u0103. Simptomele Maladia apare [&hellip;]<\/p>\n","protected":false},"author":28,"featured_media":0,"parent":52944,"menu_order":0,"comment_status":"closed","ping_status":"closed","template":"","meta":{"inline_featured_image":false,"footnotes":""},"class_list":["post-49598","page","type-page","status-publish"],"yoast_head":"<!-- This site is optimized with the Yoast SEO plugin v27.3 - https:\/\/yoast.com\/product\/yoast-seo-wordpress\/ -->\n<title>Degenerarea adiposogenital\u0103<\/title>\n<meta name=\"description\" content=\"Degenerarea adiposogenital\u0103 este o combina\u021bie a obezit\u0103\u021bii \u0219i a hipogonadismului, declan\u0219at\u0103 de anomalii ale activit\u0103\u021bii sistemului neuroendocrin.\" \/>\n<meta name=\"robots\" content=\"index, follow, max-snippet:-1, max-image-preview:large, max-video-preview:-1\" \/>\n<link rel=\"canonical\" href=\"https:\/\/sanatate.md\/ro\/boli-si-tratament\/boli-ale-tractului-gastro-intestinal\/degenerarea-adiposogenitala\/\" \/>\n<meta property=\"og:locale\" content=\"ro_RO\" \/>\n<meta property=\"og:type\" content=\"article\" \/>\n<meta property=\"og:title\" content=\"Degenerarea adiposogenital\u0103\" \/>\n<meta property=\"og:description\" content=\"Degenerarea adiposogenital\u0103 este o combina\u021bie a obezit\u0103\u021bii \u0219i a hipogonadismului, declan\u0219at\u0103 de anomalii ale activit\u0103\u021bii sistemului neuroendocrin.\" \/>\n<meta property=\"og:url\" content=\"https:\/\/sanatate.md\/ro\/boli-si-tratament\/boli-ale-tractului-gastro-intestinal\/degenerarea-adiposogenitala\/\" \/>\n<meta property=\"og:site_name\" content=\"Sanatate.md\" \/>\n<meta name=\"twitter:card\" content=\"summary_large_image\" \/>\n<meta name=\"twitter:label1\" content=\"Timp estimat pentru citire\" \/>\n\t<meta name=\"twitter:data1\" content=\"2 minute\" \/>\n<script type=\"application\/ld+json\" class=\"yoast-schema-graph\">{\"@context\":\"https:\\\/\\\/schema.org\",\"@graph\":[{\"@type\":\"WebPage\",\"@id\":\"https:\\\/\\\/sanatate.md\\\/ro\\\/boli-si-tratament\\\/boli-ale-tractului-gastro-intestinal\\\/degenerarea-adiposogenitala\\\/\",\"url\":\"https:\\\/\\\/sanatate.md\\\/ro\\\/boli-si-tratament\\\/boli-ale-tractului-gastro-intestinal\\\/degenerarea-adiposogenitala\\\/\",\"name\":\"Degenerarea adiposogenital\u0103\",\"isPartOf\":{\"@id\":\"https:\\\/\\\/sanatate.md\\\/ro\\\/#website\"},\"datePublished\":\"2018-01-11T14:55:15+00:00\",\"description\":\"Degenerarea adiposogenital\u0103 este o combina\u021bie a obezit\u0103\u021bii \u0219i a hipogonadismului, declan\u0219at\u0103 de anomalii ale activit\u0103\u021bii sistemului neuroendocrin.\",\"breadcrumb\":{\"@id\":\"https:\\\/\\\/sanatate.md\\\/ro\\\/boli-si-tratament\\\/boli-ale-tractului-gastro-intestinal\\\/degenerarea-adiposogenitala\\\/#breadcrumb\"},\"inLanguage\":\"ro-RO\",\"potentialAction\":[{\"@type\":\"ReadAction\",\"target\":[\"https:\\\/\\\/sanatate.md\\\/ro\\\/boli-si-tratament\\\/boli-ale-tractului-gastro-intestinal\\\/degenerarea-adiposogenitala\\\/\"]}]},{\"@type\":\"BreadcrumbList\",\"@id\":\"https:\\\/\\\/sanatate.md\\\/ro\\\/boli-si-tratament\\\/boli-ale-tractului-gastro-intestinal\\\/degenerarea-adiposogenitala\\\/#breadcrumb\",\"itemListElement\":[{\"@type\":\"ListItem\",\"position\":1,\"name\":\"\u0413\u043b\u0430\u0432\u043d\u0430\u044f \u0441\u0442\u0440\u0430\u043d\u0438\u0446\u0430\",\"item\":\"https:\\\/\\\/sanatate.md\\\/ro\\\/\"},{\"@type\":\"ListItem\",\"position\":2,\"name\":\"Boli si tratament\",\"item\":\"https:\\\/\\\/sanatate.md\\\/ro\\\/boli-si-tratament\\\/\"},{\"@type\":\"ListItem\",\"position\":3,\"name\":\"Boli ale tractului gastro-intestinal\",\"item\":\"https:\\\/\\\/sanatate.md\\\/ro\\\/boli-si-tratament\\\/boli-ale-tractului-gastro-intestinal\\\/\"},{\"@type\":\"ListItem\",\"position\":4,\"name\":\"Degenerarea adiposogenital\u0103\"}]},{\"@type\":\"WebSite\",\"@id\":\"https:\\\/\\\/sanatate.md\\\/ro\\\/#website\",\"url\":\"https:\\\/\\\/sanatate.md\\\/ro\\\/\",\"name\":\"Sanatate.md\",\"description\":\"\u0416\u0443\u0440\u043d\u0430\u043b \u0434\u043b\u044f \u0432\u0441\u0435\u0439 \u0441\u0435\u043c\u044c\u0438 \u0432 \u041c\u043e\u043b\u0434\u043e\u0432\u0435\",\"publisher\":{\"@id\":\"https:\\\/\\\/sanatate.md\\\/ro\\\/#organization\"},\"potentialAction\":[{\"@type\":\"SearchAction\",\"target\":{\"@type\":\"EntryPoint\",\"urlTemplate\":\"https:\\\/\\\/sanatate.md\\\/ro\\\/?s={search_term_string}\"},\"query-input\":{\"@type\":\"PropertyValueSpecification\",\"valueRequired\":true,\"valueName\":\"search_term_string\"}}],\"inLanguage\":\"ro-RO\"},{\"@type\":\"Organization\",\"@id\":\"https:\\\/\\\/sanatate.md\\\/ro\\\/#organization\",\"name\":\"SANATATE\",\"url\":\"https:\\\/\\\/sanatate.md\\\/ro\\\/\",\"logo\":{\"@type\":\"ImageObject\",\"inLanguage\":\"ro-RO\",\"@id\":\"https:\\\/\\\/sanatate.md\\\/ro\\\/#\\\/schema\\\/logo\\\/image\\\/\",\"url\":\"https:\\\/\\\/sanatate.md\\\/wp-content\\\/uploads\\\/2022\\\/01\\\/sanatate-logo.svg\",\"contentUrl\":\"https:\\\/\\\/sanatate.md\\\/wp-content\\\/uploads\\\/2022\\\/01\\\/sanatate-logo.svg\",\"width\":\"1024\",\"height\":\"1024\",\"caption\":\"SANATATE\"},\"image\":{\"@id\":\"https:\\\/\\\/sanatate.md\\\/ro\\\/#\\\/schema\\\/logo\\\/image\\\/\"}}]}<\/script>\n<!-- \/ Yoast SEO plugin. -->","yoast_head_json":{"title":"Degenerarea adiposogenital\u0103","description":"Degenerarea adiposogenital\u0103 este o combina\u021bie a obezit\u0103\u021bii \u0219i a hipogonadismului, declan\u0219at\u0103 de anomalii ale activit\u0103\u021bii sistemului neuroendocrin.","robots":{"index":"index","follow":"follow","max-snippet":"max-snippet:-1","max-image-preview":"max-image-preview:large","max-video-preview":"max-video-preview:-1"},"canonical":"https:\/\/sanatate.md\/ro\/boli-si-tratament\/boli-ale-tractului-gastro-intestinal\/degenerarea-adiposogenitala\/","og_locale":"ro_RO","og_type":"article","og_title":"Degenerarea adiposogenital\u0103","og_description":"Degenerarea adiposogenital\u0103 este o combina\u021bie a obezit\u0103\u021bii \u0219i a hipogonadismului, declan\u0219at\u0103 de anomalii ale activit\u0103\u021bii sistemului neuroendocrin.","og_url":"https:\/\/sanatate.md\/ro\/boli-si-tratament\/boli-ale-tractului-gastro-intestinal\/degenerarea-adiposogenitala\/","og_site_name":"Sanatate.md","twitter_card":"summary_large_image","twitter_misc":{"Timp estimat pentru citire":"2 minute"},"schema":{"@context":"https:\/\/schema.org","@graph":[{"@type":"WebPage","@id":"https:\/\/sanatate.md\/ro\/boli-si-tratament\/boli-ale-tractului-gastro-intestinal\/degenerarea-adiposogenitala\/","url":"https:\/\/sanatate.md\/ro\/boli-si-tratament\/boli-ale-tractului-gastro-intestinal\/degenerarea-adiposogenitala\/","name":"Degenerarea adiposogenital\u0103","isPartOf":{"@id":"https:\/\/sanatate.md\/ro\/#website"},"datePublished":"2018-01-11T14:55:15+00:00","description":"Degenerarea adiposogenital\u0103 este o combina\u021bie a obezit\u0103\u021bii \u0219i a hipogonadismului, declan\u0219at\u0103 de anomalii ale activit\u0103\u021bii sistemului neuroendocrin.","breadcrumb":{"@id":"https:\/\/sanatate.md\/ro\/boli-si-tratament\/boli-ale-tractului-gastro-intestinal\/degenerarea-adiposogenitala\/#breadcrumb"},"inLanguage":"ro-RO","potentialAction":[{"@type":"ReadAction","target":["https:\/\/sanatate.md\/ro\/boli-si-tratament\/boli-ale-tractului-gastro-intestinal\/degenerarea-adiposogenitala\/"]}]},{"@type":"BreadcrumbList","@id":"https:\/\/sanatate.md\/ro\/boli-si-tratament\/boli-ale-tractului-gastro-intestinal\/degenerarea-adiposogenitala\/#breadcrumb","itemListElement":[{"@type":"ListItem","position":1,"name":"\u0413\u043b\u0430\u0432\u043d\u0430\u044f \u0441\u0442\u0440\u0430\u043d\u0438\u0446\u0430","item":"https:\/\/sanatate.md\/ro\/"},{"@type":"ListItem","position":2,"name":"Boli si tratament","item":"https:\/\/sanatate.md\/ro\/boli-si-tratament\/"},{"@type":"ListItem","position":3,"name":"Boli ale tractului gastro-intestinal","item":"https:\/\/sanatate.md\/ro\/boli-si-tratament\/boli-ale-tractului-gastro-intestinal\/"},{"@type":"ListItem","position":4,"name":"Degenerarea adiposogenital\u0103"}]},{"@type":"WebSite","@id":"https:\/\/sanatate.md\/ro\/#website","url":"https:\/\/sanatate.md\/ro\/","name":"Sanatate.md","description":"\u0416\u0443\u0440\u043d\u0430\u043b \u0434\u043b\u044f \u0432\u0441\u0435\u0439 \u0441\u0435\u043c\u044c\u0438 \u0432 \u041c\u043e\u043b\u0434\u043e\u0432\u0435","publisher":{"@id":"https:\/\/sanatate.md\/ro\/#organization"},"potentialAction":[{"@type":"SearchAction","target":{"@type":"EntryPoint","urlTemplate":"https:\/\/sanatate.md\/ro\/?s={search_term_string}"},"query-input":{"@type":"PropertyValueSpecification","valueRequired":true,"valueName":"search_term_string"}}],"inLanguage":"ro-RO"},{"@type":"Organization","@id":"https:\/\/sanatate.md\/ro\/#organization","name":"SANATATE","url":"https:\/\/sanatate.md\/ro\/","logo":{"@type":"ImageObject","inLanguage":"ro-RO","@id":"https:\/\/sanatate.md\/ro\/#\/schema\/logo\/image\/","url":"https:\/\/sanatate.md\/wp-content\/uploads\/2022\/01\/sanatate-logo.svg","contentUrl":"https:\/\/sanatate.md\/wp-content\/uploads\/2022\/01\/sanatate-logo.svg","width":"1024","height":"1024","caption":"SANATATE"},"image":{"@id":"https:\/\/sanatate.md\/ro\/#\/schema\/logo\/image\/"}}]}},"_links":{"self":[{"href":"https:\/\/sanatate.md\/ro\/wp-json\/wp\/v2\/pages\/49598","targetHints":{"allow":["GET"]}}],"collection":[{"href":"https:\/\/sanatate.md\/ro\/wp-json\/wp\/v2\/pages"}],"about":[{"href":"https:\/\/sanatate.md\/ro\/wp-json\/wp\/v2\/types\/page"}],"author":[{"embeddable":true,"href":"https:\/\/sanatate.md\/ro\/wp-json\/wp\/v2\/users\/28"}],"replies":[{"embeddable":true,"href":"https:\/\/sanatate.md\/ro\/wp-json\/wp\/v2\/comments?post=49598"}],"version-history":[{"count":0,"href":"https:\/\/sanatate.md\/ro\/wp-json\/wp\/v2\/pages\/49598\/revisions"}],"up":[{"embeddable":true,"href":"https:\/\/sanatate.md\/ro\/wp-json\/wp\/v2\/pages\/52944"}],"wp:attachment":[{"href":"https:\/\/sanatate.md\/ro\/wp-json\/wp\/v2\/media?parent=49598"}],"curies":[{"name":"wp","href":"https:\/\/api.w.org\/{rel}","templated":true}]}}