{"id":49623,"date":"2018-01-12T12:52:03","date_gmt":"2018-01-12T09:52:03","guid":{"rendered":"https:\/\/sanatate.md\/?page_id=49623"},"modified":"2018-01-12T12:52:03","modified_gmt":"2018-01-12T09:52:03","slug":"sindromul-louis-bar","status":"publish","type":"page","link":"https:\/\/sanatate.md\/ro\/boli-si-tratament\/boli-endocrine\/sindromul-louis-bar\/","title":{"rendered":"Sindromul Louis-Bar"},"content":{"rendered":"<h3>Cauzele apari\u021biei<\/h3>\n<p>\u00cen ultimul timp, tot mai mul\u021bi medici cred, c\u0103 procesele de recuperare\u00a0\u00een molecule de ADN nu s\u00eent posibile din cauza modific\u0103rilor cromozomiale, precum\u00a0\u0219i manifest\u0103rile simptomelor comune. Anomaliile \u0163in \u00een special de-al 14-lea cromozom.<\/p>\n<p>Deficitul de IgA se formeaz\u0103 nu din lipsa unei anumite gene de tip structural,<br \/>\nci a unui bloc de maturizare dere a celulelor \u0219i dezvoltare a anti-IgA-anticorpi.<br \/>\nMedicina moderna nu a stabilit adev\u0103rata cauzalitate a leg\u0103turii dintre<br \/>\ndeficien\u021be \u00een sistemul imunitar, tulbur\u0103rilor neurologice \u0219i din sistemul vascular<br \/>\nal organismului uman.<\/p>\n<h3>Simptomatologia:<\/h3>\n<ul>\n<li>deregl\u0103ri de coordonare a ac\u021biunilor motrice;<\/li>\n<li>dezvoltarea telangiectazii;<\/li>\n<li>\u00eencetinirea dezvoltarii fizice \u0219i intelectuale;<\/li>\n<li>procesele inflamatorii infec\u0163ioase \u00een c\u0103ile respiratorii.<\/li>\n<\/ul>\n<p>\u00cen unele cazuri, pot aparea tumori limfatice a \u021besuturilor. Simptomele bolii<br \/>\nse manifest\u0103 de la v\u00e2rsta de trei \u2013 cinci p\u00een\u0103 la cincisprezece ani.<br \/>\nDe asemenea, se poate observa o sc\u0103dere dramatic\u0103 a nivelurilor de IgA, IgE \u0219i<br \/>\n\u00een zece la sut\u0103 din cazuri IgG.<\/p>\n<p>Patruzeci la sut\u0103 din pacien\u021bi au reac\u021bii ale sistemului<br \/>\nimunitar, care produce anticorpi. La asemenea pacien\u021bi este \u00eenc\u0103lcat\u0103 imunitatea celular\u0103.<\/p>\n<h3>Diagnosticarea<\/h3>\n<p>Diagnosticul se stabile\u0219te dup\u0103 detectarea indicatorilor sc\u0103zu\u0163i \u00een s\u00e2nge<br \/>\na imunoglobulinei.<\/p>\n<h3>Tratamentul<\/h3>\n<p>Maladia se trateaz\u0103 simptomatic \u0441\u0438\u043c\u043f\u0442\u043e\u043c\u0430\u0442\u0438\u0447\u0435\u0441\u043a\u0438.<br \/>\nTerapia nu este sigur\u0103.<\/p>\n","protected":false},"excerpt":{"rendered":"<p>Cauzele apari\u021biei \u00cen ultimul timp, tot mai mul\u021bi medici cred, c\u0103 procesele de recuperare\u00a0\u00een molecule de ADN nu s\u00eent posibile din cauza modific\u0103rilor cromozomiale, precum\u00a0\u0219i manifest\u0103rile simptomelor comune. Anomaliile \u0163in \u00een special de-al 14-lea cromozom. Deficitul de IgA se formeaz\u0103 nu din lipsa unei anumite gene de tip structural, ci a unui bloc de maturizare [&hellip;]<\/p>\n","protected":false},"author":28,"featured_media":0,"parent":47544,"menu_order":0,"comment_status":"closed","ping_status":"closed","template":"","meta":{"inline_featured_image":false,"footnotes":""},"class_list":["post-49623","page","type-page","status-publish"],"yoast_head":"<!-- This site is optimized with the Yoast SEO plugin v27.3 - https:\/\/yoast.com\/product\/yoast-seo-wordpress\/ -->\n<title>Sindromul Louis-Bar<\/title>\n<meta name=\"description\" content=\"\u00cen ultimul timp, tot mai mul\u021bi medici cred, c\u0103 procesele de recuperare\u00a0\u00een molecule de ADN nu s\u00eent posibile din cauza modific\u0103rilor cromozomiale, precum\u00a0\u0219i manifest\u0103rile simptomelor comune.\" \/>\n<meta name=\"robots\" content=\"index, follow, max-snippet:-1, max-image-preview:large, max-video-preview:-1\" \/>\n<link rel=\"canonical\" href=\"https:\/\/sanatate.md\/ro\/boli-si-tratament\/boli-endocrine\/sindromul-louis-bar\/\" \/>\n<meta property=\"og:locale\" content=\"ro_RO\" \/>\n<meta property=\"og:type\" content=\"article\" \/>\n<meta property=\"og:title\" content=\"Sindromul Louis-Bar\" \/>\n<meta property=\"og:description\" content=\"\u00cen ultimul timp, tot mai mul\u021bi medici cred, c\u0103 procesele de recuperare\u00a0\u00een molecule de ADN nu s\u00eent posibile din cauza modific\u0103rilor cromozomiale, precum\u00a0\u0219i manifest\u0103rile simptomelor comune.\" \/>\n<meta property=\"og:url\" content=\"https:\/\/sanatate.md\/ro\/boli-si-tratament\/boli-endocrine\/sindromul-louis-bar\/\" \/>\n<meta property=\"og:site_name\" content=\"Sanatate.md\" \/>\n<meta name=\"twitter:card\" content=\"summary_large_image\" \/>\n<meta name=\"twitter:label1\" content=\"Timp estimat pentru citire\" \/>\n\t<meta name=\"twitter:data1\" content=\"1 minut\" \/>\n<script type=\"application\/ld+json\" class=\"yoast-schema-graph\">{\"@context\":\"https:\\\/\\\/schema.org\",\"@graph\":[{\"@type\":\"WebPage\",\"@id\":\"https:\\\/\\\/sanatate.md\\\/ro\\\/boli-si-tratament\\\/boli-endocrine\\\/sindromul-louis-bar\\\/\",\"url\":\"https:\\\/\\\/sanatate.md\\\/ro\\\/boli-si-tratament\\\/boli-endocrine\\\/sindromul-louis-bar\\\/\",\"name\":\"Sindromul Louis-Bar\",\"isPartOf\":{\"@id\":\"https:\\\/\\\/sanatate.md\\\/ro\\\/#website\"},\"datePublished\":\"2018-01-12T09:52:03+00:00\",\"description\":\"\u00cen ultimul timp, tot mai mul\u021bi medici cred, c\u0103 procesele de recuperare\u00a0\u00een molecule de ADN nu s\u00eent posibile din cauza modific\u0103rilor cromozomiale, precum\u00a0\u0219i manifest\u0103rile simptomelor comune.\",\"breadcrumb\":{\"@id\":\"https:\\\/\\\/sanatate.md\\\/ro\\\/boli-si-tratament\\\/boli-endocrine\\\/sindromul-louis-bar\\\/#breadcrumb\"},\"inLanguage\":\"ro-RO\",\"potentialAction\":[{\"@type\":\"ReadAction\",\"target\":[\"https:\\\/\\\/sanatate.md\\\/ro\\\/boli-si-tratament\\\/boli-endocrine\\\/sindromul-louis-bar\\\/\"]}]},{\"@type\":\"BreadcrumbList\",\"@id\":\"https:\\\/\\\/sanatate.md\\\/ro\\\/boli-si-tratament\\\/boli-endocrine\\\/sindromul-louis-bar\\\/#breadcrumb\",\"itemListElement\":[{\"@type\":\"ListItem\",\"position\":1,\"name\":\"\u0413\u043b\u0430\u0432\u043d\u0430\u044f \u0441\u0442\u0440\u0430\u043d\u0438\u0446\u0430\",\"item\":\"https:\\\/\\\/sanatate.md\\\/ro\\\/\"},{\"@type\":\"ListItem\",\"position\":2,\"name\":\"Boli si tratament\",\"item\":\"https:\\\/\\\/sanatate.md\\\/ro\\\/boli-si-tratament\\\/\"},{\"@type\":\"ListItem\",\"position\":3,\"name\":\"Boli endocrine\",\"item\":\"https:\\\/\\\/sanatate.md\\\/ro\\\/boli-si-tratament\\\/boli-endocrine\\\/\"},{\"@type\":\"ListItem\",\"position\":4,\"name\":\"Sindromul Louis-Bar\"}]},{\"@type\":\"WebSite\",\"@id\":\"https:\\\/\\\/sanatate.md\\\/ro\\\/#website\",\"url\":\"https:\\\/\\\/sanatate.md\\\/ro\\\/\",\"name\":\"Sanatate.md\",\"description\":\"\u0416\u0443\u0440\u043d\u0430\u043b \u0434\u043b\u044f \u0432\u0441\u0435\u0439 \u0441\u0435\u043c\u044c\u0438 \u0432 \u041c\u043e\u043b\u0434\u043e\u0432\u0435\",\"publisher\":{\"@id\":\"https:\\\/\\\/sanatate.md\\\/ro\\\/#organization\"},\"potentialAction\":[{\"@type\":\"SearchAction\",\"target\":{\"@type\":\"EntryPoint\",\"urlTemplate\":\"https:\\\/\\\/sanatate.md\\\/ro\\\/?s={search_term_string}\"},\"query-input\":{\"@type\":\"PropertyValueSpecification\",\"valueRequired\":true,\"valueName\":\"search_term_string\"}}],\"inLanguage\":\"ro-RO\"},{\"@type\":\"Organization\",\"@id\":\"https:\\\/\\\/sanatate.md\\\/ro\\\/#organization\",\"name\":\"SANATATE\",\"url\":\"https:\\\/\\\/sanatate.md\\\/ro\\\/\",\"logo\":{\"@type\":\"ImageObject\",\"inLanguage\":\"ro-RO\",\"@id\":\"https:\\\/\\\/sanatate.md\\\/ro\\\/#\\\/schema\\\/logo\\\/image\\\/\",\"url\":\"https:\\\/\\\/sanatate.md\\\/wp-content\\\/uploads\\\/2022\\\/01\\\/sanatate-logo.svg\",\"contentUrl\":\"https:\\\/\\\/sanatate.md\\\/wp-content\\\/uploads\\\/2022\\\/01\\\/sanatate-logo.svg\",\"width\":\"1024\",\"height\":\"1024\",\"caption\":\"SANATATE\"},\"image\":{\"@id\":\"https:\\\/\\\/sanatate.md\\\/ro\\\/#\\\/schema\\\/logo\\\/image\\\/\"}}]}<\/script>\n<!-- \/ Yoast SEO plugin. -->","yoast_head_json":{"title":"Sindromul Louis-Bar","description":"\u00cen ultimul timp, tot mai mul\u021bi medici cred, c\u0103 procesele de recuperare\u00a0\u00een molecule de ADN nu s\u00eent posibile din cauza modific\u0103rilor cromozomiale, precum\u00a0\u0219i manifest\u0103rile simptomelor comune.","robots":{"index":"index","follow":"follow","max-snippet":"max-snippet:-1","max-image-preview":"max-image-preview:large","max-video-preview":"max-video-preview:-1"},"canonical":"https:\/\/sanatate.md\/ro\/boli-si-tratament\/boli-endocrine\/sindromul-louis-bar\/","og_locale":"ro_RO","og_type":"article","og_title":"Sindromul Louis-Bar","og_description":"\u00cen ultimul timp, tot mai mul\u021bi medici cred, c\u0103 procesele de recuperare\u00a0\u00een molecule de ADN nu s\u00eent posibile din cauza modific\u0103rilor cromozomiale, precum\u00a0\u0219i manifest\u0103rile simptomelor comune.","og_url":"https:\/\/sanatate.md\/ro\/boli-si-tratament\/boli-endocrine\/sindromul-louis-bar\/","og_site_name":"Sanatate.md","twitter_card":"summary_large_image","twitter_misc":{"Timp estimat pentru citire":"1 minut"},"schema":{"@context":"https:\/\/schema.org","@graph":[{"@type":"WebPage","@id":"https:\/\/sanatate.md\/ro\/boli-si-tratament\/boli-endocrine\/sindromul-louis-bar\/","url":"https:\/\/sanatate.md\/ro\/boli-si-tratament\/boli-endocrine\/sindromul-louis-bar\/","name":"Sindromul Louis-Bar","isPartOf":{"@id":"https:\/\/sanatate.md\/ro\/#website"},"datePublished":"2018-01-12T09:52:03+00:00","description":"\u00cen ultimul timp, tot mai mul\u021bi medici cred, c\u0103 procesele de recuperare\u00a0\u00een molecule de ADN nu s\u00eent posibile din cauza modific\u0103rilor cromozomiale, precum\u00a0\u0219i manifest\u0103rile simptomelor comune.","breadcrumb":{"@id":"https:\/\/sanatate.md\/ro\/boli-si-tratament\/boli-endocrine\/sindromul-louis-bar\/#breadcrumb"},"inLanguage":"ro-RO","potentialAction":[{"@type":"ReadAction","target":["https:\/\/sanatate.md\/ro\/boli-si-tratament\/boli-endocrine\/sindromul-louis-bar\/"]}]},{"@type":"BreadcrumbList","@id":"https:\/\/sanatate.md\/ro\/boli-si-tratament\/boli-endocrine\/sindromul-louis-bar\/#breadcrumb","itemListElement":[{"@type":"ListItem","position":1,"name":"\u0413\u043b\u0430\u0432\u043d\u0430\u044f \u0441\u0442\u0440\u0430\u043d\u0438\u0446\u0430","item":"https:\/\/sanatate.md\/ro\/"},{"@type":"ListItem","position":2,"name":"Boli si tratament","item":"https:\/\/sanatate.md\/ro\/boli-si-tratament\/"},{"@type":"ListItem","position":3,"name":"Boli endocrine","item":"https:\/\/sanatate.md\/ro\/boli-si-tratament\/boli-endocrine\/"},{"@type":"ListItem","position":4,"name":"Sindromul Louis-Bar"}]},{"@type":"WebSite","@id":"https:\/\/sanatate.md\/ro\/#website","url":"https:\/\/sanatate.md\/ro\/","name":"Sanatate.md","description":"\u0416\u0443\u0440\u043d\u0430\u043b \u0434\u043b\u044f \u0432\u0441\u0435\u0439 \u0441\u0435\u043c\u044c\u0438 \u0432 \u041c\u043e\u043b\u0434\u043e\u0432\u0435","publisher":{"@id":"https:\/\/sanatate.md\/ro\/#organization"},"potentialAction":[{"@type":"SearchAction","target":{"@type":"EntryPoint","urlTemplate":"https:\/\/sanatate.md\/ro\/?s={search_term_string}"},"query-input":{"@type":"PropertyValueSpecification","valueRequired":true,"valueName":"search_term_string"}}],"inLanguage":"ro-RO"},{"@type":"Organization","@id":"https:\/\/sanatate.md\/ro\/#organization","name":"SANATATE","url":"https:\/\/sanatate.md\/ro\/","logo":{"@type":"ImageObject","inLanguage":"ro-RO","@id":"https:\/\/sanatate.md\/ro\/#\/schema\/logo\/image\/","url":"https:\/\/sanatate.md\/wp-content\/uploads\/2022\/01\/sanatate-logo.svg","contentUrl":"https:\/\/sanatate.md\/wp-content\/uploads\/2022\/01\/sanatate-logo.svg","width":"1024","height":"1024","caption":"SANATATE"},"image":{"@id":"https:\/\/sanatate.md\/ro\/#\/schema\/logo\/image\/"}}]}},"_links":{"self":[{"href":"https:\/\/sanatate.md\/ro\/wp-json\/wp\/v2\/pages\/49623","targetHints":{"allow":["GET"]}}],"collection":[{"href":"https:\/\/sanatate.md\/ro\/wp-json\/wp\/v2\/pages"}],"about":[{"href":"https:\/\/sanatate.md\/ro\/wp-json\/wp\/v2\/types\/page"}],"author":[{"embeddable":true,"href":"https:\/\/sanatate.md\/ro\/wp-json\/wp\/v2\/users\/28"}],"replies":[{"embeddable":true,"href":"https:\/\/sanatate.md\/ro\/wp-json\/wp\/v2\/comments?post=49623"}],"version-history":[{"count":0,"href":"https:\/\/sanatate.md\/ro\/wp-json\/wp\/v2\/pages\/49623\/revisions"}],"up":[{"embeddable":true,"href":"https:\/\/sanatate.md\/ro\/wp-json\/wp\/v2\/pages\/47544"}],"wp:attachment":[{"href":"https:\/\/sanatate.md\/ro\/wp-json\/wp\/v2\/media?parent=49623"}],"curies":[{"name":"wp","href":"https:\/\/api.w.org\/{rel}","templated":true}]}}