{"id":49823,"date":"2018-01-16T12:05:35","date_gmt":"2018-01-16T09:05:35","guid":{"rendered":"https:\/\/sanatate.md\/?page_id=49823"},"modified":"2018-01-16T12:07:07","modified_gmt":"2018-01-16T09:07:07","slug":"anevrisma","status":"publish","type":"page","link":"https:\/\/sanatate.md\/ro\/boli-si-tratament\/bolile-chirurgicale\/anevrisma\/","title":{"rendered":"Anevrisma"},"content":{"rendered":"<p>&nbsp;<\/p>\n<p><span lang=\"ro-RO\">Anevrisma se caracterizeaz\u0103 prin dilatarea limitat\u0103 a vaselor sistemului circular sau a cavit\u0103\u0163ii inimii ca rezultat al dilat\u0103rii \u015fi deform\u0103rii peretelui cardiac.Anevrisma poate fi de dou\u0103 tipuri:<\/span><\/p>\n<ul>\n<li>\u00cenn\u0103scut\u0103;<\/li>\n<li>Dob\u00eendit\u0103.<\/li>\n<\/ul>\n<p><span lang=\"ro-RO\">Anevrisma dob\u00eendit\u0103 poate ap\u0103rea dup\u0103 traume de diferite complica\u0163ii sau dup\u0103 ce pacientul a suferit de sifilis la fel mai poate ap\u0103rea \u015fi \u00een urma unui atac de cord.<\/span><\/p>\n<p><span lang=\"ro-RO\">Anevrismele pot fi:<\/span><\/p>\n<ul>\n<li><span lang=\"ro-RO\">Atreriale;<\/span><\/li>\n<li><span lang=\"ro-RO\">venoase<\/span>;<\/li>\n<li><span lang=\"ro-RO\">de tip combinat:arterialo-venoase.<br \/>\n<\/span><\/li>\n<li><span lang=\"ro-RO\">Simptome<\/span><\/li>\n<\/ul>\n<h3><span lang=\"ro-RO\">Simptomele clinice ale anevrismei depind de mai multe aspecte:<\/span><\/h3>\n<ul>\n<li><span lang=\"ro-RO\">dimensiune;<\/span><\/li>\n<li><span lang=\"ro-RO\">pozi\u0163ionare \u015f.a.m.d.<\/span><\/li>\n<\/ul>\n<p><span lang=\"en-US\">Boala \u00een cauz\u0103 de obicei decurge practic imperceptibil(pe nesim\u0163ite) pentru bolnav f\u0103r\u0103 anumite semne caracteristice.Drept consecin\u0163\u0103 apar unele schimb\u0103ri care se manifest\u0103 prin comprimarea organelor interne \u015fi a \u0163esuturilor articulare,are loc stratificarea anevrismei \u015fi apar s\u00eenger\u0103ri.Boala poate fi diagnosticat\u0103 numai la efectuarea angiografiei.<\/span><\/p>\n<h3><span lang=\"ro-RO\">Tratament<\/span><\/h3>\n<p><span lang=\"ro-RO\">Maladia \u00een cauz\u0103 se trateaz\u0103 doar numai prin o interven\u0163ie chirurgical\u0103.<\/span><\/p>\n","protected":false},"excerpt":{"rendered":"<p>&nbsp; Anevrisma se caracterizeaz\u0103 prin dilatarea limitat\u0103 a vaselor sistemului circular sau a cavit\u0103\u0163ii inimii ca rezultat al dilat\u0103rii \u015fi deform\u0103rii peretelui cardiac.Anevrisma poate fi de dou\u0103 tipuri: \u00cenn\u0103scut\u0103; Dob\u00eendit\u0103. Anevrisma dob\u00eendit\u0103 poate ap\u0103rea dup\u0103 traume de diferite complica\u0163ii sau dup\u0103 ce pacientul a suferit de sifilis la fel mai poate ap\u0103rea \u015fi \u00een urma [&hellip;]<\/p>\n","protected":false},"author":28,"featured_media":0,"parent":53032,"menu_order":0,"comment_status":"closed","ping_status":"closed","template":"","meta":{"inline_featured_image":false,"footnotes":""},"class_list":["post-49823","page","type-page","status-publish"],"yoast_head":"<!-- This site is optimized with the Yoast SEO plugin v27.3 - https:\/\/yoast.com\/product\/yoast-seo-wordpress\/ -->\n<title>Anevrisma<\/title>\n<meta name=\"description\" content=\"Anevrisma se caracterizeaz\u0103 prin dilatarea limitat\u0103 a vaselor sistemului circular sau a cavit\u0103\u0163ii inimii ca rezultat al dilat\u0103rii \u015fi deform\u0103rii peretelui cardiac.Anevrisma poate fi de dou\u0103 tipuri.\" \/>\n<meta name=\"robots\" content=\"index, follow, max-snippet:-1, max-image-preview:large, max-video-preview:-1\" \/>\n<link rel=\"canonical\" href=\"https:\/\/sanatate.md\/ro\/boli-si-tratament\/bolile-chirurgicale\/anevrisma\/\" \/>\n<meta property=\"og:locale\" content=\"ro_RO\" \/>\n<meta property=\"og:type\" content=\"article\" \/>\n<meta property=\"og:title\" content=\"Anevrisma\" \/>\n<meta property=\"og:description\" content=\"Anevrisma se caracterizeaz\u0103 prin dilatarea limitat\u0103 a vaselor sistemului circular sau a cavit\u0103\u0163ii inimii ca rezultat al dilat\u0103rii \u015fi deform\u0103rii peretelui cardiac.Anevrisma poate fi de dou\u0103 tipuri.\" \/>\n<meta property=\"og:url\" content=\"https:\/\/sanatate.md\/ro\/boli-si-tratament\/bolile-chirurgicale\/anevrisma\/\" \/>\n<meta property=\"og:site_name\" content=\"Sanatate.md\" \/>\n<meta property=\"article:modified_time\" content=\"2018-01-16T09:07:07+00:00\" \/>\n<meta name=\"twitter:card\" content=\"summary_large_image\" \/>\n<meta name=\"twitter:label1\" content=\"Timp estimat pentru citire\" \/>\n\t<meta name=\"twitter:data1\" content=\"1 minut\" \/>\n<script type=\"application\/ld+json\" class=\"yoast-schema-graph\">{\"@context\":\"https:\\\/\\\/schema.org\",\"@graph\":[{\"@type\":\"WebPage\",\"@id\":\"https:\\\/\\\/sanatate.md\\\/ro\\\/boli-si-tratament\\\/bolile-chirurgicale\\\/anevrisma\\\/\",\"url\":\"https:\\\/\\\/sanatate.md\\\/ro\\\/boli-si-tratament\\\/bolile-chirurgicale\\\/anevrisma\\\/\",\"name\":\"Anevrisma\",\"isPartOf\":{\"@id\":\"https:\\\/\\\/sanatate.md\\\/ro\\\/#website\"},\"datePublished\":\"2018-01-16T09:05:35+00:00\",\"dateModified\":\"2018-01-16T09:07:07+00:00\",\"description\":\"Anevrisma se caracterizeaz\u0103 prin dilatarea limitat\u0103 a vaselor sistemului circular sau a cavit\u0103\u0163ii inimii ca rezultat al dilat\u0103rii \u015fi deform\u0103rii peretelui cardiac.Anevrisma poate fi de dou\u0103 tipuri.\",\"breadcrumb\":{\"@id\":\"https:\\\/\\\/sanatate.md\\\/ro\\\/boli-si-tratament\\\/bolile-chirurgicale\\\/anevrisma\\\/#breadcrumb\"},\"inLanguage\":\"ro-RO\",\"potentialAction\":[{\"@type\":\"ReadAction\",\"target\":[\"https:\\\/\\\/sanatate.md\\\/ro\\\/boli-si-tratament\\\/bolile-chirurgicale\\\/anevrisma\\\/\"]}]},{\"@type\":\"BreadcrumbList\",\"@id\":\"https:\\\/\\\/sanatate.md\\\/ro\\\/boli-si-tratament\\\/bolile-chirurgicale\\\/anevrisma\\\/#breadcrumb\",\"itemListElement\":[{\"@type\":\"ListItem\",\"position\":1,\"name\":\"\u0413\u043b\u0430\u0432\u043d\u0430\u044f \u0441\u0442\u0440\u0430\u043d\u0438\u0446\u0430\",\"item\":\"https:\\\/\\\/sanatate.md\\\/ro\\\/\"},{\"@type\":\"ListItem\",\"position\":2,\"name\":\"Boli si tratament\",\"item\":\"https:\\\/\\\/sanatate.md\\\/ro\\\/boli-si-tratament\\\/\"},{\"@type\":\"ListItem\",\"position\":3,\"name\":\"Bolile chirurgicale\",\"item\":\"https:\\\/\\\/sanatate.md\\\/ro\\\/boli-si-tratament\\\/bolile-chirurgicale\\\/\"},{\"@type\":\"ListItem\",\"position\":4,\"name\":\"Anevrisma\"}]},{\"@type\":\"WebSite\",\"@id\":\"https:\\\/\\\/sanatate.md\\\/ro\\\/#website\",\"url\":\"https:\\\/\\\/sanatate.md\\\/ro\\\/\",\"name\":\"Sanatate.md\",\"description\":\"\u0416\u0443\u0440\u043d\u0430\u043b \u0434\u043b\u044f \u0432\u0441\u0435\u0439 \u0441\u0435\u043c\u044c\u0438 \u0432 \u041c\u043e\u043b\u0434\u043e\u0432\u0435\",\"publisher\":{\"@id\":\"https:\\\/\\\/sanatate.md\\\/ro\\\/#organization\"},\"potentialAction\":[{\"@type\":\"SearchAction\",\"target\":{\"@type\":\"EntryPoint\",\"urlTemplate\":\"https:\\\/\\\/sanatate.md\\\/ro\\\/?s={search_term_string}\"},\"query-input\":{\"@type\":\"PropertyValueSpecification\",\"valueRequired\":true,\"valueName\":\"search_term_string\"}}],\"inLanguage\":\"ro-RO\"},{\"@type\":\"Organization\",\"@id\":\"https:\\\/\\\/sanatate.md\\\/ro\\\/#organization\",\"name\":\"SANATATE\",\"url\":\"https:\\\/\\\/sanatate.md\\\/ro\\\/\",\"logo\":{\"@type\":\"ImageObject\",\"inLanguage\":\"ro-RO\",\"@id\":\"https:\\\/\\\/sanatate.md\\\/ro\\\/#\\\/schema\\\/logo\\\/image\\\/\",\"url\":\"https:\\\/\\\/sanatate.md\\\/wp-content\\\/uploads\\\/2022\\\/01\\\/sanatate-logo.svg\",\"contentUrl\":\"https:\\\/\\\/sanatate.md\\\/wp-content\\\/uploads\\\/2022\\\/01\\\/sanatate-logo.svg\",\"width\":\"1024\",\"height\":\"1024\",\"caption\":\"SANATATE\"},\"image\":{\"@id\":\"https:\\\/\\\/sanatate.md\\\/ro\\\/#\\\/schema\\\/logo\\\/image\\\/\"}}]}<\/script>\n<!-- \/ Yoast SEO plugin. -->","yoast_head_json":{"title":"Anevrisma","description":"Anevrisma se caracterizeaz\u0103 prin dilatarea limitat\u0103 a vaselor sistemului circular sau a cavit\u0103\u0163ii inimii ca rezultat al dilat\u0103rii \u015fi deform\u0103rii peretelui cardiac.Anevrisma poate fi de dou\u0103 tipuri.","robots":{"index":"index","follow":"follow","max-snippet":"max-snippet:-1","max-image-preview":"max-image-preview:large","max-video-preview":"max-video-preview:-1"},"canonical":"https:\/\/sanatate.md\/ro\/boli-si-tratament\/bolile-chirurgicale\/anevrisma\/","og_locale":"ro_RO","og_type":"article","og_title":"Anevrisma","og_description":"Anevrisma se caracterizeaz\u0103 prin dilatarea limitat\u0103 a vaselor sistemului circular sau a cavit\u0103\u0163ii inimii ca rezultat al dilat\u0103rii \u015fi deform\u0103rii peretelui cardiac.Anevrisma poate fi de dou\u0103 tipuri.","og_url":"https:\/\/sanatate.md\/ro\/boli-si-tratament\/bolile-chirurgicale\/anevrisma\/","og_site_name":"Sanatate.md","article_modified_time":"2018-01-16T09:07:07+00:00","twitter_card":"summary_large_image","twitter_misc":{"Timp estimat pentru citire":"1 minut"},"schema":{"@context":"https:\/\/schema.org","@graph":[{"@type":"WebPage","@id":"https:\/\/sanatate.md\/ro\/boli-si-tratament\/bolile-chirurgicale\/anevrisma\/","url":"https:\/\/sanatate.md\/ro\/boli-si-tratament\/bolile-chirurgicale\/anevrisma\/","name":"Anevrisma","isPartOf":{"@id":"https:\/\/sanatate.md\/ro\/#website"},"datePublished":"2018-01-16T09:05:35+00:00","dateModified":"2018-01-16T09:07:07+00:00","description":"Anevrisma se caracterizeaz\u0103 prin dilatarea limitat\u0103 a vaselor sistemului circular sau a cavit\u0103\u0163ii inimii ca rezultat al dilat\u0103rii \u015fi deform\u0103rii peretelui cardiac.Anevrisma poate fi de dou\u0103 tipuri.","breadcrumb":{"@id":"https:\/\/sanatate.md\/ro\/boli-si-tratament\/bolile-chirurgicale\/anevrisma\/#breadcrumb"},"inLanguage":"ro-RO","potentialAction":[{"@type":"ReadAction","target":["https:\/\/sanatate.md\/ro\/boli-si-tratament\/bolile-chirurgicale\/anevrisma\/"]}]},{"@type":"BreadcrumbList","@id":"https:\/\/sanatate.md\/ro\/boli-si-tratament\/bolile-chirurgicale\/anevrisma\/#breadcrumb","itemListElement":[{"@type":"ListItem","position":1,"name":"\u0413\u043b\u0430\u0432\u043d\u0430\u044f \u0441\u0442\u0440\u0430\u043d\u0438\u0446\u0430","item":"https:\/\/sanatate.md\/ro\/"},{"@type":"ListItem","position":2,"name":"Boli si tratament","item":"https:\/\/sanatate.md\/ro\/boli-si-tratament\/"},{"@type":"ListItem","position":3,"name":"Bolile chirurgicale","item":"https:\/\/sanatate.md\/ro\/boli-si-tratament\/bolile-chirurgicale\/"},{"@type":"ListItem","position":4,"name":"Anevrisma"}]},{"@type":"WebSite","@id":"https:\/\/sanatate.md\/ro\/#website","url":"https:\/\/sanatate.md\/ro\/","name":"Sanatate.md","description":"\u0416\u0443\u0440\u043d\u0430\u043b \u0434\u043b\u044f \u0432\u0441\u0435\u0439 \u0441\u0435\u043c\u044c\u0438 \u0432 \u041c\u043e\u043b\u0434\u043e\u0432\u0435","publisher":{"@id":"https:\/\/sanatate.md\/ro\/#organization"},"potentialAction":[{"@type":"SearchAction","target":{"@type":"EntryPoint","urlTemplate":"https:\/\/sanatate.md\/ro\/?s={search_term_string}"},"query-input":{"@type":"PropertyValueSpecification","valueRequired":true,"valueName":"search_term_string"}}],"inLanguage":"ro-RO"},{"@type":"Organization","@id":"https:\/\/sanatate.md\/ro\/#organization","name":"SANATATE","url":"https:\/\/sanatate.md\/ro\/","logo":{"@type":"ImageObject","inLanguage":"ro-RO","@id":"https:\/\/sanatate.md\/ro\/#\/schema\/logo\/image\/","url":"https:\/\/sanatate.md\/wp-content\/uploads\/2022\/01\/sanatate-logo.svg","contentUrl":"https:\/\/sanatate.md\/wp-content\/uploads\/2022\/01\/sanatate-logo.svg","width":"1024","height":"1024","caption":"SANATATE"},"image":{"@id":"https:\/\/sanatate.md\/ro\/#\/schema\/logo\/image\/"}}]}},"_links":{"self":[{"href":"https:\/\/sanatate.md\/ro\/wp-json\/wp\/v2\/pages\/49823","targetHints":{"allow":["GET"]}}],"collection":[{"href":"https:\/\/sanatate.md\/ro\/wp-json\/wp\/v2\/pages"}],"about":[{"href":"https:\/\/sanatate.md\/ro\/wp-json\/wp\/v2\/types\/page"}],"author":[{"embeddable":true,"href":"https:\/\/sanatate.md\/ro\/wp-json\/wp\/v2\/users\/28"}],"replies":[{"embeddable":true,"href":"https:\/\/sanatate.md\/ro\/wp-json\/wp\/v2\/comments?post=49823"}],"version-history":[{"count":0,"href":"https:\/\/sanatate.md\/ro\/wp-json\/wp\/v2\/pages\/49823\/revisions"}],"up":[{"embeddable":true,"href":"https:\/\/sanatate.md\/ro\/wp-json\/wp\/v2\/pages\/53032"}],"wp:attachment":[{"href":"https:\/\/sanatate.md\/ro\/wp-json\/wp\/v2\/media?parent=49823"}],"curies":[{"name":"wp","href":"https:\/\/api.w.org\/{rel}","templated":true}]}}