{"id":49830,"date":"2018-01-16T12:25:24","date_gmt":"2018-01-16T09:25:24","guid":{"rendered":"https:\/\/sanatate.md\/?page_id=49830"},"modified":"2018-01-16T16:55:21","modified_gmt":"2018-01-16T13:55:21","slug":"infertilitatea","status":"publish","type":"page","link":"https:\/\/sanatate.md\/ro\/boli-si-tratament\/boli-urologice\/infertilitatea\/","title":{"rendered":"Infertilitatea"},"content":{"rendered":"<p>Infertilitatea este incapacitatea organismului de a concepe copii cu toate c\u0103 pe parcursul unui an \u00eentreg s-a dus o via\u0163\u0103 sexual\u0103 regulat\u0103 f\u0103r\u0103 m\u0103suri de contracep\u0163ie. Pentru apari\u0163ia sarcinii este nevoie de procesul de ovula\u0163ie.<\/p>\n<h3>Ce este ovula\u0163ia?<\/h3>\n<p>Ovula\u0163ia este un process de ie\u015fire a ovulelor din ovar \u015fi deplasarea lor prin trompele uterine p\u00een\u0103 la uter.\u00cen timpul acestei deplas\u0103ri spermatozoidul trebuie s\u0103 fertilizeze ovulul care dup\u0103 aceasta se ata\u015feaz\u0103 de uter \u015fi numai \u00een a\u015fa caz va surveni sarcina.\u00cen cazul \u00een care la una din etepele mai sus enumerate apar anumite abateri atunci poate ap\u0103rea infertilitatea femenin\u0103.<\/p>\n<h3>Tipuri de infertilitate<\/h3>\n<p>Dac\u0103 femeia nu a fost niciodat\u0103 \u00eens\u0103rcinat\u0103 atunci aceasta este o infertilitate primar\u0103,iar dac\u0103 a fost \u00eens\u0103rcinat\u0103 mai \u00eenainte,dar la moment nu mai poate prinde sarcina,atunci infertilitatea \u00een cauz\u0103 este secundar\u0103.Mul\u0163i consider\u0103 c\u0103 infertilitatea este o problem\u0103 strict femenin\u0103,dar datele statistice au ar\u0103tat c\u0103 la o treime din perechile-familie este steril\u0103 femeia,iar la alt\u0103 treime infertil este b\u0103rbatul. Cealalt\u0103 treime din perechile examinate s-a ciocnit cu problema c\u0103 at\u00eet femeia c\u00eet \u015fi b\u0103rbatul sufer\u0103 de problema \u00een cauz\u0103.<\/p>\n<h3>Infertilitatea la b\u0103rba\u0163i<\/h3>\n<p>Infertilitatea la b\u0103rba\u0163i este cauzat\u0103 de mai mul\u0163i factori ca:<\/p>\n<ul>\n<li>Se produce o cantitate foarte mic\u0103 de spermatozoizi;<\/li>\n<li>Lipsa total\u0103 de spermatozoizi;<\/li>\n<li>Spermatozoizii sunt incapabili s\u0103 fertilizeze ovulele;<\/li>\n<li>Patologii \u00eenn\u0103scute ale sistemului reproductiv,care influen\u0163eaz\u0103 negativ asupra fertilit\u0103\u0163ii;<\/li>\n<li>Bolile suportate de diferite forme pe parcursul vie\u0163ii;<\/li>\n<li>Traumele;<\/li>\n<li>Obiceiurile nocive(fumatul,dependen\u0163a fa\u0163\u0103 de alcool sau narcotice);<\/li>\n<li>Alimentarea neechilibrat\u0103 ceea ce duce la o sperm\u0103 necalitativ\u0103,iar spermatozoizii se deplaseaz\u0103 foarte \u00eencet.<\/li>\n<\/ul>\n<h3>Infertilitatea femenin\u0103<\/h3>\n<p>Infertilitatea la femei este cauzat\u0103 de mai mul\u0163i factori.Una din cauzele cele mai frecvente este ovula\u0163ia.Dac\u0103 ovula\u0163ia nu exist\u0103 \u00eenseamn\u0103 c\u0103 ovulul nu s-a maturat pentru fertilizare. Alt\u0103 cauz\u0103 o constituie ostruc\u0163ia tuburilor. Cu v\u00eersta la femeile dup\u0103 35 de ani \u00eencepe perioada c\u00eend a r\u0103m\u00eene \u00eens\u0103rcinat\u0103 e mai dificil dec\u00eet la o v\u00eerst\u0103 mai jun\u0103.<br \/>\nMai sunt \u015fi cazuri c\u00eend ambii so\u0163i sunt absolut s\u0103n\u0103to\u015fi, dar a prinde sarcina e imposibil. A\u015fa fenomen se nume\u015fte infertilitate de o provenien\u0163\u0103 neclar\u0103 sau cuplul este incompatibil la nivel biologic pentru conceperea unui copil.<\/p>\n","protected":false},"excerpt":{"rendered":"<p>Infertilitatea este incapacitatea organismului de a concepe copii cu toate c\u0103 pe parcursul unui an \u00eentreg s-a dus o via\u0163\u0103 sexual\u0103 regulat\u0103 f\u0103r\u0103 m\u0103suri de contracep\u0163ie. Pentru apari\u0163ia sarcinii este nevoie de procesul de ovula\u0163ie. Ce este ovula\u0163ia? Ovula\u0163ia este un process de ie\u015fire a ovulelor din ovar \u015fi deplasarea lor prin trompele uterine p\u00een\u0103 [&hellip;]<\/p>\n","protected":false},"author":28,"featured_media":0,"parent":53029,"menu_order":0,"comment_status":"closed","ping_status":"closed","template":"","meta":{"inline_featured_image":false,"footnotes":""},"class_list":["post-49830","page","type-page","status-publish"],"yoast_head":"<!-- This site is optimized with the Yoast SEO plugin v27.3 - https:\/\/yoast.com\/product\/yoast-seo-wordpress\/ -->\n<title>Infertilitatea<\/title>\n<meta name=\"description\" content=\"Infertilitatea este incapacitatea organismului de a concepe copii cu toate c\u0103 pe parcursul unui an \u00eentreg s-a dus o via\u0163\u0103 sexual\u0103 regulat\u0103 f\u0103r\u0103 m\u0103suri de contracep\u0163ie.\" \/>\n<meta name=\"robots\" content=\"index, follow, max-snippet:-1, max-image-preview:large, max-video-preview:-1\" \/>\n<link rel=\"canonical\" href=\"https:\/\/sanatate.md\/ro\/boli-si-tratament\/boli-urologice\/infertilitatea\/\" \/>\n<meta property=\"og:locale\" content=\"ro_RO\" \/>\n<meta property=\"og:type\" content=\"article\" \/>\n<meta property=\"og:title\" content=\"Infertilitatea\" \/>\n<meta property=\"og:description\" content=\"Infertilitatea este incapacitatea organismului de a concepe copii cu toate c\u0103 pe parcursul unui an \u00eentreg s-a dus o via\u0163\u0103 sexual\u0103 regulat\u0103 f\u0103r\u0103 m\u0103suri de contracep\u0163ie.\" \/>\n<meta property=\"og:url\" content=\"https:\/\/sanatate.md\/ro\/boli-si-tratament\/boli-urologice\/infertilitatea\/\" \/>\n<meta property=\"og:site_name\" content=\"Sanatate.md\" \/>\n<meta property=\"article:modified_time\" content=\"2018-01-16T13:55:21+00:00\" \/>\n<meta name=\"twitter:card\" content=\"summary_large_image\" \/>\n<meta name=\"twitter:label1\" content=\"Timp estimat pentru citire\" \/>\n\t<meta name=\"twitter:data1\" content=\"2 minute\" \/>\n<script type=\"application\/ld+json\" class=\"yoast-schema-graph\">{\"@context\":\"https:\\\/\\\/schema.org\",\"@graph\":[{\"@type\":\"WebPage\",\"@id\":\"https:\\\/\\\/sanatate.md\\\/ro\\\/boli-si-tratament\\\/boli-urologice\\\/infertilitatea\\\/\",\"url\":\"https:\\\/\\\/sanatate.md\\\/ro\\\/boli-si-tratament\\\/boli-urologice\\\/infertilitatea\\\/\",\"name\":\"Infertilitatea\",\"isPartOf\":{\"@id\":\"https:\\\/\\\/sanatate.md\\\/ro\\\/#website\"},\"datePublished\":\"2018-01-16T09:25:24+00:00\",\"dateModified\":\"2018-01-16T13:55:21+00:00\",\"description\":\"Infertilitatea este incapacitatea organismului de a concepe copii cu toate c\u0103 pe parcursul unui an \u00eentreg s-a dus o via\u0163\u0103 sexual\u0103 regulat\u0103 f\u0103r\u0103 m\u0103suri de contracep\u0163ie.\",\"breadcrumb\":{\"@id\":\"https:\\\/\\\/sanatate.md\\\/ro\\\/boli-si-tratament\\\/boli-urologice\\\/infertilitatea\\\/#breadcrumb\"},\"inLanguage\":\"ro-RO\",\"potentialAction\":[{\"@type\":\"ReadAction\",\"target\":[\"https:\\\/\\\/sanatate.md\\\/ro\\\/boli-si-tratament\\\/boli-urologice\\\/infertilitatea\\\/\"]}]},{\"@type\":\"BreadcrumbList\",\"@id\":\"https:\\\/\\\/sanatate.md\\\/ro\\\/boli-si-tratament\\\/boli-urologice\\\/infertilitatea\\\/#breadcrumb\",\"itemListElement\":[{\"@type\":\"ListItem\",\"position\":1,\"name\":\"\u0413\u043b\u0430\u0432\u043d\u0430\u044f \u0441\u0442\u0440\u0430\u043d\u0438\u0446\u0430\",\"item\":\"https:\\\/\\\/sanatate.md\\\/ro\\\/\"},{\"@type\":\"ListItem\",\"position\":2,\"name\":\"Boli si tratament\",\"item\":\"https:\\\/\\\/sanatate.md\\\/ro\\\/boli-si-tratament\\\/\"},{\"@type\":\"ListItem\",\"position\":3,\"name\":\"Boli urologice\",\"item\":\"https:\\\/\\\/sanatate.md\\\/ro\\\/boli-si-tratament\\\/boli-urologice\\\/\"},{\"@type\":\"ListItem\",\"position\":4,\"name\":\"Infertilitatea\"}]},{\"@type\":\"WebSite\",\"@id\":\"https:\\\/\\\/sanatate.md\\\/ro\\\/#website\",\"url\":\"https:\\\/\\\/sanatate.md\\\/ro\\\/\",\"name\":\"Sanatate.md\",\"description\":\"\u0416\u0443\u0440\u043d\u0430\u043b \u0434\u043b\u044f \u0432\u0441\u0435\u0439 \u0441\u0435\u043c\u044c\u0438 \u0432 \u041c\u043e\u043b\u0434\u043e\u0432\u0435\",\"publisher\":{\"@id\":\"https:\\\/\\\/sanatate.md\\\/ro\\\/#organization\"},\"potentialAction\":[{\"@type\":\"SearchAction\",\"target\":{\"@type\":\"EntryPoint\",\"urlTemplate\":\"https:\\\/\\\/sanatate.md\\\/ro\\\/?s={search_term_string}\"},\"query-input\":{\"@type\":\"PropertyValueSpecification\",\"valueRequired\":true,\"valueName\":\"search_term_string\"}}],\"inLanguage\":\"ro-RO\"},{\"@type\":\"Organization\",\"@id\":\"https:\\\/\\\/sanatate.md\\\/ro\\\/#organization\",\"name\":\"SANATATE\",\"url\":\"https:\\\/\\\/sanatate.md\\\/ro\\\/\",\"logo\":{\"@type\":\"ImageObject\",\"inLanguage\":\"ro-RO\",\"@id\":\"https:\\\/\\\/sanatate.md\\\/ro\\\/#\\\/schema\\\/logo\\\/image\\\/\",\"url\":\"https:\\\/\\\/sanatate.md\\\/wp-content\\\/uploads\\\/2022\\\/01\\\/sanatate-logo.svg\",\"contentUrl\":\"https:\\\/\\\/sanatate.md\\\/wp-content\\\/uploads\\\/2022\\\/01\\\/sanatate-logo.svg\",\"width\":\"1024\",\"height\":\"1024\",\"caption\":\"SANATATE\"},\"image\":{\"@id\":\"https:\\\/\\\/sanatate.md\\\/ro\\\/#\\\/schema\\\/logo\\\/image\\\/\"}}]}<\/script>\n<!-- \/ Yoast SEO plugin. -->","yoast_head_json":{"title":"Infertilitatea","description":"Infertilitatea este incapacitatea organismului de a concepe copii cu toate c\u0103 pe parcursul unui an \u00eentreg s-a dus o via\u0163\u0103 sexual\u0103 regulat\u0103 f\u0103r\u0103 m\u0103suri de contracep\u0163ie.","robots":{"index":"index","follow":"follow","max-snippet":"max-snippet:-1","max-image-preview":"max-image-preview:large","max-video-preview":"max-video-preview:-1"},"canonical":"https:\/\/sanatate.md\/ro\/boli-si-tratament\/boli-urologice\/infertilitatea\/","og_locale":"ro_RO","og_type":"article","og_title":"Infertilitatea","og_description":"Infertilitatea este incapacitatea organismului de a concepe copii cu toate c\u0103 pe parcursul unui an \u00eentreg s-a dus o via\u0163\u0103 sexual\u0103 regulat\u0103 f\u0103r\u0103 m\u0103suri de contracep\u0163ie.","og_url":"https:\/\/sanatate.md\/ro\/boli-si-tratament\/boli-urologice\/infertilitatea\/","og_site_name":"Sanatate.md","article_modified_time":"2018-01-16T13:55:21+00:00","twitter_card":"summary_large_image","twitter_misc":{"Timp estimat pentru citire":"2 minute"},"schema":{"@context":"https:\/\/schema.org","@graph":[{"@type":"WebPage","@id":"https:\/\/sanatate.md\/ro\/boli-si-tratament\/boli-urologice\/infertilitatea\/","url":"https:\/\/sanatate.md\/ro\/boli-si-tratament\/boli-urologice\/infertilitatea\/","name":"Infertilitatea","isPartOf":{"@id":"https:\/\/sanatate.md\/ro\/#website"},"datePublished":"2018-01-16T09:25:24+00:00","dateModified":"2018-01-16T13:55:21+00:00","description":"Infertilitatea este incapacitatea organismului de a concepe copii cu toate c\u0103 pe parcursul unui an \u00eentreg s-a dus o via\u0163\u0103 sexual\u0103 regulat\u0103 f\u0103r\u0103 m\u0103suri de contracep\u0163ie.","breadcrumb":{"@id":"https:\/\/sanatate.md\/ro\/boli-si-tratament\/boli-urologice\/infertilitatea\/#breadcrumb"},"inLanguage":"ro-RO","potentialAction":[{"@type":"ReadAction","target":["https:\/\/sanatate.md\/ro\/boli-si-tratament\/boli-urologice\/infertilitatea\/"]}]},{"@type":"BreadcrumbList","@id":"https:\/\/sanatate.md\/ro\/boli-si-tratament\/boli-urologice\/infertilitatea\/#breadcrumb","itemListElement":[{"@type":"ListItem","position":1,"name":"\u0413\u043b\u0430\u0432\u043d\u0430\u044f \u0441\u0442\u0440\u0430\u043d\u0438\u0446\u0430","item":"https:\/\/sanatate.md\/ro\/"},{"@type":"ListItem","position":2,"name":"Boli si tratament","item":"https:\/\/sanatate.md\/ro\/boli-si-tratament\/"},{"@type":"ListItem","position":3,"name":"Boli urologice","item":"https:\/\/sanatate.md\/ro\/boli-si-tratament\/boli-urologice\/"},{"@type":"ListItem","position":4,"name":"Infertilitatea"}]},{"@type":"WebSite","@id":"https:\/\/sanatate.md\/ro\/#website","url":"https:\/\/sanatate.md\/ro\/","name":"Sanatate.md","description":"\u0416\u0443\u0440\u043d\u0430\u043b \u0434\u043b\u044f \u0432\u0441\u0435\u0439 \u0441\u0435\u043c\u044c\u0438 \u0432 \u041c\u043e\u043b\u0434\u043e\u0432\u0435","publisher":{"@id":"https:\/\/sanatate.md\/ro\/#organization"},"potentialAction":[{"@type":"SearchAction","target":{"@type":"EntryPoint","urlTemplate":"https:\/\/sanatate.md\/ro\/?s={search_term_string}"},"query-input":{"@type":"PropertyValueSpecification","valueRequired":true,"valueName":"search_term_string"}}],"inLanguage":"ro-RO"},{"@type":"Organization","@id":"https:\/\/sanatate.md\/ro\/#organization","name":"SANATATE","url":"https:\/\/sanatate.md\/ro\/","logo":{"@type":"ImageObject","inLanguage":"ro-RO","@id":"https:\/\/sanatate.md\/ro\/#\/schema\/logo\/image\/","url":"https:\/\/sanatate.md\/wp-content\/uploads\/2022\/01\/sanatate-logo.svg","contentUrl":"https:\/\/sanatate.md\/wp-content\/uploads\/2022\/01\/sanatate-logo.svg","width":"1024","height":"1024","caption":"SANATATE"},"image":{"@id":"https:\/\/sanatate.md\/ro\/#\/schema\/logo\/image\/"}}]}},"_links":{"self":[{"href":"https:\/\/sanatate.md\/ro\/wp-json\/wp\/v2\/pages\/49830","targetHints":{"allow":["GET"]}}],"collection":[{"href":"https:\/\/sanatate.md\/ro\/wp-json\/wp\/v2\/pages"}],"about":[{"href":"https:\/\/sanatate.md\/ro\/wp-json\/wp\/v2\/types\/page"}],"author":[{"embeddable":true,"href":"https:\/\/sanatate.md\/ro\/wp-json\/wp\/v2\/users\/28"}],"replies":[{"embeddable":true,"href":"https:\/\/sanatate.md\/ro\/wp-json\/wp\/v2\/comments?post=49830"}],"version-history":[{"count":0,"href":"https:\/\/sanatate.md\/ro\/wp-json\/wp\/v2\/pages\/49830\/revisions"}],"up":[{"embeddable":true,"href":"https:\/\/sanatate.md\/ro\/wp-json\/wp\/v2\/pages\/53029"}],"wp:attachment":[{"href":"https:\/\/sanatate.md\/ro\/wp-json\/wp\/v2\/media?parent=49830"}],"curies":[{"name":"wp","href":"https:\/\/api.w.org\/{rel}","templated":true}]}}