{"id":49837,"date":"2018-01-19T14:25:25","date_gmt":"2018-01-19T11:25:25","guid":{"rendered":"https:\/\/sanatate.md\/?page_id=49837"},"modified":"2018-01-19T15:28:13","modified_gmt":"2018-01-19T12:28:13","slug":"alergia-respiratorie","status":"publish","type":"page","link":"https:\/\/sanatate.md\/ro\/boli-si-tratament\/boli-alergice\/alergia-respiratorie\/","title":{"rendered":"Alergia respiratorie"},"content":{"rendered":"<p>Alergia respiratorie este maladia c\u0103ilor respiratorii care este provocat\u0103 de alergeni.<\/p>\n<h3>Cauzele st\u0103rii boln\u0103vicioase<\/h3>\n<p>Boala se manifest\u0103 \u00een urma afect\u0103rii de c\u0103tre alergen a mucoasei c\u0103ilor respiratorii. Din punct de vedere \u015ftiin\u0163ific aceast\u0103 boal\u0103 este rezultatul interac\u0163iunii alergenului ce nimere\u015fte \u00een organism cu imunitatea.<\/p>\n<h3>Clasificarea alergenilor<\/h3>\n<p>Speciali\u015ftii divizeaz\u0103 alergenii \u00een: neinfec\u0163io\u015fi (de uz casnic, alimentari, medicamento\u015fi, chimici \u015fi epidermali) \u015fi infec\u0163io\u015fi (bacterieni \u015fi fungici).<\/p>\n<p>Alergoza viral\u0103 apare \u00een urma p\u0103trunderii \u00een organism a alergenilor infec\u0163io\u015fi.<\/p>\n<h3>Semnele maladiei<\/h3>\n<p>Ca simptome ale st\u0103rii boln\u0103vicioase pot fi interpreta\u0163i urm\u0103torii factori:<\/p>\n<ul>\n<li>M\u00e2nc\u0103rimile \u015fi arsurile \u00een nas;<\/li>\n<li>Str\u0103nutul;<\/li>\n<li>Elimin\u0103rile apoase sau spumoase din rinofaringe;<\/li>\n<li>Edemul mucoasei nazale;<\/li>\n<li>Evstahiita;<\/li>\n<li>Inflamarea pleoapelor \u015fi a \u00eentregii fe\u0163i;<\/li>\n<li>Senza\u0163ia de persisten\u0163\u0103 a nisipului \u00een ochi.<\/li>\n<\/ul>\n<h3>Diagnosticarea maladiei<\/h3>\n<p>Starea boln\u0103vicioas\u0103 \u00een cauz\u0103 trebuie diferen\u0163iat\u0103 de diferite rinosinusite de genez\u0103 infec\u0163ioas\u0103. Diagnoza este stabilit\u0103 \u00een baza pl\u00e2ngerilor pacientului, a rinoscopiei, roentgenografie, depistarea unui nivel \u00eenalt de imunoglobulina E.<\/p>\n<h3>Starea boln\u0103vicioas\u0103 la copii<\/h3>\n<p>Exist\u0103 o predispunere genetic\u0103 fa\u0163\u0103 de diferite reac\u0163ii alergice. Cel mai des sunt expu\u015fi alergiei respiratorii copiii la o v\u00e2rst\u0103 fraged\u0103. \u00cen perioada aceasta ei trec de la alimentarea la s\u2019n la alimentarea cu diferite produse \u015fi se ciocnesc cu reac\u0163ia imunitetului la diferi\u0163i alergeni.<\/p>\n<p>\u00cen majoritatea cazurilor la copii sunt diagnosticate urm\u0103toarele forme ale st\u0103rii boln\u0103vicioase:<\/p>\n<ul>\n<li>Laringita \u00een timpul c\u0103reia se inflameaz\u0103 laringele, copilul \u00eencepe s\u0103 h\u0103m\u0103ie, i se a\u015feaz\u0103 vocea;<\/li>\n<li>Traheita care se manifest\u0103 prin accese de tuse, \u00eenro\u015firea fe\u0163ei \u015fi vom\u0103;<\/li>\n<li>Bron\u015fita care se manifest\u0103 prin accese de tuse \u015fi recidive;<\/li>\n<li>Pneumonia \u00een timpul c\u0103reia apar schimb\u0103ri patologice \u00een pl\u0103m\u00eeni, inflamarea pl\u0103m\u00e2nilor;<\/li>\n<li>Rinita care este \u00eenso\u0163it\u0103 de edemul mucoasei nazale, str\u0103nut, conjunctivit\u0103; forma dat\u0103 poate fi sezonier\u0103 sau care s\u0103 dureze un an \u00een jur.<\/li>\n<\/ul>\n<p>\u00cen timpul trat\u0103rii alergiei respiratorii la bebelu\u015fi medicii mai \u00eent\u00e2i de toate se str\u0103duie s\u0103 \u00eenl\u0103ture contactul cu alergenul. Copiilor li se indic\u0103 medicamente antihistaminice ca: Suprastina, Diazolina. Pentru \u00eenl\u0103turarea \u00eenfund\u0103rii c\u0103ilor nazale sunt indicate urm\u0103toarele medicamente ca: Nazivin \u015fi Otrivin.<\/p>\n<p>\u00cen cazul \u00een care e imposibil de evitat contactul cu alergenul se practic\u0103 introducerea sub stratul cutanat a alergenului \u00een cauz\u0103. Se \u00eencepe cu o doz\u0103 minim\u0103, a\u015fa tip de tratament poate dura ani la r\u00e2nd.<\/p>\n<h3>Tratarea bolii<\/h3>\n<p>Tratarea bolii se \u00eencepe de la limitarea contactului sau minimalizarea cu alergenii ce o provoac\u0103. Se indic\u0103 consulta\u0163ia unui medic alergolog-imunolog.<\/p>\n","protected":false},"excerpt":{"rendered":"<p>Alergia respiratorie este maladia c\u0103ilor respiratorii care este provocat\u0103 de alergeni. Cauzele st\u0103rii boln\u0103vicioase Boala se manifest\u0103 \u00een urma afect\u0103rii de c\u0103tre alergen a mucoasei c\u0103ilor respiratorii. Din punct de vedere \u015ftiin\u0163ific aceast\u0103 boal\u0103 este rezultatul interac\u0163iunii alergenului ce nimere\u015fte \u00een organism cu imunitatea. Clasificarea alergenilor Speciali\u015ftii divizeaz\u0103 alergenii \u00een: neinfec\u0163io\u015fi (de uz casnic, alimentari, [&hellip;]<\/p>\n","protected":false},"author":28,"featured_media":0,"parent":38228,"menu_order":0,"comment_status":"closed","ping_status":"closed","template":"","meta":{"inline_featured_image":false,"footnotes":""},"class_list":["post-49837","page","type-page","status-publish"],"yoast_head":"<!-- This site is optimized with the Yoast SEO plugin v27.3 - https:\/\/yoast.com\/product\/yoast-seo-wordpress\/ -->\n<title>Alergia respiratorie<\/title>\n<meta name=\"description\" content=\"Boala se manifest\u0103 \u00een urma afect\u0103rii de c\u0103tre alergen a mucoasei c\u0103ilor respiratorii. Din punct de vedere \u015ftiin\u0163ific aceast\u0103 boal\u0103 este rezultatul interac\u0163iunii alergenului ce nimere\u015fte \u00een organism cu imunitatea.\" \/>\n<meta name=\"robots\" content=\"index, follow, max-snippet:-1, max-image-preview:large, max-video-preview:-1\" \/>\n<link rel=\"canonical\" href=\"https:\/\/sanatate.md\/ro\/boli-si-tratament\/boli-alergice\/alergia-respiratorie\/\" \/>\n<meta property=\"og:locale\" content=\"ro_RO\" \/>\n<meta property=\"og:type\" content=\"article\" \/>\n<meta property=\"og:title\" content=\"Alergia respiratorie\" \/>\n<meta property=\"og:description\" content=\"Boala se manifest\u0103 \u00een urma afect\u0103rii de c\u0103tre alergen a mucoasei c\u0103ilor respiratorii. Din punct de vedere \u015ftiin\u0163ific aceast\u0103 boal\u0103 este rezultatul interac\u0163iunii alergenului ce nimere\u015fte \u00een organism cu imunitatea.\" \/>\n<meta property=\"og:url\" content=\"https:\/\/sanatate.md\/ro\/boli-si-tratament\/boli-alergice\/alergia-respiratorie\/\" \/>\n<meta property=\"og:site_name\" content=\"Sanatate.md\" \/>\n<meta property=\"article:modified_time\" content=\"2018-01-19T12:28:13+00:00\" \/>\n<meta name=\"twitter:card\" content=\"summary_large_image\" \/>\n<meta name=\"twitter:label1\" content=\"Timp estimat pentru citire\" \/>\n\t<meta name=\"twitter:data1\" content=\"2 minute\" \/>\n<script type=\"application\/ld+json\" class=\"yoast-schema-graph\">{\"@context\":\"https:\\\/\\\/schema.org\",\"@graph\":[{\"@type\":\"WebPage\",\"@id\":\"https:\\\/\\\/sanatate.md\\\/ro\\\/boli-si-tratament\\\/boli-alergice\\\/alergia-respiratorie\\\/\",\"url\":\"https:\\\/\\\/sanatate.md\\\/ro\\\/boli-si-tratament\\\/boli-alergice\\\/alergia-respiratorie\\\/\",\"name\":\"Alergia respiratorie\",\"isPartOf\":{\"@id\":\"https:\\\/\\\/sanatate.md\\\/ro\\\/#website\"},\"datePublished\":\"2018-01-19T11:25:25+00:00\",\"dateModified\":\"2018-01-19T12:28:13+00:00\",\"description\":\"Boala se manifest\u0103 \u00een urma afect\u0103rii de c\u0103tre alergen a mucoasei c\u0103ilor respiratorii. Din punct de vedere \u015ftiin\u0163ific aceast\u0103 boal\u0103 este rezultatul interac\u0163iunii alergenului ce nimere\u015fte \u00een organism cu imunitatea.\",\"breadcrumb\":{\"@id\":\"https:\\\/\\\/sanatate.md\\\/ro\\\/boli-si-tratament\\\/boli-alergice\\\/alergia-respiratorie\\\/#breadcrumb\"},\"inLanguage\":\"ro-RO\",\"potentialAction\":[{\"@type\":\"ReadAction\",\"target\":[\"https:\\\/\\\/sanatate.md\\\/ro\\\/boli-si-tratament\\\/boli-alergice\\\/alergia-respiratorie\\\/\"]}]},{\"@type\":\"BreadcrumbList\",\"@id\":\"https:\\\/\\\/sanatate.md\\\/ro\\\/boli-si-tratament\\\/boli-alergice\\\/alergia-respiratorie\\\/#breadcrumb\",\"itemListElement\":[{\"@type\":\"ListItem\",\"position\":1,\"name\":\"\u0413\u043b\u0430\u0432\u043d\u0430\u044f \u0441\u0442\u0440\u0430\u043d\u0438\u0446\u0430\",\"item\":\"https:\\\/\\\/sanatate.md\\\/ro\\\/\"},{\"@type\":\"ListItem\",\"position\":2,\"name\":\"Boli si tratament\",\"item\":\"https:\\\/\\\/sanatate.md\\\/ro\\\/boli-si-tratament\\\/\"},{\"@type\":\"ListItem\",\"position\":3,\"name\":\"Boli alergice\",\"item\":\"https:\\\/\\\/sanatate.md\\\/ro\\\/boli-si-tratament\\\/boli-alergice\\\/\"},{\"@type\":\"ListItem\",\"position\":4,\"name\":\"Alergia respiratorie\"}]},{\"@type\":\"WebSite\",\"@id\":\"https:\\\/\\\/sanatate.md\\\/ro\\\/#website\",\"url\":\"https:\\\/\\\/sanatate.md\\\/ro\\\/\",\"name\":\"Sanatate.md\",\"description\":\"\u0416\u0443\u0440\u043d\u0430\u043b \u0434\u043b\u044f \u0432\u0441\u0435\u0439 \u0441\u0435\u043c\u044c\u0438 \u0432 \u041c\u043e\u043b\u0434\u043e\u0432\u0435\",\"publisher\":{\"@id\":\"https:\\\/\\\/sanatate.md\\\/ro\\\/#organization\"},\"potentialAction\":[{\"@type\":\"SearchAction\",\"target\":{\"@type\":\"EntryPoint\",\"urlTemplate\":\"https:\\\/\\\/sanatate.md\\\/ro\\\/?s={search_term_string}\"},\"query-input\":{\"@type\":\"PropertyValueSpecification\",\"valueRequired\":true,\"valueName\":\"search_term_string\"}}],\"inLanguage\":\"ro-RO\"},{\"@type\":\"Organization\",\"@id\":\"https:\\\/\\\/sanatate.md\\\/ro\\\/#organization\",\"name\":\"SANATATE\",\"url\":\"https:\\\/\\\/sanatate.md\\\/ro\\\/\",\"logo\":{\"@type\":\"ImageObject\",\"inLanguage\":\"ro-RO\",\"@id\":\"https:\\\/\\\/sanatate.md\\\/ro\\\/#\\\/schema\\\/logo\\\/image\\\/\",\"url\":\"https:\\\/\\\/sanatate.md\\\/wp-content\\\/uploads\\\/2022\\\/01\\\/sanatate-logo.svg\",\"contentUrl\":\"https:\\\/\\\/sanatate.md\\\/wp-content\\\/uploads\\\/2022\\\/01\\\/sanatate-logo.svg\",\"width\":\"1024\",\"height\":\"1024\",\"caption\":\"SANATATE\"},\"image\":{\"@id\":\"https:\\\/\\\/sanatate.md\\\/ro\\\/#\\\/schema\\\/logo\\\/image\\\/\"}}]}<\/script>\n<!-- \/ Yoast SEO plugin. -->","yoast_head_json":{"title":"Alergia respiratorie","description":"Boala se manifest\u0103 \u00een urma afect\u0103rii de c\u0103tre alergen a mucoasei c\u0103ilor respiratorii. Din punct de vedere \u015ftiin\u0163ific aceast\u0103 boal\u0103 este rezultatul interac\u0163iunii alergenului ce nimere\u015fte \u00een organism cu imunitatea.","robots":{"index":"index","follow":"follow","max-snippet":"max-snippet:-1","max-image-preview":"max-image-preview:large","max-video-preview":"max-video-preview:-1"},"canonical":"https:\/\/sanatate.md\/ro\/boli-si-tratament\/boli-alergice\/alergia-respiratorie\/","og_locale":"ro_RO","og_type":"article","og_title":"Alergia respiratorie","og_description":"Boala se manifest\u0103 \u00een urma afect\u0103rii de c\u0103tre alergen a mucoasei c\u0103ilor respiratorii. Din punct de vedere \u015ftiin\u0163ific aceast\u0103 boal\u0103 este rezultatul interac\u0163iunii alergenului ce nimere\u015fte \u00een organism cu imunitatea.","og_url":"https:\/\/sanatate.md\/ro\/boli-si-tratament\/boli-alergice\/alergia-respiratorie\/","og_site_name":"Sanatate.md","article_modified_time":"2018-01-19T12:28:13+00:00","twitter_card":"summary_large_image","twitter_misc":{"Timp estimat pentru citire":"2 minute"},"schema":{"@context":"https:\/\/schema.org","@graph":[{"@type":"WebPage","@id":"https:\/\/sanatate.md\/ro\/boli-si-tratament\/boli-alergice\/alergia-respiratorie\/","url":"https:\/\/sanatate.md\/ro\/boli-si-tratament\/boli-alergice\/alergia-respiratorie\/","name":"Alergia respiratorie","isPartOf":{"@id":"https:\/\/sanatate.md\/ro\/#website"},"datePublished":"2018-01-19T11:25:25+00:00","dateModified":"2018-01-19T12:28:13+00:00","description":"Boala se manifest\u0103 \u00een urma afect\u0103rii de c\u0103tre alergen a mucoasei c\u0103ilor respiratorii. Din punct de vedere \u015ftiin\u0163ific aceast\u0103 boal\u0103 este rezultatul interac\u0163iunii alergenului ce nimere\u015fte \u00een organism cu imunitatea.","breadcrumb":{"@id":"https:\/\/sanatate.md\/ro\/boli-si-tratament\/boli-alergice\/alergia-respiratorie\/#breadcrumb"},"inLanguage":"ro-RO","potentialAction":[{"@type":"ReadAction","target":["https:\/\/sanatate.md\/ro\/boli-si-tratament\/boli-alergice\/alergia-respiratorie\/"]}]},{"@type":"BreadcrumbList","@id":"https:\/\/sanatate.md\/ro\/boli-si-tratament\/boli-alergice\/alergia-respiratorie\/#breadcrumb","itemListElement":[{"@type":"ListItem","position":1,"name":"\u0413\u043b\u0430\u0432\u043d\u0430\u044f \u0441\u0442\u0440\u0430\u043d\u0438\u0446\u0430","item":"https:\/\/sanatate.md\/ro\/"},{"@type":"ListItem","position":2,"name":"Boli si tratament","item":"https:\/\/sanatate.md\/ro\/boli-si-tratament\/"},{"@type":"ListItem","position":3,"name":"Boli alergice","item":"https:\/\/sanatate.md\/ro\/boli-si-tratament\/boli-alergice\/"},{"@type":"ListItem","position":4,"name":"Alergia respiratorie"}]},{"@type":"WebSite","@id":"https:\/\/sanatate.md\/ro\/#website","url":"https:\/\/sanatate.md\/ro\/","name":"Sanatate.md","description":"\u0416\u0443\u0440\u043d\u0430\u043b \u0434\u043b\u044f \u0432\u0441\u0435\u0439 \u0441\u0435\u043c\u044c\u0438 \u0432 \u041c\u043e\u043b\u0434\u043e\u0432\u0435","publisher":{"@id":"https:\/\/sanatate.md\/ro\/#organization"},"potentialAction":[{"@type":"SearchAction","target":{"@type":"EntryPoint","urlTemplate":"https:\/\/sanatate.md\/ro\/?s={search_term_string}"},"query-input":{"@type":"PropertyValueSpecification","valueRequired":true,"valueName":"search_term_string"}}],"inLanguage":"ro-RO"},{"@type":"Organization","@id":"https:\/\/sanatate.md\/ro\/#organization","name":"SANATATE","url":"https:\/\/sanatate.md\/ro\/","logo":{"@type":"ImageObject","inLanguage":"ro-RO","@id":"https:\/\/sanatate.md\/ro\/#\/schema\/logo\/image\/","url":"https:\/\/sanatate.md\/wp-content\/uploads\/2022\/01\/sanatate-logo.svg","contentUrl":"https:\/\/sanatate.md\/wp-content\/uploads\/2022\/01\/sanatate-logo.svg","width":"1024","height":"1024","caption":"SANATATE"},"image":{"@id":"https:\/\/sanatate.md\/ro\/#\/schema\/logo\/image\/"}}]}},"_links":{"self":[{"href":"https:\/\/sanatate.md\/ro\/wp-json\/wp\/v2\/pages\/49837","targetHints":{"allow":["GET"]}}],"collection":[{"href":"https:\/\/sanatate.md\/ro\/wp-json\/wp\/v2\/pages"}],"about":[{"href":"https:\/\/sanatate.md\/ro\/wp-json\/wp\/v2\/types\/page"}],"author":[{"embeddable":true,"href":"https:\/\/sanatate.md\/ro\/wp-json\/wp\/v2\/users\/28"}],"replies":[{"embeddable":true,"href":"https:\/\/sanatate.md\/ro\/wp-json\/wp\/v2\/comments?post=49837"}],"version-history":[{"count":0,"href":"https:\/\/sanatate.md\/ro\/wp-json\/wp\/v2\/pages\/49837\/revisions"}],"up":[{"embeddable":true,"href":"https:\/\/sanatate.md\/ro\/wp-json\/wp\/v2\/pages\/38228"}],"wp:attachment":[{"href":"https:\/\/sanatate.md\/ro\/wp-json\/wp\/v2\/media?parent=49837"}],"curies":[{"name":"wp","href":"https:\/\/api.w.org\/{rel}","templated":true}]}}