{"id":49850,"date":"2018-01-16T13:30:11","date_gmt":"2018-01-16T10:30:11","guid":{"rendered":"https:\/\/sanatate.md\/?page_id=49850"},"modified":"2018-01-16T13:30:11","modified_gmt":"2018-01-16T10:30:11","slug":"rabia","status":"publish","type":"page","link":"https:\/\/sanatate.md\/ro\/boli-si-tratament\/boli-infectioase\/rabia\/","title":{"rendered":"Rabia"},"content":{"rendered":"<p>Rabia este o boal\u0103 viral\u0103 infec\u0163ioas\u0103 acut\u0103 determinat\u0103 de virusul rabic din familia Rhabdoviridae care provoac\u0103 inflama\u0163ia creierului at\u00eet la oameni c\u00eet \u015fi la animale.<\/p>\n<h3>Cazuele \u015fi modurile de infectare<\/h3>\n<p>Acest virus poate p\u0103trunde \u00een organismul uman \u00een urma unei mu\u015fc\u0103turi de c\u0103tre un animal infectat .Virusul p\u0103trunde prin intermediul salivei animalelor infectate.Dup\u0103 ce a p\u0103truns \u00een organismul uman,virusul afecteaz\u0103 celulele sistemului nervos ale creierului \u015fi poate provoca ni\u015fte procese ireversibile \u00een organismul bolnavului.Posibilitatea de a te infecta exist\u0103 \u00een toate col\u0163urile lumii \u00een afar\u0103 de continentele sudice ca:Antarctida \u015fi Australia.De virusul \u00een cauz\u0103 pot fi infectate at\u00eet animalele domestice c\u00eet \u015fi cele s\u0103lbatice.Adeseori purt\u0103toare ale virusului dat sunt urm\u0103toarele animale:<\/p>\n<ul>\n<li>C\u00eeinii;<\/li>\n<li>Pisicile;<\/li>\n<li>Animalele domestice;<\/li>\n<li>Lupii;<\/li>\n<li>Vulpile.\n<\/ul>\n<p>E mai pu\u0163in probabil s\u0103 te infectezi de maladia \u00een cauz\u0103 de la \u015foareci \u015fi \u015fobolani.Pe parcursul perioadei cuprins\u0103 \u00eentre 3-10 zile p\u00een\u0103 la apari\u0163ia primelor simptome ale bolii \u00een cauz\u0103,animalele infectate devin purt\u0103toare ale virusul dat \u015fi r\u0103m\u00een a\u015fa pe parcursul decurgerii bolii. Un animal infectat se poate identifica dup\u0103 urm\u0103toarele simptome:salivare \u00een exces,excretarea spumei din cavitatea bucal\u0103,paralizie.De regul\u0103 animalele domestice infectate au un comportament necaracteristic,iar la cele s\u0103lbatice apare lipsa fricii fa\u0163\u0103 de oameni.Una din cele mai eficiente metode de profilactic\u0103 contra r\u0103sp\u00eendirii rabiei este vaccinarea animalelor.<\/p>\n<h3>Diagnosticare \u015fi tratament<\/h3>\n<p>Rabia este o boal\u0103 foarte periculoas\u0103 \u015fi \u00een cazul \u00een care apar primele simptome devine irecuperabil\u0103.Dac\u0103 boala nu este diagnosticat\u0103 la primele stadii atunci rezultatul fatal este inevitabil. Dac\u0103 omul are o rezisten\u0163\u0103 \u00eenalt\u0103 la acest virus sau cantitatea de saliv\u0103 p\u0103truns\u0103 \u00een organism nu a fost a\u015fa de mare ,\u00een acest caz e posibil\u0103 \u015fi lipsa de o oarecare simptom\u0103.<\/p>\n<p>De regul\u0103 metoda cea mai eficient\u0103 \u00een tratarea rabiei este vaccinarea urgent\u0103 a pacientului imediat dup\u0103 mu\u015fc\u0103tur\u0103.Perioada de incubare a virusului dat este de la zece zile p\u00een\u0103 la trei-patru luni.Sunt trei etape de decurgere a acestei boli.<\/p>\n<p>Mai \u00eent\u00eei pacientul simte devieri a temperaturii corpului:37,2-37,3 \u00b0C ,apari\u0163ia insomniei,senza\u0163ia de deprimare total\u0103,nelini\u015ftea f\u0103r\u0103 motive.Pe bolnav poate s\u0103-l deranjeze durerea la locul mu\u015fc\u0103turii chiar dac\u0103 rana de mult s-a cicatrizat.<\/p>\n<p>Urm\u0103toarea etap\u0103 se manifest\u0103 prin sensibilitate \u00eenalt\u0103 fa\u0163\u0103 de lumin\u0103 \u015fi sunete aceasta poate duce chiar \u015fi la apari\u0163ia convulsiilor.Mai apare frica fa\u0163\u0103 de ap\u0103 ,se observ\u0103 spasme musculare \u00een regiunea g\u00eetului atunci c\u00eend bolnavul vede orice lichid.Bolnavul poate avea halucina\u0163ii,nu arareori deliruri,apare agresia.La etapa final\u0103 a maladiei \u00een cauz\u0103 apare paralizia \u015fi apoi rezultatul fatal.Boala adeseori dureaz\u0103 \u00een jurul a cinci-opt zile.<\/li>\n","protected":false},"excerpt":{"rendered":"<p>Rabia este o boal\u0103 viral\u0103 infec\u0163ioas\u0103 acut\u0103 determinat\u0103 de virusul rabic din familia Rhabdoviridae care provoac\u0103 inflama\u0163ia creierului at\u00eet la oameni c\u00eet \u015fi la animale. Cazuele \u015fi modurile de infectare Acest virus poate p\u0103trunde \u00een organismul uman \u00een urma unei mu\u015fc\u0103turi de c\u0103tre un animal infectat .Virusul p\u0103trunde prin intermediul salivei animalelor infectate.Dup\u0103 ce a [&hellip;]<\/p>\n","protected":false},"author":28,"featured_media":0,"parent":43668,"menu_order":0,"comment_status":"closed","ping_status":"closed","template":"","meta":{"inline_featured_image":false,"footnotes":""},"class_list":["post-49850","page","type-page","status-publish"],"yoast_head":"<!-- This site is optimized with the Yoast SEO plugin v27.3 - https:\/\/yoast.com\/product\/yoast-seo-wordpress\/ -->\n<title>Rabia<\/title>\n<meta name=\"description\" content=\"Rabia este o boal\u0103 viral\u0103 infec\u0163ioas\u0103 acut\u0103 determinat\u0103 de virusul rabic din familia Rhabdoviridae care provoac\u0103 inflama\u0163ia creierului at\u00eet la oameni c\u00eet \u015fi la animale.\" \/>\n<meta name=\"robots\" content=\"index, follow, max-snippet:-1, max-image-preview:large, max-video-preview:-1\" \/>\n<link rel=\"canonical\" href=\"https:\/\/sanatate.md\/ro\/boli-si-tratament\/boli-infectioase\/rabia\/\" \/>\n<meta property=\"og:locale\" content=\"ro_RO\" \/>\n<meta property=\"og:type\" content=\"article\" \/>\n<meta property=\"og:title\" content=\"Rabia\" \/>\n<meta property=\"og:description\" content=\"Rabia este o boal\u0103 viral\u0103 infec\u0163ioas\u0103 acut\u0103 determinat\u0103 de virusul rabic din familia Rhabdoviridae care provoac\u0103 inflama\u0163ia creierului at\u00eet la oameni c\u00eet \u015fi la animale.\" \/>\n<meta property=\"og:url\" content=\"https:\/\/sanatate.md\/ro\/boli-si-tratament\/boli-infectioase\/rabia\/\" \/>\n<meta property=\"og:site_name\" content=\"Sanatate.md\" \/>\n<meta name=\"twitter:card\" content=\"summary_large_image\" \/>\n<meta name=\"twitter:label1\" content=\"Timp estimat pentru citire\" \/>\n\t<meta name=\"twitter:data1\" content=\"2 minute\" \/>\n<script type=\"application\/ld+json\" class=\"yoast-schema-graph\">{\"@context\":\"https:\\\/\\\/schema.org\",\"@graph\":[{\"@type\":\"WebPage\",\"@id\":\"https:\\\/\\\/sanatate.md\\\/ro\\\/boli-si-tratament\\\/boli-infectioase\\\/rabia\\\/\",\"url\":\"https:\\\/\\\/sanatate.md\\\/ro\\\/boli-si-tratament\\\/boli-infectioase\\\/rabia\\\/\",\"name\":\"Rabia\",\"isPartOf\":{\"@id\":\"https:\\\/\\\/sanatate.md\\\/ro\\\/#website\"},\"datePublished\":\"2018-01-16T10:30:11+00:00\",\"description\":\"Rabia este o boal\u0103 viral\u0103 infec\u0163ioas\u0103 acut\u0103 determinat\u0103 de virusul rabic din familia Rhabdoviridae care provoac\u0103 inflama\u0163ia creierului at\u00eet la oameni c\u00eet \u015fi la animale.\",\"breadcrumb\":{\"@id\":\"https:\\\/\\\/sanatate.md\\\/ro\\\/boli-si-tratament\\\/boli-infectioase\\\/rabia\\\/#breadcrumb\"},\"inLanguage\":\"ro-RO\",\"potentialAction\":[{\"@type\":\"ReadAction\",\"target\":[\"https:\\\/\\\/sanatate.md\\\/ro\\\/boli-si-tratament\\\/boli-infectioase\\\/rabia\\\/\"]}]},{\"@type\":\"BreadcrumbList\",\"@id\":\"https:\\\/\\\/sanatate.md\\\/ro\\\/boli-si-tratament\\\/boli-infectioase\\\/rabia\\\/#breadcrumb\",\"itemListElement\":[{\"@type\":\"ListItem\",\"position\":1,\"name\":\"\u0413\u043b\u0430\u0432\u043d\u0430\u044f \u0441\u0442\u0440\u0430\u043d\u0438\u0446\u0430\",\"item\":\"https:\\\/\\\/sanatate.md\\\/ro\\\/\"},{\"@type\":\"ListItem\",\"position\":2,\"name\":\"Boli si tratament\",\"item\":\"https:\\\/\\\/sanatate.md\\\/ro\\\/boli-si-tratament\\\/\"},{\"@type\":\"ListItem\",\"position\":3,\"name\":\"Boli infec\u021bioase\",\"item\":\"https:\\\/\\\/sanatate.md\\\/ro\\\/boli-si-tratament\\\/boli-infectioase\\\/\"},{\"@type\":\"ListItem\",\"position\":4,\"name\":\"Rabia\"}]},{\"@type\":\"WebSite\",\"@id\":\"https:\\\/\\\/sanatate.md\\\/ro\\\/#website\",\"url\":\"https:\\\/\\\/sanatate.md\\\/ro\\\/\",\"name\":\"Sanatate.md\",\"description\":\"\u0416\u0443\u0440\u043d\u0430\u043b \u0434\u043b\u044f \u0432\u0441\u0435\u0439 \u0441\u0435\u043c\u044c\u0438 \u0432 \u041c\u043e\u043b\u0434\u043e\u0432\u0435\",\"publisher\":{\"@id\":\"https:\\\/\\\/sanatate.md\\\/ro\\\/#organization\"},\"potentialAction\":[{\"@type\":\"SearchAction\",\"target\":{\"@type\":\"EntryPoint\",\"urlTemplate\":\"https:\\\/\\\/sanatate.md\\\/ro\\\/?s={search_term_string}\"},\"query-input\":{\"@type\":\"PropertyValueSpecification\",\"valueRequired\":true,\"valueName\":\"search_term_string\"}}],\"inLanguage\":\"ro-RO\"},{\"@type\":\"Organization\",\"@id\":\"https:\\\/\\\/sanatate.md\\\/ro\\\/#organization\",\"name\":\"SANATATE\",\"url\":\"https:\\\/\\\/sanatate.md\\\/ro\\\/\",\"logo\":{\"@type\":\"ImageObject\",\"inLanguage\":\"ro-RO\",\"@id\":\"https:\\\/\\\/sanatate.md\\\/ro\\\/#\\\/schema\\\/logo\\\/image\\\/\",\"url\":\"https:\\\/\\\/sanatate.md\\\/wp-content\\\/uploads\\\/2022\\\/01\\\/sanatate-logo.svg\",\"contentUrl\":\"https:\\\/\\\/sanatate.md\\\/wp-content\\\/uploads\\\/2022\\\/01\\\/sanatate-logo.svg\",\"width\":\"1024\",\"height\":\"1024\",\"caption\":\"SANATATE\"},\"image\":{\"@id\":\"https:\\\/\\\/sanatate.md\\\/ro\\\/#\\\/schema\\\/logo\\\/image\\\/\"}}]}<\/script>\n<!-- \/ Yoast SEO plugin. -->","yoast_head_json":{"title":"Rabia","description":"Rabia este o boal\u0103 viral\u0103 infec\u0163ioas\u0103 acut\u0103 determinat\u0103 de virusul rabic din familia Rhabdoviridae care provoac\u0103 inflama\u0163ia creierului at\u00eet la oameni c\u00eet \u015fi la animale.","robots":{"index":"index","follow":"follow","max-snippet":"max-snippet:-1","max-image-preview":"max-image-preview:large","max-video-preview":"max-video-preview:-1"},"canonical":"https:\/\/sanatate.md\/ro\/boli-si-tratament\/boli-infectioase\/rabia\/","og_locale":"ro_RO","og_type":"article","og_title":"Rabia","og_description":"Rabia este o boal\u0103 viral\u0103 infec\u0163ioas\u0103 acut\u0103 determinat\u0103 de virusul rabic din familia Rhabdoviridae care provoac\u0103 inflama\u0163ia creierului at\u00eet la oameni c\u00eet \u015fi la animale.","og_url":"https:\/\/sanatate.md\/ro\/boli-si-tratament\/boli-infectioase\/rabia\/","og_site_name":"Sanatate.md","twitter_card":"summary_large_image","twitter_misc":{"Timp estimat pentru citire":"2 minute"},"schema":{"@context":"https:\/\/schema.org","@graph":[{"@type":"WebPage","@id":"https:\/\/sanatate.md\/ro\/boli-si-tratament\/boli-infectioase\/rabia\/","url":"https:\/\/sanatate.md\/ro\/boli-si-tratament\/boli-infectioase\/rabia\/","name":"Rabia","isPartOf":{"@id":"https:\/\/sanatate.md\/ro\/#website"},"datePublished":"2018-01-16T10:30:11+00:00","description":"Rabia este o boal\u0103 viral\u0103 infec\u0163ioas\u0103 acut\u0103 determinat\u0103 de virusul rabic din familia Rhabdoviridae care provoac\u0103 inflama\u0163ia creierului at\u00eet la oameni c\u00eet \u015fi la animale.","breadcrumb":{"@id":"https:\/\/sanatate.md\/ro\/boli-si-tratament\/boli-infectioase\/rabia\/#breadcrumb"},"inLanguage":"ro-RO","potentialAction":[{"@type":"ReadAction","target":["https:\/\/sanatate.md\/ro\/boli-si-tratament\/boli-infectioase\/rabia\/"]}]},{"@type":"BreadcrumbList","@id":"https:\/\/sanatate.md\/ro\/boli-si-tratament\/boli-infectioase\/rabia\/#breadcrumb","itemListElement":[{"@type":"ListItem","position":1,"name":"\u0413\u043b\u0430\u0432\u043d\u0430\u044f \u0441\u0442\u0440\u0430\u043d\u0438\u0446\u0430","item":"https:\/\/sanatate.md\/ro\/"},{"@type":"ListItem","position":2,"name":"Boli si tratament","item":"https:\/\/sanatate.md\/ro\/boli-si-tratament\/"},{"@type":"ListItem","position":3,"name":"Boli infec\u021bioase","item":"https:\/\/sanatate.md\/ro\/boli-si-tratament\/boli-infectioase\/"},{"@type":"ListItem","position":4,"name":"Rabia"}]},{"@type":"WebSite","@id":"https:\/\/sanatate.md\/ro\/#website","url":"https:\/\/sanatate.md\/ro\/","name":"Sanatate.md","description":"\u0416\u0443\u0440\u043d\u0430\u043b \u0434\u043b\u044f \u0432\u0441\u0435\u0439 \u0441\u0435\u043c\u044c\u0438 \u0432 \u041c\u043e\u043b\u0434\u043e\u0432\u0435","publisher":{"@id":"https:\/\/sanatate.md\/ro\/#organization"},"potentialAction":[{"@type":"SearchAction","target":{"@type":"EntryPoint","urlTemplate":"https:\/\/sanatate.md\/ro\/?s={search_term_string}"},"query-input":{"@type":"PropertyValueSpecification","valueRequired":true,"valueName":"search_term_string"}}],"inLanguage":"ro-RO"},{"@type":"Organization","@id":"https:\/\/sanatate.md\/ro\/#organization","name":"SANATATE","url":"https:\/\/sanatate.md\/ro\/","logo":{"@type":"ImageObject","inLanguage":"ro-RO","@id":"https:\/\/sanatate.md\/ro\/#\/schema\/logo\/image\/","url":"https:\/\/sanatate.md\/wp-content\/uploads\/2022\/01\/sanatate-logo.svg","contentUrl":"https:\/\/sanatate.md\/wp-content\/uploads\/2022\/01\/sanatate-logo.svg","width":"1024","height":"1024","caption":"SANATATE"},"image":{"@id":"https:\/\/sanatate.md\/ro\/#\/schema\/logo\/image\/"}}]}},"_links":{"self":[{"href":"https:\/\/sanatate.md\/ro\/wp-json\/wp\/v2\/pages\/49850","targetHints":{"allow":["GET"]}}],"collection":[{"href":"https:\/\/sanatate.md\/ro\/wp-json\/wp\/v2\/pages"}],"about":[{"href":"https:\/\/sanatate.md\/ro\/wp-json\/wp\/v2\/types\/page"}],"author":[{"embeddable":true,"href":"https:\/\/sanatate.md\/ro\/wp-json\/wp\/v2\/users\/28"}],"replies":[{"embeddable":true,"href":"https:\/\/sanatate.md\/ro\/wp-json\/wp\/v2\/comments?post=49850"}],"version-history":[{"count":0,"href":"https:\/\/sanatate.md\/ro\/wp-json\/wp\/v2\/pages\/49850\/revisions"}],"up":[{"embeddable":true,"href":"https:\/\/sanatate.md\/ro\/wp-json\/wp\/v2\/pages\/43668"}],"wp:attachment":[{"href":"https:\/\/sanatate.md\/ro\/wp-json\/wp\/v2\/media?parent=49850"}],"curies":[{"name":"wp","href":"https:\/\/api.w.org\/{rel}","templated":true}]}}